{"id":12434,"date":"2023-08-29T21:37:44","date_gmt":"2023-08-29T18:37:45","guid":{"rendered":"https:\/\/masterchem.fi\/?post_type=product&#038;p=12434"},"modified":"2023-08-29T21:41:10","modified_gmt":"2023-08-29T18:41:10","slug":"pentaerytritol-cas-115-77-5","status":"publish","type":"product","link":"https:\/\/masterchem.fi\/sv\/produkt\/pentaerytritol-cas-115-77-5\/","title":{"rendered":"Pentaerytritol (CAS 115-77-5)"},"content":{"rendered":"<p>Branscher: Byggkemi<br \/>\nCAS-nummer: 115-77-5<br \/>\nWE-nummer: 204-104-9<br \/>\nKemisk formel: C5H12O4<br \/>\nMolmassa: 136,15 g\/mol<br \/>\nTulltaxekod: 29054200<br \/>\n<strong>Andra fysiska egenskaper<\/strong><br \/>\nSm\u00e4lt-\/fryspunkt: 262\u00b0C<br \/>\nKokpunkt\/intervall: 276\u00b0C<br \/>\nRelativ densitet: 1,37 g\/cm3 (20\u00b0C)<br \/>\nL\u00f6slighet i vatten: 62 g\/l (20\u00b0C )<\/p>\n","protected":false},"excerpt":{"rendered":"<p><strong>Pentaerytritol (CAS 115-77-5)<\/strong><\/p>\n<p><strong>Andra namn: <\/strong><\/p>\n<p>2,2-Bis(hydroximetyl)1,3-propandiol, Pentaerytritol, Hercules P 6, Monopentaerytritol, Tetrametylolmetan, THME, PETP, Pentaerythrite, Pentek, Hercules Aqualon f\u00f6rb\u00e4ttrad teknisk PE-200<\/p>\n<p>Pentaerytritol \u00e4r en organisk f\u00f6rening med formeln C(CH2OH)4. Klassificerad som en polyol \u00e4r det en vit fast substans. Pentaerytritol \u00e4r en byggsten f\u00f6r syntes och produktion av spr\u00e4ng\u00e4mnen, plaster, f\u00e4rger, apparater, kosmetika och m\u00e5nga andra kommersiella produkter.<\/p>\n<p>Ordet pentaerytritol \u00e4r en blandning av penta- med h\u00e4nvisning till dess 5 kolatomer och erytritol, som ocks\u00e5 har 4 alkoholgrupper.<\/p>\n","protected":false},"featured_media":12438,"template":"","meta":[],"product_brand":[],"product_cat":[112,116],"product_tag":[],"class_list":{"0":"post-12434","1":"product","2":"type-product","3":"status-publish","4":"has-post-thumbnail","6":"product_cat-byggbranschen","7":"product_cat-alla-produkter","9":"first","10":"outofstock","11":"taxable","12":"shipping-taxable","13":"purchasable","14":"product-type-variable","15":"has-default-attributes","16":"rtwpvg-product"},"yoast_head":"<!-- This site is optimized with the Yoast SEO plugin v27.2 - https:\/\/yoast.com\/product\/yoast-seo-wordpress\/ -->\n<title>Pentaerytritol (CAS 115-77-5) - MasterChem | kemikaalien tuotanto ja myynti<\/title>\n<meta name=\"description\" content=\"Pentaerytritol \u00e4r en organisk f\u00f6rening med formeln C(CH2OH)4. Klassificerad som en polyol \u00e4r det en vit fast substans.\" \/>\n<meta name=\"robots\" content=\"index, follow, max-snippet:-1, max-image-preview:large, max-video-preview:-1\" \/>\n<link rel=\"canonical\" href=\"https:\/\/masterchem.fi\/sv\/produkt\/pentaerytritol-cas-115-77-5\/\" \/>\n<meta property=\"og:locale\" content=\"sv_SE\" \/>\n<meta property=\"og:type\" content=\"article\" \/>\n<meta property=\"og:title\" content=\"Pentaerytritol (CAS 115-77-5) - MasterChem | kemikaalien tuotanto ja myynti\" \/>\n<meta property=\"og:description\" content=\"Pentaerytritol \u00e4r en organisk f\u00f6rening med formeln C(CH2OH)4. Klassificerad som en polyol \u00e4r det en vit fast substans.\" \/>\n<meta property=\"og:url\" content=\"https:\/\/masterchem.fi\/sv\/produkt\/pentaerytritol-cas-115-77-5\/\" \/>\n<meta property=\"og:site_name\" content=\"MasterChem | kemikaalien tuotanto ja myynti\" \/>\n<meta property=\"article:modified_time\" content=\"2023-08-29T18:41:10+00:00\" \/>\n<meta property=\"og:image\" content=\"https:\/\/masterchem.fi\/wp-content\/uploads\/2023\/08\/Pentaerutritool-25kg-MasterChem.jpg\" \/>\n\t<meta property=\"og:image:width\" content=\"1000\" \/>\n\t<meta property=\"og:image:height\" content=\"1000\" \/>\n\t<meta property=\"og:image:type\" content=\"image\/jpeg\" \/>\n<meta name=\"twitter:card\" content=\"summary_large_image\" \/>\n<script type=\"application\/ld+json\" class=\"yoast-schema-graph\">{\"@context\":\"https:\/\/schema.org\",\"@graph\":[{\"@type\":\"WebPage\",\"@id\":\"https:\/\/masterchem.fi\/sv\/produkt\/pentaerytritol-cas-115-77-5\/\",\"url\":\"https:\/\/masterchem.fi\/sv\/produkt\/pentaerytritol-cas-115-77-5\/\",\"name\":\"Pentaerytritol (CAS 115-77-5) - MasterChem | kemikaalien tuotanto ja myynti\",\"isPartOf\":{\"@id\":\"https:\/\/masterchem.fi\/sv\/#website\"},\"primaryImageOfPage\":{\"@id\":\"https:\/\/masterchem.fi\/sv\/produkt\/pentaerytritol-cas-115-77-5\/#primaryimage\"},\"image\":{\"@id\":\"https:\/\/masterchem.fi\/sv\/produkt\/pentaerytritol-cas-115-77-5\/#primaryimage\"},\"thumbnailUrl\":\"https:\/\/masterchem.fi\/wp-content\/uploads\/2023\/08\/Pentaerutritool-25kg-MasterChem.jpg\",\"datePublished\":\"2023-08-29T18:37:45+00:00\",\"dateModified\":\"2023-08-29T18:41:10+00:00\",\"description\":\"Pentaerytritol \u00e4r en organisk f\u00f6rening med formeln C(CH2OH)4. Klassificerad som en polyol \u00e4r det en vit fast substans.\",\"breadcrumb\":{\"@id\":\"https:\/\/masterchem.fi\/sv\/produkt\/pentaerytritol-cas-115-77-5\/#breadcrumb\"},\"inLanguage\":\"sv-SE\",\"potentialAction\":[{\"@type\":\"ReadAction\",\"target\":[\"https:\/\/masterchem.fi\/sv\/produkt\/pentaerytritol-cas-115-77-5\/\"]}]},{\"@type\":\"ImageObject\",\"inLanguage\":\"sv-SE\",\"@id\":\"https:\/\/masterchem.fi\/sv\/produkt\/pentaerytritol-cas-115-77-5\/#primaryimage\",\"url\":\"https:\/\/masterchem.fi\/wp-content\/uploads\/2023\/08\/Pentaerutritool-25kg-MasterChem.jpg\",\"contentUrl\":\"https:\/\/masterchem.fi\/wp-content\/uploads\/2023\/08\/Pentaerutritool-25kg-MasterChem.jpg\",\"width\":1000,\"height\":1000},{\"@type\":\"BreadcrumbList\",\"@id\":\"https:\/\/masterchem.fi\/sv\/produkt\/pentaerytritol-cas-115-77-5\/#breadcrumb\",\"itemListElement\":[{\"@type\":\"ListItem\",\"position\":1,\"name\":\"Home\",\"item\":\"https:\/\/masterchem.fi\/sv\/\"},{\"@type\":\"ListItem\",\"position\":2,\"name\":\"Butik\",\"item\":\"https:\/\/masterchem.fi\/sv\/butik\/\"},{\"@type\":\"ListItem\",\"position\":3,\"name\":\"Pentaerytritol (CAS 115-77-5)\"}]},{\"@type\":\"WebSite\",\"@id\":\"https:\/\/masterchem.fi\/sv\/#website\",\"url\":\"https:\/\/masterchem.fi\/sv\/\",\"name\":\"MasterChem | kemikaalien tuotanto ja myynti\",\"description\":\"kemikaalien tuotanto ja myynti\",\"potentialAction\":[{\"@type\":\"SearchAction\",\"target\":{\"@type\":\"EntryPoint\",\"urlTemplate\":\"https:\/\/masterchem.fi\/sv\/?s={search_term_string}\"},\"query-input\":{\"@type\":\"PropertyValueSpecification\",\"valueRequired\":true,\"valueName\":\"search_term_string\"}}],\"inLanguage\":\"sv-SE\"}]}<\/script>\n<!-- \/ Yoast SEO plugin. -->","yoast_head_json":{"title":"Pentaerytritol (CAS 115-77-5) - MasterChem | kemikaalien tuotanto ja myynti","description":"Pentaerytritol \u00e4r en organisk f\u00f6rening med formeln C(CH2OH)4. Klassificerad som en polyol \u00e4r det en vit fast substans.","robots":{"index":"index","follow":"follow","max-snippet":"max-snippet:-1","max-image-preview":"max-image-preview:large","max-video-preview":"max-video-preview:-1"},"canonical":"https:\/\/masterchem.fi\/sv\/produkt\/pentaerytritol-cas-115-77-5\/","og_locale":"sv_SE","og_type":"article","og_title":"Pentaerytritol (CAS 115-77-5) - MasterChem | kemikaalien tuotanto ja myynti","og_description":"Pentaerytritol \u00e4r en organisk f\u00f6rening med formeln C(CH2OH)4. Klassificerad som en polyol \u00e4r det en vit fast substans.","og_url":"https:\/\/masterchem.fi\/sv\/produkt\/pentaerytritol-cas-115-77-5\/","og_site_name":"MasterChem | kemikaalien tuotanto ja myynti","article_modified_time":"2023-08-29T18:41:10+00:00","og_image":[{"width":1000,"height":1000,"url":"https:\/\/masterchem.fi\/wp-content\/uploads\/2023\/08\/Pentaerutritool-25kg-MasterChem.jpg","type":"image\/jpeg"}],"twitter_card":"summary_large_image","schema":{"@context":"https:\/\/schema.org","@graph":[{"@type":"WebPage","@id":"https:\/\/masterchem.fi\/sv\/produkt\/pentaerytritol-cas-115-77-5\/","url":"https:\/\/masterchem.fi\/sv\/produkt\/pentaerytritol-cas-115-77-5\/","name":"Pentaerytritol (CAS 115-77-5) - MasterChem | kemikaalien tuotanto ja myynti","isPartOf":{"@id":"https:\/\/masterchem.fi\/sv\/#website"},"primaryImageOfPage":{"@id":"https:\/\/masterchem.fi\/sv\/produkt\/pentaerytritol-cas-115-77-5\/#primaryimage"},"image":{"@id":"https:\/\/masterchem.fi\/sv\/produkt\/pentaerytritol-cas-115-77-5\/#primaryimage"},"thumbnailUrl":"https:\/\/masterchem.fi\/wp-content\/uploads\/2023\/08\/Pentaerutritool-25kg-MasterChem.jpg","datePublished":"2023-08-29T18:37:45+00:00","dateModified":"2023-08-29T18:41:10+00:00","description":"Pentaerytritol \u00e4r en organisk f\u00f6rening med formeln C(CH2OH)4. Klassificerad som en polyol \u00e4r det en vit fast substans.","breadcrumb":{"@id":"https:\/\/masterchem.fi\/sv\/produkt\/pentaerytritol-cas-115-77-5\/#breadcrumb"},"inLanguage":"sv-SE","potentialAction":[{"@type":"ReadAction","target":["https:\/\/masterchem.fi\/sv\/produkt\/pentaerytritol-cas-115-77-5\/"]}]},{"@type":"ImageObject","inLanguage":"sv-SE","@id":"https:\/\/masterchem.fi\/sv\/produkt\/pentaerytritol-cas-115-77-5\/#primaryimage","url":"https:\/\/masterchem.fi\/wp-content\/uploads\/2023\/08\/Pentaerutritool-25kg-MasterChem.jpg","contentUrl":"https:\/\/masterchem.fi\/wp-content\/uploads\/2023\/08\/Pentaerutritool-25kg-MasterChem.jpg","width":1000,"height":1000},{"@type":"BreadcrumbList","@id":"https:\/\/masterchem.fi\/sv\/produkt\/pentaerytritol-cas-115-77-5\/#breadcrumb","itemListElement":[{"@type":"ListItem","position":1,"name":"Home","item":"https:\/\/masterchem.fi\/sv\/"},{"@type":"ListItem","position":2,"name":"Butik","item":"https:\/\/masterchem.fi\/sv\/butik\/"},{"@type":"ListItem","position":3,"name":"Pentaerytritol (CAS 115-77-5)"}]},{"@type":"WebSite","@id":"https:\/\/masterchem.fi\/sv\/#website","url":"https:\/\/masterchem.fi\/sv\/","name":"MasterChem | kemikaalien tuotanto ja myynti","description":"kemikaalien tuotanto ja myynti","potentialAction":[{"@type":"SearchAction","target":{"@type":"EntryPoint","urlTemplate":"https:\/\/masterchem.fi\/sv\/?s={search_term_string}"},"query-input":{"@type":"PropertyValueSpecification","valueRequired":true,"valueName":"search_term_string"}}],"inLanguage":"sv-SE"}]}},"_links":{"self":[{"href":"https:\/\/masterchem.fi\/sv\/wp-json\/wp\/v2\/product\/12434","targetHints":{"allow":["GET"]}}],"collection":[{"href":"https:\/\/masterchem.fi\/sv\/wp-json\/wp\/v2\/product"}],"about":[{"href":"https:\/\/masterchem.fi\/sv\/wp-json\/wp\/v2\/types\/product"}],"wp:featuredmedia":[{"embeddable":true,"href":"https:\/\/masterchem.fi\/sv\/wp-json\/wp\/v2\/media\/12438"}],"wp:attachment":[{"href":"https:\/\/masterchem.fi\/sv\/wp-json\/wp\/v2\/media?parent=12434"}],"wp:term":[{"taxonomy":"product_brand","embeddable":true,"href":"https:\/\/masterchem.fi\/sv\/wp-json\/wp\/v2\/product_brand?post=12434"},{"taxonomy":"product_cat","embeddable":true,"href":"https:\/\/masterchem.fi\/sv\/wp-json\/wp\/v2\/product_cat?post=12434"},{"taxonomy":"product_tag","embeddable":true,"href":"https:\/\/masterchem.fi\/sv\/wp-json\/wp\/v2\/product_tag?post=12434"}],"curies":[{"name":"wp","href":"https:\/\/api.w.org\/{rel}","templated":true}]}}