{"id":12448,"date":"2023-09-04T22:13:18","date_gmt":"2023-09-04T19:13:20","guid":{"rendered":"https:\/\/masterchem.fi\/?post_type=product&#038;p=12448"},"modified":"2023-09-04T22:17:25","modified_gmt":"2023-09-04T19:17:25","slug":"dl-metionin-cas-59-51-8","status":"publish","type":"product","link":"https:\/\/masterchem.fi\/sv\/produkt\/dl-metionin-cas-59-51-8\/","title":{"rendered":"Dl-metionin (CAS 59-51-8)"},"content":{"rendered":"<p>Branscher: L\u00e4kemedelsindustrin<br \/>\nSammans\u00e4ttning: Aminosyror<br \/>\nCAS-nummer: 59-51-8<br \/>\nWE-nummer: 200-432-1<br \/>\nKemisk formel: C5H11NO2S<br \/>\nMolvikt: 149,2 g\/mol<br \/>\nTulltaxekod: 29304090<br \/>\n<strong>Andra fysiska egenskaper<\/strong><br \/>\npH: 5,2 \u2013 6,1 (1%)<br \/>\nSm\u00e4lt-\/fryspunkt: 283\u00b0C<br \/>\nRelativ densitet: 1,32 g\/cm3<br \/>\nL\u00f6slighet i vatten: 31,6 g\/l (20\u00b0C)<\/p>\n","protected":false},"excerpt":{"rendered":"<p><strong>Dl-metionin (CAS 59-51-8)<\/strong><\/p>\n<p>DL-metionin \u00e4r en essentiell aminosyra som inneh\u00e5ller svavel. Metionin best\u00e5r av ett asymmetriskt kol och existerar som optiska D (dextrogyre) och L (levogyre) isomerer. L-metionin anses vara biologiskt aktivt. Den racemiska blandningen av D- och L-isomerer bildar DL-metionin, som \u00e4r det kommersiellt tillg\u00e4ngliga metioninet.<\/p>\n<p>DL-metionin har anv\u00e4nts f\u00f6r att studera dess effekt p\u00e5 tillv\u00e4xten och foderutnyttjandet av Nile tilapia. Det har ocks\u00e5 anv\u00e4nts som en del av standarddieten i djurmodeller.<\/p>\n","protected":false},"featured_media":12452,"template":"","meta":[],"product_brand":[],"product_cat":[106,116],"product_tag":[],"class_list":{"0":"post-12448","1":"product","2":"type-product","3":"status-publish","4":"has-post-thumbnail","6":"product_cat-lakemedelsindustri","7":"product_cat-alla-produkter","9":"first","10":"outofstock","11":"taxable","12":"shipping-taxable","13":"purchasable","14":"product-type-variable","15":"has-default-attributes","16":"rtwpvg-product"},"yoast_head":"<!-- This site is optimized with the Yoast SEO plugin v27.2 - https:\/\/yoast.com\/product\/yoast-seo-wordpress\/ -->\n<title>Dl-metionin (CAS 59-51-8) - MasterChem | kemikaalien tuotanto ja myynti<\/title>\n<meta name=\"description\" content=\"DL-metionin \u00e4r en essentiell aminosyra som inneh\u00e5ller svavel. Metionin best\u00e5r av ett asymmetriskt kol och existerar som optiska D (dextrogyre) och L (levogyre) isomerer.\" \/>\n<meta name=\"robots\" content=\"index, follow, max-snippet:-1, max-image-preview:large, max-video-preview:-1\" \/>\n<link rel=\"canonical\" href=\"https:\/\/masterchem.fi\/sv\/produkt\/dl-metionin-cas-59-51-8\/\" \/>\n<meta property=\"og:locale\" content=\"sv_SE\" \/>\n<meta property=\"og:type\" content=\"article\" \/>\n<meta property=\"og:title\" content=\"Dl-metionin (CAS 59-51-8) - MasterChem | kemikaalien tuotanto ja myynti\" \/>\n<meta property=\"og:description\" content=\"DL-metionin \u00e4r en essentiell aminosyra som inneh\u00e5ller svavel. Metionin best\u00e5r av ett asymmetriskt kol och existerar som optiska D (dextrogyre) och L (levogyre) isomerer.\" \/>\n<meta property=\"og:url\" content=\"https:\/\/masterchem.fi\/sv\/produkt\/dl-metionin-cas-59-51-8\/\" \/>\n<meta property=\"og:site_name\" content=\"MasterChem | kemikaalien tuotanto ja myynti\" \/>\n<meta property=\"article:modified_time\" content=\"2023-09-04T19:17:25+00:00\" \/>\n<meta property=\"og:image\" content=\"https:\/\/masterchem.fi\/wp-content\/uploads\/2023\/09\/Dl-metioniin-25kg-MasterChem.jpg\" \/>\n\t<meta property=\"og:image:width\" content=\"1000\" \/>\n\t<meta property=\"og:image:height\" content=\"1000\" \/>\n\t<meta property=\"og:image:type\" content=\"image\/jpeg\" \/>\n<meta name=\"twitter:card\" content=\"summary_large_image\" \/>\n<script type=\"application\/ld+json\" class=\"yoast-schema-graph\">{\"@context\":\"https:\/\/schema.org\",\"@graph\":[{\"@type\":\"WebPage\",\"@id\":\"https:\/\/masterchem.fi\/sv\/produkt\/dl-metionin-cas-59-51-8\/\",\"url\":\"https:\/\/masterchem.fi\/sv\/produkt\/dl-metionin-cas-59-51-8\/\",\"name\":\"Dl-metionin (CAS 59-51-8) - MasterChem | kemikaalien tuotanto ja myynti\",\"isPartOf\":{\"@id\":\"https:\/\/masterchem.fi\/sv\/#website\"},\"primaryImageOfPage\":{\"@id\":\"https:\/\/masterchem.fi\/sv\/produkt\/dl-metionin-cas-59-51-8\/#primaryimage\"},\"image\":{\"@id\":\"https:\/\/masterchem.fi\/sv\/produkt\/dl-metionin-cas-59-51-8\/#primaryimage\"},\"thumbnailUrl\":\"https:\/\/masterchem.fi\/wp-content\/uploads\/2023\/09\/Dl-metioniin-25kg-MasterChem.jpg\",\"datePublished\":\"2023-09-04T19:13:20+00:00\",\"dateModified\":\"2023-09-04T19:17:25+00:00\",\"description\":\"DL-metionin \u00e4r en essentiell aminosyra som inneh\u00e5ller svavel. Metionin best\u00e5r av ett asymmetriskt kol och existerar som optiska D (dextrogyre) och L (levogyre) isomerer.\",\"breadcrumb\":{\"@id\":\"https:\/\/masterchem.fi\/sv\/produkt\/dl-metionin-cas-59-51-8\/#breadcrumb\"},\"inLanguage\":\"sv-SE\",\"potentialAction\":[{\"@type\":\"ReadAction\",\"target\":[\"https:\/\/masterchem.fi\/sv\/produkt\/dl-metionin-cas-59-51-8\/\"]}]},{\"@type\":\"ImageObject\",\"inLanguage\":\"sv-SE\",\"@id\":\"https:\/\/masterchem.fi\/sv\/produkt\/dl-metionin-cas-59-51-8\/#primaryimage\",\"url\":\"https:\/\/masterchem.fi\/wp-content\/uploads\/2023\/09\/Dl-metioniin-25kg-MasterChem.jpg\",\"contentUrl\":\"https:\/\/masterchem.fi\/wp-content\/uploads\/2023\/09\/Dl-metioniin-25kg-MasterChem.jpg\",\"width\":1000,\"height\":1000},{\"@type\":\"BreadcrumbList\",\"@id\":\"https:\/\/masterchem.fi\/sv\/produkt\/dl-metionin-cas-59-51-8\/#breadcrumb\",\"itemListElement\":[{\"@type\":\"ListItem\",\"position\":1,\"name\":\"Home\",\"item\":\"https:\/\/masterchem.fi\/sv\/\"},{\"@type\":\"ListItem\",\"position\":2,\"name\":\"Butik\",\"item\":\"https:\/\/masterchem.fi\/sv\/butik\/\"},{\"@type\":\"ListItem\",\"position\":3,\"name\":\"Dl-metionin (CAS 59-51-8)\"}]},{\"@type\":\"WebSite\",\"@id\":\"https:\/\/masterchem.fi\/sv\/#website\",\"url\":\"https:\/\/masterchem.fi\/sv\/\",\"name\":\"MasterChem | kemikaalien tuotanto ja myynti\",\"description\":\"kemikaalien tuotanto ja myynti\",\"potentialAction\":[{\"@type\":\"SearchAction\",\"target\":{\"@type\":\"EntryPoint\",\"urlTemplate\":\"https:\/\/masterchem.fi\/sv\/?s={search_term_string}\"},\"query-input\":{\"@type\":\"PropertyValueSpecification\",\"valueRequired\":true,\"valueName\":\"search_term_string\"}}],\"inLanguage\":\"sv-SE\"}]}<\/script>\n<!-- \/ Yoast SEO plugin. -->","yoast_head_json":{"title":"Dl-metionin (CAS 59-51-8) - MasterChem | kemikaalien tuotanto ja myynti","description":"DL-metionin \u00e4r en essentiell aminosyra som inneh\u00e5ller svavel. Metionin best\u00e5r av ett asymmetriskt kol och existerar som optiska D (dextrogyre) och L (levogyre) isomerer.","robots":{"index":"index","follow":"follow","max-snippet":"max-snippet:-1","max-image-preview":"max-image-preview:large","max-video-preview":"max-video-preview:-1"},"canonical":"https:\/\/masterchem.fi\/sv\/produkt\/dl-metionin-cas-59-51-8\/","og_locale":"sv_SE","og_type":"article","og_title":"Dl-metionin (CAS 59-51-8) - MasterChem | kemikaalien tuotanto ja myynti","og_description":"DL-metionin \u00e4r en essentiell aminosyra som inneh\u00e5ller svavel. Metionin best\u00e5r av ett asymmetriskt kol och existerar som optiska D (dextrogyre) och L (levogyre) isomerer.","og_url":"https:\/\/masterchem.fi\/sv\/produkt\/dl-metionin-cas-59-51-8\/","og_site_name":"MasterChem | kemikaalien tuotanto ja myynti","article_modified_time":"2023-09-04T19:17:25+00:00","og_image":[{"width":1000,"height":1000,"url":"https:\/\/masterchem.fi\/wp-content\/uploads\/2023\/09\/Dl-metioniin-25kg-MasterChem.jpg","type":"image\/jpeg"}],"twitter_card":"summary_large_image","schema":{"@context":"https:\/\/schema.org","@graph":[{"@type":"WebPage","@id":"https:\/\/masterchem.fi\/sv\/produkt\/dl-metionin-cas-59-51-8\/","url":"https:\/\/masterchem.fi\/sv\/produkt\/dl-metionin-cas-59-51-8\/","name":"Dl-metionin (CAS 59-51-8) - MasterChem | kemikaalien tuotanto ja myynti","isPartOf":{"@id":"https:\/\/masterchem.fi\/sv\/#website"},"primaryImageOfPage":{"@id":"https:\/\/masterchem.fi\/sv\/produkt\/dl-metionin-cas-59-51-8\/#primaryimage"},"image":{"@id":"https:\/\/masterchem.fi\/sv\/produkt\/dl-metionin-cas-59-51-8\/#primaryimage"},"thumbnailUrl":"https:\/\/masterchem.fi\/wp-content\/uploads\/2023\/09\/Dl-metioniin-25kg-MasterChem.jpg","datePublished":"2023-09-04T19:13:20+00:00","dateModified":"2023-09-04T19:17:25+00:00","description":"DL-metionin \u00e4r en essentiell aminosyra som inneh\u00e5ller svavel. Metionin best\u00e5r av ett asymmetriskt kol och existerar som optiska D (dextrogyre) och L (levogyre) isomerer.","breadcrumb":{"@id":"https:\/\/masterchem.fi\/sv\/produkt\/dl-metionin-cas-59-51-8\/#breadcrumb"},"inLanguage":"sv-SE","potentialAction":[{"@type":"ReadAction","target":["https:\/\/masterchem.fi\/sv\/produkt\/dl-metionin-cas-59-51-8\/"]}]},{"@type":"ImageObject","inLanguage":"sv-SE","@id":"https:\/\/masterchem.fi\/sv\/produkt\/dl-metionin-cas-59-51-8\/#primaryimage","url":"https:\/\/masterchem.fi\/wp-content\/uploads\/2023\/09\/Dl-metioniin-25kg-MasterChem.jpg","contentUrl":"https:\/\/masterchem.fi\/wp-content\/uploads\/2023\/09\/Dl-metioniin-25kg-MasterChem.jpg","width":1000,"height":1000},{"@type":"BreadcrumbList","@id":"https:\/\/masterchem.fi\/sv\/produkt\/dl-metionin-cas-59-51-8\/#breadcrumb","itemListElement":[{"@type":"ListItem","position":1,"name":"Home","item":"https:\/\/masterchem.fi\/sv\/"},{"@type":"ListItem","position":2,"name":"Butik","item":"https:\/\/masterchem.fi\/sv\/butik\/"},{"@type":"ListItem","position":3,"name":"Dl-metionin (CAS 59-51-8)"}]},{"@type":"WebSite","@id":"https:\/\/masterchem.fi\/sv\/#website","url":"https:\/\/masterchem.fi\/sv\/","name":"MasterChem | kemikaalien tuotanto ja myynti","description":"kemikaalien tuotanto ja myynti","potentialAction":[{"@type":"SearchAction","target":{"@type":"EntryPoint","urlTemplate":"https:\/\/masterchem.fi\/sv\/?s={search_term_string}"},"query-input":{"@type":"PropertyValueSpecification","valueRequired":true,"valueName":"search_term_string"}}],"inLanguage":"sv-SE"}]}},"_links":{"self":[{"href":"https:\/\/masterchem.fi\/sv\/wp-json\/wp\/v2\/product\/12448","targetHints":{"allow":["GET"]}}],"collection":[{"href":"https:\/\/masterchem.fi\/sv\/wp-json\/wp\/v2\/product"}],"about":[{"href":"https:\/\/masterchem.fi\/sv\/wp-json\/wp\/v2\/types\/product"}],"wp:featuredmedia":[{"embeddable":true,"href":"https:\/\/masterchem.fi\/sv\/wp-json\/wp\/v2\/media\/12452"}],"wp:attachment":[{"href":"https:\/\/masterchem.fi\/sv\/wp-json\/wp\/v2\/media?parent=12448"}],"wp:term":[{"taxonomy":"product_brand","embeddable":true,"href":"https:\/\/masterchem.fi\/sv\/wp-json\/wp\/v2\/product_brand?post=12448"},{"taxonomy":"product_cat","embeddable":true,"href":"https:\/\/masterchem.fi\/sv\/wp-json\/wp\/v2\/product_cat?post=12448"},{"taxonomy":"product_tag","embeddable":true,"href":"https:\/\/masterchem.fi\/sv\/wp-json\/wp\/v2\/product_tag?post=12448"}],"curies":[{"name":"wp","href":"https:\/\/api.w.org\/{rel}","templated":true}]}}