{"id":12460,"date":"2023-09-10T16:54:25","date_gmt":"2023-09-10T13:54:26","guid":{"rendered":"https:\/\/masterchem.fi\/?post_type=product&#038;p=12460"},"modified":"2023-09-10T16:58:27","modified_gmt":"2023-09-10T13:58:27","slug":"isopropanolamin-cas-75-31-0","status":"publish","type":"product","link":"https:\/\/masterchem.fi\/sv\/produkt\/isopropanolamin-cas-75-31-0\/","title":{"rendered":"Isopropanolamin (CAS 75-31-0)"},"content":{"rendered":"<p><strong>Information<\/strong><br \/>\nBranscher: Lim, oljor, fetter<br \/>\nSammans\u00e4ttning: Aminer<br \/>\nCAS-nummer: 75-31-0<br \/>\nWE-nummer: 200-860-9<br \/>\nKemisk formel: C3H9N<br \/>\nTulltaxekod: 29211999<br \/>\nADR: UN1221<br \/>\n<strong>Andra fysiska egenskaper<\/strong><br \/>\npH: 13<br \/>\nSm\u00e4lt-\/fryspunkt: <-90\u00b0C\nKokpunkt\/intervall: 32\u00b0C\nRelativ densitet: 0,6871 g\/cm3 (20\u00b0C)\n<\/p>\n","protected":false},"excerpt":{"rendered":"<p><strong>Isopropanolamin (CAS 75-31-0)<\/strong><\/p>\n<p>1-Aminopropan-2-ol \u00e4r den organiska f\u00f6reningen med formeln CH3CH(OH)CH2NH2. Det \u00e4r en aminoalkohol. Termen isopropanolamin kan ocks\u00e5 h\u00e4nvisa mer allm\u00e4nt till de ytterligare homologerna diisopropanolamin (DIPA) och triisopropanolamin (TIPA).<\/p>\n<p>1-aminopropan-2-ol \u00e4r kiralt. Den kan framst\u00e4llas genom tillsats av vattenhaltig ammoniak till propylenoxid.<\/p>\n<p>Isopropanolaminerna anv\u00e4nds som buffertar. De \u00e4r bra solubiliserare av olja och fett, s\u00e5 de anv\u00e4nds f\u00f6r att neutralisera fettsyror och sulfonsyrabaserade ytaktiva \u00e4mnen. Racemisk 1-aminopropan-2-ol anv\u00e4nds vanligtvis i metallbearbetningsv\u00e4tskor, vattenburna bel\u00e4ggningar, produkter f\u00f6r personlig v\u00e5rd och vid produktion av titandioxid och polyuretaner. Det \u00e4r en mellanprodukt i syntesen av en m\u00e4ngd olika farmaceutiska l\u00e4kemedel<\/p>\n","protected":false},"featured_media":12465,"template":"","meta":[],"product_brand":[],"product_cat":[116],"product_tag":[],"class_list":{"0":"post-12460","1":"product","2":"type-product","3":"status-publish","4":"has-post-thumbnail","6":"product_cat-alla-produkter","8":"first","9":"outofstock","10":"featured","11":"taxable","12":"shipping-taxable","13":"purchasable","14":"product-type-variable","15":"has-default-attributes","16":"rtwpvg-product"},"yoast_head":"<!-- This site is optimized with the Yoast SEO plugin v27.2 - https:\/\/yoast.com\/product\/yoast-seo-wordpress\/ -->\n<title>Isopropanolamin (CAS 75-31-0) - MasterChem | kemikaalien tuotanto ja myynti<\/title>\n<meta name=\"description\" content=\"1-Aminopropan-2-ol \u00e4r den organiska f\u00f6reningen med formeln CH3CH(OH)CH2NH2. Det \u00e4r en aminoalkohol. Termen isopropanolamin kan ocks\u00e5 h\u00e4nvisa mer allm\u00e4nt till de ytterligare homologerna diisopropanolamin (DIPA) och triisopropanolamin (TIPA).\" \/>\n<meta name=\"robots\" content=\"index, follow, max-snippet:-1, max-image-preview:large, max-video-preview:-1\" \/>\n<link rel=\"canonical\" href=\"https:\/\/masterchem.fi\/sv\/produkt\/isopropanolamin-cas-75-31-0\/\" \/>\n<meta property=\"og:locale\" content=\"sv_SE\" \/>\n<meta property=\"og:type\" content=\"article\" \/>\n<meta property=\"og:title\" content=\"Isopropanolamin (CAS 75-31-0) - MasterChem | kemikaalien tuotanto ja myynti\" \/>\n<meta property=\"og:description\" content=\"1-Aminopropan-2-ol \u00e4r den organiska f\u00f6reningen med formeln CH3CH(OH)CH2NH2. Det \u00e4r en aminoalkohol. Termen isopropanolamin kan ocks\u00e5 h\u00e4nvisa mer allm\u00e4nt till de ytterligare homologerna diisopropanolamin (DIPA) och triisopropanolamin (TIPA).\" \/>\n<meta property=\"og:url\" content=\"https:\/\/masterchem.fi\/sv\/produkt\/isopropanolamin-cas-75-31-0\/\" \/>\n<meta property=\"og:site_name\" content=\"MasterChem | kemikaalien tuotanto ja myynti\" \/>\n<meta property=\"article:modified_time\" content=\"2023-09-10T13:58:27+00:00\" \/>\n<meta property=\"og:image\" content=\"https:\/\/masterchem.fi\/wp-content\/uploads\/2023\/09\/Isopropanoolamiin-1000l-MaterChem.jpg\" \/>\n\t<meta property=\"og:image:width\" content=\"1000\" \/>\n\t<meta property=\"og:image:height\" content=\"1000\" \/>\n\t<meta property=\"og:image:type\" content=\"image\/jpeg\" \/>\n<meta name=\"twitter:card\" content=\"summary_large_image\" \/>\n<script type=\"application\/ld+json\" class=\"yoast-schema-graph\">{\"@context\":\"https:\/\/schema.org\",\"@graph\":[{\"@type\":\"WebPage\",\"@id\":\"https:\/\/masterchem.fi\/sv\/produkt\/isopropanolamin-cas-75-31-0\/\",\"url\":\"https:\/\/masterchem.fi\/sv\/produkt\/isopropanolamin-cas-75-31-0\/\",\"name\":\"Isopropanolamin (CAS 75-31-0) - MasterChem | kemikaalien tuotanto ja myynti\",\"isPartOf\":{\"@id\":\"https:\/\/masterchem.fi\/sv\/#website\"},\"primaryImageOfPage\":{\"@id\":\"https:\/\/masterchem.fi\/sv\/produkt\/isopropanolamin-cas-75-31-0\/#primaryimage\"},\"image\":{\"@id\":\"https:\/\/masterchem.fi\/sv\/produkt\/isopropanolamin-cas-75-31-0\/#primaryimage\"},\"thumbnailUrl\":\"https:\/\/masterchem.fi\/wp-content\/uploads\/2023\/09\/Isopropanoolamiin-1000l-MaterChem.jpg\",\"datePublished\":\"2023-09-10T13:54:26+00:00\",\"dateModified\":\"2023-09-10T13:58:27+00:00\",\"description\":\"1-Aminopropan-2-ol \u00e4r den organiska f\u00f6reningen med formeln CH3CH(OH)CH2NH2. Det \u00e4r en aminoalkohol. Termen isopropanolamin kan ocks\u00e5 h\u00e4nvisa mer allm\u00e4nt till de ytterligare homologerna diisopropanolamin (DIPA) och triisopropanolamin (TIPA).\",\"breadcrumb\":{\"@id\":\"https:\/\/masterchem.fi\/sv\/produkt\/isopropanolamin-cas-75-31-0\/#breadcrumb\"},\"inLanguage\":\"sv-SE\",\"potentialAction\":[{\"@type\":\"ReadAction\",\"target\":[\"https:\/\/masterchem.fi\/sv\/produkt\/isopropanolamin-cas-75-31-0\/\"]}]},{\"@type\":\"ImageObject\",\"inLanguage\":\"sv-SE\",\"@id\":\"https:\/\/masterchem.fi\/sv\/produkt\/isopropanolamin-cas-75-31-0\/#primaryimage\",\"url\":\"https:\/\/masterchem.fi\/wp-content\/uploads\/2023\/09\/Isopropanoolamiin-1000l-MaterChem.jpg\",\"contentUrl\":\"https:\/\/masterchem.fi\/wp-content\/uploads\/2023\/09\/Isopropanoolamiin-1000l-MaterChem.jpg\",\"width\":1000,\"height\":1000},{\"@type\":\"BreadcrumbList\",\"@id\":\"https:\/\/masterchem.fi\/sv\/produkt\/isopropanolamin-cas-75-31-0\/#breadcrumb\",\"itemListElement\":[{\"@type\":\"ListItem\",\"position\":1,\"name\":\"Home\",\"item\":\"https:\/\/masterchem.fi\/sv\/\"},{\"@type\":\"ListItem\",\"position\":2,\"name\":\"Butik\",\"item\":\"https:\/\/masterchem.fi\/sv\/butik\/\"},{\"@type\":\"ListItem\",\"position\":3,\"name\":\"Isopropanolamin (CAS 75-31-0)\"}]},{\"@type\":\"WebSite\",\"@id\":\"https:\/\/masterchem.fi\/sv\/#website\",\"url\":\"https:\/\/masterchem.fi\/sv\/\",\"name\":\"MasterChem | kemikaalien tuotanto ja myynti\",\"description\":\"kemikaalien tuotanto ja myynti\",\"potentialAction\":[{\"@type\":\"SearchAction\",\"target\":{\"@type\":\"EntryPoint\",\"urlTemplate\":\"https:\/\/masterchem.fi\/sv\/?s={search_term_string}\"},\"query-input\":{\"@type\":\"PropertyValueSpecification\",\"valueRequired\":true,\"valueName\":\"search_term_string\"}}],\"inLanguage\":\"sv-SE\"}]}<\/script>\n<!-- \/ Yoast SEO plugin. -->","yoast_head_json":{"title":"Isopropanolamin (CAS 75-31-0) - MasterChem | kemikaalien tuotanto ja myynti","description":"1-Aminopropan-2-ol \u00e4r den organiska f\u00f6reningen med formeln CH3CH(OH)CH2NH2. Det \u00e4r en aminoalkohol. Termen isopropanolamin kan ocks\u00e5 h\u00e4nvisa mer allm\u00e4nt till de ytterligare homologerna diisopropanolamin (DIPA) och triisopropanolamin (TIPA).","robots":{"index":"index","follow":"follow","max-snippet":"max-snippet:-1","max-image-preview":"max-image-preview:large","max-video-preview":"max-video-preview:-1"},"canonical":"https:\/\/masterchem.fi\/sv\/produkt\/isopropanolamin-cas-75-31-0\/","og_locale":"sv_SE","og_type":"article","og_title":"Isopropanolamin (CAS 75-31-0) - MasterChem | kemikaalien tuotanto ja myynti","og_description":"1-Aminopropan-2-ol \u00e4r den organiska f\u00f6reningen med formeln CH3CH(OH)CH2NH2. Det \u00e4r en aminoalkohol. Termen isopropanolamin kan ocks\u00e5 h\u00e4nvisa mer allm\u00e4nt till de ytterligare homologerna diisopropanolamin (DIPA) och triisopropanolamin (TIPA).","og_url":"https:\/\/masterchem.fi\/sv\/produkt\/isopropanolamin-cas-75-31-0\/","og_site_name":"MasterChem | kemikaalien tuotanto ja myynti","article_modified_time":"2023-09-10T13:58:27+00:00","og_image":[{"width":1000,"height":1000,"url":"https:\/\/masterchem.fi\/wp-content\/uploads\/2023\/09\/Isopropanoolamiin-1000l-MaterChem.jpg","type":"image\/jpeg"}],"twitter_card":"summary_large_image","schema":{"@context":"https:\/\/schema.org","@graph":[{"@type":"WebPage","@id":"https:\/\/masterchem.fi\/sv\/produkt\/isopropanolamin-cas-75-31-0\/","url":"https:\/\/masterchem.fi\/sv\/produkt\/isopropanolamin-cas-75-31-0\/","name":"Isopropanolamin (CAS 75-31-0) - MasterChem | kemikaalien tuotanto ja myynti","isPartOf":{"@id":"https:\/\/masterchem.fi\/sv\/#website"},"primaryImageOfPage":{"@id":"https:\/\/masterchem.fi\/sv\/produkt\/isopropanolamin-cas-75-31-0\/#primaryimage"},"image":{"@id":"https:\/\/masterchem.fi\/sv\/produkt\/isopropanolamin-cas-75-31-0\/#primaryimage"},"thumbnailUrl":"https:\/\/masterchem.fi\/wp-content\/uploads\/2023\/09\/Isopropanoolamiin-1000l-MaterChem.jpg","datePublished":"2023-09-10T13:54:26+00:00","dateModified":"2023-09-10T13:58:27+00:00","description":"1-Aminopropan-2-ol \u00e4r den organiska f\u00f6reningen med formeln CH3CH(OH)CH2NH2. Det \u00e4r en aminoalkohol. Termen isopropanolamin kan ocks\u00e5 h\u00e4nvisa mer allm\u00e4nt till de ytterligare homologerna diisopropanolamin (DIPA) och triisopropanolamin (TIPA).","breadcrumb":{"@id":"https:\/\/masterchem.fi\/sv\/produkt\/isopropanolamin-cas-75-31-0\/#breadcrumb"},"inLanguage":"sv-SE","potentialAction":[{"@type":"ReadAction","target":["https:\/\/masterchem.fi\/sv\/produkt\/isopropanolamin-cas-75-31-0\/"]}]},{"@type":"ImageObject","inLanguage":"sv-SE","@id":"https:\/\/masterchem.fi\/sv\/produkt\/isopropanolamin-cas-75-31-0\/#primaryimage","url":"https:\/\/masterchem.fi\/wp-content\/uploads\/2023\/09\/Isopropanoolamiin-1000l-MaterChem.jpg","contentUrl":"https:\/\/masterchem.fi\/wp-content\/uploads\/2023\/09\/Isopropanoolamiin-1000l-MaterChem.jpg","width":1000,"height":1000},{"@type":"BreadcrumbList","@id":"https:\/\/masterchem.fi\/sv\/produkt\/isopropanolamin-cas-75-31-0\/#breadcrumb","itemListElement":[{"@type":"ListItem","position":1,"name":"Home","item":"https:\/\/masterchem.fi\/sv\/"},{"@type":"ListItem","position":2,"name":"Butik","item":"https:\/\/masterchem.fi\/sv\/butik\/"},{"@type":"ListItem","position":3,"name":"Isopropanolamin (CAS 75-31-0)"}]},{"@type":"WebSite","@id":"https:\/\/masterchem.fi\/sv\/#website","url":"https:\/\/masterchem.fi\/sv\/","name":"MasterChem | kemikaalien tuotanto ja myynti","description":"kemikaalien tuotanto ja myynti","potentialAction":[{"@type":"SearchAction","target":{"@type":"EntryPoint","urlTemplate":"https:\/\/masterchem.fi\/sv\/?s={search_term_string}"},"query-input":{"@type":"PropertyValueSpecification","valueRequired":true,"valueName":"search_term_string"}}],"inLanguage":"sv-SE"}]}},"_links":{"self":[{"href":"https:\/\/masterchem.fi\/sv\/wp-json\/wp\/v2\/product\/12460","targetHints":{"allow":["GET"]}}],"collection":[{"href":"https:\/\/masterchem.fi\/sv\/wp-json\/wp\/v2\/product"}],"about":[{"href":"https:\/\/masterchem.fi\/sv\/wp-json\/wp\/v2\/types\/product"}],"wp:featuredmedia":[{"embeddable":true,"href":"https:\/\/masterchem.fi\/sv\/wp-json\/wp\/v2\/media\/12465"}],"wp:attachment":[{"href":"https:\/\/masterchem.fi\/sv\/wp-json\/wp\/v2\/media?parent=12460"}],"wp:term":[{"taxonomy":"product_brand","embeddable":true,"href":"https:\/\/masterchem.fi\/sv\/wp-json\/wp\/v2\/product_brand?post=12460"},{"taxonomy":"product_cat","embeddable":true,"href":"https:\/\/masterchem.fi\/sv\/wp-json\/wp\/v2\/product_cat?post=12460"},{"taxonomy":"product_tag","embeddable":true,"href":"https:\/\/masterchem.fi\/sv\/wp-json\/wp\/v2\/product_tag?post=12460"}],"curies":[{"name":"wp","href":"https:\/\/api.w.org\/{rel}","templated":true}]}}