{"id":12496,"date":"2023-09-13T21:55:56","date_gmt":"2023-09-13T18:55:57","guid":{"rendered":"https:\/\/masterchem.fi\/?post_type=product&#038;p=12496"},"modified":"2023-09-13T21:59:13","modified_gmt":"2023-09-13T18:59:13","slug":"niacin-we-59-67-6","status":"publish","type":"product","link":"https:\/\/masterchem.fi\/sv\/produkt\/niacin-we-59-67-6\/","title":{"rendered":"Niacin (WE 59-67-6)"},"content":{"rendered":"<p>Branscher: Foderindustri<br \/>\nSammans\u00e4ttning: Amider<br \/>\nWE-nummer: 59-67-6<\/p>\n","protected":false},"excerpt":{"rendered":"<p><strong>Niacin (WE 59-67-6)<\/strong><\/p>\n<p>Niacin, \u00e4ven k\u00e4nd som nikotinsyra, \u00e4r en organisk f\u00f6rening och en vitamer av vitamin B3, ett v\u00e4sentligt m\u00e4nskligt n\u00e4rings\u00e4mne. Det kan tillverkas av v\u00e4xter och djur fr\u00e5n aminosyran tryptofan. Niacin erh\u00e5lls i kosten fr\u00e5n en m\u00e4ngd olika hela och bearbetade livsmedel, med h\u00f6gst inneh\u00e5ll i berikade f\u00f6rpackade livsmedel, k\u00f6tt, f\u00e5gel, r\u00f6d fisk som tonfisk och lax, mindre m\u00e4ngder i n\u00f6tter, baljv\u00e4xter och fr\u00f6n.<\/p>\n","protected":false},"featured_media":12500,"template":"","meta":[],"product_brand":[],"product_cat":[116,179],"product_tag":[],"class_list":{"0":"post-12496","1":"product","2":"type-product","3":"status-publish","4":"has-post-thumbnail","6":"product_cat-alla-produkter","7":"product_cat-foderindustri","9":"first","10":"outofstock","11":"taxable","12":"shipping-taxable","13":"purchasable","14":"product-type-variable","15":"has-default-attributes","16":"rtwpvg-product"},"yoast_head":"<!-- This site is optimized with the Yoast SEO plugin v27.5 - https:\/\/yoast.com\/product\/yoast-seo-wordpress\/ -->\n<title>Niacin (WE 59-67-6) - MasterChem | kemikaalien tuotanto ja myynti<\/title>\n<meta name=\"description\" content=\"Niacin, \u00e4ven k\u00e4nd som nikotinsyra, \u00e4r en organisk f\u00f6rening och en vitamer av vitamin B3, ett v\u00e4sentligt m\u00e4nskligt n\u00e4rings\u00e4mne.\" \/>\n<meta name=\"robots\" content=\"index, follow, max-snippet:-1, max-image-preview:large, max-video-preview:-1\" \/>\n<link rel=\"canonical\" href=\"https:\/\/masterchem.fi\/sv\/produkt\/niacin-we-59-67-6\/\" \/>\n<meta property=\"og:locale\" content=\"sv_SE\" \/>\n<meta property=\"og:type\" content=\"article\" \/>\n<meta property=\"og:title\" content=\"Niacin (WE 59-67-6) - MasterChem | kemikaalien tuotanto ja myynti\" \/>\n<meta property=\"og:description\" content=\"Niacin, \u00e4ven k\u00e4nd som nikotinsyra, \u00e4r en organisk f\u00f6rening och en vitamer av vitamin B3, ett v\u00e4sentligt m\u00e4nskligt n\u00e4rings\u00e4mne.\" \/>\n<meta property=\"og:url\" content=\"https:\/\/masterchem.fi\/sv\/produkt\/niacin-we-59-67-6\/\" \/>\n<meta property=\"og:site_name\" content=\"MasterChem | kemikaalien tuotanto ja myynti\" \/>\n<meta property=\"article:modified_time\" content=\"2023-09-13T18:59:13+00:00\" \/>\n<meta property=\"og:image\" content=\"https:\/\/masterchem.fi\/wp-content\/uploads\/2023\/09\/Niatsiin-25kg-MasterChem.jpg\" \/>\n\t<meta property=\"og:image:width\" content=\"1000\" \/>\n\t<meta property=\"og:image:height\" content=\"1000\" \/>\n\t<meta property=\"og:image:type\" content=\"image\/jpeg\" \/>\n<meta name=\"twitter:card\" content=\"summary_large_image\" \/>\n<script type=\"application\/ld+json\" class=\"yoast-schema-graph\">{\"@context\":\"https:\\\/\\\/schema.org\",\"@graph\":[{\"@type\":\"WebPage\",\"@id\":\"https:\\\/\\\/masterchem.fi\\\/sv\\\/produkt\\\/niacin-we-59-67-6\\\/\",\"url\":\"https:\\\/\\\/masterchem.fi\\\/sv\\\/produkt\\\/niacin-we-59-67-6\\\/\",\"name\":\"Niacin (WE 59-67-6) - MasterChem | kemikaalien tuotanto ja myynti\",\"isPartOf\":{\"@id\":\"https:\\\/\\\/masterchem.fi\\\/sv\\\/#website\"},\"primaryImageOfPage\":{\"@id\":\"https:\\\/\\\/masterchem.fi\\\/sv\\\/produkt\\\/niacin-we-59-67-6\\\/#primaryimage\"},\"image\":{\"@id\":\"https:\\\/\\\/masterchem.fi\\\/sv\\\/produkt\\\/niacin-we-59-67-6\\\/#primaryimage\"},\"thumbnailUrl\":\"https:\\\/\\\/masterchem.fi\\\/wp-content\\\/uploads\\\/2023\\\/09\\\/Niatsiin-25kg-MasterChem.jpg\",\"datePublished\":\"2023-09-13T18:55:57+00:00\",\"dateModified\":\"2023-09-13T18:59:13+00:00\",\"description\":\"Niacin, \u00e4ven k\u00e4nd som nikotinsyra, \u00e4r en organisk f\u00f6rening och en vitamer av vitamin B3, ett v\u00e4sentligt m\u00e4nskligt n\u00e4rings\u00e4mne.\",\"breadcrumb\":{\"@id\":\"https:\\\/\\\/masterchem.fi\\\/sv\\\/produkt\\\/niacin-we-59-67-6\\\/#breadcrumb\"},\"inLanguage\":\"sv-SE\",\"potentialAction\":[{\"@type\":\"ReadAction\",\"target\":[\"https:\\\/\\\/masterchem.fi\\\/sv\\\/produkt\\\/niacin-we-59-67-6\\\/\"]}]},{\"@type\":\"ImageObject\",\"inLanguage\":\"sv-SE\",\"@id\":\"https:\\\/\\\/masterchem.fi\\\/sv\\\/produkt\\\/niacin-we-59-67-6\\\/#primaryimage\",\"url\":\"https:\\\/\\\/masterchem.fi\\\/wp-content\\\/uploads\\\/2023\\\/09\\\/Niatsiin-25kg-MasterChem.jpg\",\"contentUrl\":\"https:\\\/\\\/masterchem.fi\\\/wp-content\\\/uploads\\\/2023\\\/09\\\/Niatsiin-25kg-MasterChem.jpg\",\"width\":1000,\"height\":1000},{\"@type\":\"BreadcrumbList\",\"@id\":\"https:\\\/\\\/masterchem.fi\\\/sv\\\/produkt\\\/niacin-we-59-67-6\\\/#breadcrumb\",\"itemListElement\":[{\"@type\":\"ListItem\",\"position\":1,\"name\":\"Home\",\"item\":\"https:\\\/\\\/masterchem.fi\\\/sv\\\/\"},{\"@type\":\"ListItem\",\"position\":2,\"name\":\"Butik\",\"item\":\"https:\\\/\\\/masterchem.fi\\\/sv\\\/butik\\\/\"},{\"@type\":\"ListItem\",\"position\":3,\"name\":\"Niacin (WE 59-67-6)\"}]},{\"@type\":\"WebSite\",\"@id\":\"https:\\\/\\\/masterchem.fi\\\/sv\\\/#website\",\"url\":\"https:\\\/\\\/masterchem.fi\\\/sv\\\/\",\"name\":\"MasterChem | kemikaalien tuotanto ja myynti\",\"description\":\"kemikaalien tuotanto ja myynti\",\"potentialAction\":[{\"@type\":\"SearchAction\",\"target\":{\"@type\":\"EntryPoint\",\"urlTemplate\":\"https:\\\/\\\/masterchem.fi\\\/sv\\\/?s={search_term_string}\"},\"query-input\":{\"@type\":\"PropertyValueSpecification\",\"valueRequired\":true,\"valueName\":\"search_term_string\"}}],\"inLanguage\":\"sv-SE\"}]}<\/script>\n<!-- \/ Yoast SEO plugin. -->","yoast_head_json":{"title":"Niacin (WE 59-67-6) - MasterChem | kemikaalien tuotanto ja myynti","description":"Niacin, \u00e4ven k\u00e4nd som nikotinsyra, \u00e4r en organisk f\u00f6rening och en vitamer av vitamin B3, ett v\u00e4sentligt m\u00e4nskligt n\u00e4rings\u00e4mne.","robots":{"index":"index","follow":"follow","max-snippet":"max-snippet:-1","max-image-preview":"max-image-preview:large","max-video-preview":"max-video-preview:-1"},"canonical":"https:\/\/masterchem.fi\/sv\/produkt\/niacin-we-59-67-6\/","og_locale":"sv_SE","og_type":"article","og_title":"Niacin (WE 59-67-6) - MasterChem | kemikaalien tuotanto ja myynti","og_description":"Niacin, \u00e4ven k\u00e4nd som nikotinsyra, \u00e4r en organisk f\u00f6rening och en vitamer av vitamin B3, ett v\u00e4sentligt m\u00e4nskligt n\u00e4rings\u00e4mne.","og_url":"https:\/\/masterchem.fi\/sv\/produkt\/niacin-we-59-67-6\/","og_site_name":"MasterChem | kemikaalien tuotanto ja myynti","article_modified_time":"2023-09-13T18:59:13+00:00","og_image":[{"width":1000,"height":1000,"url":"https:\/\/masterchem.fi\/wp-content\/uploads\/2023\/09\/Niatsiin-25kg-MasterChem.jpg","type":"image\/jpeg"}],"twitter_card":"summary_large_image","schema":{"@context":"https:\/\/schema.org","@graph":[{"@type":"WebPage","@id":"https:\/\/masterchem.fi\/sv\/produkt\/niacin-we-59-67-6\/","url":"https:\/\/masterchem.fi\/sv\/produkt\/niacin-we-59-67-6\/","name":"Niacin (WE 59-67-6) - MasterChem | kemikaalien tuotanto ja myynti","isPartOf":{"@id":"https:\/\/masterchem.fi\/sv\/#website"},"primaryImageOfPage":{"@id":"https:\/\/masterchem.fi\/sv\/produkt\/niacin-we-59-67-6\/#primaryimage"},"image":{"@id":"https:\/\/masterchem.fi\/sv\/produkt\/niacin-we-59-67-6\/#primaryimage"},"thumbnailUrl":"https:\/\/masterchem.fi\/wp-content\/uploads\/2023\/09\/Niatsiin-25kg-MasterChem.jpg","datePublished":"2023-09-13T18:55:57+00:00","dateModified":"2023-09-13T18:59:13+00:00","description":"Niacin, \u00e4ven k\u00e4nd som nikotinsyra, \u00e4r en organisk f\u00f6rening och en vitamer av vitamin B3, ett v\u00e4sentligt m\u00e4nskligt n\u00e4rings\u00e4mne.","breadcrumb":{"@id":"https:\/\/masterchem.fi\/sv\/produkt\/niacin-we-59-67-6\/#breadcrumb"},"inLanguage":"sv-SE","potentialAction":[{"@type":"ReadAction","target":["https:\/\/masterchem.fi\/sv\/produkt\/niacin-we-59-67-6\/"]}]},{"@type":"ImageObject","inLanguage":"sv-SE","@id":"https:\/\/masterchem.fi\/sv\/produkt\/niacin-we-59-67-6\/#primaryimage","url":"https:\/\/masterchem.fi\/wp-content\/uploads\/2023\/09\/Niatsiin-25kg-MasterChem.jpg","contentUrl":"https:\/\/masterchem.fi\/wp-content\/uploads\/2023\/09\/Niatsiin-25kg-MasterChem.jpg","width":1000,"height":1000},{"@type":"BreadcrumbList","@id":"https:\/\/masterchem.fi\/sv\/produkt\/niacin-we-59-67-6\/#breadcrumb","itemListElement":[{"@type":"ListItem","position":1,"name":"Home","item":"https:\/\/masterchem.fi\/sv\/"},{"@type":"ListItem","position":2,"name":"Butik","item":"https:\/\/masterchem.fi\/sv\/butik\/"},{"@type":"ListItem","position":3,"name":"Niacin (WE 59-67-6)"}]},{"@type":"WebSite","@id":"https:\/\/masterchem.fi\/sv\/#website","url":"https:\/\/masterchem.fi\/sv\/","name":"MasterChem | kemikaalien tuotanto ja myynti","description":"kemikaalien tuotanto ja myynti","potentialAction":[{"@type":"SearchAction","target":{"@type":"EntryPoint","urlTemplate":"https:\/\/masterchem.fi\/sv\/?s={search_term_string}"},"query-input":{"@type":"PropertyValueSpecification","valueRequired":true,"valueName":"search_term_string"}}],"inLanguage":"sv-SE"}]}},"_links":{"self":[{"href":"https:\/\/masterchem.fi\/sv\/wp-json\/wp\/v2\/product\/12496","targetHints":{"allow":["GET"]}}],"collection":[{"href":"https:\/\/masterchem.fi\/sv\/wp-json\/wp\/v2\/product"}],"about":[{"href":"https:\/\/masterchem.fi\/sv\/wp-json\/wp\/v2\/types\/product"}],"wp:featuredmedia":[{"embeddable":true,"href":"https:\/\/masterchem.fi\/sv\/wp-json\/wp\/v2\/media\/12500"}],"wp:attachment":[{"href":"https:\/\/masterchem.fi\/sv\/wp-json\/wp\/v2\/media?parent=12496"}],"wp:term":[{"taxonomy":"product_brand","embeddable":true,"href":"https:\/\/masterchem.fi\/sv\/wp-json\/wp\/v2\/product_brand?post=12496"},{"taxonomy":"product_cat","embeddable":true,"href":"https:\/\/masterchem.fi\/sv\/wp-json\/wp\/v2\/product_cat?post=12496"},{"taxonomy":"product_tag","embeddable":true,"href":"https:\/\/masterchem.fi\/sv\/wp-json\/wp\/v2\/product_tag?post=12496"}],"curies":[{"name":"wp","href":"https:\/\/api.w.org\/{rel}","templated":true}]}}