{"id":12508,"date":"2023-09-18T20:58:52","date_gmt":"2023-09-18T17:58:54","guid":{"rendered":"https:\/\/masterchem.fi\/?post_type=product&#038;p=12508"},"modified":"2023-09-18T21:03:16","modified_gmt":"2023-09-18T18:03:16","slug":"majsstarkelse","status":"publish","type":"product","link":"https:\/\/masterchem.fi\/sv\/produkt\/majsstarkelse\/","title":{"rendered":"Majsst\u00e4rkelse"},"content":{"rendered":"","protected":false},"excerpt":{"rendered":"<p><strong>Majsst\u00e4rkelse<\/strong><\/p>\n<p>Majsst\u00e4rkelse, majsst\u00e4rkelse eller majsmj\u00f6l (brittisk engelska) \u00e4r st\u00e4rkelse som h\u00e4rr\u00f6r fr\u00e5n majs (majs) spannm\u00e5l. St\u00e4rkelsen erh\u00e5lls fr\u00e5n k\u00e4rnans endosperm. Majsst\u00e4rkelse \u00e4r en vanlig livsmedelsingrediens som ofta anv\u00e4nds f\u00f6r att tjockna s\u00e5ser eller soppor och f\u00f6r att g\u00f6ra majssirap och andra sockerarter. Majsst\u00e4rkelse \u00e4r m\u00e5ngsidig, l\u00e4tt att modifiera och finner m\u00e5nga anv\u00e4ndningsomr\u00e5den inom industrin, s\u00e5som lim, i pappersprodukter, som ett anti-klibbmedel och textiltillverkning. Den har ocks\u00e5 medicinska anv\u00e4ndningsomr\u00e5den, som att leverera glukos till personer med glykogenlagringssjukdom.<\/p>\n","protected":false},"featured_media":12512,"template":"","meta":[],"product_brand":[],"product_cat":[116,179],"product_tag":[],"class_list":{"0":"post-12508","1":"product","2":"type-product","3":"status-publish","4":"has-post-thumbnail","6":"product_cat-alla-produkter","7":"product_cat-foderindustri","9":"first","10":"outofstock","11":"taxable","12":"shipping-taxable","13":"purchasable","14":"product-type-variable","15":"has-default-attributes","16":"rtwpvg-product"},"yoast_head":"<!-- This site is optimized with the Yoast SEO plugin v27.5 - https:\/\/yoast.com\/product\/yoast-seo-wordpress\/ -->\n<title>Majsst\u00e4rkelse - MasterChem | kemikaalien tuotanto ja myynti<\/title>\n<meta name=\"description\" content=\"Majsst\u00e4rkelse, majsst\u00e4rkelse eller majsmj\u00f6l (brittisk engelska) \u00e4r st\u00e4rkelse som h\u00e4rr\u00f6r fr\u00e5n majs (majs) spannm\u00e5l.\" \/>\n<meta name=\"robots\" content=\"index, follow, max-snippet:-1, max-image-preview:large, max-video-preview:-1\" \/>\n<link rel=\"canonical\" href=\"https:\/\/masterchem.fi\/sv\/produkt\/majsstarkelse\/\" \/>\n<meta property=\"og:locale\" content=\"sv_SE\" \/>\n<meta property=\"og:type\" content=\"article\" \/>\n<meta property=\"og:title\" content=\"Majsst\u00e4rkelse - MasterChem | kemikaalien tuotanto ja myynti\" \/>\n<meta property=\"og:description\" content=\"Majsst\u00e4rkelse, majsst\u00e4rkelse eller majsmj\u00f6l (brittisk engelska) \u00e4r st\u00e4rkelse som h\u00e4rr\u00f6r fr\u00e5n majs (majs) spannm\u00e5l.\" \/>\n<meta property=\"og:url\" content=\"https:\/\/masterchem.fi\/sv\/produkt\/majsstarkelse\/\" \/>\n<meta property=\"og:site_name\" content=\"MasterChem | kemikaalien tuotanto ja myynti\" \/>\n<meta property=\"article:modified_time\" content=\"2023-09-18T18:03:16+00:00\" \/>\n<meta property=\"og:image\" content=\"https:\/\/masterchem.fi\/wp-content\/uploads\/2023\/09\/Maisitarklis-25kg-MasterChem.jpg\" \/>\n\t<meta property=\"og:image:width\" content=\"1000\" \/>\n\t<meta property=\"og:image:height\" content=\"1000\" \/>\n\t<meta property=\"og:image:type\" content=\"image\/jpeg\" \/>\n<meta name=\"twitter:card\" content=\"summary_large_image\" \/>\n<script type=\"application\/ld+json\" class=\"yoast-schema-graph\">{\"@context\":\"https:\\\/\\\/schema.org\",\"@graph\":[{\"@type\":\"WebPage\",\"@id\":\"https:\\\/\\\/masterchem.fi\\\/sv\\\/produkt\\\/majsstarkelse\\\/\",\"url\":\"https:\\\/\\\/masterchem.fi\\\/sv\\\/produkt\\\/majsstarkelse\\\/\",\"name\":\"Majsst\u00e4rkelse - MasterChem | kemikaalien tuotanto ja myynti\",\"isPartOf\":{\"@id\":\"https:\\\/\\\/masterchem.fi\\\/sv\\\/#website\"},\"primaryImageOfPage\":{\"@id\":\"https:\\\/\\\/masterchem.fi\\\/sv\\\/produkt\\\/majsstarkelse\\\/#primaryimage\"},\"image\":{\"@id\":\"https:\\\/\\\/masterchem.fi\\\/sv\\\/produkt\\\/majsstarkelse\\\/#primaryimage\"},\"thumbnailUrl\":\"https:\\\/\\\/masterchem.fi\\\/wp-content\\\/uploads\\\/2023\\\/09\\\/Maisitarklis-25kg-MasterChem.jpg\",\"datePublished\":\"2023-09-18T17:58:54+00:00\",\"dateModified\":\"2023-09-18T18:03:16+00:00\",\"description\":\"Majsst\u00e4rkelse, majsst\u00e4rkelse eller majsmj\u00f6l (brittisk engelska) \u00e4r st\u00e4rkelse som h\u00e4rr\u00f6r fr\u00e5n majs (majs) spannm\u00e5l.\",\"breadcrumb\":{\"@id\":\"https:\\\/\\\/masterchem.fi\\\/sv\\\/produkt\\\/majsstarkelse\\\/#breadcrumb\"},\"inLanguage\":\"sv-SE\",\"potentialAction\":[{\"@type\":\"ReadAction\",\"target\":[\"https:\\\/\\\/masterchem.fi\\\/sv\\\/produkt\\\/majsstarkelse\\\/\"]}]},{\"@type\":\"ImageObject\",\"inLanguage\":\"sv-SE\",\"@id\":\"https:\\\/\\\/masterchem.fi\\\/sv\\\/produkt\\\/majsstarkelse\\\/#primaryimage\",\"url\":\"https:\\\/\\\/masterchem.fi\\\/wp-content\\\/uploads\\\/2023\\\/09\\\/Maisitarklis-25kg-MasterChem.jpg\",\"contentUrl\":\"https:\\\/\\\/masterchem.fi\\\/wp-content\\\/uploads\\\/2023\\\/09\\\/Maisitarklis-25kg-MasterChem.jpg\",\"width\":1000,\"height\":1000},{\"@type\":\"BreadcrumbList\",\"@id\":\"https:\\\/\\\/masterchem.fi\\\/sv\\\/produkt\\\/majsstarkelse\\\/#breadcrumb\",\"itemListElement\":[{\"@type\":\"ListItem\",\"position\":1,\"name\":\"Home\",\"item\":\"https:\\\/\\\/masterchem.fi\\\/sv\\\/\"},{\"@type\":\"ListItem\",\"position\":2,\"name\":\"Butik\",\"item\":\"https:\\\/\\\/masterchem.fi\\\/sv\\\/butik\\\/\"},{\"@type\":\"ListItem\",\"position\":3,\"name\":\"Majsst\u00e4rkelse\"}]},{\"@type\":\"WebSite\",\"@id\":\"https:\\\/\\\/masterchem.fi\\\/sv\\\/#website\",\"url\":\"https:\\\/\\\/masterchem.fi\\\/sv\\\/\",\"name\":\"MasterChem | kemikaalien tuotanto ja myynti\",\"description\":\"kemikaalien tuotanto ja myynti\",\"potentialAction\":[{\"@type\":\"SearchAction\",\"target\":{\"@type\":\"EntryPoint\",\"urlTemplate\":\"https:\\\/\\\/masterchem.fi\\\/sv\\\/?s={search_term_string}\"},\"query-input\":{\"@type\":\"PropertyValueSpecification\",\"valueRequired\":true,\"valueName\":\"search_term_string\"}}],\"inLanguage\":\"sv-SE\"}]}<\/script>\n<!-- \/ Yoast SEO plugin. -->","yoast_head_json":{"title":"Majsst\u00e4rkelse - MasterChem | kemikaalien tuotanto ja myynti","description":"Majsst\u00e4rkelse, majsst\u00e4rkelse eller majsmj\u00f6l (brittisk engelska) \u00e4r st\u00e4rkelse som h\u00e4rr\u00f6r fr\u00e5n majs (majs) spannm\u00e5l.","robots":{"index":"index","follow":"follow","max-snippet":"max-snippet:-1","max-image-preview":"max-image-preview:large","max-video-preview":"max-video-preview:-1"},"canonical":"https:\/\/masterchem.fi\/sv\/produkt\/majsstarkelse\/","og_locale":"sv_SE","og_type":"article","og_title":"Majsst\u00e4rkelse - MasterChem | kemikaalien tuotanto ja myynti","og_description":"Majsst\u00e4rkelse, majsst\u00e4rkelse eller majsmj\u00f6l (brittisk engelska) \u00e4r st\u00e4rkelse som h\u00e4rr\u00f6r fr\u00e5n majs (majs) spannm\u00e5l.","og_url":"https:\/\/masterchem.fi\/sv\/produkt\/majsstarkelse\/","og_site_name":"MasterChem | kemikaalien tuotanto ja myynti","article_modified_time":"2023-09-18T18:03:16+00:00","og_image":[{"width":1000,"height":1000,"url":"https:\/\/masterchem.fi\/wp-content\/uploads\/2023\/09\/Maisitarklis-25kg-MasterChem.jpg","type":"image\/jpeg"}],"twitter_card":"summary_large_image","schema":{"@context":"https:\/\/schema.org","@graph":[{"@type":"WebPage","@id":"https:\/\/masterchem.fi\/sv\/produkt\/majsstarkelse\/","url":"https:\/\/masterchem.fi\/sv\/produkt\/majsstarkelse\/","name":"Majsst\u00e4rkelse - MasterChem | kemikaalien tuotanto ja myynti","isPartOf":{"@id":"https:\/\/masterchem.fi\/sv\/#website"},"primaryImageOfPage":{"@id":"https:\/\/masterchem.fi\/sv\/produkt\/majsstarkelse\/#primaryimage"},"image":{"@id":"https:\/\/masterchem.fi\/sv\/produkt\/majsstarkelse\/#primaryimage"},"thumbnailUrl":"https:\/\/masterchem.fi\/wp-content\/uploads\/2023\/09\/Maisitarklis-25kg-MasterChem.jpg","datePublished":"2023-09-18T17:58:54+00:00","dateModified":"2023-09-18T18:03:16+00:00","description":"Majsst\u00e4rkelse, majsst\u00e4rkelse eller majsmj\u00f6l (brittisk engelska) \u00e4r st\u00e4rkelse som h\u00e4rr\u00f6r fr\u00e5n majs (majs) spannm\u00e5l.","breadcrumb":{"@id":"https:\/\/masterchem.fi\/sv\/produkt\/majsstarkelse\/#breadcrumb"},"inLanguage":"sv-SE","potentialAction":[{"@type":"ReadAction","target":["https:\/\/masterchem.fi\/sv\/produkt\/majsstarkelse\/"]}]},{"@type":"ImageObject","inLanguage":"sv-SE","@id":"https:\/\/masterchem.fi\/sv\/produkt\/majsstarkelse\/#primaryimage","url":"https:\/\/masterchem.fi\/wp-content\/uploads\/2023\/09\/Maisitarklis-25kg-MasterChem.jpg","contentUrl":"https:\/\/masterchem.fi\/wp-content\/uploads\/2023\/09\/Maisitarklis-25kg-MasterChem.jpg","width":1000,"height":1000},{"@type":"BreadcrumbList","@id":"https:\/\/masterchem.fi\/sv\/produkt\/majsstarkelse\/#breadcrumb","itemListElement":[{"@type":"ListItem","position":1,"name":"Home","item":"https:\/\/masterchem.fi\/sv\/"},{"@type":"ListItem","position":2,"name":"Butik","item":"https:\/\/masterchem.fi\/sv\/butik\/"},{"@type":"ListItem","position":3,"name":"Majsst\u00e4rkelse"}]},{"@type":"WebSite","@id":"https:\/\/masterchem.fi\/sv\/#website","url":"https:\/\/masterchem.fi\/sv\/","name":"MasterChem | kemikaalien tuotanto ja myynti","description":"kemikaalien tuotanto ja myynti","potentialAction":[{"@type":"SearchAction","target":{"@type":"EntryPoint","urlTemplate":"https:\/\/masterchem.fi\/sv\/?s={search_term_string}"},"query-input":{"@type":"PropertyValueSpecification","valueRequired":true,"valueName":"search_term_string"}}],"inLanguage":"sv-SE"}]}},"_links":{"self":[{"href":"https:\/\/masterchem.fi\/sv\/wp-json\/wp\/v2\/product\/12508","targetHints":{"allow":["GET"]}}],"collection":[{"href":"https:\/\/masterchem.fi\/sv\/wp-json\/wp\/v2\/product"}],"about":[{"href":"https:\/\/masterchem.fi\/sv\/wp-json\/wp\/v2\/types\/product"}],"wp:featuredmedia":[{"embeddable":true,"href":"https:\/\/masterchem.fi\/sv\/wp-json\/wp\/v2\/media\/12512"}],"wp:attachment":[{"href":"https:\/\/masterchem.fi\/sv\/wp-json\/wp\/v2\/media?parent=12508"}],"wp:term":[{"taxonomy":"product_brand","embeddable":true,"href":"https:\/\/masterchem.fi\/sv\/wp-json\/wp\/v2\/product_brand?post=12508"},{"taxonomy":"product_cat","embeddable":true,"href":"https:\/\/masterchem.fi\/sv\/wp-json\/wp\/v2\/product_cat?post=12508"},{"taxonomy":"product_tag","embeddable":true,"href":"https:\/\/masterchem.fi\/sv\/wp-json\/wp\/v2\/product_tag?post=12508"}],"curies":[{"name":"wp","href":"https:\/\/api.w.org\/{rel}","templated":true}]}}