{"id":12520,"date":"2023-09-21T22:01:05","date_gmt":"2023-09-21T19:01:06","guid":{"rendered":"https:\/\/masterchem.fi\/?post_type=product&#038;p=12520"},"modified":"2023-09-21T22:04:44","modified_gmt":"2023-09-21T19:04:44","slug":"nikotin-cas-54-11-5","status":"publish","type":"product","link":"https:\/\/masterchem.fi\/sv\/produkt\/nikotin-cas-54-11-5\/","title":{"rendered":"Nikotin (CAS 54-11-5)"},"content":{"rendered":"<p><strong>Information<\/strong><br \/>\nBranscher: L\u00e4kemedelsindustrin<br \/>\nCAS-nummer: 54-11-5<br \/>\nWE-nummer: 200-193-3<br \/>\nKemisk formel: C10H14N2<br \/>\nMolmassa: 162,23 g\/mol<br \/>\nTulltaxekod: 29397910<br \/>\nADR: UN1654<br \/>\n<strong>Andra fysiska egenskaper<\/strong><br \/>\nSm\u00e4lt-\/fryspunkt: -79\u00b0C<br \/>\nKokpunkt\/intervall: 247\u00b0C<br \/>\nRelativ densitet: 1,01 g\/cm3<\/p>\n","protected":false},"excerpt":{"rendered":"<p><strong>Nikotin (CAS 54-11-5)<\/strong><\/p>\n<p>Nikotin \u00e4r \u00e4mnet i tobak, nikotininneh\u00e5llet i tobak eftersom det finns olika arter och ursprung, alkalihalten i tobak varje del \u00e4r olika. Cigarettfabriksrester (tobakspulver) som inneh\u00e5ller cirka 1% till 2% av nikotinet, tobaksstammar och revben r\u00f6k nikotin som inneh\u00e5ller cirka 1% eller s\u00e5, m\u00e4nniskor r\u00f6kte cigaretter inneh\u00e5ller nikotin uppgick till cirka 3%. Rent nikotin \u00e4r en f\u00e4rgl\u00f6s, oljig v\u00e4tska, blandbar med vatten under 60 \u2103, hydrat, mer \u00e4n 210 \u2103 \u00e4ven blandbar med vatten. Instabil natur, sannolikt flyktig, l\u00f6slig i vatten och organiska l\u00f6sningsmedel. Nikotin \u00e4r en alkaloid, s\u00e5 alla egenskaper hos en bas, till en f\u00f6rening gjord av salter och syror. I h\u00e4ndelse av ljus och luft blir bruna och klibbiga, det finns en udda lukt och stark irritation.<\/p>\n<p><strong>Faroangivelse(n)<\/strong><br \/>\nH300 + H310 + H330: D\u00f6dligt vid f\u00f6rt\u00e4ring, i kontakt med huden eller vid inandning.<br \/>\nH315: Orsakar hudirritation.<br \/>\nH318: Orsakar allvarliga \u00f6gonskador.<br \/>\nH411: Giftigt f\u00f6r vattenlevande organismer med l\u00e5ngtidseffekter.<\/p>\n<p><strong>F\u00f6rsiktighetsangivelse(n)<\/strong><br \/>\nP262: F\u00e5r inte komma i kontakt med \u00f6gonen, huden eller kl\u00e4derna.<br \/>\nP273: Undvik utsl\u00e4pp till milj\u00f6n.<br \/>\nP280: Anv\u00e4nd skyddshandskar\/ skyddskl\u00e4der\/ \u00f6gonskydd\/ ansiktsskydd\/ h\u00f6rselskydd.<br \/>\nP302 + P352 + P310: VID HUDKONTAKT: Tv\u00e4tta med mycket vatten. Ring omedelbart en GIFTINFORMATIONSCENTRAL\/l\u00e4kare.<br \/>\nP304 + P340 + P310: VID INANDNING: Flytta personen till frisk luft och se till att han eller hon kan andas. Ring omedelbart en GIFTINFORMATIONSCENTRAL\/l\u00e4kare.<br \/>\nP305 + P351 + P338: VID KONTAKT MED \u00d6GONEN: Sk\u00f6lj f\u00f6rsiktigt med vatten i flera minuter. Ta bort kontaktlinser, om s\u00e5dana finns och l\u00e4tt att g\u00f6ra. Forts\u00e4tt att sk\u00f6lja.<\/p>\n","protected":false},"featured_media":12537,"template":"","meta":[],"product_brand":[],"product_cat":[106,116],"product_tag":[],"class_list":{"0":"post-12520","1":"product","2":"type-product","3":"status-publish","4":"has-post-thumbnail","6":"product_cat-lakemedelsindustri","7":"product_cat-alla-produkter","9":"first","10":"outofstock","11":"featured","12":"taxable","13":"shipping-taxable","14":"purchasable","15":"product-type-variable","16":"has-default-attributes","17":"rtwpvg-product"},"yoast_head":"<!-- This site is optimized with the Yoast SEO plugin v27.5 - https:\/\/yoast.com\/product\/yoast-seo-wordpress\/ -->\n<title>Nikotin (CAS 54-11-5) - MasterChem | kemikaalien tuotanto ja myynti<\/title>\n<meta name=\"description\" content=\"Nikotin \u00e4r \u00e4mnet i tobak, nikotininneh\u00e5llet i tobak eftersom det finns olika arter och ursprung, alkalihalten i tobak varje del \u00e4r olika.\" \/>\n<meta name=\"robots\" content=\"index, follow, max-snippet:-1, max-image-preview:large, max-video-preview:-1\" \/>\n<link rel=\"canonical\" href=\"https:\/\/masterchem.fi\/sv\/produkt\/nikotin-cas-54-11-5\/\" \/>\n<meta property=\"og:locale\" content=\"sv_SE\" \/>\n<meta property=\"og:type\" content=\"article\" \/>\n<meta property=\"og:title\" content=\"Nikotin (CAS 54-11-5) - MasterChem | kemikaalien tuotanto ja myynti\" \/>\n<meta property=\"og:description\" content=\"Nikotin \u00e4r \u00e4mnet i tobak, nikotininneh\u00e5llet i tobak eftersom det finns olika arter och ursprung, alkalihalten i tobak varje del \u00e4r olika.\" \/>\n<meta property=\"og:url\" content=\"https:\/\/masterchem.fi\/sv\/produkt\/nikotin-cas-54-11-5\/\" \/>\n<meta property=\"og:site_name\" content=\"MasterChem | kemikaalien tuotanto ja myynti\" \/>\n<meta property=\"article:modified_time\" content=\"2023-09-21T19:04:44+00:00\" \/>\n<meta property=\"og:image\" content=\"https:\/\/masterchem.fi\/wp-content\/uploads\/2023\/09\/Nikotiin-1000l-MaterChem.jpg\" \/>\n\t<meta property=\"og:image:width\" content=\"1000\" \/>\n\t<meta property=\"og:image:height\" content=\"1000\" \/>\n\t<meta property=\"og:image:type\" content=\"image\/jpeg\" \/>\n<meta name=\"twitter:card\" content=\"summary_large_image\" \/>\n<script type=\"application\/ld+json\" class=\"yoast-schema-graph\">{\"@context\":\"https:\\\/\\\/schema.org\",\"@graph\":[{\"@type\":\"WebPage\",\"@id\":\"https:\\\/\\\/masterchem.fi\\\/sv\\\/produkt\\\/nikotin-cas-54-11-5\\\/\",\"url\":\"https:\\\/\\\/masterchem.fi\\\/sv\\\/produkt\\\/nikotin-cas-54-11-5\\\/\",\"name\":\"Nikotin (CAS 54-11-5) - MasterChem | kemikaalien tuotanto ja myynti\",\"isPartOf\":{\"@id\":\"https:\\\/\\\/masterchem.fi\\\/sv\\\/#website\"},\"primaryImageOfPage\":{\"@id\":\"https:\\\/\\\/masterchem.fi\\\/sv\\\/produkt\\\/nikotin-cas-54-11-5\\\/#primaryimage\"},\"image\":{\"@id\":\"https:\\\/\\\/masterchem.fi\\\/sv\\\/produkt\\\/nikotin-cas-54-11-5\\\/#primaryimage\"},\"thumbnailUrl\":\"https:\\\/\\\/masterchem.fi\\\/wp-content\\\/uploads\\\/2023\\\/09\\\/Nikotiin-1000l-MaterChem.jpg\",\"datePublished\":\"2023-09-21T19:01:06+00:00\",\"dateModified\":\"2023-09-21T19:04:44+00:00\",\"description\":\"Nikotin \u00e4r \u00e4mnet i tobak, nikotininneh\u00e5llet i tobak eftersom det finns olika arter och ursprung, alkalihalten i tobak varje del \u00e4r olika.\",\"breadcrumb\":{\"@id\":\"https:\\\/\\\/masterchem.fi\\\/sv\\\/produkt\\\/nikotin-cas-54-11-5\\\/#breadcrumb\"},\"inLanguage\":\"sv-SE\",\"potentialAction\":[{\"@type\":\"ReadAction\",\"target\":[\"https:\\\/\\\/masterchem.fi\\\/sv\\\/produkt\\\/nikotin-cas-54-11-5\\\/\"]}]},{\"@type\":\"ImageObject\",\"inLanguage\":\"sv-SE\",\"@id\":\"https:\\\/\\\/masterchem.fi\\\/sv\\\/produkt\\\/nikotin-cas-54-11-5\\\/#primaryimage\",\"url\":\"https:\\\/\\\/masterchem.fi\\\/wp-content\\\/uploads\\\/2023\\\/09\\\/Nikotiin-1000l-MaterChem.jpg\",\"contentUrl\":\"https:\\\/\\\/masterchem.fi\\\/wp-content\\\/uploads\\\/2023\\\/09\\\/Nikotiin-1000l-MaterChem.jpg\",\"width\":1000,\"height\":1000},{\"@type\":\"BreadcrumbList\",\"@id\":\"https:\\\/\\\/masterchem.fi\\\/sv\\\/produkt\\\/nikotin-cas-54-11-5\\\/#breadcrumb\",\"itemListElement\":[{\"@type\":\"ListItem\",\"position\":1,\"name\":\"Home\",\"item\":\"https:\\\/\\\/masterchem.fi\\\/sv\\\/\"},{\"@type\":\"ListItem\",\"position\":2,\"name\":\"Butik\",\"item\":\"https:\\\/\\\/masterchem.fi\\\/sv\\\/butik\\\/\"},{\"@type\":\"ListItem\",\"position\":3,\"name\":\"Nikotin (CAS 54-11-5)\"}]},{\"@type\":\"WebSite\",\"@id\":\"https:\\\/\\\/masterchem.fi\\\/sv\\\/#website\",\"url\":\"https:\\\/\\\/masterchem.fi\\\/sv\\\/\",\"name\":\"MasterChem | kemikaalien tuotanto ja myynti\",\"description\":\"kemikaalien tuotanto ja myynti\",\"potentialAction\":[{\"@type\":\"SearchAction\",\"target\":{\"@type\":\"EntryPoint\",\"urlTemplate\":\"https:\\\/\\\/masterchem.fi\\\/sv\\\/?s={search_term_string}\"},\"query-input\":{\"@type\":\"PropertyValueSpecification\",\"valueRequired\":true,\"valueName\":\"search_term_string\"}}],\"inLanguage\":\"sv-SE\"}]}<\/script>\n<!-- \/ Yoast SEO plugin. -->","yoast_head_json":{"title":"Nikotin (CAS 54-11-5) - MasterChem | kemikaalien tuotanto ja myynti","description":"Nikotin \u00e4r \u00e4mnet i tobak, nikotininneh\u00e5llet i tobak eftersom det finns olika arter och ursprung, alkalihalten i tobak varje del \u00e4r olika.","robots":{"index":"index","follow":"follow","max-snippet":"max-snippet:-1","max-image-preview":"max-image-preview:large","max-video-preview":"max-video-preview:-1"},"canonical":"https:\/\/masterchem.fi\/sv\/produkt\/nikotin-cas-54-11-5\/","og_locale":"sv_SE","og_type":"article","og_title":"Nikotin (CAS 54-11-5) - MasterChem | kemikaalien tuotanto ja myynti","og_description":"Nikotin \u00e4r \u00e4mnet i tobak, nikotininneh\u00e5llet i tobak eftersom det finns olika arter och ursprung, alkalihalten i tobak varje del \u00e4r olika.","og_url":"https:\/\/masterchem.fi\/sv\/produkt\/nikotin-cas-54-11-5\/","og_site_name":"MasterChem | kemikaalien tuotanto ja myynti","article_modified_time":"2023-09-21T19:04:44+00:00","og_image":[{"width":1000,"height":1000,"url":"https:\/\/masterchem.fi\/wp-content\/uploads\/2023\/09\/Nikotiin-1000l-MaterChem.jpg","type":"image\/jpeg"}],"twitter_card":"summary_large_image","schema":{"@context":"https:\/\/schema.org","@graph":[{"@type":"WebPage","@id":"https:\/\/masterchem.fi\/sv\/produkt\/nikotin-cas-54-11-5\/","url":"https:\/\/masterchem.fi\/sv\/produkt\/nikotin-cas-54-11-5\/","name":"Nikotin (CAS 54-11-5) - MasterChem | kemikaalien tuotanto ja myynti","isPartOf":{"@id":"https:\/\/masterchem.fi\/sv\/#website"},"primaryImageOfPage":{"@id":"https:\/\/masterchem.fi\/sv\/produkt\/nikotin-cas-54-11-5\/#primaryimage"},"image":{"@id":"https:\/\/masterchem.fi\/sv\/produkt\/nikotin-cas-54-11-5\/#primaryimage"},"thumbnailUrl":"https:\/\/masterchem.fi\/wp-content\/uploads\/2023\/09\/Nikotiin-1000l-MaterChem.jpg","datePublished":"2023-09-21T19:01:06+00:00","dateModified":"2023-09-21T19:04:44+00:00","description":"Nikotin \u00e4r \u00e4mnet i tobak, nikotininneh\u00e5llet i tobak eftersom det finns olika arter och ursprung, alkalihalten i tobak varje del \u00e4r olika.","breadcrumb":{"@id":"https:\/\/masterchem.fi\/sv\/produkt\/nikotin-cas-54-11-5\/#breadcrumb"},"inLanguage":"sv-SE","potentialAction":[{"@type":"ReadAction","target":["https:\/\/masterchem.fi\/sv\/produkt\/nikotin-cas-54-11-5\/"]}]},{"@type":"ImageObject","inLanguage":"sv-SE","@id":"https:\/\/masterchem.fi\/sv\/produkt\/nikotin-cas-54-11-5\/#primaryimage","url":"https:\/\/masterchem.fi\/wp-content\/uploads\/2023\/09\/Nikotiin-1000l-MaterChem.jpg","contentUrl":"https:\/\/masterchem.fi\/wp-content\/uploads\/2023\/09\/Nikotiin-1000l-MaterChem.jpg","width":1000,"height":1000},{"@type":"BreadcrumbList","@id":"https:\/\/masterchem.fi\/sv\/produkt\/nikotin-cas-54-11-5\/#breadcrumb","itemListElement":[{"@type":"ListItem","position":1,"name":"Home","item":"https:\/\/masterchem.fi\/sv\/"},{"@type":"ListItem","position":2,"name":"Butik","item":"https:\/\/masterchem.fi\/sv\/butik\/"},{"@type":"ListItem","position":3,"name":"Nikotin (CAS 54-11-5)"}]},{"@type":"WebSite","@id":"https:\/\/masterchem.fi\/sv\/#website","url":"https:\/\/masterchem.fi\/sv\/","name":"MasterChem | kemikaalien tuotanto ja myynti","description":"kemikaalien tuotanto ja myynti","potentialAction":[{"@type":"SearchAction","target":{"@type":"EntryPoint","urlTemplate":"https:\/\/masterchem.fi\/sv\/?s={search_term_string}"},"query-input":{"@type":"PropertyValueSpecification","valueRequired":true,"valueName":"search_term_string"}}],"inLanguage":"sv-SE"}]}},"_links":{"self":[{"href":"https:\/\/masterchem.fi\/sv\/wp-json\/wp\/v2\/product\/12520","targetHints":{"allow":["GET"]}}],"collection":[{"href":"https:\/\/masterchem.fi\/sv\/wp-json\/wp\/v2\/product"}],"about":[{"href":"https:\/\/masterchem.fi\/sv\/wp-json\/wp\/v2\/types\/product"}],"wp:featuredmedia":[{"embeddable":true,"href":"https:\/\/masterchem.fi\/sv\/wp-json\/wp\/v2\/media\/12537"}],"wp:attachment":[{"href":"https:\/\/masterchem.fi\/sv\/wp-json\/wp\/v2\/media?parent=12520"}],"wp:term":[{"taxonomy":"product_brand","embeddable":true,"href":"https:\/\/masterchem.fi\/sv\/wp-json\/wp\/v2\/product_brand?post=12520"},{"taxonomy":"product_cat","embeddable":true,"href":"https:\/\/masterchem.fi\/sv\/wp-json\/wp\/v2\/product_cat?post=12520"},{"taxonomy":"product_tag","embeddable":true,"href":"https:\/\/masterchem.fi\/sv\/wp-json\/wp\/v2\/product_tag?post=12520"}],"curies":[{"name":"wp","href":"https:\/\/api.w.org\/{rel}","templated":true}]}}