{"id":12548,"date":"2023-09-25T21:39:56","date_gmt":"2023-09-25T18:39:57","guid":{"rendered":"https:\/\/masterchem.fi\/?post_type=product&#038;p=12548"},"modified":"2023-09-25T21:44:00","modified_gmt":"2023-09-25T18:44:00","slug":"bis2-etylhexylsebacat-cas-122-62-3","status":"publish","type":"product","link":"https:\/\/masterchem.fi\/sv\/produkt\/bis2-etylhexylsebacat-cas-122-62-3\/","title":{"rendered":"Bis(2-etylhexyl)sebacat (CAS 122-62-3)"},"content":{"rendered":"<p>CAS-nummer: 122-62-3<br \/>\nWE-nummer: 204-558-8<br \/>\nKemisk formel: C26H50O4<br \/>\nMolvikt: 426,67 g\/mol<br \/>\nTulltaxekod: 29171390<br \/>\n<strong>Andra fysiska egenskaper<\/strong><br \/>\nSm\u00e4lt-\/fryspunkt: < -70\u00b0C\nKokpunkt\/intervall: 256\u00b0C\nRelativ densitet: 0,912 - 0,918 g\/cm3 (20\u00b0C)\n<\/p>\n","protected":false},"excerpt":{"rendered":"<p><strong>Bis (2-etylhexyl) sebacat (CAS 122-62-3)<\/strong><\/p>\n<p>Dioktylsebacat (\u00e4ven di(2-etylhexyl)sebacat, vanligen f\u00f6rkortat som DOS, DEHS och BEHS) \u00e4r en organisk f\u00f6rening som \u00e4r diestern av sebacinsyra och 2-etylhexanol. Det \u00e4r en oljig f\u00e4rgl\u00f6s v\u00e4tska och anv\u00e4nds som mjukg\u00f6rare, \u00e4ven i spr\u00e4ng\u00e4mnet C4. Det har ocks\u00e5 funnits i Dot 5-bromsv\u00e4tska, i esterbaserade motoroljor och tillsatser, som fr\u00f6partiklar f\u00f6r partikelbildshastighet (PIV) och som en modellf\u00f6rening som bildar stabila aerosoler.<\/p>\n","protected":false},"featured_media":12565,"template":"","meta":[],"product_brand":[],"product_cat":[106,116],"product_tag":[],"class_list":{"0":"post-12548","1":"product","2":"type-product","3":"status-publish","4":"has-post-thumbnail","6":"product_cat-lakemedelsindustri","7":"product_cat-alla-produkter","9":"first","10":"outofstock","11":"featured","12":"taxable","13":"shipping-taxable","14":"purchasable","15":"product-type-variable","16":"has-default-attributes","17":"rtwpvg-product"},"yoast_head":"<!-- This site is optimized with the Yoast SEO plugin v27.2 - https:\/\/yoast.com\/product\/yoast-seo-wordpress\/ -->\n<title>Bis(2-etylhexyl)sebacat (CAS 122-62-3) - MasterChem | kemikaalien tuotanto ja myynti<\/title>\n<meta name=\"description\" content=\"Dioktylsebacat (\u00e4ven di(2-etylhexyl)sebacat, vanligen f\u00f6rkortat som DOS, DEHS och BEHS) \u00e4r en organisk f\u00f6rening som \u00e4r diestern av sebacinsyra och 2-etylhexanol.\" \/>\n<meta name=\"robots\" content=\"index, follow, max-snippet:-1, max-image-preview:large, max-video-preview:-1\" \/>\n<link rel=\"canonical\" href=\"https:\/\/masterchem.fi\/sv\/produkt\/bis2-etylhexylsebacat-cas-122-62-3\/\" \/>\n<meta property=\"og:locale\" content=\"sv_SE\" \/>\n<meta property=\"og:type\" content=\"article\" \/>\n<meta property=\"og:title\" content=\"Bis(2-etylhexyl)sebacat (CAS 122-62-3) - MasterChem | kemikaalien tuotanto ja myynti\" \/>\n<meta property=\"og:description\" content=\"Dioktylsebacat (\u00e4ven di(2-etylhexyl)sebacat, vanligen f\u00f6rkortat som DOS, DEHS och BEHS) \u00e4r en organisk f\u00f6rening som \u00e4r diestern av sebacinsyra och 2-etylhexanol.\" \/>\n<meta property=\"og:url\" content=\"https:\/\/masterchem.fi\/sv\/produkt\/bis2-etylhexylsebacat-cas-122-62-3\/\" \/>\n<meta property=\"og:site_name\" content=\"MasterChem | kemikaalien tuotanto ja myynti\" \/>\n<meta property=\"article:modified_time\" content=\"2023-09-25T18:44:00+00:00\" \/>\n<meta property=\"og:image\" content=\"https:\/\/masterchem.fi\/wp-content\/uploads\/2023\/09\/Bis2-etuulheksuulsebatsaat-1000l-MaterChem.jpg\" \/>\n\t<meta property=\"og:image:width\" content=\"1000\" \/>\n\t<meta property=\"og:image:height\" content=\"1000\" \/>\n\t<meta property=\"og:image:type\" content=\"image\/jpeg\" \/>\n<meta name=\"twitter:card\" content=\"summary_large_image\" \/>\n<script type=\"application\/ld+json\" class=\"yoast-schema-graph\">{\"@context\":\"https:\/\/schema.org\",\"@graph\":[{\"@type\":\"WebPage\",\"@id\":\"https:\/\/masterchem.fi\/sv\/produkt\/bis2-etylhexylsebacat-cas-122-62-3\/\",\"url\":\"https:\/\/masterchem.fi\/sv\/produkt\/bis2-etylhexylsebacat-cas-122-62-3\/\",\"name\":\"Bis(2-etylhexyl)sebacat (CAS 122-62-3) - MasterChem | kemikaalien tuotanto ja myynti\",\"isPartOf\":{\"@id\":\"https:\/\/masterchem.fi\/sv\/#website\"},\"primaryImageOfPage\":{\"@id\":\"https:\/\/masterchem.fi\/sv\/produkt\/bis2-etylhexylsebacat-cas-122-62-3\/#primaryimage\"},\"image\":{\"@id\":\"https:\/\/masterchem.fi\/sv\/produkt\/bis2-etylhexylsebacat-cas-122-62-3\/#primaryimage\"},\"thumbnailUrl\":\"https:\/\/masterchem.fi\/wp-content\/uploads\/2023\/09\/Bis2-etuulheksuulsebatsaat-1000l-MaterChem.jpg\",\"datePublished\":\"2023-09-25T18:39:57+00:00\",\"dateModified\":\"2023-09-25T18:44:00+00:00\",\"description\":\"Dioktylsebacat (\u00e4ven di(2-etylhexyl)sebacat, vanligen f\u00f6rkortat som DOS, DEHS och BEHS) \u00e4r en organisk f\u00f6rening som \u00e4r diestern av sebacinsyra och 2-etylhexanol.\",\"breadcrumb\":{\"@id\":\"https:\/\/masterchem.fi\/sv\/produkt\/bis2-etylhexylsebacat-cas-122-62-3\/#breadcrumb\"},\"inLanguage\":\"sv-SE\",\"potentialAction\":[{\"@type\":\"ReadAction\",\"target\":[\"https:\/\/masterchem.fi\/sv\/produkt\/bis2-etylhexylsebacat-cas-122-62-3\/\"]}]},{\"@type\":\"ImageObject\",\"inLanguage\":\"sv-SE\",\"@id\":\"https:\/\/masterchem.fi\/sv\/produkt\/bis2-etylhexylsebacat-cas-122-62-3\/#primaryimage\",\"url\":\"https:\/\/masterchem.fi\/wp-content\/uploads\/2023\/09\/Bis2-etuulheksuulsebatsaat-1000l-MaterChem.jpg\",\"contentUrl\":\"https:\/\/masterchem.fi\/wp-content\/uploads\/2023\/09\/Bis2-etuulheksuulsebatsaat-1000l-MaterChem.jpg\",\"width\":1000,\"height\":1000},{\"@type\":\"BreadcrumbList\",\"@id\":\"https:\/\/masterchem.fi\/sv\/produkt\/bis2-etylhexylsebacat-cas-122-62-3\/#breadcrumb\",\"itemListElement\":[{\"@type\":\"ListItem\",\"position\":1,\"name\":\"Home\",\"item\":\"https:\/\/masterchem.fi\/sv\/\"},{\"@type\":\"ListItem\",\"position\":2,\"name\":\"Butik\",\"item\":\"https:\/\/masterchem.fi\/sv\/butik\/\"},{\"@type\":\"ListItem\",\"position\":3,\"name\":\"Bis(2-etylhexyl)sebacat (CAS 122-62-3)\"}]},{\"@type\":\"WebSite\",\"@id\":\"https:\/\/masterchem.fi\/sv\/#website\",\"url\":\"https:\/\/masterchem.fi\/sv\/\",\"name\":\"MasterChem | kemikaalien tuotanto ja myynti\",\"description\":\"kemikaalien tuotanto ja myynti\",\"potentialAction\":[{\"@type\":\"SearchAction\",\"target\":{\"@type\":\"EntryPoint\",\"urlTemplate\":\"https:\/\/masterchem.fi\/sv\/?s={search_term_string}\"},\"query-input\":{\"@type\":\"PropertyValueSpecification\",\"valueRequired\":true,\"valueName\":\"search_term_string\"}}],\"inLanguage\":\"sv-SE\"}]}<\/script>\n<!-- \/ Yoast SEO plugin. -->","yoast_head_json":{"title":"Bis(2-etylhexyl)sebacat (CAS 122-62-3) - MasterChem | kemikaalien tuotanto ja myynti","description":"Dioktylsebacat (\u00e4ven di(2-etylhexyl)sebacat, vanligen f\u00f6rkortat som DOS, DEHS och BEHS) \u00e4r en organisk f\u00f6rening som \u00e4r diestern av sebacinsyra och 2-etylhexanol.","robots":{"index":"index","follow":"follow","max-snippet":"max-snippet:-1","max-image-preview":"max-image-preview:large","max-video-preview":"max-video-preview:-1"},"canonical":"https:\/\/masterchem.fi\/sv\/produkt\/bis2-etylhexylsebacat-cas-122-62-3\/","og_locale":"sv_SE","og_type":"article","og_title":"Bis(2-etylhexyl)sebacat (CAS 122-62-3) - MasterChem | kemikaalien tuotanto ja myynti","og_description":"Dioktylsebacat (\u00e4ven di(2-etylhexyl)sebacat, vanligen f\u00f6rkortat som DOS, DEHS och BEHS) \u00e4r en organisk f\u00f6rening som \u00e4r diestern av sebacinsyra och 2-etylhexanol.","og_url":"https:\/\/masterchem.fi\/sv\/produkt\/bis2-etylhexylsebacat-cas-122-62-3\/","og_site_name":"MasterChem | kemikaalien tuotanto ja myynti","article_modified_time":"2023-09-25T18:44:00+00:00","og_image":[{"width":1000,"height":1000,"url":"https:\/\/masterchem.fi\/wp-content\/uploads\/2023\/09\/Bis2-etuulheksuulsebatsaat-1000l-MaterChem.jpg","type":"image\/jpeg"}],"twitter_card":"summary_large_image","schema":{"@context":"https:\/\/schema.org","@graph":[{"@type":"WebPage","@id":"https:\/\/masterchem.fi\/sv\/produkt\/bis2-etylhexylsebacat-cas-122-62-3\/","url":"https:\/\/masterchem.fi\/sv\/produkt\/bis2-etylhexylsebacat-cas-122-62-3\/","name":"Bis(2-etylhexyl)sebacat (CAS 122-62-3) - MasterChem | kemikaalien tuotanto ja myynti","isPartOf":{"@id":"https:\/\/masterchem.fi\/sv\/#website"},"primaryImageOfPage":{"@id":"https:\/\/masterchem.fi\/sv\/produkt\/bis2-etylhexylsebacat-cas-122-62-3\/#primaryimage"},"image":{"@id":"https:\/\/masterchem.fi\/sv\/produkt\/bis2-etylhexylsebacat-cas-122-62-3\/#primaryimage"},"thumbnailUrl":"https:\/\/masterchem.fi\/wp-content\/uploads\/2023\/09\/Bis2-etuulheksuulsebatsaat-1000l-MaterChem.jpg","datePublished":"2023-09-25T18:39:57+00:00","dateModified":"2023-09-25T18:44:00+00:00","description":"Dioktylsebacat (\u00e4ven di(2-etylhexyl)sebacat, vanligen f\u00f6rkortat som DOS, DEHS och BEHS) \u00e4r en organisk f\u00f6rening som \u00e4r diestern av sebacinsyra och 2-etylhexanol.","breadcrumb":{"@id":"https:\/\/masterchem.fi\/sv\/produkt\/bis2-etylhexylsebacat-cas-122-62-3\/#breadcrumb"},"inLanguage":"sv-SE","potentialAction":[{"@type":"ReadAction","target":["https:\/\/masterchem.fi\/sv\/produkt\/bis2-etylhexylsebacat-cas-122-62-3\/"]}]},{"@type":"ImageObject","inLanguage":"sv-SE","@id":"https:\/\/masterchem.fi\/sv\/produkt\/bis2-etylhexylsebacat-cas-122-62-3\/#primaryimage","url":"https:\/\/masterchem.fi\/wp-content\/uploads\/2023\/09\/Bis2-etuulheksuulsebatsaat-1000l-MaterChem.jpg","contentUrl":"https:\/\/masterchem.fi\/wp-content\/uploads\/2023\/09\/Bis2-etuulheksuulsebatsaat-1000l-MaterChem.jpg","width":1000,"height":1000},{"@type":"BreadcrumbList","@id":"https:\/\/masterchem.fi\/sv\/produkt\/bis2-etylhexylsebacat-cas-122-62-3\/#breadcrumb","itemListElement":[{"@type":"ListItem","position":1,"name":"Home","item":"https:\/\/masterchem.fi\/sv\/"},{"@type":"ListItem","position":2,"name":"Butik","item":"https:\/\/masterchem.fi\/sv\/butik\/"},{"@type":"ListItem","position":3,"name":"Bis(2-etylhexyl)sebacat (CAS 122-62-3)"}]},{"@type":"WebSite","@id":"https:\/\/masterchem.fi\/sv\/#website","url":"https:\/\/masterchem.fi\/sv\/","name":"MasterChem | kemikaalien tuotanto ja myynti","description":"kemikaalien tuotanto ja myynti","potentialAction":[{"@type":"SearchAction","target":{"@type":"EntryPoint","urlTemplate":"https:\/\/masterchem.fi\/sv\/?s={search_term_string}"},"query-input":{"@type":"PropertyValueSpecification","valueRequired":true,"valueName":"search_term_string"}}],"inLanguage":"sv-SE"}]}},"_links":{"self":[{"href":"https:\/\/masterchem.fi\/sv\/wp-json\/wp\/v2\/product\/12548","targetHints":{"allow":["GET"]}}],"collection":[{"href":"https:\/\/masterchem.fi\/sv\/wp-json\/wp\/v2\/product"}],"about":[{"href":"https:\/\/masterchem.fi\/sv\/wp-json\/wp\/v2\/types\/product"}],"wp:featuredmedia":[{"embeddable":true,"href":"https:\/\/masterchem.fi\/sv\/wp-json\/wp\/v2\/media\/12565"}],"wp:attachment":[{"href":"https:\/\/masterchem.fi\/sv\/wp-json\/wp\/v2\/media?parent=12548"}],"wp:term":[{"taxonomy":"product_brand","embeddable":true,"href":"https:\/\/masterchem.fi\/sv\/wp-json\/wp\/v2\/product_brand?post=12548"},{"taxonomy":"product_cat","embeddable":true,"href":"https:\/\/masterchem.fi\/sv\/wp-json\/wp\/v2\/product_cat?post=12548"},{"taxonomy":"product_tag","embeddable":true,"href":"https:\/\/masterchem.fi\/sv\/wp-json\/wp\/v2\/product_tag?post=12548"}],"curies":[{"name":"wp","href":"https:\/\/api.w.org\/{rel}","templated":true}]}}