{"id":12601,"date":"2023-10-17T20:43:50","date_gmt":"2023-10-17T17:43:51","guid":{"rendered":"https:\/\/masterchem.fi\/?post_type=product&#038;p=12601"},"modified":"2023-10-17T20:46:34","modified_gmt":"2023-10-17T17:46:34","slug":"12-hydroxistearinsyra-cas-106-14-9","status":"publish","type":"product","link":"https:\/\/masterchem.fi\/sv\/produkt\/12-hydroxistearinsyra-cas-106-14-9\/","title":{"rendered":"12-hydroxistearinsyra (CAS 106-14-9)"},"content":{"rendered":"<p>Branscher: L\u00e4kemedelsindustrin<br \/>\nCAS-nummer: 106-14-9<br \/>\nWE-nummer: 203-366-1<br \/>\nKemisk formel: C18H36O3<br \/>\nMolvikt: 300,48 g\/mol<br \/>\nTulltaxekod: 29181998<br \/>\n<strong>Andra fysiska egenskaper<\/strong><br \/>\npH: 7,8 \u2013 8,4 (50g\/l H2O w 20\u00b0C)<br \/>\nSm\u00e4lt-\/fryspunkt: 72 &#8211; 77\u00b0C<br \/>\nKokpunkt\/intervall: > 300\u00b0C<br \/>\nRelativ densitet: 0,95 g\/cm3 (25\u00b0C)<\/p>\n","protected":false},"excerpt":{"rendered":"<p><strong>12-hydroxistearinsyra (CAS 106-14-9)<\/strong><\/p>\n<p>12-hydroxistearinsyra \u00e4r ett av m\u00e5nga ricinoljederivat som s\u00e4ljs av Acme-Hardesty. \u00c4ven k\u00e4nd som 12-hydroxistearinsyra och 12-HSA, anv\u00e4nds det som f\u00f6rtjockningsmedel f\u00f6r kiselfett, som en gummiaktivator\/accelerator och vid tillverkning av vissa personliga hygienprodukter, bland andra applikationer. Anv\u00e4nd v\u00e5r produkt som ett h\u00e5llbart alternativ till andra mjukg\u00f6rande och f\u00f6rtjockningsmedel. F\u00f6r mer information om potentiella till\u00e4mpningar, se stearinsyrawikin eller kontakta en Acme-Hardesty-representant direkt.<\/p>\n<p>Produktegenskaper<br \/>\n12-hydroxistearinsyra s\u00e4ljs i flingor och f\u00f6rpackas i 25 kg p\u00e5sar och supers\u00e4ckar. Den finns att k\u00f6pa i v\u00e5r webbutik, eller genom att kontakta v\u00e5rt kontor direkt. F\u00f6rvara v\u00e5r 12-hydroxystearic vid rumstemperatur i upp till tv\u00e5 \u00e5r utan att oroa dig f\u00f6r nedbrytning.<\/p>\n","protected":false},"featured_media":12605,"template":"","meta":[],"product_brand":[],"product_cat":[106,116],"product_tag":[],"class_list":{"0":"post-12601","1":"product","2":"type-product","3":"status-publish","4":"has-post-thumbnail","6":"product_cat-lakemedelsindustri","7":"product_cat-alla-produkter","9":"first","10":"outofstock","11":"taxable","12":"shipping-taxable","13":"purchasable","14":"product-type-variable","15":"has-default-attributes","16":"rtwpvg-product"},"yoast_head":"<!-- This site is optimized with the Yoast SEO plugin v27.2 - https:\/\/yoast.com\/product\/yoast-seo-wordpress\/ -->\n<title>12-hydroxistearinsyra (CAS 106-14-9) - MasterChem | kemikaalien tuotanto ja myynti<\/title>\n<meta name=\"description\" content=\"12-hydroxistearinsyra \u00e4r ett av m\u00e5nga ricinoljederivat som s\u00e4ljs av Acme-Hardesty.\" \/>\n<meta name=\"robots\" content=\"index, follow, max-snippet:-1, max-image-preview:large, max-video-preview:-1\" \/>\n<link rel=\"canonical\" href=\"https:\/\/masterchem.fi\/sv\/produkt\/12-hydroxistearinsyra-cas-106-14-9\/\" \/>\n<meta property=\"og:locale\" content=\"sv_SE\" \/>\n<meta property=\"og:type\" content=\"article\" \/>\n<meta property=\"og:title\" content=\"12-hydroxistearinsyra (CAS 106-14-9) - MasterChem | kemikaalien tuotanto ja myynti\" \/>\n<meta property=\"og:description\" content=\"12-hydroxistearinsyra \u00e4r ett av m\u00e5nga ricinoljederivat som s\u00e4ljs av Acme-Hardesty.\" \/>\n<meta property=\"og:url\" content=\"https:\/\/masterchem.fi\/sv\/produkt\/12-hydroxistearinsyra-cas-106-14-9\/\" \/>\n<meta property=\"og:site_name\" content=\"MasterChem | kemikaalien tuotanto ja myynti\" \/>\n<meta property=\"article:modified_time\" content=\"2023-10-17T17:46:34+00:00\" \/>\n<meta property=\"og:image\" content=\"https:\/\/masterchem.fi\/wp-content\/uploads\/2023\/10\/12-hudroksusteariinhape-25kg-MasterChem.jpg\" \/>\n\t<meta property=\"og:image:width\" content=\"1000\" \/>\n\t<meta property=\"og:image:height\" content=\"1000\" \/>\n\t<meta property=\"og:image:type\" content=\"image\/jpeg\" \/>\n<meta name=\"twitter:card\" content=\"summary_large_image\" \/>\n<script type=\"application\/ld+json\" class=\"yoast-schema-graph\">{\"@context\":\"https:\/\/schema.org\",\"@graph\":[{\"@type\":\"WebPage\",\"@id\":\"https:\/\/masterchem.fi\/sv\/produkt\/12-hydroxistearinsyra-cas-106-14-9\/\",\"url\":\"https:\/\/masterchem.fi\/sv\/produkt\/12-hydroxistearinsyra-cas-106-14-9\/\",\"name\":\"12-hydroxistearinsyra (CAS 106-14-9) - MasterChem | kemikaalien tuotanto ja myynti\",\"isPartOf\":{\"@id\":\"https:\/\/masterchem.fi\/sv\/#website\"},\"primaryImageOfPage\":{\"@id\":\"https:\/\/masterchem.fi\/sv\/produkt\/12-hydroxistearinsyra-cas-106-14-9\/#primaryimage\"},\"image\":{\"@id\":\"https:\/\/masterchem.fi\/sv\/produkt\/12-hydroxistearinsyra-cas-106-14-9\/#primaryimage\"},\"thumbnailUrl\":\"https:\/\/masterchem.fi\/wp-content\/uploads\/2023\/10\/12-hudroksusteariinhape-25kg-MasterChem.jpg\",\"datePublished\":\"2023-10-17T17:43:51+00:00\",\"dateModified\":\"2023-10-17T17:46:34+00:00\",\"description\":\"12-hydroxistearinsyra \u00e4r ett av m\u00e5nga ricinoljederivat som s\u00e4ljs av Acme-Hardesty.\",\"breadcrumb\":{\"@id\":\"https:\/\/masterchem.fi\/sv\/produkt\/12-hydroxistearinsyra-cas-106-14-9\/#breadcrumb\"},\"inLanguage\":\"sv-SE\",\"potentialAction\":[{\"@type\":\"ReadAction\",\"target\":[\"https:\/\/masterchem.fi\/sv\/produkt\/12-hydroxistearinsyra-cas-106-14-9\/\"]}]},{\"@type\":\"ImageObject\",\"inLanguage\":\"sv-SE\",\"@id\":\"https:\/\/masterchem.fi\/sv\/produkt\/12-hydroxistearinsyra-cas-106-14-9\/#primaryimage\",\"url\":\"https:\/\/masterchem.fi\/wp-content\/uploads\/2023\/10\/12-hudroksusteariinhape-25kg-MasterChem.jpg\",\"contentUrl\":\"https:\/\/masterchem.fi\/wp-content\/uploads\/2023\/10\/12-hudroksusteariinhape-25kg-MasterChem.jpg\",\"width\":1000,\"height\":1000},{\"@type\":\"BreadcrumbList\",\"@id\":\"https:\/\/masterchem.fi\/sv\/produkt\/12-hydroxistearinsyra-cas-106-14-9\/#breadcrumb\",\"itemListElement\":[{\"@type\":\"ListItem\",\"position\":1,\"name\":\"Home\",\"item\":\"https:\/\/masterchem.fi\/sv\/\"},{\"@type\":\"ListItem\",\"position\":2,\"name\":\"Butik\",\"item\":\"https:\/\/masterchem.fi\/sv\/butik\/\"},{\"@type\":\"ListItem\",\"position\":3,\"name\":\"12-hydroxistearinsyra (CAS 106-14-9)\"}]},{\"@type\":\"WebSite\",\"@id\":\"https:\/\/masterchem.fi\/sv\/#website\",\"url\":\"https:\/\/masterchem.fi\/sv\/\",\"name\":\"MasterChem | kemikaalien tuotanto ja myynti\",\"description\":\"kemikaalien tuotanto ja myynti\",\"potentialAction\":[{\"@type\":\"SearchAction\",\"target\":{\"@type\":\"EntryPoint\",\"urlTemplate\":\"https:\/\/masterchem.fi\/sv\/?s={search_term_string}\"},\"query-input\":{\"@type\":\"PropertyValueSpecification\",\"valueRequired\":true,\"valueName\":\"search_term_string\"}}],\"inLanguage\":\"sv-SE\"}]}<\/script>\n<!-- \/ Yoast SEO plugin. -->","yoast_head_json":{"title":"12-hydroxistearinsyra (CAS 106-14-9) - MasterChem | kemikaalien tuotanto ja myynti","description":"12-hydroxistearinsyra \u00e4r ett av m\u00e5nga ricinoljederivat som s\u00e4ljs av Acme-Hardesty.","robots":{"index":"index","follow":"follow","max-snippet":"max-snippet:-1","max-image-preview":"max-image-preview:large","max-video-preview":"max-video-preview:-1"},"canonical":"https:\/\/masterchem.fi\/sv\/produkt\/12-hydroxistearinsyra-cas-106-14-9\/","og_locale":"sv_SE","og_type":"article","og_title":"12-hydroxistearinsyra (CAS 106-14-9) - MasterChem | kemikaalien tuotanto ja myynti","og_description":"12-hydroxistearinsyra \u00e4r ett av m\u00e5nga ricinoljederivat som s\u00e4ljs av Acme-Hardesty.","og_url":"https:\/\/masterchem.fi\/sv\/produkt\/12-hydroxistearinsyra-cas-106-14-9\/","og_site_name":"MasterChem | kemikaalien tuotanto ja myynti","article_modified_time":"2023-10-17T17:46:34+00:00","og_image":[{"width":1000,"height":1000,"url":"https:\/\/masterchem.fi\/wp-content\/uploads\/2023\/10\/12-hudroksusteariinhape-25kg-MasterChem.jpg","type":"image\/jpeg"}],"twitter_card":"summary_large_image","schema":{"@context":"https:\/\/schema.org","@graph":[{"@type":"WebPage","@id":"https:\/\/masterchem.fi\/sv\/produkt\/12-hydroxistearinsyra-cas-106-14-9\/","url":"https:\/\/masterchem.fi\/sv\/produkt\/12-hydroxistearinsyra-cas-106-14-9\/","name":"12-hydroxistearinsyra (CAS 106-14-9) - MasterChem | kemikaalien tuotanto ja myynti","isPartOf":{"@id":"https:\/\/masterchem.fi\/sv\/#website"},"primaryImageOfPage":{"@id":"https:\/\/masterchem.fi\/sv\/produkt\/12-hydroxistearinsyra-cas-106-14-9\/#primaryimage"},"image":{"@id":"https:\/\/masterchem.fi\/sv\/produkt\/12-hydroxistearinsyra-cas-106-14-9\/#primaryimage"},"thumbnailUrl":"https:\/\/masterchem.fi\/wp-content\/uploads\/2023\/10\/12-hudroksusteariinhape-25kg-MasterChem.jpg","datePublished":"2023-10-17T17:43:51+00:00","dateModified":"2023-10-17T17:46:34+00:00","description":"12-hydroxistearinsyra \u00e4r ett av m\u00e5nga ricinoljederivat som s\u00e4ljs av Acme-Hardesty.","breadcrumb":{"@id":"https:\/\/masterchem.fi\/sv\/produkt\/12-hydroxistearinsyra-cas-106-14-9\/#breadcrumb"},"inLanguage":"sv-SE","potentialAction":[{"@type":"ReadAction","target":["https:\/\/masterchem.fi\/sv\/produkt\/12-hydroxistearinsyra-cas-106-14-9\/"]}]},{"@type":"ImageObject","inLanguage":"sv-SE","@id":"https:\/\/masterchem.fi\/sv\/produkt\/12-hydroxistearinsyra-cas-106-14-9\/#primaryimage","url":"https:\/\/masterchem.fi\/wp-content\/uploads\/2023\/10\/12-hudroksusteariinhape-25kg-MasterChem.jpg","contentUrl":"https:\/\/masterchem.fi\/wp-content\/uploads\/2023\/10\/12-hudroksusteariinhape-25kg-MasterChem.jpg","width":1000,"height":1000},{"@type":"BreadcrumbList","@id":"https:\/\/masterchem.fi\/sv\/produkt\/12-hydroxistearinsyra-cas-106-14-9\/#breadcrumb","itemListElement":[{"@type":"ListItem","position":1,"name":"Home","item":"https:\/\/masterchem.fi\/sv\/"},{"@type":"ListItem","position":2,"name":"Butik","item":"https:\/\/masterchem.fi\/sv\/butik\/"},{"@type":"ListItem","position":3,"name":"12-hydroxistearinsyra (CAS 106-14-9)"}]},{"@type":"WebSite","@id":"https:\/\/masterchem.fi\/sv\/#website","url":"https:\/\/masterchem.fi\/sv\/","name":"MasterChem | kemikaalien tuotanto ja myynti","description":"kemikaalien tuotanto ja myynti","potentialAction":[{"@type":"SearchAction","target":{"@type":"EntryPoint","urlTemplate":"https:\/\/masterchem.fi\/sv\/?s={search_term_string}"},"query-input":{"@type":"PropertyValueSpecification","valueRequired":true,"valueName":"search_term_string"}}],"inLanguage":"sv-SE"}]}},"_links":{"self":[{"href":"https:\/\/masterchem.fi\/sv\/wp-json\/wp\/v2\/product\/12601","targetHints":{"allow":["GET"]}}],"collection":[{"href":"https:\/\/masterchem.fi\/sv\/wp-json\/wp\/v2\/product"}],"about":[{"href":"https:\/\/masterchem.fi\/sv\/wp-json\/wp\/v2\/types\/product"}],"wp:featuredmedia":[{"embeddable":true,"href":"https:\/\/masterchem.fi\/sv\/wp-json\/wp\/v2\/media\/12605"}],"wp:attachment":[{"href":"https:\/\/masterchem.fi\/sv\/wp-json\/wp\/v2\/media?parent=12601"}],"wp:term":[{"taxonomy":"product_brand","embeddable":true,"href":"https:\/\/masterchem.fi\/sv\/wp-json\/wp\/v2\/product_brand?post=12601"},{"taxonomy":"product_cat","embeddable":true,"href":"https:\/\/masterchem.fi\/sv\/wp-json\/wp\/v2\/product_cat?post=12601"},{"taxonomy":"product_tag","embeddable":true,"href":"https:\/\/masterchem.fi\/sv\/wp-json\/wp\/v2\/product_tag?post=12601"}],"curies":[{"name":"wp","href":"https:\/\/api.w.org\/{rel}","templated":true}]}}