{"id":12612,"date":"2023-10-23T20:05:37","date_gmt":"2023-10-23T17:05:39","guid":{"rendered":"https:\/\/masterchem.fi\/?post_type=product&#038;p=12612"},"modified":"2023-10-23T20:09:32","modified_gmt":"2023-10-23T17:09:32","slug":"acetylsalicylsyra-cas-50-78-2","status":"publish","type":"product","link":"https:\/\/masterchem.fi\/sv\/produkt\/acetylsalicylsyra-cas-50-78-2\/","title":{"rendered":"Acetylsalicylsyra (CAS 50-78-2)"},"content":{"rendered":"<p>Branscher: L\u00e4kemedelsindustrin<br \/>\nCAS-nummer: 50-78-2<br \/>\nWE-nummer: 200-064-1<br \/>\nKemisk formel: C9H8O4<br \/>\nMolmassa: 180,16 g\/mol<br \/>\nTulltaxekod: 29182200<br \/>\nADR: UN2811<br \/>\n<strong>Andra fysiska egenskaper<\/strong><br \/>\nSm\u00e4lt-\/fryspunkt: 136\u00b0C<br \/>\nKokpunkt\/intervall: 140\u00b0C<br \/>\nRelativ densitet: 1,35 g\/cm3 (20\u00b0C)<br \/>\nL\u00f6slighet i vatten: 3 g\/l (20\u00b0C)<\/p>\n","protected":false},"excerpt":{"rendered":"<p><strong>Acetylsalicylsyra (CAS 50-78-2)<\/strong><\/p>\n<p>Aspirin, \u00e4ven k\u00e4nd som acetylsalicylsyra (ASA), \u00e4r ett icke-steroid antiinflammatoriskt l\u00e4kemedel (NSAID) som anv\u00e4nds f\u00f6r att minska sm\u00e4rta, feber och\/eller inflammation, och som ett antitrombotikum. Specifika inflammatoriska tillst\u00e5nd som acetylsalicylsyra anv\u00e4nds f\u00f6r att behandla inkluderar Kawasakis sjukdom, perikardit och reumatisk feber.<\/p>\n<p>Aspirin s\u00f6nderdelas snabbt i l\u00f6sningar av ammoniumacetat eller acetater, karbonater, citrater eller hydroxider av alkalimetaller. Det \u00e4r stabilt i torr luft, men hydrolyseras gradvis i kontakt med fukt till \u00e4ttik- och salicylsyror. I l\u00f6sning med alkalier fortskrider hydrolysen snabbt och de klara l\u00f6sningarna som bildas kan helt best\u00e5 av acetat och salicylat.<\/p>\n","protected":false},"featured_media":12616,"template":"","meta":[],"product_brand":[],"product_cat":[106,116],"product_tag":[],"class_list":{"0":"post-12612","1":"product","2":"type-product","3":"status-publish","4":"has-post-thumbnail","6":"product_cat-lakemedelsindustri","7":"product_cat-alla-produkter","9":"first","10":"instock","11":"taxable","12":"shipping-taxable","13":"purchasable","14":"product-type-variable","15":"has-default-attributes","16":"rtwpvg-product"},"yoast_head":"<!-- This site is optimized with the Yoast SEO plugin v27.5 - https:\/\/yoast.com\/product\/yoast-seo-wordpress\/ -->\n<title>Acetylsalicylsyra (CAS 50-78-2) - MasterChem | kemikaalien tuotanto ja myynti<\/title>\n<meta name=\"description\" content=\"Aspirin, \u00e4ven k\u00e4nd som acetylsalicylsyra (ASA), \u00e4r ett icke-steroid antiinflammatoriskt l\u00e4kemedel (NSAID) som anv\u00e4nds f\u00f6r att minska sm\u00e4rta, feber och\/eller inflammation, och som ett antitrombotikum.\" \/>\n<meta name=\"robots\" content=\"index, follow, max-snippet:-1, max-image-preview:large, max-video-preview:-1\" \/>\n<link rel=\"canonical\" href=\"https:\/\/masterchem.fi\/sv\/produkt\/acetylsalicylsyra-cas-50-78-2\/\" \/>\n<meta property=\"og:locale\" content=\"sv_SE\" \/>\n<meta property=\"og:type\" content=\"article\" \/>\n<meta property=\"og:title\" content=\"Acetylsalicylsyra (CAS 50-78-2) - MasterChem | kemikaalien tuotanto ja myynti\" \/>\n<meta property=\"og:description\" content=\"Aspirin, \u00e4ven k\u00e4nd som acetylsalicylsyra (ASA), \u00e4r ett icke-steroid antiinflammatoriskt l\u00e4kemedel (NSAID) som anv\u00e4nds f\u00f6r att minska sm\u00e4rta, feber och\/eller inflammation, och som ett antitrombotikum.\" \/>\n<meta property=\"og:url\" content=\"https:\/\/masterchem.fi\/sv\/produkt\/acetylsalicylsyra-cas-50-78-2\/\" \/>\n<meta property=\"og:site_name\" content=\"MasterChem | kemikaalien tuotanto ja myynti\" \/>\n<meta property=\"article:modified_time\" content=\"2023-10-23T17:09:32+00:00\" \/>\n<meta property=\"og:image\" content=\"https:\/\/masterchem.fi\/wp-content\/uploads\/2023\/10\/Atsetuulsalitsuulhape-25kg-MasterChem.jpg\" \/>\n\t<meta property=\"og:image:width\" content=\"1000\" \/>\n\t<meta property=\"og:image:height\" content=\"1000\" \/>\n\t<meta property=\"og:image:type\" content=\"image\/jpeg\" \/>\n<meta name=\"twitter:card\" content=\"summary_large_image\" \/>\n<script type=\"application\/ld+json\" class=\"yoast-schema-graph\">{\"@context\":\"https:\\\/\\\/schema.org\",\"@graph\":[{\"@type\":\"WebPage\",\"@id\":\"https:\\\/\\\/masterchem.fi\\\/sv\\\/produkt\\\/acetylsalicylsyra-cas-50-78-2\\\/\",\"url\":\"https:\\\/\\\/masterchem.fi\\\/sv\\\/produkt\\\/acetylsalicylsyra-cas-50-78-2\\\/\",\"name\":\"Acetylsalicylsyra (CAS 50-78-2) - MasterChem | kemikaalien tuotanto ja myynti\",\"isPartOf\":{\"@id\":\"https:\\\/\\\/masterchem.fi\\\/sv\\\/#website\"},\"primaryImageOfPage\":{\"@id\":\"https:\\\/\\\/masterchem.fi\\\/sv\\\/produkt\\\/acetylsalicylsyra-cas-50-78-2\\\/#primaryimage\"},\"image\":{\"@id\":\"https:\\\/\\\/masterchem.fi\\\/sv\\\/produkt\\\/acetylsalicylsyra-cas-50-78-2\\\/#primaryimage\"},\"thumbnailUrl\":\"https:\\\/\\\/masterchem.fi\\\/wp-content\\\/uploads\\\/2023\\\/10\\\/Atsetuulsalitsuulhape-25kg-MasterChem.jpg\",\"datePublished\":\"2023-10-23T17:05:39+00:00\",\"dateModified\":\"2023-10-23T17:09:32+00:00\",\"description\":\"Aspirin, \u00e4ven k\u00e4nd som acetylsalicylsyra (ASA), \u00e4r ett icke-steroid antiinflammatoriskt l\u00e4kemedel (NSAID) som anv\u00e4nds f\u00f6r att minska sm\u00e4rta, feber och\\\/eller inflammation, och som ett antitrombotikum.\",\"breadcrumb\":{\"@id\":\"https:\\\/\\\/masterchem.fi\\\/sv\\\/produkt\\\/acetylsalicylsyra-cas-50-78-2\\\/#breadcrumb\"},\"inLanguage\":\"sv-SE\",\"potentialAction\":[{\"@type\":\"ReadAction\",\"target\":[\"https:\\\/\\\/masterchem.fi\\\/sv\\\/produkt\\\/acetylsalicylsyra-cas-50-78-2\\\/\"]}]},{\"@type\":\"ImageObject\",\"inLanguage\":\"sv-SE\",\"@id\":\"https:\\\/\\\/masterchem.fi\\\/sv\\\/produkt\\\/acetylsalicylsyra-cas-50-78-2\\\/#primaryimage\",\"url\":\"https:\\\/\\\/masterchem.fi\\\/wp-content\\\/uploads\\\/2023\\\/10\\\/Atsetuulsalitsuulhape-25kg-MasterChem.jpg\",\"contentUrl\":\"https:\\\/\\\/masterchem.fi\\\/wp-content\\\/uploads\\\/2023\\\/10\\\/Atsetuulsalitsuulhape-25kg-MasterChem.jpg\",\"width\":1000,\"height\":1000},{\"@type\":\"BreadcrumbList\",\"@id\":\"https:\\\/\\\/masterchem.fi\\\/sv\\\/produkt\\\/acetylsalicylsyra-cas-50-78-2\\\/#breadcrumb\",\"itemListElement\":[{\"@type\":\"ListItem\",\"position\":1,\"name\":\"Home\",\"item\":\"https:\\\/\\\/masterchem.fi\\\/sv\\\/\"},{\"@type\":\"ListItem\",\"position\":2,\"name\":\"Butik\",\"item\":\"https:\\\/\\\/masterchem.fi\\\/sv\\\/butik\\\/\"},{\"@type\":\"ListItem\",\"position\":3,\"name\":\"Acetylsalicylsyra (CAS 50-78-2)\"}]},{\"@type\":\"WebSite\",\"@id\":\"https:\\\/\\\/masterchem.fi\\\/sv\\\/#website\",\"url\":\"https:\\\/\\\/masterchem.fi\\\/sv\\\/\",\"name\":\"MasterChem | kemikaalien tuotanto ja myynti\",\"description\":\"kemikaalien tuotanto ja myynti\",\"potentialAction\":[{\"@type\":\"SearchAction\",\"target\":{\"@type\":\"EntryPoint\",\"urlTemplate\":\"https:\\\/\\\/masterchem.fi\\\/sv\\\/?s={search_term_string}\"},\"query-input\":{\"@type\":\"PropertyValueSpecification\",\"valueRequired\":true,\"valueName\":\"search_term_string\"}}],\"inLanguage\":\"sv-SE\"}]}<\/script>\n<!-- \/ Yoast SEO plugin. -->","yoast_head_json":{"title":"Acetylsalicylsyra (CAS 50-78-2) - MasterChem | kemikaalien tuotanto ja myynti","description":"Aspirin, \u00e4ven k\u00e4nd som acetylsalicylsyra (ASA), \u00e4r ett icke-steroid antiinflammatoriskt l\u00e4kemedel (NSAID) som anv\u00e4nds f\u00f6r att minska sm\u00e4rta, feber och\/eller inflammation, och som ett antitrombotikum.","robots":{"index":"index","follow":"follow","max-snippet":"max-snippet:-1","max-image-preview":"max-image-preview:large","max-video-preview":"max-video-preview:-1"},"canonical":"https:\/\/masterchem.fi\/sv\/produkt\/acetylsalicylsyra-cas-50-78-2\/","og_locale":"sv_SE","og_type":"article","og_title":"Acetylsalicylsyra (CAS 50-78-2) - MasterChem | kemikaalien tuotanto ja myynti","og_description":"Aspirin, \u00e4ven k\u00e4nd som acetylsalicylsyra (ASA), \u00e4r ett icke-steroid antiinflammatoriskt l\u00e4kemedel (NSAID) som anv\u00e4nds f\u00f6r att minska sm\u00e4rta, feber och\/eller inflammation, och som ett antitrombotikum.","og_url":"https:\/\/masterchem.fi\/sv\/produkt\/acetylsalicylsyra-cas-50-78-2\/","og_site_name":"MasterChem | kemikaalien tuotanto ja myynti","article_modified_time":"2023-10-23T17:09:32+00:00","og_image":[{"width":1000,"height":1000,"url":"https:\/\/masterchem.fi\/wp-content\/uploads\/2023\/10\/Atsetuulsalitsuulhape-25kg-MasterChem.jpg","type":"image\/jpeg"}],"twitter_card":"summary_large_image","schema":{"@context":"https:\/\/schema.org","@graph":[{"@type":"WebPage","@id":"https:\/\/masterchem.fi\/sv\/produkt\/acetylsalicylsyra-cas-50-78-2\/","url":"https:\/\/masterchem.fi\/sv\/produkt\/acetylsalicylsyra-cas-50-78-2\/","name":"Acetylsalicylsyra (CAS 50-78-2) - MasterChem | kemikaalien tuotanto ja myynti","isPartOf":{"@id":"https:\/\/masterchem.fi\/sv\/#website"},"primaryImageOfPage":{"@id":"https:\/\/masterchem.fi\/sv\/produkt\/acetylsalicylsyra-cas-50-78-2\/#primaryimage"},"image":{"@id":"https:\/\/masterchem.fi\/sv\/produkt\/acetylsalicylsyra-cas-50-78-2\/#primaryimage"},"thumbnailUrl":"https:\/\/masterchem.fi\/wp-content\/uploads\/2023\/10\/Atsetuulsalitsuulhape-25kg-MasterChem.jpg","datePublished":"2023-10-23T17:05:39+00:00","dateModified":"2023-10-23T17:09:32+00:00","description":"Aspirin, \u00e4ven k\u00e4nd som acetylsalicylsyra (ASA), \u00e4r ett icke-steroid antiinflammatoriskt l\u00e4kemedel (NSAID) som anv\u00e4nds f\u00f6r att minska sm\u00e4rta, feber och\/eller inflammation, och som ett antitrombotikum.","breadcrumb":{"@id":"https:\/\/masterchem.fi\/sv\/produkt\/acetylsalicylsyra-cas-50-78-2\/#breadcrumb"},"inLanguage":"sv-SE","potentialAction":[{"@type":"ReadAction","target":["https:\/\/masterchem.fi\/sv\/produkt\/acetylsalicylsyra-cas-50-78-2\/"]}]},{"@type":"ImageObject","inLanguage":"sv-SE","@id":"https:\/\/masterchem.fi\/sv\/produkt\/acetylsalicylsyra-cas-50-78-2\/#primaryimage","url":"https:\/\/masterchem.fi\/wp-content\/uploads\/2023\/10\/Atsetuulsalitsuulhape-25kg-MasterChem.jpg","contentUrl":"https:\/\/masterchem.fi\/wp-content\/uploads\/2023\/10\/Atsetuulsalitsuulhape-25kg-MasterChem.jpg","width":1000,"height":1000},{"@type":"BreadcrumbList","@id":"https:\/\/masterchem.fi\/sv\/produkt\/acetylsalicylsyra-cas-50-78-2\/#breadcrumb","itemListElement":[{"@type":"ListItem","position":1,"name":"Home","item":"https:\/\/masterchem.fi\/sv\/"},{"@type":"ListItem","position":2,"name":"Butik","item":"https:\/\/masterchem.fi\/sv\/butik\/"},{"@type":"ListItem","position":3,"name":"Acetylsalicylsyra (CAS 50-78-2)"}]},{"@type":"WebSite","@id":"https:\/\/masterchem.fi\/sv\/#website","url":"https:\/\/masterchem.fi\/sv\/","name":"MasterChem | kemikaalien tuotanto ja myynti","description":"kemikaalien tuotanto ja myynti","potentialAction":[{"@type":"SearchAction","target":{"@type":"EntryPoint","urlTemplate":"https:\/\/masterchem.fi\/sv\/?s={search_term_string}"},"query-input":{"@type":"PropertyValueSpecification","valueRequired":true,"valueName":"search_term_string"}}],"inLanguage":"sv-SE"}]}},"_links":{"self":[{"href":"https:\/\/masterchem.fi\/sv\/wp-json\/wp\/v2\/product\/12612","targetHints":{"allow":["GET"]}}],"collection":[{"href":"https:\/\/masterchem.fi\/sv\/wp-json\/wp\/v2\/product"}],"about":[{"href":"https:\/\/masterchem.fi\/sv\/wp-json\/wp\/v2\/types\/product"}],"wp:featuredmedia":[{"embeddable":true,"href":"https:\/\/masterchem.fi\/sv\/wp-json\/wp\/v2\/media\/12616"}],"wp:attachment":[{"href":"https:\/\/masterchem.fi\/sv\/wp-json\/wp\/v2\/media?parent=12612"}],"wp:term":[{"taxonomy":"product_brand","embeddable":true,"href":"https:\/\/masterchem.fi\/sv\/wp-json\/wp\/v2\/product_brand?post=12612"},{"taxonomy":"product_cat","embeddable":true,"href":"https:\/\/masterchem.fi\/sv\/wp-json\/wp\/v2\/product_cat?post=12612"},{"taxonomy":"product_tag","embeddable":true,"href":"https:\/\/masterchem.fi\/sv\/wp-json\/wp\/v2\/product_tag?post=12612"}],"curies":[{"name":"wp","href":"https:\/\/api.w.org\/{rel}","templated":true}]}}