{"id":12623,"date":"2023-10-24T21:13:26","date_gmt":"2023-10-24T18:13:28","guid":{"rendered":"https:\/\/masterchem.fi\/?post_type=product&#038;p=12623"},"modified":"2023-10-24T21:16:12","modified_gmt":"2023-10-24T18:16:12","slug":"barnstenssyra-cas-110-15-6","status":"publish","type":"product","link":"https:\/\/masterchem.fi\/sv\/produkt\/barnstenssyra-cas-110-15-6\/","title":{"rendered":"B\u00e4rnstenssyra (CAS 110-15-6)"},"content":{"rendered":"<p>Branscher: L\u00e4kemedelsindustrin<br \/>\nCAS-nummer: 110-15-6<br \/>\nWE-nummer: 203-740-4<br \/>\nKemisk formel: C4H6O4<br \/>\nMolvikt: 118,09 g\/mol<br \/>\nTulltaxekod: 29171980<br \/>\n<strong>Andra fysiska egenskaper<\/strong><br \/>\npH: 2,7 (10 g\/l v 20\u00b0C)<br \/>\nSm\u00e4lt-\/fryspunkt: 187\u00b0C<br \/>\nKokpunkt\/intervall: 235\u00b0C<br \/>\nRelativ densitet: 1,32 g\/cm3 (20\u00b0C)<br \/>\nL\u00f6slighet i vatten: 2,9 g\/l (25\u00b0C)<\/p>\n","protected":false},"excerpt":{"rendered":"<p><strong>B\u00e4rnstenssyra (CAS 110-15-6)<\/strong><\/p>\n<p>B\u00e4rnstenssyra (\/s\u0259k\u02c8s\u026an\u026ak\/) \u00e4r en dikarboxylsyra med den kemiska formeln (CH2)2(CO2H)2. I levande organismer tar b\u00e4rnstenssyra formen av en anjon, succinat, som har flera biologiska roller som en metabolisk intermedi\u00e4r som omvandlas till fumarat av enzymet succinatdehydrogenas i komplex 2 i elektrontransportkedjan som \u00e4r involverad i att g\u00f6ra ATP, och som en signalmolekyl som \u00e5terspeglar det cellul\u00e4ra metaboliska tillst\u00e5ndet.<\/p>\n<p>Succinat genereras i mitokondrier via trikarboxylsyracykeln (TCA). Succinat kan l\u00e4mna den mitokondriella matrisen och fungera i cytoplasman s\u00e5v\u00e4l som det extracellul\u00e4ra utrymmet, \u00e4ndra genuttrycksm\u00f6nster, modulera epigenetiskt landskap eller demonstrera hormonliknande signalering. Som s\u00e5dan l\u00e4nkar succinat cellul\u00e4r metabolism, s\u00e4rskilt ATP-bildning, till regleringen av cellul\u00e4r funktion.<\/p>\n<p>Dysreglering av succinatsyntes, och d\u00e4rf\u00f6r ATP-syntes, sker vid vissa genetiska mitokondriella sjukdomar, s\u00e5som Leighs syndrom och Melas syndrom, och nedbrytning kan leda till patologiska tillst\u00e5nd, s\u00e5som malign transformation, inflammation och v\u00e4vnadsskada.<\/p >\n<p>B\u00e4rnstenssyra marknadsf\u00f6rs som livsmedelstillsats E363. Namnet kommer fr\u00e5n latinets succinum, som betyder b\u00e4rnsten.<\/p>\n","protected":false},"featured_media":12627,"template":"","meta":[],"product_brand":[],"product_cat":[106,116],"product_tag":[],"class_list":{"0":"post-12623","1":"product","2":"type-product","3":"status-publish","4":"has-post-thumbnail","6":"product_cat-lakemedelsindustri","7":"product_cat-alla-produkter","9":"first","10":"instock","11":"taxable","12":"shipping-taxable","13":"purchasable","14":"product-type-variable","15":"has-default-attributes","16":"rtwpvg-product"},"yoast_head":"<!-- This site is optimized with the Yoast SEO plugin v27.2 - https:\/\/yoast.com\/product\/yoast-seo-wordpress\/ -->\n<title>B\u00e4rnstenssyra (CAS 110-15-6) - MasterChem | kemikaalien tuotanto ja myynti<\/title>\n<meta name=\"description\" content=\"B\u00e4rnstenssyra \u00e4r en dikarboxylsyra med den kemiska formeln (CH2)2(CO2H)2. B\u00e4rnstenssyra marknadsf\u00f6rs som livsmedelstillsats E363.\" \/>\n<meta name=\"robots\" content=\"index, follow, max-snippet:-1, max-image-preview:large, max-video-preview:-1\" \/>\n<link rel=\"canonical\" href=\"https:\/\/masterchem.fi\/sv\/produkt\/barnstenssyra-cas-110-15-6\/\" \/>\n<meta property=\"og:locale\" content=\"sv_SE\" \/>\n<meta property=\"og:type\" content=\"article\" \/>\n<meta property=\"og:title\" content=\"B\u00e4rnstenssyra (CAS 110-15-6) - MasterChem | kemikaalien tuotanto ja myynti\" \/>\n<meta property=\"og:description\" content=\"B\u00e4rnstenssyra \u00e4r en dikarboxylsyra med den kemiska formeln (CH2)2(CO2H)2. B\u00e4rnstenssyra marknadsf\u00f6rs som livsmedelstillsats E363.\" \/>\n<meta property=\"og:url\" content=\"https:\/\/masterchem.fi\/sv\/produkt\/barnstenssyra-cas-110-15-6\/\" \/>\n<meta property=\"og:site_name\" content=\"MasterChem | kemikaalien tuotanto ja myynti\" \/>\n<meta property=\"article:modified_time\" content=\"2023-10-24T18:16:12+00:00\" \/>\n<meta property=\"og:image\" content=\"https:\/\/masterchem.fi\/wp-content\/uploads\/2023\/10\/Merevaikhape-25kg-MasterChem.jpg\" \/>\n\t<meta property=\"og:image:width\" content=\"1000\" \/>\n\t<meta property=\"og:image:height\" content=\"1000\" \/>\n\t<meta property=\"og:image:type\" content=\"image\/jpeg\" \/>\n<meta name=\"twitter:card\" content=\"summary_large_image\" \/>\n<script type=\"application\/ld+json\" class=\"yoast-schema-graph\">{\"@context\":\"https:\/\/schema.org\",\"@graph\":[{\"@type\":\"WebPage\",\"@id\":\"https:\/\/masterchem.fi\/sv\/produkt\/barnstenssyra-cas-110-15-6\/\",\"url\":\"https:\/\/masterchem.fi\/sv\/produkt\/barnstenssyra-cas-110-15-6\/\",\"name\":\"B\u00e4rnstenssyra (CAS 110-15-6) - MasterChem | kemikaalien tuotanto ja myynti\",\"isPartOf\":{\"@id\":\"https:\/\/masterchem.fi\/sv\/#website\"},\"primaryImageOfPage\":{\"@id\":\"https:\/\/masterchem.fi\/sv\/produkt\/barnstenssyra-cas-110-15-6\/#primaryimage\"},\"image\":{\"@id\":\"https:\/\/masterchem.fi\/sv\/produkt\/barnstenssyra-cas-110-15-6\/#primaryimage\"},\"thumbnailUrl\":\"https:\/\/masterchem.fi\/wp-content\/uploads\/2023\/10\/Merevaikhape-25kg-MasterChem.jpg\",\"datePublished\":\"2023-10-24T18:13:28+00:00\",\"dateModified\":\"2023-10-24T18:16:12+00:00\",\"description\":\"B\u00e4rnstenssyra \u00e4r en dikarboxylsyra med den kemiska formeln (CH2)2(CO2H)2. B\u00e4rnstenssyra marknadsf\u00f6rs som livsmedelstillsats E363.\",\"breadcrumb\":{\"@id\":\"https:\/\/masterchem.fi\/sv\/produkt\/barnstenssyra-cas-110-15-6\/#breadcrumb\"},\"inLanguage\":\"sv-SE\",\"potentialAction\":[{\"@type\":\"ReadAction\",\"target\":[\"https:\/\/masterchem.fi\/sv\/produkt\/barnstenssyra-cas-110-15-6\/\"]}]},{\"@type\":\"ImageObject\",\"inLanguage\":\"sv-SE\",\"@id\":\"https:\/\/masterchem.fi\/sv\/produkt\/barnstenssyra-cas-110-15-6\/#primaryimage\",\"url\":\"https:\/\/masterchem.fi\/wp-content\/uploads\/2023\/10\/Merevaikhape-25kg-MasterChem.jpg\",\"contentUrl\":\"https:\/\/masterchem.fi\/wp-content\/uploads\/2023\/10\/Merevaikhape-25kg-MasterChem.jpg\",\"width\":1000,\"height\":1000},{\"@type\":\"BreadcrumbList\",\"@id\":\"https:\/\/masterchem.fi\/sv\/produkt\/barnstenssyra-cas-110-15-6\/#breadcrumb\",\"itemListElement\":[{\"@type\":\"ListItem\",\"position\":1,\"name\":\"Home\",\"item\":\"https:\/\/masterchem.fi\/sv\/\"},{\"@type\":\"ListItem\",\"position\":2,\"name\":\"Butik\",\"item\":\"https:\/\/masterchem.fi\/sv\/butik\/\"},{\"@type\":\"ListItem\",\"position\":3,\"name\":\"B\u00e4rnstenssyra (CAS 110-15-6)\"}]},{\"@type\":\"WebSite\",\"@id\":\"https:\/\/masterchem.fi\/sv\/#website\",\"url\":\"https:\/\/masterchem.fi\/sv\/\",\"name\":\"MasterChem | kemikaalien tuotanto ja myynti\",\"description\":\"kemikaalien tuotanto ja myynti\",\"potentialAction\":[{\"@type\":\"SearchAction\",\"target\":{\"@type\":\"EntryPoint\",\"urlTemplate\":\"https:\/\/masterchem.fi\/sv\/?s={search_term_string}\"},\"query-input\":{\"@type\":\"PropertyValueSpecification\",\"valueRequired\":true,\"valueName\":\"search_term_string\"}}],\"inLanguage\":\"sv-SE\"}]}<\/script>\n<!-- \/ Yoast SEO plugin. -->","yoast_head_json":{"title":"B\u00e4rnstenssyra (CAS 110-15-6) - MasterChem | kemikaalien tuotanto ja myynti","description":"B\u00e4rnstenssyra \u00e4r en dikarboxylsyra med den kemiska formeln (CH2)2(CO2H)2. B\u00e4rnstenssyra marknadsf\u00f6rs som livsmedelstillsats E363.","robots":{"index":"index","follow":"follow","max-snippet":"max-snippet:-1","max-image-preview":"max-image-preview:large","max-video-preview":"max-video-preview:-1"},"canonical":"https:\/\/masterchem.fi\/sv\/produkt\/barnstenssyra-cas-110-15-6\/","og_locale":"sv_SE","og_type":"article","og_title":"B\u00e4rnstenssyra (CAS 110-15-6) - MasterChem | kemikaalien tuotanto ja myynti","og_description":"B\u00e4rnstenssyra \u00e4r en dikarboxylsyra med den kemiska formeln (CH2)2(CO2H)2. B\u00e4rnstenssyra marknadsf\u00f6rs som livsmedelstillsats E363.","og_url":"https:\/\/masterchem.fi\/sv\/produkt\/barnstenssyra-cas-110-15-6\/","og_site_name":"MasterChem | kemikaalien tuotanto ja myynti","article_modified_time":"2023-10-24T18:16:12+00:00","og_image":[{"width":1000,"height":1000,"url":"https:\/\/masterchem.fi\/wp-content\/uploads\/2023\/10\/Merevaikhape-25kg-MasterChem.jpg","type":"image\/jpeg"}],"twitter_card":"summary_large_image","schema":{"@context":"https:\/\/schema.org","@graph":[{"@type":"WebPage","@id":"https:\/\/masterchem.fi\/sv\/produkt\/barnstenssyra-cas-110-15-6\/","url":"https:\/\/masterchem.fi\/sv\/produkt\/barnstenssyra-cas-110-15-6\/","name":"B\u00e4rnstenssyra (CAS 110-15-6) - MasterChem | kemikaalien tuotanto ja myynti","isPartOf":{"@id":"https:\/\/masterchem.fi\/sv\/#website"},"primaryImageOfPage":{"@id":"https:\/\/masterchem.fi\/sv\/produkt\/barnstenssyra-cas-110-15-6\/#primaryimage"},"image":{"@id":"https:\/\/masterchem.fi\/sv\/produkt\/barnstenssyra-cas-110-15-6\/#primaryimage"},"thumbnailUrl":"https:\/\/masterchem.fi\/wp-content\/uploads\/2023\/10\/Merevaikhape-25kg-MasterChem.jpg","datePublished":"2023-10-24T18:13:28+00:00","dateModified":"2023-10-24T18:16:12+00:00","description":"B\u00e4rnstenssyra \u00e4r en dikarboxylsyra med den kemiska formeln (CH2)2(CO2H)2. B\u00e4rnstenssyra marknadsf\u00f6rs som livsmedelstillsats E363.","breadcrumb":{"@id":"https:\/\/masterchem.fi\/sv\/produkt\/barnstenssyra-cas-110-15-6\/#breadcrumb"},"inLanguage":"sv-SE","potentialAction":[{"@type":"ReadAction","target":["https:\/\/masterchem.fi\/sv\/produkt\/barnstenssyra-cas-110-15-6\/"]}]},{"@type":"ImageObject","inLanguage":"sv-SE","@id":"https:\/\/masterchem.fi\/sv\/produkt\/barnstenssyra-cas-110-15-6\/#primaryimage","url":"https:\/\/masterchem.fi\/wp-content\/uploads\/2023\/10\/Merevaikhape-25kg-MasterChem.jpg","contentUrl":"https:\/\/masterchem.fi\/wp-content\/uploads\/2023\/10\/Merevaikhape-25kg-MasterChem.jpg","width":1000,"height":1000},{"@type":"BreadcrumbList","@id":"https:\/\/masterchem.fi\/sv\/produkt\/barnstenssyra-cas-110-15-6\/#breadcrumb","itemListElement":[{"@type":"ListItem","position":1,"name":"Home","item":"https:\/\/masterchem.fi\/sv\/"},{"@type":"ListItem","position":2,"name":"Butik","item":"https:\/\/masterchem.fi\/sv\/butik\/"},{"@type":"ListItem","position":3,"name":"B\u00e4rnstenssyra (CAS 110-15-6)"}]},{"@type":"WebSite","@id":"https:\/\/masterchem.fi\/sv\/#website","url":"https:\/\/masterchem.fi\/sv\/","name":"MasterChem | kemikaalien tuotanto ja myynti","description":"kemikaalien tuotanto ja myynti","potentialAction":[{"@type":"SearchAction","target":{"@type":"EntryPoint","urlTemplate":"https:\/\/masterchem.fi\/sv\/?s={search_term_string}"},"query-input":{"@type":"PropertyValueSpecification","valueRequired":true,"valueName":"search_term_string"}}],"inLanguage":"sv-SE"}]}},"_links":{"self":[{"href":"https:\/\/masterchem.fi\/sv\/wp-json\/wp\/v2\/product\/12623","targetHints":{"allow":["GET"]}}],"collection":[{"href":"https:\/\/masterchem.fi\/sv\/wp-json\/wp\/v2\/product"}],"about":[{"href":"https:\/\/masterchem.fi\/sv\/wp-json\/wp\/v2\/types\/product"}],"wp:featuredmedia":[{"embeddable":true,"href":"https:\/\/masterchem.fi\/sv\/wp-json\/wp\/v2\/media\/12627"}],"wp:attachment":[{"href":"https:\/\/masterchem.fi\/sv\/wp-json\/wp\/v2\/media?parent=12623"}],"wp:term":[{"taxonomy":"product_brand","embeddable":true,"href":"https:\/\/masterchem.fi\/sv\/wp-json\/wp\/v2\/product_brand?post=12623"},{"taxonomy":"product_cat","embeddable":true,"href":"https:\/\/masterchem.fi\/sv\/wp-json\/wp\/v2\/product_cat?post=12623"},{"taxonomy":"product_tag","embeddable":true,"href":"https:\/\/masterchem.fi\/sv\/wp-json\/wp\/v2\/product_tag?post=12623"}],"curies":[{"name":"wp","href":"https:\/\/api.w.org\/{rel}","templated":true}]}}