{"id":12780,"date":"2023-12-07T09:50:04","date_gmt":"2023-12-07T06:50:07","guid":{"rendered":"https:\/\/masterchem.fi\/?post_type=product&#038;p=12780"},"modified":"2023-12-07T09:55:26","modified_gmt":"2023-12-07T06:55:26","slug":"manganiisulfatmonohydrat-cas-10034-96-5-325-ammoniakvatten","status":"publish","type":"product","link":"https:\/\/masterchem.fi\/sv\/produkt\/manganiisulfatmonohydrat-cas-10034-96-5-325-ammoniakvatten\/","title":{"rendered":"Mangan(II)sulfatmonohydrat CAS (10034-96-5) 32,5 % ammoniakvatten"},"content":{"rendered":"<p>Faroangivelser H318: Orsakar allvarliga \u00f6gonskador.<br \/>\nH373: Kan orsaka skador p\u00e5 organ genom l\u00e5ngvarig eller upprepad exponering vid inandning.<br \/>\nH411: Giftigt f\u00f6r vattenlevande organismer med l\u00e5ngtidseffekter.<br \/>\nSkyddsangivelse(r) P260: Andas inte in damm.<br \/>\nP273: Undvik utsl\u00e4pp till milj\u00f6n.<br \/>\nP280: Anv\u00e4nd \u00f6gonskydd\/ ansiktsskydd.<br \/>\nP305 + P351 + P338: VID KONTAKT MED \u00d6GONEN: Sk\u00f6lj f\u00f6rsiktigt med vatten i flera minuter. Ta bort kontaktlinser, om s\u00e5dana finns och l\u00e4tt att g\u00f6ra. Forts\u00e4tt att sk\u00f6lja.<br \/>\nP314: S\u00f6k l\u00e4karhj\u00e4lp om du m\u00e5r d\u00e5ligt.<br \/>\nP391: Samla upp spill.<\/p>\n","protected":false},"excerpt":{"rendered":"<p>Anv\u00e4ndning: Mangan(II)sulfatmonohydrat \u00e4r en beredning av mangan f\u00f6r unders\u00f6kningar<br \/>\nCAS-nummer: 10034-96-5<br \/>\nMolekylvikt: 169,02<br \/>\nMolekylformel: MnSO4\u2022H2O<\/p>\n<p>Mangan(II)sulfatmonohydrat \u00e4r ett av de mest f\u00f6rekommande grund\u00e4mnena som finns i jordskorpan. Mangan f\u00f6rekommer i atmosf\u00e4ren fr\u00e5n damm, vulkanisk aktivitet, skogsbr\u00e4nder och industriella utsl\u00e4pp, och finns \u00e4ven i livsmedel och dricksvatten. Anv\u00e4nds som f\u00e4rg\u00e4mne i f\u00e4rg\u00e4mnen.<\/p>\n<p>Mangan(II)sulfatmonohydrat kan genomg\u00e5 metatesreaktion med olika kromat-, molybdat- och volframatsalter i vattenhaltigt medium f\u00f6r att bilda motsvarande hydratiserade mangangrupp 6-metalloxider.<\/p>\n","protected":false},"featured_media":12798,"template":"","meta":[],"product_brand":[],"product_cat":[116],"product_tag":[],"class_list":{"0":"post-12780","1":"product","2":"type-product","3":"status-publish","4":"has-post-thumbnail","6":"product_cat-alla-produkter","8":"first","9":"instock","10":"featured","11":"taxable","12":"shipping-taxable","13":"purchasable","14":"product-type-variable","15":"has-default-attributes","16":"rtwpvg-product"},"yoast_head":"<!-- This site is optimized with the Yoast SEO plugin v27.5 - https:\/\/yoast.com\/product\/yoast-seo-wordpress\/ -->\n<title>Mangan(II)sulfatmonohydrat CAS (10034-96-5) 32,5 % ammoniakvatten - MasterChem | kemikaalien tuotanto ja myynti<\/title>\n<meta name=\"description\" content=\"Mangaani(II)sulfaattimonohydraatti on yksi maankuoren runsaimmista alkuaineista. Mangaania syntyy ilmakeh\u00e4ss\u00e4 p\u00f6lyst\u00e4, vulkaanisesta toiminnasta, mets\u00e4paloista ja teollisuuden p\u00e4\u00e4st\u00f6ist\u00e4, ja sit\u00e4 on my\u00f6s elintarvikkeissa ja juomavedess\u00e4.\" \/>\n<meta name=\"robots\" content=\"index, follow, max-snippet:-1, max-image-preview:large, max-video-preview:-1\" \/>\n<link rel=\"canonical\" href=\"https:\/\/masterchem.fi\/sv\/produkt\/manganiisulfatmonohydrat-cas-10034-96-5-325-ammoniakvatten\/\" \/>\n<meta property=\"og:locale\" content=\"sv_SE\" \/>\n<meta property=\"og:type\" content=\"article\" \/>\n<meta property=\"og:title\" content=\"Mangan(II)sulfatmonohydrat CAS (10034-96-5) 32,5 % ammoniakvatten - MasterChem | kemikaalien tuotanto ja myynti\" \/>\n<meta property=\"og:description\" content=\"Mangaani(II)sulfaattimonohydraatti on yksi maankuoren runsaimmista alkuaineista. Mangaania syntyy ilmakeh\u00e4ss\u00e4 p\u00f6lyst\u00e4, vulkaanisesta toiminnasta, mets\u00e4paloista ja teollisuuden p\u00e4\u00e4st\u00f6ist\u00e4, ja sit\u00e4 on my\u00f6s elintarvikkeissa ja juomavedess\u00e4.\" \/>\n<meta property=\"og:url\" content=\"https:\/\/masterchem.fi\/sv\/produkt\/manganiisulfatmonohydrat-cas-10034-96-5-325-ammoniakvatten\/\" \/>\n<meta property=\"og:site_name\" content=\"MasterChem | kemikaalien tuotanto ja myynti\" \/>\n<meta property=\"article:modified_time\" content=\"2023-12-07T06:55:26+00:00\" \/>\n<meta property=\"og:image\" content=\"https:\/\/masterchem.fi\/wp-content\/uploads\/2023\/12\/ManganeseII-sulfate-monohydrate-CAS-10034-96-5-325-list-ammoniaak-vesi-1000l-MaterChem.jpg\" \/>\n\t<meta property=\"og:image:width\" content=\"1000\" \/>\n\t<meta property=\"og:image:height\" content=\"1000\" \/>\n\t<meta property=\"og:image:type\" content=\"image\/jpeg\" \/>\n<meta name=\"twitter:card\" content=\"summary_large_image\" \/>\n<script type=\"application\/ld+json\" class=\"yoast-schema-graph\">{\"@context\":\"https:\\\/\\\/schema.org\",\"@graph\":[{\"@type\":\"WebPage\",\"@id\":\"https:\\\/\\\/masterchem.fi\\\/sv\\\/produkt\\\/manganiisulfatmonohydrat-cas-10034-96-5-325-ammoniakvatten\\\/\",\"url\":\"https:\\\/\\\/masterchem.fi\\\/sv\\\/produkt\\\/manganiisulfatmonohydrat-cas-10034-96-5-325-ammoniakvatten\\\/\",\"name\":\"Mangan(II)sulfatmonohydrat CAS (10034-96-5) 32,5 % ammoniakvatten - MasterChem | kemikaalien tuotanto ja myynti\",\"isPartOf\":{\"@id\":\"https:\\\/\\\/masterchem.fi\\\/sv\\\/#website\"},\"primaryImageOfPage\":{\"@id\":\"https:\\\/\\\/masterchem.fi\\\/sv\\\/produkt\\\/manganiisulfatmonohydrat-cas-10034-96-5-325-ammoniakvatten\\\/#primaryimage\"},\"image\":{\"@id\":\"https:\\\/\\\/masterchem.fi\\\/sv\\\/produkt\\\/manganiisulfatmonohydrat-cas-10034-96-5-325-ammoniakvatten\\\/#primaryimage\"},\"thumbnailUrl\":\"https:\\\/\\\/masterchem.fi\\\/wp-content\\\/uploads\\\/2023\\\/12\\\/ManganeseII-sulfate-monohydrate-CAS-10034-96-5-325-list-ammoniaak-vesi-1000l-MaterChem.jpg\",\"datePublished\":\"2023-12-07T06:50:07+00:00\",\"dateModified\":\"2023-12-07T06:55:26+00:00\",\"description\":\"Mangaani(II)sulfaattimonohydraatti on yksi maankuoren runsaimmista alkuaineista. Mangaania syntyy ilmakeh\u00e4ss\u00e4 p\u00f6lyst\u00e4, vulkaanisesta toiminnasta, mets\u00e4paloista ja teollisuuden p\u00e4\u00e4st\u00f6ist\u00e4, ja sit\u00e4 on my\u00f6s elintarvikkeissa ja juomavedess\u00e4.\",\"breadcrumb\":{\"@id\":\"https:\\\/\\\/masterchem.fi\\\/sv\\\/produkt\\\/manganiisulfatmonohydrat-cas-10034-96-5-325-ammoniakvatten\\\/#breadcrumb\"},\"inLanguage\":\"sv-SE\",\"potentialAction\":[{\"@type\":\"ReadAction\",\"target\":[\"https:\\\/\\\/masterchem.fi\\\/sv\\\/produkt\\\/manganiisulfatmonohydrat-cas-10034-96-5-325-ammoniakvatten\\\/\"]}]},{\"@type\":\"ImageObject\",\"inLanguage\":\"sv-SE\",\"@id\":\"https:\\\/\\\/masterchem.fi\\\/sv\\\/produkt\\\/manganiisulfatmonohydrat-cas-10034-96-5-325-ammoniakvatten\\\/#primaryimage\",\"url\":\"https:\\\/\\\/masterchem.fi\\\/wp-content\\\/uploads\\\/2023\\\/12\\\/ManganeseII-sulfate-monohydrate-CAS-10034-96-5-325-list-ammoniaak-vesi-1000l-MaterChem.jpg\",\"contentUrl\":\"https:\\\/\\\/masterchem.fi\\\/wp-content\\\/uploads\\\/2023\\\/12\\\/ManganeseII-sulfate-monohydrate-CAS-10034-96-5-325-list-ammoniaak-vesi-1000l-MaterChem.jpg\",\"width\":1000,\"height\":1000},{\"@type\":\"BreadcrumbList\",\"@id\":\"https:\\\/\\\/masterchem.fi\\\/sv\\\/produkt\\\/manganiisulfatmonohydrat-cas-10034-96-5-325-ammoniakvatten\\\/#breadcrumb\",\"itemListElement\":[{\"@type\":\"ListItem\",\"position\":1,\"name\":\"Home\",\"item\":\"https:\\\/\\\/masterchem.fi\\\/sv\\\/\"},{\"@type\":\"ListItem\",\"position\":2,\"name\":\"Butik\",\"item\":\"https:\\\/\\\/masterchem.fi\\\/sv\\\/butik\\\/\"},{\"@type\":\"ListItem\",\"position\":3,\"name\":\"Mangan(II)sulfatmonohydrat CAS (10034-96-5) 32,5 % ammoniakvatten\"}]},{\"@type\":\"WebSite\",\"@id\":\"https:\\\/\\\/masterchem.fi\\\/sv\\\/#website\",\"url\":\"https:\\\/\\\/masterchem.fi\\\/sv\\\/\",\"name\":\"MasterChem | kemikaalien tuotanto ja myynti\",\"description\":\"kemikaalien tuotanto ja myynti\",\"potentialAction\":[{\"@type\":\"SearchAction\",\"target\":{\"@type\":\"EntryPoint\",\"urlTemplate\":\"https:\\\/\\\/masterchem.fi\\\/sv\\\/?s={search_term_string}\"},\"query-input\":{\"@type\":\"PropertyValueSpecification\",\"valueRequired\":true,\"valueName\":\"search_term_string\"}}],\"inLanguage\":\"sv-SE\"}]}<\/script>\n<!-- \/ Yoast SEO plugin. -->","yoast_head_json":{"title":"Mangan(II)sulfatmonohydrat CAS (10034-96-5) 32,5 % ammoniakvatten - MasterChem | kemikaalien tuotanto ja myynti","description":"Mangaani(II)sulfaattimonohydraatti on yksi maankuoren runsaimmista alkuaineista. Mangaania syntyy ilmakeh\u00e4ss\u00e4 p\u00f6lyst\u00e4, vulkaanisesta toiminnasta, mets\u00e4paloista ja teollisuuden p\u00e4\u00e4st\u00f6ist\u00e4, ja sit\u00e4 on my\u00f6s elintarvikkeissa ja juomavedess\u00e4.","robots":{"index":"index","follow":"follow","max-snippet":"max-snippet:-1","max-image-preview":"max-image-preview:large","max-video-preview":"max-video-preview:-1"},"canonical":"https:\/\/masterchem.fi\/sv\/produkt\/manganiisulfatmonohydrat-cas-10034-96-5-325-ammoniakvatten\/","og_locale":"sv_SE","og_type":"article","og_title":"Mangan(II)sulfatmonohydrat CAS (10034-96-5) 32,5 % ammoniakvatten - MasterChem | kemikaalien tuotanto ja myynti","og_description":"Mangaani(II)sulfaattimonohydraatti on yksi maankuoren runsaimmista alkuaineista. Mangaania syntyy ilmakeh\u00e4ss\u00e4 p\u00f6lyst\u00e4, vulkaanisesta toiminnasta, mets\u00e4paloista ja teollisuuden p\u00e4\u00e4st\u00f6ist\u00e4, ja sit\u00e4 on my\u00f6s elintarvikkeissa ja juomavedess\u00e4.","og_url":"https:\/\/masterchem.fi\/sv\/produkt\/manganiisulfatmonohydrat-cas-10034-96-5-325-ammoniakvatten\/","og_site_name":"MasterChem | kemikaalien tuotanto ja myynti","article_modified_time":"2023-12-07T06:55:26+00:00","og_image":[{"width":1000,"height":1000,"url":"https:\/\/masterchem.fi\/wp-content\/uploads\/2023\/12\/ManganeseII-sulfate-monohydrate-CAS-10034-96-5-325-list-ammoniaak-vesi-1000l-MaterChem.jpg","type":"image\/jpeg"}],"twitter_card":"summary_large_image","schema":{"@context":"https:\/\/schema.org","@graph":[{"@type":"WebPage","@id":"https:\/\/masterchem.fi\/sv\/produkt\/manganiisulfatmonohydrat-cas-10034-96-5-325-ammoniakvatten\/","url":"https:\/\/masterchem.fi\/sv\/produkt\/manganiisulfatmonohydrat-cas-10034-96-5-325-ammoniakvatten\/","name":"Mangan(II)sulfatmonohydrat CAS (10034-96-5) 32,5 % ammoniakvatten - MasterChem | kemikaalien tuotanto ja myynti","isPartOf":{"@id":"https:\/\/masterchem.fi\/sv\/#website"},"primaryImageOfPage":{"@id":"https:\/\/masterchem.fi\/sv\/produkt\/manganiisulfatmonohydrat-cas-10034-96-5-325-ammoniakvatten\/#primaryimage"},"image":{"@id":"https:\/\/masterchem.fi\/sv\/produkt\/manganiisulfatmonohydrat-cas-10034-96-5-325-ammoniakvatten\/#primaryimage"},"thumbnailUrl":"https:\/\/masterchem.fi\/wp-content\/uploads\/2023\/12\/ManganeseII-sulfate-monohydrate-CAS-10034-96-5-325-list-ammoniaak-vesi-1000l-MaterChem.jpg","datePublished":"2023-12-07T06:50:07+00:00","dateModified":"2023-12-07T06:55:26+00:00","description":"Mangaani(II)sulfaattimonohydraatti on yksi maankuoren runsaimmista alkuaineista. Mangaania syntyy ilmakeh\u00e4ss\u00e4 p\u00f6lyst\u00e4, vulkaanisesta toiminnasta, mets\u00e4paloista ja teollisuuden p\u00e4\u00e4st\u00f6ist\u00e4, ja sit\u00e4 on my\u00f6s elintarvikkeissa ja juomavedess\u00e4.","breadcrumb":{"@id":"https:\/\/masterchem.fi\/sv\/produkt\/manganiisulfatmonohydrat-cas-10034-96-5-325-ammoniakvatten\/#breadcrumb"},"inLanguage":"sv-SE","potentialAction":[{"@type":"ReadAction","target":["https:\/\/masterchem.fi\/sv\/produkt\/manganiisulfatmonohydrat-cas-10034-96-5-325-ammoniakvatten\/"]}]},{"@type":"ImageObject","inLanguage":"sv-SE","@id":"https:\/\/masterchem.fi\/sv\/produkt\/manganiisulfatmonohydrat-cas-10034-96-5-325-ammoniakvatten\/#primaryimage","url":"https:\/\/masterchem.fi\/wp-content\/uploads\/2023\/12\/ManganeseII-sulfate-monohydrate-CAS-10034-96-5-325-list-ammoniaak-vesi-1000l-MaterChem.jpg","contentUrl":"https:\/\/masterchem.fi\/wp-content\/uploads\/2023\/12\/ManganeseII-sulfate-monohydrate-CAS-10034-96-5-325-list-ammoniaak-vesi-1000l-MaterChem.jpg","width":1000,"height":1000},{"@type":"BreadcrumbList","@id":"https:\/\/masterchem.fi\/sv\/produkt\/manganiisulfatmonohydrat-cas-10034-96-5-325-ammoniakvatten\/#breadcrumb","itemListElement":[{"@type":"ListItem","position":1,"name":"Home","item":"https:\/\/masterchem.fi\/sv\/"},{"@type":"ListItem","position":2,"name":"Butik","item":"https:\/\/masterchem.fi\/sv\/butik\/"},{"@type":"ListItem","position":3,"name":"Mangan(II)sulfatmonohydrat CAS (10034-96-5) 32,5 % ammoniakvatten"}]},{"@type":"WebSite","@id":"https:\/\/masterchem.fi\/sv\/#website","url":"https:\/\/masterchem.fi\/sv\/","name":"MasterChem | kemikaalien tuotanto ja myynti","description":"kemikaalien tuotanto ja myynti","potentialAction":[{"@type":"SearchAction","target":{"@type":"EntryPoint","urlTemplate":"https:\/\/masterchem.fi\/sv\/?s={search_term_string}"},"query-input":{"@type":"PropertyValueSpecification","valueRequired":true,"valueName":"search_term_string"}}],"inLanguage":"sv-SE"}]}},"_links":{"self":[{"href":"https:\/\/masterchem.fi\/sv\/wp-json\/wp\/v2\/product\/12780","targetHints":{"allow":["GET"]}}],"collection":[{"href":"https:\/\/masterchem.fi\/sv\/wp-json\/wp\/v2\/product"}],"about":[{"href":"https:\/\/masterchem.fi\/sv\/wp-json\/wp\/v2\/types\/product"}],"wp:featuredmedia":[{"embeddable":true,"href":"https:\/\/masterchem.fi\/sv\/wp-json\/wp\/v2\/media\/12798"}],"wp:attachment":[{"href":"https:\/\/masterchem.fi\/sv\/wp-json\/wp\/v2\/media?parent=12780"}],"wp:term":[{"taxonomy":"product_brand","embeddable":true,"href":"https:\/\/masterchem.fi\/sv\/wp-json\/wp\/v2\/product_brand?post=12780"},{"taxonomy":"product_cat","embeddable":true,"href":"https:\/\/masterchem.fi\/sv\/wp-json\/wp\/v2\/product_cat?post=12780"},{"taxonomy":"product_tag","embeddable":true,"href":"https:\/\/masterchem.fi\/sv\/wp-json\/wp\/v2\/product_tag?post=12780"}],"curies":[{"name":"wp","href":"https:\/\/api.w.org\/{rel}","templated":true}]}}