{"id":12814,"date":"2023-12-11T19:00:01","date_gmt":"2023-12-11T16:00:02","guid":{"rendered":"https:\/\/masterchem.fi\/?post_type=product&#038;p=12814"},"modified":"2023-12-11T19:02:51","modified_gmt":"2023-12-11T16:02:51","slug":"tymol-cas-89-83-8","status":"publish","type":"product","link":"https:\/\/masterchem.fi\/sv\/produkt\/tymol-cas-89-83-8\/","title":{"rendered":"Tymol (CAS 89-83-8)"},"content":{"rendered":"<p>Alternativa namn: 2-isopropyl-5-metylfenol; 5-metyl-2-isopropylfenol<br \/>\nAnv\u00e4ndning: Tymol \u00e4r ett f\u00e4rg\u00e4mne som \u00e4ven \u00e4r k\u00e4nt som 5-metyl-2-(1-metyletyl)fenol<br \/>\nCAS-nummer: 89-83-8<br \/>\nMolekylvikt: 150,22<br \/>\nMolekylformel: C10H14O<br \/>\nTill\u00e4ggsinformation: Detta klassificeras som farligt gods f\u00f6r transport och kan bli f\u00f6rem\u00e5l f\u00f6r extra fraktkostnader.<\/p>\n","protected":false},"excerpt":{"rendered":"<p>Tymol (\u00e4ven k\u00e4nd som 2-isopropyl-5-metylfenol, IPMP), C10H14O, \u00e4r ett naturligt monoterpenoid fenolderivat av p-Cymene, isomeriskt med carvacrol, som finns i olja av timjan och extraherat fr\u00e5n Thymus vulgaris (vanlig timjan), ajwain , och olika andra v\u00e4xter som en vit kristallin substans med en behaglig aromatisk lukt och starka antiseptiska egenskaper. Thymol ger ocks\u00e5 den distinkta, starka smaken av den kulinariska \u00f6rten timjan, \u00e4ven framst\u00e4lld av T. vulgaris. Tymol \u00e4r endast svagt l\u00f6sligt i vatten vid neutralt pH, men det \u00e4r extremt l\u00f6sligt i alkoholer och andra organiska l\u00f6sningsmedel. Det \u00e4r ocks\u00e5 l\u00f6sligt i starkt alkaliska vattenl\u00f6sningar p\u00e5 grund av deprotonering av fenolen. Dess dissociationskonstant (pKa) \u00e4r 10,59\u00b10,10. Tymol absorberar maximal UV-str\u00e5lning vid 274 nm.<\/p>\n","protected":false},"featured_media":12817,"template":"","meta":[],"product_brand":[],"product_cat":[106,116],"product_tag":[],"class_list":{"0":"post-12814","1":"product","2":"type-product","3":"status-publish","4":"has-post-thumbnail","6":"product_cat-lakemedelsindustri","7":"product_cat-alla-produkter","9":"first","10":"instock","11":"taxable","12":"shipping-taxable","13":"purchasable","14":"product-type-variable","15":"has-default-attributes","16":"rtwpvg-product"},"yoast_head":"<!-- This site is optimized with the Yoast SEO plugin v27.2 - https:\/\/yoast.com\/product\/yoast-seo-wordpress\/ -->\n<title>Tymol (CAS 89-83-8) - MasterChem | kemikaalien tuotanto ja myynti<\/title>\n<meta name=\"description\" content=\"Tymol (\u00e4ven k\u00e4nd som 2-isopropyl-5-metylfenol, IPMP), C10H14O, \u00e4r ett naturligt monoterpenoid fenolderivat av p-Cymene, isomeriskt med carvacrol, som finns i olja av timjan och extraherat fr\u00e5n Thymus vulgaris (vanlig timjan)\" \/>\n<meta name=\"robots\" content=\"index, follow, max-snippet:-1, max-image-preview:large, max-video-preview:-1\" \/>\n<link rel=\"canonical\" href=\"https:\/\/masterchem.fi\/sv\/produkt\/tymol-cas-89-83-8\/\" \/>\n<meta property=\"og:locale\" content=\"sv_SE\" \/>\n<meta property=\"og:type\" content=\"article\" \/>\n<meta property=\"og:title\" content=\"Tymol (CAS 89-83-8) - MasterChem | kemikaalien tuotanto ja myynti\" \/>\n<meta property=\"og:description\" content=\"Tymol (\u00e4ven k\u00e4nd som 2-isopropyl-5-metylfenol, IPMP), C10H14O, \u00e4r ett naturligt monoterpenoid fenolderivat av p-Cymene, isomeriskt med carvacrol, som finns i olja av timjan och extraherat fr\u00e5n Thymus vulgaris (vanlig timjan)\" \/>\n<meta property=\"og:url\" content=\"https:\/\/masterchem.fi\/sv\/produkt\/tymol-cas-89-83-8\/\" \/>\n<meta property=\"og:site_name\" content=\"MasterChem | kemikaalien tuotanto ja myynti\" \/>\n<meta property=\"article:modified_time\" content=\"2023-12-11T16:02:51+00:00\" \/>\n<meta property=\"og:image\" content=\"https:\/\/masterchem.fi\/wp-content\/uploads\/2023\/12\/Tumool-CAS-89-83-8-1kg-MasterChem.jpg\" \/>\n\t<meta property=\"og:image:width\" content=\"579\" \/>\n\t<meta property=\"og:image:height\" content=\"579\" \/>\n\t<meta property=\"og:image:type\" content=\"image\/jpeg\" \/>\n<meta name=\"twitter:card\" content=\"summary_large_image\" \/>\n<script type=\"application\/ld+json\" class=\"yoast-schema-graph\">{\"@context\":\"https:\/\/schema.org\",\"@graph\":[{\"@type\":\"WebPage\",\"@id\":\"https:\/\/masterchem.fi\/sv\/produkt\/tymol-cas-89-83-8\/\",\"url\":\"https:\/\/masterchem.fi\/sv\/produkt\/tymol-cas-89-83-8\/\",\"name\":\"Tymol (CAS 89-83-8) - MasterChem | kemikaalien tuotanto ja myynti\",\"isPartOf\":{\"@id\":\"https:\/\/masterchem.fi\/sv\/#website\"},\"primaryImageOfPage\":{\"@id\":\"https:\/\/masterchem.fi\/sv\/produkt\/tymol-cas-89-83-8\/#primaryimage\"},\"image\":{\"@id\":\"https:\/\/masterchem.fi\/sv\/produkt\/tymol-cas-89-83-8\/#primaryimage\"},\"thumbnailUrl\":\"https:\/\/masterchem.fi\/wp-content\/uploads\/2023\/12\/Tumool-CAS-89-83-8-1kg-MasterChem.jpg\",\"datePublished\":\"2023-12-11T16:00:02+00:00\",\"dateModified\":\"2023-12-11T16:02:51+00:00\",\"description\":\"Tymol (\u00e4ven k\u00e4nd som 2-isopropyl-5-metylfenol, IPMP), C10H14O, \u00e4r ett naturligt monoterpenoid fenolderivat av p-Cymene, isomeriskt med carvacrol, som finns i olja av timjan och extraherat fr\u00e5n Thymus vulgaris (vanlig timjan)\",\"breadcrumb\":{\"@id\":\"https:\/\/masterchem.fi\/sv\/produkt\/tymol-cas-89-83-8\/#breadcrumb\"},\"inLanguage\":\"sv-SE\",\"potentialAction\":[{\"@type\":\"ReadAction\",\"target\":[\"https:\/\/masterchem.fi\/sv\/produkt\/tymol-cas-89-83-8\/\"]}]},{\"@type\":\"ImageObject\",\"inLanguage\":\"sv-SE\",\"@id\":\"https:\/\/masterchem.fi\/sv\/produkt\/tymol-cas-89-83-8\/#primaryimage\",\"url\":\"https:\/\/masterchem.fi\/wp-content\/uploads\/2023\/12\/Tumool-CAS-89-83-8-1kg-MasterChem.jpg\",\"contentUrl\":\"https:\/\/masterchem.fi\/wp-content\/uploads\/2023\/12\/Tumool-CAS-89-83-8-1kg-MasterChem.jpg\",\"width\":579,\"height\":579},{\"@type\":\"BreadcrumbList\",\"@id\":\"https:\/\/masterchem.fi\/sv\/produkt\/tymol-cas-89-83-8\/#breadcrumb\",\"itemListElement\":[{\"@type\":\"ListItem\",\"position\":1,\"name\":\"Home\",\"item\":\"https:\/\/masterchem.fi\/sv\/\"},{\"@type\":\"ListItem\",\"position\":2,\"name\":\"Butik\",\"item\":\"https:\/\/masterchem.fi\/sv\/butik\/\"},{\"@type\":\"ListItem\",\"position\":3,\"name\":\"Tymol (CAS 89-83-8)\"}]},{\"@type\":\"WebSite\",\"@id\":\"https:\/\/masterchem.fi\/sv\/#website\",\"url\":\"https:\/\/masterchem.fi\/sv\/\",\"name\":\"MasterChem | kemikaalien tuotanto ja myynti\",\"description\":\"kemikaalien tuotanto ja myynti\",\"potentialAction\":[{\"@type\":\"SearchAction\",\"target\":{\"@type\":\"EntryPoint\",\"urlTemplate\":\"https:\/\/masterchem.fi\/sv\/?s={search_term_string}\"},\"query-input\":{\"@type\":\"PropertyValueSpecification\",\"valueRequired\":true,\"valueName\":\"search_term_string\"}}],\"inLanguage\":\"sv-SE\"}]}<\/script>\n<!-- \/ Yoast SEO plugin. -->","yoast_head_json":{"title":"Tymol (CAS 89-83-8) - MasterChem | kemikaalien tuotanto ja myynti","description":"Tymol (\u00e4ven k\u00e4nd som 2-isopropyl-5-metylfenol, IPMP), C10H14O, \u00e4r ett naturligt monoterpenoid fenolderivat av p-Cymene, isomeriskt med carvacrol, som finns i olja av timjan och extraherat fr\u00e5n Thymus vulgaris (vanlig timjan)","robots":{"index":"index","follow":"follow","max-snippet":"max-snippet:-1","max-image-preview":"max-image-preview:large","max-video-preview":"max-video-preview:-1"},"canonical":"https:\/\/masterchem.fi\/sv\/produkt\/tymol-cas-89-83-8\/","og_locale":"sv_SE","og_type":"article","og_title":"Tymol (CAS 89-83-8) - MasterChem | kemikaalien tuotanto ja myynti","og_description":"Tymol (\u00e4ven k\u00e4nd som 2-isopropyl-5-metylfenol, IPMP), C10H14O, \u00e4r ett naturligt monoterpenoid fenolderivat av p-Cymene, isomeriskt med carvacrol, som finns i olja av timjan och extraherat fr\u00e5n Thymus vulgaris (vanlig timjan)","og_url":"https:\/\/masterchem.fi\/sv\/produkt\/tymol-cas-89-83-8\/","og_site_name":"MasterChem | kemikaalien tuotanto ja myynti","article_modified_time":"2023-12-11T16:02:51+00:00","og_image":[{"width":579,"height":579,"url":"https:\/\/masterchem.fi\/wp-content\/uploads\/2023\/12\/Tumool-CAS-89-83-8-1kg-MasterChem.jpg","type":"image\/jpeg"}],"twitter_card":"summary_large_image","schema":{"@context":"https:\/\/schema.org","@graph":[{"@type":"WebPage","@id":"https:\/\/masterchem.fi\/sv\/produkt\/tymol-cas-89-83-8\/","url":"https:\/\/masterchem.fi\/sv\/produkt\/tymol-cas-89-83-8\/","name":"Tymol (CAS 89-83-8) - MasterChem | kemikaalien tuotanto ja myynti","isPartOf":{"@id":"https:\/\/masterchem.fi\/sv\/#website"},"primaryImageOfPage":{"@id":"https:\/\/masterchem.fi\/sv\/produkt\/tymol-cas-89-83-8\/#primaryimage"},"image":{"@id":"https:\/\/masterchem.fi\/sv\/produkt\/tymol-cas-89-83-8\/#primaryimage"},"thumbnailUrl":"https:\/\/masterchem.fi\/wp-content\/uploads\/2023\/12\/Tumool-CAS-89-83-8-1kg-MasterChem.jpg","datePublished":"2023-12-11T16:00:02+00:00","dateModified":"2023-12-11T16:02:51+00:00","description":"Tymol (\u00e4ven k\u00e4nd som 2-isopropyl-5-metylfenol, IPMP), C10H14O, \u00e4r ett naturligt monoterpenoid fenolderivat av p-Cymene, isomeriskt med carvacrol, som finns i olja av timjan och extraherat fr\u00e5n Thymus vulgaris (vanlig timjan)","breadcrumb":{"@id":"https:\/\/masterchem.fi\/sv\/produkt\/tymol-cas-89-83-8\/#breadcrumb"},"inLanguage":"sv-SE","potentialAction":[{"@type":"ReadAction","target":["https:\/\/masterchem.fi\/sv\/produkt\/tymol-cas-89-83-8\/"]}]},{"@type":"ImageObject","inLanguage":"sv-SE","@id":"https:\/\/masterchem.fi\/sv\/produkt\/tymol-cas-89-83-8\/#primaryimage","url":"https:\/\/masterchem.fi\/wp-content\/uploads\/2023\/12\/Tumool-CAS-89-83-8-1kg-MasterChem.jpg","contentUrl":"https:\/\/masterchem.fi\/wp-content\/uploads\/2023\/12\/Tumool-CAS-89-83-8-1kg-MasterChem.jpg","width":579,"height":579},{"@type":"BreadcrumbList","@id":"https:\/\/masterchem.fi\/sv\/produkt\/tymol-cas-89-83-8\/#breadcrumb","itemListElement":[{"@type":"ListItem","position":1,"name":"Home","item":"https:\/\/masterchem.fi\/sv\/"},{"@type":"ListItem","position":2,"name":"Butik","item":"https:\/\/masterchem.fi\/sv\/butik\/"},{"@type":"ListItem","position":3,"name":"Tymol (CAS 89-83-8)"}]},{"@type":"WebSite","@id":"https:\/\/masterchem.fi\/sv\/#website","url":"https:\/\/masterchem.fi\/sv\/","name":"MasterChem | kemikaalien tuotanto ja myynti","description":"kemikaalien tuotanto ja myynti","potentialAction":[{"@type":"SearchAction","target":{"@type":"EntryPoint","urlTemplate":"https:\/\/masterchem.fi\/sv\/?s={search_term_string}"},"query-input":{"@type":"PropertyValueSpecification","valueRequired":true,"valueName":"search_term_string"}}],"inLanguage":"sv-SE"}]}},"_links":{"self":[{"href":"https:\/\/masterchem.fi\/sv\/wp-json\/wp\/v2\/product\/12814","targetHints":{"allow":["GET"]}}],"collection":[{"href":"https:\/\/masterchem.fi\/sv\/wp-json\/wp\/v2\/product"}],"about":[{"href":"https:\/\/masterchem.fi\/sv\/wp-json\/wp\/v2\/types\/product"}],"wp:featuredmedia":[{"embeddable":true,"href":"https:\/\/masterchem.fi\/sv\/wp-json\/wp\/v2\/media\/12817"}],"wp:attachment":[{"href":"https:\/\/masterchem.fi\/sv\/wp-json\/wp\/v2\/media?parent=12814"}],"wp:term":[{"taxonomy":"product_brand","embeddable":true,"href":"https:\/\/masterchem.fi\/sv\/wp-json\/wp\/v2\/product_brand?post=12814"},{"taxonomy":"product_cat","embeddable":true,"href":"https:\/\/masterchem.fi\/sv\/wp-json\/wp\/v2\/product_cat?post=12814"},{"taxonomy":"product_tag","embeddable":true,"href":"https:\/\/masterchem.fi\/sv\/wp-json\/wp\/v2\/product_tag?post=12814"}],"curies":[{"name":"wp","href":"https:\/\/api.w.org\/{rel}","templated":true}]}}