{"id":15626,"date":"2024-02-18T15:29:46","date_gmt":"2024-02-18T12:29:44","guid":{"rendered":"https:\/\/masterchem.fi\/?post_type=product&#038;p=15626"},"modified":"2024-02-21T21:54:59","modified_gmt":"2024-02-21T18:54:59","slug":"coolant-master-eco-30pro-varmeoverforingsvatska","status":"publish","type":"product","link":"https:\/\/masterchem.fi\/sv\/produkt\/coolant-master-eco-30pro-varmeoverforingsvatska\/","title":{"rendered":"Coolant Master ECO-30PRO\u2122 v\u00e4rme\u00f6verf\u00f6ringsv\u00e4tska"},"content":{"rendered":"<p><strong>Produktegenskaper:<\/strong><br \/>\nProdukttyp: F\u00e4rdig att anv\u00e4nda<br \/>\nFryspunkt: -30\u00b0C<br \/>\nHuvud\u00e4mnesinneh\u00e5ll: propylenglykol inte mindre \u00e4n 45 viktprocent<br \/>\nInhibitor: ja, ASTM D3306 standard<br \/>\nKokpunkt: (\u00b0C): 105\u00b0C<br \/>\nDensitet vid 20\u00baC: 1,042 g\/cm3<br \/>\nRekommenderad lagringstemperatur minimum: 0 C max: 30 C<br \/>\nUrsprungsland: Estland<br \/>\nLivsl\u00e4ngd: minst 7 \u00e5r och beror p\u00e5 driftregler<br \/>\nH\u00e5llbarhet: 36 m\u00e5nader.<br \/>\nF\u00f6rpackning: 5 lit, 25 lit, 200 lit, 1000 lit<br \/>\nArtikel: ECO-30PRO57-55-6<br \/>\nEAN \t4742668000065 5-lits plastburk<br \/>\n\t4742668000379 20-lits plastburk<br \/>\n\t4742668000423 200-lits plasttrumma<br \/>\n\t4742668000478 1000-liters IBC-beh\u00e5llare<\/p>\n<p><strong>Beskrivning:<\/strong><br \/>\nMaster ECO\u2122 kylmedel f\u00f6r uppv\u00e4rmning och v\u00e4rmev\u00e4xling baserade p\u00e5 propylenglykol k\u00e4nnetecknas av f\u00f6ljande positiva egenskaper:<br \/>\n\u25cf\t\u00e4r milj\u00f6v\u00e4nliga och giftfria;<br \/>\n\u25cf\tMaster ECO\u2122-varum\u00e4rken t\u00e5l h\u00f6ga temperaturer;<br \/>\n\u25cf\tskydda v\u00e4rmesystemet p\u00e5 ett tillf\u00f6rlitligt s\u00e4tt fr\u00e5n frysning vid l\u00e5ga omgivningstemperaturer p\u00e5 vintern;<br \/>\n\u25cf\thar sm\u00f6rjande och bakteried\u00f6dande egenskaper;<br \/>\n\u25cf\thar goda termofysiska egenskaper, tack vare vilka rummet v\u00e4rms upp j\u00e4mnt;<br \/>\n\u25cf\tbrand- och explosionss\u00e4ker;<br \/>\n\u25cf\tbildar inte skala.<br \/>\n\u25cf\tneonf\u00e4rg\u00e4mnen anv\u00e4nds som hj\u00e4lper till att l\u00e4ttare uppt\u00e4cka l\u00e4ckan vid l\u00e4ckage i systemet (behovet av en s\u00e5dan tillsats anges vid best\u00e4llning)<\/p>\n<p><strong>Anv\u00e4ndarmanual:<\/strong><br \/>\nInnan du anv\u00e4nder Master ECO\u2122-kylmedel m\u00e5ste v\u00e4rmesystemet vara helt rengjort fr\u00e5n spillv\u00e4tska. Du b\u00f6r ocks\u00e5 ta bort gamla avlagringar och fj\u00e4ll fr\u00e5n kretsen, eliminera korrosionssp\u00e5r och se till att det inte finns n\u00e5gra zinkhaltiga delar.<\/p>\n<p>V\u00e4rmesystemet fylls med gravitation, antingen manuellt eller under tryck. Den manuella fyllningen \u00e4r till\u00e4mplig f\u00f6r \u00f6ppna kretsar. Kylv\u00e4tska pumpas in i slutna v\u00e4rmesystem under tryck med hj\u00e4lp av pumpar.<\/p>\n<p>Det \u00e4r viktigt att s\u00e4kerst\u00e4lla en bra t\u00e4tning, eftersom vattenhaltiga propylenglykoll\u00f6sningar, med h\u00f6g v\u00e4tningseffekt, kan l\u00e4cka d\u00e4r vatten inte rinner. Om det l\u00e4cker minskar effektiviteten i hela v\u00e4rmesystemet. Om de uppt\u00e4cks \u00e4r det n\u00f6dv\u00e4ndigt att pausa hela systemets drift och eliminera felet.<br \/>\nProcedur vid n\u00f6dstopp av v\u00e4rmesystemet.<br \/>\nL\u00f6sningar av propen och vatten vid nolltemperaturer och l\u00e4gre har en h\u00f6g viskositetsniv\u00e5. D\u00e4rf\u00f6r, om systemet har svalnat, rekommenderas det att f\u00f6rst sl\u00e5 p\u00e5 sj\u00e4lva v\u00e4rmeelementen och sedan starta cirkulationen. Detta kommer att minska belastningen p\u00e5 pumparna.<\/p>\n<p>Livsl\u00e4ngden f\u00f6r Master ECO\u2122 kylv\u00e4tskor \u00e4r minst 7 \u00e5r. Priset p\u00e5 kylv\u00e4tskan beror p\u00e5 koncentrationen av huvudbaskomponenten. N\u00e4r du best\u00e4ller och k\u00f6per det \u00e4r det n\u00f6dv\u00e4ndigt att \u00f6verv\u00e4ga andelen propylenglykol i kylv\u00e4tskem\u00e4rket. Temperaturintervallet inom vilket kylv\u00e4tskan med l\u00e5g frysning f\u00f6r hela s\u00e4songen kommer att vara i fungerande tillst\u00e5nd beror p\u00e5 denna indikator.<\/p>\n<p><strong>Master ECO-30PRO\u2122 Termofysiska egenskaper hos 45% vattenl\u00f6sning av propylenglykol, kristallisationstemperatur minus -30\u00b0C<\/strong><\/p>\n<table border=\"1\" cellspacing=\"0\" cellpadding=\"0\">\n<tbody>\n<tr>\n<td>\nL\u00f6sningstemperatur, t\u00b0C\n\t\t\t<\/td>\n<td>\nDensitet, kg\/m**3\n\t\t\t<\/td>\n<td>\nV\u00e4rmekapacitet, medel, kJ\/(kg*K)\n\t\t\t<\/td>\n<td>\nV\u00e4rmeledningsf\u00f6rm\u00e5ga, W\/(m*K)\n\t\t\t<\/td>\n<td>\nDynamisk viskositet, *10-3[N*s\/m**2]\n\t\t\t<\/td>\n<td>\nKinematisk viskositet, *10-6[(m**2\/s]\n\t\t\t<\/td>\n<\/tr>\n<tr>\n<td>\n<p>\t\t\t\t\t\t\t\t-30&deg;C\n\t\t\t\t\t\t\t<\/td>\n<td>\n<p>\t\t\t\t\t\t\t\t1066\n\t\t\t\t\t\t\t<\/td>\n<td>\n<p>\t\t\t\t\t\t\t\t3.45\n\t\t\t\t\t\t\t<\/td>\n<td>\n<p>\t\t\t\t\t\t\t\t0.397\n\t\t\t\t\t\t\t<\/td>\n<td>\n<p>\t\t\t\t\t\t\t\t160.2\n\t\t\t\t\t\t\t<\/td>\n<td>\n<p>\t\t\t\t\t\t\t\t150\n\t\t\t\t\t\t\t<\/td>\n<\/tr>\n<tr>\n<td>\n<p>\t\t\t\t\t\t\t\t-20&deg;C\n\t\t\t\t\t\t\t<\/td>\n<td>\n<p>\t\t\t\t\t\t\t\t1062\n\t\t\t\t\t\t\t<\/td>\n<td>\n<p>\t\t\t\t\t\t\t\t3.49\n\t\t\t\t\t\t\t<\/td>\n<td>\n<p>\t\t\t\t\t\t\t\t0.396\n\t\t\t\t\t\t\t<\/td>\n<td>\n<p>\t\t\t\t\t\t\t\t74.3\n\t\t\t\t\t\t\t<\/td>\n<td>\n<p>\t\t\t\t\t\t\t\t70\n\t\t\t\t\t\t\t<\/td>\n<\/tr>\n<tr>\n<td>\n<p>\t\t\t\t\t\t\t\t-10&deg;C\n\t\t\t\t\t\t\t<\/td>\n<td>\n<p>\t\t\t\t\t\t\t\t1058\n\t\t\t\t\t\t\t<\/td>\n<td>\n<p>\t\t\t\t\t\t\t\t3.52\n\t\t\t\t\t\t\t<\/td>\n<td>\n<p>\t\t\t\t\t\t\t\t0.395\n\t\t\t\t\t\t\t<\/td>\n<td>\n<p>\t\t\t\t\t\t\t\t31.74\n\t\t\t\t\t\t\t<\/td>\n<td>\n<p>\t\t\t\t\t\t\t\t30\n\t\t\t\t\t\t\t<\/td>\n<\/tr>\n<tr>\n<td>\n<p>\t\t\t\t\t\t\t\t0&deg;C\n\t\t\t\t\t\t\t<\/td>\n<td>\n<p>\t\t\t\t\t\t\t\t1054\n\t\t\t\t\t\t\t<\/td>\n<td>\n<p>\t\t\t\t\t\t\t\t3.56\n\t\t\t\t\t\t\t<\/td>\n<td>\n<p>\t\t\t\t\t\t\t\t0.395\n\t\t\t\t\t\t\t<\/td>\n<td>\n<p>\t\t\t\t\t\t\t\t18.97\n\t\t\t\t\t\t\t<\/td>\n<td>\n<p>\t\t\t\t\t\t\t\t18\n\t\t\t\t\t\t\t<\/td>\n<\/tr>\n<tr>\n<td>\n<p>\t\t\t\t\t\t\t\t20&deg;C\n\t\t\t\t\t\t\t<\/td>\n<td>\n<p>\t\t\t\t\t\t\t\t1042\n\t\t\t\t\t\t\t<\/td>\n<td>\n<p>\t\t\t\t\t\t\t\t3.62\n\t\t\t\t\t\t\t<\/td>\n<td>\n<p>\t\t\t\t\t\t\t\t0.394\n\t\t\t\t\t\t\t<\/td>\n<td>\n<p>\t\t\t\t\t\t\t\t6,264\n\t\t\t\t\t\t\t<\/td>\n<td>\n<p>\t\t\t\t\t\t\t\t6\n\t\t\t\t\t\t\t<\/td>\n<\/tr>\n<tr>\n<td>\n<p>\t\t\t\t\t\t\t\t40&deg;C\n\t\t\t\t\t\t\t<\/td>\n<td>\n<p>\t\t\t\t\t\t\t\t1033\n\t\t\t\t\t\t\t<\/td>\n<td>\n<p>\t\t\t\t\t\t\t\t3.69\n\t\t\t\t\t\t\t<\/td>\n<td>\n<p>\t\t\t\t\t\t\t\t0.393\n\t\t\t\t\t\t\t<\/td>\n<td>\n<p>\t\t\t\t\t\t\t\t2,978\n\t\t\t\t\t\t\t<\/td>\n<td>\n<p>\t\t\t\t\t\t\t\t2.9\n\t\t\t\t\t\t\t<\/td>\n<\/tr>\n<tr>\n<td>\n<p>\t\t\t\t\t\t\t\t60&deg;C\n\t\t\t\t\t\t\t<\/td>\n<td>\n<p>\t\t\t\t\t\t\t\t1015\n\t\t\t\t\t\t\t<\/td>\n<td>\n<p>\t\t\t\t\t\t\t\t3.76\n\t\t\t\t\t\t\t<\/td>\n<td>\n<p>\t\t\t\t\t\t\t\t0.391\n\t\t\t\t\t\t\t<\/td>\n<td>\n<p>\t\t\t\t\t\t\t\t1.624\n\t\t\t\t\t\t\t<\/td>\n<td>\n<p>\t\t\t\t\t\t\t\t1.6\n\t\t\t\t\t\t\t<\/td>\n<\/tr>\n<tr>\n<td>\n<p>\t\t\t\t\t\t\t\t80&deg;C\n\t\t\t\t\t\t\t<\/td>\n<td>\n<p>\t\t\t\t\t\t\t\t999\n\t\t\t\t\t\t\t<\/td>\n<td>\n<p>\t\t\t\t\t\t\t\t3.82\n\t\t\t\t\t\t\t<\/td>\n<td>\n<p>\t\t\t\t\t\t\t\t0.391\n\t\t\t\t\t\t\t<\/td>\n<td>\n<p>\t\t\t\t\t\t\t\t1.10\n\t\t\t\t\t\t\t<\/td>\n<td>\n<p>\t\t\t\t\t\t\t\t1.1\n\t\t\t\t\t\t\t<\/td>\n<\/tr>\n<tr>\n<td>\n<p>\t\t\t\t\t\t\t\t100&deg;C\n\t\t\t\t\t\t\t<\/td>\n<td>\n<p>\t\t\t\t\t\t\t\t984\n\t\t\t\t\t\t\t<\/td>\n<td>\n<p>\t\t\t\t\t\t\t\t3.89\n\t\t\t\t\t\t\t<\/td>\n<td>\n<p>\t\t\t\t\t\t\t\t0.390\n\t\t\t\t\t\t\t<\/td>\n<td>\n<p>\t\t\t\t\t\t\t\t0.807\n\t\t\t\t\t\t\t<\/td>\n<td>\n<p>\t\t\t\t\t\t\t\t0.82\n\t\t\t\t\t\t\t<\/td>\n<\/tr>\n<\/tbody>\n<\/table>\n","protected":false},"excerpt":{"rendered":"<p>Kylv\u00e4tska av h\u00f6g kvalitet baserad p\u00e5 propylenglykol, med till\u00e4gg av innovativa, utarmningsbest\u00e4ndiga korrosionsinhibitorer.<br \/>\nMaster ECO-30PRO\u2122 \u00e4r giftfritt och helt milj\u00f6v\u00e4nligt; den kan anv\u00e4ndas i v\u00e4rmesystem i b\u00e5de offentliga byggnader och bostadshus. L\u00e4mplig f\u00f6r anv\u00e4ndning inom livsmedels- och l\u00e4kemedelsindustrin.<br \/>\nV\u00e5r produkt \u00e4r icke-aggressiv mot plast, textilier, gummi och andra material.<br \/>\nDen f\u00f6rberedda propylenglykoll\u00f6sningen \u00e4r helt brands\u00e4ker och dess anv\u00e4ndning eliminerar risken f\u00f6r explosion.<\/p>\n<p><a target=\"_blank\" href=\"https:\/\/masterchem.ee\/wp-content\/uploads\/2024\/02\/Master-ECO-30PRO-technical-data-sheet-ENG-2024.pdf\" class=\"pdf\" alt=\"Coolant Master ECO-30PRO\u2122 TDS\" title=\"Coolant Master ECO-30PRO\u2122 TDS\" rel=\"noopener\">Coolant Master ECO-30PRO\u2122 TDS<\/a><\/p>\n","protected":false},"featured_media":15755,"template":"","meta":[],"product_brand":[],"product_cat":[103,105,112,116],"product_tag":[],"class_list":{"0":"post-15626","1":"product","2":"type-product","3":"status-publish","4":"has-post-thumbnail","6":"product_cat-frostskydd","7":"product_cat-hushallskemikalier-sv","8":"product_cat-byggbranschen","9":"product_cat-alla-produkter","11":"first","12":"instock","13":"featured","14":"taxable","15":"shipping-taxable","16":"purchasable","17":"product-type-variable","18":"has-default-attributes","19":"rtwpvg-product"},"yoast_head":"<!-- This site is optimized with the Yoast SEO plugin v27.2 - https:\/\/yoast.com\/product\/yoast-seo-wordpress\/ -->\n<title>Coolant Master ECO-30PRO\u2122 v\u00e4rme\u00f6verf\u00f6ringsv\u00e4tska - MasterChem | kemikaalien tuotanto ja myynti<\/title>\n<meta name=\"description\" content=\"Kylv\u00e4tska av h\u00f6g kvalitet baserad p\u00e5 propylenglykol, med till\u00e4gg av innovativa, utarmningsbest\u00e4ndiga korrosionsinhibitorer.\" \/>\n<meta name=\"robots\" content=\"index, follow, max-snippet:-1, max-image-preview:large, max-video-preview:-1\" \/>\n<link rel=\"canonical\" href=\"https:\/\/masterchem.fi\/sv\/produkt\/coolant-master-eco-30pro-varmeoverforingsvatska\/\" \/>\n<meta property=\"og:locale\" content=\"sv_SE\" \/>\n<meta property=\"og:type\" content=\"article\" \/>\n<meta property=\"og:title\" content=\"Coolant Master ECO-30PRO\u2122 v\u00e4rme\u00f6verf\u00f6ringsv\u00e4tska - MasterChem | kemikaalien tuotanto ja myynti\" \/>\n<meta property=\"og:description\" content=\"Kylv\u00e4tska av h\u00f6g kvalitet baserad p\u00e5 propylenglykol, med till\u00e4gg av innovativa, utarmningsbest\u00e4ndiga korrosionsinhibitorer.\" \/>\n<meta property=\"og:url\" content=\"https:\/\/masterchem.fi\/sv\/produkt\/coolant-master-eco-30pro-varmeoverforingsvatska\/\" \/>\n<meta property=\"og:site_name\" content=\"MasterChem | kemikaalien tuotanto ja myynti\" \/>\n<meta property=\"article:modified_time\" content=\"2024-02-21T18:54:59+00:00\" \/>\n<meta property=\"og:image\" content=\"https:\/\/masterchem.fi\/wp-content\/uploads\/2024\/02\/MasterChem_Coolant-Master-ECO-30PRO_1000L.jpg\" \/>\n\t<meta property=\"og:image:width\" content=\"1941\" \/>\n\t<meta property=\"og:image:height\" content=\"2019\" \/>\n\t<meta property=\"og:image:type\" content=\"image\/jpeg\" \/>\n<meta name=\"twitter:card\" content=\"summary_large_image\" \/>\n<meta name=\"twitter:label1\" content=\"Ber\u00e4knad l\u00e4stid\" \/>\n\t<meta name=\"twitter:data1\" content=\"2 minuter\" \/>\n<script type=\"application\/ld+json\" class=\"yoast-schema-graph\">{\"@context\":\"https:\/\/schema.org\",\"@graph\":[{\"@type\":\"WebPage\",\"@id\":\"https:\/\/masterchem.fi\/sv\/produkt\/coolant-master-eco-30pro-varmeoverforingsvatska\/\",\"url\":\"https:\/\/masterchem.fi\/sv\/produkt\/coolant-master-eco-30pro-varmeoverforingsvatska\/\",\"name\":\"Coolant Master ECO-30PRO\u2122 v\u00e4rme\u00f6verf\u00f6ringsv\u00e4tska - MasterChem | kemikaalien tuotanto ja myynti\",\"isPartOf\":{\"@id\":\"https:\/\/masterchem.fi\/sv\/#website\"},\"primaryImageOfPage\":{\"@id\":\"https:\/\/masterchem.fi\/sv\/produkt\/coolant-master-eco-30pro-varmeoverforingsvatska\/#primaryimage\"},\"image\":{\"@id\":\"https:\/\/masterchem.fi\/sv\/produkt\/coolant-master-eco-30pro-varmeoverforingsvatska\/#primaryimage\"},\"thumbnailUrl\":\"https:\/\/masterchem.fi\/wp-content\/uploads\/2024\/02\/MasterChem_Coolant-Master-ECO-30PRO_1000L.jpg\",\"datePublished\":\"2024-02-18T12:29:44+00:00\",\"dateModified\":\"2024-02-21T18:54:59+00:00\",\"description\":\"Kylv\u00e4tska av h\u00f6g kvalitet baserad p\u00e5 propylenglykol, med till\u00e4gg av innovativa, utarmningsbest\u00e4ndiga korrosionsinhibitorer.\",\"breadcrumb\":{\"@id\":\"https:\/\/masterchem.fi\/sv\/produkt\/coolant-master-eco-30pro-varmeoverforingsvatska\/#breadcrumb\"},\"inLanguage\":\"sv-SE\",\"potentialAction\":[{\"@type\":\"ReadAction\",\"target\":[\"https:\/\/masterchem.fi\/sv\/produkt\/coolant-master-eco-30pro-varmeoverforingsvatska\/\"]}]},{\"@type\":\"ImageObject\",\"inLanguage\":\"sv-SE\",\"@id\":\"https:\/\/masterchem.fi\/sv\/produkt\/coolant-master-eco-30pro-varmeoverforingsvatska\/#primaryimage\",\"url\":\"https:\/\/masterchem.fi\/wp-content\/uploads\/2024\/02\/MasterChem_Coolant-Master-ECO-30PRO_1000L.jpg\",\"contentUrl\":\"https:\/\/masterchem.fi\/wp-content\/uploads\/2024\/02\/MasterChem_Coolant-Master-ECO-30PRO_1000L.jpg\",\"width\":1941,\"height\":2019,\"caption\":\"Coolant Master ECO-30PRO\u2122 v\u00e4rme\u00f6verf\u00f6ringsv\u00e4tska 1000L\"},{\"@type\":\"BreadcrumbList\",\"@id\":\"https:\/\/masterchem.fi\/sv\/produkt\/coolant-master-eco-30pro-varmeoverforingsvatska\/#breadcrumb\",\"itemListElement\":[{\"@type\":\"ListItem\",\"position\":1,\"name\":\"Home\",\"item\":\"https:\/\/masterchem.fi\/sv\/\"},{\"@type\":\"ListItem\",\"position\":2,\"name\":\"Butik\",\"item\":\"https:\/\/masterchem.fi\/sv\/butik\/\"},{\"@type\":\"ListItem\",\"position\":3,\"name\":\"Coolant Master ECO-30PRO\u2122 v\u00e4rme\u00f6verf\u00f6ringsv\u00e4tska\"}]},{\"@type\":\"WebSite\",\"@id\":\"https:\/\/masterchem.fi\/sv\/#website\",\"url\":\"https:\/\/masterchem.fi\/sv\/\",\"name\":\"MasterChem | kemikaalien tuotanto ja myynti\",\"description\":\"kemikaalien tuotanto ja myynti\",\"potentialAction\":[{\"@type\":\"SearchAction\",\"target\":{\"@type\":\"EntryPoint\",\"urlTemplate\":\"https:\/\/masterchem.fi\/sv\/?s={search_term_string}\"},\"query-input\":{\"@type\":\"PropertyValueSpecification\",\"valueRequired\":true,\"valueName\":\"search_term_string\"}}],\"inLanguage\":\"sv-SE\"}]}<\/script>\n<!-- \/ Yoast SEO plugin. -->","yoast_head_json":{"title":"Coolant Master ECO-30PRO\u2122 v\u00e4rme\u00f6verf\u00f6ringsv\u00e4tska - MasterChem | kemikaalien tuotanto ja myynti","description":"Kylv\u00e4tska av h\u00f6g kvalitet baserad p\u00e5 propylenglykol, med till\u00e4gg av innovativa, utarmningsbest\u00e4ndiga korrosionsinhibitorer.","robots":{"index":"index","follow":"follow","max-snippet":"max-snippet:-1","max-image-preview":"max-image-preview:large","max-video-preview":"max-video-preview:-1"},"canonical":"https:\/\/masterchem.fi\/sv\/produkt\/coolant-master-eco-30pro-varmeoverforingsvatska\/","og_locale":"sv_SE","og_type":"article","og_title":"Coolant Master ECO-30PRO\u2122 v\u00e4rme\u00f6verf\u00f6ringsv\u00e4tska - MasterChem | kemikaalien tuotanto ja myynti","og_description":"Kylv\u00e4tska av h\u00f6g kvalitet baserad p\u00e5 propylenglykol, med till\u00e4gg av innovativa, utarmningsbest\u00e4ndiga korrosionsinhibitorer.","og_url":"https:\/\/masterchem.fi\/sv\/produkt\/coolant-master-eco-30pro-varmeoverforingsvatska\/","og_site_name":"MasterChem | kemikaalien tuotanto ja myynti","article_modified_time":"2024-02-21T18:54:59+00:00","og_image":[{"width":1941,"height":2019,"url":"https:\/\/masterchem.fi\/wp-content\/uploads\/2024\/02\/MasterChem_Coolant-Master-ECO-30PRO_1000L.jpg","type":"image\/jpeg"}],"twitter_card":"summary_large_image","twitter_misc":{"Ber\u00e4knad l\u00e4stid":"2 minuter"},"schema":{"@context":"https:\/\/schema.org","@graph":[{"@type":"WebPage","@id":"https:\/\/masterchem.fi\/sv\/produkt\/coolant-master-eco-30pro-varmeoverforingsvatska\/","url":"https:\/\/masterchem.fi\/sv\/produkt\/coolant-master-eco-30pro-varmeoverforingsvatska\/","name":"Coolant Master ECO-30PRO\u2122 v\u00e4rme\u00f6verf\u00f6ringsv\u00e4tska - MasterChem | kemikaalien tuotanto ja myynti","isPartOf":{"@id":"https:\/\/masterchem.fi\/sv\/#website"},"primaryImageOfPage":{"@id":"https:\/\/masterchem.fi\/sv\/produkt\/coolant-master-eco-30pro-varmeoverforingsvatska\/#primaryimage"},"image":{"@id":"https:\/\/masterchem.fi\/sv\/produkt\/coolant-master-eco-30pro-varmeoverforingsvatska\/#primaryimage"},"thumbnailUrl":"https:\/\/masterchem.fi\/wp-content\/uploads\/2024\/02\/MasterChem_Coolant-Master-ECO-30PRO_1000L.jpg","datePublished":"2024-02-18T12:29:44+00:00","dateModified":"2024-02-21T18:54:59+00:00","description":"Kylv\u00e4tska av h\u00f6g kvalitet baserad p\u00e5 propylenglykol, med till\u00e4gg av innovativa, utarmningsbest\u00e4ndiga korrosionsinhibitorer.","breadcrumb":{"@id":"https:\/\/masterchem.fi\/sv\/produkt\/coolant-master-eco-30pro-varmeoverforingsvatska\/#breadcrumb"},"inLanguage":"sv-SE","potentialAction":[{"@type":"ReadAction","target":["https:\/\/masterchem.fi\/sv\/produkt\/coolant-master-eco-30pro-varmeoverforingsvatska\/"]}]},{"@type":"ImageObject","inLanguage":"sv-SE","@id":"https:\/\/masterchem.fi\/sv\/produkt\/coolant-master-eco-30pro-varmeoverforingsvatska\/#primaryimage","url":"https:\/\/masterchem.fi\/wp-content\/uploads\/2024\/02\/MasterChem_Coolant-Master-ECO-30PRO_1000L.jpg","contentUrl":"https:\/\/masterchem.fi\/wp-content\/uploads\/2024\/02\/MasterChem_Coolant-Master-ECO-30PRO_1000L.jpg","width":1941,"height":2019,"caption":"Coolant Master ECO-30PRO\u2122 v\u00e4rme\u00f6verf\u00f6ringsv\u00e4tska 1000L"},{"@type":"BreadcrumbList","@id":"https:\/\/masterchem.fi\/sv\/produkt\/coolant-master-eco-30pro-varmeoverforingsvatska\/#breadcrumb","itemListElement":[{"@type":"ListItem","position":1,"name":"Home","item":"https:\/\/masterchem.fi\/sv\/"},{"@type":"ListItem","position":2,"name":"Butik","item":"https:\/\/masterchem.fi\/sv\/butik\/"},{"@type":"ListItem","position":3,"name":"Coolant Master ECO-30PRO\u2122 v\u00e4rme\u00f6verf\u00f6ringsv\u00e4tska"}]},{"@type":"WebSite","@id":"https:\/\/masterchem.fi\/sv\/#website","url":"https:\/\/masterchem.fi\/sv\/","name":"MasterChem | kemikaalien tuotanto ja myynti","description":"kemikaalien tuotanto ja myynti","potentialAction":[{"@type":"SearchAction","target":{"@type":"EntryPoint","urlTemplate":"https:\/\/masterchem.fi\/sv\/?s={search_term_string}"},"query-input":{"@type":"PropertyValueSpecification","valueRequired":true,"valueName":"search_term_string"}}],"inLanguage":"sv-SE"}]}},"_links":{"self":[{"href":"https:\/\/masterchem.fi\/sv\/wp-json\/wp\/v2\/product\/15626","targetHints":{"allow":["GET"]}}],"collection":[{"href":"https:\/\/masterchem.fi\/sv\/wp-json\/wp\/v2\/product"}],"about":[{"href":"https:\/\/masterchem.fi\/sv\/wp-json\/wp\/v2\/types\/product"}],"wp:featuredmedia":[{"embeddable":true,"href":"https:\/\/masterchem.fi\/sv\/wp-json\/wp\/v2\/media\/15755"}],"wp:attachment":[{"href":"https:\/\/masterchem.fi\/sv\/wp-json\/wp\/v2\/media?parent=15626"}],"wp:term":[{"taxonomy":"product_brand","embeddable":true,"href":"https:\/\/masterchem.fi\/sv\/wp-json\/wp\/v2\/product_brand?post=15626"},{"taxonomy":"product_cat","embeddable":true,"href":"https:\/\/masterchem.fi\/sv\/wp-json\/wp\/v2\/product_cat?post=15626"},{"taxonomy":"product_tag","embeddable":true,"href":"https:\/\/masterchem.fi\/sv\/wp-json\/wp\/v2\/product_tag?post=15626"}],"curies":[{"name":"wp","href":"https:\/\/api.w.org\/{rel}","templated":true}]}}