{"id":15945,"date":"2024-03-07T09:36:27","date_gmt":"2024-03-07T06:36:28","guid":{"rendered":"https:\/\/masterchem.fi\/?post_type=product&#038;p=15945"},"modified":"2024-03-07T09:46:04","modified_gmt":"2024-03-07T06:46:04","slug":"manganiisulfatmonohydrat-cas-10034-96-5-325-ammoniakvatten-kopio-2","status":"publish","type":"product","link":"https:\/\/masterchem.fi\/sv\/produkt\/manganiisulfatmonohydrat-cas-10034-96-5-325-ammoniakvatten-kopio-2\/","title":{"rendered":"Isoforondiamin (2855-13-2)"},"content":{"rendered":"<p>Liksom andra diaminer eller aminer i allm\u00e4nhet \u00e4r det h\u00e4rdare f\u00f6r epoxihartser. N\u00e4r den anv\u00e4nds i bel\u00e4ggningstill\u00e4mpningar \u00e4r den h\u00f6gre kostnaden j\u00e4mf\u00f6rt med andra aminer motiverad av den f\u00f6rb\u00e4ttrade UV-stabiliteten och d\u00e4rmed l\u00e4gre gulningstendens. Vid tillverkning av avancerade kompositmaterial (teknik) \u00e4r dess h\u00f6gre kostnad j\u00e4mf\u00f6rt med andra aminer mindre kritisk eftersom prestanda \u00e4r nyckelkriteriet. Cykloalifatiska aminer s\u00e5som IPDA \u00e4r ocks\u00e5 k\u00e4nda f\u00f6r att ha l\u00e4gre gulningstendens \u00e4n andra aminer och anv\u00e4nds d\u00e4rf\u00f6r i bel\u00e4ggningsapplikationer d\u00e4r denna egenskap \u00e4r viktig f\u00f6r estetiken. \u00c4ven om det inte \u00e4r den enda cykloalifatiska aminen som anv\u00e4nds i epoxigolv, har den den st\u00f6rsta anv\u00e4ndningen i volym. Andra cykloalifatiska aminer som anv\u00e4nds i golv inkluderar 1,3-BAC, MXDA, PACM och DCH-99.<\/p>\n","protected":false},"excerpt":{"rendered":"<p>Isoforondiamin (vanligtvis f\u00f6rkortad till IPDA) \u00e4r en kemisk f\u00f6rening och specifikt en diamin med formeln (CH3)3C6H7(NH2)(CH2NH2). Det \u00e4r en f\u00e4rgl\u00f6s v\u00e4tska. Det \u00e4r en f\u00f6reg\u00e5ngare till polymerer och bel\u00e4ggningar.<\/p>\n","protected":false},"featured_media":15981,"template":"","meta":[],"product_brand":[],"product_cat":[116],"product_tag":[],"class_list":{"0":"post-15945","1":"product","2":"type-product","3":"status-publish","4":"has-post-thumbnail","6":"product_cat-alla-produkter","8":"first","9":"instock","10":"featured","11":"taxable","12":"shipping-taxable","13":"purchasable","14":"product-type-variable","15":"has-default-attributes","16":"rtwpvg-product"},"yoast_head":"<!-- This site is optimized with the Yoast SEO plugin v27.2 - https:\/\/yoast.com\/product\/yoast-seo-wordpress\/ -->\n<title>Isoforondiamin (2855-13-2) - MasterChem | kemikaalien tuotanto ja myynti<\/title>\n<meta name=\"description\" content=\"Isoforondiamin (vanligtvis f\u00f6rkortad till IPDA) \u00e4r en kemisk f\u00f6rening och specifikt en diamin med formeln (CH3)3C6H7(NH2)(CH2NH2).\" \/>\n<meta name=\"robots\" content=\"index, follow, max-snippet:-1, max-image-preview:large, max-video-preview:-1\" \/>\n<link rel=\"canonical\" href=\"https:\/\/masterchem.fi\/sv\/produkt\/manganiisulfatmonohydrat-cas-10034-96-5-325-ammoniakvatten-kopio-2\/\" \/>\n<meta property=\"og:locale\" content=\"sv_SE\" \/>\n<meta property=\"og:type\" content=\"article\" \/>\n<meta property=\"og:title\" content=\"Isoforondiamin (2855-13-2) - MasterChem | kemikaalien tuotanto ja myynti\" \/>\n<meta property=\"og:description\" content=\"Isoforondiamin (vanligtvis f\u00f6rkortad till IPDA) \u00e4r en kemisk f\u00f6rening och specifikt en diamin med formeln (CH3)3C6H7(NH2)(CH2NH2).\" \/>\n<meta property=\"og:url\" content=\"https:\/\/masterchem.fi\/sv\/produkt\/manganiisulfatmonohydrat-cas-10034-96-5-325-ammoniakvatten-kopio-2\/\" \/>\n<meta property=\"og:site_name\" content=\"MasterChem | kemikaalien tuotanto ja myynti\" \/>\n<meta property=\"article:modified_time\" content=\"2024-03-07T06:46:04+00:00\" \/>\n<meta property=\"og:image\" content=\"https:\/\/masterchem.fi\/wp-content\/uploads\/2024\/03\/Isoforondiamiin-2855-13-2-1000l-MaterChem.jpg\" \/>\n\t<meta property=\"og:image:width\" content=\"1000\" \/>\n\t<meta property=\"og:image:height\" content=\"1000\" \/>\n\t<meta property=\"og:image:type\" content=\"image\/jpeg\" \/>\n<meta name=\"twitter:card\" content=\"summary_large_image\" \/>\n<meta name=\"twitter:label1\" content=\"Ber\u00e4knad l\u00e4stid\" \/>\n\t<meta name=\"twitter:data1\" content=\"1 minut\" \/>\n<script type=\"application\/ld+json\" class=\"yoast-schema-graph\">{\"@context\":\"https:\/\/schema.org\",\"@graph\":[{\"@type\":\"WebPage\",\"@id\":\"https:\/\/masterchem.fi\/sv\/produkt\/manganiisulfatmonohydrat-cas-10034-96-5-325-ammoniakvatten-kopio-2\/\",\"url\":\"https:\/\/masterchem.fi\/sv\/produkt\/manganiisulfatmonohydrat-cas-10034-96-5-325-ammoniakvatten-kopio-2\/\",\"name\":\"Isoforondiamin (2855-13-2) - MasterChem | kemikaalien tuotanto ja myynti\",\"isPartOf\":{\"@id\":\"https:\/\/masterchem.fi\/sv\/#website\"},\"primaryImageOfPage\":{\"@id\":\"https:\/\/masterchem.fi\/sv\/produkt\/manganiisulfatmonohydrat-cas-10034-96-5-325-ammoniakvatten-kopio-2\/#primaryimage\"},\"image\":{\"@id\":\"https:\/\/masterchem.fi\/sv\/produkt\/manganiisulfatmonohydrat-cas-10034-96-5-325-ammoniakvatten-kopio-2\/#primaryimage\"},\"thumbnailUrl\":\"https:\/\/masterchem.fi\/wp-content\/uploads\/2024\/03\/Isoforondiamiin-2855-13-2-1000l-MaterChem.jpg\",\"datePublished\":\"2024-03-07T06:36:28+00:00\",\"dateModified\":\"2024-03-07T06:46:04+00:00\",\"description\":\"Isoforondiamin (vanligtvis f\u00f6rkortad till IPDA) \u00e4r en kemisk f\u00f6rening och specifikt en diamin med formeln (CH3)3C6H7(NH2)(CH2NH2).\",\"breadcrumb\":{\"@id\":\"https:\/\/masterchem.fi\/sv\/produkt\/manganiisulfatmonohydrat-cas-10034-96-5-325-ammoniakvatten-kopio-2\/#breadcrumb\"},\"inLanguage\":\"sv-SE\",\"potentialAction\":[{\"@type\":\"ReadAction\",\"target\":[\"https:\/\/masterchem.fi\/sv\/produkt\/manganiisulfatmonohydrat-cas-10034-96-5-325-ammoniakvatten-kopio-2\/\"]}]},{\"@type\":\"ImageObject\",\"inLanguage\":\"sv-SE\",\"@id\":\"https:\/\/masterchem.fi\/sv\/produkt\/manganiisulfatmonohydrat-cas-10034-96-5-325-ammoniakvatten-kopio-2\/#primaryimage\",\"url\":\"https:\/\/masterchem.fi\/wp-content\/uploads\/2024\/03\/Isoforondiamiin-2855-13-2-1000l-MaterChem.jpg\",\"contentUrl\":\"https:\/\/masterchem.fi\/wp-content\/uploads\/2024\/03\/Isoforondiamiin-2855-13-2-1000l-MaterChem.jpg\",\"width\":1000,\"height\":1000,\"caption\":\"Isoforondiamin (2855-13-2)-1000l-MaterChem\"},{\"@type\":\"BreadcrumbList\",\"@id\":\"https:\/\/masterchem.fi\/sv\/produkt\/manganiisulfatmonohydrat-cas-10034-96-5-325-ammoniakvatten-kopio-2\/#breadcrumb\",\"itemListElement\":[{\"@type\":\"ListItem\",\"position\":1,\"name\":\"Home\",\"item\":\"https:\/\/masterchem.fi\/sv\/\"},{\"@type\":\"ListItem\",\"position\":2,\"name\":\"Butik\",\"item\":\"https:\/\/masterchem.fi\/sv\/butik\/\"},{\"@type\":\"ListItem\",\"position\":3,\"name\":\"Isoforondiamin (2855-13-2)\"}]},{\"@type\":\"WebSite\",\"@id\":\"https:\/\/masterchem.fi\/sv\/#website\",\"url\":\"https:\/\/masterchem.fi\/sv\/\",\"name\":\"MasterChem | kemikaalien tuotanto ja myynti\",\"description\":\"kemikaalien tuotanto ja myynti\",\"potentialAction\":[{\"@type\":\"SearchAction\",\"target\":{\"@type\":\"EntryPoint\",\"urlTemplate\":\"https:\/\/masterchem.fi\/sv\/?s={search_term_string}\"},\"query-input\":{\"@type\":\"PropertyValueSpecification\",\"valueRequired\":true,\"valueName\":\"search_term_string\"}}],\"inLanguage\":\"sv-SE\"}]}<\/script>\n<!-- \/ Yoast SEO plugin. -->","yoast_head_json":{"title":"Isoforondiamin (2855-13-2) - MasterChem | kemikaalien tuotanto ja myynti","description":"Isoforondiamin (vanligtvis f\u00f6rkortad till IPDA) \u00e4r en kemisk f\u00f6rening och specifikt en diamin med formeln (CH3)3C6H7(NH2)(CH2NH2).","robots":{"index":"index","follow":"follow","max-snippet":"max-snippet:-1","max-image-preview":"max-image-preview:large","max-video-preview":"max-video-preview:-1"},"canonical":"https:\/\/masterchem.fi\/sv\/produkt\/manganiisulfatmonohydrat-cas-10034-96-5-325-ammoniakvatten-kopio-2\/","og_locale":"sv_SE","og_type":"article","og_title":"Isoforondiamin (2855-13-2) - MasterChem | kemikaalien tuotanto ja myynti","og_description":"Isoforondiamin (vanligtvis f\u00f6rkortad till IPDA) \u00e4r en kemisk f\u00f6rening och specifikt en diamin med formeln (CH3)3C6H7(NH2)(CH2NH2).","og_url":"https:\/\/masterchem.fi\/sv\/produkt\/manganiisulfatmonohydrat-cas-10034-96-5-325-ammoniakvatten-kopio-2\/","og_site_name":"MasterChem | kemikaalien tuotanto ja myynti","article_modified_time":"2024-03-07T06:46:04+00:00","og_image":[{"width":1000,"height":1000,"url":"https:\/\/masterchem.fi\/wp-content\/uploads\/2024\/03\/Isoforondiamiin-2855-13-2-1000l-MaterChem.jpg","type":"image\/jpeg"}],"twitter_card":"summary_large_image","twitter_misc":{"Ber\u00e4knad l\u00e4stid":"1 minut"},"schema":{"@context":"https:\/\/schema.org","@graph":[{"@type":"WebPage","@id":"https:\/\/masterchem.fi\/sv\/produkt\/manganiisulfatmonohydrat-cas-10034-96-5-325-ammoniakvatten-kopio-2\/","url":"https:\/\/masterchem.fi\/sv\/produkt\/manganiisulfatmonohydrat-cas-10034-96-5-325-ammoniakvatten-kopio-2\/","name":"Isoforondiamin (2855-13-2) - MasterChem | kemikaalien tuotanto ja myynti","isPartOf":{"@id":"https:\/\/masterchem.fi\/sv\/#website"},"primaryImageOfPage":{"@id":"https:\/\/masterchem.fi\/sv\/produkt\/manganiisulfatmonohydrat-cas-10034-96-5-325-ammoniakvatten-kopio-2\/#primaryimage"},"image":{"@id":"https:\/\/masterchem.fi\/sv\/produkt\/manganiisulfatmonohydrat-cas-10034-96-5-325-ammoniakvatten-kopio-2\/#primaryimage"},"thumbnailUrl":"https:\/\/masterchem.fi\/wp-content\/uploads\/2024\/03\/Isoforondiamiin-2855-13-2-1000l-MaterChem.jpg","datePublished":"2024-03-07T06:36:28+00:00","dateModified":"2024-03-07T06:46:04+00:00","description":"Isoforondiamin (vanligtvis f\u00f6rkortad till IPDA) \u00e4r en kemisk f\u00f6rening och specifikt en diamin med formeln (CH3)3C6H7(NH2)(CH2NH2).","breadcrumb":{"@id":"https:\/\/masterchem.fi\/sv\/produkt\/manganiisulfatmonohydrat-cas-10034-96-5-325-ammoniakvatten-kopio-2\/#breadcrumb"},"inLanguage":"sv-SE","potentialAction":[{"@type":"ReadAction","target":["https:\/\/masterchem.fi\/sv\/produkt\/manganiisulfatmonohydrat-cas-10034-96-5-325-ammoniakvatten-kopio-2\/"]}]},{"@type":"ImageObject","inLanguage":"sv-SE","@id":"https:\/\/masterchem.fi\/sv\/produkt\/manganiisulfatmonohydrat-cas-10034-96-5-325-ammoniakvatten-kopio-2\/#primaryimage","url":"https:\/\/masterchem.fi\/wp-content\/uploads\/2024\/03\/Isoforondiamiin-2855-13-2-1000l-MaterChem.jpg","contentUrl":"https:\/\/masterchem.fi\/wp-content\/uploads\/2024\/03\/Isoforondiamiin-2855-13-2-1000l-MaterChem.jpg","width":1000,"height":1000,"caption":"Isoforondiamin (2855-13-2)-1000l-MaterChem"},{"@type":"BreadcrumbList","@id":"https:\/\/masterchem.fi\/sv\/produkt\/manganiisulfatmonohydrat-cas-10034-96-5-325-ammoniakvatten-kopio-2\/#breadcrumb","itemListElement":[{"@type":"ListItem","position":1,"name":"Home","item":"https:\/\/masterchem.fi\/sv\/"},{"@type":"ListItem","position":2,"name":"Butik","item":"https:\/\/masterchem.fi\/sv\/butik\/"},{"@type":"ListItem","position":3,"name":"Isoforondiamin (2855-13-2)"}]},{"@type":"WebSite","@id":"https:\/\/masterchem.fi\/sv\/#website","url":"https:\/\/masterchem.fi\/sv\/","name":"MasterChem | kemikaalien tuotanto ja myynti","description":"kemikaalien tuotanto ja myynti","potentialAction":[{"@type":"SearchAction","target":{"@type":"EntryPoint","urlTemplate":"https:\/\/masterchem.fi\/sv\/?s={search_term_string}"},"query-input":{"@type":"PropertyValueSpecification","valueRequired":true,"valueName":"search_term_string"}}],"inLanguage":"sv-SE"}]}},"_links":{"self":[{"href":"https:\/\/masterchem.fi\/sv\/wp-json\/wp\/v2\/product\/15945","targetHints":{"allow":["GET"]}}],"collection":[{"href":"https:\/\/masterchem.fi\/sv\/wp-json\/wp\/v2\/product"}],"about":[{"href":"https:\/\/masterchem.fi\/sv\/wp-json\/wp\/v2\/types\/product"}],"wp:featuredmedia":[{"embeddable":true,"href":"https:\/\/masterchem.fi\/sv\/wp-json\/wp\/v2\/media\/15981"}],"wp:attachment":[{"href":"https:\/\/masterchem.fi\/sv\/wp-json\/wp\/v2\/media?parent=15945"}],"wp:term":[{"taxonomy":"product_brand","embeddable":true,"href":"https:\/\/masterchem.fi\/sv\/wp-json\/wp\/v2\/product_brand?post=15945"},{"taxonomy":"product_cat","embeddable":true,"href":"https:\/\/masterchem.fi\/sv\/wp-json\/wp\/v2\/product_cat?post=15945"},{"taxonomy":"product_tag","embeddable":true,"href":"https:\/\/masterchem.fi\/sv\/wp-json\/wp\/v2\/product_tag?post=15945"}],"curies":[{"name":"wp","href":"https:\/\/api.w.org\/{rel}","templated":true}]}}