{"id":15999,"date":"2024-03-08T09:51:38","date_gmt":"2024-03-08T06:51:39","guid":{"rendered":"https:\/\/masterchem.fi\/?post_type=product&#038;p=15999"},"modified":"2024-03-08T09:55:57","modified_gmt":"2024-03-08T06:55:57","slug":"l-tryptofan-cas-73-22-3-kopio","status":"publish","type":"product","link":"https:\/\/masterchem.fi\/sv\/produkt\/l-tryptofan-cas-73-22-3-kopio\/","title":{"rendered":"Ammoniummolybdat (CAS 13106-76-8)"},"content":{"rendered":"<p><strong>Ans\u00f6kan<\/strong><br \/>\nAmmoniummolybdattetrahydrat kan anv\u00e4ndas i f\u00f6ljande processer:<br \/>\n&#8211; Som en prekursor i bildningen av kalciummolybdat (CaMoO4) sf\u00e4ruliter.<br \/>\n&#8211; Syntes av por\u00f6s kolburen molybdendioxid (MoO2).<br \/>\n&#8211; Beredning av jod-jodid-molybdatl\u00f6sning f\u00f6r att best\u00e4mma glukosniv\u00e5n genom glukosoxidasmetod.<br \/>\n&#8211; Framst\u00e4llning av polymer bulk heterojunction solceller.<br \/>\n&#8211; Som en prekursor i syntesen av Mo-N-kodopad TiO2 (titandioxid).<br \/>\n&#8211; Syntes av MoBi2S5 (molybdenvismutsulfid) tunna filmer.<br \/>\n&#8211; Anv\u00e4nds i ultraljudssyntesen av fasrent praseodymmolybdat, Pr2Mo3O12.<br \/>\n&#8211; Reagens som anv\u00e4nds f\u00f6r oxidation av sulfider till sulfonyler.<\/p>\n","protected":false},"excerpt":{"rendered":"<p>Ammoniummolybdattetrahydrat (AMT) \u00e4r ett molybdensalt. Studie av dess utvinning fr\u00e5n nickel-molybden (Ni\u2013Mo) malm med direkt hydrometallurgisk metod har rapporterats. Dess nedbrytning genom f\u00f6rbr\u00e4nning f\u00f6r att bilda element\u00e4rt molybdenpulver med hj\u00e4lp av metalliska reduktionsmedel har unders\u00f6kts.<\/p>\n","protected":false},"featured_media":16007,"template":"","meta":[],"product_brand":[],"product_cat":[116,182],"product_tag":[],"class_list":{"0":"post-15999","1":"product","2":"type-product","3":"status-publish","4":"has-post-thumbnail","6":"product_cat-alla-produkter","7":"product_cat-hortikultur","9":"first","10":"instock","11":"taxable","12":"shipping-taxable","13":"purchasable","14":"product-type-variable","15":"has-default-attributes","16":"rtwpvg-product"},"yoast_head":"<!-- This site is optimized with the Yoast SEO plugin v27.2 - https:\/\/yoast.com\/product\/yoast-seo-wordpress\/ -->\n<title>Ammoniummolybdat (CAS 13106-76-8) - MasterChem | kemikaalien tuotanto ja myynti<\/title>\n<meta name=\"description\" content=\"Ammoniummolybdattetrahydrat (AMT) \u00e4r ett molybdensalt. Studie av dess utvinning fr\u00e5n nickel-molybden (Ni\u2013Mo) malm med direkt hydrometallurgisk metod har rapporterats.\" \/>\n<meta name=\"robots\" content=\"index, follow, max-snippet:-1, max-image-preview:large, max-video-preview:-1\" \/>\n<link rel=\"canonical\" href=\"https:\/\/masterchem.fi\/sv\/produkt\/l-tryptofan-cas-73-22-3-kopio\/\" \/>\n<meta property=\"og:locale\" content=\"sv_SE\" \/>\n<meta property=\"og:type\" content=\"article\" \/>\n<meta property=\"og:title\" content=\"Ammoniummolybdat (CAS 13106-76-8) - MasterChem | kemikaalien tuotanto ja myynti\" \/>\n<meta property=\"og:description\" content=\"Ammoniummolybdattetrahydrat (AMT) \u00e4r ett molybdensalt. Studie av dess utvinning fr\u00e5n nickel-molybden (Ni\u2013Mo) malm med direkt hydrometallurgisk metod har rapporterats.\" \/>\n<meta property=\"og:url\" content=\"https:\/\/masterchem.fi\/sv\/produkt\/l-tryptofan-cas-73-22-3-kopio\/\" \/>\n<meta property=\"og:site_name\" content=\"MasterChem | kemikaalien tuotanto ja myynti\" \/>\n<meta property=\"article:modified_time\" content=\"2024-03-08T06:55:57+00:00\" \/>\n<meta property=\"og:image\" content=\"https:\/\/masterchem.fi\/wp-content\/uploads\/2024\/03\/Ammonium-molybdate-CAS-13106-76-8-25kg-MasterChem.jpg\" \/>\n\t<meta property=\"og:image:width\" content=\"1000\" \/>\n\t<meta property=\"og:image:height\" content=\"1000\" \/>\n\t<meta property=\"og:image:type\" content=\"image\/jpeg\" \/>\n<meta name=\"twitter:card\" content=\"summary_large_image\" \/>\n<script type=\"application\/ld+json\" class=\"yoast-schema-graph\">{\"@context\":\"https:\/\/schema.org\",\"@graph\":[{\"@type\":\"WebPage\",\"@id\":\"https:\/\/masterchem.fi\/sv\/produkt\/l-tryptofan-cas-73-22-3-kopio\/\",\"url\":\"https:\/\/masterchem.fi\/sv\/produkt\/l-tryptofan-cas-73-22-3-kopio\/\",\"name\":\"Ammoniummolybdat (CAS 13106-76-8) - MasterChem | kemikaalien tuotanto ja myynti\",\"isPartOf\":{\"@id\":\"https:\/\/masterchem.fi\/sv\/#website\"},\"primaryImageOfPage\":{\"@id\":\"https:\/\/masterchem.fi\/sv\/produkt\/l-tryptofan-cas-73-22-3-kopio\/#primaryimage\"},\"image\":{\"@id\":\"https:\/\/masterchem.fi\/sv\/produkt\/l-tryptofan-cas-73-22-3-kopio\/#primaryimage\"},\"thumbnailUrl\":\"https:\/\/masterchem.fi\/wp-content\/uploads\/2024\/03\/Ammonium-molybdate-CAS-13106-76-8-25kg-MasterChem.jpg\",\"datePublished\":\"2024-03-08T06:51:39+00:00\",\"dateModified\":\"2024-03-08T06:55:57+00:00\",\"description\":\"Ammoniummolybdattetrahydrat (AMT) \u00e4r ett molybdensalt. Studie av dess utvinning fr\u00e5n nickel-molybden (Ni\u2013Mo) malm med direkt hydrometallurgisk metod har rapporterats.\",\"breadcrumb\":{\"@id\":\"https:\/\/masterchem.fi\/sv\/produkt\/l-tryptofan-cas-73-22-3-kopio\/#breadcrumb\"},\"inLanguage\":\"sv-SE\",\"potentialAction\":[{\"@type\":\"ReadAction\",\"target\":[\"https:\/\/masterchem.fi\/sv\/produkt\/l-tryptofan-cas-73-22-3-kopio\/\"]}]},{\"@type\":\"ImageObject\",\"inLanguage\":\"sv-SE\",\"@id\":\"https:\/\/masterchem.fi\/sv\/produkt\/l-tryptofan-cas-73-22-3-kopio\/#primaryimage\",\"url\":\"https:\/\/masterchem.fi\/wp-content\/uploads\/2024\/03\/Ammonium-molybdate-CAS-13106-76-8-25kg-MasterChem.jpg\",\"contentUrl\":\"https:\/\/masterchem.fi\/wp-content\/uploads\/2024\/03\/Ammonium-molybdate-CAS-13106-76-8-25kg-MasterChem.jpg\",\"width\":1000,\"height\":1000,\"caption\":\"Ammoniummolybdat (CAS 13106-76-8) 25kg-MasterChem\"},{\"@type\":\"BreadcrumbList\",\"@id\":\"https:\/\/masterchem.fi\/sv\/produkt\/l-tryptofan-cas-73-22-3-kopio\/#breadcrumb\",\"itemListElement\":[{\"@type\":\"ListItem\",\"position\":1,\"name\":\"Home\",\"item\":\"https:\/\/masterchem.fi\/sv\/\"},{\"@type\":\"ListItem\",\"position\":2,\"name\":\"Butik\",\"item\":\"https:\/\/masterchem.fi\/sv\/butik\/\"},{\"@type\":\"ListItem\",\"position\":3,\"name\":\"Ammoniummolybdat (CAS 13106-76-8)\"}]},{\"@type\":\"WebSite\",\"@id\":\"https:\/\/masterchem.fi\/sv\/#website\",\"url\":\"https:\/\/masterchem.fi\/sv\/\",\"name\":\"MasterChem | kemikaalien tuotanto ja myynti\",\"description\":\"kemikaalien tuotanto ja myynti\",\"potentialAction\":[{\"@type\":\"SearchAction\",\"target\":{\"@type\":\"EntryPoint\",\"urlTemplate\":\"https:\/\/masterchem.fi\/sv\/?s={search_term_string}\"},\"query-input\":{\"@type\":\"PropertyValueSpecification\",\"valueRequired\":true,\"valueName\":\"search_term_string\"}}],\"inLanguage\":\"sv-SE\"}]}<\/script>\n<!-- \/ Yoast SEO plugin. -->","yoast_head_json":{"title":"Ammoniummolybdat (CAS 13106-76-8) - MasterChem | kemikaalien tuotanto ja myynti","description":"Ammoniummolybdattetrahydrat (AMT) \u00e4r ett molybdensalt. Studie av dess utvinning fr\u00e5n nickel-molybden (Ni\u2013Mo) malm med direkt hydrometallurgisk metod har rapporterats.","robots":{"index":"index","follow":"follow","max-snippet":"max-snippet:-1","max-image-preview":"max-image-preview:large","max-video-preview":"max-video-preview:-1"},"canonical":"https:\/\/masterchem.fi\/sv\/produkt\/l-tryptofan-cas-73-22-3-kopio\/","og_locale":"sv_SE","og_type":"article","og_title":"Ammoniummolybdat (CAS 13106-76-8) - MasterChem | kemikaalien tuotanto ja myynti","og_description":"Ammoniummolybdattetrahydrat (AMT) \u00e4r ett molybdensalt. Studie av dess utvinning fr\u00e5n nickel-molybden (Ni\u2013Mo) malm med direkt hydrometallurgisk metod har rapporterats.","og_url":"https:\/\/masterchem.fi\/sv\/produkt\/l-tryptofan-cas-73-22-3-kopio\/","og_site_name":"MasterChem | kemikaalien tuotanto ja myynti","article_modified_time":"2024-03-08T06:55:57+00:00","og_image":[{"width":1000,"height":1000,"url":"https:\/\/masterchem.fi\/wp-content\/uploads\/2024\/03\/Ammonium-molybdate-CAS-13106-76-8-25kg-MasterChem.jpg","type":"image\/jpeg"}],"twitter_card":"summary_large_image","schema":{"@context":"https:\/\/schema.org","@graph":[{"@type":"WebPage","@id":"https:\/\/masterchem.fi\/sv\/produkt\/l-tryptofan-cas-73-22-3-kopio\/","url":"https:\/\/masterchem.fi\/sv\/produkt\/l-tryptofan-cas-73-22-3-kopio\/","name":"Ammoniummolybdat (CAS 13106-76-8) - MasterChem | kemikaalien tuotanto ja myynti","isPartOf":{"@id":"https:\/\/masterchem.fi\/sv\/#website"},"primaryImageOfPage":{"@id":"https:\/\/masterchem.fi\/sv\/produkt\/l-tryptofan-cas-73-22-3-kopio\/#primaryimage"},"image":{"@id":"https:\/\/masterchem.fi\/sv\/produkt\/l-tryptofan-cas-73-22-3-kopio\/#primaryimage"},"thumbnailUrl":"https:\/\/masterchem.fi\/wp-content\/uploads\/2024\/03\/Ammonium-molybdate-CAS-13106-76-8-25kg-MasterChem.jpg","datePublished":"2024-03-08T06:51:39+00:00","dateModified":"2024-03-08T06:55:57+00:00","description":"Ammoniummolybdattetrahydrat (AMT) \u00e4r ett molybdensalt. Studie av dess utvinning fr\u00e5n nickel-molybden (Ni\u2013Mo) malm med direkt hydrometallurgisk metod har rapporterats.","breadcrumb":{"@id":"https:\/\/masterchem.fi\/sv\/produkt\/l-tryptofan-cas-73-22-3-kopio\/#breadcrumb"},"inLanguage":"sv-SE","potentialAction":[{"@type":"ReadAction","target":["https:\/\/masterchem.fi\/sv\/produkt\/l-tryptofan-cas-73-22-3-kopio\/"]}]},{"@type":"ImageObject","inLanguage":"sv-SE","@id":"https:\/\/masterchem.fi\/sv\/produkt\/l-tryptofan-cas-73-22-3-kopio\/#primaryimage","url":"https:\/\/masterchem.fi\/wp-content\/uploads\/2024\/03\/Ammonium-molybdate-CAS-13106-76-8-25kg-MasterChem.jpg","contentUrl":"https:\/\/masterchem.fi\/wp-content\/uploads\/2024\/03\/Ammonium-molybdate-CAS-13106-76-8-25kg-MasterChem.jpg","width":1000,"height":1000,"caption":"Ammoniummolybdat (CAS 13106-76-8) 25kg-MasterChem"},{"@type":"BreadcrumbList","@id":"https:\/\/masterchem.fi\/sv\/produkt\/l-tryptofan-cas-73-22-3-kopio\/#breadcrumb","itemListElement":[{"@type":"ListItem","position":1,"name":"Home","item":"https:\/\/masterchem.fi\/sv\/"},{"@type":"ListItem","position":2,"name":"Butik","item":"https:\/\/masterchem.fi\/sv\/butik\/"},{"@type":"ListItem","position":3,"name":"Ammoniummolybdat (CAS 13106-76-8)"}]},{"@type":"WebSite","@id":"https:\/\/masterchem.fi\/sv\/#website","url":"https:\/\/masterchem.fi\/sv\/","name":"MasterChem | kemikaalien tuotanto ja myynti","description":"kemikaalien tuotanto ja myynti","potentialAction":[{"@type":"SearchAction","target":{"@type":"EntryPoint","urlTemplate":"https:\/\/masterchem.fi\/sv\/?s={search_term_string}"},"query-input":{"@type":"PropertyValueSpecification","valueRequired":true,"valueName":"search_term_string"}}],"inLanguage":"sv-SE"}]}},"_links":{"self":[{"href":"https:\/\/masterchem.fi\/sv\/wp-json\/wp\/v2\/product\/15999","targetHints":{"allow":["GET"]}}],"collection":[{"href":"https:\/\/masterchem.fi\/sv\/wp-json\/wp\/v2\/product"}],"about":[{"href":"https:\/\/masterchem.fi\/sv\/wp-json\/wp\/v2\/types\/product"}],"wp:featuredmedia":[{"embeddable":true,"href":"https:\/\/masterchem.fi\/sv\/wp-json\/wp\/v2\/media\/16007"}],"wp:attachment":[{"href":"https:\/\/masterchem.fi\/sv\/wp-json\/wp\/v2\/media?parent=15999"}],"wp:term":[{"taxonomy":"product_brand","embeddable":true,"href":"https:\/\/masterchem.fi\/sv\/wp-json\/wp\/v2\/product_brand?post=15999"},{"taxonomy":"product_cat","embeddable":true,"href":"https:\/\/masterchem.fi\/sv\/wp-json\/wp\/v2\/product_cat?post=15999"},{"taxonomy":"product_tag","embeddable":true,"href":"https:\/\/masterchem.fi\/sv\/wp-json\/wp\/v2\/product_tag?post=15999"}],"curies":[{"name":"wp","href":"https:\/\/api.w.org\/{rel}","templated":true}]}}