{"id":16138,"date":"2024-03-17T21:57:52","date_gmt":"2024-03-17T18:57:53","guid":{"rendered":"https:\/\/masterchem.fi\/?post_type=product&#038;p=16138"},"modified":"2024-03-17T22:12:47","modified_gmt":"2024-03-17T19:12:47","slug":"coolant-master-bio-30pro-varmeoverforande-flytande-glycerinbas-kopio","status":"publish","type":"product","link":"https:\/\/masterchem.fi\/sv\/produkt\/coolant-master-bio-30pro-varmeoverforande-flytande-glycerinbas-kopio\/","title":{"rendered":"Coolant Master BIO-40PRO\u2122 v\u00e4rme\u00f6verf\u00f6rande flytande glycerinbas"},"content":{"rendered":"<p><strong>Produktegenskaper:<\/strong><br \/>\nProdukttyp: F\u00e4rdig att anv\u00e4nda<br \/>\nFryspunkt: -40,2\u00b0C<br \/>\nHuvud\u00e4mnesinneh\u00e5ll: glycerol inte mindre \u00e4n 70 viktprocent<br \/>\nInhibitor: ja, ASTM D3306 standard<br \/>\nKokpunkt vid normalt tryck: (\u00b0C): 110\u00b0C<br \/>\nDensitet vid 20\u00baC: 1 181 g\/cm3<br \/>\nRekommenderad lagringstemperatur minimum: 0 C max: 30 C<br \/>\nUrsprungsland: Estland<br \/>\nLivsl\u00e4ngd: minst 5 \u00e5r och beror p\u00e5 driftregler<br \/>\nH\u00e5llbarhet: 60 m\u00e5nader.<br \/>\nArtikel: BIO-40PRO56-81-5<\/p>\n<p><strong>Ytterligare produktbeskrivning:<\/strong><br \/>\nMaster BIO\u2122 kylv\u00e4tskor f\u00f6r uppv\u00e4rmning och v\u00e4rmev\u00e4xling baserade p\u00e5 glycerol k\u00e4nnetecknas av f\u00f6ljande positiva egenskaper:<br \/>\n\u25cf \u00e4r milj\u00f6v\u00e4nliga och giftfria;<br \/>\n\u25cf Master BIO\u2122-varum\u00e4rken t\u00e5l h\u00f6ga temperaturer;<br \/>\n\u25cf skyddar v\u00e4rmesystemet p\u00e5 ett tillf\u00f6rlitligt s\u00e4tt fr\u00e5n att frysa vid l\u00e5ga omgivningstemperaturer p\u00e5 vintern;<br \/>\n\u25cf har sm\u00f6rjande och bakteried\u00f6dande egenskaper;<br \/>\n\u25cf har goda termofysiska egenskaper, tack vare vilka rummet v\u00e4rms upp j\u00e4mnt;<br \/>\n\u25cf brand- och explosionss\u00e4ker;<br \/>\n\u25cf bildar inte skala.<br \/>\n\u25cf neonf\u00e4rg\u00e4mnen anv\u00e4nds som hj\u00e4lper till att l\u00e4ttare uppt\u00e4cka l\u00e4ckan vid l\u00e4ckage i systemet (behovet av en s\u00e5dan tillsats anges vid best\u00e4llning)<\/p>\n<p><strong>Master BIO-40PRO\u2122 Termofysiska egenskaper vattenl\u00f6sning av glycerol, kristallisationstemperatur minus &#8211; 40\u00b0C<\/strong><\/p>\n<table border=\"1\" cellspacing=\"0\" cellpadding=\"0\">\n<tbody>\n<tr>\n<td>Temperatur \u043e\u0421<\/td>\n<td>0<\/td>\n<td>20<\/td>\n<td>40<\/td>\n<td>60<\/td>\n<td>80<\/td>\n<td>100<\/td>\n<\/tr>\n<tr>\n<td>Densitet &rho;, g\/cm3<\/td>\n<td>1 192<\/td>\n<td>1 181<\/td>\n<td>1 169<\/td>\n<td>1 156<\/td>\n<td>1.144<\/td>\n<td>1 302<\/td>\n<\/tr>\n<tr>\n<td>Viskositet &mu;, Pa*10-3<\/td>\n<td>76,00<\/td>\n<td>22,50<\/td>\n<td>9,40<\/td>\n<td>4,86<\/td>\n<td>2,90<\/td>\n<td>1,93<\/td>\n<\/tr>\n<tr>\n<td>V\u00e4rmeledningsf\u00f6rm\u00e5ga W\/(cm&bull;oC)<\/td>\n<td>&#8211;<\/td>\n<td>0,35<\/td>\n<td>0,36<\/td>\n<td>0,36<\/td>\n<td>0,36<\/td>\n<td>&#8211;<\/td>\n<\/tr>\n<tr>\n<td>V\u00e4rmekapacitet kJ\/(kg&bull;oC)<\/td>\n<td>&#8211;<\/td>\n<td>1 452<\/td>\n<td>1 487<\/td>\n<td>1 525<\/td>\n<td>1 608<\/td>\n<td>&#8211;<\/td>\n<\/tr>\n<\/tbody>\n<\/table>\n<p><strong>Anv\u00e4ndarmanual:<\/strong><\/p>\n<p>Innan du anv\u00e4nder Master BIO\u2122-kylmedel m\u00e5ste v\u00e4rmesystemet vara helt rengjort fr\u00e5n spillv\u00e4tska. Du b\u00f6r ocks\u00e5 ta bort gamla avlagringar och fj\u00e4ll fr\u00e5n kretsen och eliminera korrosionssp\u00e5r.<\/p>\n<p>Produkten erbjuds helt klar f\u00f6r anv\u00e4ndning (det finns inget behov av att sp\u00e4da eller l\u00e4gga till n\u00e5got i den), och den s\u00e4ljs i en f\u00f6rseglad beh\u00e5llare. Det rekommenderas starkt att f\u00f6rvara det p\u00e5 en sval plats. F\u00f6rs\u00f6k att f\u00f6rhindra att direkt solljus kommer in i beh\u00e5llaren med kompositionen. Detta kan leda till en f\u00f6rs\u00e4mring av dess egenskaper, utj\u00e4mna de positiva egenskaperna hos ytterligare komponenter och den huvudsakliga visk\u00f6sa substansen &#8211; glycerin.<\/p>\n<p>V\u00e4rmesystemet fylls av gravitation, antingen manuellt eller under tryck. Den manuella fyllningen \u00e4r till\u00e4mplig f\u00f6r \u00f6ppna kretsar. Kylv\u00e4tska pumpas in i slutna v\u00e4rmesystem under tryck med hj\u00e4lp av pumpar.<\/p>\n<p>Det \u00e4r viktigt att s\u00e4kerst\u00e4lla en bra t\u00e4tning, eftersom vattenl\u00f6sningar av glycerin, som har en h\u00f6g v\u00e4tningseffekt, kan l\u00e4cka d\u00e4r vatten inte rinner. Om det l\u00e4cker minskar effektiviteten i hela v\u00e4rmesystemet. Om de uppt\u00e4cks \u00e4r det n\u00f6dv\u00e4ndigt att pausa hela systemets drift och eliminera felet.<br \/>\nTillv\u00e4gag\u00e5ngss\u00e4tt vid n\u00f6davst\u00e4ngning av v\u00e4rmesystemet.<br \/>\nL\u00f6sningar av glycerin och vatten vid nolltemperaturer och l\u00e4gre har en h\u00f6g viskositetsniv\u00e5. D\u00e4rf\u00f6r, om systemet har svalnat, rekommenderas det att f\u00f6rst sl\u00e5 p\u00e5 sj\u00e4lva v\u00e4rmeelementen och sedan starta cirkulationen. Detta kommer att minska belastningen p\u00e5 pumparna.<\/p>\n<p>Livsl\u00e4ngden f\u00f6r Master BIO\u2122 kylv\u00e4tskor \u00e4r minst 5 \u00e5r. Priset p\u00e5 kylv\u00e4tskan beror p\u00e5 koncentrationen av huvudbaskomponenten. N\u00e4r du best\u00e4ller och k\u00f6per det \u00e4r det n\u00f6dv\u00e4ndigt att \u00f6verv\u00e4ga andelen glycerol i kylv\u00e4tskem\u00e4rket. Temperaturintervallet inom vilket kylv\u00e4tskan med l\u00e5g frysning f\u00f6r hela s\u00e4songen kommer att vara i fungerande tillst\u00e5nd beror p\u00e5 denna indikator.<\/p>\n","protected":false},"excerpt":{"rendered":"<p>Master BIO-40PRO\u2122 kylv\u00e4tska har ett omfattande skydd mot frysning och korrosion, en exceptionell s\u00e4kerhetsprofil f\u00f6r milj\u00f6n och m\u00e4nniskor och universell till\u00e4mpning inom olika sektorer av livsmedelsindustrin. Kan anv\u00e4ndas i v\u00e4rmesystem av b\u00e5de offentliga och bostadshus. Dess glycerinbas s\u00e4kerst\u00e4ller inte bara effektiv v\u00e4rme\u00f6verf\u00f6ring utan fr\u00e4mjar \u00e4ven sm\u00f6rjning och underh\u00e5ll av systemkomponenter. Skada inte produkter gjorda av gummi, plast, gjutj\u00e4rn, st\u00e5l eller aluminiumlegeringar. Den beredda glycerinl\u00f6sningen \u00e4r helt brands\u00e4ker och dess anv\u00e4ndning eliminerar risken f\u00f6r explosion.<\/p>\n<p>Denna produkt \u00e4r ett utm\u00e4rkt val f\u00f6r dem som letar efter en p\u00e5litlig, h\u00f6gkvalitativ kylv\u00e4tska som uppfyller h\u00e5llbarhetsm\u00e5len.<\/p>\n","protected":false},"featured_media":16161,"template":"","meta":[],"product_brand":[],"product_cat":[103,105,112,116],"product_tag":[],"class_list":{"0":"post-16138","1":"product","2":"type-product","3":"status-publish","4":"has-post-thumbnail","6":"product_cat-frostskydd","7":"product_cat-hushallskemikalier-sv","8":"product_cat-byggbranschen","9":"product_cat-alla-produkter","11":"first","12":"instock","13":"featured","14":"taxable","15":"shipping-taxable","16":"purchasable","17":"product-type-variable","18":"has-default-attributes","19":"rtwpvg-product"},"yoast_head":"<!-- This site is optimized with the Yoast SEO plugin v27.2 - https:\/\/yoast.com\/product\/yoast-seo-wordpress\/ -->\n<title>Coolant Master BIO-40PRO\u2122 v\u00e4rme\u00f6verf\u00f6rande flytande glycerinbas - MasterChem | kemikaalien tuotanto ja myynti<\/title>\n<meta name=\"description\" content=\"Master BIO-40PRO\u2122 kylv\u00e4tska har ett omfattande skydd mot frysning och korrosion, en exceptionell s\u00e4kerhetsprofil f\u00f6r milj\u00f6n och m\u00e4nniskor och universell till\u00e4mpning inom olika sektorer av livsmedelsindustrin.\" \/>\n<meta name=\"robots\" content=\"index, follow, max-snippet:-1, max-image-preview:large, max-video-preview:-1\" \/>\n<link rel=\"canonical\" href=\"https:\/\/masterchem.fi\/sv\/produkt\/coolant-master-bio-30pro-varmeoverforande-flytande-glycerinbas-kopio\/\" \/>\n<meta property=\"og:locale\" content=\"sv_SE\" \/>\n<meta property=\"og:type\" content=\"article\" \/>\n<meta property=\"og:title\" content=\"Coolant Master BIO-40PRO\u2122 v\u00e4rme\u00f6verf\u00f6rande flytande glycerinbas - MasterChem | kemikaalien tuotanto ja myynti\" \/>\n<meta property=\"og:description\" content=\"Master BIO-40PRO\u2122 kylv\u00e4tska har ett omfattande skydd mot frysning och korrosion, en exceptionell s\u00e4kerhetsprofil f\u00f6r milj\u00f6n och m\u00e4nniskor och universell till\u00e4mpning inom olika sektorer av livsmedelsindustrin.\" \/>\n<meta property=\"og:url\" content=\"https:\/\/masterchem.fi\/sv\/produkt\/coolant-master-bio-30pro-varmeoverforande-flytande-glycerinbas-kopio\/\" \/>\n<meta property=\"og:site_name\" content=\"MasterChem | kemikaalien tuotanto ja myynti\" \/>\n<meta property=\"article:modified_time\" content=\"2024-03-17T19:12:47+00:00\" \/>\n<meta property=\"og:image\" content=\"https:\/\/masterchem.fi\/wp-content\/uploads\/2024\/03\/MasterChem_Coolant-Master-BIO-40PRO-1000L.jpg\" \/>\n\t<meta property=\"og:image:width\" content=\"1800\" \/>\n\t<meta property=\"og:image:height\" content=\"1800\" \/>\n\t<meta property=\"og:image:type\" content=\"image\/jpeg\" \/>\n<meta name=\"twitter:card\" content=\"summary_large_image\" \/>\n<meta name=\"twitter:label1\" content=\"Ber\u00e4knad l\u00e4stid\" \/>\n\t<meta name=\"twitter:data1\" content=\"2 minuter\" \/>\n<script type=\"application\/ld+json\" class=\"yoast-schema-graph\">{\"@context\":\"https:\/\/schema.org\",\"@graph\":[{\"@type\":\"WebPage\",\"@id\":\"https:\/\/masterchem.fi\/sv\/produkt\/coolant-master-bio-30pro-varmeoverforande-flytande-glycerinbas-kopio\/\",\"url\":\"https:\/\/masterchem.fi\/sv\/produkt\/coolant-master-bio-30pro-varmeoverforande-flytande-glycerinbas-kopio\/\",\"name\":\"Coolant Master BIO-40PRO\u2122 v\u00e4rme\u00f6verf\u00f6rande flytande glycerinbas - MasterChem | kemikaalien tuotanto ja myynti\",\"isPartOf\":{\"@id\":\"https:\/\/masterchem.fi\/sv\/#website\"},\"primaryImageOfPage\":{\"@id\":\"https:\/\/masterchem.fi\/sv\/produkt\/coolant-master-bio-30pro-varmeoverforande-flytande-glycerinbas-kopio\/#primaryimage\"},\"image\":{\"@id\":\"https:\/\/masterchem.fi\/sv\/produkt\/coolant-master-bio-30pro-varmeoverforande-flytande-glycerinbas-kopio\/#primaryimage\"},\"thumbnailUrl\":\"https:\/\/masterchem.fi\/wp-content\/uploads\/2024\/03\/MasterChem_Coolant-Master-BIO-40PRO-1000L.jpg\",\"datePublished\":\"2024-03-17T18:57:53+00:00\",\"dateModified\":\"2024-03-17T19:12:47+00:00\",\"description\":\"Master BIO-40PRO\u2122 kylv\u00e4tska har ett omfattande skydd mot frysning och korrosion, en exceptionell s\u00e4kerhetsprofil f\u00f6r milj\u00f6n och m\u00e4nniskor och universell till\u00e4mpning inom olika sektorer av livsmedelsindustrin.\",\"breadcrumb\":{\"@id\":\"https:\/\/masterchem.fi\/sv\/produkt\/coolant-master-bio-30pro-varmeoverforande-flytande-glycerinbas-kopio\/#breadcrumb\"},\"inLanguage\":\"sv-SE\",\"potentialAction\":[{\"@type\":\"ReadAction\",\"target\":[\"https:\/\/masterchem.fi\/sv\/produkt\/coolant-master-bio-30pro-varmeoverforande-flytande-glycerinbas-kopio\/\"]}]},{\"@type\":\"ImageObject\",\"inLanguage\":\"sv-SE\",\"@id\":\"https:\/\/masterchem.fi\/sv\/produkt\/coolant-master-bio-30pro-varmeoverforande-flytande-glycerinbas-kopio\/#primaryimage\",\"url\":\"https:\/\/masterchem.fi\/wp-content\/uploads\/2024\/03\/MasterChem_Coolant-Master-BIO-40PRO-1000L.jpg\",\"contentUrl\":\"https:\/\/masterchem.fi\/wp-content\/uploads\/2024\/03\/MasterChem_Coolant-Master-BIO-40PRO-1000L.jpg\",\"width\":1800,\"height\":1800,\"caption\":\"Coolant Master BIO-40PRO\u2122 v\u00e4rme\u00f6verf\u00f6rande flytande glycerinbas 1000L\"},{\"@type\":\"BreadcrumbList\",\"@id\":\"https:\/\/masterchem.fi\/sv\/produkt\/coolant-master-bio-30pro-varmeoverforande-flytande-glycerinbas-kopio\/#breadcrumb\",\"itemListElement\":[{\"@type\":\"ListItem\",\"position\":1,\"name\":\"Home\",\"item\":\"https:\/\/masterchem.fi\/sv\/\"},{\"@type\":\"ListItem\",\"position\":2,\"name\":\"Butik\",\"item\":\"https:\/\/masterchem.fi\/sv\/butik\/\"},{\"@type\":\"ListItem\",\"position\":3,\"name\":\"Coolant Master BIO-40PRO\u2122 v\u00e4rme\u00f6verf\u00f6rande flytande glycerinbas\"}]},{\"@type\":\"WebSite\",\"@id\":\"https:\/\/masterchem.fi\/sv\/#website\",\"url\":\"https:\/\/masterchem.fi\/sv\/\",\"name\":\"MasterChem | kemikaalien tuotanto ja myynti\",\"description\":\"kemikaalien tuotanto ja myynti\",\"potentialAction\":[{\"@type\":\"SearchAction\",\"target\":{\"@type\":\"EntryPoint\",\"urlTemplate\":\"https:\/\/masterchem.fi\/sv\/?s={search_term_string}\"},\"query-input\":{\"@type\":\"PropertyValueSpecification\",\"valueRequired\":true,\"valueName\":\"search_term_string\"}}],\"inLanguage\":\"sv-SE\"}]}<\/script>\n<!-- \/ Yoast SEO plugin. -->","yoast_head_json":{"title":"Coolant Master BIO-40PRO\u2122 v\u00e4rme\u00f6verf\u00f6rande flytande glycerinbas - MasterChem | kemikaalien tuotanto ja myynti","description":"Master BIO-40PRO\u2122 kylv\u00e4tska har ett omfattande skydd mot frysning och korrosion, en exceptionell s\u00e4kerhetsprofil f\u00f6r milj\u00f6n och m\u00e4nniskor och universell till\u00e4mpning inom olika sektorer av livsmedelsindustrin.","robots":{"index":"index","follow":"follow","max-snippet":"max-snippet:-1","max-image-preview":"max-image-preview:large","max-video-preview":"max-video-preview:-1"},"canonical":"https:\/\/masterchem.fi\/sv\/produkt\/coolant-master-bio-30pro-varmeoverforande-flytande-glycerinbas-kopio\/","og_locale":"sv_SE","og_type":"article","og_title":"Coolant Master BIO-40PRO\u2122 v\u00e4rme\u00f6verf\u00f6rande flytande glycerinbas - MasterChem | kemikaalien tuotanto ja myynti","og_description":"Master BIO-40PRO\u2122 kylv\u00e4tska har ett omfattande skydd mot frysning och korrosion, en exceptionell s\u00e4kerhetsprofil f\u00f6r milj\u00f6n och m\u00e4nniskor och universell till\u00e4mpning inom olika sektorer av livsmedelsindustrin.","og_url":"https:\/\/masterchem.fi\/sv\/produkt\/coolant-master-bio-30pro-varmeoverforande-flytande-glycerinbas-kopio\/","og_site_name":"MasterChem | kemikaalien tuotanto ja myynti","article_modified_time":"2024-03-17T19:12:47+00:00","og_image":[{"width":1800,"height":1800,"url":"https:\/\/masterchem.fi\/wp-content\/uploads\/2024\/03\/MasterChem_Coolant-Master-BIO-40PRO-1000L.jpg","type":"image\/jpeg"}],"twitter_card":"summary_large_image","twitter_misc":{"Ber\u00e4knad l\u00e4stid":"2 minuter"},"schema":{"@context":"https:\/\/schema.org","@graph":[{"@type":"WebPage","@id":"https:\/\/masterchem.fi\/sv\/produkt\/coolant-master-bio-30pro-varmeoverforande-flytande-glycerinbas-kopio\/","url":"https:\/\/masterchem.fi\/sv\/produkt\/coolant-master-bio-30pro-varmeoverforande-flytande-glycerinbas-kopio\/","name":"Coolant Master BIO-40PRO\u2122 v\u00e4rme\u00f6verf\u00f6rande flytande glycerinbas - MasterChem | kemikaalien tuotanto ja myynti","isPartOf":{"@id":"https:\/\/masterchem.fi\/sv\/#website"},"primaryImageOfPage":{"@id":"https:\/\/masterchem.fi\/sv\/produkt\/coolant-master-bio-30pro-varmeoverforande-flytande-glycerinbas-kopio\/#primaryimage"},"image":{"@id":"https:\/\/masterchem.fi\/sv\/produkt\/coolant-master-bio-30pro-varmeoverforande-flytande-glycerinbas-kopio\/#primaryimage"},"thumbnailUrl":"https:\/\/masterchem.fi\/wp-content\/uploads\/2024\/03\/MasterChem_Coolant-Master-BIO-40PRO-1000L.jpg","datePublished":"2024-03-17T18:57:53+00:00","dateModified":"2024-03-17T19:12:47+00:00","description":"Master BIO-40PRO\u2122 kylv\u00e4tska har ett omfattande skydd mot frysning och korrosion, en exceptionell s\u00e4kerhetsprofil f\u00f6r milj\u00f6n och m\u00e4nniskor och universell till\u00e4mpning inom olika sektorer av livsmedelsindustrin.","breadcrumb":{"@id":"https:\/\/masterchem.fi\/sv\/produkt\/coolant-master-bio-30pro-varmeoverforande-flytande-glycerinbas-kopio\/#breadcrumb"},"inLanguage":"sv-SE","potentialAction":[{"@type":"ReadAction","target":["https:\/\/masterchem.fi\/sv\/produkt\/coolant-master-bio-30pro-varmeoverforande-flytande-glycerinbas-kopio\/"]}]},{"@type":"ImageObject","inLanguage":"sv-SE","@id":"https:\/\/masterchem.fi\/sv\/produkt\/coolant-master-bio-30pro-varmeoverforande-flytande-glycerinbas-kopio\/#primaryimage","url":"https:\/\/masterchem.fi\/wp-content\/uploads\/2024\/03\/MasterChem_Coolant-Master-BIO-40PRO-1000L.jpg","contentUrl":"https:\/\/masterchem.fi\/wp-content\/uploads\/2024\/03\/MasterChem_Coolant-Master-BIO-40PRO-1000L.jpg","width":1800,"height":1800,"caption":"Coolant Master BIO-40PRO\u2122 v\u00e4rme\u00f6verf\u00f6rande flytande glycerinbas 1000L"},{"@type":"BreadcrumbList","@id":"https:\/\/masterchem.fi\/sv\/produkt\/coolant-master-bio-30pro-varmeoverforande-flytande-glycerinbas-kopio\/#breadcrumb","itemListElement":[{"@type":"ListItem","position":1,"name":"Home","item":"https:\/\/masterchem.fi\/sv\/"},{"@type":"ListItem","position":2,"name":"Butik","item":"https:\/\/masterchem.fi\/sv\/butik\/"},{"@type":"ListItem","position":3,"name":"Coolant Master BIO-40PRO\u2122 v\u00e4rme\u00f6verf\u00f6rande flytande glycerinbas"}]},{"@type":"WebSite","@id":"https:\/\/masterchem.fi\/sv\/#website","url":"https:\/\/masterchem.fi\/sv\/","name":"MasterChem | kemikaalien tuotanto ja myynti","description":"kemikaalien tuotanto ja myynti","potentialAction":[{"@type":"SearchAction","target":{"@type":"EntryPoint","urlTemplate":"https:\/\/masterchem.fi\/sv\/?s={search_term_string}"},"query-input":{"@type":"PropertyValueSpecification","valueRequired":true,"valueName":"search_term_string"}}],"inLanguage":"sv-SE"}]}},"_links":{"self":[{"href":"https:\/\/masterchem.fi\/sv\/wp-json\/wp\/v2\/product\/16138","targetHints":{"allow":["GET"]}}],"collection":[{"href":"https:\/\/masterchem.fi\/sv\/wp-json\/wp\/v2\/product"}],"about":[{"href":"https:\/\/masterchem.fi\/sv\/wp-json\/wp\/v2\/types\/product"}],"wp:featuredmedia":[{"embeddable":true,"href":"https:\/\/masterchem.fi\/sv\/wp-json\/wp\/v2\/media\/16161"}],"wp:attachment":[{"href":"https:\/\/masterchem.fi\/sv\/wp-json\/wp\/v2\/media?parent=16138"}],"wp:term":[{"taxonomy":"product_brand","embeddable":true,"href":"https:\/\/masterchem.fi\/sv\/wp-json\/wp\/v2\/product_brand?post=16138"},{"taxonomy":"product_cat","embeddable":true,"href":"https:\/\/masterchem.fi\/sv\/wp-json\/wp\/v2\/product_cat?post=16138"},{"taxonomy":"product_tag","embeddable":true,"href":"https:\/\/masterchem.fi\/sv\/wp-json\/wp\/v2\/product_tag?post=16138"}],"curies":[{"name":"wp","href":"https:\/\/api.w.org\/{rel}","templated":true}]}}