{"id":16190,"date":"2024-04-10T21:51:43","date_gmt":"2024-04-10T18:51:46","guid":{"rendered":"https:\/\/masterchem.fi\/?post_type=product&#038;p=16190"},"modified":"2024-04-12T21:03:59","modified_gmt":"2024-04-12T18:03:59","slug":"coolant-master-bio-10pro-varmeoverforande-flytande-glycerinbas-kopio-2","status":"publish","type":"product","link":"https:\/\/masterchem.fi\/sv\/produkt\/coolant-master-bio-10pro-varmeoverforande-flytande-glycerinbas-kopio-2\/","title":{"rendered":"MasterSeaSafe Marine Antifreeze-30PRO\u2122"},"content":{"rendered":"<p><strong>Produktegenskaper:<\/strong><br \/>\nProdukttyp: F\u00e4rdig att anv\u00e4nda<br \/>\nFryspunkt: -30\u00b0C<br \/>\nInhibitor: ASTM D3306, D4985 standard<br \/>\nDensitet vid 20\u00baC: 1 145 g\/cm3<br \/>\nF\u00e4rg\/Utseende: gul, klar<br \/>\nLukt: ej<br \/>\nLivsl\u00e4ngd: minst 5 \u00e5r och beror p\u00e5 driftregler<br \/>\nH\u00e5llbarhet: 60 m\u00e5nader.<\/p>\n<p><strong>Beskrivning:<\/strong><br \/>\nMasterSeaSafe Antifreeze inneh\u00e5ller avancerade h\u00e4mmande tillsatser speciellt utformade f\u00f6r att f\u00f6rhindra korrosion \u00f6ver olika metalltyper, inklusive aluminium, som vanligtvis anv\u00e4nds i marinmotorer. Dessa moderna inhibitorer s\u00e4kerst\u00e4ller att kritiska motorkomponenter skyddas mot de korrosiva effekterna av saltvatten och andra milj\u00f6faktorer, vilket f\u00f6rl\u00e4nger motorns livsl\u00e4ngd samtidigt som dess effektivitet bibeh\u00e5lls. Denna formulering understryker MasterSeaSafes engagemang f\u00f6r att erbjuda milj\u00f6m\u00e4ssigt ansvarsfulla och tekniskt avancerade l\u00f6sningar f\u00f6r b\u00e5tfolk som kr\u00e4ver det b\u00e4sta inom skydd och prestanda f\u00f6r sina fartyg.<\/p>\n<p>MasterSeaSafe Frostskyddsmedel f\u00f6r uppv\u00e4rmning och v\u00e4rmev\u00e4xling baserad p\u00e5 glycerol k\u00e4nnetecknas av f\u00f6ljande positiva egenskaper:<\/p>\n<p>&#8211; \u00e4r milj\u00f6v\u00e4nliga och giftfria;<br \/>\n&#8211; Master BIO\u2122-varum\u00e4rken t\u00e5l h\u00f6ga temperaturer;<br \/>\n&#8211; har sm\u00f6rjande och bakteried\u00f6dande egenskaper;<br \/>\n&#8211; f\u00f6r alla externa kylvattensystem av b\u00e5tmotorer och toalettsystem;<br \/>\n&#8211; brand- och explosionss\u00e4ker;<\/p>\n<p>Doseringstabell<\/p>\n<table border=\"1\" cellspacing=\"0\" cellpadding=\"0\">\n<tbody>\n<tr>\n<td>MasterSeaSafe Antifreeze<\/td>\n<td>Vatten<\/td>\n<td>Skydd upp till \u00b0C<\/td>\n<\/tr>\n<tr>\n<td>1 L<\/td>\n<td>&#8211;<\/td>\n<td>-30<\/td>\n<\/tr>\n<tr>\n<td>1 L<\/td>\n<td>0,5 L<\/td>\n<td>-15<\/td>\n<\/tr>\n<tr>\n<td>1 L<\/td>\n<td>1 L<\/td>\n<td>-8<\/td>\n<\/tr>\n<\/tbody>\n<\/table>\n<p><strong>Anv\u00e4ndarmanual:<\/strong><\/p>\n<p>Anv\u00e4ndningsomr\u00e5den F\u00f6r alla externa kylvattensystem i b\u00e5tmotorn och toalettsystemet (avloppsvattensystemet). Kompatibel med alla material. Inte l\u00e4mplig f\u00f6r dricksvatten eller f\u00e4rskvattenf\u00f6rs\u00f6rjning!<br \/>\nObservera motor- eller enhetstillverkarens bruksanvisning. Avfallshantering enligt lokala f\u00f6reskrifter. F\u00f6rvara endast i originalskick (outsp\u00e4dd). Sp\u00e4d med vatten efter \u00f6nskad grad av frostskydd.<br \/>\nV\u00e5r information \u00e4r baserad p\u00e5 grundlig forskning och kan anses tillf\u00f6rlitlig, men inte juridiskt bindande.<\/p>\n<p>Det rekommenderas starkt att f\u00f6rvara det p\u00e5 en sval plats. F\u00f6rs\u00f6k att f\u00f6rhindra att direkt solljus kommer in i beh\u00e5llaren med kompositionen. Detta kan leda till en f\u00f6rs\u00e4mring av dess egenskaper, utj\u00e4mna de positiva egenskaperna hos ytterligare komponenter och den huvudsakliga visk\u00f6sa substansen &#8211; glycerin.<\/p>\n<p>Rekommenderad lagringstemperatur minimum: 0 C max: 20 C<br \/>\nArtikel: SeaSafe-30PRO56-81-5<br \/>\nIngredienser: glycerol (CAS 56-81-5), avmineraliserat vatten, inhibitortillsatser, stabilisatorer<\/p>\n<p>Ursprungsland: Estland<br \/>\nF\u00f6rpackning: 1 lit, 5 lit, 20 lit, 25 lit, 200 lit, 1000 lit<br \/>\nEAN:<br \/>\n4742668000805 1-lits plastburk<br \/>\n4742668000775 5-lits plastburk<br \/>\n4742668000768 20-lits plastburk<br \/>\n4742668000751 25-lits plastburk<br \/>\n4742668000782 200-liters plasttrumma<br \/>\n4742668000799 1000-liters IBC-beh\u00e5llare<\/p>\n","protected":false},"excerpt":{"rendered":"<p>MasterSeaSafe Marine Antifreeze-30PRO\u2122 \u00e4r designad speciellt f\u00f6r marinmotorer och erbjuder \u00f6verl\u00e4gset skydd mot frysning samtidigt som det \u00e4r milj\u00f6v\u00e4nligt. Dess formulering \u00e4r biologiskt nedbrytbar och giftfri, vilket s\u00e4kerst\u00e4ller att den inte skadar marint liv. Idealisk f\u00f6r b\u00e5t\u00e4gare som prioriterar milj\u00f6v\u00e5rd, MasterSeaSafe kylv\u00e4tska s\u00e4kerst\u00e4ller att din motor g\u00e5r smidigt i kalla temperaturer utan att kompromissa med ekosystemet. Denna produkt representerar ett \u00e5tagande f\u00f6r sj\u00f6s\u00e4kerhet och milj\u00f6ansvar, vilket g\u00f6r den till ett utm\u00e4rkt val f\u00f6r milj\u00f6medvetna b\u00e5t\u00e4gare som letar efter p\u00e5litligt motorskydd. Skada inte produkter gjorda av gummi, plast, gjutj\u00e4rn, st\u00e5l eller aluminiumlegeringar.<\/p>\n<p>MasterSeaSafe Marine Antifreeze-30PRO\u2122 kan ocks\u00e5 anv\u00e4ndas i b\u00e5tar och fritidsfordon (husbilar), husbilar och husvagnar f\u00f6r att skydda inombordsmotorer, dricksvatten och toalettsystem mot frysning.<\/p>\n","protected":false},"featured_media":16213,"template":"","meta":[],"product_brand":[],"product_cat":[103,105,112,116],"product_tag":[],"class_list":{"0":"post-16190","1":"product","2":"type-product","3":"status-publish","4":"has-post-thumbnail","6":"product_cat-frostskydd","7":"product_cat-hushallskemikalier-sv","8":"product_cat-byggbranschen","9":"product_cat-alla-produkter","11":"first","12":"instock","13":"featured","14":"taxable","15":"shipping-taxable","16":"purchasable","17":"product-type-variable","18":"has-default-attributes","19":"rtwpvg-product"},"yoast_head":"<!-- This site is optimized with the Yoast SEO plugin v27.2 - https:\/\/yoast.com\/product\/yoast-seo-wordpress\/ -->\n<title>MasterSeaSafe Marine Antifreeze-30PRO\u2122 - MasterChem | kemikaalien tuotanto ja myynti<\/title>\n<meta name=\"description\" content=\"MasterSeaSafe Marine Antifreeze-30PRO\u2122 \u00e4r designad speciellt f\u00f6r marinmotorer och erbjuder \u00f6verl\u00e4gset skydd mot frysning samtidigt som det \u00e4r milj\u00f6v\u00e4nligt.\" \/>\n<meta name=\"robots\" content=\"index, follow, max-snippet:-1, max-image-preview:large, max-video-preview:-1\" \/>\n<link rel=\"canonical\" href=\"https:\/\/masterchem.fi\/sv\/produkt\/coolant-master-bio-10pro-varmeoverforande-flytande-glycerinbas-kopio-2\/\" \/>\n<meta property=\"og:locale\" content=\"sv_SE\" \/>\n<meta property=\"og:type\" content=\"article\" \/>\n<meta property=\"og:title\" content=\"MasterSeaSafe Marine Antifreeze-30PRO\u2122 - MasterChem | kemikaalien tuotanto ja myynti\" \/>\n<meta property=\"og:description\" content=\"MasterSeaSafe Marine Antifreeze-30PRO\u2122 \u00e4r designad speciellt f\u00f6r marinmotorer och erbjuder \u00f6verl\u00e4gset skydd mot frysning samtidigt som det \u00e4r milj\u00f6v\u00e4nligt.\" \/>\n<meta property=\"og:url\" content=\"https:\/\/masterchem.fi\/sv\/produkt\/coolant-master-bio-10pro-varmeoverforande-flytande-glycerinbas-kopio-2\/\" \/>\n<meta property=\"og:site_name\" content=\"MasterChem | kemikaalien tuotanto ja myynti\" \/>\n<meta property=\"article:modified_time\" content=\"2024-04-12T18:03:59+00:00\" \/>\n<meta property=\"og:image\" content=\"https:\/\/masterchem.fi\/wp-content\/uploads\/2024\/04\/MasterSeaSafe-Antifreeze-30PR-1000L.jpg\" \/>\n\t<meta property=\"og:image:width\" content=\"1800\" \/>\n\t<meta property=\"og:image:height\" content=\"1800\" \/>\n\t<meta property=\"og:image:type\" content=\"image\/jpeg\" \/>\n<meta name=\"twitter:card\" content=\"summary_large_image\" \/>\n<meta name=\"twitter:label1\" content=\"Ber\u00e4knad l\u00e4stid\" \/>\n\t<meta name=\"twitter:data1\" content=\"2 minuter\" \/>\n<script type=\"application\/ld+json\" class=\"yoast-schema-graph\">{\"@context\":\"https:\/\/schema.org\",\"@graph\":[{\"@type\":\"WebPage\",\"@id\":\"https:\/\/masterchem.fi\/sv\/produkt\/coolant-master-bio-10pro-varmeoverforande-flytande-glycerinbas-kopio-2\/\",\"url\":\"https:\/\/masterchem.fi\/sv\/produkt\/coolant-master-bio-10pro-varmeoverforande-flytande-glycerinbas-kopio-2\/\",\"name\":\"MasterSeaSafe Marine Antifreeze-30PRO\u2122 - MasterChem | kemikaalien tuotanto ja myynti\",\"isPartOf\":{\"@id\":\"https:\/\/masterchem.fi\/sv\/#website\"},\"primaryImageOfPage\":{\"@id\":\"https:\/\/masterchem.fi\/sv\/produkt\/coolant-master-bio-10pro-varmeoverforande-flytande-glycerinbas-kopio-2\/#primaryimage\"},\"image\":{\"@id\":\"https:\/\/masterchem.fi\/sv\/produkt\/coolant-master-bio-10pro-varmeoverforande-flytande-glycerinbas-kopio-2\/#primaryimage\"},\"thumbnailUrl\":\"https:\/\/masterchem.fi\/wp-content\/uploads\/2024\/04\/MasterSeaSafe-Antifreeze-30PR-1000L.jpg\",\"datePublished\":\"2024-04-10T18:51:46+00:00\",\"dateModified\":\"2024-04-12T18:03:59+00:00\",\"description\":\"MasterSeaSafe Marine Antifreeze-30PRO\u2122 \u00e4r designad speciellt f\u00f6r marinmotorer och erbjuder \u00f6verl\u00e4gset skydd mot frysning samtidigt som det \u00e4r milj\u00f6v\u00e4nligt.\",\"breadcrumb\":{\"@id\":\"https:\/\/masterchem.fi\/sv\/produkt\/coolant-master-bio-10pro-varmeoverforande-flytande-glycerinbas-kopio-2\/#breadcrumb\"},\"inLanguage\":\"sv-SE\",\"potentialAction\":[{\"@type\":\"ReadAction\",\"target\":[\"https:\/\/masterchem.fi\/sv\/produkt\/coolant-master-bio-10pro-varmeoverforande-flytande-glycerinbas-kopio-2\/\"]}]},{\"@type\":\"ImageObject\",\"inLanguage\":\"sv-SE\",\"@id\":\"https:\/\/masterchem.fi\/sv\/produkt\/coolant-master-bio-10pro-varmeoverforande-flytande-glycerinbas-kopio-2\/#primaryimage\",\"url\":\"https:\/\/masterchem.fi\/wp-content\/uploads\/2024\/04\/MasterSeaSafe-Antifreeze-30PR-1000L.jpg\",\"contentUrl\":\"https:\/\/masterchem.fi\/wp-content\/uploads\/2024\/04\/MasterSeaSafe-Antifreeze-30PR-1000L.jpg\",\"width\":1800,\"height\":1800},{\"@type\":\"BreadcrumbList\",\"@id\":\"https:\/\/masterchem.fi\/sv\/produkt\/coolant-master-bio-10pro-varmeoverforande-flytande-glycerinbas-kopio-2\/#breadcrumb\",\"itemListElement\":[{\"@type\":\"ListItem\",\"position\":1,\"name\":\"Home\",\"item\":\"https:\/\/masterchem.fi\/sv\/\"},{\"@type\":\"ListItem\",\"position\":2,\"name\":\"Butik\",\"item\":\"https:\/\/masterchem.fi\/sv\/butik\/\"},{\"@type\":\"ListItem\",\"position\":3,\"name\":\"MasterSeaSafe Marine Antifreeze-30PRO\u2122\"}]},{\"@type\":\"WebSite\",\"@id\":\"https:\/\/masterchem.fi\/sv\/#website\",\"url\":\"https:\/\/masterchem.fi\/sv\/\",\"name\":\"MasterChem | kemikaalien tuotanto ja myynti\",\"description\":\"kemikaalien tuotanto ja myynti\",\"potentialAction\":[{\"@type\":\"SearchAction\",\"target\":{\"@type\":\"EntryPoint\",\"urlTemplate\":\"https:\/\/masterchem.fi\/sv\/?s={search_term_string}\"},\"query-input\":{\"@type\":\"PropertyValueSpecification\",\"valueRequired\":true,\"valueName\":\"search_term_string\"}}],\"inLanguage\":\"sv-SE\"}]}<\/script>\n<!-- \/ Yoast SEO plugin. -->","yoast_head_json":{"title":"MasterSeaSafe Marine Antifreeze-30PRO\u2122 - MasterChem | kemikaalien tuotanto ja myynti","description":"MasterSeaSafe Marine Antifreeze-30PRO\u2122 \u00e4r designad speciellt f\u00f6r marinmotorer och erbjuder \u00f6verl\u00e4gset skydd mot frysning samtidigt som det \u00e4r milj\u00f6v\u00e4nligt.","robots":{"index":"index","follow":"follow","max-snippet":"max-snippet:-1","max-image-preview":"max-image-preview:large","max-video-preview":"max-video-preview:-1"},"canonical":"https:\/\/masterchem.fi\/sv\/produkt\/coolant-master-bio-10pro-varmeoverforande-flytande-glycerinbas-kopio-2\/","og_locale":"sv_SE","og_type":"article","og_title":"MasterSeaSafe Marine Antifreeze-30PRO\u2122 - MasterChem | kemikaalien tuotanto ja myynti","og_description":"MasterSeaSafe Marine Antifreeze-30PRO\u2122 \u00e4r designad speciellt f\u00f6r marinmotorer och erbjuder \u00f6verl\u00e4gset skydd mot frysning samtidigt som det \u00e4r milj\u00f6v\u00e4nligt.","og_url":"https:\/\/masterchem.fi\/sv\/produkt\/coolant-master-bio-10pro-varmeoverforande-flytande-glycerinbas-kopio-2\/","og_site_name":"MasterChem | kemikaalien tuotanto ja myynti","article_modified_time":"2024-04-12T18:03:59+00:00","og_image":[{"width":1800,"height":1800,"url":"https:\/\/masterchem.fi\/wp-content\/uploads\/2024\/04\/MasterSeaSafe-Antifreeze-30PR-1000L.jpg","type":"image\/jpeg"}],"twitter_card":"summary_large_image","twitter_misc":{"Ber\u00e4knad l\u00e4stid":"2 minuter"},"schema":{"@context":"https:\/\/schema.org","@graph":[{"@type":"WebPage","@id":"https:\/\/masterchem.fi\/sv\/produkt\/coolant-master-bio-10pro-varmeoverforande-flytande-glycerinbas-kopio-2\/","url":"https:\/\/masterchem.fi\/sv\/produkt\/coolant-master-bio-10pro-varmeoverforande-flytande-glycerinbas-kopio-2\/","name":"MasterSeaSafe Marine Antifreeze-30PRO\u2122 - MasterChem | kemikaalien tuotanto ja myynti","isPartOf":{"@id":"https:\/\/masterchem.fi\/sv\/#website"},"primaryImageOfPage":{"@id":"https:\/\/masterchem.fi\/sv\/produkt\/coolant-master-bio-10pro-varmeoverforande-flytande-glycerinbas-kopio-2\/#primaryimage"},"image":{"@id":"https:\/\/masterchem.fi\/sv\/produkt\/coolant-master-bio-10pro-varmeoverforande-flytande-glycerinbas-kopio-2\/#primaryimage"},"thumbnailUrl":"https:\/\/masterchem.fi\/wp-content\/uploads\/2024\/04\/MasterSeaSafe-Antifreeze-30PR-1000L.jpg","datePublished":"2024-04-10T18:51:46+00:00","dateModified":"2024-04-12T18:03:59+00:00","description":"MasterSeaSafe Marine Antifreeze-30PRO\u2122 \u00e4r designad speciellt f\u00f6r marinmotorer och erbjuder \u00f6verl\u00e4gset skydd mot frysning samtidigt som det \u00e4r milj\u00f6v\u00e4nligt.","breadcrumb":{"@id":"https:\/\/masterchem.fi\/sv\/produkt\/coolant-master-bio-10pro-varmeoverforande-flytande-glycerinbas-kopio-2\/#breadcrumb"},"inLanguage":"sv-SE","potentialAction":[{"@type":"ReadAction","target":["https:\/\/masterchem.fi\/sv\/produkt\/coolant-master-bio-10pro-varmeoverforande-flytande-glycerinbas-kopio-2\/"]}]},{"@type":"ImageObject","inLanguage":"sv-SE","@id":"https:\/\/masterchem.fi\/sv\/produkt\/coolant-master-bio-10pro-varmeoverforande-flytande-glycerinbas-kopio-2\/#primaryimage","url":"https:\/\/masterchem.fi\/wp-content\/uploads\/2024\/04\/MasterSeaSafe-Antifreeze-30PR-1000L.jpg","contentUrl":"https:\/\/masterchem.fi\/wp-content\/uploads\/2024\/04\/MasterSeaSafe-Antifreeze-30PR-1000L.jpg","width":1800,"height":1800},{"@type":"BreadcrumbList","@id":"https:\/\/masterchem.fi\/sv\/produkt\/coolant-master-bio-10pro-varmeoverforande-flytande-glycerinbas-kopio-2\/#breadcrumb","itemListElement":[{"@type":"ListItem","position":1,"name":"Home","item":"https:\/\/masterchem.fi\/sv\/"},{"@type":"ListItem","position":2,"name":"Butik","item":"https:\/\/masterchem.fi\/sv\/butik\/"},{"@type":"ListItem","position":3,"name":"MasterSeaSafe Marine Antifreeze-30PRO\u2122"}]},{"@type":"WebSite","@id":"https:\/\/masterchem.fi\/sv\/#website","url":"https:\/\/masterchem.fi\/sv\/","name":"MasterChem | kemikaalien tuotanto ja myynti","description":"kemikaalien tuotanto ja myynti","potentialAction":[{"@type":"SearchAction","target":{"@type":"EntryPoint","urlTemplate":"https:\/\/masterchem.fi\/sv\/?s={search_term_string}"},"query-input":{"@type":"PropertyValueSpecification","valueRequired":true,"valueName":"search_term_string"}}],"inLanguage":"sv-SE"}]}},"_links":{"self":[{"href":"https:\/\/masterchem.fi\/sv\/wp-json\/wp\/v2\/product\/16190","targetHints":{"allow":["GET"]}}],"collection":[{"href":"https:\/\/masterchem.fi\/sv\/wp-json\/wp\/v2\/product"}],"about":[{"href":"https:\/\/masterchem.fi\/sv\/wp-json\/wp\/v2\/types\/product"}],"wp:featuredmedia":[{"embeddable":true,"href":"https:\/\/masterchem.fi\/sv\/wp-json\/wp\/v2\/media\/16213"}],"wp:attachment":[{"href":"https:\/\/masterchem.fi\/sv\/wp-json\/wp\/v2\/media?parent=16190"}],"wp:term":[{"taxonomy":"product_brand","embeddable":true,"href":"https:\/\/masterchem.fi\/sv\/wp-json\/wp\/v2\/product_brand?post=16190"},{"taxonomy":"product_cat","embeddable":true,"href":"https:\/\/masterchem.fi\/sv\/wp-json\/wp\/v2\/product_cat?post=16190"},{"taxonomy":"product_tag","embeddable":true,"href":"https:\/\/masterchem.fi\/sv\/wp-json\/wp\/v2\/product_tag?post=16190"}],"curies":[{"name":"wp","href":"https:\/\/api.w.org\/{rel}","templated":true}]}}