{"id":16234,"date":"2024-04-11T19:29:43","date_gmt":"2024-04-11T16:29:46","guid":{"rendered":"https:\/\/masterchem.fi\/?post_type=product&#038;p=16234"},"modified":"2024-04-11T19:35:14","modified_gmt":"2024-04-11T16:35:14","slug":"masterseasafe-antifreeze-30pro-kopio","status":"publish","type":"product","link":"https:\/\/masterchem.fi\/sv\/produkt\/masterseasafe-antifreeze-30pro-kopio\/","title":{"rendered":"MasterGuard ArcticShield Marine Antifreeze -50HD\u2122"},"content":{"rendered":"<p><strong>S\u00e4rskiljande egenskaper:<\/strong><br \/>\n\u2022 Idealisk f\u00f6r anv\u00e4ndning i nordliga l\u00e4nder d\u00e4r pl\u00f6tsliga temperaturfall \u00e4r m\u00f6jliga<br \/>\n\u2022 Avancerad icke-utarmande korrosionsinhibitor ger l\u00e5ng livsl\u00e4ngd med minimalt underh\u00e5ll och problemfri motordrift<br \/>\n\u2022 Designad f\u00f6r en blandad flotta av marina fordon och \u00e4r designad f\u00f6r anv\u00e4ndning med bytesintervall p\u00e5 mer \u00e4n 20 000 timmar i station\u00e4ra motorer<br \/>\n\u2022 Ger tillf\u00f6rlitlighet och skydd mot korrosion av termostater, radiatorer, vattenpumpar och andra k\u00e4nsliga delar av kylsystemet<br \/>\n\u2022 Mycket effektiv formulering utan silikater och fosfater ger stabila arbetsegenskaper vid utsp\u00e4dning i h\u00e5rt vatten<br \/>\n\u2022 Nitritfri<br \/>\n\u2022 Skyddar moderna motorer fr\u00e5n korrosion vid h\u00f6g temperatur, vilket minskar underh\u00e5llstid, kostnader, stillest\u00e5ndstid och avfall.<\/p>\n<p><strong>Produktegenskaper:<\/strong><br \/>\nFryspunkt: -50\u00b0C<br \/>\nInhibitor: ASTM D3306, D4985, D6210 standard<br \/>\nDensitet vid 20\u00baC: 1,047 g\/cm3<br \/>\nF\u00e4rg\/Utseende: r\u00f6d, klar<br \/>\nLukt: ej<br \/>\nLivsl\u00e4ngd: minst 6 \u00e5r och beror p\u00e5 driftregler<br \/>\nH\u00e5llbarhet: 72 m\u00e5nader.<\/p>\n<p><strong>Doseringstabell<\/strong><\/p>\n<table border=\"1\" cellspacing=\"0\" cellpadding=\"0\">\n<tbody>\n<tr>\n<td>MasterSeaSafe Antifreez<\/td>\n<td>Vatten<\/td>\n<td>Skydd upp till \u00b0C<\/td>\n<\/tr>\n<tr>\n<td>1 L<\/td>\n<td>&#8211;<\/td>\n<td>-50<\/td>\n<\/tr>\n<tr>\n<td>1 L<\/td>\n<td>0,5 L<\/td>\n<td>-30<\/td>\n<\/tr>\n<tr>\n<td>1 L<\/td>\n<td>1 L<\/td>\n<td>-15<\/td>\n<\/tr>\n<\/tbody>\n<\/table>\n<p><strong>Anv\u00e4ndarmanual:<\/strong><br \/>\nSystemf\u00f6rberedelse: Spola av b\u00e5tens kylsystem f\u00f6r att avl\u00e4gsna eventuell v\u00e4tska, skr\u00e4p eller avlagringar. Se till att systemet \u00e4r fritt fr\u00e5n korrosion och delar som inneh\u00e5ller zink.<br \/>\nP\u00e5fyllning: F\u00f6r b\u00e5tar med \u00f6ppna kylsystem, fyll manuellt. F\u00f6r slutna system, anv\u00e4nd en pump f\u00f6r att fylla under tryck, vilket s\u00e4kerst\u00e4ller fullst\u00e4ndig t\u00e4ckning.<br \/>\nF\u00f6rebyggande av l\u00e4ckage: P\u00e5 grund av dess h\u00f6ga v\u00e4tningseffekt, se till att alla anslutningar \u00e4r t\u00e4tt f\u00f6rslutna f\u00f6r att f\u00f6rhindra l\u00e4ckor, vilket kan minska systemets effektivitet.<br \/>\nStart: Under kalla f\u00f6rh\u00e5llanden, v\u00e4rm upp motorn innan du b\u00f6rjar cirkulera kylv\u00e4tskan, vilket minskar pumpbelastningen.<br \/>\nDetta tillv\u00e4gag\u00e5ngss\u00e4tt belyser produktens specifika applikation f\u00f6r b\u00e5tar, och tillgodoser de behov och f\u00f6rh\u00e5llanden som m\u00f6ter i marina milj\u00f6er.<\/p>\n<p>Rekommenderad lagringstemperatur minimum: 0 C max: 20 C<br \/>\nArtikel: MGASM-50PRO57-55-6<br \/>\nIngredienser: propylenglykol (CAS 57-55-6), avmineraliserat vatten, inhibitortillsatser, stabilisatorer<br \/>\nUrsprungsland: Estland<\/p>\n<p>F\u00f6rpackning: 1 lit, 5 lit, 20 lit, 25 lit, 200 lit, 1000 lit<\/p>\n<p>EAN:<br \/>\n4742668000829 1-lits plastburk<br \/>\n4742668000836 5-lits plastburk<br \/>\n4742668000843 20-lits plastburk<br \/>\n4742668000850 25-lits plastburk<br \/>\n4742668000867 200-liters plasttrumma<br \/>\n4742668000874 1000-liters IBC-beh\u00e5llare<\/p>\n","protected":false},"excerpt":{"rendered":"<p>MasterGuard ArcticShield Marine Antifreeze -50HD\u2122 \u00e4r l\u00e4mplig f\u00f6r marinmotorer, b\u00e5de bensin- och dieseltyper. MasterGuard ArcticShield Marine Antifreeze -50HD\u2122 \u00e4r en h\u00f6gkvalitativ kylv\u00e4tska med extra l\u00e5ng livsl\u00e4ngd designad f\u00f6r marinmotorer, och erbjuder \u00f6verl\u00e4gset skydd mot frysning i tuffa marina milj\u00f6er med extremt kalla temperaturer. Formulerad med propylenglykol och innovativa korrosionsinhibitorer, s\u00e4kerst\u00e4ller den optimal prestanda och livsl\u00e4ngd f\u00f6r b\u00e5tmotorer. Anv\u00e4nder karboxylattillsatsteknologi som utvecklats f\u00f6r ett h\u00f6geffektivt systemskydd med maximal drifttid i en m\u00e4ngd olika driftsf\u00f6rh\u00e5llanden. Denna milj\u00f6v\u00e4nliga l\u00f6sning \u00e4r giftfri, vilket g\u00f6r den s\u00e4ker f\u00f6r marina milj\u00f6er. \u00d6verensst\u00e4mmer med standarder: ASTM D3306, ASTM D4985, ASTM D6210, SAE J1038, CAT EC-1, Cummins CES 14603, Detroit Diesel 7SE298, 93K217, Freightliner 48-22880, 62895\/628925\/62895\/628925\/628925\/628925\/628925\/628925\/62880, 62895\/628925\/62890 MS-7170 , MS-9769, Ford WSS-M97B51-A1, WSS-M97B44-D, Mack Trucks CN H, 324.<\/p>\n<p>MasterGuard ArcticShield Marine Coolant kan ocks\u00e5 anv\u00e4ndas i b\u00e5tar och fritidsfordon (husbilar), husbilar och husvagnar f\u00f6r att skydda inombordsmotorer, dricksvatten och toalettsystem mot frysning.<\/p>\n","protected":false},"featured_media":16259,"template":"","meta":[],"product_brand":[],"product_cat":[105,112,116,103],"product_tag":[],"class_list":{"0":"post-16234","1":"product","2":"type-product","3":"status-publish","4":"has-post-thumbnail","6":"product_cat-hushallskemikalier-sv","7":"product_cat-byggbranschen","8":"product_cat-alla-produkter","9":"product_cat-frostskydd","11":"first","12":"instock","13":"featured","14":"taxable","15":"shipping-taxable","16":"purchasable","17":"product-type-variable","18":"has-default-attributes","19":"rtwpvg-product"},"yoast_head":"<!-- This site is optimized with the Yoast SEO plugin v27.5 - https:\/\/yoast.com\/product\/yoast-seo-wordpress\/ -->\n<title>MasterGuard ArcticShield Marine Antifreeze -50HD\u2122 - MasterChem | kemikaalien tuotanto ja myynti<\/title>\n<meta name=\"description\" content=\"MasterGuard ArcticShield Marine Antifreeze -50HD\u2122 \u00e4r l\u00e4mplig f\u00f6r marinmotorer, b\u00e5de bensin- och dieseltyper.\" \/>\n<meta name=\"robots\" content=\"index, follow, max-snippet:-1, max-image-preview:large, max-video-preview:-1\" \/>\n<link rel=\"canonical\" href=\"https:\/\/masterchem.fi\/sv\/produkt\/masterseasafe-antifreeze-30pro-kopio\/\" \/>\n<meta property=\"og:locale\" content=\"sv_SE\" \/>\n<meta property=\"og:type\" content=\"article\" \/>\n<meta property=\"og:title\" content=\"MasterGuard ArcticShield Marine Antifreeze -50HD\u2122 - MasterChem | kemikaalien tuotanto ja myynti\" \/>\n<meta property=\"og:description\" content=\"MasterGuard ArcticShield Marine Antifreeze -50HD\u2122 \u00e4r l\u00e4mplig f\u00f6r marinmotorer, b\u00e5de bensin- och dieseltyper.\" \/>\n<meta property=\"og:url\" content=\"https:\/\/masterchem.fi\/sv\/produkt\/masterseasafe-antifreeze-30pro-kopio\/\" \/>\n<meta property=\"og:site_name\" content=\"MasterChem | kemikaalien tuotanto ja myynti\" \/>\n<meta property=\"article:modified_time\" content=\"2024-04-11T16:35:14+00:00\" \/>\n<meta property=\"og:image\" content=\"https:\/\/masterchem.fi\/wp-content\/uploads\/2024\/04\/MasterGuard-ArcticShield-Marine-Antifreeze-50HD-1000L.jpg\" \/>\n\t<meta property=\"og:image:width\" content=\"1800\" \/>\n\t<meta property=\"og:image:height\" content=\"1800\" \/>\n\t<meta property=\"og:image:type\" content=\"image\/jpeg\" \/>\n<meta name=\"twitter:card\" content=\"summary_large_image\" \/>\n<meta name=\"twitter:label1\" content=\"Ber\u00e4knad l\u00e4stid\" \/>\n\t<meta name=\"twitter:data1\" content=\"2 minuter\" \/>\n<script type=\"application\/ld+json\" class=\"yoast-schema-graph\">{\"@context\":\"https:\\\/\\\/schema.org\",\"@graph\":[{\"@type\":\"WebPage\",\"@id\":\"https:\\\/\\\/masterchem.fi\\\/sv\\\/produkt\\\/masterseasafe-antifreeze-30pro-kopio\\\/\",\"url\":\"https:\\\/\\\/masterchem.fi\\\/sv\\\/produkt\\\/masterseasafe-antifreeze-30pro-kopio\\\/\",\"name\":\"MasterGuard ArcticShield Marine Antifreeze -50HD\u2122 - MasterChem | kemikaalien tuotanto ja myynti\",\"isPartOf\":{\"@id\":\"https:\\\/\\\/masterchem.fi\\\/sv\\\/#website\"},\"primaryImageOfPage\":{\"@id\":\"https:\\\/\\\/masterchem.fi\\\/sv\\\/produkt\\\/masterseasafe-antifreeze-30pro-kopio\\\/#primaryimage\"},\"image\":{\"@id\":\"https:\\\/\\\/masterchem.fi\\\/sv\\\/produkt\\\/masterseasafe-antifreeze-30pro-kopio\\\/#primaryimage\"},\"thumbnailUrl\":\"https:\\\/\\\/masterchem.fi\\\/wp-content\\\/uploads\\\/2024\\\/04\\\/MasterGuard-ArcticShield-Marine-Antifreeze-50HD-1000L.jpg\",\"datePublished\":\"2024-04-11T16:29:46+00:00\",\"dateModified\":\"2024-04-11T16:35:14+00:00\",\"description\":\"MasterGuard ArcticShield Marine Antifreeze -50HD\u2122 \u00e4r l\u00e4mplig f\u00f6r marinmotorer, b\u00e5de bensin- och dieseltyper.\",\"breadcrumb\":{\"@id\":\"https:\\\/\\\/masterchem.fi\\\/sv\\\/produkt\\\/masterseasafe-antifreeze-30pro-kopio\\\/#breadcrumb\"},\"inLanguage\":\"sv-SE\",\"potentialAction\":[{\"@type\":\"ReadAction\",\"target\":[\"https:\\\/\\\/masterchem.fi\\\/sv\\\/produkt\\\/masterseasafe-antifreeze-30pro-kopio\\\/\"]}]},{\"@type\":\"ImageObject\",\"inLanguage\":\"sv-SE\",\"@id\":\"https:\\\/\\\/masterchem.fi\\\/sv\\\/produkt\\\/masterseasafe-antifreeze-30pro-kopio\\\/#primaryimage\",\"url\":\"https:\\\/\\\/masterchem.fi\\\/wp-content\\\/uploads\\\/2024\\\/04\\\/MasterGuard-ArcticShield-Marine-Antifreeze-50HD-1000L.jpg\",\"contentUrl\":\"https:\\\/\\\/masterchem.fi\\\/wp-content\\\/uploads\\\/2024\\\/04\\\/MasterGuard-ArcticShield-Marine-Antifreeze-50HD-1000L.jpg\",\"width\":1800,\"height\":1800,\"caption\":\"MasterGuard-ArcticShield-Marine-Antifreeze-50HD-1000L\"},{\"@type\":\"BreadcrumbList\",\"@id\":\"https:\\\/\\\/masterchem.fi\\\/sv\\\/produkt\\\/masterseasafe-antifreeze-30pro-kopio\\\/#breadcrumb\",\"itemListElement\":[{\"@type\":\"ListItem\",\"position\":1,\"name\":\"Home\",\"item\":\"https:\\\/\\\/masterchem.fi\\\/sv\\\/\"},{\"@type\":\"ListItem\",\"position\":2,\"name\":\"Butik\",\"item\":\"https:\\\/\\\/masterchem.fi\\\/sv\\\/butik\\\/\"},{\"@type\":\"ListItem\",\"position\":3,\"name\":\"MasterGuard ArcticShield Marine Antifreeze -50HD\u2122\"}]},{\"@type\":\"WebSite\",\"@id\":\"https:\\\/\\\/masterchem.fi\\\/sv\\\/#website\",\"url\":\"https:\\\/\\\/masterchem.fi\\\/sv\\\/\",\"name\":\"MasterChem | kemikaalien tuotanto ja myynti\",\"description\":\"kemikaalien tuotanto ja myynti\",\"potentialAction\":[{\"@type\":\"SearchAction\",\"target\":{\"@type\":\"EntryPoint\",\"urlTemplate\":\"https:\\\/\\\/masterchem.fi\\\/sv\\\/?s={search_term_string}\"},\"query-input\":{\"@type\":\"PropertyValueSpecification\",\"valueRequired\":true,\"valueName\":\"search_term_string\"}}],\"inLanguage\":\"sv-SE\"}]}<\/script>\n<!-- \/ Yoast SEO plugin. -->","yoast_head_json":{"title":"MasterGuard ArcticShield Marine Antifreeze -50HD\u2122 - MasterChem | kemikaalien tuotanto ja myynti","description":"MasterGuard ArcticShield Marine Antifreeze -50HD\u2122 \u00e4r l\u00e4mplig f\u00f6r marinmotorer, b\u00e5de bensin- och dieseltyper.","robots":{"index":"index","follow":"follow","max-snippet":"max-snippet:-1","max-image-preview":"max-image-preview:large","max-video-preview":"max-video-preview:-1"},"canonical":"https:\/\/masterchem.fi\/sv\/produkt\/masterseasafe-antifreeze-30pro-kopio\/","og_locale":"sv_SE","og_type":"article","og_title":"MasterGuard ArcticShield Marine Antifreeze -50HD\u2122 - MasterChem | kemikaalien tuotanto ja myynti","og_description":"MasterGuard ArcticShield Marine Antifreeze -50HD\u2122 \u00e4r l\u00e4mplig f\u00f6r marinmotorer, b\u00e5de bensin- och dieseltyper.","og_url":"https:\/\/masterchem.fi\/sv\/produkt\/masterseasafe-antifreeze-30pro-kopio\/","og_site_name":"MasterChem | kemikaalien tuotanto ja myynti","article_modified_time":"2024-04-11T16:35:14+00:00","og_image":[{"width":1800,"height":1800,"url":"https:\/\/masterchem.fi\/wp-content\/uploads\/2024\/04\/MasterGuard-ArcticShield-Marine-Antifreeze-50HD-1000L.jpg","type":"image\/jpeg"}],"twitter_card":"summary_large_image","twitter_misc":{"Ber\u00e4knad l\u00e4stid":"2 minuter"},"schema":{"@context":"https:\/\/schema.org","@graph":[{"@type":"WebPage","@id":"https:\/\/masterchem.fi\/sv\/produkt\/masterseasafe-antifreeze-30pro-kopio\/","url":"https:\/\/masterchem.fi\/sv\/produkt\/masterseasafe-antifreeze-30pro-kopio\/","name":"MasterGuard ArcticShield Marine Antifreeze -50HD\u2122 - MasterChem | kemikaalien tuotanto ja myynti","isPartOf":{"@id":"https:\/\/masterchem.fi\/sv\/#website"},"primaryImageOfPage":{"@id":"https:\/\/masterchem.fi\/sv\/produkt\/masterseasafe-antifreeze-30pro-kopio\/#primaryimage"},"image":{"@id":"https:\/\/masterchem.fi\/sv\/produkt\/masterseasafe-antifreeze-30pro-kopio\/#primaryimage"},"thumbnailUrl":"https:\/\/masterchem.fi\/wp-content\/uploads\/2024\/04\/MasterGuard-ArcticShield-Marine-Antifreeze-50HD-1000L.jpg","datePublished":"2024-04-11T16:29:46+00:00","dateModified":"2024-04-11T16:35:14+00:00","description":"MasterGuard ArcticShield Marine Antifreeze -50HD\u2122 \u00e4r l\u00e4mplig f\u00f6r marinmotorer, b\u00e5de bensin- och dieseltyper.","breadcrumb":{"@id":"https:\/\/masterchem.fi\/sv\/produkt\/masterseasafe-antifreeze-30pro-kopio\/#breadcrumb"},"inLanguage":"sv-SE","potentialAction":[{"@type":"ReadAction","target":["https:\/\/masterchem.fi\/sv\/produkt\/masterseasafe-antifreeze-30pro-kopio\/"]}]},{"@type":"ImageObject","inLanguage":"sv-SE","@id":"https:\/\/masterchem.fi\/sv\/produkt\/masterseasafe-antifreeze-30pro-kopio\/#primaryimage","url":"https:\/\/masterchem.fi\/wp-content\/uploads\/2024\/04\/MasterGuard-ArcticShield-Marine-Antifreeze-50HD-1000L.jpg","contentUrl":"https:\/\/masterchem.fi\/wp-content\/uploads\/2024\/04\/MasterGuard-ArcticShield-Marine-Antifreeze-50HD-1000L.jpg","width":1800,"height":1800,"caption":"MasterGuard-ArcticShield-Marine-Antifreeze-50HD-1000L"},{"@type":"BreadcrumbList","@id":"https:\/\/masterchem.fi\/sv\/produkt\/masterseasafe-antifreeze-30pro-kopio\/#breadcrumb","itemListElement":[{"@type":"ListItem","position":1,"name":"Home","item":"https:\/\/masterchem.fi\/sv\/"},{"@type":"ListItem","position":2,"name":"Butik","item":"https:\/\/masterchem.fi\/sv\/butik\/"},{"@type":"ListItem","position":3,"name":"MasterGuard ArcticShield Marine Antifreeze -50HD\u2122"}]},{"@type":"WebSite","@id":"https:\/\/masterchem.fi\/sv\/#website","url":"https:\/\/masterchem.fi\/sv\/","name":"MasterChem | kemikaalien tuotanto ja myynti","description":"kemikaalien tuotanto ja myynti","potentialAction":[{"@type":"SearchAction","target":{"@type":"EntryPoint","urlTemplate":"https:\/\/masterchem.fi\/sv\/?s={search_term_string}"},"query-input":{"@type":"PropertyValueSpecification","valueRequired":true,"valueName":"search_term_string"}}],"inLanguage":"sv-SE"}]}},"_links":{"self":[{"href":"https:\/\/masterchem.fi\/sv\/wp-json\/wp\/v2\/product\/16234","targetHints":{"allow":["GET"]}}],"collection":[{"href":"https:\/\/masterchem.fi\/sv\/wp-json\/wp\/v2\/product"}],"about":[{"href":"https:\/\/masterchem.fi\/sv\/wp-json\/wp\/v2\/types\/product"}],"wp:featuredmedia":[{"embeddable":true,"href":"https:\/\/masterchem.fi\/sv\/wp-json\/wp\/v2\/media\/16259"}],"wp:attachment":[{"href":"https:\/\/masterchem.fi\/sv\/wp-json\/wp\/v2\/media?parent=16234"}],"wp:term":[{"taxonomy":"product_brand","embeddable":true,"href":"https:\/\/masterchem.fi\/sv\/wp-json\/wp\/v2\/product_brand?post=16234"},{"taxonomy":"product_cat","embeddable":true,"href":"https:\/\/masterchem.fi\/sv\/wp-json\/wp\/v2\/product_cat?post=16234"},{"taxonomy":"product_tag","embeddable":true,"href":"https:\/\/masterchem.fi\/sv\/wp-json\/wp\/v2\/product_tag?post=16234"}],"curies":[{"name":"wp","href":"https:\/\/api.w.org\/{rel}","templated":true}]}}