{"id":16458,"date":"2025-05-13T20:19:04","date_gmt":"2025-05-13T17:19:05","guid":{"rendered":"https:\/\/masterchem.fi\/?post_type=product&#038;p=16458"},"modified":"2025-05-13T20:32:34","modified_gmt":"2025-05-13T17:32:34","slug":"masterguard-arcticshield-marine-antifreeze-50hd-kopio","status":"publish","type":"product","link":"https:\/\/masterchem.fi\/sv\/produkt\/masterguard-arcticshield-marine-antifreeze-50hd-kopio\/","title":{"rendered":"Sommarkoncentrat f\u00f6r vindrutespolarv\u00e4tska"},"content":{"rendered":"<p>F\u00f6r att f\u00e5 1000 liter &#8211; beh\u00f6ver du 25 liter koncentrat och resten \u00e4r vatten (frystemperatur -1\u00b0C)<\/p>\n<p>F\u00f6r att f\u00e5 500 liter &#8211; beh\u00f6ver du 25 liter koncentrat och resten \u00e4r vatten (frystemperatur -2\u00b0C)<\/p>\n<p>F\u00f6r att f\u00e5 200 liter &#8211; beh\u00f6ver du 25 liter koncentrat och resten \u00e4r vatten (frystemperatur -5\u00b0C)<\/p>\n<p>F\u00f6rpackning: 25 liters dunk, 200 liters tunna, 1000 eller 500 liters beh\u00e5llare.<\/p>\n","protected":false},"excerpt":{"rendered":"<p>Sommarkoncentrat f\u00f6r vindrutespolarv\u00e4tska. Sommarkoncentrat f\u00f6r vindrutespolarv\u00e4tska tar snabbt och effektivt bort damm, v\u00e4gsmuts, insektsrester, pollen, tr\u00e4dsav, beckfl\u00e4ckar och annan smuts.<\/p>\n<p>Avdunstar utan att l\u00e4mna sp\u00e5r. S\u00e4kerst\u00e4ller utm\u00e4rkt glastransparens. Inneh\u00e5ller aktiva korrosionsskyddande tillsatser som skyddar metalldelarna i vindrutespolarsystemet fr\u00e5n rost. Minskar friktionen mellan glaset och torkarbladen.<\/p>\n<p>L\u00e4mnar inga sp\u00e5r\/st\u00f6rande film p\u00e5 glaset. Detta alkoholbaserade koncentrat inneh\u00e5ller reng\u00f6ringsmedel och r\u00f6d karamellf\u00e4rg. Biologiskt nedbrytbart.<\/p>\n","protected":false},"featured_media":16476,"template":"","meta":[],"product_brand":[],"product_cat":[104,116],"product_tag":[],"class_list":{"0":"post-16458","1":"product","2":"type-product","3":"status-publish","4":"has-post-thumbnail","6":"product_cat-bil-och-maskinkemikalier","7":"product_cat-alla-produkter","9":"first","10":"instock","11":"featured","12":"taxable","13":"shipping-taxable","14":"purchasable","15":"product-type-variable","16":"has-default-attributes","17":"rtwpvg-product"},"yoast_head":"<!-- This site is optimized with the Yoast SEO plugin v27.2 - https:\/\/yoast.com\/product\/yoast-seo-wordpress\/ -->\n<title>Sommarkoncentrat f\u00f6r vindrutespolarv\u00e4tska - MasterChem | kemikaalien tuotanto ja myynti<\/title>\n<meta name=\"description\" content=\"Spolarv\u00e4tska f\u00f6r sommaren. Avl\u00e4gsnar effektivt insektsrester fr\u00e5n vindrutan och h\u00e5ller rutan ren under tuffa f\u00f6rh\u00e5llanden.\" \/>\n<meta name=\"robots\" content=\"index, follow, max-snippet:-1, max-image-preview:large, max-video-preview:-1\" \/>\n<link rel=\"canonical\" href=\"https:\/\/masterchem.fi\/sv\/produkt\/masterguard-arcticshield-marine-antifreeze-50hd-kopio\/\" \/>\n<meta property=\"og:locale\" content=\"sv_SE\" \/>\n<meta property=\"og:type\" content=\"article\" \/>\n<meta property=\"og:title\" content=\"Sommarkoncentrat f\u00f6r vindrutespolarv\u00e4tska - MasterChem | kemikaalien tuotanto ja myynti\" \/>\n<meta property=\"og:description\" content=\"Spolarv\u00e4tska f\u00f6r sommaren. Avl\u00e4gsnar effektivt insektsrester fr\u00e5n vindrutan och h\u00e5ller rutan ren under tuffa f\u00f6rh\u00e5llanden.\" \/>\n<meta property=\"og:url\" content=\"https:\/\/masterchem.fi\/sv\/produkt\/masterguard-arcticshield-marine-antifreeze-50hd-kopio\/\" \/>\n<meta property=\"og:site_name\" content=\"MasterChem | kemikaalien tuotanto ja myynti\" \/>\n<meta property=\"article:modified_time\" content=\"2025-05-13T17:32:34+00:00\" \/>\n<meta property=\"og:image\" content=\"https:\/\/masterchem.fi\/wp-content\/uploads\/2025\/05\/Summer_windshield_washer_fluid_concentrate_1000L_MasterChem.jpg\" \/>\n\t<meta property=\"og:image:width\" content=\"1800\" \/>\n\t<meta property=\"og:image:height\" content=\"1800\" \/>\n\t<meta property=\"og:image:type\" content=\"image\/jpeg\" \/>\n<meta name=\"twitter:card\" content=\"summary_large_image\" \/>\n<meta name=\"twitter:label1\" content=\"Ber\u00e4knad l\u00e4stid\" \/>\n\t<meta name=\"twitter:data1\" content=\"2 minuter\" \/>\n<script type=\"application\/ld+json\" class=\"yoast-schema-graph\">{\"@context\":\"https:\/\/schema.org\",\"@graph\":[{\"@type\":\"WebPage\",\"@id\":\"https:\/\/masterchem.fi\/sv\/produkt\/masterguard-arcticshield-marine-antifreeze-50hd-kopio\/\",\"url\":\"https:\/\/masterchem.fi\/sv\/produkt\/masterguard-arcticshield-marine-antifreeze-50hd-kopio\/\",\"name\":\"Sommarkoncentrat f\u00f6r vindrutespolarv\u00e4tska - MasterChem | kemikaalien tuotanto ja myynti\",\"isPartOf\":{\"@id\":\"https:\/\/masterchem.fi\/sv\/#website\"},\"primaryImageOfPage\":{\"@id\":\"https:\/\/masterchem.fi\/sv\/produkt\/masterguard-arcticshield-marine-antifreeze-50hd-kopio\/#primaryimage\"},\"image\":{\"@id\":\"https:\/\/masterchem.fi\/sv\/produkt\/masterguard-arcticshield-marine-antifreeze-50hd-kopio\/#primaryimage\"},\"thumbnailUrl\":\"https:\/\/masterchem.fi\/wp-content\/uploads\/2025\/05\/Summer_windshield_washer_fluid_concentrate_1000L_MasterChem.jpg\",\"datePublished\":\"2025-05-13T17:19:05+00:00\",\"dateModified\":\"2025-05-13T17:32:34+00:00\",\"description\":\"Spolarv\u00e4tska f\u00f6r sommaren. Avl\u00e4gsnar effektivt insektsrester fr\u00e5n vindrutan och h\u00e5ller rutan ren under tuffa f\u00f6rh\u00e5llanden.\",\"breadcrumb\":{\"@id\":\"https:\/\/masterchem.fi\/sv\/produkt\/masterguard-arcticshield-marine-antifreeze-50hd-kopio\/#breadcrumb\"},\"inLanguage\":\"sv-SE\",\"potentialAction\":[{\"@type\":\"ReadAction\",\"target\":[\"https:\/\/masterchem.fi\/sv\/produkt\/masterguard-arcticshield-marine-antifreeze-50hd-kopio\/\"]}]},{\"@type\":\"ImageObject\",\"inLanguage\":\"sv-SE\",\"@id\":\"https:\/\/masterchem.fi\/sv\/produkt\/masterguard-arcticshield-marine-antifreeze-50hd-kopio\/#primaryimage\",\"url\":\"https:\/\/masterchem.fi\/wp-content\/uploads\/2025\/05\/Summer_windshield_washer_fluid_concentrate_1000L_MasterChem.jpg\",\"contentUrl\":\"https:\/\/masterchem.fi\/wp-content\/uploads\/2025\/05\/Summer_windshield_washer_fluid_concentrate_1000L_MasterChem.jpg\",\"width\":1800,\"height\":1800,\"caption\":\"Sommarkoncentrat f\u00f6r vindrutespolarv\u00e4tska 1000L MasterChem\"},{\"@type\":\"BreadcrumbList\",\"@id\":\"https:\/\/masterchem.fi\/sv\/produkt\/masterguard-arcticshield-marine-antifreeze-50hd-kopio\/#breadcrumb\",\"itemListElement\":[{\"@type\":\"ListItem\",\"position\":1,\"name\":\"Home\",\"item\":\"https:\/\/masterchem.fi\/sv\/\"},{\"@type\":\"ListItem\",\"position\":2,\"name\":\"Butik\",\"item\":\"https:\/\/masterchem.fi\/sv\/butik\/\"},{\"@type\":\"ListItem\",\"position\":3,\"name\":\"Sommarkoncentrat f\u00f6r vindrutespolarv\u00e4tska\"}]},{\"@type\":\"WebSite\",\"@id\":\"https:\/\/masterchem.fi\/sv\/#website\",\"url\":\"https:\/\/masterchem.fi\/sv\/\",\"name\":\"MasterChem | kemikaalien tuotanto ja myynti\",\"description\":\"kemikaalien tuotanto ja myynti\",\"potentialAction\":[{\"@type\":\"SearchAction\",\"target\":{\"@type\":\"EntryPoint\",\"urlTemplate\":\"https:\/\/masterchem.fi\/sv\/?s={search_term_string}\"},\"query-input\":{\"@type\":\"PropertyValueSpecification\",\"valueRequired\":true,\"valueName\":\"search_term_string\"}}],\"inLanguage\":\"sv-SE\"}]}<\/script>\n<!-- \/ Yoast SEO plugin. -->","yoast_head_json":{"title":"Sommarkoncentrat f\u00f6r vindrutespolarv\u00e4tska - MasterChem | kemikaalien tuotanto ja myynti","description":"Spolarv\u00e4tska f\u00f6r sommaren. Avl\u00e4gsnar effektivt insektsrester fr\u00e5n vindrutan och h\u00e5ller rutan ren under tuffa f\u00f6rh\u00e5llanden.","robots":{"index":"index","follow":"follow","max-snippet":"max-snippet:-1","max-image-preview":"max-image-preview:large","max-video-preview":"max-video-preview:-1"},"canonical":"https:\/\/masterchem.fi\/sv\/produkt\/masterguard-arcticshield-marine-antifreeze-50hd-kopio\/","og_locale":"sv_SE","og_type":"article","og_title":"Sommarkoncentrat f\u00f6r vindrutespolarv\u00e4tska - MasterChem | kemikaalien tuotanto ja myynti","og_description":"Spolarv\u00e4tska f\u00f6r sommaren. Avl\u00e4gsnar effektivt insektsrester fr\u00e5n vindrutan och h\u00e5ller rutan ren under tuffa f\u00f6rh\u00e5llanden.","og_url":"https:\/\/masterchem.fi\/sv\/produkt\/masterguard-arcticshield-marine-antifreeze-50hd-kopio\/","og_site_name":"MasterChem | kemikaalien tuotanto ja myynti","article_modified_time":"2025-05-13T17:32:34+00:00","og_image":[{"width":1800,"height":1800,"url":"https:\/\/masterchem.fi\/wp-content\/uploads\/2025\/05\/Summer_windshield_washer_fluid_concentrate_1000L_MasterChem.jpg","type":"image\/jpeg"}],"twitter_card":"summary_large_image","twitter_misc":{"Ber\u00e4knad l\u00e4stid":"2 minuter"},"schema":{"@context":"https:\/\/schema.org","@graph":[{"@type":"WebPage","@id":"https:\/\/masterchem.fi\/sv\/produkt\/masterguard-arcticshield-marine-antifreeze-50hd-kopio\/","url":"https:\/\/masterchem.fi\/sv\/produkt\/masterguard-arcticshield-marine-antifreeze-50hd-kopio\/","name":"Sommarkoncentrat f\u00f6r vindrutespolarv\u00e4tska - MasterChem | kemikaalien tuotanto ja myynti","isPartOf":{"@id":"https:\/\/masterchem.fi\/sv\/#website"},"primaryImageOfPage":{"@id":"https:\/\/masterchem.fi\/sv\/produkt\/masterguard-arcticshield-marine-antifreeze-50hd-kopio\/#primaryimage"},"image":{"@id":"https:\/\/masterchem.fi\/sv\/produkt\/masterguard-arcticshield-marine-antifreeze-50hd-kopio\/#primaryimage"},"thumbnailUrl":"https:\/\/masterchem.fi\/wp-content\/uploads\/2025\/05\/Summer_windshield_washer_fluid_concentrate_1000L_MasterChem.jpg","datePublished":"2025-05-13T17:19:05+00:00","dateModified":"2025-05-13T17:32:34+00:00","description":"Spolarv\u00e4tska f\u00f6r sommaren. Avl\u00e4gsnar effektivt insektsrester fr\u00e5n vindrutan och h\u00e5ller rutan ren under tuffa f\u00f6rh\u00e5llanden.","breadcrumb":{"@id":"https:\/\/masterchem.fi\/sv\/produkt\/masterguard-arcticshield-marine-antifreeze-50hd-kopio\/#breadcrumb"},"inLanguage":"sv-SE","potentialAction":[{"@type":"ReadAction","target":["https:\/\/masterchem.fi\/sv\/produkt\/masterguard-arcticshield-marine-antifreeze-50hd-kopio\/"]}]},{"@type":"ImageObject","inLanguage":"sv-SE","@id":"https:\/\/masterchem.fi\/sv\/produkt\/masterguard-arcticshield-marine-antifreeze-50hd-kopio\/#primaryimage","url":"https:\/\/masterchem.fi\/wp-content\/uploads\/2025\/05\/Summer_windshield_washer_fluid_concentrate_1000L_MasterChem.jpg","contentUrl":"https:\/\/masterchem.fi\/wp-content\/uploads\/2025\/05\/Summer_windshield_washer_fluid_concentrate_1000L_MasterChem.jpg","width":1800,"height":1800,"caption":"Sommarkoncentrat f\u00f6r vindrutespolarv\u00e4tska 1000L MasterChem"},{"@type":"BreadcrumbList","@id":"https:\/\/masterchem.fi\/sv\/produkt\/masterguard-arcticshield-marine-antifreeze-50hd-kopio\/#breadcrumb","itemListElement":[{"@type":"ListItem","position":1,"name":"Home","item":"https:\/\/masterchem.fi\/sv\/"},{"@type":"ListItem","position":2,"name":"Butik","item":"https:\/\/masterchem.fi\/sv\/butik\/"},{"@type":"ListItem","position":3,"name":"Sommarkoncentrat f\u00f6r vindrutespolarv\u00e4tska"}]},{"@type":"WebSite","@id":"https:\/\/masterchem.fi\/sv\/#website","url":"https:\/\/masterchem.fi\/sv\/","name":"MasterChem | kemikaalien tuotanto ja myynti","description":"kemikaalien tuotanto ja myynti","potentialAction":[{"@type":"SearchAction","target":{"@type":"EntryPoint","urlTemplate":"https:\/\/masterchem.fi\/sv\/?s={search_term_string}"},"query-input":{"@type":"PropertyValueSpecification","valueRequired":true,"valueName":"search_term_string"}}],"inLanguage":"sv-SE"}]}},"_links":{"self":[{"href":"https:\/\/masterchem.fi\/sv\/wp-json\/wp\/v2\/product\/16458","targetHints":{"allow":["GET"]}}],"collection":[{"href":"https:\/\/masterchem.fi\/sv\/wp-json\/wp\/v2\/product"}],"about":[{"href":"https:\/\/masterchem.fi\/sv\/wp-json\/wp\/v2\/types\/product"}],"wp:featuredmedia":[{"embeddable":true,"href":"https:\/\/masterchem.fi\/sv\/wp-json\/wp\/v2\/media\/16476"}],"wp:attachment":[{"href":"https:\/\/masterchem.fi\/sv\/wp-json\/wp\/v2\/media?parent=16458"}],"wp:term":[{"taxonomy":"product_brand","embeddable":true,"href":"https:\/\/masterchem.fi\/sv\/wp-json\/wp\/v2\/product_brand?post=16458"},{"taxonomy":"product_cat","embeddable":true,"href":"https:\/\/masterchem.fi\/sv\/wp-json\/wp\/v2\/product_cat?post=16458"},{"taxonomy":"product_tag","embeddable":true,"href":"https:\/\/masterchem.fi\/sv\/wp-json\/wp\/v2\/product_tag?post=16458"}],"curies":[{"name":"wp","href":"https:\/\/api.w.org\/{rel}","templated":true}]}}