{"id":16548,"date":"2025-09-05T14:28:18","date_gmt":"2025-09-05T11:28:20","guid":{"rendered":"https:\/\/masterchem.fi\/?post_type=product&#038;p=16548"},"modified":"2025-09-05T14:33:23","modified_gmt":"2025-09-05T11:33:23","slug":"livsmedelsbergsalt","status":"publish","type":"product","link":"https:\/\/masterchem.fi\/sv\/produkt\/livsmedelsbergsalt\/","title":{"rendered":"Livsmedelsbergsalt"},"content":{"rendered":"<p><strong>Livsmedelsbergsalt (1,0-0,16 mm)<\/strong><br \/>\nFysiska egenskaper:<br \/>\nSalt best\u00e5r mestadels av natriumklorid (NaCl). Havssalt och utvunnet salt kan inneh\u00e5lla sp\u00e5r\u00e4mnen. Utvunnet salt raffineras ofta. Saltkristaller \u00e4r genomskinliga och kubiska i formen; de ser normalt vita ut men f\u00f6roreningar kan ge dem en bl\u00e5 eller lila nyans. N\u00e4r natriumklorid l\u00f6ses i vatten separeras det i Na+ och Cl\u2212 joner, och l\u00f6sligheten \u00e4r 359 gram per liter. Fr\u00e5n kalla l\u00f6sningar kristalliseras salt som dihydratet NaCl\u00b72H2O. L\u00f6sningar av natriumklorid har mycket olika egenskaper \u00e4n rent vatten; fryspunkten \u00e4r \u221221,12 \u00b0C (\u22126,02 \u00b0F) f\u00f6r 23,31 viktprocent salt, och kokpunkten f\u00f6r m\u00e4ttad saltl\u00f6sning \u00e4r cirka 108,7 \u00b0C (227,7 \u00b0F).<\/p>\n","protected":false},"excerpt":{"rendered":"<p>I vanlig anv\u00e4ndning \u00e4r salt ett mineral som huvudsakligen best\u00e5r av natriumklorid (NaCl). N\u00e4r det anv\u00e4nds i livsmedel, s\u00e4rskilt i granulerad form, kallas det mer formellt bordsalt. I form av ett naturligt kristallint mineral \u00e4r salt \u00e4ven k\u00e4nt som bergsalt eller halit.<\/p>\n","protected":false},"featured_media":16553,"template":"","meta":[],"product_brand":[],"product_cat":[106,116,171,179],"product_tag":[],"class_list":{"0":"post-16548","1":"product","2":"type-product","3":"status-publish","4":"has-post-thumbnail","6":"product_cat-lakemedelsindustri","7":"product_cat-alla-produkter","8":"product_cat-livsmedelsindustrin","9":"product_cat-foderindustri","11":"first","12":"instock","13":"taxable","14":"shipping-taxable","15":"purchasable","16":"product-type-variable","17":"has-default-attributes","18":"rtwpvg-product"},"yoast_head":"<!-- This site is optimized with the Yoast SEO plugin v27.2 - https:\/\/yoast.com\/product\/yoast-seo-wordpress\/ -->\n<title>Livsmedelsbergsalt - MasterChem | kemikaalien tuotanto ja myynti<\/title>\n<meta name=\"description\" content=\"I vanlig skrift \u00e4r salt ett mineral som huvudsakligen best\u00e5r av natriumklorid (NaCl). N\u00e4r det anv\u00e4nds i livsmedel, s\u00e4rskilt i granulerad form, kallas det mer formellt bordsalt.\" \/>\n<meta name=\"robots\" content=\"index, follow, max-snippet:-1, max-image-preview:large, max-video-preview:-1\" \/>\n<link rel=\"canonical\" href=\"https:\/\/masterchem.fi\/sv\/produkt\/livsmedelsbergsalt\/\" \/>\n<meta property=\"og:locale\" content=\"sv_SE\" \/>\n<meta property=\"og:type\" content=\"article\" \/>\n<meta property=\"og:title\" content=\"Livsmedelsbergsalt - MasterChem | kemikaalien tuotanto ja myynti\" \/>\n<meta property=\"og:description\" content=\"I vanlig skrift \u00e4r salt ett mineral som huvudsakligen best\u00e5r av natriumklorid (NaCl). N\u00e4r det anv\u00e4nds i livsmedel, s\u00e4rskilt i granulerad form, kallas det mer formellt bordsalt.\" \/>\n<meta property=\"og:url\" content=\"https:\/\/masterchem.fi\/sv\/produkt\/livsmedelsbergsalt\/\" \/>\n<meta property=\"og:site_name\" content=\"MasterChem | kemikaalien tuotanto ja myynti\" \/>\n<meta property=\"article:modified_time\" content=\"2025-09-05T11:33:23+00:00\" \/>\n<meta property=\"og:image\" content=\"https:\/\/masterchem.fi\/wp-content\/uploads\/2025\/09\/Peent-soogisoola-25kg-MasterChem.jpg\" \/>\n\t<meta property=\"og:image:width\" content=\"1000\" \/>\n\t<meta property=\"og:image:height\" content=\"1000\" \/>\n\t<meta property=\"og:image:type\" content=\"image\/jpeg\" \/>\n<meta name=\"twitter:card\" content=\"summary_large_image\" \/>\n<meta name=\"twitter:label1\" content=\"Ber\u00e4knad l\u00e4stid\" \/>\n\t<meta name=\"twitter:data1\" content=\"1 minut\" \/>\n<script type=\"application\/ld+json\" class=\"yoast-schema-graph\">{\"@context\":\"https:\/\/schema.org\",\"@graph\":[{\"@type\":\"WebPage\",\"@id\":\"https:\/\/masterchem.fi\/sv\/produkt\/livsmedelsbergsalt\/\",\"url\":\"https:\/\/masterchem.fi\/sv\/produkt\/livsmedelsbergsalt\/\",\"name\":\"Livsmedelsbergsalt - MasterChem | kemikaalien tuotanto ja myynti\",\"isPartOf\":{\"@id\":\"https:\/\/masterchem.fi\/sv\/#website\"},\"primaryImageOfPage\":{\"@id\":\"https:\/\/masterchem.fi\/sv\/produkt\/livsmedelsbergsalt\/#primaryimage\"},\"image\":{\"@id\":\"https:\/\/masterchem.fi\/sv\/produkt\/livsmedelsbergsalt\/#primaryimage\"},\"thumbnailUrl\":\"https:\/\/masterchem.fi\/wp-content\/uploads\/2025\/09\/Peent-soogisoola-25kg-MasterChem.jpg\",\"datePublished\":\"2025-09-05T11:28:20+00:00\",\"dateModified\":\"2025-09-05T11:33:23+00:00\",\"description\":\"I vanlig skrift \u00e4r salt ett mineral som huvudsakligen best\u00e5r av natriumklorid (NaCl). N\u00e4r det anv\u00e4nds i livsmedel, s\u00e4rskilt i granulerad form, kallas det mer formellt bordsalt.\",\"breadcrumb\":{\"@id\":\"https:\/\/masterchem.fi\/sv\/produkt\/livsmedelsbergsalt\/#breadcrumb\"},\"inLanguage\":\"sv-SE\",\"potentialAction\":[{\"@type\":\"ReadAction\",\"target\":[\"https:\/\/masterchem.fi\/sv\/produkt\/livsmedelsbergsalt\/\"]}]},{\"@type\":\"ImageObject\",\"inLanguage\":\"sv-SE\",\"@id\":\"https:\/\/masterchem.fi\/sv\/produkt\/livsmedelsbergsalt\/#primaryimage\",\"url\":\"https:\/\/masterchem.fi\/wp-content\/uploads\/2025\/09\/Peent-soogisoola-25kg-MasterChem.jpg\",\"contentUrl\":\"https:\/\/masterchem.fi\/wp-content\/uploads\/2025\/09\/Peent-soogisoola-25kg-MasterChem.jpg\",\"width\":1000,\"height\":1000,\"caption\":\"Livsmedelsbergsalt 25kg-MasterChem\"},{\"@type\":\"BreadcrumbList\",\"@id\":\"https:\/\/masterchem.fi\/sv\/produkt\/livsmedelsbergsalt\/#breadcrumb\",\"itemListElement\":[{\"@type\":\"ListItem\",\"position\":1,\"name\":\"Home\",\"item\":\"https:\/\/masterchem.fi\/sv\/\"},{\"@type\":\"ListItem\",\"position\":2,\"name\":\"Butik\",\"item\":\"https:\/\/masterchem.fi\/sv\/butik\/\"},{\"@type\":\"ListItem\",\"position\":3,\"name\":\"Livsmedelsbergsalt\"}]},{\"@type\":\"WebSite\",\"@id\":\"https:\/\/masterchem.fi\/sv\/#website\",\"url\":\"https:\/\/masterchem.fi\/sv\/\",\"name\":\"MasterChem | kemikaalien tuotanto ja myynti\",\"description\":\"kemikaalien tuotanto ja myynti\",\"potentialAction\":[{\"@type\":\"SearchAction\",\"target\":{\"@type\":\"EntryPoint\",\"urlTemplate\":\"https:\/\/masterchem.fi\/sv\/?s={search_term_string}\"},\"query-input\":{\"@type\":\"PropertyValueSpecification\",\"valueRequired\":true,\"valueName\":\"search_term_string\"}}],\"inLanguage\":\"sv-SE\"}]}<\/script>\n<!-- \/ Yoast SEO plugin. -->","yoast_head_json":{"title":"Livsmedelsbergsalt - MasterChem | kemikaalien tuotanto ja myynti","description":"I vanlig skrift \u00e4r salt ett mineral som huvudsakligen best\u00e5r av natriumklorid (NaCl). N\u00e4r det anv\u00e4nds i livsmedel, s\u00e4rskilt i granulerad form, kallas det mer formellt bordsalt.","robots":{"index":"index","follow":"follow","max-snippet":"max-snippet:-1","max-image-preview":"max-image-preview:large","max-video-preview":"max-video-preview:-1"},"canonical":"https:\/\/masterchem.fi\/sv\/produkt\/livsmedelsbergsalt\/","og_locale":"sv_SE","og_type":"article","og_title":"Livsmedelsbergsalt - MasterChem | kemikaalien tuotanto ja myynti","og_description":"I vanlig skrift \u00e4r salt ett mineral som huvudsakligen best\u00e5r av natriumklorid (NaCl). N\u00e4r det anv\u00e4nds i livsmedel, s\u00e4rskilt i granulerad form, kallas det mer formellt bordsalt.","og_url":"https:\/\/masterchem.fi\/sv\/produkt\/livsmedelsbergsalt\/","og_site_name":"MasterChem | kemikaalien tuotanto ja myynti","article_modified_time":"2025-09-05T11:33:23+00:00","og_image":[{"width":1000,"height":1000,"url":"https:\/\/masterchem.fi\/wp-content\/uploads\/2025\/09\/Peent-soogisoola-25kg-MasterChem.jpg","type":"image\/jpeg"}],"twitter_card":"summary_large_image","twitter_misc":{"Ber\u00e4knad l\u00e4stid":"1 minut"},"schema":{"@context":"https:\/\/schema.org","@graph":[{"@type":"WebPage","@id":"https:\/\/masterchem.fi\/sv\/produkt\/livsmedelsbergsalt\/","url":"https:\/\/masterchem.fi\/sv\/produkt\/livsmedelsbergsalt\/","name":"Livsmedelsbergsalt - MasterChem | kemikaalien tuotanto ja myynti","isPartOf":{"@id":"https:\/\/masterchem.fi\/sv\/#website"},"primaryImageOfPage":{"@id":"https:\/\/masterchem.fi\/sv\/produkt\/livsmedelsbergsalt\/#primaryimage"},"image":{"@id":"https:\/\/masterchem.fi\/sv\/produkt\/livsmedelsbergsalt\/#primaryimage"},"thumbnailUrl":"https:\/\/masterchem.fi\/wp-content\/uploads\/2025\/09\/Peent-soogisoola-25kg-MasterChem.jpg","datePublished":"2025-09-05T11:28:20+00:00","dateModified":"2025-09-05T11:33:23+00:00","description":"I vanlig skrift \u00e4r salt ett mineral som huvudsakligen best\u00e5r av natriumklorid (NaCl). N\u00e4r det anv\u00e4nds i livsmedel, s\u00e4rskilt i granulerad form, kallas det mer formellt bordsalt.","breadcrumb":{"@id":"https:\/\/masterchem.fi\/sv\/produkt\/livsmedelsbergsalt\/#breadcrumb"},"inLanguage":"sv-SE","potentialAction":[{"@type":"ReadAction","target":["https:\/\/masterchem.fi\/sv\/produkt\/livsmedelsbergsalt\/"]}]},{"@type":"ImageObject","inLanguage":"sv-SE","@id":"https:\/\/masterchem.fi\/sv\/produkt\/livsmedelsbergsalt\/#primaryimage","url":"https:\/\/masterchem.fi\/wp-content\/uploads\/2025\/09\/Peent-soogisoola-25kg-MasterChem.jpg","contentUrl":"https:\/\/masterchem.fi\/wp-content\/uploads\/2025\/09\/Peent-soogisoola-25kg-MasterChem.jpg","width":1000,"height":1000,"caption":"Livsmedelsbergsalt 25kg-MasterChem"},{"@type":"BreadcrumbList","@id":"https:\/\/masterchem.fi\/sv\/produkt\/livsmedelsbergsalt\/#breadcrumb","itemListElement":[{"@type":"ListItem","position":1,"name":"Home","item":"https:\/\/masterchem.fi\/sv\/"},{"@type":"ListItem","position":2,"name":"Butik","item":"https:\/\/masterchem.fi\/sv\/butik\/"},{"@type":"ListItem","position":3,"name":"Livsmedelsbergsalt"}]},{"@type":"WebSite","@id":"https:\/\/masterchem.fi\/sv\/#website","url":"https:\/\/masterchem.fi\/sv\/","name":"MasterChem | kemikaalien tuotanto ja myynti","description":"kemikaalien tuotanto ja myynti","potentialAction":[{"@type":"SearchAction","target":{"@type":"EntryPoint","urlTemplate":"https:\/\/masterchem.fi\/sv\/?s={search_term_string}"},"query-input":{"@type":"PropertyValueSpecification","valueRequired":true,"valueName":"search_term_string"}}],"inLanguage":"sv-SE"}]}},"_links":{"self":[{"href":"https:\/\/masterchem.fi\/sv\/wp-json\/wp\/v2\/product\/16548","targetHints":{"allow":["GET"]}}],"collection":[{"href":"https:\/\/masterchem.fi\/sv\/wp-json\/wp\/v2\/product"}],"about":[{"href":"https:\/\/masterchem.fi\/sv\/wp-json\/wp\/v2\/types\/product"}],"wp:featuredmedia":[{"embeddable":true,"href":"https:\/\/masterchem.fi\/sv\/wp-json\/wp\/v2\/media\/16553"}],"wp:attachment":[{"href":"https:\/\/masterchem.fi\/sv\/wp-json\/wp\/v2\/media?parent=16548"}],"wp:term":[{"taxonomy":"product_brand","embeddable":true,"href":"https:\/\/masterchem.fi\/sv\/wp-json\/wp\/v2\/product_brand?post=16548"},{"taxonomy":"product_cat","embeddable":true,"href":"https:\/\/masterchem.fi\/sv\/wp-json\/wp\/v2\/product_cat?post=16548"},{"taxonomy":"product_tag","embeddable":true,"href":"https:\/\/masterchem.fi\/sv\/wp-json\/wp\/v2\/product_tag?post=16548"}],"curies":[{"name":"wp","href":"https:\/\/api.w.org\/{rel}","templated":true}]}}