{"id":7166,"date":"2020-08-25T09:06:36","date_gmt":"2020-08-25T06:06:36","guid":{"rendered":"https:\/\/masterchem.fi\/product\/terpentin\/"},"modified":"2022-04-26T10:26:47","modified_gmt":"2022-04-26T07:26:47","slug":"terpentin-cas-9005-90-7","status":"publish","type":"product","link":"https:\/\/masterchem.fi\/sv\/produkt\/terpentin-cas-9005-90-7\/","title":{"rendered":"Terpentin (CAS 9005-90-7)"},"content":{"rendered":"<p> Den verkliga terpentinen anv\u00e4nds i f\u00e4rgindustrin som l\u00f6sningsmedel och tunnare. Terpentin \u00e4r ol\u00f6sligt i vatten, men det \u00e4r l\u00f6sligt i alkohol, bensen, eter och kloroform. F\u00f6r hemmabruk \u00e4r terpentin l\u00e4mplig som l\u00f6sningsmedelsbaserad ytrenare. Terpentin kan ant\u00e4ndas spontant vid absorption i por\u00f6st organiskt material och reagerar starkt med oxidationsmedel. Terpentin har en flampunkt p\u00e5 35 \u00b0 C och en sj\u00e4lvant\u00e4ndningstemperatur p\u00e5 247 \u00b0 C. Terpentin \u00e4r of\u00f6renlig med syror, aluminiumklorid och bortrifluorid. <\/p>\n<p> <strong> Allm\u00e4nna fysikalisk-kemiska egenskaper <\/strong> <\/p>\n<p> Molekylvikt: 136 <br \/>\nDensitet: 0,9 (vatten = 1) vid 20 \u00b0 C <br \/>\nSm\u00e4ltpunkt: -55 \u00b0 C <br \/>\nKokpunkt: 150 &#8211; 170 \u00b0 C <br \/>\n\u00c5ngtryck: 0,5 kPa (4 mmHg) vid 20 \u00b0 C <br \/>\n\u00c5ngdensitet: 4,7 (luft = 1) <br \/>\nKonstant koncentration: 0,5% (5000 ppm) vid 20 \u00b0 C; <br \/>\nflyktig <br \/>\nL\u00f6slighet: ol\u00f6slig i vatten; l\u00f6slig i alkohol, bensen, eter och kloroform <br \/>\nOmvandlingsfaktorer (\u00e5nga) vid 20 \u00b0 C: 1 ppm = 5,66 mg \/ m3, 1 mg \/ m3 = 0,18 ppm <br \/>\nLukttr\u00f6skel: 100 ppm (570 mg \/ m3); lukt varnar inte f\u00f6r h\u00e4lsorisker <\/p>\n","protected":false},"excerpt":{"rendered":"<p>Terpentin (talloljet terpentin, pinen terpentin) \u00e4r en f\u00e4rgl\u00f6s eller gulaktig, flyktig och brandfarlig v\u00e4tska erh\u00e5llen fr\u00e5n barrtr\u00e4dets harts. R\u00e5 terpentin, en blandning av C10H16-terpenisomerer, bildas som en biprodukt fr\u00e5n cellulosaindustrin.<\/p>\n","protected":false},"featured_media":6927,"template":"","meta":[],"product_brand":[],"product_cat":[106,116],"product_tag":[],"class_list":{"0":"post-7166","1":"product","2":"type-product","3":"status-publish","4":"has-post-thumbnail","6":"product_cat-lakemedelsindustri","7":"product_cat-alla-produkter","9":"first","10":"outofstock","11":"taxable","12":"shipping-taxable","13":"purchasable","14":"product-type-variable","15":"has-default-attributes","16":"rtwpvg-product"},"yoast_head":"<!-- This site is optimized with the Yoast SEO plugin v27.5 - https:\/\/yoast.com\/product\/yoast-seo-wordpress\/ -->\n<title>Terpentin (CAS 9005-90-7) - MasterChem | kemikaalien tuotanto ja myynti<\/title>\n<meta name=\"description\" content=\"Terpentin (talloljet terpentin, pinen terpentin) \u00e4r en f\u00e4rgl\u00f6s eller gulaktig, flyktig och brandfarlig v\u00e4tska erh\u00e5llen fr\u00e5n barrtr\u00e4dets harts.\" \/>\n<meta name=\"robots\" content=\"index, follow, max-snippet:-1, max-image-preview:large, max-video-preview:-1\" \/>\n<link rel=\"canonical\" href=\"https:\/\/masterchem.fi\/sv\/produkt\/terpentin-cas-9005-90-7\/\" \/>\n<meta property=\"og:locale\" content=\"sv_SE\" \/>\n<meta property=\"og:type\" content=\"article\" \/>\n<meta property=\"og:title\" content=\"Terpentin (CAS 9005-90-7) - MasterChem | kemikaalien tuotanto ja myynti\" \/>\n<meta property=\"og:description\" content=\"Terpentin (talloljet terpentin, pinen terpentin) \u00e4r en f\u00e4rgl\u00f6s eller gulaktig, flyktig och brandfarlig v\u00e4tska erh\u00e5llen fr\u00e5n barrtr\u00e4dets harts.\" \/>\n<meta property=\"og:url\" content=\"https:\/\/masterchem.fi\/sv\/produkt\/terpentin-cas-9005-90-7\/\" \/>\n<meta property=\"og:site_name\" content=\"MasterChem | kemikaalien tuotanto ja myynti\" \/>\n<meta property=\"article:modified_time\" content=\"2022-04-26T07:26:47+00:00\" \/>\n<meta property=\"og:image\" content=\"https:\/\/masterchem.fi\/wp-content\/uploads\/2020\/08\/Turpentine-1000l-MasterChem.jpg\" \/>\n\t<meta property=\"og:image:width\" content=\"1000\" \/>\n\t<meta property=\"og:image:height\" content=\"1000\" \/>\n\t<meta property=\"og:image:type\" content=\"image\/jpeg\" \/>\n<meta name=\"twitter:card\" content=\"summary_large_image\" \/>\n<meta name=\"twitter:label1\" content=\"Ber\u00e4knad l\u00e4stid\" \/>\n\t<meta name=\"twitter:data1\" content=\"1 minut\" \/>\n<script type=\"application\/ld+json\" class=\"yoast-schema-graph\">{\"@context\":\"https:\\\/\\\/schema.org\",\"@graph\":[{\"@type\":\"WebPage\",\"@id\":\"https:\\\/\\\/masterchem.fi\\\/sv\\\/produkt\\\/terpentin-cas-9005-90-7\\\/\",\"url\":\"https:\\\/\\\/masterchem.fi\\\/sv\\\/produkt\\\/terpentin-cas-9005-90-7\\\/\",\"name\":\"Terpentin (CAS 9005-90-7) - MasterChem | kemikaalien tuotanto ja myynti\",\"isPartOf\":{\"@id\":\"https:\\\/\\\/masterchem.fi\\\/sv\\\/#website\"},\"primaryImageOfPage\":{\"@id\":\"https:\\\/\\\/masterchem.fi\\\/sv\\\/produkt\\\/terpentin-cas-9005-90-7\\\/#primaryimage\"},\"image\":{\"@id\":\"https:\\\/\\\/masterchem.fi\\\/sv\\\/produkt\\\/terpentin-cas-9005-90-7\\\/#primaryimage\"},\"thumbnailUrl\":\"https:\\\/\\\/masterchem.fi\\\/wp-content\\\/uploads\\\/2020\\\/08\\\/Turpentine-1000l-MasterChem.jpg\",\"datePublished\":\"2020-08-25T06:06:36+00:00\",\"dateModified\":\"2022-04-26T07:26:47+00:00\",\"description\":\"Terpentin (talloljet terpentin, pinen terpentin) \u00e4r en f\u00e4rgl\u00f6s eller gulaktig, flyktig och brandfarlig v\u00e4tska erh\u00e5llen fr\u00e5n barrtr\u00e4dets harts.\",\"breadcrumb\":{\"@id\":\"https:\\\/\\\/masterchem.fi\\\/sv\\\/produkt\\\/terpentin-cas-9005-90-7\\\/#breadcrumb\"},\"inLanguage\":\"sv-SE\",\"potentialAction\":[{\"@type\":\"ReadAction\",\"target\":[\"https:\\\/\\\/masterchem.fi\\\/sv\\\/produkt\\\/terpentin-cas-9005-90-7\\\/\"]}]},{\"@type\":\"ImageObject\",\"inLanguage\":\"sv-SE\",\"@id\":\"https:\\\/\\\/masterchem.fi\\\/sv\\\/produkt\\\/terpentin-cas-9005-90-7\\\/#primaryimage\",\"url\":\"https:\\\/\\\/masterchem.fi\\\/wp-content\\\/uploads\\\/2020\\\/08\\\/Turpentine-1000l-MasterChem.jpg\",\"contentUrl\":\"https:\\\/\\\/masterchem.fi\\\/wp-content\\\/uploads\\\/2020\\\/08\\\/Turpentine-1000l-MasterChem.jpg\",\"width\":1000,\"height\":1000,\"caption\":\"Terpentin 1000l MaterChem\"},{\"@type\":\"BreadcrumbList\",\"@id\":\"https:\\\/\\\/masterchem.fi\\\/sv\\\/produkt\\\/terpentin-cas-9005-90-7\\\/#breadcrumb\",\"itemListElement\":[{\"@type\":\"ListItem\",\"position\":1,\"name\":\"Home\",\"item\":\"https:\\\/\\\/masterchem.fi\\\/sv\\\/\"},{\"@type\":\"ListItem\",\"position\":2,\"name\":\"Butik\",\"item\":\"https:\\\/\\\/masterchem.fi\\\/sv\\\/butik\\\/\"},{\"@type\":\"ListItem\",\"position\":3,\"name\":\"Terpentin (CAS 9005-90-7)\"}]},{\"@type\":\"WebSite\",\"@id\":\"https:\\\/\\\/masterchem.fi\\\/sv\\\/#website\",\"url\":\"https:\\\/\\\/masterchem.fi\\\/sv\\\/\",\"name\":\"MasterChem | kemikaalien tuotanto ja myynti\",\"description\":\"kemikaalien tuotanto ja myynti\",\"potentialAction\":[{\"@type\":\"SearchAction\",\"target\":{\"@type\":\"EntryPoint\",\"urlTemplate\":\"https:\\\/\\\/masterchem.fi\\\/sv\\\/?s={search_term_string}\"},\"query-input\":{\"@type\":\"PropertyValueSpecification\",\"valueRequired\":true,\"valueName\":\"search_term_string\"}}],\"inLanguage\":\"sv-SE\"}]}<\/script>\n<!-- \/ Yoast SEO plugin. -->","yoast_head_json":{"title":"Terpentin (CAS 9005-90-7) - MasterChem | kemikaalien tuotanto ja myynti","description":"Terpentin (talloljet terpentin, pinen terpentin) \u00e4r en f\u00e4rgl\u00f6s eller gulaktig, flyktig och brandfarlig v\u00e4tska erh\u00e5llen fr\u00e5n barrtr\u00e4dets harts.","robots":{"index":"index","follow":"follow","max-snippet":"max-snippet:-1","max-image-preview":"max-image-preview:large","max-video-preview":"max-video-preview:-1"},"canonical":"https:\/\/masterchem.fi\/sv\/produkt\/terpentin-cas-9005-90-7\/","og_locale":"sv_SE","og_type":"article","og_title":"Terpentin (CAS 9005-90-7) - MasterChem | kemikaalien tuotanto ja myynti","og_description":"Terpentin (talloljet terpentin, pinen terpentin) \u00e4r en f\u00e4rgl\u00f6s eller gulaktig, flyktig och brandfarlig v\u00e4tska erh\u00e5llen fr\u00e5n barrtr\u00e4dets harts.","og_url":"https:\/\/masterchem.fi\/sv\/produkt\/terpentin-cas-9005-90-7\/","og_site_name":"MasterChem | kemikaalien tuotanto ja myynti","article_modified_time":"2022-04-26T07:26:47+00:00","og_image":[{"width":1000,"height":1000,"url":"https:\/\/masterchem.fi\/wp-content\/uploads\/2020\/08\/Turpentine-1000l-MasterChem.jpg","type":"image\/jpeg"}],"twitter_card":"summary_large_image","twitter_misc":{"Ber\u00e4knad l\u00e4stid":"1 minut"},"schema":{"@context":"https:\/\/schema.org","@graph":[{"@type":"WebPage","@id":"https:\/\/masterchem.fi\/sv\/produkt\/terpentin-cas-9005-90-7\/","url":"https:\/\/masterchem.fi\/sv\/produkt\/terpentin-cas-9005-90-7\/","name":"Terpentin (CAS 9005-90-7) - MasterChem | kemikaalien tuotanto ja myynti","isPartOf":{"@id":"https:\/\/masterchem.fi\/sv\/#website"},"primaryImageOfPage":{"@id":"https:\/\/masterchem.fi\/sv\/produkt\/terpentin-cas-9005-90-7\/#primaryimage"},"image":{"@id":"https:\/\/masterchem.fi\/sv\/produkt\/terpentin-cas-9005-90-7\/#primaryimage"},"thumbnailUrl":"https:\/\/masterchem.fi\/wp-content\/uploads\/2020\/08\/Turpentine-1000l-MasterChem.jpg","datePublished":"2020-08-25T06:06:36+00:00","dateModified":"2022-04-26T07:26:47+00:00","description":"Terpentin (talloljet terpentin, pinen terpentin) \u00e4r en f\u00e4rgl\u00f6s eller gulaktig, flyktig och brandfarlig v\u00e4tska erh\u00e5llen fr\u00e5n barrtr\u00e4dets harts.","breadcrumb":{"@id":"https:\/\/masterchem.fi\/sv\/produkt\/terpentin-cas-9005-90-7\/#breadcrumb"},"inLanguage":"sv-SE","potentialAction":[{"@type":"ReadAction","target":["https:\/\/masterchem.fi\/sv\/produkt\/terpentin-cas-9005-90-7\/"]}]},{"@type":"ImageObject","inLanguage":"sv-SE","@id":"https:\/\/masterchem.fi\/sv\/produkt\/terpentin-cas-9005-90-7\/#primaryimage","url":"https:\/\/masterchem.fi\/wp-content\/uploads\/2020\/08\/Turpentine-1000l-MasterChem.jpg","contentUrl":"https:\/\/masterchem.fi\/wp-content\/uploads\/2020\/08\/Turpentine-1000l-MasterChem.jpg","width":1000,"height":1000,"caption":"Terpentin 1000l MaterChem"},{"@type":"BreadcrumbList","@id":"https:\/\/masterchem.fi\/sv\/produkt\/terpentin-cas-9005-90-7\/#breadcrumb","itemListElement":[{"@type":"ListItem","position":1,"name":"Home","item":"https:\/\/masterchem.fi\/sv\/"},{"@type":"ListItem","position":2,"name":"Butik","item":"https:\/\/masterchem.fi\/sv\/butik\/"},{"@type":"ListItem","position":3,"name":"Terpentin (CAS 9005-90-7)"}]},{"@type":"WebSite","@id":"https:\/\/masterchem.fi\/sv\/#website","url":"https:\/\/masterchem.fi\/sv\/","name":"MasterChem | kemikaalien tuotanto ja myynti","description":"kemikaalien tuotanto ja myynti","potentialAction":[{"@type":"SearchAction","target":{"@type":"EntryPoint","urlTemplate":"https:\/\/masterchem.fi\/sv\/?s={search_term_string}"},"query-input":{"@type":"PropertyValueSpecification","valueRequired":true,"valueName":"search_term_string"}}],"inLanguage":"sv-SE"}]}},"_links":{"self":[{"href":"https:\/\/masterchem.fi\/sv\/wp-json\/wp\/v2\/product\/7166","targetHints":{"allow":["GET"]}}],"collection":[{"href":"https:\/\/masterchem.fi\/sv\/wp-json\/wp\/v2\/product"}],"about":[{"href":"https:\/\/masterchem.fi\/sv\/wp-json\/wp\/v2\/types\/product"}],"wp:featuredmedia":[{"embeddable":true,"href":"https:\/\/masterchem.fi\/sv\/wp-json\/wp\/v2\/media\/6927"}],"wp:attachment":[{"href":"https:\/\/masterchem.fi\/sv\/wp-json\/wp\/v2\/media?parent=7166"}],"wp:term":[{"taxonomy":"product_brand","embeddable":true,"href":"https:\/\/masterchem.fi\/sv\/wp-json\/wp\/v2\/product_brand?post=7166"},{"taxonomy":"product_cat","embeddable":true,"href":"https:\/\/masterchem.fi\/sv\/wp-json\/wp\/v2\/product_cat?post=7166"},{"taxonomy":"product_tag","embeddable":true,"href":"https:\/\/masterchem.fi\/sv\/wp-json\/wp\/v2\/product_tag?post=7166"}],"curies":[{"name":"wp","href":"https:\/\/api.w.org\/{rel}","templated":true}]}}