{"id":7175,"date":"2020-08-25T08:04:33","date_gmt":"2020-08-25T05:04:33","guid":{"rendered":"https:\/\/masterchem.fi\/product\/butanol\/"},"modified":"2022-04-26T10:15:27","modified_gmt":"2022-04-26T07:15:27","slug":"butanol-cas-71-36-3","status":"publish","type":"product","link":"https:\/\/masterchem.fi\/sv\/produkt\/butanol-cas-71-36-3\/","title":{"rendered":"Butanol (CAS 71-36-3)"},"content":{"rendered":"<p> Andra f\u00f6reningar som kallas butanoler \u00e4r isobutanol, dvs 2-metyl-1-propanol, och tert-butanol eller terti\u00e4r butanol, eller mer korrekt 2-metyl-2-propanol. <\/p>\n<p> Butanol anv\u00e4nds som l\u00f6sningsmedel och tunnare i olika kemiska och textila processer, fr\u00e5n tunnare f\u00e4rg till hydraulv\u00e4tska och bromsv\u00e4tska. Det anv\u00e4nds ocks\u00e5 som en bas f\u00f6r parfymer, men som s\u00e5dan har den en mycket alkoholhaltig arom. Olika butanoler har olika lukt; lukten av tert-butanol \u00e4r lackerad, s\u00f6t av n-butanol, mycket l\u00e4tt butansyra. <\/p>\n<p> <strong> Allm\u00e4nna fysikalisk-kemiska egenskaper <\/strong> <\/p>\n<p>Molekylvikt: 74,1 g \/ mol <br \/>\nDensitet vid 20 \u00b0 C (vatten = 1): 0,81 <br \/>\nSm\u00e4ltpunkt: -89 \u00b0 C <br \/>\nKokpunkt: 118 \u00b0 C <br \/>\n\u00c5ngtryck: 0,7 kPa (vid 20 \u00b0 C) <br \/>\n\u00c5ngdensitet: 2,6 (luft = 1) <br \/>\nKonstant koncentration: 0,7% (6900 ppm) vid 20 \u00b0 C; flyktig <br \/>\nL\u00f6slighet: L\u00f6sligt i vatten (77 g \/ l vid 20 \u00b0 C), mycket l\u00f6sligt i etanol och etyleter, fritt l\u00f6sligt i aceton <br \/>\nF\u00f6rdelningskoefficient P (n-oktanol \/ vatten): log Pow = 0,88 icke-fett <br \/>\nHenrys lagkonstant: 6,6 \u2022 10-6 atm \u00d7 m3 \/ mol; avdunstar svagt fr\u00e5n vatten <br \/>\nOmvandlingsfaktorer (\u00e5nga) vid 20 \u00b0 C: 1 ppm = 3,08 mg \/ m3, 1 mg \/ m3 = 0,33 ppm <br \/>\nLuktgr\u00e4ns: 0,12-15 ppm (0,37-46 mg \/ m3); lukt varnar f\u00f6r h\u00e4lsorisker <\/p>\n","protected":false},"excerpt":{"rendered":"<p> Butanoler \u00e4r env\u00e4rda alkoholer med en kolkedja med fyra kolatomer. I allm\u00e4nhet kallas \u00e4ven andra alkoholer som inneh\u00e5ller fyra kolatomer butanoler. Det finns tv\u00e5 isomerer av rakf\u00f6rgrenade, grenade butanoler, 1-butanol och 2-butanol. <\/p>\n","protected":false},"featured_media":6902,"template":"","meta":[],"product_brand":[],"product_cat":[106,116],"product_tag":[],"class_list":{"0":"post-7175","1":"product","2":"type-product","3":"status-publish","4":"has-post-thumbnail","6":"product_cat-lakemedelsindustri","7":"product_cat-alla-produkter","9":"first","10":"instock","11":"taxable","12":"shipping-taxable","13":"purchasable","14":"product-type-variable","15":"has-default-attributes","16":"rtwpvg-product"},"yoast_head":"<!-- This site is optimized with the Yoast SEO plugin v27.5 - https:\/\/yoast.com\/product\/yoast-seo-wordpress\/ -->\n<title>Butanol (CAS 71-36-3) - MasterChem | kemikaalien tuotanto ja myynti<\/title>\n<meta name=\"description\" content=\"Butanoler \u00e4r env\u00e4rda alkoholer med en kolkedja p\u00e5 fyra kolatomer. I allm\u00e4nhet kallas \u00e4ven andra alkoholer som inneh\u00e5ller fyra kolatomer butanoler.\" \/>\n<meta name=\"robots\" content=\"index, follow, max-snippet:-1, max-image-preview:large, max-video-preview:-1\" \/>\n<link rel=\"canonical\" href=\"https:\/\/masterchem.fi\/sv\/produkt\/butanol-cas-71-36-3\/\" \/>\n<meta property=\"og:locale\" content=\"sv_SE\" \/>\n<meta property=\"og:type\" content=\"article\" \/>\n<meta property=\"og:title\" content=\"Butanol (CAS 71-36-3) - MasterChem | kemikaalien tuotanto ja myynti\" \/>\n<meta property=\"og:description\" content=\"Butanoler \u00e4r env\u00e4rda alkoholer med en kolkedja p\u00e5 fyra kolatomer. I allm\u00e4nhet kallas \u00e4ven andra alkoholer som inneh\u00e5ller fyra kolatomer butanoler.\" \/>\n<meta property=\"og:url\" content=\"https:\/\/masterchem.fi\/sv\/produkt\/butanol-cas-71-36-3\/\" \/>\n<meta property=\"og:site_name\" content=\"MasterChem | kemikaalien tuotanto ja myynti\" \/>\n<meta property=\"article:modified_time\" content=\"2022-04-26T07:15:27+00:00\" \/>\n<meta property=\"og:image\" content=\"https:\/\/masterchem.fi\/wp-content\/uploads\/2020\/08\/Butanool-1000l-MaterChem.jpg\" \/>\n\t<meta property=\"og:image:width\" content=\"1000\" \/>\n\t<meta property=\"og:image:height\" content=\"1000\" \/>\n\t<meta property=\"og:image:type\" content=\"image\/jpeg\" \/>\n<meta name=\"twitter:card\" content=\"summary_large_image\" \/>\n<meta name=\"twitter:label1\" content=\"Ber\u00e4knad l\u00e4stid\" \/>\n\t<meta name=\"twitter:data1\" content=\"1 minut\" \/>\n<script type=\"application\/ld+json\" class=\"yoast-schema-graph\">{\"@context\":\"https:\\\/\\\/schema.org\",\"@graph\":[{\"@type\":\"WebPage\",\"@id\":\"https:\\\/\\\/masterchem.fi\\\/sv\\\/produkt\\\/butanol-cas-71-36-3\\\/\",\"url\":\"https:\\\/\\\/masterchem.fi\\\/sv\\\/produkt\\\/butanol-cas-71-36-3\\\/\",\"name\":\"Butanol (CAS 71-36-3) - MasterChem | kemikaalien tuotanto ja myynti\",\"isPartOf\":{\"@id\":\"https:\\\/\\\/masterchem.fi\\\/sv\\\/#website\"},\"primaryImageOfPage\":{\"@id\":\"https:\\\/\\\/masterchem.fi\\\/sv\\\/produkt\\\/butanol-cas-71-36-3\\\/#primaryimage\"},\"image\":{\"@id\":\"https:\\\/\\\/masterchem.fi\\\/sv\\\/produkt\\\/butanol-cas-71-36-3\\\/#primaryimage\"},\"thumbnailUrl\":\"https:\\\/\\\/masterchem.fi\\\/wp-content\\\/uploads\\\/2020\\\/08\\\/Butanool-1000l-MaterChem.jpg\",\"datePublished\":\"2020-08-25T05:04:33+00:00\",\"dateModified\":\"2022-04-26T07:15:27+00:00\",\"description\":\"Butanoler \u00e4r env\u00e4rda alkoholer med en kolkedja p\u00e5 fyra kolatomer. I allm\u00e4nhet kallas \u00e4ven andra alkoholer som inneh\u00e5ller fyra kolatomer butanoler.\",\"breadcrumb\":{\"@id\":\"https:\\\/\\\/masterchem.fi\\\/sv\\\/produkt\\\/butanol-cas-71-36-3\\\/#breadcrumb\"},\"inLanguage\":\"sv-SE\",\"potentialAction\":[{\"@type\":\"ReadAction\",\"target\":[\"https:\\\/\\\/masterchem.fi\\\/sv\\\/produkt\\\/butanol-cas-71-36-3\\\/\"]}]},{\"@type\":\"ImageObject\",\"inLanguage\":\"sv-SE\",\"@id\":\"https:\\\/\\\/masterchem.fi\\\/sv\\\/produkt\\\/butanol-cas-71-36-3\\\/#primaryimage\",\"url\":\"https:\\\/\\\/masterchem.fi\\\/wp-content\\\/uploads\\\/2020\\\/08\\\/Butanool-1000l-MaterChem.jpg\",\"contentUrl\":\"https:\\\/\\\/masterchem.fi\\\/wp-content\\\/uploads\\\/2020\\\/08\\\/Butanool-1000l-MaterChem.jpg\",\"width\":1000,\"height\":1000,\"caption\":\"Butanol 1000l MaterChem\"},{\"@type\":\"BreadcrumbList\",\"@id\":\"https:\\\/\\\/masterchem.fi\\\/sv\\\/produkt\\\/butanol-cas-71-36-3\\\/#breadcrumb\",\"itemListElement\":[{\"@type\":\"ListItem\",\"position\":1,\"name\":\"Home\",\"item\":\"https:\\\/\\\/masterchem.fi\\\/sv\\\/\"},{\"@type\":\"ListItem\",\"position\":2,\"name\":\"Butik\",\"item\":\"https:\\\/\\\/masterchem.fi\\\/sv\\\/butik\\\/\"},{\"@type\":\"ListItem\",\"position\":3,\"name\":\"Butanol (CAS 71-36-3)\"}]},{\"@type\":\"WebSite\",\"@id\":\"https:\\\/\\\/masterchem.fi\\\/sv\\\/#website\",\"url\":\"https:\\\/\\\/masterchem.fi\\\/sv\\\/\",\"name\":\"MasterChem | kemikaalien tuotanto ja myynti\",\"description\":\"kemikaalien tuotanto ja myynti\",\"potentialAction\":[{\"@type\":\"SearchAction\",\"target\":{\"@type\":\"EntryPoint\",\"urlTemplate\":\"https:\\\/\\\/masterchem.fi\\\/sv\\\/?s={search_term_string}\"},\"query-input\":{\"@type\":\"PropertyValueSpecification\",\"valueRequired\":true,\"valueName\":\"search_term_string\"}}],\"inLanguage\":\"sv-SE\"}]}<\/script>\n<!-- \/ Yoast SEO plugin. -->","yoast_head_json":{"title":"Butanol (CAS 71-36-3) - MasterChem | kemikaalien tuotanto ja myynti","description":"Butanoler \u00e4r env\u00e4rda alkoholer med en kolkedja p\u00e5 fyra kolatomer. I allm\u00e4nhet kallas \u00e4ven andra alkoholer som inneh\u00e5ller fyra kolatomer butanoler.","robots":{"index":"index","follow":"follow","max-snippet":"max-snippet:-1","max-image-preview":"max-image-preview:large","max-video-preview":"max-video-preview:-1"},"canonical":"https:\/\/masterchem.fi\/sv\/produkt\/butanol-cas-71-36-3\/","og_locale":"sv_SE","og_type":"article","og_title":"Butanol (CAS 71-36-3) - MasterChem | kemikaalien tuotanto ja myynti","og_description":"Butanoler \u00e4r env\u00e4rda alkoholer med en kolkedja p\u00e5 fyra kolatomer. I allm\u00e4nhet kallas \u00e4ven andra alkoholer som inneh\u00e5ller fyra kolatomer butanoler.","og_url":"https:\/\/masterchem.fi\/sv\/produkt\/butanol-cas-71-36-3\/","og_site_name":"MasterChem | kemikaalien tuotanto ja myynti","article_modified_time":"2022-04-26T07:15:27+00:00","og_image":[{"width":1000,"height":1000,"url":"https:\/\/masterchem.fi\/wp-content\/uploads\/2020\/08\/Butanool-1000l-MaterChem.jpg","type":"image\/jpeg"}],"twitter_card":"summary_large_image","twitter_misc":{"Ber\u00e4knad l\u00e4stid":"1 minut"},"schema":{"@context":"https:\/\/schema.org","@graph":[{"@type":"WebPage","@id":"https:\/\/masterchem.fi\/sv\/produkt\/butanol-cas-71-36-3\/","url":"https:\/\/masterchem.fi\/sv\/produkt\/butanol-cas-71-36-3\/","name":"Butanol (CAS 71-36-3) - MasterChem | kemikaalien tuotanto ja myynti","isPartOf":{"@id":"https:\/\/masterchem.fi\/sv\/#website"},"primaryImageOfPage":{"@id":"https:\/\/masterchem.fi\/sv\/produkt\/butanol-cas-71-36-3\/#primaryimage"},"image":{"@id":"https:\/\/masterchem.fi\/sv\/produkt\/butanol-cas-71-36-3\/#primaryimage"},"thumbnailUrl":"https:\/\/masterchem.fi\/wp-content\/uploads\/2020\/08\/Butanool-1000l-MaterChem.jpg","datePublished":"2020-08-25T05:04:33+00:00","dateModified":"2022-04-26T07:15:27+00:00","description":"Butanoler \u00e4r env\u00e4rda alkoholer med en kolkedja p\u00e5 fyra kolatomer. I allm\u00e4nhet kallas \u00e4ven andra alkoholer som inneh\u00e5ller fyra kolatomer butanoler.","breadcrumb":{"@id":"https:\/\/masterchem.fi\/sv\/produkt\/butanol-cas-71-36-3\/#breadcrumb"},"inLanguage":"sv-SE","potentialAction":[{"@type":"ReadAction","target":["https:\/\/masterchem.fi\/sv\/produkt\/butanol-cas-71-36-3\/"]}]},{"@type":"ImageObject","inLanguage":"sv-SE","@id":"https:\/\/masterchem.fi\/sv\/produkt\/butanol-cas-71-36-3\/#primaryimage","url":"https:\/\/masterchem.fi\/wp-content\/uploads\/2020\/08\/Butanool-1000l-MaterChem.jpg","contentUrl":"https:\/\/masterchem.fi\/wp-content\/uploads\/2020\/08\/Butanool-1000l-MaterChem.jpg","width":1000,"height":1000,"caption":"Butanol 1000l MaterChem"},{"@type":"BreadcrumbList","@id":"https:\/\/masterchem.fi\/sv\/produkt\/butanol-cas-71-36-3\/#breadcrumb","itemListElement":[{"@type":"ListItem","position":1,"name":"Home","item":"https:\/\/masterchem.fi\/sv\/"},{"@type":"ListItem","position":2,"name":"Butik","item":"https:\/\/masterchem.fi\/sv\/butik\/"},{"@type":"ListItem","position":3,"name":"Butanol (CAS 71-36-3)"}]},{"@type":"WebSite","@id":"https:\/\/masterchem.fi\/sv\/#website","url":"https:\/\/masterchem.fi\/sv\/","name":"MasterChem | kemikaalien tuotanto ja myynti","description":"kemikaalien tuotanto ja myynti","potentialAction":[{"@type":"SearchAction","target":{"@type":"EntryPoint","urlTemplate":"https:\/\/masterchem.fi\/sv\/?s={search_term_string}"},"query-input":{"@type":"PropertyValueSpecification","valueRequired":true,"valueName":"search_term_string"}}],"inLanguage":"sv-SE"}]}},"_links":{"self":[{"href":"https:\/\/masterchem.fi\/sv\/wp-json\/wp\/v2\/product\/7175","targetHints":{"allow":["GET"]}}],"collection":[{"href":"https:\/\/masterchem.fi\/sv\/wp-json\/wp\/v2\/product"}],"about":[{"href":"https:\/\/masterchem.fi\/sv\/wp-json\/wp\/v2\/types\/product"}],"wp:featuredmedia":[{"embeddable":true,"href":"https:\/\/masterchem.fi\/sv\/wp-json\/wp\/v2\/media\/6902"}],"wp:attachment":[{"href":"https:\/\/masterchem.fi\/sv\/wp-json\/wp\/v2\/media?parent=7175"}],"wp:term":[{"taxonomy":"product_brand","embeddable":true,"href":"https:\/\/masterchem.fi\/sv\/wp-json\/wp\/v2\/product_brand?post=7175"},{"taxonomy":"product_cat","embeddable":true,"href":"https:\/\/masterchem.fi\/sv\/wp-json\/wp\/v2\/product_cat?post=7175"},{"taxonomy":"product_tag","embeddable":true,"href":"https:\/\/masterchem.fi\/sv\/wp-json\/wp\/v2\/product_tag?post=7175"}],"curies":[{"name":"wp","href":"https:\/\/api.w.org\/{rel}","templated":true}]}}