{"id":7184,"date":"2020-08-24T23:27:02","date_gmt":"2020-08-24T20:27:02","guid":{"rendered":"https:\/\/masterchem.fi\/product\/kaustiksoda\/"},"modified":"2022-04-26T10:12:17","modified_gmt":"2022-04-26T07:12:17","slug":"kaustiksoda-cas-1310-73-2","status":"publish","type":"product","link":"https:\/\/masterchem.fi\/sv\/produkt\/kaustiksoda-cas-1310-73-2\/","title":{"rendered":"Kaustiksoda (CAS 1310-73-2)"},"content":{"rendered":"<p> Natriumhydroxid \u00e4r en ren, genomskinlig, vit, vattenl\u00f6slig, luktfri fast substans. \u00c4mnet absorberar koldioxid och vatten fr\u00e5n luften. Vid rumstemperatur \u00e4r en 50% vattenl\u00f6sning av natriumhydroxid en v\u00e4tska, men mer koncentrerade vattenl\u00f6sningar \u00e4r antingen h\u00f6gvisk\u00f6sa v\u00e4tskor eller fasta \u00e4mnen. Natriumhydroxid och dess vattenl\u00f6sningar \u00e4r icke brandfarliga och uppr\u00e4tth\u00e5ller inte f\u00f6rbr\u00e4nning. <\/p>\n<p> Massa- och pappersindustrin anv\u00e4nder och genererar stora m\u00e4ngder natriumhydroxid. Natriumhydroxid anv\u00e4nds ocks\u00e5 f\u00f6r att isolera avlopp och golvavlopp fr\u00e5n fett, matrester och annat organiskt material, samt f\u00f6r att ta bort oljef\u00e4rg och f\u00f6r att reng\u00f6ra garage eller verkstadsgolv. <\/p>\n<p> <strong> Paket: <\/strong> <br \/>\n<strong> 25 kg v\u00e4ska <\/strong> <br \/>\n<strong> 1000 kg stor v\u00e4ska <\/strong> <\/p>\n<p> <strong> Fysikalisk-kemiska egenskaper: <\/strong> <br \/>\nkaustisk soda Masterchem \u00e4r en vit kristallin f\u00f6rening, kan vara som granuler eller flingor. <br \/>\nMycket l\u00f6sligt i vatten och sl\u00e4pper ut mycket v\u00e4rme. <br \/>\n<strong> Hygroskopisk. <\/strong> <br \/>\n<strong> Fryspunkt: 323 \u00b0 C <\/strong> <br \/>\n<strong> Kokpunkt: 1388 \u00b0 C <\/strong> <br \/>\n<strong> F\u00e4rg vit <\/strong> <br \/>\n<strong> Lukt: luktfri <\/strong> <\/p>\n","protected":false},"excerpt":{"rendered":"<p> Kaustisk soda (NaOH) anv\u00e4nds som en stark bas vid tillverkning av kemikalier och olika produkter som massa, textilier, dricksvatten, tv\u00e5l och reng\u00f6ringsmedel. <\/p>\n<p> <strong> Sprit, natriumhydroxid och natriumv\u00e4tska CAS 1310-73-2 <\/strong> <br \/>\nKaustisk l\u00e4sk \u00e4r den vanligaste alkalin, den kemiska formeln f\u00f6r NaOH. <br \/>\nlut \u00e4r en produkt av kemisk syntes, ett s\u00e5dant \u00e4mne finns inte i naturen. <br \/>\nL\u00f6sligheten av fetter och proteiner \u00e4r en viktig egenskap hos sodavatten som anv\u00e4nds inom industrin och \u00e4ven i hush\u00e5llsreng\u00f6ringsmedel. <br \/>\n<strong> EC 215-185-5 <\/strong> <br \/>\n<strong> INDEX 011-002-00-6 <\/strong> <\/p>\n","protected":false},"featured_media":6877,"template":"","meta":[],"product_brand":[],"product_cat":[113,114,115,116,103,105,106,109,112],"product_tag":[],"class_list":{"0":"post-7184","1":"product","2":"type-product","3":"status-publish","4":"has-post-thumbnail","6":"product_cat-vaggmalning","7":"product_cat-typografiska-kemikalier","8":"product_cat-industriella-kemikalier","9":"product_cat-alla-produkter","10":"product_cat-frostskydd","11":"product_cat-hushallskemikalier-sv","12":"product_cat-lakemedelsindustri","13":"product_cat-plast","14":"product_cat-byggbranschen","16":"first","17":"outofstock","18":"taxable","19":"shipping-taxable","20":"purchasable","21":"product-type-variable","22":"has-default-attributes","23":"rtwpvg-product"},"yoast_head":"<!-- This site is optimized with the Yoast SEO plugin v27.5 - https:\/\/yoast.com\/product\/yoast-seo-wordpress\/ -->\n<title>Kaustiksoda (CAS 1310-73-2) - MasterChem | kemikaalien tuotanto ja myynti<\/title>\n<meta name=\"description\" content=\"Kaustisk l\u00e4sk eller natriumhydroxid (NaOH) anv\u00e4nds som en stark bas vid tillverkning av kemikalier och olika produkter som massa, textilier, dricksvatten, tv\u00e5l och tv\u00e4ttmedel.\" \/>\n<meta name=\"robots\" content=\"index, follow, max-snippet:-1, max-image-preview:large, max-video-preview:-1\" \/>\n<link rel=\"canonical\" href=\"https:\/\/masterchem.fi\/sv\/produkt\/kaustiksoda-cas-1310-73-2\/\" \/>\n<meta property=\"og:locale\" content=\"sv_SE\" \/>\n<meta property=\"og:type\" content=\"article\" \/>\n<meta property=\"og:title\" content=\"Kaustiksoda (CAS 1310-73-2) - MasterChem | kemikaalien tuotanto ja myynti\" \/>\n<meta property=\"og:description\" content=\"Kaustisk l\u00e4sk eller natriumhydroxid (NaOH) anv\u00e4nds som en stark bas vid tillverkning av kemikalier och olika produkter som massa, textilier, dricksvatten, tv\u00e5l och tv\u00e4ttmedel.\" \/>\n<meta property=\"og:url\" content=\"https:\/\/masterchem.fi\/sv\/produkt\/kaustiksoda-cas-1310-73-2\/\" \/>\n<meta property=\"og:site_name\" content=\"MasterChem | kemikaalien tuotanto ja myynti\" \/>\n<meta property=\"article:modified_time\" content=\"2022-04-26T07:12:17+00:00\" \/>\n<meta property=\"og:image\" content=\"https:\/\/masterchem.fi\/wp-content\/uploads\/2020\/08\/Seebikivi-25kg-MasterChem.png\" \/>\n\t<meta property=\"og:image:width\" content=\"1000\" \/>\n\t<meta property=\"og:image:height\" content=\"1000\" \/>\n\t<meta property=\"og:image:type\" content=\"image\/png\" \/>\n<meta name=\"twitter:card\" content=\"summary_large_image\" \/>\n<meta name=\"twitter:label1\" content=\"Ber\u00e4knad l\u00e4stid\" \/>\n\t<meta name=\"twitter:data1\" content=\"1 minut\" \/>\n<script type=\"application\/ld+json\" class=\"yoast-schema-graph\">{\"@context\":\"https:\\\/\\\/schema.org\",\"@graph\":[{\"@type\":\"WebPage\",\"@id\":\"https:\\\/\\\/masterchem.fi\\\/sv\\\/produkt\\\/kaustiksoda-cas-1310-73-2\\\/\",\"url\":\"https:\\\/\\\/masterchem.fi\\\/sv\\\/produkt\\\/kaustiksoda-cas-1310-73-2\\\/\",\"name\":\"Kaustiksoda (CAS 1310-73-2) - MasterChem | kemikaalien tuotanto ja myynti\",\"isPartOf\":{\"@id\":\"https:\\\/\\\/masterchem.fi\\\/sv\\\/#website\"},\"primaryImageOfPage\":{\"@id\":\"https:\\\/\\\/masterchem.fi\\\/sv\\\/produkt\\\/kaustiksoda-cas-1310-73-2\\\/#primaryimage\"},\"image\":{\"@id\":\"https:\\\/\\\/masterchem.fi\\\/sv\\\/produkt\\\/kaustiksoda-cas-1310-73-2\\\/#primaryimage\"},\"thumbnailUrl\":\"https:\\\/\\\/masterchem.fi\\\/wp-content\\\/uploads\\\/2020\\\/08\\\/Seebikivi-25kg-MasterChem.png\",\"datePublished\":\"2020-08-24T20:27:02+00:00\",\"dateModified\":\"2022-04-26T07:12:17+00:00\",\"description\":\"Kaustisk l\u00e4sk eller natriumhydroxid (NaOH) anv\u00e4nds som en stark bas vid tillverkning av kemikalier och olika produkter som massa, textilier, dricksvatten, tv\u00e5l och tv\u00e4ttmedel.\",\"breadcrumb\":{\"@id\":\"https:\\\/\\\/masterchem.fi\\\/sv\\\/produkt\\\/kaustiksoda-cas-1310-73-2\\\/#breadcrumb\"},\"inLanguage\":\"sv-SE\",\"potentialAction\":[{\"@type\":\"ReadAction\",\"target\":[\"https:\\\/\\\/masterchem.fi\\\/sv\\\/produkt\\\/kaustiksoda-cas-1310-73-2\\\/\"]}]},{\"@type\":\"ImageObject\",\"inLanguage\":\"sv-SE\",\"@id\":\"https:\\\/\\\/masterchem.fi\\\/sv\\\/produkt\\\/kaustiksoda-cas-1310-73-2\\\/#primaryimage\",\"url\":\"https:\\\/\\\/masterchem.fi\\\/wp-content\\\/uploads\\\/2020\\\/08\\\/Seebikivi-25kg-MasterChem.png\",\"contentUrl\":\"https:\\\/\\\/masterchem.fi\\\/wp-content\\\/uploads\\\/2020\\\/08\\\/Seebikivi-25kg-MasterChem.png\",\"width\":1000,\"height\":1000,\"caption\":\"Sprit, natriumhydroxid och sodavatten CAS 1310-73-2\"},{\"@type\":\"BreadcrumbList\",\"@id\":\"https:\\\/\\\/masterchem.fi\\\/sv\\\/produkt\\\/kaustiksoda-cas-1310-73-2\\\/#breadcrumb\",\"itemListElement\":[{\"@type\":\"ListItem\",\"position\":1,\"name\":\"Home\",\"item\":\"https:\\\/\\\/masterchem.fi\\\/sv\\\/\"},{\"@type\":\"ListItem\",\"position\":2,\"name\":\"Butik\",\"item\":\"https:\\\/\\\/masterchem.fi\\\/sv\\\/butik\\\/\"},{\"@type\":\"ListItem\",\"position\":3,\"name\":\"Kaustiksoda (CAS 1310-73-2)\"}]},{\"@type\":\"WebSite\",\"@id\":\"https:\\\/\\\/masterchem.fi\\\/sv\\\/#website\",\"url\":\"https:\\\/\\\/masterchem.fi\\\/sv\\\/\",\"name\":\"MasterChem | kemikaalien tuotanto ja myynti\",\"description\":\"kemikaalien tuotanto ja myynti\",\"potentialAction\":[{\"@type\":\"SearchAction\",\"target\":{\"@type\":\"EntryPoint\",\"urlTemplate\":\"https:\\\/\\\/masterchem.fi\\\/sv\\\/?s={search_term_string}\"},\"query-input\":{\"@type\":\"PropertyValueSpecification\",\"valueRequired\":true,\"valueName\":\"search_term_string\"}}],\"inLanguage\":\"sv-SE\"}]}<\/script>\n<!-- \/ Yoast SEO plugin. -->","yoast_head_json":{"title":"Kaustiksoda (CAS 1310-73-2) - MasterChem | kemikaalien tuotanto ja myynti","description":"Kaustisk l\u00e4sk eller natriumhydroxid (NaOH) anv\u00e4nds som en stark bas vid tillverkning av kemikalier och olika produkter som massa, textilier, dricksvatten, tv\u00e5l och tv\u00e4ttmedel.","robots":{"index":"index","follow":"follow","max-snippet":"max-snippet:-1","max-image-preview":"max-image-preview:large","max-video-preview":"max-video-preview:-1"},"canonical":"https:\/\/masterchem.fi\/sv\/produkt\/kaustiksoda-cas-1310-73-2\/","og_locale":"sv_SE","og_type":"article","og_title":"Kaustiksoda (CAS 1310-73-2) - MasterChem | kemikaalien tuotanto ja myynti","og_description":"Kaustisk l\u00e4sk eller natriumhydroxid (NaOH) anv\u00e4nds som en stark bas vid tillverkning av kemikalier och olika produkter som massa, textilier, dricksvatten, tv\u00e5l och tv\u00e4ttmedel.","og_url":"https:\/\/masterchem.fi\/sv\/produkt\/kaustiksoda-cas-1310-73-2\/","og_site_name":"MasterChem | kemikaalien tuotanto ja myynti","article_modified_time":"2022-04-26T07:12:17+00:00","og_image":[{"width":1000,"height":1000,"url":"https:\/\/masterchem.fi\/wp-content\/uploads\/2020\/08\/Seebikivi-25kg-MasterChem.png","type":"image\/png"}],"twitter_card":"summary_large_image","twitter_misc":{"Ber\u00e4knad l\u00e4stid":"1 minut"},"schema":{"@context":"https:\/\/schema.org","@graph":[{"@type":"WebPage","@id":"https:\/\/masterchem.fi\/sv\/produkt\/kaustiksoda-cas-1310-73-2\/","url":"https:\/\/masterchem.fi\/sv\/produkt\/kaustiksoda-cas-1310-73-2\/","name":"Kaustiksoda (CAS 1310-73-2) - MasterChem | kemikaalien tuotanto ja myynti","isPartOf":{"@id":"https:\/\/masterchem.fi\/sv\/#website"},"primaryImageOfPage":{"@id":"https:\/\/masterchem.fi\/sv\/produkt\/kaustiksoda-cas-1310-73-2\/#primaryimage"},"image":{"@id":"https:\/\/masterchem.fi\/sv\/produkt\/kaustiksoda-cas-1310-73-2\/#primaryimage"},"thumbnailUrl":"https:\/\/masterchem.fi\/wp-content\/uploads\/2020\/08\/Seebikivi-25kg-MasterChem.png","datePublished":"2020-08-24T20:27:02+00:00","dateModified":"2022-04-26T07:12:17+00:00","description":"Kaustisk l\u00e4sk eller natriumhydroxid (NaOH) anv\u00e4nds som en stark bas vid tillverkning av kemikalier och olika produkter som massa, textilier, dricksvatten, tv\u00e5l och tv\u00e4ttmedel.","breadcrumb":{"@id":"https:\/\/masterchem.fi\/sv\/produkt\/kaustiksoda-cas-1310-73-2\/#breadcrumb"},"inLanguage":"sv-SE","potentialAction":[{"@type":"ReadAction","target":["https:\/\/masterchem.fi\/sv\/produkt\/kaustiksoda-cas-1310-73-2\/"]}]},{"@type":"ImageObject","inLanguage":"sv-SE","@id":"https:\/\/masterchem.fi\/sv\/produkt\/kaustiksoda-cas-1310-73-2\/#primaryimage","url":"https:\/\/masterchem.fi\/wp-content\/uploads\/2020\/08\/Seebikivi-25kg-MasterChem.png","contentUrl":"https:\/\/masterchem.fi\/wp-content\/uploads\/2020\/08\/Seebikivi-25kg-MasterChem.png","width":1000,"height":1000,"caption":"Sprit, natriumhydroxid och sodavatten CAS 1310-73-2"},{"@type":"BreadcrumbList","@id":"https:\/\/masterchem.fi\/sv\/produkt\/kaustiksoda-cas-1310-73-2\/#breadcrumb","itemListElement":[{"@type":"ListItem","position":1,"name":"Home","item":"https:\/\/masterchem.fi\/sv\/"},{"@type":"ListItem","position":2,"name":"Butik","item":"https:\/\/masterchem.fi\/sv\/butik\/"},{"@type":"ListItem","position":3,"name":"Kaustiksoda (CAS 1310-73-2)"}]},{"@type":"WebSite","@id":"https:\/\/masterchem.fi\/sv\/#website","url":"https:\/\/masterchem.fi\/sv\/","name":"MasterChem | kemikaalien tuotanto ja myynti","description":"kemikaalien tuotanto ja myynti","potentialAction":[{"@type":"SearchAction","target":{"@type":"EntryPoint","urlTemplate":"https:\/\/masterchem.fi\/sv\/?s={search_term_string}"},"query-input":{"@type":"PropertyValueSpecification","valueRequired":true,"valueName":"search_term_string"}}],"inLanguage":"sv-SE"}]}},"_links":{"self":[{"href":"https:\/\/masterchem.fi\/sv\/wp-json\/wp\/v2\/product\/7184","targetHints":{"allow":["GET"]}}],"collection":[{"href":"https:\/\/masterchem.fi\/sv\/wp-json\/wp\/v2\/product"}],"about":[{"href":"https:\/\/masterchem.fi\/sv\/wp-json\/wp\/v2\/types\/product"}],"wp:featuredmedia":[{"embeddable":true,"href":"https:\/\/masterchem.fi\/sv\/wp-json\/wp\/v2\/media\/6877"}],"wp:attachment":[{"href":"https:\/\/masterchem.fi\/sv\/wp-json\/wp\/v2\/media?parent=7184"}],"wp:term":[{"taxonomy":"product_brand","embeddable":true,"href":"https:\/\/masterchem.fi\/sv\/wp-json\/wp\/v2\/product_brand?post=7184"},{"taxonomy":"product_cat","embeddable":true,"href":"https:\/\/masterchem.fi\/sv\/wp-json\/wp\/v2\/product_cat?post=7184"},{"taxonomy":"product_tag","embeddable":true,"href":"https:\/\/masterchem.fi\/sv\/wp-json\/wp\/v2\/product_tag?post=7184"}],"curies":[{"name":"wp","href":"https:\/\/api.w.org\/{rel}","templated":true}]}}