{"id":7187,"date":"2020-08-23T11:06:04","date_gmt":"2020-08-23T08:06:04","guid":{"rendered":"https:\/\/masterchem.fi\/product\/etoxipropanol\/"},"modified":"2022-04-26T10:05:14","modified_gmt":"2022-04-26T07:05:14","slug":"etoxipropanol-cas-1569-02-4","status":"publish","type":"product","link":"https:\/\/masterchem.fi\/sv\/produkt\/etoxipropanol-cas-1569-02-4\/","title":{"rendered":"Etoxipropanol (CAS 1569-02-4)"},"content":{"rendered":"<p> \u00c4mnets namn: 1-etoxi-2-propanol <br \/>\nHandelsnamn: Etoxy Propanol <br \/>\nEG-nr: 216-374-5 <br \/>\nCAS-nr: 1569-02-4 <br \/>\nHS-kod: 29094980 <br \/>\nKH-produktkod: 100197 <br \/>\nFormel: C5H12O2 <br \/>\nDensitet (+ 20 \u00b0 c), kg \/ l 0,897 <br \/>\nKokpunkt 130 &#8211; 133 <br \/>\nFlampunkt, \u00b0 C n.40 <\/p>\n<p>Synonymer: 1-etoxipropan-2-ol \/ 2-propanol, 1-etoxi- \/ 2-propylenglykol-1-etyleter \/ alkoholer, t.ex. \/ alfa-propylenglykol-1-etyleter \/ ARCOSOLV PE \/ EP \/ etoxipropanol \/ glykoleter PE \/ napsol PE 1 \/ PGEE \/ propazoll\u00f6sningsmedel E \/ propylenglykoletyleter \/ propylenglykol monoetyleter) <\/p>\n","protected":false},"excerpt":{"rendered":"<p>Etoxipropanol (\u00e4ven k\u00e4nd som propylenglykoleter; Arcosolv PE; etylproxitol; och propylenglykolmonoetyleter) \u00e4r en klar v\u00e4tska med en karakteristisk eterisk lukt. Den har formeln C5H12O2 och \u00e4r blandbar med vatten, \u00e4r hygroskopisk och ger ocks\u00e5 god solvens f\u00f6r m\u00e5nga olika material, inklusive hartser, bl\u00e4ck och lim.<\/p>\n","protected":false},"featured_media":6858,"template":"","meta":[],"product_brand":[],"product_cat":[105,106,116],"product_tag":[],"class_list":{"0":"post-7187","1":"product","2":"type-product","3":"status-publish","4":"has-post-thumbnail","6":"product_cat-hushallskemikalier-sv","7":"product_cat-lakemedelsindustri","8":"product_cat-alla-produkter","10":"first","11":"outofstock","12":"taxable","13":"shipping-taxable","14":"purchasable","15":"product-type-variable","16":"has-default-attributes","17":"rtwpvg-product"},"yoast_head":"<!-- This site is optimized with the Yoast SEO plugin v27.5 - https:\/\/yoast.com\/product\/yoast-seo-wordpress\/ -->\n<title>Etoxipropanol (CAS 1569-02-4) - MasterChem | kemikaalien tuotanto ja myynti<\/title>\n<meta name=\"description\" content=\"Etoxipropanol (\u00e4ven k\u00e4nd som propylenglykoleter; Arcosolv PE; etylproxitol; och propylenglykolmonoetyleter) \u00e4r en klar v\u00e4tska med en karakteristisk eterisk lukt.\" \/>\n<meta name=\"robots\" content=\"index, follow, max-snippet:-1, max-image-preview:large, max-video-preview:-1\" \/>\n<link rel=\"canonical\" href=\"https:\/\/masterchem.fi\/sv\/produkt\/etoxipropanol-cas-1569-02-4\/\" \/>\n<meta property=\"og:locale\" content=\"sv_SE\" \/>\n<meta property=\"og:type\" content=\"article\" \/>\n<meta property=\"og:title\" content=\"Etoxipropanol (CAS 1569-02-4) - MasterChem | kemikaalien tuotanto ja myynti\" \/>\n<meta property=\"og:description\" content=\"Etoxipropanol (\u00e4ven k\u00e4nd som propylenglykoleter; Arcosolv PE; etylproxitol; och propylenglykolmonoetyleter) \u00e4r en klar v\u00e4tska med en karakteristisk eterisk lukt.\" \/>\n<meta property=\"og:url\" content=\"https:\/\/masterchem.fi\/sv\/produkt\/etoxipropanol-cas-1569-02-4\/\" \/>\n<meta property=\"og:site_name\" content=\"MasterChem | kemikaalien tuotanto ja myynti\" \/>\n<meta property=\"article:modified_time\" content=\"2022-04-26T07:05:14+00:00\" \/>\n<meta property=\"og:image\" content=\"https:\/\/masterchem.fi\/wp-content\/uploads\/2020\/08\/ETOKSUPROPANOOL-1000l-MasterChem.jpg\" \/>\n\t<meta property=\"og:image:width\" content=\"1000\" \/>\n\t<meta property=\"og:image:height\" content=\"1000\" \/>\n\t<meta property=\"og:image:type\" content=\"image\/jpeg\" \/>\n<meta name=\"twitter:card\" content=\"summary_large_image\" \/>\n<script type=\"application\/ld+json\" class=\"yoast-schema-graph\">{\"@context\":\"https:\\\/\\\/schema.org\",\"@graph\":[{\"@type\":\"WebPage\",\"@id\":\"https:\\\/\\\/masterchem.fi\\\/sv\\\/produkt\\\/etoxipropanol-cas-1569-02-4\\\/\",\"url\":\"https:\\\/\\\/masterchem.fi\\\/sv\\\/produkt\\\/etoxipropanol-cas-1569-02-4\\\/\",\"name\":\"Etoxipropanol (CAS 1569-02-4) - MasterChem | kemikaalien tuotanto ja myynti\",\"isPartOf\":{\"@id\":\"https:\\\/\\\/masterchem.fi\\\/sv\\\/#website\"},\"primaryImageOfPage\":{\"@id\":\"https:\\\/\\\/masterchem.fi\\\/sv\\\/produkt\\\/etoxipropanol-cas-1569-02-4\\\/#primaryimage\"},\"image\":{\"@id\":\"https:\\\/\\\/masterchem.fi\\\/sv\\\/produkt\\\/etoxipropanol-cas-1569-02-4\\\/#primaryimage\"},\"thumbnailUrl\":\"https:\\\/\\\/masterchem.fi\\\/wp-content\\\/uploads\\\/2020\\\/08\\\/ETOKSUPROPANOOL-1000l-MasterChem.jpg\",\"datePublished\":\"2020-08-23T08:06:04+00:00\",\"dateModified\":\"2022-04-26T07:05:14+00:00\",\"description\":\"Etoxipropanol (\u00e4ven k\u00e4nd som propylenglykoleter; Arcosolv PE; etylproxitol; och propylenglykolmonoetyleter) \u00e4r en klar v\u00e4tska med en karakteristisk eterisk lukt.\",\"breadcrumb\":{\"@id\":\"https:\\\/\\\/masterchem.fi\\\/sv\\\/produkt\\\/etoxipropanol-cas-1569-02-4\\\/#breadcrumb\"},\"inLanguage\":\"sv-SE\",\"potentialAction\":[{\"@type\":\"ReadAction\",\"target\":[\"https:\\\/\\\/masterchem.fi\\\/sv\\\/produkt\\\/etoxipropanol-cas-1569-02-4\\\/\"]}]},{\"@type\":\"ImageObject\",\"inLanguage\":\"sv-SE\",\"@id\":\"https:\\\/\\\/masterchem.fi\\\/sv\\\/produkt\\\/etoxipropanol-cas-1569-02-4\\\/#primaryimage\",\"url\":\"https:\\\/\\\/masterchem.fi\\\/wp-content\\\/uploads\\\/2020\\\/08\\\/ETOKSUPROPANOOL-1000l-MasterChem.jpg\",\"contentUrl\":\"https:\\\/\\\/masterchem.fi\\\/wp-content\\\/uploads\\\/2020\\\/08\\\/ETOKSUPROPANOOL-1000l-MasterChem.jpg\",\"width\":1000,\"height\":1000,\"caption\":\"Etoxipropanol 1000l MasterChem\"},{\"@type\":\"BreadcrumbList\",\"@id\":\"https:\\\/\\\/masterchem.fi\\\/sv\\\/produkt\\\/etoxipropanol-cas-1569-02-4\\\/#breadcrumb\",\"itemListElement\":[{\"@type\":\"ListItem\",\"position\":1,\"name\":\"Home\",\"item\":\"https:\\\/\\\/masterchem.fi\\\/sv\\\/\"},{\"@type\":\"ListItem\",\"position\":2,\"name\":\"Butik\",\"item\":\"https:\\\/\\\/masterchem.fi\\\/sv\\\/butik\\\/\"},{\"@type\":\"ListItem\",\"position\":3,\"name\":\"Etoxipropanol (CAS 1569-02-4)\"}]},{\"@type\":\"WebSite\",\"@id\":\"https:\\\/\\\/masterchem.fi\\\/sv\\\/#website\",\"url\":\"https:\\\/\\\/masterchem.fi\\\/sv\\\/\",\"name\":\"MasterChem | kemikaalien tuotanto ja myynti\",\"description\":\"kemikaalien tuotanto ja myynti\",\"potentialAction\":[{\"@type\":\"SearchAction\",\"target\":{\"@type\":\"EntryPoint\",\"urlTemplate\":\"https:\\\/\\\/masterchem.fi\\\/sv\\\/?s={search_term_string}\"},\"query-input\":{\"@type\":\"PropertyValueSpecification\",\"valueRequired\":true,\"valueName\":\"search_term_string\"}}],\"inLanguage\":\"sv-SE\"}]}<\/script>\n<!-- \/ Yoast SEO plugin. -->","yoast_head_json":{"title":"Etoxipropanol (CAS 1569-02-4) - MasterChem | kemikaalien tuotanto ja myynti","description":"Etoxipropanol (\u00e4ven k\u00e4nd som propylenglykoleter; Arcosolv PE; etylproxitol; och propylenglykolmonoetyleter) \u00e4r en klar v\u00e4tska med en karakteristisk eterisk lukt.","robots":{"index":"index","follow":"follow","max-snippet":"max-snippet:-1","max-image-preview":"max-image-preview:large","max-video-preview":"max-video-preview:-1"},"canonical":"https:\/\/masterchem.fi\/sv\/produkt\/etoxipropanol-cas-1569-02-4\/","og_locale":"sv_SE","og_type":"article","og_title":"Etoxipropanol (CAS 1569-02-4) - MasterChem | kemikaalien tuotanto ja myynti","og_description":"Etoxipropanol (\u00e4ven k\u00e4nd som propylenglykoleter; Arcosolv PE; etylproxitol; och propylenglykolmonoetyleter) \u00e4r en klar v\u00e4tska med en karakteristisk eterisk lukt.","og_url":"https:\/\/masterchem.fi\/sv\/produkt\/etoxipropanol-cas-1569-02-4\/","og_site_name":"MasterChem | kemikaalien tuotanto ja myynti","article_modified_time":"2022-04-26T07:05:14+00:00","og_image":[{"width":1000,"height":1000,"url":"https:\/\/masterchem.fi\/wp-content\/uploads\/2020\/08\/ETOKSUPROPANOOL-1000l-MasterChem.jpg","type":"image\/jpeg"}],"twitter_card":"summary_large_image","schema":{"@context":"https:\/\/schema.org","@graph":[{"@type":"WebPage","@id":"https:\/\/masterchem.fi\/sv\/produkt\/etoxipropanol-cas-1569-02-4\/","url":"https:\/\/masterchem.fi\/sv\/produkt\/etoxipropanol-cas-1569-02-4\/","name":"Etoxipropanol (CAS 1569-02-4) - MasterChem | kemikaalien tuotanto ja myynti","isPartOf":{"@id":"https:\/\/masterchem.fi\/sv\/#website"},"primaryImageOfPage":{"@id":"https:\/\/masterchem.fi\/sv\/produkt\/etoxipropanol-cas-1569-02-4\/#primaryimage"},"image":{"@id":"https:\/\/masterchem.fi\/sv\/produkt\/etoxipropanol-cas-1569-02-4\/#primaryimage"},"thumbnailUrl":"https:\/\/masterchem.fi\/wp-content\/uploads\/2020\/08\/ETOKSUPROPANOOL-1000l-MasterChem.jpg","datePublished":"2020-08-23T08:06:04+00:00","dateModified":"2022-04-26T07:05:14+00:00","description":"Etoxipropanol (\u00e4ven k\u00e4nd som propylenglykoleter; Arcosolv PE; etylproxitol; och propylenglykolmonoetyleter) \u00e4r en klar v\u00e4tska med en karakteristisk eterisk lukt.","breadcrumb":{"@id":"https:\/\/masterchem.fi\/sv\/produkt\/etoxipropanol-cas-1569-02-4\/#breadcrumb"},"inLanguage":"sv-SE","potentialAction":[{"@type":"ReadAction","target":["https:\/\/masterchem.fi\/sv\/produkt\/etoxipropanol-cas-1569-02-4\/"]}]},{"@type":"ImageObject","inLanguage":"sv-SE","@id":"https:\/\/masterchem.fi\/sv\/produkt\/etoxipropanol-cas-1569-02-4\/#primaryimage","url":"https:\/\/masterchem.fi\/wp-content\/uploads\/2020\/08\/ETOKSUPROPANOOL-1000l-MasterChem.jpg","contentUrl":"https:\/\/masterchem.fi\/wp-content\/uploads\/2020\/08\/ETOKSUPROPANOOL-1000l-MasterChem.jpg","width":1000,"height":1000,"caption":"Etoxipropanol 1000l MasterChem"},{"@type":"BreadcrumbList","@id":"https:\/\/masterchem.fi\/sv\/produkt\/etoxipropanol-cas-1569-02-4\/#breadcrumb","itemListElement":[{"@type":"ListItem","position":1,"name":"Home","item":"https:\/\/masterchem.fi\/sv\/"},{"@type":"ListItem","position":2,"name":"Butik","item":"https:\/\/masterchem.fi\/sv\/butik\/"},{"@type":"ListItem","position":3,"name":"Etoxipropanol (CAS 1569-02-4)"}]},{"@type":"WebSite","@id":"https:\/\/masterchem.fi\/sv\/#website","url":"https:\/\/masterchem.fi\/sv\/","name":"MasterChem | kemikaalien tuotanto ja myynti","description":"kemikaalien tuotanto ja myynti","potentialAction":[{"@type":"SearchAction","target":{"@type":"EntryPoint","urlTemplate":"https:\/\/masterchem.fi\/sv\/?s={search_term_string}"},"query-input":{"@type":"PropertyValueSpecification","valueRequired":true,"valueName":"search_term_string"}}],"inLanguage":"sv-SE"}]}},"_links":{"self":[{"href":"https:\/\/masterchem.fi\/sv\/wp-json\/wp\/v2\/product\/7187","targetHints":{"allow":["GET"]}}],"collection":[{"href":"https:\/\/masterchem.fi\/sv\/wp-json\/wp\/v2\/product"}],"about":[{"href":"https:\/\/masterchem.fi\/sv\/wp-json\/wp\/v2\/types\/product"}],"wp:featuredmedia":[{"embeddable":true,"href":"https:\/\/masterchem.fi\/sv\/wp-json\/wp\/v2\/media\/6858"}],"wp:attachment":[{"href":"https:\/\/masterchem.fi\/sv\/wp-json\/wp\/v2\/media?parent=7187"}],"wp:term":[{"taxonomy":"product_brand","embeddable":true,"href":"https:\/\/masterchem.fi\/sv\/wp-json\/wp\/v2\/product_brand?post=7187"},{"taxonomy":"product_cat","embeddable":true,"href":"https:\/\/masterchem.fi\/sv\/wp-json\/wp\/v2\/product_cat?post=7187"},{"taxonomy":"product_tag","embeddable":true,"href":"https:\/\/masterchem.fi\/sv\/wp-json\/wp\/v2\/product_tag?post=7187"}],"curies":[{"name":"wp","href":"https:\/\/api.w.org\/{rel}","templated":true}]}}