{"id":7197,"date":"2020-08-23T10:08:46","date_gmt":"2020-08-23T07:08:46","guid":{"rendered":"https:\/\/masterchem.fi\/product\/bensylalkohol\/"},"modified":"2022-04-26T10:01:51","modified_gmt":"2022-04-26T07:01:51","slug":"bensylalkohol-cas-100-51-6","status":"publish","type":"product","link":"https:\/\/masterchem.fi\/sv\/produkt\/bensylalkohol-cas-100-51-6\/","title":{"rendered":"Bensylalkohol (CAS 100-51-6)"},"content":{"rendered":"<p> Information om grundl\u00e4ggande fysikaliska och kemiska egenskaper <\/p>\n<p> <strong> Utseende <\/strong> <br \/>\nFysiskt tillst\u00e5nd: flytande (flytande) <br \/>\nF\u00e4rg: klar &#8211; f\u00e4rgl\u00f6s <br \/>\nLukt: karakteristisk <br \/>\nLukttr\u00f6skel: Inga data tillg\u00e4ngliga <\/p>\n<p> <strong> Andra fysiska och kemiska indikatorer <\/strong> <br \/>\npH: Denna information \u00e4r inte tillg\u00e4nglig. <br \/>\nSm\u00e4lt- eller fryspunkt: -15,4 \u00b0 C <br \/>\nKokpunkt och kokpunktsintervall: 205,3 \u00b0 C vid 1 013 hPa <br \/>\nFlampunkt: 100,4 \u00b0 C <br \/>\nAvdunstningshastighet: inga data tillg\u00e4ngliga <br \/>\nAnt\u00e4ndlighet (fast, gas): inte relevant (flytande) <\/p>\n<p> <strong> Explosionsgr\u00e4nser <\/strong> <br \/>\n\u2022 l\u00e4gre explosionsgr\u00e4ns (LEL): 1,3 vol% <br \/>\n\u2022 \u00f6vre explosionsgr\u00e4ns (UEL): 13 vol%% <br \/>\nExplosionsgr\u00e4nser f\u00f6r dammmoln: inte relevant <br \/>\n\u00c5ngtryck: 7 Pa vid 20 \u00b0 C <br \/>\nDensitet: 1,041 g \/ cm\u00b3 vid 24 \u00b0 C <br \/>\n\u00c5ngdensitet: 3,72 (luft = 1) <br \/>\nBulkdensitet: Ej till\u00e4mpligt <br \/>\nRelativ densitet: Ingen data tillg\u00e4nglig f\u00f6r den h\u00e4r egenskapen. <br \/>\nVattenl\u00f6slighet: 40 g \/ l vid 20 \u00b0 C <br \/>\nF\u00f6rdelningskoefficient: n-oktanol \/ vatten (log KOW) 1 (20 \u00b0 C) (ECHA) <br \/>\nJord organiskt kol \/ vatten (log KOC): 1.332 (ECHA) <br \/>\nSj\u00e4lvant\u00e4ndningstemperatur: 436 \u00b0 C &#8211; ECHA <br \/>\nS\u00f6nderfallstemperatur: inga data tillg\u00e4ngliga <\/p>\n<p> <strong> Annan information <\/strong> <br \/>\nYtsp\u00e4nning: 39 mN \/ m (20 \u00b0 C) <br \/>\nTemperaturklass (EU, enligt ATEX-direktivet): T2 (Utrustningens maximalt till\u00e5tna yttemperatur: 300 <br \/>\n\u00b0 C) <\/p>\n","protected":false},"excerpt":{"rendered":"<p> Bensylalkohol, eller fenylmetanol, \u00e4r en aromatisk alkohol som anv\u00e4nds i sm\u00e5 m\u00e4ngder som doft i deodoranter. Det \u00e4r ocks\u00e5 ett viktigt l\u00f6sningsmedel i exempelvis f\u00e4rgborttagare. Kemiskt har den en bensenring med en metanolkedja f\u00e4st. <\/p>\n<p>Substansens molekyl\u00e4ra sammans\u00e4ttning \u00e4r C7H7OH, strukturformel C6H5CH2OH, CAS-nummer 100-51-6 och molekylvikt 108,13 g \/ mol. Vid rumstemperatur \u00e4r det en v\u00e4tska med en densitet av 1045 kg \/ m3, en sm\u00e4ltpunkt av -15 \u00b0 C, en avdunstningstemperatur av 205 \u00b0 C, en flampunkt av 93 \u00b0 C c.c. och sj\u00e4lvant\u00e4ndningstemperatur 436 \u00b0 C. Bensylalkohol kallas ocks\u00e5 bensenmetanol, fenylkarbinol, alfa-hydroxytoluen, bensoylalkohol och fenylmetanol. <\/p>\n<p> Bensylalkohol anv\u00e4nds inom industrin som l\u00f6sningsmedel och vid beredning av estrar f\u00f6r parfymering. Bensylalkohol \u00e4r ocks\u00e5 godk\u00e4nt i EU som livsmedelstillsats. Dess funktion \u00e4r att fungera som b\u00e4rare i konfektyr, bakverk och drycker. E-koden f\u00f6r bensylalkohol \u00e4r E 1519] <\/p>\n","protected":false},"featured_media":6833,"template":"","meta":[],"product_brand":[],"product_cat":[106,116,105],"product_tag":[],"class_list":{"0":"post-7197","1":"product","2":"type-product","3":"status-publish","4":"has-post-thumbnail","6":"product_cat-lakemedelsindustri","7":"product_cat-alla-produkter","8":"product_cat-hushallskemikalier-sv","10":"first","11":"instock","12":"taxable","13":"shipping-taxable","14":"purchasable","15":"product-type-variable","16":"has-default-attributes","17":"rtwpvg-product"},"yoast_head":"<!-- This site is optimized with the Yoast SEO plugin v27.2 - https:\/\/yoast.com\/product\/yoast-seo-wordpress\/ -->\n<title>Bensylalkohol (CAS 100-51-6) - MasterChem | kemikaalien tuotanto ja myynti<\/title>\n<meta name=\"description\" content=\"Bensylalkohol, eller fenylmetanol, \u00e4r en aromatisk alkohol som anv\u00e4nds i sm\u00e5 m\u00e4ngder som doft i deodoranter. Det \u00e4r ocks\u00e5 ett viktigt l\u00f6sningsmedel i exempelvis f\u00e4rgborttagare.\" \/>\n<meta name=\"robots\" content=\"index, follow, max-snippet:-1, max-image-preview:large, max-video-preview:-1\" \/>\n<link rel=\"canonical\" href=\"https:\/\/masterchem.fi\/sv\/produkt\/bensylalkohol-cas-100-51-6\/\" \/>\n<meta property=\"og:locale\" content=\"sv_SE\" \/>\n<meta property=\"og:type\" content=\"article\" \/>\n<meta property=\"og:title\" content=\"Bensylalkohol (CAS 100-51-6) - MasterChem | kemikaalien tuotanto ja myynti\" \/>\n<meta property=\"og:description\" content=\"Bensylalkohol, eller fenylmetanol, \u00e4r en aromatisk alkohol som anv\u00e4nds i sm\u00e5 m\u00e4ngder som doft i deodoranter. Det \u00e4r ocks\u00e5 ett viktigt l\u00f6sningsmedel i exempelvis f\u00e4rgborttagare.\" \/>\n<meta property=\"og:url\" content=\"https:\/\/masterchem.fi\/sv\/produkt\/bensylalkohol-cas-100-51-6\/\" \/>\n<meta property=\"og:site_name\" content=\"MasterChem | kemikaalien tuotanto ja myynti\" \/>\n<meta property=\"article:modified_time\" content=\"2022-04-26T07:01:51+00:00\" \/>\n<meta property=\"og:image\" content=\"https:\/\/masterchem.fi\/wp-content\/uploads\/2020\/08\/Bensuulalkohol-1000l-MasterChem.jpg\" \/>\n\t<meta property=\"og:image:width\" content=\"1000\" \/>\n\t<meta property=\"og:image:height\" content=\"1000\" \/>\n\t<meta property=\"og:image:type\" content=\"image\/jpeg\" \/>\n<meta name=\"twitter:card\" content=\"summary_large_image\" \/>\n<meta name=\"twitter:label1\" content=\"Ber\u00e4knad l\u00e4stid\" \/>\n\t<meta name=\"twitter:data1\" content=\"1 minut\" \/>\n<script type=\"application\/ld+json\" class=\"yoast-schema-graph\">{\"@context\":\"https:\/\/schema.org\",\"@graph\":[{\"@type\":\"WebPage\",\"@id\":\"https:\/\/masterchem.fi\/sv\/produkt\/bensylalkohol-cas-100-51-6\/\",\"url\":\"https:\/\/masterchem.fi\/sv\/produkt\/bensylalkohol-cas-100-51-6\/\",\"name\":\"Bensylalkohol (CAS 100-51-6) - MasterChem | kemikaalien tuotanto ja myynti\",\"isPartOf\":{\"@id\":\"https:\/\/masterchem.fi\/sv\/#website\"},\"primaryImageOfPage\":{\"@id\":\"https:\/\/masterchem.fi\/sv\/produkt\/bensylalkohol-cas-100-51-6\/#primaryimage\"},\"image\":{\"@id\":\"https:\/\/masterchem.fi\/sv\/produkt\/bensylalkohol-cas-100-51-6\/#primaryimage\"},\"thumbnailUrl\":\"https:\/\/masterchem.fi\/wp-content\/uploads\/2020\/08\/Bensuulalkohol-1000l-MasterChem.jpg\",\"datePublished\":\"2020-08-23T07:08:46+00:00\",\"dateModified\":\"2022-04-26T07:01:51+00:00\",\"description\":\"Bensylalkohol, eller fenylmetanol, \u00e4r en aromatisk alkohol som anv\u00e4nds i sm\u00e5 m\u00e4ngder som doft i deodoranter. Det \u00e4r ocks\u00e5 ett viktigt l\u00f6sningsmedel i exempelvis f\u00e4rgborttagare.\",\"breadcrumb\":{\"@id\":\"https:\/\/masterchem.fi\/sv\/produkt\/bensylalkohol-cas-100-51-6\/#breadcrumb\"},\"inLanguage\":\"sv-SE\",\"potentialAction\":[{\"@type\":\"ReadAction\",\"target\":[\"https:\/\/masterchem.fi\/sv\/produkt\/bensylalkohol-cas-100-51-6\/\"]}]},{\"@type\":\"ImageObject\",\"inLanguage\":\"sv-SE\",\"@id\":\"https:\/\/masterchem.fi\/sv\/produkt\/bensylalkohol-cas-100-51-6\/#primaryimage\",\"url\":\"https:\/\/masterchem.fi\/wp-content\/uploads\/2020\/08\/Bensuulalkohol-1000l-MasterChem.jpg\",\"contentUrl\":\"https:\/\/masterchem.fi\/wp-content\/uploads\/2020\/08\/Bensuulalkohol-1000l-MasterChem.jpg\",\"width\":1000,\"height\":1000,\"caption\":\"Bensylalkohol 1000l MasterChem\"},{\"@type\":\"BreadcrumbList\",\"@id\":\"https:\/\/masterchem.fi\/sv\/produkt\/bensylalkohol-cas-100-51-6\/#breadcrumb\",\"itemListElement\":[{\"@type\":\"ListItem\",\"position\":1,\"name\":\"Home\",\"item\":\"https:\/\/masterchem.fi\/sv\/\"},{\"@type\":\"ListItem\",\"position\":2,\"name\":\"Butik\",\"item\":\"https:\/\/masterchem.fi\/sv\/butik\/\"},{\"@type\":\"ListItem\",\"position\":3,\"name\":\"Bensylalkohol (CAS 100-51-6)\"}]},{\"@type\":\"WebSite\",\"@id\":\"https:\/\/masterchem.fi\/sv\/#website\",\"url\":\"https:\/\/masterchem.fi\/sv\/\",\"name\":\"MasterChem | kemikaalien tuotanto ja myynti\",\"description\":\"kemikaalien tuotanto ja myynti\",\"potentialAction\":[{\"@type\":\"SearchAction\",\"target\":{\"@type\":\"EntryPoint\",\"urlTemplate\":\"https:\/\/masterchem.fi\/sv\/?s={search_term_string}\"},\"query-input\":{\"@type\":\"PropertyValueSpecification\",\"valueRequired\":true,\"valueName\":\"search_term_string\"}}],\"inLanguage\":\"sv-SE\"}]}<\/script>\n<!-- \/ Yoast SEO plugin. -->","yoast_head_json":{"title":"Bensylalkohol (CAS 100-51-6) - MasterChem | kemikaalien tuotanto ja myynti","description":"Bensylalkohol, eller fenylmetanol, \u00e4r en aromatisk alkohol som anv\u00e4nds i sm\u00e5 m\u00e4ngder som doft i deodoranter. Det \u00e4r ocks\u00e5 ett viktigt l\u00f6sningsmedel i exempelvis f\u00e4rgborttagare.","robots":{"index":"index","follow":"follow","max-snippet":"max-snippet:-1","max-image-preview":"max-image-preview:large","max-video-preview":"max-video-preview:-1"},"canonical":"https:\/\/masterchem.fi\/sv\/produkt\/bensylalkohol-cas-100-51-6\/","og_locale":"sv_SE","og_type":"article","og_title":"Bensylalkohol (CAS 100-51-6) - MasterChem | kemikaalien tuotanto ja myynti","og_description":"Bensylalkohol, eller fenylmetanol, \u00e4r en aromatisk alkohol som anv\u00e4nds i sm\u00e5 m\u00e4ngder som doft i deodoranter. Det \u00e4r ocks\u00e5 ett viktigt l\u00f6sningsmedel i exempelvis f\u00e4rgborttagare.","og_url":"https:\/\/masterchem.fi\/sv\/produkt\/bensylalkohol-cas-100-51-6\/","og_site_name":"MasterChem | kemikaalien tuotanto ja myynti","article_modified_time":"2022-04-26T07:01:51+00:00","og_image":[{"width":1000,"height":1000,"url":"https:\/\/masterchem.fi\/wp-content\/uploads\/2020\/08\/Bensuulalkohol-1000l-MasterChem.jpg","type":"image\/jpeg"}],"twitter_card":"summary_large_image","twitter_misc":{"Ber\u00e4knad l\u00e4stid":"1 minut"},"schema":{"@context":"https:\/\/schema.org","@graph":[{"@type":"WebPage","@id":"https:\/\/masterchem.fi\/sv\/produkt\/bensylalkohol-cas-100-51-6\/","url":"https:\/\/masterchem.fi\/sv\/produkt\/bensylalkohol-cas-100-51-6\/","name":"Bensylalkohol (CAS 100-51-6) - MasterChem | kemikaalien tuotanto ja myynti","isPartOf":{"@id":"https:\/\/masterchem.fi\/sv\/#website"},"primaryImageOfPage":{"@id":"https:\/\/masterchem.fi\/sv\/produkt\/bensylalkohol-cas-100-51-6\/#primaryimage"},"image":{"@id":"https:\/\/masterchem.fi\/sv\/produkt\/bensylalkohol-cas-100-51-6\/#primaryimage"},"thumbnailUrl":"https:\/\/masterchem.fi\/wp-content\/uploads\/2020\/08\/Bensuulalkohol-1000l-MasterChem.jpg","datePublished":"2020-08-23T07:08:46+00:00","dateModified":"2022-04-26T07:01:51+00:00","description":"Bensylalkohol, eller fenylmetanol, \u00e4r en aromatisk alkohol som anv\u00e4nds i sm\u00e5 m\u00e4ngder som doft i deodoranter. Det \u00e4r ocks\u00e5 ett viktigt l\u00f6sningsmedel i exempelvis f\u00e4rgborttagare.","breadcrumb":{"@id":"https:\/\/masterchem.fi\/sv\/produkt\/bensylalkohol-cas-100-51-6\/#breadcrumb"},"inLanguage":"sv-SE","potentialAction":[{"@type":"ReadAction","target":["https:\/\/masterchem.fi\/sv\/produkt\/bensylalkohol-cas-100-51-6\/"]}]},{"@type":"ImageObject","inLanguage":"sv-SE","@id":"https:\/\/masterchem.fi\/sv\/produkt\/bensylalkohol-cas-100-51-6\/#primaryimage","url":"https:\/\/masterchem.fi\/wp-content\/uploads\/2020\/08\/Bensuulalkohol-1000l-MasterChem.jpg","contentUrl":"https:\/\/masterchem.fi\/wp-content\/uploads\/2020\/08\/Bensuulalkohol-1000l-MasterChem.jpg","width":1000,"height":1000,"caption":"Bensylalkohol 1000l MasterChem"},{"@type":"BreadcrumbList","@id":"https:\/\/masterchem.fi\/sv\/produkt\/bensylalkohol-cas-100-51-6\/#breadcrumb","itemListElement":[{"@type":"ListItem","position":1,"name":"Home","item":"https:\/\/masterchem.fi\/sv\/"},{"@type":"ListItem","position":2,"name":"Butik","item":"https:\/\/masterchem.fi\/sv\/butik\/"},{"@type":"ListItem","position":3,"name":"Bensylalkohol (CAS 100-51-6)"}]},{"@type":"WebSite","@id":"https:\/\/masterchem.fi\/sv\/#website","url":"https:\/\/masterchem.fi\/sv\/","name":"MasterChem | kemikaalien tuotanto ja myynti","description":"kemikaalien tuotanto ja myynti","potentialAction":[{"@type":"SearchAction","target":{"@type":"EntryPoint","urlTemplate":"https:\/\/masterchem.fi\/sv\/?s={search_term_string}"},"query-input":{"@type":"PropertyValueSpecification","valueRequired":true,"valueName":"search_term_string"}}],"inLanguage":"sv-SE"}]}},"_links":{"self":[{"href":"https:\/\/masterchem.fi\/sv\/wp-json\/wp\/v2\/product\/7197","targetHints":{"allow":["GET"]}}],"collection":[{"href":"https:\/\/masterchem.fi\/sv\/wp-json\/wp\/v2\/product"}],"about":[{"href":"https:\/\/masterchem.fi\/sv\/wp-json\/wp\/v2\/types\/product"}],"wp:featuredmedia":[{"embeddable":true,"href":"https:\/\/masterchem.fi\/sv\/wp-json\/wp\/v2\/media\/6833"}],"wp:attachment":[{"href":"https:\/\/masterchem.fi\/sv\/wp-json\/wp\/v2\/media?parent=7197"}],"wp:term":[{"taxonomy":"product_brand","embeddable":true,"href":"https:\/\/masterchem.fi\/sv\/wp-json\/wp\/v2\/product_brand?post=7197"},{"taxonomy":"product_cat","embeddable":true,"href":"https:\/\/masterchem.fi\/sv\/wp-json\/wp\/v2\/product_cat?post=7197"},{"taxonomy":"product_tag","embeddable":true,"href":"https:\/\/masterchem.fi\/sv\/wp-json\/wp\/v2\/product_tag?post=7197"}],"curies":[{"name":"wp","href":"https:\/\/api.w.org\/{rel}","templated":true}]}}