{"id":7206,"date":"2020-08-20T17:08:33","date_gmt":"2020-08-20T14:08:33","guid":{"rendered":"https:\/\/masterchem.fi\/product\/trummanuell-overforing-av-pumpen-till-ett-dieseloljelosningsmedel-i-stal\/"},"modified":"2020-08-20T17:08:33","modified_gmt":"2020-08-20T14:08:33","slug":"trummanuell-overforing-av-pumpen-till-ett-dieseloljelosningsmedel-i-stal","status":"publish","type":"product","link":"https:\/\/masterchem.fi\/sv\/produkt\/trummanuell-overforing-av-pumpen-till-ett-dieseloljelosningsmedel-i-stal\/","title":{"rendered":"Trummanuell \u00f6verf\u00f6ring av pumpen till ett dieseloljel\u00f6sningsmedel i st\u00e5l"},"content":{"rendered":"<p> Funktioner: <br \/>\n1. Denna pump \u00e4r utformad f\u00f6r dosering och \u00f6verf\u00f6ring av v\u00e4tskor och hj\u00e4lper dig att pumpa oljor, dieslar snabbt och enkelt. <br \/>\n2. H\u00f6gkvalitativ pump ger utm\u00e4rkt v\u00e4tskekompatibilitet och \u00e4r idealisk f\u00f6r pumpning av diesel, fotogen, motorolja, hydraulolja och andra fr\u00e4tande v\u00e4tskor. <br \/>\n3. Sj\u00e4lvjusterande teleskopiskt sugr\u00f6r f\u00f6r flexibel dosering och anv\u00e4ndning. <br \/>\n4. Du kan h\u00e5lla det vadderade handtaget enkelt, halks\u00e4kert f\u00f6r pumpning, det \u00e4r en riktigt humaniserad design. <br \/>\n5. Avtagbart munstycke passar l\u00e4tt in i slangen och \u00e4r flexibelt f\u00f6r enkel anv\u00e4ndning. <\/p>\n<p> Specifikationer: <br \/>\nMaterial: Gjutj\u00e4rn <br \/>\nHuvudf\u00e4rger: Silver <br \/>\nFl\u00f6de: 20L \/ min <br \/>\nInloppsdiameter: 3,4 cm \/ 1,34 &#8221; <br \/>\nUtv\u00e4ndig diameter: 2 cm \/ 0,79 &#8221; <br \/>\nPumph\u00f6jd: 78 cm \/ 30,7 &#8221; <br \/>\nTeleskopiskt sugr\u00f6r: 460-915mm justerbart <br \/>\nYtbehandling: f\u00f6rkromad <br \/>\nF\u00f6rpackningsvikt: 2400 g <\/p>\n<p> Applicera: L\u00e4mplig f\u00f6r pumpning av dieselolja, fotogen, v\u00e4xell\u00e5dsolja, motorolja, hydraulolja och m\u00e5nga andra fr\u00e4tande v\u00e4tskor. <\/p>\n","protected":false},"excerpt":{"rendered":"<p> 20L \/ min Spakfunktion Trumpump Dieselolje\u00f6verf\u00f6ring Manuell vakuumverktyg <br \/>\nBeskrivning: <\/p>\n<p> Den h\u00e4r h\u00e4vst\u00e5ngspumpen \u00e4r ett smart verktyg f\u00f6r att snabbt och enkelt avge v\u00e4xell\u00e5dsolja, dieselolja och andra fr\u00e4tande v\u00e4tskor. Med ett sj\u00e4lvjusterande sugr\u00f6r \u00e4r det bekv\u00e4mt f\u00f6r flexibel dosering och du kan anv\u00e4nda det avtagbara munstycket f\u00f6r att enkelt installera slangarna. Dessutom \u00e4r det vadderade handtaget en humaniserad design f\u00f6r halks\u00e4ker pumpning. En s\u00e5dan praktisk och bekv\u00e4m pump, missa inte den! <\/p>\n","protected":false},"featured_media":6815,"template":"","meta":[],"product_brand":[],"product_cat":[116,110],"product_tag":[],"class_list":{"0":"post-7206","1":"product","2":"type-product","3":"status-publish","4":"has-post-thumbnail","6":"product_cat-alla-produkter","7":"product_cat-forpackning","9":"first","10":"instock","11":"taxable","12":"shipping-taxable","13":"purchasable","14":"product-type-simple"},"yoast_head":"<!-- This site is optimized with the Yoast SEO plugin v27.2 - https:\/\/yoast.com\/product\/yoast-seo-wordpress\/ -->\n<title>Trummanuell \u00f6verf\u00f6ring av pumpen till ett dieseloljel\u00f6sningsmedel i st\u00e5l - MasterChem | kemikaalien tuotanto ja myynti<\/title>\n<meta name=\"description\" content=\"Den h\u00e4r h\u00e4vst\u00e5ngspumpen \u00e4r ett smart verktyg f\u00f6r att snabbt och enkelt avge v\u00e4xell\u00e5dsolja, dieselolja och andra fr\u00e4tande v\u00e4tskor.\" \/>\n<meta name=\"robots\" content=\"index, follow, max-snippet:-1, max-image-preview:large, max-video-preview:-1\" \/>\n<link rel=\"canonical\" href=\"https:\/\/masterchem.fi\/sv\/produkt\/trummanuell-overforing-av-pumpen-till-ett-dieseloljelosningsmedel-i-stal\/\" \/>\n<meta property=\"og:locale\" content=\"sv_SE\" \/>\n<meta property=\"og:type\" content=\"article\" \/>\n<meta property=\"og:title\" content=\"Trummanuell \u00f6verf\u00f6ring av pumpen till ett dieseloljel\u00f6sningsmedel i st\u00e5l - MasterChem | kemikaalien tuotanto ja myynti\" \/>\n<meta property=\"og:description\" content=\"Den h\u00e4r h\u00e4vst\u00e5ngspumpen \u00e4r ett smart verktyg f\u00f6r att snabbt och enkelt avge v\u00e4xell\u00e5dsolja, dieselolja och andra fr\u00e4tande v\u00e4tskor.\" \/>\n<meta property=\"og:url\" content=\"https:\/\/masterchem.fi\/sv\/produkt\/trummanuell-overforing-av-pumpen-till-ett-dieseloljelosningsmedel-i-stal\/\" \/>\n<meta property=\"og:site_name\" content=\"MasterChem | kemikaalien tuotanto ja myynti\" \/>\n<meta property=\"og:image\" content=\"https:\/\/masterchem.fi\/wp-content\/uploads\/2020\/08\/Terasest_diiseloli_lahustiga_juhitav_trummelpumba_ulekandemehhanism.jpg\" \/>\n\t<meta property=\"og:image:width\" content=\"1000\" \/>\n\t<meta property=\"og:image:height\" content=\"1000\" \/>\n\t<meta property=\"og:image:type\" content=\"image\/jpeg\" \/>\n<meta name=\"twitter:card\" content=\"summary_large_image\" \/>\n<meta name=\"twitter:label1\" content=\"Ber\u00e4knad l\u00e4stid\" \/>\n\t<meta name=\"twitter:data1\" content=\"1 minut\" \/>\n<script type=\"application\/ld+json\" class=\"yoast-schema-graph\">{\"@context\":\"https:\/\/schema.org\",\"@graph\":[{\"@type\":\"WebPage\",\"@id\":\"https:\/\/masterchem.fi\/sv\/produkt\/trummanuell-overforing-av-pumpen-till-ett-dieseloljelosningsmedel-i-stal\/\",\"url\":\"https:\/\/masterchem.fi\/sv\/produkt\/trummanuell-overforing-av-pumpen-till-ett-dieseloljelosningsmedel-i-stal\/\",\"name\":\"Trummanuell \u00f6verf\u00f6ring av pumpen till ett dieseloljel\u00f6sningsmedel i st\u00e5l - MasterChem | kemikaalien tuotanto ja myynti\",\"isPartOf\":{\"@id\":\"https:\/\/masterchem.fi\/sv\/#website\"},\"primaryImageOfPage\":{\"@id\":\"https:\/\/masterchem.fi\/sv\/produkt\/trummanuell-overforing-av-pumpen-till-ett-dieseloljelosningsmedel-i-stal\/#primaryimage\"},\"image\":{\"@id\":\"https:\/\/masterchem.fi\/sv\/produkt\/trummanuell-overforing-av-pumpen-till-ett-dieseloljelosningsmedel-i-stal\/#primaryimage\"},\"thumbnailUrl\":\"https:\/\/masterchem.fi\/wp-content\/uploads\/2020\/08\/Terasest_diiseloli_lahustiga_juhitav_trummelpumba_ulekandemehhanism.jpg\",\"datePublished\":\"2020-08-20T14:08:33+00:00\",\"description\":\"Den h\u00e4r h\u00e4vst\u00e5ngspumpen \u00e4r ett smart verktyg f\u00f6r att snabbt och enkelt avge v\u00e4xell\u00e5dsolja, dieselolja och andra fr\u00e4tande v\u00e4tskor.\",\"breadcrumb\":{\"@id\":\"https:\/\/masterchem.fi\/sv\/produkt\/trummanuell-overforing-av-pumpen-till-ett-dieseloljelosningsmedel-i-stal\/#breadcrumb\"},\"inLanguage\":\"sv-SE\",\"potentialAction\":[{\"@type\":\"ReadAction\",\"target\":[\"https:\/\/masterchem.fi\/sv\/produkt\/trummanuell-overforing-av-pumpen-till-ett-dieseloljelosningsmedel-i-stal\/\"]}]},{\"@type\":\"ImageObject\",\"inLanguage\":\"sv-SE\",\"@id\":\"https:\/\/masterchem.fi\/sv\/produkt\/trummanuell-overforing-av-pumpen-till-ett-dieseloljelosningsmedel-i-stal\/#primaryimage\",\"url\":\"https:\/\/masterchem.fi\/wp-content\/uploads\/2020\/08\/Terasest_diiseloli_lahustiga_juhitav_trummelpumba_ulekandemehhanism.jpg\",\"contentUrl\":\"https:\/\/masterchem.fi\/wp-content\/uploads\/2020\/08\/Terasest_diiseloli_lahustiga_juhitav_trummelpumba_ulekandemehhanism.jpg\",\"width\":1000,\"height\":1000,\"caption\":\"Trummanuell \u00f6verf\u00f6ring av pumpen till ett dieseloljel\u00f6sningsmedel i st\u00e5l\"},{\"@type\":\"BreadcrumbList\",\"@id\":\"https:\/\/masterchem.fi\/sv\/produkt\/trummanuell-overforing-av-pumpen-till-ett-dieseloljelosningsmedel-i-stal\/#breadcrumb\",\"itemListElement\":[{\"@type\":\"ListItem\",\"position\":1,\"name\":\"Home\",\"item\":\"https:\/\/masterchem.fi\/sv\/\"},{\"@type\":\"ListItem\",\"position\":2,\"name\":\"Butik\",\"item\":\"https:\/\/masterchem.fi\/sv\/butik\/\"},{\"@type\":\"ListItem\",\"position\":3,\"name\":\"Trummanuell \u00f6verf\u00f6ring av pumpen till ett dieseloljel\u00f6sningsmedel i st\u00e5l\"}]},{\"@type\":\"WebSite\",\"@id\":\"https:\/\/masterchem.fi\/sv\/#website\",\"url\":\"https:\/\/masterchem.fi\/sv\/\",\"name\":\"MasterChem | kemikaalien tuotanto ja myynti\",\"description\":\"kemikaalien tuotanto ja myynti\",\"potentialAction\":[{\"@type\":\"SearchAction\",\"target\":{\"@type\":\"EntryPoint\",\"urlTemplate\":\"https:\/\/masterchem.fi\/sv\/?s={search_term_string}\"},\"query-input\":{\"@type\":\"PropertyValueSpecification\",\"valueRequired\":true,\"valueName\":\"search_term_string\"}}],\"inLanguage\":\"sv-SE\"}]}<\/script>\n<!-- \/ Yoast SEO plugin. -->","yoast_head_json":{"title":"Trummanuell \u00f6verf\u00f6ring av pumpen till ett dieseloljel\u00f6sningsmedel i st\u00e5l - MasterChem | kemikaalien tuotanto ja myynti","description":"Den h\u00e4r h\u00e4vst\u00e5ngspumpen \u00e4r ett smart verktyg f\u00f6r att snabbt och enkelt avge v\u00e4xell\u00e5dsolja, dieselolja och andra fr\u00e4tande v\u00e4tskor.","robots":{"index":"index","follow":"follow","max-snippet":"max-snippet:-1","max-image-preview":"max-image-preview:large","max-video-preview":"max-video-preview:-1"},"canonical":"https:\/\/masterchem.fi\/sv\/produkt\/trummanuell-overforing-av-pumpen-till-ett-dieseloljelosningsmedel-i-stal\/","og_locale":"sv_SE","og_type":"article","og_title":"Trummanuell \u00f6verf\u00f6ring av pumpen till ett dieseloljel\u00f6sningsmedel i st\u00e5l - MasterChem | kemikaalien tuotanto ja myynti","og_description":"Den h\u00e4r h\u00e4vst\u00e5ngspumpen \u00e4r ett smart verktyg f\u00f6r att snabbt och enkelt avge v\u00e4xell\u00e5dsolja, dieselolja och andra fr\u00e4tande v\u00e4tskor.","og_url":"https:\/\/masterchem.fi\/sv\/produkt\/trummanuell-overforing-av-pumpen-till-ett-dieseloljelosningsmedel-i-stal\/","og_site_name":"MasterChem | kemikaalien tuotanto ja myynti","og_image":[{"width":1000,"height":1000,"url":"https:\/\/masterchem.fi\/wp-content\/uploads\/2020\/08\/Terasest_diiseloli_lahustiga_juhitav_trummelpumba_ulekandemehhanism.jpg","type":"image\/jpeg"}],"twitter_card":"summary_large_image","twitter_misc":{"Ber\u00e4knad l\u00e4stid":"1 minut"},"schema":{"@context":"https:\/\/schema.org","@graph":[{"@type":"WebPage","@id":"https:\/\/masterchem.fi\/sv\/produkt\/trummanuell-overforing-av-pumpen-till-ett-dieseloljelosningsmedel-i-stal\/","url":"https:\/\/masterchem.fi\/sv\/produkt\/trummanuell-overforing-av-pumpen-till-ett-dieseloljelosningsmedel-i-stal\/","name":"Trummanuell \u00f6verf\u00f6ring av pumpen till ett dieseloljel\u00f6sningsmedel i st\u00e5l - MasterChem | kemikaalien tuotanto ja myynti","isPartOf":{"@id":"https:\/\/masterchem.fi\/sv\/#website"},"primaryImageOfPage":{"@id":"https:\/\/masterchem.fi\/sv\/produkt\/trummanuell-overforing-av-pumpen-till-ett-dieseloljelosningsmedel-i-stal\/#primaryimage"},"image":{"@id":"https:\/\/masterchem.fi\/sv\/produkt\/trummanuell-overforing-av-pumpen-till-ett-dieseloljelosningsmedel-i-stal\/#primaryimage"},"thumbnailUrl":"https:\/\/masterchem.fi\/wp-content\/uploads\/2020\/08\/Terasest_diiseloli_lahustiga_juhitav_trummelpumba_ulekandemehhanism.jpg","datePublished":"2020-08-20T14:08:33+00:00","description":"Den h\u00e4r h\u00e4vst\u00e5ngspumpen \u00e4r ett smart verktyg f\u00f6r att snabbt och enkelt avge v\u00e4xell\u00e5dsolja, dieselolja och andra fr\u00e4tande v\u00e4tskor.","breadcrumb":{"@id":"https:\/\/masterchem.fi\/sv\/produkt\/trummanuell-overforing-av-pumpen-till-ett-dieseloljelosningsmedel-i-stal\/#breadcrumb"},"inLanguage":"sv-SE","potentialAction":[{"@type":"ReadAction","target":["https:\/\/masterchem.fi\/sv\/produkt\/trummanuell-overforing-av-pumpen-till-ett-dieseloljelosningsmedel-i-stal\/"]}]},{"@type":"ImageObject","inLanguage":"sv-SE","@id":"https:\/\/masterchem.fi\/sv\/produkt\/trummanuell-overforing-av-pumpen-till-ett-dieseloljelosningsmedel-i-stal\/#primaryimage","url":"https:\/\/masterchem.fi\/wp-content\/uploads\/2020\/08\/Terasest_diiseloli_lahustiga_juhitav_trummelpumba_ulekandemehhanism.jpg","contentUrl":"https:\/\/masterchem.fi\/wp-content\/uploads\/2020\/08\/Terasest_diiseloli_lahustiga_juhitav_trummelpumba_ulekandemehhanism.jpg","width":1000,"height":1000,"caption":"Trummanuell \u00f6verf\u00f6ring av pumpen till ett dieseloljel\u00f6sningsmedel i st\u00e5l"},{"@type":"BreadcrumbList","@id":"https:\/\/masterchem.fi\/sv\/produkt\/trummanuell-overforing-av-pumpen-till-ett-dieseloljelosningsmedel-i-stal\/#breadcrumb","itemListElement":[{"@type":"ListItem","position":1,"name":"Home","item":"https:\/\/masterchem.fi\/sv\/"},{"@type":"ListItem","position":2,"name":"Butik","item":"https:\/\/masterchem.fi\/sv\/butik\/"},{"@type":"ListItem","position":3,"name":"Trummanuell \u00f6verf\u00f6ring av pumpen till ett dieseloljel\u00f6sningsmedel i st\u00e5l"}]},{"@type":"WebSite","@id":"https:\/\/masterchem.fi\/sv\/#website","url":"https:\/\/masterchem.fi\/sv\/","name":"MasterChem | kemikaalien tuotanto ja myynti","description":"kemikaalien tuotanto ja myynti","potentialAction":[{"@type":"SearchAction","target":{"@type":"EntryPoint","urlTemplate":"https:\/\/masterchem.fi\/sv\/?s={search_term_string}"},"query-input":{"@type":"PropertyValueSpecification","valueRequired":true,"valueName":"search_term_string"}}],"inLanguage":"sv-SE"}]}},"_links":{"self":[{"href":"https:\/\/masterchem.fi\/sv\/wp-json\/wp\/v2\/product\/7206","targetHints":{"allow":["GET"]}}],"collection":[{"href":"https:\/\/masterchem.fi\/sv\/wp-json\/wp\/v2\/product"}],"about":[{"href":"https:\/\/masterchem.fi\/sv\/wp-json\/wp\/v2\/types\/product"}],"wp:featuredmedia":[{"embeddable":true,"href":"https:\/\/masterchem.fi\/sv\/wp-json\/wp\/v2\/media\/6815"}],"wp:attachment":[{"href":"https:\/\/masterchem.fi\/sv\/wp-json\/wp\/v2\/media?parent=7206"}],"wp:term":[{"taxonomy":"product_brand","embeddable":true,"href":"https:\/\/masterchem.fi\/sv\/wp-json\/wp\/v2\/product_brand?post=7206"},{"taxonomy":"product_cat","embeddable":true,"href":"https:\/\/masterchem.fi\/sv\/wp-json\/wp\/v2\/product_cat?post=7206"},{"taxonomy":"product_tag","embeddable":true,"href":"https:\/\/masterchem.fi\/sv\/wp-json\/wp\/v2\/product_tag?post=7206"}],"curies":[{"name":"wp","href":"https:\/\/api.w.org\/{rel}","templated":true}]}}