{"id":7207,"date":"2020-08-20T16:35:07","date_gmt":"2020-08-20T13:35:07","guid":{"rendered":"https:\/\/masterchem.fi\/product\/engangsnyckel-av-stal-for-plastnyckel-for-trummor\/"},"modified":"2020-08-20T16:35:07","modified_gmt":"2020-08-20T13:35:07","slug":"engangsnyckel-av-stal-for-plastnyckel-for-trummor","status":"publish","type":"product","link":"https:\/\/masterchem.fi\/sv\/produkt\/engangsnyckel-av-stal-for-plastnyckel-for-trummor\/","title":{"rendered":"Eng\u00e5ngsnyckel av st\u00e5l f\u00f6r plastnyckel f\u00f6r trummor"},"content":{"rendered":"<p>Eng\u00e5ngsnyckel av st\u00e5l f\u00f6r plastnyckel f\u00f6r trummor<\/p>\n","protected":false},"excerpt":{"rendered":"<p>Eng\u00e5ngsnyckel av st\u00e5l f\u00f6r plastnyckel f\u00f6r trummor<\/p>\n","protected":false},"featured_media":6810,"template":"","meta":[],"product_brand":[],"product_cat":[110,116],"product_tag":[],"class_list":{"0":"post-7207","1":"product","2":"type-product","3":"status-publish","4":"has-post-thumbnail","6":"product_cat-forpackning","7":"product_cat-alla-produkter","9":"first","10":"instock","11":"taxable","12":"shipping-taxable","13":"purchasable","14":"product-type-simple"},"yoast_head":"<!-- This site is optimized with the Yoast SEO plugin v27.5 - https:\/\/yoast.com\/product\/yoast-seo-wordpress\/ -->\n<title>Eng\u00e5ngsnyckel av st\u00e5l f\u00f6r plastnyckel f\u00f6r trummor - MasterChem | kemikaalien tuotanto ja myynti<\/title>\n<meta name=\"description\" content=\"Eng\u00e5ngsnyckel av st\u00e5l f\u00f6r plastnyckel f\u00f6r trummor\" \/>\n<meta name=\"robots\" content=\"index, follow, max-snippet:-1, max-image-preview:large, max-video-preview:-1\" \/>\n<link rel=\"canonical\" href=\"https:\/\/masterchem.fi\/sv\/produkt\/engangsnyckel-av-stal-for-plastnyckel-for-trummor\/\" \/>\n<meta property=\"og:locale\" content=\"sv_SE\" \/>\n<meta property=\"og:type\" content=\"article\" \/>\n<meta property=\"og:title\" content=\"Eng\u00e5ngsnyckel av st\u00e5l f\u00f6r plastnyckel f\u00f6r trummor - MasterChem | kemikaalien tuotanto ja myynti\" \/>\n<meta property=\"og:description\" content=\"Eng\u00e5ngsnyckel av st\u00e5l f\u00f6r plastnyckel f\u00f6r trummor\" \/>\n<meta property=\"og:url\" content=\"https:\/\/masterchem.fi\/sv\/produkt\/engangsnyckel-av-stal-for-plastnyckel-for-trummor\/\" \/>\n<meta property=\"og:site_name\" content=\"MasterChem | kemikaalien tuotanto ja myynti\" \/>\n<meta property=\"og:image\" content=\"https:\/\/masterchem.fi\/wp-content\/uploads\/2020\/08\/Terasest_mutrivoti_trumlitele_metallist_plastist_votme_jaoks.jpg\" \/>\n\t<meta property=\"og:image:width\" content=\"866\" \/>\n\t<meta property=\"og:image:height\" content=\"866\" \/>\n\t<meta property=\"og:image:type\" content=\"image\/jpeg\" \/>\n<meta name=\"twitter:card\" content=\"summary_large_image\" \/>\n<script type=\"application\/ld+json\" class=\"yoast-schema-graph\">{\"@context\":\"https:\\\/\\\/schema.org\",\"@graph\":[{\"@type\":\"WebPage\",\"@id\":\"https:\\\/\\\/masterchem.fi\\\/sv\\\/produkt\\\/engangsnyckel-av-stal-for-plastnyckel-for-trummor\\\/\",\"url\":\"https:\\\/\\\/masterchem.fi\\\/sv\\\/produkt\\\/engangsnyckel-av-stal-for-plastnyckel-for-trummor\\\/\",\"name\":\"Eng\u00e5ngsnyckel av st\u00e5l f\u00f6r plastnyckel f\u00f6r trummor - MasterChem | kemikaalien tuotanto ja myynti\",\"isPartOf\":{\"@id\":\"https:\\\/\\\/masterchem.fi\\\/sv\\\/#website\"},\"primaryImageOfPage\":{\"@id\":\"https:\\\/\\\/masterchem.fi\\\/sv\\\/produkt\\\/engangsnyckel-av-stal-for-plastnyckel-for-trummor\\\/#primaryimage\"},\"image\":{\"@id\":\"https:\\\/\\\/masterchem.fi\\\/sv\\\/produkt\\\/engangsnyckel-av-stal-for-plastnyckel-for-trummor\\\/#primaryimage\"},\"thumbnailUrl\":\"https:\\\/\\\/masterchem.fi\\\/wp-content\\\/uploads\\\/2020\\\/08\\\/Terasest_mutrivoti_trumlitele_metallist_plastist_votme_jaoks.jpg\",\"datePublished\":\"2020-08-20T13:35:07+00:00\",\"description\":\"Eng\u00e5ngsnyckel av st\u00e5l f\u00f6r plastnyckel f\u00f6r trummor\",\"breadcrumb\":{\"@id\":\"https:\\\/\\\/masterchem.fi\\\/sv\\\/produkt\\\/engangsnyckel-av-stal-for-plastnyckel-for-trummor\\\/#breadcrumb\"},\"inLanguage\":\"sv-SE\",\"potentialAction\":[{\"@type\":\"ReadAction\",\"target\":[\"https:\\\/\\\/masterchem.fi\\\/sv\\\/produkt\\\/engangsnyckel-av-stal-for-plastnyckel-for-trummor\\\/\"]}]},{\"@type\":\"ImageObject\",\"inLanguage\":\"sv-SE\",\"@id\":\"https:\\\/\\\/masterchem.fi\\\/sv\\\/produkt\\\/engangsnyckel-av-stal-for-plastnyckel-for-trummor\\\/#primaryimage\",\"url\":\"https:\\\/\\\/masterchem.fi\\\/wp-content\\\/uploads\\\/2020\\\/08\\\/Terasest_mutrivoti_trumlitele_metallist_plastist_votme_jaoks.jpg\",\"contentUrl\":\"https:\\\/\\\/masterchem.fi\\\/wp-content\\\/uploads\\\/2020\\\/08\\\/Terasest_mutrivoti_trumlitele_metallist_plastist_votme_jaoks.jpg\",\"width\":866,\"height\":866,\"caption\":\"Eng\u00e5ngsnyckel av st\u00e5l f\u00f6r plastnyckel f\u00f6r trummor\"},{\"@type\":\"BreadcrumbList\",\"@id\":\"https:\\\/\\\/masterchem.fi\\\/sv\\\/produkt\\\/engangsnyckel-av-stal-for-plastnyckel-for-trummor\\\/#breadcrumb\",\"itemListElement\":[{\"@type\":\"ListItem\",\"position\":1,\"name\":\"Home\",\"item\":\"https:\\\/\\\/masterchem.fi\\\/sv\\\/\"},{\"@type\":\"ListItem\",\"position\":2,\"name\":\"Butik\",\"item\":\"https:\\\/\\\/masterchem.fi\\\/sv\\\/butik\\\/\"},{\"@type\":\"ListItem\",\"position\":3,\"name\":\"Eng\u00e5ngsnyckel av st\u00e5l f\u00f6r plastnyckel f\u00f6r trummor\"}]},{\"@type\":\"WebSite\",\"@id\":\"https:\\\/\\\/masterchem.fi\\\/sv\\\/#website\",\"url\":\"https:\\\/\\\/masterchem.fi\\\/sv\\\/\",\"name\":\"MasterChem | kemikaalien tuotanto ja myynti\",\"description\":\"kemikaalien tuotanto ja myynti\",\"potentialAction\":[{\"@type\":\"SearchAction\",\"target\":{\"@type\":\"EntryPoint\",\"urlTemplate\":\"https:\\\/\\\/masterchem.fi\\\/sv\\\/?s={search_term_string}\"},\"query-input\":{\"@type\":\"PropertyValueSpecification\",\"valueRequired\":true,\"valueName\":\"search_term_string\"}}],\"inLanguage\":\"sv-SE\"}]}<\/script>\n<!-- \/ Yoast SEO plugin. -->","yoast_head_json":{"title":"Eng\u00e5ngsnyckel av st\u00e5l f\u00f6r plastnyckel f\u00f6r trummor - MasterChem | kemikaalien tuotanto ja myynti","description":"Eng\u00e5ngsnyckel av st\u00e5l f\u00f6r plastnyckel f\u00f6r trummor","robots":{"index":"index","follow":"follow","max-snippet":"max-snippet:-1","max-image-preview":"max-image-preview:large","max-video-preview":"max-video-preview:-1"},"canonical":"https:\/\/masterchem.fi\/sv\/produkt\/engangsnyckel-av-stal-for-plastnyckel-for-trummor\/","og_locale":"sv_SE","og_type":"article","og_title":"Eng\u00e5ngsnyckel av st\u00e5l f\u00f6r plastnyckel f\u00f6r trummor - MasterChem | kemikaalien tuotanto ja myynti","og_description":"Eng\u00e5ngsnyckel av st\u00e5l f\u00f6r plastnyckel f\u00f6r trummor","og_url":"https:\/\/masterchem.fi\/sv\/produkt\/engangsnyckel-av-stal-for-plastnyckel-for-trummor\/","og_site_name":"MasterChem | kemikaalien tuotanto ja myynti","og_image":[{"width":866,"height":866,"url":"https:\/\/masterchem.fi\/wp-content\/uploads\/2020\/08\/Terasest_mutrivoti_trumlitele_metallist_plastist_votme_jaoks.jpg","type":"image\/jpeg"}],"twitter_card":"summary_large_image","schema":{"@context":"https:\/\/schema.org","@graph":[{"@type":"WebPage","@id":"https:\/\/masterchem.fi\/sv\/produkt\/engangsnyckel-av-stal-for-plastnyckel-for-trummor\/","url":"https:\/\/masterchem.fi\/sv\/produkt\/engangsnyckel-av-stal-for-plastnyckel-for-trummor\/","name":"Eng\u00e5ngsnyckel av st\u00e5l f\u00f6r plastnyckel f\u00f6r trummor - MasterChem | kemikaalien tuotanto ja myynti","isPartOf":{"@id":"https:\/\/masterchem.fi\/sv\/#website"},"primaryImageOfPage":{"@id":"https:\/\/masterchem.fi\/sv\/produkt\/engangsnyckel-av-stal-for-plastnyckel-for-trummor\/#primaryimage"},"image":{"@id":"https:\/\/masterchem.fi\/sv\/produkt\/engangsnyckel-av-stal-for-plastnyckel-for-trummor\/#primaryimage"},"thumbnailUrl":"https:\/\/masterchem.fi\/wp-content\/uploads\/2020\/08\/Terasest_mutrivoti_trumlitele_metallist_plastist_votme_jaoks.jpg","datePublished":"2020-08-20T13:35:07+00:00","description":"Eng\u00e5ngsnyckel av st\u00e5l f\u00f6r plastnyckel f\u00f6r trummor","breadcrumb":{"@id":"https:\/\/masterchem.fi\/sv\/produkt\/engangsnyckel-av-stal-for-plastnyckel-for-trummor\/#breadcrumb"},"inLanguage":"sv-SE","potentialAction":[{"@type":"ReadAction","target":["https:\/\/masterchem.fi\/sv\/produkt\/engangsnyckel-av-stal-for-plastnyckel-for-trummor\/"]}]},{"@type":"ImageObject","inLanguage":"sv-SE","@id":"https:\/\/masterchem.fi\/sv\/produkt\/engangsnyckel-av-stal-for-plastnyckel-for-trummor\/#primaryimage","url":"https:\/\/masterchem.fi\/wp-content\/uploads\/2020\/08\/Terasest_mutrivoti_trumlitele_metallist_plastist_votme_jaoks.jpg","contentUrl":"https:\/\/masterchem.fi\/wp-content\/uploads\/2020\/08\/Terasest_mutrivoti_trumlitele_metallist_plastist_votme_jaoks.jpg","width":866,"height":866,"caption":"Eng\u00e5ngsnyckel av st\u00e5l f\u00f6r plastnyckel f\u00f6r trummor"},{"@type":"BreadcrumbList","@id":"https:\/\/masterchem.fi\/sv\/produkt\/engangsnyckel-av-stal-for-plastnyckel-for-trummor\/#breadcrumb","itemListElement":[{"@type":"ListItem","position":1,"name":"Home","item":"https:\/\/masterchem.fi\/sv\/"},{"@type":"ListItem","position":2,"name":"Butik","item":"https:\/\/masterchem.fi\/sv\/butik\/"},{"@type":"ListItem","position":3,"name":"Eng\u00e5ngsnyckel av st\u00e5l f\u00f6r plastnyckel f\u00f6r trummor"}]},{"@type":"WebSite","@id":"https:\/\/masterchem.fi\/sv\/#website","url":"https:\/\/masterchem.fi\/sv\/","name":"MasterChem | kemikaalien tuotanto ja myynti","description":"kemikaalien tuotanto ja myynti","potentialAction":[{"@type":"SearchAction","target":{"@type":"EntryPoint","urlTemplate":"https:\/\/masterchem.fi\/sv\/?s={search_term_string}"},"query-input":{"@type":"PropertyValueSpecification","valueRequired":true,"valueName":"search_term_string"}}],"inLanguage":"sv-SE"}]}},"_links":{"self":[{"href":"https:\/\/masterchem.fi\/sv\/wp-json\/wp\/v2\/product\/7207","targetHints":{"allow":["GET"]}}],"collection":[{"href":"https:\/\/masterchem.fi\/sv\/wp-json\/wp\/v2\/product"}],"about":[{"href":"https:\/\/masterchem.fi\/sv\/wp-json\/wp\/v2\/types\/product"}],"wp:featuredmedia":[{"embeddable":true,"href":"https:\/\/masterchem.fi\/sv\/wp-json\/wp\/v2\/media\/6810"}],"wp:attachment":[{"href":"https:\/\/masterchem.fi\/sv\/wp-json\/wp\/v2\/media?parent=7207"}],"wp:term":[{"taxonomy":"product_brand","embeddable":true,"href":"https:\/\/masterchem.fi\/sv\/wp-json\/wp\/v2\/product_brand?post=7207"},{"taxonomy":"product_cat","embeddable":true,"href":"https:\/\/masterchem.fi\/sv\/wp-json\/wp\/v2\/product_cat?post=7207"},{"taxonomy":"product_tag","embeddable":true,"href":"https:\/\/masterchem.fi\/sv\/wp-json\/wp\/v2\/product_tag?post=7207"}],"curies":[{"name":"wp","href":"https:\/\/api.w.org\/{rel}","templated":true}]}}