{"id":7225,"date":"2020-08-14T09:05:17","date_gmt":"2020-08-14T06:05:17","guid":{"rendered":"https:\/\/masterchem.fi\/product\/natriumhydroxid\/"},"modified":"2022-04-26T09:58:41","modified_gmt":"2022-04-26T06:58:41","slug":"natriumhydroxid-cas-1310-73-2","status":"publish","type":"product","link":"https:\/\/masterchem.fi\/sv\/produkt\/natriumhydroxid-cas-1310-73-2\/","title":{"rendered":"Natriumhydroxid (CAS 1310-73-2)"},"content":{"rendered":"<p> <strong> Beskrivning av natriumhydroxid: <\/strong> <br \/>\nGranulat \/ l\u00f6sning 50% <br \/>\nStatus: vita flingor eller granuler <br \/>\npH starkt grundl\u00e4ggande <br \/>\nfryspunkt: 318 \u00b0 C \/ 15 \u00b0 C <br \/>\nkokpunkt: 1390 \u00b0 C \/ &#8211; <br \/>\nRelativ densitet (20 \u00b0 C): &#8211; \/ 1,52 \u00f7 1,55 g \/ cm3 <br \/>\nL\u00f6slighet i vatten (20 \u00b0 C): L\u00f6slig i alla proportioner, exoterm <\/p>\n<p> <strong> Natriumhydroxidbehandling: <\/strong> <br \/>\nHanteras p\u00e5 ett v\u00e4l ventilerat omr\u00e5de med l\u00e4mplig skyddsutrustning. Undvik kontakt med \u00e4mnet, inandning av \u00e5ngor \/ damm. Tv\u00e4tta noggrant efter hantering, ta bort f\u00f6rorenade kl\u00e4der, tv\u00e4tta f\u00f6re \u00e5teranv\u00e4ndning. H\u00e4ll \u00e4mnet n\u00e4r det sp\u00e4ds i vatten, inte tv\u00e4rtom. Natriumhydroxid avger stark v\u00e4rme n\u00e4r den blandas med vatten. \u00c4mnet \u00e4r hygroskopiskt. <br \/>\nHantera i enlighet med god industrihygien och s\u00e4kerhetspraxis. \u00c4t, drick eller r\u00f6k inte under arbetet. Anv\u00e4nd en skyddande kr\u00e4m. Tv\u00e4tta h\u00e4nderna innan du \u00e4ter. Tv\u00e4tta f\u00f6rorenade kl\u00e4der f\u00f6re \u00e5teranv\u00e4ndning. <\/p>\n<p> <strong> Produktbeskrivning: <\/strong> <br \/>\nL\u00f6sningar \/ granulat 50% <br \/>\nStatus: vita flingor eller granuler <br \/>\npH starkt grundl\u00e4ggande <br \/>\nfryspunkt: 318 \u00b0 C \/ 15 \u00b0 C <br \/>\nkokpunkt: 1390 \u00b0 C \/ &#8211; <br \/>\nRelativ densitet (20 \u00b0 C): &#8211; \/ 1,52 \u00f7 1,55 g \/ cm3 <br \/>\nL\u00f6slighet i vatten (20 \u00b0 C): L\u00f6sligt i vatten i alla f\u00f6rh\u00e5llanden, exotermiskt <\/p>\n<p> <strong> Instruktioner f\u00f6r hantering av natriumhydroxid <\/strong> <\/p>\n<p> R\u00f6k, drick inte eller \u00e4t inte under bearbetningen. Undvik kontakt med \u00e4mnet. Andas inte in \u00e5nga eller damm. Det rekommenderas att anv\u00e4nda en barri\u00e4rkr\u00e4m f\u00f6r bar hud. Tv\u00e4tta h\u00e4nderna noggrant innan du \u00e4ter. Tv\u00e4tta noggrant efter hantering, var noga med att tv\u00e4tta f\u00f6rorenade kl\u00e4der f\u00f6re \u00e5teranv\u00e4ndning. <br \/>\nVid utsp\u00e4dning av natriumhydroxid m\u00e5ste \u00e4mnet h\u00e4llas i vatten &#8211; i alla fall tv\u00e4rtom \u00e4r det inte hygroskopiskt. N\u00e4r det blandas med vatten sl\u00e4pps \u00e4mnet ut under intensiv v\u00e4rme. <br \/>\nAnv\u00e4nd i enlighet med god industrihygien och s\u00e4kerhetspraxis. <\/p>\n","protected":false},"excerpt":{"rendered":"<p>Natriumhydroxid (NaOH), allm\u00e4nt k\u00e4nd som lut eller soda lut, \u00e4r en stark bas best\u00e5ende av natrium (Na +) och hydroxidjoner (OH-) som, n\u00e4r de l\u00f6ses i vatten, sl\u00e4pper ut v\u00e4rme, dvs reagerar exotermiskt. Natriumhydroxid \u00e4r en ren genomskinlig vit, v\u00e4tbar (delvis l\u00f6slig i luftfuktighet), luktfri fast substans. \u00c4mnet absorberar koldioxid och vatten fr\u00e5n luften. Vid rumstemperatur \u00e4r en 50% vattenl\u00f6sning av natriumhydroxid en v\u00e4tska, men mer koncentrerade vattenl\u00f6sningar \u00e4r antingen mycket visk\u00f6sa v\u00e4tskor eller fasta \u00e4mnen. Natriumhydroxid och dess vattenl\u00f6sningar \u00e4r icke brandfarliga och uppr\u00e4tth\u00e5ller inte f\u00f6rbr\u00e4nning. Starka syror reagerar v\u00e5ldsamt med natriumhydroxid. \u00c4mnet \u00e4r fr\u00e4tande f\u00f6r metaller som zink, magnesium och aluminium och frig\u00f6r br\u00e4nnbar v\u00e4tgas. <\/p>\n<p> INDEX: 011-002-00-6 <br \/>\nCAS: 1310-73-2 <br \/>\nEC: 215-185-5 <\/p>\n","protected":false},"featured_media":6777,"template":"","meta":[],"product_brand":[],"product_cat":[115,116],"product_tag":[],"class_list":{"0":"post-7225","1":"product","2":"type-product","3":"status-publish","4":"has-post-thumbnail","6":"product_cat-industriella-kemikalier","7":"product_cat-alla-produkter","9":"first","10":"outofstock","11":"taxable","12":"shipping-taxable","13":"purchasable","14":"product-type-variable","15":"has-default-attributes","16":"rtwpvg-product"},"yoast_head":"<!-- This site is optimized with the Yoast SEO plugin v27.5 - https:\/\/yoast.com\/product\/yoast-seo-wordpress\/ -->\n<title>Natriumhydroxid (CAS 1310-73-2) - MasterChem | kemikaalien tuotanto ja myynti<\/title>\n<meta name=\"description\" content=\"Natriumhydroxid (NaOH), allm\u00e4nt k\u00e4nd som lut eller sodalut, \u00e4r en stark bas best\u00e5ende av natrium (Na +) och hydroxidjoner (OH-) som, n\u00e4r de l\u00f6ses i vatten, sl\u00e4pper ut v\u00e4rme, dvs reagerar exotermiskt.\" \/>\n<meta name=\"robots\" content=\"index, follow, max-snippet:-1, max-image-preview:large, max-video-preview:-1\" \/>\n<link rel=\"canonical\" href=\"https:\/\/masterchem.fi\/sv\/produkt\/natriumhydroxid-cas-1310-73-2\/\" \/>\n<meta property=\"og:locale\" content=\"sv_SE\" \/>\n<meta property=\"og:type\" content=\"article\" \/>\n<meta property=\"og:title\" content=\"Natriumhydroxid (CAS 1310-73-2) - MasterChem | kemikaalien tuotanto ja myynti\" \/>\n<meta property=\"og:description\" content=\"Natriumhydroxid (NaOH), allm\u00e4nt k\u00e4nd som lut eller sodalut, \u00e4r en stark bas best\u00e5ende av natrium (Na +) och hydroxidjoner (OH-) som, n\u00e4r de l\u00f6ses i vatten, sl\u00e4pper ut v\u00e4rme, dvs reagerar exotermiskt.\" \/>\n<meta property=\"og:url\" content=\"https:\/\/masterchem.fi\/sv\/produkt\/natriumhydroxid-cas-1310-73-2\/\" \/>\n<meta property=\"og:site_name\" content=\"MasterChem | kemikaalien tuotanto ja myynti\" \/>\n<meta property=\"article:modified_time\" content=\"2022-04-26T06:58:41+00:00\" \/>\n<meta property=\"og:image\" content=\"https:\/\/masterchem.fi\/wp-content\/uploads\/2020\/08\/755px-SodiumHydroxide.jpg\" \/>\n\t<meta property=\"og:image:width\" content=\"755\" \/>\n\t<meta property=\"og:image:height\" content=\"600\" \/>\n\t<meta property=\"og:image:type\" content=\"image\/jpeg\" \/>\n<meta name=\"twitter:card\" content=\"summary_large_image\" \/>\n<meta name=\"twitter:label1\" content=\"Ber\u00e4knad l\u00e4stid\" \/>\n\t<meta name=\"twitter:data1\" content=\"1 minut\" \/>\n<script type=\"application\/ld+json\" class=\"yoast-schema-graph\">{\"@context\":\"https:\\\/\\\/schema.org\",\"@graph\":[{\"@type\":\"WebPage\",\"@id\":\"https:\\\/\\\/masterchem.fi\\\/sv\\\/produkt\\\/natriumhydroxid-cas-1310-73-2\\\/\",\"url\":\"https:\\\/\\\/masterchem.fi\\\/sv\\\/produkt\\\/natriumhydroxid-cas-1310-73-2\\\/\",\"name\":\"Natriumhydroxid (CAS 1310-73-2) - MasterChem | kemikaalien tuotanto ja myynti\",\"isPartOf\":{\"@id\":\"https:\\\/\\\/masterchem.fi\\\/sv\\\/#website\"},\"primaryImageOfPage\":{\"@id\":\"https:\\\/\\\/masterchem.fi\\\/sv\\\/produkt\\\/natriumhydroxid-cas-1310-73-2\\\/#primaryimage\"},\"image\":{\"@id\":\"https:\\\/\\\/masterchem.fi\\\/sv\\\/produkt\\\/natriumhydroxid-cas-1310-73-2\\\/#primaryimage\"},\"thumbnailUrl\":\"https:\\\/\\\/masterchem.fi\\\/wp-content\\\/uploads\\\/2020\\\/08\\\/755px-SodiumHydroxide.jpg\",\"datePublished\":\"2020-08-14T06:05:17+00:00\",\"dateModified\":\"2022-04-26T06:58:41+00:00\",\"description\":\"Natriumhydroxid (NaOH), allm\u00e4nt k\u00e4nd som lut eller sodalut, \u00e4r en stark bas best\u00e5ende av natrium (Na +) och hydroxidjoner (OH-) som, n\u00e4r de l\u00f6ses i vatten, sl\u00e4pper ut v\u00e4rme, dvs reagerar exotermiskt.\",\"breadcrumb\":{\"@id\":\"https:\\\/\\\/masterchem.fi\\\/sv\\\/produkt\\\/natriumhydroxid-cas-1310-73-2\\\/#breadcrumb\"},\"inLanguage\":\"sv-SE\",\"potentialAction\":[{\"@type\":\"ReadAction\",\"target\":[\"https:\\\/\\\/masterchem.fi\\\/sv\\\/produkt\\\/natriumhydroxid-cas-1310-73-2\\\/\"]}]},{\"@type\":\"ImageObject\",\"inLanguage\":\"sv-SE\",\"@id\":\"https:\\\/\\\/masterchem.fi\\\/sv\\\/produkt\\\/natriumhydroxid-cas-1310-73-2\\\/#primaryimage\",\"url\":\"https:\\\/\\\/masterchem.fi\\\/wp-content\\\/uploads\\\/2020\\\/08\\\/755px-SodiumHydroxide.jpg\",\"contentUrl\":\"https:\\\/\\\/masterchem.fi\\\/wp-content\\\/uploads\\\/2020\\\/08\\\/755px-SodiumHydroxide.jpg\",\"width\":755,\"height\":600,\"caption\":\"Natriumhydroxid\"},{\"@type\":\"BreadcrumbList\",\"@id\":\"https:\\\/\\\/masterchem.fi\\\/sv\\\/produkt\\\/natriumhydroxid-cas-1310-73-2\\\/#breadcrumb\",\"itemListElement\":[{\"@type\":\"ListItem\",\"position\":1,\"name\":\"Home\",\"item\":\"https:\\\/\\\/masterchem.fi\\\/sv\\\/\"},{\"@type\":\"ListItem\",\"position\":2,\"name\":\"Butik\",\"item\":\"https:\\\/\\\/masterchem.fi\\\/sv\\\/butik\\\/\"},{\"@type\":\"ListItem\",\"position\":3,\"name\":\"Natriumhydroxid (CAS 1310-73-2)\"}]},{\"@type\":\"WebSite\",\"@id\":\"https:\\\/\\\/masterchem.fi\\\/sv\\\/#website\",\"url\":\"https:\\\/\\\/masterchem.fi\\\/sv\\\/\",\"name\":\"MasterChem | kemikaalien tuotanto ja myynti\",\"description\":\"kemikaalien tuotanto ja myynti\",\"potentialAction\":[{\"@type\":\"SearchAction\",\"target\":{\"@type\":\"EntryPoint\",\"urlTemplate\":\"https:\\\/\\\/masterchem.fi\\\/sv\\\/?s={search_term_string}\"},\"query-input\":{\"@type\":\"PropertyValueSpecification\",\"valueRequired\":true,\"valueName\":\"search_term_string\"}}],\"inLanguage\":\"sv-SE\"}]}<\/script>\n<!-- \/ Yoast SEO plugin. -->","yoast_head_json":{"title":"Natriumhydroxid (CAS 1310-73-2) - MasterChem | kemikaalien tuotanto ja myynti","description":"Natriumhydroxid (NaOH), allm\u00e4nt k\u00e4nd som lut eller sodalut, \u00e4r en stark bas best\u00e5ende av natrium (Na +) och hydroxidjoner (OH-) som, n\u00e4r de l\u00f6ses i vatten, sl\u00e4pper ut v\u00e4rme, dvs reagerar exotermiskt.","robots":{"index":"index","follow":"follow","max-snippet":"max-snippet:-1","max-image-preview":"max-image-preview:large","max-video-preview":"max-video-preview:-1"},"canonical":"https:\/\/masterchem.fi\/sv\/produkt\/natriumhydroxid-cas-1310-73-2\/","og_locale":"sv_SE","og_type":"article","og_title":"Natriumhydroxid (CAS 1310-73-2) - MasterChem | kemikaalien tuotanto ja myynti","og_description":"Natriumhydroxid (NaOH), allm\u00e4nt k\u00e4nd som lut eller sodalut, \u00e4r en stark bas best\u00e5ende av natrium (Na +) och hydroxidjoner (OH-) som, n\u00e4r de l\u00f6ses i vatten, sl\u00e4pper ut v\u00e4rme, dvs reagerar exotermiskt.","og_url":"https:\/\/masterchem.fi\/sv\/produkt\/natriumhydroxid-cas-1310-73-2\/","og_site_name":"MasterChem | kemikaalien tuotanto ja myynti","article_modified_time":"2022-04-26T06:58:41+00:00","og_image":[{"width":755,"height":600,"url":"https:\/\/masterchem.fi\/wp-content\/uploads\/2020\/08\/755px-SodiumHydroxide.jpg","type":"image\/jpeg"}],"twitter_card":"summary_large_image","twitter_misc":{"Ber\u00e4knad l\u00e4stid":"1 minut"},"schema":{"@context":"https:\/\/schema.org","@graph":[{"@type":"WebPage","@id":"https:\/\/masterchem.fi\/sv\/produkt\/natriumhydroxid-cas-1310-73-2\/","url":"https:\/\/masterchem.fi\/sv\/produkt\/natriumhydroxid-cas-1310-73-2\/","name":"Natriumhydroxid (CAS 1310-73-2) - MasterChem | kemikaalien tuotanto ja myynti","isPartOf":{"@id":"https:\/\/masterchem.fi\/sv\/#website"},"primaryImageOfPage":{"@id":"https:\/\/masterchem.fi\/sv\/produkt\/natriumhydroxid-cas-1310-73-2\/#primaryimage"},"image":{"@id":"https:\/\/masterchem.fi\/sv\/produkt\/natriumhydroxid-cas-1310-73-2\/#primaryimage"},"thumbnailUrl":"https:\/\/masterchem.fi\/wp-content\/uploads\/2020\/08\/755px-SodiumHydroxide.jpg","datePublished":"2020-08-14T06:05:17+00:00","dateModified":"2022-04-26T06:58:41+00:00","description":"Natriumhydroxid (NaOH), allm\u00e4nt k\u00e4nd som lut eller sodalut, \u00e4r en stark bas best\u00e5ende av natrium (Na +) och hydroxidjoner (OH-) som, n\u00e4r de l\u00f6ses i vatten, sl\u00e4pper ut v\u00e4rme, dvs reagerar exotermiskt.","breadcrumb":{"@id":"https:\/\/masterchem.fi\/sv\/produkt\/natriumhydroxid-cas-1310-73-2\/#breadcrumb"},"inLanguage":"sv-SE","potentialAction":[{"@type":"ReadAction","target":["https:\/\/masterchem.fi\/sv\/produkt\/natriumhydroxid-cas-1310-73-2\/"]}]},{"@type":"ImageObject","inLanguage":"sv-SE","@id":"https:\/\/masterchem.fi\/sv\/produkt\/natriumhydroxid-cas-1310-73-2\/#primaryimage","url":"https:\/\/masterchem.fi\/wp-content\/uploads\/2020\/08\/755px-SodiumHydroxide.jpg","contentUrl":"https:\/\/masterchem.fi\/wp-content\/uploads\/2020\/08\/755px-SodiumHydroxide.jpg","width":755,"height":600,"caption":"Natriumhydroxid"},{"@type":"BreadcrumbList","@id":"https:\/\/masterchem.fi\/sv\/produkt\/natriumhydroxid-cas-1310-73-2\/#breadcrumb","itemListElement":[{"@type":"ListItem","position":1,"name":"Home","item":"https:\/\/masterchem.fi\/sv\/"},{"@type":"ListItem","position":2,"name":"Butik","item":"https:\/\/masterchem.fi\/sv\/butik\/"},{"@type":"ListItem","position":3,"name":"Natriumhydroxid (CAS 1310-73-2)"}]},{"@type":"WebSite","@id":"https:\/\/masterchem.fi\/sv\/#website","url":"https:\/\/masterchem.fi\/sv\/","name":"MasterChem | kemikaalien tuotanto ja myynti","description":"kemikaalien tuotanto ja myynti","potentialAction":[{"@type":"SearchAction","target":{"@type":"EntryPoint","urlTemplate":"https:\/\/masterchem.fi\/sv\/?s={search_term_string}"},"query-input":{"@type":"PropertyValueSpecification","valueRequired":true,"valueName":"search_term_string"}}],"inLanguage":"sv-SE"}]}},"_links":{"self":[{"href":"https:\/\/masterchem.fi\/sv\/wp-json\/wp\/v2\/product\/7225","targetHints":{"allow":["GET"]}}],"collection":[{"href":"https:\/\/masterchem.fi\/sv\/wp-json\/wp\/v2\/product"}],"about":[{"href":"https:\/\/masterchem.fi\/sv\/wp-json\/wp\/v2\/types\/product"}],"wp:featuredmedia":[{"embeddable":true,"href":"https:\/\/masterchem.fi\/sv\/wp-json\/wp\/v2\/media\/6777"}],"wp:attachment":[{"href":"https:\/\/masterchem.fi\/sv\/wp-json\/wp\/v2\/media?parent=7225"}],"wp:term":[{"taxonomy":"product_brand","embeddable":true,"href":"https:\/\/masterchem.fi\/sv\/wp-json\/wp\/v2\/product_brand?post=7225"},{"taxonomy":"product_cat","embeddable":true,"href":"https:\/\/masterchem.fi\/sv\/wp-json\/wp\/v2\/product_cat?post=7225"},{"taxonomy":"product_tag","embeddable":true,"href":"https:\/\/masterchem.fi\/sv\/wp-json\/wp\/v2\/product_tag?post=7225"}],"curies":[{"name":"wp","href":"https:\/\/api.w.org\/{rel}","templated":true}]}}