{"id":7228,"date":"2020-08-14T08:54:23","date_gmt":"2020-08-14T05:54:23","guid":{"rendered":"https:\/\/masterchem.fi\/product\/professionellt-losningsmedel-for-tryckindustrin-deea-9010\/"},"modified":"2020-08-14T08:54:23","modified_gmt":"2020-08-14T05:54:23","slug":"professionellt-losningsmedel-for-tryckindustrin-deea-9010","status":"publish","type":"product","link":"https:\/\/masterchem.fi\/sv\/produkt\/professionellt-losningsmedel-for-tryckindustrin-deea-9010\/","title":{"rendered":"Professionellt l\u00f6sningsmedel f\u00f6r tryckindustrin DEEA-9010"},"content":{"rendered":"<p> <strong> KVALITETSCERTIFIKAT nr 1119-12 <\/strong> <\/p>\n<table width=\"320\">\n<tbody>\n<tr>\n<td width = \"64\"> Parametrar <\/td>\n<td width = \"64\"> Enhet <\/td>\n<td width = \"64\"> V\u00e4rde Standard <\/td>\n<td width = \"64\"> V\u00e4rde <\/td>\n<td width = \"64\"> Testmetod <\/td>\n<\/tr>\n<tr>\n<td width=\"64\">Etanolipitoisuus ennen denaturointia 20 \u00b0C<\/td>\n<td width=\"64\">% (v\/v)<\/td>\n<td width=\"64\">&gt; 89.5<\/td>\n<td width=\"64\">89.6<\/td>\n<td width=\"64\">EN 15721<\/td>\n<\/tr>\n<tr>\n<td width=\"64\">Metanolipitoisuus<\/td>\n<td width=\"64\">% (m\/m)<\/td>\n<td width=\"64\">&lt; 0.1<\/td>\n<td width=\"64\">0.04<\/td>\n<td width=\"64\">EN 15721<\/td>\n<\/tr>\n<tr>\n<td width=\"64\">Korkeampi kyll\u00e4stetty (C3-C5) monoalkoholipitoisuus<\/td>\n<td width=\"64\">% (m\/m)<\/td>\n<td width=\"64\">&lt; 0.2<\/td>\n<td width=\"64\">0.05<\/td>\n<td width=\"64\">EN 15721<\/td>\n<\/tr>\n<tr>\n<td width=\"64\">Etikkahappoesteri<\/td>\n<td width=\"64\">L<\/td>\n<td width=\"64\">10 l \/ 100 l absoluuttista etanolia<\/td>\n<td width=\"64\">10<\/td>\n<td width=\"64\"><\/td>\n<\/tr>\n<tr>\n<td width=\"64\">Isopropyl alcohol (IPA)<\/td>\n<td width=\"64\">L<\/td>\n<td width=\"64\">1 l \/ 100 l absoluuttista etanolia<\/td>\n<td width=\"64\">1<\/td>\n<td width=\"64\"><\/td>\n<\/tr>\n<tr>\n<td width=\"64\">Methyl ethyl ketone (MEK)<\/td>\n<td width=\"64\">L<\/td>\n<td width=\"64\">1 l \/ 100 l absoluuttista etanolia<\/td>\n<td width=\"64\">1<\/td>\n<td width=\"64\"><\/td>\n<\/tr>\n<tr>\n<td width=\"64\">Denatonium benzoate<\/td>\n<td width=\"64\">G<\/td>\n<td width=\"64\">1 g \/ 100 l absoluuttista etanolia<\/td>\n<td width=\"64\">1<\/td>\n<td width=\"64\"><\/td>\n<\/tr>\n<\/tbody>\n<\/table>\n","protected":false},"excerpt":{"rendered":"<p> <strong> PRODUKTINFORMATION <\/strong> <\/p>\n<p> Handelsnamn: l\u00f6sningsmedel DEEA-9010 <br \/>\nKemiskt namn: Denaturerad etanol och etylacetat <br \/>\nBeskrivning: Professionellt l\u00f6sningsmedel f\u00f6r tryckbranschen <br \/>\nProdukttyp: F\u00e4rdig att anv\u00e4nda <br \/>\nUtseende: Klar, f\u00e4rgl\u00f6s, utan mekaniska tillsatser <br \/>\nViskositet: 0,52 mPa * s 20 \u00b0 C <br \/>\nDensitet vid 20 \u00b0 C: 0,81 g \/ cm3 <br \/>\nKokpunkt: 78,04 \u00b0 C <br \/>\nSm\u00e4ltpunkt: \u2212106 \u00b0 C <br \/>\nFN-nummer UN 1263 <br \/>\nF\u00f6rpackning: i bulk, k\u00f6parens stora tankar eller tankbilar, 1000 liter IBC, 640 liter IBC, 216,5 liters plastfat. <\/p>\n","protected":false},"featured_media":6733,"template":"","meta":[],"product_brand":[],"product_cat":[105,114,116],"product_tag":[],"class_list":{"0":"post-7228","1":"product","2":"type-product","3":"status-publish","4":"has-post-thumbnail","6":"product_cat-hushallskemikalier-sv","7":"product_cat-typografiska-kemikalier","8":"product_cat-alla-produkter","10":"first","11":"outofstock","12":"taxable","13":"shipping-taxable","14":"purchasable","15":"product-type-variable","16":"has-default-attributes","17":"rtwpvg-product"},"yoast_head":"<!-- This site is optimized with the Yoast SEO plugin v27.5 - https:\/\/yoast.com\/product\/yoast-seo-wordpress\/ -->\n<title>Professionellt l\u00f6sningsmedel f\u00f6r tryckindustrin DEEA-9010 - MasterChem | kemikaalien tuotanto ja myynti<\/title>\n<meta name=\"description\" content=\"Professionellt l\u00f6sningsmedel f\u00f6r tryckindustrin DEEA-9010\" \/>\n<meta name=\"robots\" content=\"index, follow, max-snippet:-1, max-image-preview:large, max-video-preview:-1\" \/>\n<link rel=\"canonical\" href=\"https:\/\/masterchem.fi\/sv\/produkt\/professionellt-losningsmedel-for-tryckindustrin-deea-9010\/\" \/>\n<meta property=\"og:locale\" content=\"sv_SE\" \/>\n<meta property=\"og:type\" content=\"article\" \/>\n<meta property=\"og:title\" content=\"Professionellt l\u00f6sningsmedel f\u00f6r tryckindustrin DEEA-9010 - MasterChem | kemikaalien tuotanto ja myynti\" \/>\n<meta property=\"og:description\" content=\"Professionellt l\u00f6sningsmedel f\u00f6r tryckindustrin DEEA-9010\" \/>\n<meta property=\"og:url\" content=\"https:\/\/masterchem.fi\/sv\/produkt\/professionellt-losningsmedel-for-tryckindustrin-deea-9010\/\" \/>\n<meta property=\"og:site_name\" content=\"MasterChem | kemikaalien tuotanto ja myynti\" \/>\n<meta property=\"og:image\" content=\"https:\/\/masterchem.fi\/wp-content\/uploads\/2020\/08\/Lahusti-DEEA-9010-1000l-MasterChem.jpg\" \/>\n\t<meta property=\"og:image:width\" content=\"1000\" \/>\n\t<meta property=\"og:image:height\" content=\"1000\" \/>\n\t<meta property=\"og:image:type\" content=\"image\/jpeg\" \/>\n<meta name=\"twitter:card\" content=\"summary_large_image\" \/>\n<script type=\"application\/ld+json\" class=\"yoast-schema-graph\">{\"@context\":\"https:\\\/\\\/schema.org\",\"@graph\":[{\"@type\":\"WebPage\",\"@id\":\"https:\\\/\\\/masterchem.fi\\\/sv\\\/produkt\\\/professionellt-losningsmedel-for-tryckindustrin-deea-9010\\\/\",\"url\":\"https:\\\/\\\/masterchem.fi\\\/sv\\\/produkt\\\/professionellt-losningsmedel-for-tryckindustrin-deea-9010\\\/\",\"name\":\"Professionellt l\u00f6sningsmedel f\u00f6r tryckindustrin DEEA-9010 - MasterChem | kemikaalien tuotanto ja myynti\",\"isPartOf\":{\"@id\":\"https:\\\/\\\/masterchem.fi\\\/sv\\\/#website\"},\"primaryImageOfPage\":{\"@id\":\"https:\\\/\\\/masterchem.fi\\\/sv\\\/produkt\\\/professionellt-losningsmedel-for-tryckindustrin-deea-9010\\\/#primaryimage\"},\"image\":{\"@id\":\"https:\\\/\\\/masterchem.fi\\\/sv\\\/produkt\\\/professionellt-losningsmedel-for-tryckindustrin-deea-9010\\\/#primaryimage\"},\"thumbnailUrl\":\"https:\\\/\\\/masterchem.fi\\\/wp-content\\\/uploads\\\/2020\\\/08\\\/Lahusti-DEEA-9010-1000l-MasterChem.jpg\",\"datePublished\":\"2020-08-14T05:54:23+00:00\",\"description\":\"Professionellt l\u00f6sningsmedel f\u00f6r tryckindustrin DEEA-9010\",\"breadcrumb\":{\"@id\":\"https:\\\/\\\/masterchem.fi\\\/sv\\\/produkt\\\/professionellt-losningsmedel-for-tryckindustrin-deea-9010\\\/#breadcrumb\"},\"inLanguage\":\"sv-SE\",\"potentialAction\":[{\"@type\":\"ReadAction\",\"target\":[\"https:\\\/\\\/masterchem.fi\\\/sv\\\/produkt\\\/professionellt-losningsmedel-for-tryckindustrin-deea-9010\\\/\"]}]},{\"@type\":\"ImageObject\",\"inLanguage\":\"sv-SE\",\"@id\":\"https:\\\/\\\/masterchem.fi\\\/sv\\\/produkt\\\/professionellt-losningsmedel-for-tryckindustrin-deea-9010\\\/#primaryimage\",\"url\":\"https:\\\/\\\/masterchem.fi\\\/wp-content\\\/uploads\\\/2020\\\/08\\\/Lahusti-DEEA-9010-1000l-MasterChem.jpg\",\"contentUrl\":\"https:\\\/\\\/masterchem.fi\\\/wp-content\\\/uploads\\\/2020\\\/08\\\/Lahusti-DEEA-9010-1000l-MasterChem.jpg\",\"width\":1000,\"height\":1000,\"caption\":\"Professionellt l\u00f6sningsmedel f\u00f6r tryckindustrin DEEA-9010 1000l\"},{\"@type\":\"BreadcrumbList\",\"@id\":\"https:\\\/\\\/masterchem.fi\\\/sv\\\/produkt\\\/professionellt-losningsmedel-for-tryckindustrin-deea-9010\\\/#breadcrumb\",\"itemListElement\":[{\"@type\":\"ListItem\",\"position\":1,\"name\":\"Home\",\"item\":\"https:\\\/\\\/masterchem.fi\\\/sv\\\/\"},{\"@type\":\"ListItem\",\"position\":2,\"name\":\"Butik\",\"item\":\"https:\\\/\\\/masterchem.fi\\\/sv\\\/butik\\\/\"},{\"@type\":\"ListItem\",\"position\":3,\"name\":\"Professionellt l\u00f6sningsmedel f\u00f6r tryckindustrin DEEA-9010\"}]},{\"@type\":\"WebSite\",\"@id\":\"https:\\\/\\\/masterchem.fi\\\/sv\\\/#website\",\"url\":\"https:\\\/\\\/masterchem.fi\\\/sv\\\/\",\"name\":\"MasterChem | kemikaalien tuotanto ja myynti\",\"description\":\"kemikaalien tuotanto ja myynti\",\"potentialAction\":[{\"@type\":\"SearchAction\",\"target\":{\"@type\":\"EntryPoint\",\"urlTemplate\":\"https:\\\/\\\/masterchem.fi\\\/sv\\\/?s={search_term_string}\"},\"query-input\":{\"@type\":\"PropertyValueSpecification\",\"valueRequired\":true,\"valueName\":\"search_term_string\"}}],\"inLanguage\":\"sv-SE\"}]}<\/script>\n<!-- \/ Yoast SEO plugin. -->","yoast_head_json":{"title":"Professionellt l\u00f6sningsmedel f\u00f6r tryckindustrin DEEA-9010 - MasterChem | kemikaalien tuotanto ja myynti","description":"Professionellt l\u00f6sningsmedel f\u00f6r tryckindustrin DEEA-9010","robots":{"index":"index","follow":"follow","max-snippet":"max-snippet:-1","max-image-preview":"max-image-preview:large","max-video-preview":"max-video-preview:-1"},"canonical":"https:\/\/masterchem.fi\/sv\/produkt\/professionellt-losningsmedel-for-tryckindustrin-deea-9010\/","og_locale":"sv_SE","og_type":"article","og_title":"Professionellt l\u00f6sningsmedel f\u00f6r tryckindustrin DEEA-9010 - MasterChem | kemikaalien tuotanto ja myynti","og_description":"Professionellt l\u00f6sningsmedel f\u00f6r tryckindustrin DEEA-9010","og_url":"https:\/\/masterchem.fi\/sv\/produkt\/professionellt-losningsmedel-for-tryckindustrin-deea-9010\/","og_site_name":"MasterChem | kemikaalien tuotanto ja myynti","og_image":[{"width":1000,"height":1000,"url":"https:\/\/masterchem.fi\/wp-content\/uploads\/2020\/08\/Lahusti-DEEA-9010-1000l-MasterChem.jpg","type":"image\/jpeg"}],"twitter_card":"summary_large_image","schema":{"@context":"https:\/\/schema.org","@graph":[{"@type":"WebPage","@id":"https:\/\/masterchem.fi\/sv\/produkt\/professionellt-losningsmedel-for-tryckindustrin-deea-9010\/","url":"https:\/\/masterchem.fi\/sv\/produkt\/professionellt-losningsmedel-for-tryckindustrin-deea-9010\/","name":"Professionellt l\u00f6sningsmedel f\u00f6r tryckindustrin DEEA-9010 - MasterChem | kemikaalien tuotanto ja myynti","isPartOf":{"@id":"https:\/\/masterchem.fi\/sv\/#website"},"primaryImageOfPage":{"@id":"https:\/\/masterchem.fi\/sv\/produkt\/professionellt-losningsmedel-for-tryckindustrin-deea-9010\/#primaryimage"},"image":{"@id":"https:\/\/masterchem.fi\/sv\/produkt\/professionellt-losningsmedel-for-tryckindustrin-deea-9010\/#primaryimage"},"thumbnailUrl":"https:\/\/masterchem.fi\/wp-content\/uploads\/2020\/08\/Lahusti-DEEA-9010-1000l-MasterChem.jpg","datePublished":"2020-08-14T05:54:23+00:00","description":"Professionellt l\u00f6sningsmedel f\u00f6r tryckindustrin DEEA-9010","breadcrumb":{"@id":"https:\/\/masterchem.fi\/sv\/produkt\/professionellt-losningsmedel-for-tryckindustrin-deea-9010\/#breadcrumb"},"inLanguage":"sv-SE","potentialAction":[{"@type":"ReadAction","target":["https:\/\/masterchem.fi\/sv\/produkt\/professionellt-losningsmedel-for-tryckindustrin-deea-9010\/"]}]},{"@type":"ImageObject","inLanguage":"sv-SE","@id":"https:\/\/masterchem.fi\/sv\/produkt\/professionellt-losningsmedel-for-tryckindustrin-deea-9010\/#primaryimage","url":"https:\/\/masterchem.fi\/wp-content\/uploads\/2020\/08\/Lahusti-DEEA-9010-1000l-MasterChem.jpg","contentUrl":"https:\/\/masterchem.fi\/wp-content\/uploads\/2020\/08\/Lahusti-DEEA-9010-1000l-MasterChem.jpg","width":1000,"height":1000,"caption":"Professionellt l\u00f6sningsmedel f\u00f6r tryckindustrin DEEA-9010 1000l"},{"@type":"BreadcrumbList","@id":"https:\/\/masterchem.fi\/sv\/produkt\/professionellt-losningsmedel-for-tryckindustrin-deea-9010\/#breadcrumb","itemListElement":[{"@type":"ListItem","position":1,"name":"Home","item":"https:\/\/masterchem.fi\/sv\/"},{"@type":"ListItem","position":2,"name":"Butik","item":"https:\/\/masterchem.fi\/sv\/butik\/"},{"@type":"ListItem","position":3,"name":"Professionellt l\u00f6sningsmedel f\u00f6r tryckindustrin DEEA-9010"}]},{"@type":"WebSite","@id":"https:\/\/masterchem.fi\/sv\/#website","url":"https:\/\/masterchem.fi\/sv\/","name":"MasterChem | kemikaalien tuotanto ja myynti","description":"kemikaalien tuotanto ja myynti","potentialAction":[{"@type":"SearchAction","target":{"@type":"EntryPoint","urlTemplate":"https:\/\/masterchem.fi\/sv\/?s={search_term_string}"},"query-input":{"@type":"PropertyValueSpecification","valueRequired":true,"valueName":"search_term_string"}}],"inLanguage":"sv-SE"}]}},"_links":{"self":[{"href":"https:\/\/masterchem.fi\/sv\/wp-json\/wp\/v2\/product\/7228","targetHints":{"allow":["GET"]}}],"collection":[{"href":"https:\/\/masterchem.fi\/sv\/wp-json\/wp\/v2\/product"}],"about":[{"href":"https:\/\/masterchem.fi\/sv\/wp-json\/wp\/v2\/types\/product"}],"wp:featuredmedia":[{"embeddable":true,"href":"https:\/\/masterchem.fi\/sv\/wp-json\/wp\/v2\/media\/6733"}],"wp:attachment":[{"href":"https:\/\/masterchem.fi\/sv\/wp-json\/wp\/v2\/media?parent=7228"}],"wp:term":[{"taxonomy":"product_brand","embeddable":true,"href":"https:\/\/masterchem.fi\/sv\/wp-json\/wp\/v2\/product_brand?post=7228"},{"taxonomy":"product_cat","embeddable":true,"href":"https:\/\/masterchem.fi\/sv\/wp-json\/wp\/v2\/product_cat?post=7228"},{"taxonomy":"product_tag","embeddable":true,"href":"https:\/\/masterchem.fi\/sv\/wp-json\/wp\/v2\/product_tag?post=7228"}],"curies":[{"name":"wp","href":"https:\/\/api.w.org\/{rel}","templated":true}]}}