{"id":7234,"date":"2020-08-14T08:51:53","date_gmt":"2020-08-14T05:51:53","guid":{"rendered":"https:\/\/masterchem.fi\/product\/industriell-polyuretanlack-universal\/"},"modified":"2020-09-25T10:01:24","modified_gmt":"2020-09-25T07:01:24","slug":"industriell-polyuretanlack-universal","status":"publish","type":"product","link":"https:\/\/masterchem.fi\/sv\/produkt\/industriell-polyuretanlack-universal\/","title":{"rendered":"Industriell polyuretanlack Universal"},"content":{"rendered":"<p> \u2022 Tv\u00e5komponentbel\u00e4ggning baserad p\u00e5: <\/p>\n<p> \u2022 &#8211; alkydbindemedel <\/p>\n<p> \u2022 &#8211; organiska l\u00f6sningsmedel <\/p>\n<p> \u2022 &#8211; Tillsatser <\/p>\n<p> <strong> Relaterade komponenter <\/strong> <\/p>\n<p> <strong> Tunnare: <\/strong> <\/p>\n<p> 420687 SLOW THINNER f\u00f6r 2K PUR &#8211; f\u00f6rdr\u00f6jd torkningstunnare <\/p>\n<p> 420544 2K PUR THINNER E &#8211; Elektrostatisk spruta tunnare <\/p>\n<p> <strong> H\u00e4rdare (komponent B): <\/strong> <\/p>\n<p>420181 2K PUR HARDENER B 101 <\/p>\n<p> OBS! H\u00e4rdare reagerar med luftfuktighet, s\u00e5 beh\u00e5llaren m\u00e5ste vara t\u00e4tt st\u00e4ngd. <\/p>\n<p> <strong> SPECIFIKATIONER <\/strong> <\/p>\n<p> Typ: 2K alkydisocyanat <\/p>\n<p> Densitet: 0,995 &#8211; 1,005 kg \/ L <\/p>\n<p> Utseende: V\u00e4tska <\/p>\n<p> <strong> Blandningsf\u00f6rh\u00e5llande A: B <\/strong> <\/p>\n<p> Vikt: 2: 1 <\/p>\n<p> Anv\u00e4ndningstid f\u00f6r blandning A + B vid 20 \u00b0 C: 2,5-3 timmar <\/p>\n<p> <strong> Tjocklek f\u00f6r varje lager <\/strong> <\/p>\n<p> Rekommenderad anv\u00e4ndning: 120-200 g \/ m2 <\/p>\n<p> Rumstemperatur <\/p>\n<p> Torr dammbel\u00e4ggning: 20-30 minuter <\/p>\n<p> Dry touch: min. 2 timmar <\/p>\n<p> Torr bel\u00e4ggning f\u00f6r vidare bearbetning: 6-8 timmar <\/p>\n<p> Tunneltorkning \u00e4r m\u00f6jlig vid temperaturer upp till +50 \u00b0 C. <\/p>\n<p> <strong> YTF\u00d6RBEREDELSE <\/strong> <\/p>\n<p> \u2022 Ytan m\u00e5ste vara torr och ren, fri fr\u00e5n sp\u00e5r av lim, damm och andra f\u00f6roreningar. <\/p>\n<p> <strong> VILLKOR <\/strong> <\/p>\n<p> \u2022 Innan m\u00e5lning m\u00e5ste ytan och f\u00e4rgen ha rumstemperatur (minst 15 \u00b0 C). <\/p>\n<p> \u2022 Optimal rumstemperatur = 18 &#8211; 23 \u00b0 C. <\/p>\n<p> <strong> INSTRUKTIONER F\u00d6R ANS\u00d6KNING <\/strong> <\/p>\n<p> \u2022 Blanda materialet noggrant f\u00f6re anv\u00e4ndning. <\/p>\n<p> \u2022 Typ och m\u00e4ngd h\u00e4rdare och utsp\u00e4dningsmedel best\u00e4ms i processen. <\/p>\n<p> \u2022 Teknik: <\/p>\n<p> \u2022 &#8211; med en luftspruta <\/p>\n<p> \u2022 &#8211; spraya luftblandningen <\/p>\n<p> \u2022 &#8211; genom elektrostatisk sprutning <\/p>\n<p> \u2022 Materialet appliceras p\u00e5 en noggrant slipad naturlig eller fl\u00e4ckig yta. <\/p>\n<p> \u2022 280-320 sandpapper rekommenderas. <\/p>\n<p> \u2022 Den anv\u00e4nds som efterbehandlings- eller allm\u00e4nt lack, dvs som grundf\u00e4rg och efterbehandlingsf\u00e4rg f\u00f6r mellanslipning. <\/p>\n<p> <strong> LCP-SYSTEMS <\/strong> <\/p>\n<p> \u2022 Rekommenderad materialf\u00f6rbehandling: <\/p>\n<p> \u2022 2K PUR-t\u00e4ckning <\/p>\n<p> \u2022 Om du anv\u00e4nder annat material rekommenderar vi att du kontaktar teknisk avdelning. <\/p>\n<p> <strong> LAGRING <\/strong> <\/p>\n<p> \u2022 Komponent A: <\/p>\n<p> \u2022 24 m\u00e5nader i originalf\u00f6rseglade fabriksbeh\u00e5llare vid en maximal temperatur p\u00e5 + 35 \u00b0 C. <\/p>\n<p> \u2022 Komponent B: <\/p>\n<p> \u2022 6 m\u00e5nader i originalf\u00f6rseglade fabriksbeh\u00e5llare vid temperaturer upp till + 35 \u00b0 C. <\/p>\n<p> \u2022 Lager m\u00e5ste f\u00f6lja best\u00e4mmelserna f\u00f6r lagring av brandfarliga \u00e4mnen. <\/p>\n<p> <strong> S\u00c4KERHETSINSTRUKTIONER <\/strong> <\/p>\n<p> \u2022 Se s\u00e4kerhetsdatablad och etikett. <\/p>\n<p> <strong> ANM\u00c4RKNINGAR <\/strong> <\/p>\n<p> \u2022 P\u00e5 kundens beg\u00e4ran utf\u00e4rdas varje sats material ett kvalitetscertifikat som inneh\u00e5ller alla kontrollparametrar. <\/p>\n<p> \u2022 De tekniska uppgifterna \u00e4r resultatet av information baserad p\u00e5 laboratorietester och praktiska erfarenheter fr\u00e5n v\u00e5ra experter. Vi ansvarar inte f\u00f6r o\u00f6vervakad anv\u00e4ndning av v\u00e5ra produkter och garanterar bara kvaliteten p\u00e5 sj\u00e4lva materialet. Vi f\u00f6rbeh\u00e5ller oss r\u00e4tten att \u00e4ndra information utan f\u00f6reg\u00e5ende meddelande. <\/p>\n<p> \u2022 Tekniska data \u00e4r grunden f\u00f6r h\u00f6gkvalitativ anv\u00e4ndning av materialet. En l\u00e4mplig teknisk process f\u00f6r den enskilda konsumenten f\u00f6resl\u00e5s f\u00f6r var och en av de parametrar som definierats f\u00f6r avvikelsen. Den tekniska processen utvecklas av instrukt\u00f6ren och verkstadsteknologen. <\/p>\n<p> \u2022 Kvalitetssystemet uppfyller ISO 9001-standarden. <\/p>\n","protected":false},"excerpt":{"rendered":"<p> <strong> Tv\u00e5komponent polyuretanbaserad bel\u00e4ggning <\/strong> <\/p>\n<p> <b> SYFTE <\/b> <\/p>\n<p> \u2022 Den anv\u00e4nds som grundf\u00e4rg och topplack i ett f\u00e4rgskyddssystem: <\/p>\n<p> \u2022 &#8211; fanerade m\u00f6bler <\/p>\n<p> \u2022 &#8211; massiva m\u00f6bler <\/p>\n<p> \u2022 &#8211; stolar och tillbeh\u00f6r <\/p>\n<p> \u2022 Den anv\u00e4nds som efterbehandlings- eller universallack, dvs som grundf\u00e4rg och efterbehandlingsskikt f\u00f6r mellanslipning. <\/p>\n","protected":false},"featured_media":0,"template":"","meta":[],"product_brand":[],"product_cat":[105,111,112,116],"product_tag":[],"class_list":{"0":"post-7234","1":"product","2":"type-product","3":"status-publish","5":"product_cat-hushallskemikalier-sv","6":"product_cat-trabearbetningskemikalier","7":"product_cat-byggbranschen","8":"product_cat-alla-produkter","10":"first","11":"outofstock","12":"taxable","13":"shipping-taxable","14":"purchasable","15":"product-type-variable","16":"has-default-attributes","17":"rtwpvg-product"},"yoast_head":"<!-- This site is optimized with the Yoast SEO plugin v27.2 - https:\/\/yoast.com\/product\/yoast-seo-wordpress\/ -->\n<title>Industriell polyuretanlack Universal - MasterChem | kemikaalien tuotanto ja myynti<\/title>\n<meta name=\"description\" content=\"En-komponent polyuretanbaserad bel\u00e4ggning. Den anv\u00e4nds som grundf\u00e4rg och topplack i ett f\u00e4rgskyddssystem: fanerade m\u00f6bler, massiva m\u00f6bler.\" \/>\n<meta name=\"robots\" content=\"index, follow, max-snippet:-1, max-image-preview:large, max-video-preview:-1\" \/>\n<link rel=\"canonical\" href=\"https:\/\/masterchem.fi\/sv\/produkt\/industriell-polyuretanlack-universal\/\" \/>\n<meta property=\"og:locale\" content=\"sv_SE\" \/>\n<meta property=\"og:type\" content=\"article\" \/>\n<meta property=\"og:title\" content=\"Industriell polyuretanlack Universal - MasterChem | kemikaalien tuotanto ja myynti\" \/>\n<meta property=\"og:description\" content=\"En-komponent polyuretanbaserad bel\u00e4ggning. Den anv\u00e4nds som grundf\u00e4rg och topplack i ett f\u00e4rgskyddssystem: fanerade m\u00f6bler, massiva m\u00f6bler.\" \/>\n<meta property=\"og:url\" content=\"https:\/\/masterchem.fi\/sv\/produkt\/industriell-polyuretanlack-universal\/\" \/>\n<meta property=\"og:site_name\" content=\"MasterChem | kemikaalien tuotanto ja myynti\" \/>\n<meta property=\"article:modified_time\" content=\"2020-09-25T07:01:24+00:00\" \/>\n<meta name=\"twitter:card\" content=\"summary_large_image\" \/>\n<meta name=\"twitter:label1\" content=\"Ber\u00e4knad l\u00e4stid\" \/>\n\t<meta name=\"twitter:data1\" content=\"2 minuter\" \/>\n<script type=\"application\/ld+json\" class=\"yoast-schema-graph\">{\"@context\":\"https:\/\/schema.org\",\"@graph\":[{\"@type\":\"WebPage\",\"@id\":\"https:\/\/masterchem.fi\/sv\/produkt\/industriell-polyuretanlack-universal\/\",\"url\":\"https:\/\/masterchem.fi\/sv\/produkt\/industriell-polyuretanlack-universal\/\",\"name\":\"Industriell polyuretanlack Universal - MasterChem | kemikaalien tuotanto ja myynti\",\"isPartOf\":{\"@id\":\"https:\/\/masterchem.fi\/sv\/#website\"},\"datePublished\":\"2020-08-14T05:51:53+00:00\",\"dateModified\":\"2020-09-25T07:01:24+00:00\",\"description\":\"En-komponent polyuretanbaserad bel\u00e4ggning. Den anv\u00e4nds som grundf\u00e4rg och topplack i ett f\u00e4rgskyddssystem: fanerade m\u00f6bler, massiva m\u00f6bler.\",\"breadcrumb\":{\"@id\":\"https:\/\/masterchem.fi\/sv\/produkt\/industriell-polyuretanlack-universal\/#breadcrumb\"},\"inLanguage\":\"sv-SE\",\"potentialAction\":[{\"@type\":\"ReadAction\",\"target\":[\"https:\/\/masterchem.fi\/sv\/produkt\/industriell-polyuretanlack-universal\/\"]}]},{\"@type\":\"BreadcrumbList\",\"@id\":\"https:\/\/masterchem.fi\/sv\/produkt\/industriell-polyuretanlack-universal\/#breadcrumb\",\"itemListElement\":[{\"@type\":\"ListItem\",\"position\":1,\"name\":\"Home\",\"item\":\"https:\/\/masterchem.fi\/sv\/\"},{\"@type\":\"ListItem\",\"position\":2,\"name\":\"Butik\",\"item\":\"https:\/\/masterchem.fi\/sv\/butik\/\"},{\"@type\":\"ListItem\",\"position\":3,\"name\":\"Industriell polyuretanlack Universal\"}]},{\"@type\":\"WebSite\",\"@id\":\"https:\/\/masterchem.fi\/sv\/#website\",\"url\":\"https:\/\/masterchem.fi\/sv\/\",\"name\":\"MasterChem | kemikaalien tuotanto ja myynti\",\"description\":\"kemikaalien tuotanto ja myynti\",\"potentialAction\":[{\"@type\":\"SearchAction\",\"target\":{\"@type\":\"EntryPoint\",\"urlTemplate\":\"https:\/\/masterchem.fi\/sv\/?s={search_term_string}\"},\"query-input\":{\"@type\":\"PropertyValueSpecification\",\"valueRequired\":true,\"valueName\":\"search_term_string\"}}],\"inLanguage\":\"sv-SE\"}]}<\/script>\n<!-- \/ Yoast SEO plugin. -->","yoast_head_json":{"title":"Industriell polyuretanlack Universal - MasterChem | kemikaalien tuotanto ja myynti","description":"En-komponent polyuretanbaserad bel\u00e4ggning. Den anv\u00e4nds som grundf\u00e4rg och topplack i ett f\u00e4rgskyddssystem: fanerade m\u00f6bler, massiva m\u00f6bler.","robots":{"index":"index","follow":"follow","max-snippet":"max-snippet:-1","max-image-preview":"max-image-preview:large","max-video-preview":"max-video-preview:-1"},"canonical":"https:\/\/masterchem.fi\/sv\/produkt\/industriell-polyuretanlack-universal\/","og_locale":"sv_SE","og_type":"article","og_title":"Industriell polyuretanlack Universal - MasterChem | kemikaalien tuotanto ja myynti","og_description":"En-komponent polyuretanbaserad bel\u00e4ggning. Den anv\u00e4nds som grundf\u00e4rg och topplack i ett f\u00e4rgskyddssystem: fanerade m\u00f6bler, massiva m\u00f6bler.","og_url":"https:\/\/masterchem.fi\/sv\/produkt\/industriell-polyuretanlack-universal\/","og_site_name":"MasterChem | kemikaalien tuotanto ja myynti","article_modified_time":"2020-09-25T07:01:24+00:00","twitter_card":"summary_large_image","twitter_misc":{"Ber\u00e4knad l\u00e4stid":"2 minuter"},"schema":{"@context":"https:\/\/schema.org","@graph":[{"@type":"WebPage","@id":"https:\/\/masterchem.fi\/sv\/produkt\/industriell-polyuretanlack-universal\/","url":"https:\/\/masterchem.fi\/sv\/produkt\/industriell-polyuretanlack-universal\/","name":"Industriell polyuretanlack Universal - MasterChem | kemikaalien tuotanto ja myynti","isPartOf":{"@id":"https:\/\/masterchem.fi\/sv\/#website"},"datePublished":"2020-08-14T05:51:53+00:00","dateModified":"2020-09-25T07:01:24+00:00","description":"En-komponent polyuretanbaserad bel\u00e4ggning. Den anv\u00e4nds som grundf\u00e4rg och topplack i ett f\u00e4rgskyddssystem: fanerade m\u00f6bler, massiva m\u00f6bler.","breadcrumb":{"@id":"https:\/\/masterchem.fi\/sv\/produkt\/industriell-polyuretanlack-universal\/#breadcrumb"},"inLanguage":"sv-SE","potentialAction":[{"@type":"ReadAction","target":["https:\/\/masterchem.fi\/sv\/produkt\/industriell-polyuretanlack-universal\/"]}]},{"@type":"BreadcrumbList","@id":"https:\/\/masterchem.fi\/sv\/produkt\/industriell-polyuretanlack-universal\/#breadcrumb","itemListElement":[{"@type":"ListItem","position":1,"name":"Home","item":"https:\/\/masterchem.fi\/sv\/"},{"@type":"ListItem","position":2,"name":"Butik","item":"https:\/\/masterchem.fi\/sv\/butik\/"},{"@type":"ListItem","position":3,"name":"Industriell polyuretanlack Universal"}]},{"@type":"WebSite","@id":"https:\/\/masterchem.fi\/sv\/#website","url":"https:\/\/masterchem.fi\/sv\/","name":"MasterChem | kemikaalien tuotanto ja myynti","description":"kemikaalien tuotanto ja myynti","potentialAction":[{"@type":"SearchAction","target":{"@type":"EntryPoint","urlTemplate":"https:\/\/masterchem.fi\/sv\/?s={search_term_string}"},"query-input":{"@type":"PropertyValueSpecification","valueRequired":true,"valueName":"search_term_string"}}],"inLanguage":"sv-SE"}]}},"_links":{"self":[{"href":"https:\/\/masterchem.fi\/sv\/wp-json\/wp\/v2\/product\/7234","targetHints":{"allow":["GET"]}}],"collection":[{"href":"https:\/\/masterchem.fi\/sv\/wp-json\/wp\/v2\/product"}],"about":[{"href":"https:\/\/masterchem.fi\/sv\/wp-json\/wp\/v2\/types\/product"}],"wp:attachment":[{"href":"https:\/\/masterchem.fi\/sv\/wp-json\/wp\/v2\/media?parent=7234"}],"wp:term":[{"taxonomy":"product_brand","embeddable":true,"href":"https:\/\/masterchem.fi\/sv\/wp-json\/wp\/v2\/product_brand?post=7234"},{"taxonomy":"product_cat","embeddable":true,"href":"https:\/\/masterchem.fi\/sv\/wp-json\/wp\/v2\/product_cat?post=7234"},{"taxonomy":"product_tag","embeddable":true,"href":"https:\/\/masterchem.fi\/sv\/wp-json\/wp\/v2\/product_tag?post=7234"}],"curies":[{"name":"wp","href":"https:\/\/api.w.org\/{rel}","templated":true}]}}