{"id":7238,"date":"2020-08-14T08:48:18","date_gmt":"2020-08-14T05:48:18","guid":{"rendered":"https:\/\/masterchem.fi\/product\/industrial-nitro-lacquer-universal\/"},"modified":"2020-08-14T08:48:18","modified_gmt":"2020-08-14T05:48:18","slug":"industrial-nitro-lacquer-universal","status":"publish","type":"product","link":"https:\/\/masterchem.fi\/sv\/produkt\/industrial-nitro-lacquer-universal\/","title":{"rendered":"Industrial Nitro Lacquer Universal"},"content":{"rendered":"<p> <strong> Urval <\/strong> <\/p>\n<p> NITRO LACQUER UNI (glans 10-60%) <\/p>\n<p> <strong> Tunnning <\/strong> <\/p>\n<p> NC-tunnare <\/p>\n<p> <strong> Grundl\u00e4ggande fysiska funktioner <\/strong> <\/p>\n<p> Viskositet, ISO 2431: 45-60 \u201d<br \/>\nFast, ISO 1515: 22&#8211;23% <\/p>\n<p> Blanda produkten v\u00e4l f\u00f6re anv\u00e4ndning. <\/p>\n<p> <strong> Distributionsmetod <\/strong> <\/p>\n<p> Lacket f\u00f6rtunnas med 5-15% nitrocellulosa tunnare f\u00f6re applicering, beroende p\u00e5 \u00f6nskad fyllnadsbel\u00e4ggning och artiklarnas form. <br \/>\nLacket kan appliceras genom att spruta elementen i tv\u00e5 eller flera lager p\u00e5 en torr och ren yta. <br \/>\nInnan ytbel\u00e4ggningen kan ytan m\u00e5las med NITRO eller WATER BASE. <\/p>\n<p> Optimal appliceringsviskositet: 20 + 2 \u201d(DIN 4, 20 \u00b0 C) <br \/>\nTorka med damm: 10-15 min <br \/>\nBel\u00e4ggning: 1 timme. (Slipning av mellanskiktet \u00e4r n\u00f6dv\u00e4ndigtvis 320 grin.t med sandpapper). <br \/>\nYtan \u00e4r torr efter 2 timmar. <\/p>\n<p> <strong> Spenderar <\/strong> <\/p>\n<p> 150-180g \/ m2 p\u00e5 en v\u00e5ning. <\/p>\n<p> <strong> Lagringsvillkor <\/strong> <\/p>\n<p> H\u00e5llbarheten f\u00f6r den ursprungligen f\u00f6rseglade och korrekt lagrade produkten \u00e4r 12 m\u00e5nader fr\u00e5n tillverkningsdatumet. <br \/>\nLagringstemperatur + 5C &#8211; + 25C. <\/p>\n<p> <strong> Anm\u00e4rkning <\/strong> <\/p>\n<p> Glas\u00f6gon och gl\u00f6d b\u00f6r b\u00e4ras under arbetet. <\/p>\n","protected":false},"excerpt":{"rendered":"<p> <strong> Definitions- och applikationsf\u00e4lt <\/strong> <\/p>\n<p> NITRO LACQUER UNIVERSAL \u00e4r en klar bel\u00e4ggning som skyddar och dekorerar m\u00f6bler och interi\u00f6rer (massiva och faner) som inte uts\u00e4tts f\u00f6r betydande mekaniska och kemiska effekter. Kan anv\u00e4ndas som bas- och ytbehandling. <br \/>\nDenna produkt \u00e4r baserad p\u00e5 nitrocellulosa, alkydhartser och organiska l\u00f6sningsmedel, med till\u00e4gg av medel f\u00f6r slipning och andra speciella tillsatser. <\/p>\n","protected":false},"featured_media":6717,"template":"","meta":[],"product_brand":[],"product_cat":[105,111,112,116],"product_tag":[],"class_list":{"0":"post-7238","1":"product","2":"type-product","3":"status-publish","4":"has-post-thumbnail","6":"product_cat-hushallskemikalier-sv","7":"product_cat-trabearbetningskemikalier","8":"product_cat-byggbranschen","9":"product_cat-alla-produkter","11":"first","12":"instock","13":"taxable","14":"shipping-taxable","15":"purchasable","16":"product-type-variable","17":"has-default-attributes","18":"rtwpvg-product"},"yoast_head":"<!-- This site is optimized with the Yoast SEO plugin v27.2 - https:\/\/yoast.com\/product\/yoast-seo-wordpress\/ -->\n<title>Industrial Nitro Lacquer Universal - MasterChem | kemikaalien tuotanto ja myynti<\/title>\n<meta name=\"description\" content=\"NITRO LACQUER UNIVERSAL \u00e4r en klar bel\u00e4ggning som skyddar och dekorerar m\u00f6bler och interi\u00f6rer (massiva och faner) som inte uts\u00e4tts f\u00f6r betydande mekaniska och kemiska effekter.\" \/>\n<meta name=\"robots\" content=\"index, follow, max-snippet:-1, max-image-preview:large, max-video-preview:-1\" \/>\n<link rel=\"canonical\" href=\"https:\/\/masterchem.fi\/sv\/produkt\/industrial-nitro-lacquer-universal\/\" \/>\n<meta property=\"og:locale\" content=\"sv_SE\" \/>\n<meta property=\"og:type\" content=\"article\" \/>\n<meta property=\"og:title\" content=\"Industrial Nitro Lacquer Universal - MasterChem | kemikaalien tuotanto ja myynti\" \/>\n<meta property=\"og:description\" content=\"NITRO LACQUER UNIVERSAL \u00e4r en klar bel\u00e4ggning som skyddar och dekorerar m\u00f6bler och interi\u00f6rer (massiva och faner) som inte uts\u00e4tts f\u00f6r betydande mekaniska och kemiska effekter.\" \/>\n<meta property=\"og:url\" content=\"https:\/\/masterchem.fi\/sv\/produkt\/industrial-nitro-lacquer-universal\/\" \/>\n<meta property=\"og:site_name\" content=\"MasterChem | kemikaalien tuotanto ja myynti\" \/>\n<meta property=\"og:image\" content=\"https:\/\/masterchem.fi\/wp-content\/uploads\/2020\/08\/toostuslik_moobli-nitrolakk_200l_MasterChem.jpg\" \/>\n\t<meta property=\"og:image:width\" content=\"1000\" \/>\n\t<meta property=\"og:image:height\" content=\"1000\" \/>\n\t<meta property=\"og:image:type\" content=\"image\/jpeg\" \/>\n<meta name=\"twitter:card\" content=\"summary_large_image\" \/>\n<meta name=\"twitter:label1\" content=\"Ber\u00e4knad l\u00e4stid\" \/>\n\t<meta name=\"twitter:data1\" content=\"1 minut\" \/>\n<script type=\"application\/ld+json\" class=\"yoast-schema-graph\">{\"@context\":\"https:\/\/schema.org\",\"@graph\":[{\"@type\":\"WebPage\",\"@id\":\"https:\/\/masterchem.fi\/sv\/produkt\/industrial-nitro-lacquer-universal\/\",\"url\":\"https:\/\/masterchem.fi\/sv\/produkt\/industrial-nitro-lacquer-universal\/\",\"name\":\"Industrial Nitro Lacquer Universal - MasterChem | kemikaalien tuotanto ja myynti\",\"isPartOf\":{\"@id\":\"https:\/\/masterchem.fi\/sv\/#website\"},\"primaryImageOfPage\":{\"@id\":\"https:\/\/masterchem.fi\/sv\/produkt\/industrial-nitro-lacquer-universal\/#primaryimage\"},\"image\":{\"@id\":\"https:\/\/masterchem.fi\/sv\/produkt\/industrial-nitro-lacquer-universal\/#primaryimage\"},\"thumbnailUrl\":\"https:\/\/masterchem.fi\/wp-content\/uploads\/2020\/08\/toostuslik_moobli-nitrolakk_200l_MasterChem.jpg\",\"datePublished\":\"2020-08-14T05:48:18+00:00\",\"description\":\"NITRO LACQUER UNIVERSAL \u00e4r en klar bel\u00e4ggning som skyddar och dekorerar m\u00f6bler och interi\u00f6rer (massiva och faner) som inte uts\u00e4tts f\u00f6r betydande mekaniska och kemiska effekter.\",\"breadcrumb\":{\"@id\":\"https:\/\/masterchem.fi\/sv\/produkt\/industrial-nitro-lacquer-universal\/#breadcrumb\"},\"inLanguage\":\"sv-SE\",\"potentialAction\":[{\"@type\":\"ReadAction\",\"target\":[\"https:\/\/masterchem.fi\/sv\/produkt\/industrial-nitro-lacquer-universal\/\"]}]},{\"@type\":\"ImageObject\",\"inLanguage\":\"sv-SE\",\"@id\":\"https:\/\/masterchem.fi\/sv\/produkt\/industrial-nitro-lacquer-universal\/#primaryimage\",\"url\":\"https:\/\/masterchem.fi\/wp-content\/uploads\/2020\/08\/toostuslik_moobli-nitrolakk_200l_MasterChem.jpg\",\"contentUrl\":\"https:\/\/masterchem.fi\/wp-content\/uploads\/2020\/08\/toostuslik_moobli-nitrolakk_200l_MasterChem.jpg\",\"width\":1000,\"height\":1000,\"caption\":\"Industrial Nitro Lacquer Universal 200L\"},{\"@type\":\"BreadcrumbList\",\"@id\":\"https:\/\/masterchem.fi\/sv\/produkt\/industrial-nitro-lacquer-universal\/#breadcrumb\",\"itemListElement\":[{\"@type\":\"ListItem\",\"position\":1,\"name\":\"Home\",\"item\":\"https:\/\/masterchem.fi\/sv\/\"},{\"@type\":\"ListItem\",\"position\":2,\"name\":\"Butik\",\"item\":\"https:\/\/masterchem.fi\/sv\/butik\/\"},{\"@type\":\"ListItem\",\"position\":3,\"name\":\"Industrial Nitro Lacquer Universal\"}]},{\"@type\":\"WebSite\",\"@id\":\"https:\/\/masterchem.fi\/sv\/#website\",\"url\":\"https:\/\/masterchem.fi\/sv\/\",\"name\":\"MasterChem | kemikaalien tuotanto ja myynti\",\"description\":\"kemikaalien tuotanto ja myynti\",\"potentialAction\":[{\"@type\":\"SearchAction\",\"target\":{\"@type\":\"EntryPoint\",\"urlTemplate\":\"https:\/\/masterchem.fi\/sv\/?s={search_term_string}\"},\"query-input\":{\"@type\":\"PropertyValueSpecification\",\"valueRequired\":true,\"valueName\":\"search_term_string\"}}],\"inLanguage\":\"sv-SE\"}]}<\/script>\n<!-- \/ Yoast SEO plugin. -->","yoast_head_json":{"title":"Industrial Nitro Lacquer Universal - MasterChem | kemikaalien tuotanto ja myynti","description":"NITRO LACQUER UNIVERSAL \u00e4r en klar bel\u00e4ggning som skyddar och dekorerar m\u00f6bler och interi\u00f6rer (massiva och faner) som inte uts\u00e4tts f\u00f6r betydande mekaniska och kemiska effekter.","robots":{"index":"index","follow":"follow","max-snippet":"max-snippet:-1","max-image-preview":"max-image-preview:large","max-video-preview":"max-video-preview:-1"},"canonical":"https:\/\/masterchem.fi\/sv\/produkt\/industrial-nitro-lacquer-universal\/","og_locale":"sv_SE","og_type":"article","og_title":"Industrial Nitro Lacquer Universal - MasterChem | kemikaalien tuotanto ja myynti","og_description":"NITRO LACQUER UNIVERSAL \u00e4r en klar bel\u00e4ggning som skyddar och dekorerar m\u00f6bler och interi\u00f6rer (massiva och faner) som inte uts\u00e4tts f\u00f6r betydande mekaniska och kemiska effekter.","og_url":"https:\/\/masterchem.fi\/sv\/produkt\/industrial-nitro-lacquer-universal\/","og_site_name":"MasterChem | kemikaalien tuotanto ja myynti","og_image":[{"width":1000,"height":1000,"url":"https:\/\/masterchem.fi\/wp-content\/uploads\/2020\/08\/toostuslik_moobli-nitrolakk_200l_MasterChem.jpg","type":"image\/jpeg"}],"twitter_card":"summary_large_image","twitter_misc":{"Ber\u00e4knad l\u00e4stid":"1 minut"},"schema":{"@context":"https:\/\/schema.org","@graph":[{"@type":"WebPage","@id":"https:\/\/masterchem.fi\/sv\/produkt\/industrial-nitro-lacquer-universal\/","url":"https:\/\/masterchem.fi\/sv\/produkt\/industrial-nitro-lacquer-universal\/","name":"Industrial Nitro Lacquer Universal - MasterChem | kemikaalien tuotanto ja myynti","isPartOf":{"@id":"https:\/\/masterchem.fi\/sv\/#website"},"primaryImageOfPage":{"@id":"https:\/\/masterchem.fi\/sv\/produkt\/industrial-nitro-lacquer-universal\/#primaryimage"},"image":{"@id":"https:\/\/masterchem.fi\/sv\/produkt\/industrial-nitro-lacquer-universal\/#primaryimage"},"thumbnailUrl":"https:\/\/masterchem.fi\/wp-content\/uploads\/2020\/08\/toostuslik_moobli-nitrolakk_200l_MasterChem.jpg","datePublished":"2020-08-14T05:48:18+00:00","description":"NITRO LACQUER UNIVERSAL \u00e4r en klar bel\u00e4ggning som skyddar och dekorerar m\u00f6bler och interi\u00f6rer (massiva och faner) som inte uts\u00e4tts f\u00f6r betydande mekaniska och kemiska effekter.","breadcrumb":{"@id":"https:\/\/masterchem.fi\/sv\/produkt\/industrial-nitro-lacquer-universal\/#breadcrumb"},"inLanguage":"sv-SE","potentialAction":[{"@type":"ReadAction","target":["https:\/\/masterchem.fi\/sv\/produkt\/industrial-nitro-lacquer-universal\/"]}]},{"@type":"ImageObject","inLanguage":"sv-SE","@id":"https:\/\/masterchem.fi\/sv\/produkt\/industrial-nitro-lacquer-universal\/#primaryimage","url":"https:\/\/masterchem.fi\/wp-content\/uploads\/2020\/08\/toostuslik_moobli-nitrolakk_200l_MasterChem.jpg","contentUrl":"https:\/\/masterchem.fi\/wp-content\/uploads\/2020\/08\/toostuslik_moobli-nitrolakk_200l_MasterChem.jpg","width":1000,"height":1000,"caption":"Industrial Nitro Lacquer Universal 200L"},{"@type":"BreadcrumbList","@id":"https:\/\/masterchem.fi\/sv\/produkt\/industrial-nitro-lacquer-universal\/#breadcrumb","itemListElement":[{"@type":"ListItem","position":1,"name":"Home","item":"https:\/\/masterchem.fi\/sv\/"},{"@type":"ListItem","position":2,"name":"Butik","item":"https:\/\/masterchem.fi\/sv\/butik\/"},{"@type":"ListItem","position":3,"name":"Industrial Nitro Lacquer Universal"}]},{"@type":"WebSite","@id":"https:\/\/masterchem.fi\/sv\/#website","url":"https:\/\/masterchem.fi\/sv\/","name":"MasterChem | kemikaalien tuotanto ja myynti","description":"kemikaalien tuotanto ja myynti","potentialAction":[{"@type":"SearchAction","target":{"@type":"EntryPoint","urlTemplate":"https:\/\/masterchem.fi\/sv\/?s={search_term_string}"},"query-input":{"@type":"PropertyValueSpecification","valueRequired":true,"valueName":"search_term_string"}}],"inLanguage":"sv-SE"}]}},"_links":{"self":[{"href":"https:\/\/masterchem.fi\/sv\/wp-json\/wp\/v2\/product\/7238","targetHints":{"allow":["GET"]}}],"collection":[{"href":"https:\/\/masterchem.fi\/sv\/wp-json\/wp\/v2\/product"}],"about":[{"href":"https:\/\/masterchem.fi\/sv\/wp-json\/wp\/v2\/types\/product"}],"wp:featuredmedia":[{"embeddable":true,"href":"https:\/\/masterchem.fi\/sv\/wp-json\/wp\/v2\/media\/6717"}],"wp:attachment":[{"href":"https:\/\/masterchem.fi\/sv\/wp-json\/wp\/v2\/media?parent=7238"}],"wp:term":[{"taxonomy":"product_brand","embeddable":true,"href":"https:\/\/masterchem.fi\/sv\/wp-json\/wp\/v2\/product_brand?post=7238"},{"taxonomy":"product_cat","embeddable":true,"href":"https:\/\/masterchem.fi\/sv\/wp-json\/wp\/v2\/product_cat?post=7238"},{"taxonomy":"product_tag","embeddable":true,"href":"https:\/\/masterchem.fi\/sv\/wp-json\/wp\/v2\/product_tag?post=7238"}],"curies":[{"name":"wp","href":"https:\/\/api.w.org\/{rel}","templated":true}]}}