{"id":7241,"date":"2017-04-18T06:52:50","date_gmt":"2017-04-18T03:52:50","guid":{"rendered":"https:\/\/masterchem.fi\/product\/aceton\/"},"modified":"2022-04-19T10:40:05","modified_gmt":"2022-04-19T07:40:05","slug":"aceton-cas-67-64-1","status":"publish","type":"product","link":"https:\/\/masterchem.fi\/sv\/produkt\/aceton-cas-67-64-1\/","title":{"rendered":"Aceton (CAS 67-64-1)"},"content":{"rendered":"<p><a href=\"https:\/\/masterchem.fi\/wp-content\/uploads\/2017\/04\/Atsetoon_Masterchem_2020_MSDS_ohutuskaart.pdf\" target=\"_blank\" rel=\"noopener noreferrer\">S\u00e4kerhetsdatablad (MSDS)<\/a><\/p>\n<p> Aceton \u00e4r en mycket svag syra med en decimal negativ logaritm av dess syrakonstant <i> pK <sub> a <\/sub> = 19,3 <\/i>. Surheten beror p\u00e5 den resonansstabiliserade konjugatbasen. I en annan form av resonans stabiliserar den elektronegativa syreatomen den negativa laddningen. <\/p>\n","protected":false},"excerpt":{"rendered":"<p><b> Aceton <\/b> (inklusive <i> 2-propanon <\/i>, <i> dimetylketon <\/i>, kemisk formel <b> C <sub> 3 <\/sub> H <sub> 6 <\/sub> O <\/b>) \u00e4r den enklaste ketonf\u00f6reningen. Aceton \u00e4r normalt en f\u00e4rgl\u00f6s och brandfarlig, luktande v\u00e4tska. Som en organisk f\u00f6rening \u00e4r den l\u00f6slig i eter, men p\u00e5 grund av dess lilla storlek och ketongrupp \u00e4r den ocks\u00e5 l\u00f6slig i vatten och etanol. Aceton avdunstar mycket snabbt. Den har en flampunkt p\u00e5 &#8211; 18 \u00b0 C och en sj\u00e4lvant\u00e4ndningstemperatur p\u00e5 465 \u00b0 C.<\/p>\n<p><b> Andra namn: aceton, 2-propanon, dimetylketon <\/b><\/p>\n","protected":false},"featured_media":5688,"template":"","meta":[],"product_brand":[],"product_cat":[105,106,108,112,113,114,115,116],"product_tag":[],"class_list":{"0":"post-7241","1":"product","2":"type-product","3":"status-publish","4":"has-post-thumbnail","6":"product_cat-hushallskemikalier-sv","7":"product_cat-lakemedelsindustri","8":"product_cat-metallkemikalier","9":"product_cat-byggbranschen","10":"product_cat-vaggmalning","11":"product_cat-typografiska-kemikalier","12":"product_cat-industriella-kemikalier","13":"product_cat-alla-produkter","15":"first","16":"instock","17":"featured","18":"taxable","19":"shipping-taxable","20":"purchasable","21":"product-type-variable","22":"has-default-attributes","23":"rtwpvg-product"},"yoast_head":"<!-- This site is optimized with the Yoast SEO plugin v27.2 - https:\/\/yoast.com\/product\/yoast-seo-wordpress\/ -->\n<title>Aceton (CAS 67-64-1) - MasterChem | kemikaalien tuotanto ja myynti<\/title>\n<meta name=\"description\" content=\"Aceton \u00e4r den enklaste ketonf\u00f6reningen. Aceton \u00e4r normalt en f\u00e4rgl\u00f6s och brandfarlig, luktande v\u00e4tska.\" \/>\n<meta name=\"robots\" content=\"index, follow, max-snippet:-1, max-image-preview:large, max-video-preview:-1\" \/>\n<link rel=\"canonical\" href=\"https:\/\/masterchem.fi\/sv\/produkt\/aceton-cas-67-64-1\/\" \/>\n<meta property=\"og:locale\" content=\"sv_SE\" \/>\n<meta property=\"og:type\" content=\"article\" \/>\n<meta property=\"og:title\" content=\"Aceton (CAS 67-64-1) - MasterChem | kemikaalien tuotanto ja myynti\" \/>\n<meta property=\"og:description\" content=\"Aceton \u00e4r den enklaste ketonf\u00f6reningen. Aceton \u00e4r normalt en f\u00e4rgl\u00f6s och brandfarlig, luktande v\u00e4tska.\" \/>\n<meta property=\"og:url\" content=\"https:\/\/masterchem.fi\/sv\/produkt\/aceton-cas-67-64-1\/\" \/>\n<meta property=\"og:site_name\" content=\"MasterChem | kemikaalien tuotanto ja myynti\" \/>\n<meta property=\"article:modified_time\" content=\"2022-04-19T07:40:05+00:00\" \/>\n<meta name=\"twitter:card\" content=\"summary_large_image\" \/>\n<script type=\"application\/ld+json\" class=\"yoast-schema-graph\">{\"@context\":\"https:\/\/schema.org\",\"@graph\":[{\"@type\":\"WebPage\",\"@id\":\"https:\/\/masterchem.fi\/sv\/produkt\/aceton-cas-67-64-1\/\",\"url\":\"https:\/\/masterchem.fi\/sv\/produkt\/aceton-cas-67-64-1\/\",\"name\":\"Aceton (CAS 67-64-1) - MasterChem | kemikaalien tuotanto ja myynti\",\"isPartOf\":{\"@id\":\"https:\/\/masterchem.fi\/sv\/#website\"},\"primaryImageOfPage\":{\"@id\":\"https:\/\/masterchem.fi\/sv\/produkt\/aceton-cas-67-64-1\/#primaryimage\"},\"image\":{\"@id\":\"https:\/\/masterchem.fi\/sv\/produkt\/aceton-cas-67-64-1\/#primaryimage\"},\"thumbnailUrl\":\"https:\/\/masterchem.fi\/wp-content\/uploads\/2017\/04\/Atsetoon_790kg_MaterChem.jpg\",\"datePublished\":\"2017-04-18T03:52:50+00:00\",\"dateModified\":\"2022-04-19T07:40:05+00:00\",\"description\":\"Aceton \u00e4r den enklaste ketonf\u00f6reningen. Aceton \u00e4r normalt en f\u00e4rgl\u00f6s och brandfarlig, luktande v\u00e4tska.\",\"breadcrumb\":{\"@id\":\"https:\/\/masterchem.fi\/sv\/produkt\/aceton-cas-67-64-1\/#breadcrumb\"},\"inLanguage\":\"sv-SE\",\"potentialAction\":[{\"@type\":\"ReadAction\",\"target\":[\"https:\/\/masterchem.fi\/sv\/produkt\/aceton-cas-67-64-1\/\"]}]},{\"@type\":\"ImageObject\",\"inLanguage\":\"sv-SE\",\"@id\":\"https:\/\/masterchem.fi\/sv\/produkt\/aceton-cas-67-64-1\/#primaryimage\",\"url\":\"https:\/\/masterchem.fi\/wp-content\/uploads\/2017\/04\/Atsetoon_790kg_MaterChem.jpg\",\"contentUrl\":\"https:\/\/masterchem.fi\/wp-content\/uploads\/2017\/04\/Atsetoon_790kg_MaterChem.jpg\",\"width\":1000,\"height\":1000,\"caption\":\"Asetoni 790kg MaterChem\"},{\"@type\":\"BreadcrumbList\",\"@id\":\"https:\/\/masterchem.fi\/sv\/produkt\/aceton-cas-67-64-1\/#breadcrumb\",\"itemListElement\":[{\"@type\":\"ListItem\",\"position\":1,\"name\":\"Home\",\"item\":\"https:\/\/masterchem.fi\/sv\/\"},{\"@type\":\"ListItem\",\"position\":2,\"name\":\"Butik\",\"item\":\"https:\/\/masterchem.fi\/sv\/butik\/\"},{\"@type\":\"ListItem\",\"position\":3,\"name\":\"Aceton (CAS 67-64-1)\"}]},{\"@type\":\"WebSite\",\"@id\":\"https:\/\/masterchem.fi\/sv\/#website\",\"url\":\"https:\/\/masterchem.fi\/sv\/\",\"name\":\"MasterChem | kemikaalien tuotanto ja myynti\",\"description\":\"kemikaalien tuotanto ja myynti\",\"potentialAction\":[{\"@type\":\"SearchAction\",\"target\":{\"@type\":\"EntryPoint\",\"urlTemplate\":\"https:\/\/masterchem.fi\/sv\/?s={search_term_string}\"},\"query-input\":{\"@type\":\"PropertyValueSpecification\",\"valueRequired\":true,\"valueName\":\"search_term_string\"}}],\"inLanguage\":\"sv-SE\"}]}<\/script>\n<!-- \/ Yoast SEO plugin. -->","yoast_head_json":{"title":"Aceton (CAS 67-64-1) - MasterChem | kemikaalien tuotanto ja myynti","description":"Aceton \u00e4r den enklaste ketonf\u00f6reningen. Aceton \u00e4r normalt en f\u00e4rgl\u00f6s och brandfarlig, luktande v\u00e4tska.","robots":{"index":"index","follow":"follow","max-snippet":"max-snippet:-1","max-image-preview":"max-image-preview:large","max-video-preview":"max-video-preview:-1"},"canonical":"https:\/\/masterchem.fi\/sv\/produkt\/aceton-cas-67-64-1\/","og_locale":"sv_SE","og_type":"article","og_title":"Aceton (CAS 67-64-1) - MasterChem | kemikaalien tuotanto ja myynti","og_description":"Aceton \u00e4r den enklaste ketonf\u00f6reningen. Aceton \u00e4r normalt en f\u00e4rgl\u00f6s och brandfarlig, luktande v\u00e4tska.","og_url":"https:\/\/masterchem.fi\/sv\/produkt\/aceton-cas-67-64-1\/","og_site_name":"MasterChem | kemikaalien tuotanto ja myynti","article_modified_time":"2022-04-19T07:40:05+00:00","twitter_card":"summary_large_image","schema":{"@context":"https:\/\/schema.org","@graph":[{"@type":"WebPage","@id":"https:\/\/masterchem.fi\/sv\/produkt\/aceton-cas-67-64-1\/","url":"https:\/\/masterchem.fi\/sv\/produkt\/aceton-cas-67-64-1\/","name":"Aceton (CAS 67-64-1) - MasterChem | kemikaalien tuotanto ja myynti","isPartOf":{"@id":"https:\/\/masterchem.fi\/sv\/#website"},"primaryImageOfPage":{"@id":"https:\/\/masterchem.fi\/sv\/produkt\/aceton-cas-67-64-1\/#primaryimage"},"image":{"@id":"https:\/\/masterchem.fi\/sv\/produkt\/aceton-cas-67-64-1\/#primaryimage"},"thumbnailUrl":"https:\/\/masterchem.fi\/wp-content\/uploads\/2017\/04\/Atsetoon_790kg_MaterChem.jpg","datePublished":"2017-04-18T03:52:50+00:00","dateModified":"2022-04-19T07:40:05+00:00","description":"Aceton \u00e4r den enklaste ketonf\u00f6reningen. Aceton \u00e4r normalt en f\u00e4rgl\u00f6s och brandfarlig, luktande v\u00e4tska.","breadcrumb":{"@id":"https:\/\/masterchem.fi\/sv\/produkt\/aceton-cas-67-64-1\/#breadcrumb"},"inLanguage":"sv-SE","potentialAction":[{"@type":"ReadAction","target":["https:\/\/masterchem.fi\/sv\/produkt\/aceton-cas-67-64-1\/"]}]},{"@type":"ImageObject","inLanguage":"sv-SE","@id":"https:\/\/masterchem.fi\/sv\/produkt\/aceton-cas-67-64-1\/#primaryimage","url":"https:\/\/masterchem.fi\/wp-content\/uploads\/2017\/04\/Atsetoon_790kg_MaterChem.jpg","contentUrl":"https:\/\/masterchem.fi\/wp-content\/uploads\/2017\/04\/Atsetoon_790kg_MaterChem.jpg","width":1000,"height":1000,"caption":"Asetoni 790kg MaterChem"},{"@type":"BreadcrumbList","@id":"https:\/\/masterchem.fi\/sv\/produkt\/aceton-cas-67-64-1\/#breadcrumb","itemListElement":[{"@type":"ListItem","position":1,"name":"Home","item":"https:\/\/masterchem.fi\/sv\/"},{"@type":"ListItem","position":2,"name":"Butik","item":"https:\/\/masterchem.fi\/sv\/butik\/"},{"@type":"ListItem","position":3,"name":"Aceton (CAS 67-64-1)"}]},{"@type":"WebSite","@id":"https:\/\/masterchem.fi\/sv\/#website","url":"https:\/\/masterchem.fi\/sv\/","name":"MasterChem | kemikaalien tuotanto ja myynti","description":"kemikaalien tuotanto ja myynti","potentialAction":[{"@type":"SearchAction","target":{"@type":"EntryPoint","urlTemplate":"https:\/\/masterchem.fi\/sv\/?s={search_term_string}"},"query-input":{"@type":"PropertyValueSpecification","valueRequired":true,"valueName":"search_term_string"}}],"inLanguage":"sv-SE"}]}},"_links":{"self":[{"href":"https:\/\/masterchem.fi\/sv\/wp-json\/wp\/v2\/product\/7241","targetHints":{"allow":["GET"]}}],"collection":[{"href":"https:\/\/masterchem.fi\/sv\/wp-json\/wp\/v2\/product"}],"about":[{"href":"https:\/\/masterchem.fi\/sv\/wp-json\/wp\/v2\/types\/product"}],"wp:featuredmedia":[{"embeddable":true,"href":"https:\/\/masterchem.fi\/sv\/wp-json\/wp\/v2\/media\/5688"}],"wp:attachment":[{"href":"https:\/\/masterchem.fi\/sv\/wp-json\/wp\/v2\/media?parent=7241"}],"wp:term":[{"taxonomy":"product_brand","embeddable":true,"href":"https:\/\/masterchem.fi\/sv\/wp-json\/wp\/v2\/product_brand?post=7241"},{"taxonomy":"product_cat","embeddable":true,"href":"https:\/\/masterchem.fi\/sv\/wp-json\/wp\/v2\/product_cat?post=7241"},{"taxonomy":"product_tag","embeddable":true,"href":"https:\/\/masterchem.fi\/sv\/wp-json\/wp\/v2\/product_tag?post=7241"}],"curies":[{"name":"wp","href":"https:\/\/api.w.org\/{rel}","templated":true}]}}