{"id":7249,"date":"2017-04-18T06:54:15","date_gmt":"2017-04-18T03:54:15","guid":{"rendered":"https:\/\/masterchem.fi\/product\/n-butylacetat\/"},"modified":"2022-04-19T10:48:35","modified_gmt":"2022-04-19T07:48:35","slug":"butylacetat-cas-123-86-4n-butylacetat","status":"publish","type":"product","link":"https:\/\/masterchem.fi\/sv\/produkt\/butylacetat-cas-123-86-4n-butylacetat\/","title":{"rendered":"Butylacetat (CAS 123-86-4)"},"content":{"rendered":"<p> F\u00f6reningen finns i blommiga dofter och som en halvkemikalie i kommunikationen av organismer. <\/p>\n<p> N-butylacetat-isomera acetater innefattar isobutylacetat, sek-butylacetat och tert-butylacetat. <\/p>\n<p> Butylacetat har god l\u00f6slighet och kan ocks\u00e5 l\u00f6sa upp flera polymerer s\u00e5som gummi, polyvinylacetat, polystyren och cellulosa. D\u00e4rf\u00f6r anv\u00e4nds det som l\u00f6sningsmedel. Dess arom liknar till exempel ett \u00e4pple eller ett p\u00e4ron, varf\u00f6r butylacetat ocks\u00e5 anv\u00e4nds i parfymer. <\/p>\n<p> N-butylacetat \u00e4r normalt en f\u00e4rgl\u00f6s v\u00e4tska med en karakteristisk lukt. Den har en molekylvikt p\u00e5 116,2 g \/ mol, en sm\u00e4ltpunkt p\u00e5 -78 \u00b0 C, en kokpunkt p\u00e5 126 \u00b0 C, en relativ densitet p\u00e5 0,88 g \/ cm3 (vatten = 1,0 g \/ cm3), l\u00f6slig i vatten vid 20 \u00b0 C 0, 7 g \/ 100 ml, flampunkt 22 \u00b0 C cc, sj\u00e4lvant\u00e4ndningstemperatur 420 \u00b0 C och CAS-nummer 123-86-4. <\/p>\n","protected":false},"excerpt":{"rendered":"<p>n-butylacetat, \u00e4ven k\u00e4nt som butyletanat, \u00e4r en ester som \u00e4r en f\u00e4rgl\u00f6s, brandfarlig v\u00e4tska vid rumstemperatur. Det finns i m\u00e5nga typer av frukt d\u00e4r det ger karakteristiska smaker tillsammans med andra kemikalier och har en s\u00f6t banan- eller \u00e4ppelarom. Butylacetat anv\u00e4nds ofta som ett h\u00f6gkokande l\u00f6sningsmedel med m\u00e5ttlig polaritet. Det anv\u00e4nds som en syntetisk fruktsmak i livsmedel som grov, glass, ostar och bageriprodukter.<\/p>\n","protected":false},"featured_media":5718,"template":"","meta":[],"product_brand":[],"product_cat":[108,111,112,113,114,116],"product_tag":[],"class_list":{"0":"post-7249","1":"product","2":"type-product","3":"status-publish","4":"has-post-thumbnail","6":"product_cat-metallkemikalier","7":"product_cat-trabearbetningskemikalier","8":"product_cat-byggbranschen","9":"product_cat-vaggmalning","10":"product_cat-typografiska-kemikalier","11":"product_cat-alla-produkter","13":"first","14":"instock","15":"taxable","16":"shipping-taxable","17":"purchasable","18":"product-type-variable","19":"has-default-attributes","20":"rtwpvg-product"},"yoast_head":"<!-- This site is optimized with the Yoast SEO plugin v27.5 - https:\/\/yoast.com\/product\/yoast-seo-wordpress\/ -->\n<title>Butylacetat (CAS 123-86-4) - MasterChem | kemikaalien tuotanto ja myynti<\/title>\n<meta name=\"description\" content=\"Butylacetat , \u00e4ven k\u00e4nt som butyletanat, \u00e4r en ester som \u00e4r en f\u00e4rgl\u00f6s, brandfarlig v\u00e4tska vid rumstemperatur.\" \/>\n<meta name=\"robots\" content=\"index, follow, max-snippet:-1, max-image-preview:large, max-video-preview:-1\" \/>\n<link rel=\"canonical\" href=\"https:\/\/masterchem.fi\/sv\/produkt\/butylacetat-cas-123-86-4n-butylacetat\/\" \/>\n<meta property=\"og:locale\" content=\"sv_SE\" \/>\n<meta property=\"og:type\" content=\"article\" \/>\n<meta property=\"og:title\" content=\"Butylacetat (CAS 123-86-4) - MasterChem | kemikaalien tuotanto ja myynti\" \/>\n<meta property=\"og:description\" content=\"Butylacetat , \u00e4ven k\u00e4nt som butyletanat, \u00e4r en ester som \u00e4r en f\u00e4rgl\u00f6s, brandfarlig v\u00e4tska vid rumstemperatur.\" \/>\n<meta property=\"og:url\" content=\"https:\/\/masterchem.fi\/sv\/produkt\/butylacetat-cas-123-86-4n-butylacetat\/\" \/>\n<meta property=\"og:site_name\" content=\"MasterChem | kemikaalien tuotanto ja myynti\" \/>\n<meta property=\"article:modified_time\" content=\"2022-04-19T07:48:35+00:00\" \/>\n<meta name=\"twitter:card\" content=\"summary_large_image\" \/>\n<meta name=\"twitter:label1\" content=\"Ber\u00e4knad l\u00e4stid\" \/>\n\t<meta name=\"twitter:data1\" content=\"1 minut\" \/>\n<script type=\"application\/ld+json\" class=\"yoast-schema-graph\">{\"@context\":\"https:\\\/\\\/schema.org\",\"@graph\":[{\"@type\":\"WebPage\",\"@id\":\"https:\\\/\\\/masterchem.fi\\\/sv\\\/produkt\\\/butylacetat-cas-123-86-4n-butylacetat\\\/\",\"url\":\"https:\\\/\\\/masterchem.fi\\\/sv\\\/produkt\\\/butylacetat-cas-123-86-4n-butylacetat\\\/\",\"name\":\"Butylacetat (CAS 123-86-4) - MasterChem | kemikaalien tuotanto ja myynti\",\"isPartOf\":{\"@id\":\"https:\\\/\\\/masterchem.fi\\\/sv\\\/#website\"},\"primaryImageOfPage\":{\"@id\":\"https:\\\/\\\/masterchem.fi\\\/sv\\\/produkt\\\/butylacetat-cas-123-86-4n-butylacetat\\\/#primaryimage\"},\"image\":{\"@id\":\"https:\\\/\\\/masterchem.fi\\\/sv\\\/produkt\\\/butylacetat-cas-123-86-4n-butylacetat\\\/#primaryimage\"},\"thumbnailUrl\":\"https:\\\/\\\/masterchem.fi\\\/wp-content\\\/uploads\\\/2017\\\/04\\\/N-butyyliasetaatti_880kg_MaterChem.jpg\",\"datePublished\":\"2017-04-18T03:54:15+00:00\",\"dateModified\":\"2022-04-19T07:48:35+00:00\",\"description\":\"Butylacetat , \u00e4ven k\u00e4nt som butyletanat, \u00e4r en ester som \u00e4r en f\u00e4rgl\u00f6s, brandfarlig v\u00e4tska vid rumstemperatur.\",\"breadcrumb\":{\"@id\":\"https:\\\/\\\/masterchem.fi\\\/sv\\\/produkt\\\/butylacetat-cas-123-86-4n-butylacetat\\\/#breadcrumb\"},\"inLanguage\":\"sv-SE\",\"potentialAction\":[{\"@type\":\"ReadAction\",\"target\":[\"https:\\\/\\\/masterchem.fi\\\/sv\\\/produkt\\\/butylacetat-cas-123-86-4n-butylacetat\\\/\"]}]},{\"@type\":\"ImageObject\",\"inLanguage\":\"sv-SE\",\"@id\":\"https:\\\/\\\/masterchem.fi\\\/sv\\\/produkt\\\/butylacetat-cas-123-86-4n-butylacetat\\\/#primaryimage\",\"url\":\"https:\\\/\\\/masterchem.fi\\\/wp-content\\\/uploads\\\/2017\\\/04\\\/N-butyyliasetaatti_880kg_MaterChem.jpg\",\"contentUrl\":\"https:\\\/\\\/masterchem.fi\\\/wp-content\\\/uploads\\\/2017\\\/04\\\/N-butyyliasetaatti_880kg_MaterChem.jpg\",\"width\":1000,\"height\":1000,\"caption\":\"N-butyyliasetaatti 880kg MaterChem\"},{\"@type\":\"BreadcrumbList\",\"@id\":\"https:\\\/\\\/masterchem.fi\\\/sv\\\/produkt\\\/butylacetat-cas-123-86-4n-butylacetat\\\/#breadcrumb\",\"itemListElement\":[{\"@type\":\"ListItem\",\"position\":1,\"name\":\"Home\",\"item\":\"https:\\\/\\\/masterchem.fi\\\/sv\\\/\"},{\"@type\":\"ListItem\",\"position\":2,\"name\":\"Butik\",\"item\":\"https:\\\/\\\/masterchem.fi\\\/sv\\\/butik\\\/\"},{\"@type\":\"ListItem\",\"position\":3,\"name\":\"Butylacetat (CAS 123-86-4)\"}]},{\"@type\":\"WebSite\",\"@id\":\"https:\\\/\\\/masterchem.fi\\\/sv\\\/#website\",\"url\":\"https:\\\/\\\/masterchem.fi\\\/sv\\\/\",\"name\":\"MasterChem | kemikaalien tuotanto ja myynti\",\"description\":\"kemikaalien tuotanto ja myynti\",\"potentialAction\":[{\"@type\":\"SearchAction\",\"target\":{\"@type\":\"EntryPoint\",\"urlTemplate\":\"https:\\\/\\\/masterchem.fi\\\/sv\\\/?s={search_term_string}\"},\"query-input\":{\"@type\":\"PropertyValueSpecification\",\"valueRequired\":true,\"valueName\":\"search_term_string\"}}],\"inLanguage\":\"sv-SE\"}]}<\/script>\n<!-- \/ Yoast SEO plugin. -->","yoast_head_json":{"title":"Butylacetat (CAS 123-86-4) - MasterChem | kemikaalien tuotanto ja myynti","description":"Butylacetat , \u00e4ven k\u00e4nt som butyletanat, \u00e4r en ester som \u00e4r en f\u00e4rgl\u00f6s, brandfarlig v\u00e4tska vid rumstemperatur.","robots":{"index":"index","follow":"follow","max-snippet":"max-snippet:-1","max-image-preview":"max-image-preview:large","max-video-preview":"max-video-preview:-1"},"canonical":"https:\/\/masterchem.fi\/sv\/produkt\/butylacetat-cas-123-86-4n-butylacetat\/","og_locale":"sv_SE","og_type":"article","og_title":"Butylacetat (CAS 123-86-4) - MasterChem | kemikaalien tuotanto ja myynti","og_description":"Butylacetat , \u00e4ven k\u00e4nt som butyletanat, \u00e4r en ester som \u00e4r en f\u00e4rgl\u00f6s, brandfarlig v\u00e4tska vid rumstemperatur.","og_url":"https:\/\/masterchem.fi\/sv\/produkt\/butylacetat-cas-123-86-4n-butylacetat\/","og_site_name":"MasterChem | kemikaalien tuotanto ja myynti","article_modified_time":"2022-04-19T07:48:35+00:00","twitter_card":"summary_large_image","twitter_misc":{"Ber\u00e4knad l\u00e4stid":"1 minut"},"schema":{"@context":"https:\/\/schema.org","@graph":[{"@type":"WebPage","@id":"https:\/\/masterchem.fi\/sv\/produkt\/butylacetat-cas-123-86-4n-butylacetat\/","url":"https:\/\/masterchem.fi\/sv\/produkt\/butylacetat-cas-123-86-4n-butylacetat\/","name":"Butylacetat (CAS 123-86-4) - MasterChem | kemikaalien tuotanto ja myynti","isPartOf":{"@id":"https:\/\/masterchem.fi\/sv\/#website"},"primaryImageOfPage":{"@id":"https:\/\/masterchem.fi\/sv\/produkt\/butylacetat-cas-123-86-4n-butylacetat\/#primaryimage"},"image":{"@id":"https:\/\/masterchem.fi\/sv\/produkt\/butylacetat-cas-123-86-4n-butylacetat\/#primaryimage"},"thumbnailUrl":"https:\/\/masterchem.fi\/wp-content\/uploads\/2017\/04\/N-butyyliasetaatti_880kg_MaterChem.jpg","datePublished":"2017-04-18T03:54:15+00:00","dateModified":"2022-04-19T07:48:35+00:00","description":"Butylacetat , \u00e4ven k\u00e4nt som butyletanat, \u00e4r en ester som \u00e4r en f\u00e4rgl\u00f6s, brandfarlig v\u00e4tska vid rumstemperatur.","breadcrumb":{"@id":"https:\/\/masterchem.fi\/sv\/produkt\/butylacetat-cas-123-86-4n-butylacetat\/#breadcrumb"},"inLanguage":"sv-SE","potentialAction":[{"@type":"ReadAction","target":["https:\/\/masterchem.fi\/sv\/produkt\/butylacetat-cas-123-86-4n-butylacetat\/"]}]},{"@type":"ImageObject","inLanguage":"sv-SE","@id":"https:\/\/masterchem.fi\/sv\/produkt\/butylacetat-cas-123-86-4n-butylacetat\/#primaryimage","url":"https:\/\/masterchem.fi\/wp-content\/uploads\/2017\/04\/N-butyyliasetaatti_880kg_MaterChem.jpg","contentUrl":"https:\/\/masterchem.fi\/wp-content\/uploads\/2017\/04\/N-butyyliasetaatti_880kg_MaterChem.jpg","width":1000,"height":1000,"caption":"N-butyyliasetaatti 880kg MaterChem"},{"@type":"BreadcrumbList","@id":"https:\/\/masterchem.fi\/sv\/produkt\/butylacetat-cas-123-86-4n-butylacetat\/#breadcrumb","itemListElement":[{"@type":"ListItem","position":1,"name":"Home","item":"https:\/\/masterchem.fi\/sv\/"},{"@type":"ListItem","position":2,"name":"Butik","item":"https:\/\/masterchem.fi\/sv\/butik\/"},{"@type":"ListItem","position":3,"name":"Butylacetat (CAS 123-86-4)"}]},{"@type":"WebSite","@id":"https:\/\/masterchem.fi\/sv\/#website","url":"https:\/\/masterchem.fi\/sv\/","name":"MasterChem | kemikaalien tuotanto ja myynti","description":"kemikaalien tuotanto ja myynti","potentialAction":[{"@type":"SearchAction","target":{"@type":"EntryPoint","urlTemplate":"https:\/\/masterchem.fi\/sv\/?s={search_term_string}"},"query-input":{"@type":"PropertyValueSpecification","valueRequired":true,"valueName":"search_term_string"}}],"inLanguage":"sv-SE"}]}},"_links":{"self":[{"href":"https:\/\/masterchem.fi\/sv\/wp-json\/wp\/v2\/product\/7249","targetHints":{"allow":["GET"]}}],"collection":[{"href":"https:\/\/masterchem.fi\/sv\/wp-json\/wp\/v2\/product"}],"about":[{"href":"https:\/\/masterchem.fi\/sv\/wp-json\/wp\/v2\/types\/product"}],"wp:featuredmedia":[{"embeddable":true,"href":"https:\/\/masterchem.fi\/sv\/wp-json\/wp\/v2\/media\/5718"}],"wp:attachment":[{"href":"https:\/\/masterchem.fi\/sv\/wp-json\/wp\/v2\/media?parent=7249"}],"wp:term":[{"taxonomy":"product_brand","embeddable":true,"href":"https:\/\/masterchem.fi\/sv\/wp-json\/wp\/v2\/product_brand?post=7249"},{"taxonomy":"product_cat","embeddable":true,"href":"https:\/\/masterchem.fi\/sv\/wp-json\/wp\/v2\/product_cat?post=7249"},{"taxonomy":"product_tag","embeddable":true,"href":"https:\/\/masterchem.fi\/sv\/wp-json\/wp\/v2\/product_tag?post=7249"}],"curies":[{"name":"wp","href":"https:\/\/api.w.org\/{rel}","templated":true}]}}