{"id":7258,"date":"2017-04-18T06:55:41","date_gmt":"2017-04-18T03:55:41","guid":{"rendered":"https:\/\/masterchem.fi\/product\/butylglykol\/"},"modified":"2022-04-19T11:02:27","modified_gmt":"2022-04-19T08:02:27","slug":"butylglykol-111-76-2","status":"publish","type":"product","link":"https:\/\/masterchem.fi\/sv\/produkt\/butylglykol-111-76-2\/","title":{"rendered":"Butylglykol (111-76-2)"},"content":{"rendered":"<p>Dietylenglykolmonobutyleter (DEGBE) framst\u00e4lls genom reaktion mellan etylenoxid och n-butanol med en alkalisk katalysator.<\/p>\n<p>I bek\u00e4mpningsmedelsprodukter fungerar DEGBE som en inert ingrediens f\u00f6r att avaktivera formuleringen innan gr\u00f6dan stiger upp fr\u00e5n jorden och som en stabilisator. DEGBE \u00e4r ocks\u00e5 en kemisk mellanprodukt vid syntesen av dietylenglykolmonobutyleteracetat, dietylenglykoldibutyleter och piperonylacetat och som l\u00f6sningsmedel i h\u00f6gstekt emalj. Andra till\u00e4mpningar av DEGBE \u00e4r ett dispergeringsmedel f\u00f6r vinylkloridhartser i organosoler, ett utsp\u00e4dningsmedel f\u00f6r hydrauliska bromsv\u00e4tskor och ett tv\u00e5v\u00e4gsl\u00f6sningsmedel f\u00f6r tv\u00e5l, olja och vatten f\u00f6r hush\u00e5llsreng\u00f6ringsmedel. Textilindustrin anv\u00e4nder DEGBE som v\u00e4tningsl\u00f6sningar. DEGBE \u00e4r ocks\u00e5 en l\u00f6sning f\u00f6r nitrocellulosa, oljor, f\u00e4rg\u00e4mnen, gummi, tv\u00e5lar och polymerer. DEGBE anv\u00e4nds ocks\u00e5 som ett kopplingsl\u00f6sningsmedel i flytande reng\u00f6ringsmedel, sk\u00e4rv\u00e4tskor och textilhj\u00e4lpmedel. Inom tryckbranschen inkluderar DEGBE-applikationer: l\u00f6sningsmedel f\u00f6r lack, f\u00e4rg och bl\u00e4ck; h\u00f6gkokande l\u00f6sningsmedel f\u00f6rb\u00e4ttrar glans- och fl\u00f6desegenskaperna; och anv\u00e4nds som l\u00f6sningsmedel i mineraloljeprodukter.<\/p>\n","protected":false},"excerpt":{"rendered":"<p>Dietylenglykolbutyleter (2- (2-butoxietoxi) etanol), ett glykoleterl\u00f6sningsmedel, \u00e4r en klar v\u00e4tska med mycket l\u00e5g lukt och h\u00f6g kokpunkt. Det fungerar som ett l\u00f6sningsmedel f\u00f6r f\u00e4rger och lacker inom kemisk industri, hush\u00e5llsreng\u00f6ringsmedel, matlagningsprodukter och textilbearbetning. \u00c4mnet anv\u00e4nds ocks\u00e5 som r\u00e5vara vid kemisk syntes. <\/p>\n<p> Butylglykol \u00e4r en lite mer tr\u00f6gflytande, l\u00e4tt luktande alkohol som blandas v\u00e4l med vatten. Det anv\u00e4nds som l\u00f6sningsmedel. Bildar syreperoxider. S\u00f6nderdelas l\u00e5ngsamt och s\u00e4kert i akvariet och f\u00f6rhindrar bakterieblomningar Information om butylglykol tas emot! Om dess egenskaper liknar propylen eller polyetylenglykol kan det vara mycket giftigt vid intag. <\/p>\n","protected":false},"featured_media":5743,"template":"","meta":[],"product_brand":[],"product_cat":[106,108,111,113,114,116],"product_tag":[],"class_list":{"0":"post-7258","1":"product","2":"type-product","3":"status-publish","4":"has-post-thumbnail","6":"product_cat-lakemedelsindustri","7":"product_cat-metallkemikalier","8":"product_cat-trabearbetningskemikalier","9":"product_cat-vaggmalning","10":"product_cat-typografiska-kemikalier","11":"product_cat-alla-produkter","13":"first","14":"instock","15":"taxable","16":"shipping-taxable","17":"purchasable","18":"product-type-variable","19":"has-default-attributes","20":"rtwpvg-product"},"yoast_head":"<!-- This site is optimized with the Yoast SEO plugin v27.5 - https:\/\/yoast.com\/product\/yoast-seo-wordpress\/ -->\n<title>Butylglykol (111-76-2) - MasterChem | kemikaalien tuotanto ja myynti<\/title>\n<meta name=\"description\" content=\"Dietylenglykolbutyleter (2- (2-butoxietoxi) etanol), ett glykoleterl\u00f6sningsmedel, \u00e4r en klar v\u00e4tska med mycket liten lukt och h\u00f6g kokpunkt.\" \/>\n<meta name=\"robots\" content=\"index, follow, max-snippet:-1, max-image-preview:large, max-video-preview:-1\" \/>\n<link rel=\"canonical\" href=\"https:\/\/masterchem.fi\/sv\/produkt\/butylglykol-111-76-2\/\" \/>\n<meta property=\"og:locale\" content=\"sv_SE\" \/>\n<meta property=\"og:type\" content=\"article\" \/>\n<meta property=\"og:title\" content=\"Butylglykol (111-76-2) - MasterChem | kemikaalien tuotanto ja myynti\" \/>\n<meta property=\"og:description\" content=\"Dietylenglykolbutyleter (2- (2-butoxietoxi) etanol), ett glykoleterl\u00f6sningsmedel, \u00e4r en klar v\u00e4tska med mycket liten lukt och h\u00f6g kokpunkt.\" \/>\n<meta property=\"og:url\" content=\"https:\/\/masterchem.fi\/sv\/produkt\/butylglykol-111-76-2\/\" \/>\n<meta property=\"og:site_name\" content=\"MasterChem | kemikaalien tuotanto ja myynti\" \/>\n<meta property=\"article:modified_time\" content=\"2022-04-19T08:02:27+00:00\" \/>\n<meta name=\"twitter:card\" content=\"summary_large_image\" \/>\n<meta name=\"twitter:label1\" content=\"Ber\u00e4knad l\u00e4stid\" \/>\n\t<meta name=\"twitter:data1\" content=\"1 minut\" \/>\n<script type=\"application\/ld+json\" class=\"yoast-schema-graph\">{\"@context\":\"https:\\\/\\\/schema.org\",\"@graph\":[{\"@type\":\"WebPage\",\"@id\":\"https:\\\/\\\/masterchem.fi\\\/sv\\\/produkt\\\/butylglykol-111-76-2\\\/\",\"url\":\"https:\\\/\\\/masterchem.fi\\\/sv\\\/produkt\\\/butylglykol-111-76-2\\\/\",\"name\":\"Butylglykol (111-76-2) - MasterChem | kemikaalien tuotanto ja myynti\",\"isPartOf\":{\"@id\":\"https:\\\/\\\/masterchem.fi\\\/sv\\\/#website\"},\"primaryImageOfPage\":{\"@id\":\"https:\\\/\\\/masterchem.fi\\\/sv\\\/produkt\\\/butylglykol-111-76-2\\\/#primaryimage\"},\"image\":{\"@id\":\"https:\\\/\\\/masterchem.fi\\\/sv\\\/produkt\\\/butylglykol-111-76-2\\\/#primaryimage\"},\"thumbnailUrl\":\"https:\\\/\\\/masterchem.fi\\\/wp-content\\\/uploads\\\/2017\\\/04\\\/Butyylidi_glykoli-1000l-MasterChem.jpg\",\"datePublished\":\"2017-04-18T03:55:41+00:00\",\"dateModified\":\"2022-04-19T08:02:27+00:00\",\"description\":\"Dietylenglykolbutyleter (2- (2-butoxietoxi) etanol), ett glykoleterl\u00f6sningsmedel, \u00e4r en klar v\u00e4tska med mycket liten lukt och h\u00f6g kokpunkt.\",\"breadcrumb\":{\"@id\":\"https:\\\/\\\/masterchem.fi\\\/sv\\\/produkt\\\/butylglykol-111-76-2\\\/#breadcrumb\"},\"inLanguage\":\"sv-SE\",\"potentialAction\":[{\"@type\":\"ReadAction\",\"target\":[\"https:\\\/\\\/masterchem.fi\\\/sv\\\/produkt\\\/butylglykol-111-76-2\\\/\"]}]},{\"@type\":\"ImageObject\",\"inLanguage\":\"sv-SE\",\"@id\":\"https:\\\/\\\/masterchem.fi\\\/sv\\\/produkt\\\/butylglykol-111-76-2\\\/#primaryimage\",\"url\":\"https:\\\/\\\/masterchem.fi\\\/wp-content\\\/uploads\\\/2017\\\/04\\\/Butyylidi_glykoli-1000l-MasterChem.jpg\",\"contentUrl\":\"https:\\\/\\\/masterchem.fi\\\/wp-content\\\/uploads\\\/2017\\\/04\\\/Butyylidi_glykoli-1000l-MasterChem.jpg\",\"width\":1000,\"height\":1000,\"caption\":\"Butyylidi glykoli 1000l MasterChem\"},{\"@type\":\"BreadcrumbList\",\"@id\":\"https:\\\/\\\/masterchem.fi\\\/sv\\\/produkt\\\/butylglykol-111-76-2\\\/#breadcrumb\",\"itemListElement\":[{\"@type\":\"ListItem\",\"position\":1,\"name\":\"Home\",\"item\":\"https:\\\/\\\/masterchem.fi\\\/sv\\\/\"},{\"@type\":\"ListItem\",\"position\":2,\"name\":\"Butik\",\"item\":\"https:\\\/\\\/masterchem.fi\\\/sv\\\/butik\\\/\"},{\"@type\":\"ListItem\",\"position\":3,\"name\":\"Butylglykol (111-76-2)\"}]},{\"@type\":\"WebSite\",\"@id\":\"https:\\\/\\\/masterchem.fi\\\/sv\\\/#website\",\"url\":\"https:\\\/\\\/masterchem.fi\\\/sv\\\/\",\"name\":\"MasterChem | kemikaalien tuotanto ja myynti\",\"description\":\"kemikaalien tuotanto ja myynti\",\"potentialAction\":[{\"@type\":\"SearchAction\",\"target\":{\"@type\":\"EntryPoint\",\"urlTemplate\":\"https:\\\/\\\/masterchem.fi\\\/sv\\\/?s={search_term_string}\"},\"query-input\":{\"@type\":\"PropertyValueSpecification\",\"valueRequired\":true,\"valueName\":\"search_term_string\"}}],\"inLanguage\":\"sv-SE\"}]}<\/script>\n<!-- \/ Yoast SEO plugin. -->","yoast_head_json":{"title":"Butylglykol (111-76-2) - MasterChem | kemikaalien tuotanto ja myynti","description":"Dietylenglykolbutyleter (2- (2-butoxietoxi) etanol), ett glykoleterl\u00f6sningsmedel, \u00e4r en klar v\u00e4tska med mycket liten lukt och h\u00f6g kokpunkt.","robots":{"index":"index","follow":"follow","max-snippet":"max-snippet:-1","max-image-preview":"max-image-preview:large","max-video-preview":"max-video-preview:-1"},"canonical":"https:\/\/masterchem.fi\/sv\/produkt\/butylglykol-111-76-2\/","og_locale":"sv_SE","og_type":"article","og_title":"Butylglykol (111-76-2) - MasterChem | kemikaalien tuotanto ja myynti","og_description":"Dietylenglykolbutyleter (2- (2-butoxietoxi) etanol), ett glykoleterl\u00f6sningsmedel, \u00e4r en klar v\u00e4tska med mycket liten lukt och h\u00f6g kokpunkt.","og_url":"https:\/\/masterchem.fi\/sv\/produkt\/butylglykol-111-76-2\/","og_site_name":"MasterChem | kemikaalien tuotanto ja myynti","article_modified_time":"2022-04-19T08:02:27+00:00","twitter_card":"summary_large_image","twitter_misc":{"Ber\u00e4knad l\u00e4stid":"1 minut"},"schema":{"@context":"https:\/\/schema.org","@graph":[{"@type":"WebPage","@id":"https:\/\/masterchem.fi\/sv\/produkt\/butylglykol-111-76-2\/","url":"https:\/\/masterchem.fi\/sv\/produkt\/butylglykol-111-76-2\/","name":"Butylglykol (111-76-2) - MasterChem | kemikaalien tuotanto ja myynti","isPartOf":{"@id":"https:\/\/masterchem.fi\/sv\/#website"},"primaryImageOfPage":{"@id":"https:\/\/masterchem.fi\/sv\/produkt\/butylglykol-111-76-2\/#primaryimage"},"image":{"@id":"https:\/\/masterchem.fi\/sv\/produkt\/butylglykol-111-76-2\/#primaryimage"},"thumbnailUrl":"https:\/\/masterchem.fi\/wp-content\/uploads\/2017\/04\/Butyylidi_glykoli-1000l-MasterChem.jpg","datePublished":"2017-04-18T03:55:41+00:00","dateModified":"2022-04-19T08:02:27+00:00","description":"Dietylenglykolbutyleter (2- (2-butoxietoxi) etanol), ett glykoleterl\u00f6sningsmedel, \u00e4r en klar v\u00e4tska med mycket liten lukt och h\u00f6g kokpunkt.","breadcrumb":{"@id":"https:\/\/masterchem.fi\/sv\/produkt\/butylglykol-111-76-2\/#breadcrumb"},"inLanguage":"sv-SE","potentialAction":[{"@type":"ReadAction","target":["https:\/\/masterchem.fi\/sv\/produkt\/butylglykol-111-76-2\/"]}]},{"@type":"ImageObject","inLanguage":"sv-SE","@id":"https:\/\/masterchem.fi\/sv\/produkt\/butylglykol-111-76-2\/#primaryimage","url":"https:\/\/masterchem.fi\/wp-content\/uploads\/2017\/04\/Butyylidi_glykoli-1000l-MasterChem.jpg","contentUrl":"https:\/\/masterchem.fi\/wp-content\/uploads\/2017\/04\/Butyylidi_glykoli-1000l-MasterChem.jpg","width":1000,"height":1000,"caption":"Butyylidi glykoli 1000l MasterChem"},{"@type":"BreadcrumbList","@id":"https:\/\/masterchem.fi\/sv\/produkt\/butylglykol-111-76-2\/#breadcrumb","itemListElement":[{"@type":"ListItem","position":1,"name":"Home","item":"https:\/\/masterchem.fi\/sv\/"},{"@type":"ListItem","position":2,"name":"Butik","item":"https:\/\/masterchem.fi\/sv\/butik\/"},{"@type":"ListItem","position":3,"name":"Butylglykol (111-76-2)"}]},{"@type":"WebSite","@id":"https:\/\/masterchem.fi\/sv\/#website","url":"https:\/\/masterchem.fi\/sv\/","name":"MasterChem | kemikaalien tuotanto ja myynti","description":"kemikaalien tuotanto ja myynti","potentialAction":[{"@type":"SearchAction","target":{"@type":"EntryPoint","urlTemplate":"https:\/\/masterchem.fi\/sv\/?s={search_term_string}"},"query-input":{"@type":"PropertyValueSpecification","valueRequired":true,"valueName":"search_term_string"}}],"inLanguage":"sv-SE"}]}},"_links":{"self":[{"href":"https:\/\/masterchem.fi\/sv\/wp-json\/wp\/v2\/product\/7258","targetHints":{"allow":["GET"]}}],"collection":[{"href":"https:\/\/masterchem.fi\/sv\/wp-json\/wp\/v2\/product"}],"about":[{"href":"https:\/\/masterchem.fi\/sv\/wp-json\/wp\/v2\/types\/product"}],"wp:featuredmedia":[{"embeddable":true,"href":"https:\/\/masterchem.fi\/sv\/wp-json\/wp\/v2\/media\/5743"}],"wp:attachment":[{"href":"https:\/\/masterchem.fi\/sv\/wp-json\/wp\/v2\/media?parent=7258"}],"wp:term":[{"taxonomy":"product_brand","embeddable":true,"href":"https:\/\/masterchem.fi\/sv\/wp-json\/wp\/v2\/product_brand?post=7258"},{"taxonomy":"product_cat","embeddable":true,"href":"https:\/\/masterchem.fi\/sv\/wp-json\/wp\/v2\/product_cat?post=7258"},{"taxonomy":"product_tag","embeddable":true,"href":"https:\/\/masterchem.fi\/sv\/wp-json\/wp\/v2\/product_tag?post=7258"}],"curies":[{"name":"wp","href":"https:\/\/api.w.org\/{rel}","templated":true}]}}