{"id":7267,"date":"2017-04-18T06:57:33","date_gmt":"2017-04-18T03:57:33","guid":{"rendered":"https:\/\/masterchem.fi\/product\/ricinolja\/"},"modified":"2024-01-16T17:02:58","modified_gmt":"2024-01-16T14:02:58","slug":"ricinolja-cas-8001-79-4","status":"publish","type":"product","link":"https:\/\/masterchem.fi\/sv\/produkt\/ricinolja-cas-8001-79-4\/","title":{"rendered":"Ricinolja (CAS 8001-79-4)"},"content":{"rendered":"<p>Ricinolja \u00e4r en f\u00e4rgl\u00f6s eller mycket blekgul v\u00e4tska med en klar smak och arom. Den har en kokpunkt p\u00e5 313 \u00b0 C (595 \u00b0 F) och en densitet p\u00e5 961 kg \/ m3. Det \u00e4r en triglycerid d\u00e4r cirka 90 procent av fettsyrakedjorna \u00e4r ricinoleates. Oleat och linoleates \u00e4r andra viktiga komponenter.<\/p>\n","protected":false},"excerpt":{"rendered":"<p> <b> Andra namn: ricinolja, vegetabilisk olja. <\/b> <\/p>\n<p> Ricinolja \u00e4r en vegetabilisk olja som erh\u00e5lls genom att pressa ricinplantans b\u00f6nor. Ricinolja anv\u00e4nds som sm\u00f6rjmedel i h\u00f6gt inst\u00e4llda motorer och som laxermedel. <\/p>\n<p> Castorolja \u00e4r en f\u00e4rgl\u00f6s, fast v\u00e4tska vid rumstemperatur med en sm\u00e4ltpunkt \u221210 &#8230; \u221218 \u00b0 C, en kokpunkt p\u00e5 313 \u00b0 C, en densitet p\u00e5 0,96 g \/ cm3 (vatten = 1,0 g \/ cm3), en flampunkt p\u00e5 229 \u00b0 C (cc ), Sj\u00e4lvant\u00e4ndningstemperatur 448 \u00b0 C och CAS-nummer 8001-79-4. <\/p>\n","protected":false},"featured_media":5768,"template":"","meta":[],"product_brand":[],"product_cat":[105,116],"product_tag":[],"class_list":{"0":"post-7267","1":"product","2":"type-product","3":"status-publish","4":"has-post-thumbnail","6":"product_cat-hushallskemikalier-sv","7":"product_cat-alla-produkter","9":"first","10":"instock","11":"taxable","12":"shipping-taxable","13":"purchasable","14":"product-type-variable","15":"has-default-attributes","16":"rtwpvg-product"},"yoast_head":"<!-- This site is optimized with the Yoast SEO plugin v27.2 - https:\/\/yoast.com\/product\/yoast-seo-wordpress\/ -->\n<title>Ricinolja (CAS 8001-79-4) - MasterChem | kemikaalien tuotanto ja myynti<\/title>\n<meta name=\"description\" content=\"Ricinolja \u00e4r en vegetabilisk olja som erh\u00e5lls genom att pressa ricinoljans b\u00f6nor. Ricinolja anv\u00e4nds som sm\u00f6rjmedel i motorer med h\u00f6g avst\u00e4mning och som laxermedel.\" \/>\n<meta name=\"robots\" content=\"index, follow, max-snippet:-1, max-image-preview:large, max-video-preview:-1\" \/>\n<link rel=\"canonical\" href=\"https:\/\/masterchem.fi\/sv\/produkt\/ricinolja-cas-8001-79-4\/\" \/>\n<meta property=\"og:locale\" content=\"sv_SE\" \/>\n<meta property=\"og:type\" content=\"article\" \/>\n<meta property=\"og:title\" content=\"Ricinolja (CAS 8001-79-4) - MasterChem | kemikaalien tuotanto ja myynti\" \/>\n<meta property=\"og:description\" content=\"Ricinolja \u00e4r en vegetabilisk olja som erh\u00e5lls genom att pressa ricinoljans b\u00f6nor. Ricinolja anv\u00e4nds som sm\u00f6rjmedel i motorer med h\u00f6g avst\u00e4mning och som laxermedel.\" \/>\n<meta property=\"og:url\" content=\"https:\/\/masterchem.fi\/sv\/produkt\/ricinolja-cas-8001-79-4\/\" \/>\n<meta property=\"og:site_name\" content=\"MasterChem | kemikaalien tuotanto ja myynti\" \/>\n<meta property=\"article:modified_time\" content=\"2024-01-16T14:02:58+00:00\" \/>\n<meta name=\"twitter:card\" content=\"summary_large_image\" \/>\n<script type=\"application\/ld+json\" class=\"yoast-schema-graph\">{\"@context\":\"https:\/\/schema.org\",\"@graph\":[{\"@type\":\"WebPage\",\"@id\":\"https:\/\/masterchem.fi\/sv\/produkt\/ricinolja-cas-8001-79-4\/\",\"url\":\"https:\/\/masterchem.fi\/sv\/produkt\/ricinolja-cas-8001-79-4\/\",\"name\":\"Ricinolja (CAS 8001-79-4) - MasterChem | kemikaalien tuotanto ja myynti\",\"isPartOf\":{\"@id\":\"https:\/\/masterchem.fi\/sv\/#website\"},\"primaryImageOfPage\":{\"@id\":\"https:\/\/masterchem.fi\/sv\/produkt\/ricinolja-cas-8001-79-4\/#primaryimage\"},\"image\":{\"@id\":\"https:\/\/masterchem.fi\/sv\/produkt\/ricinolja-cas-8001-79-4\/#primaryimage\"},\"thumbnailUrl\":\"https:\/\/masterchem.fi\/wp-content\/uploads\/2017\/04\/Risiini\u00f6ljy-1000l-MasterChem.jpg\",\"datePublished\":\"2017-04-18T03:57:33+00:00\",\"dateModified\":\"2024-01-16T14:02:58+00:00\",\"description\":\"Ricinolja \u00e4r en vegetabilisk olja som erh\u00e5lls genom att pressa ricinoljans b\u00f6nor. Ricinolja anv\u00e4nds som sm\u00f6rjmedel i motorer med h\u00f6g avst\u00e4mning och som laxermedel.\",\"breadcrumb\":{\"@id\":\"https:\/\/masterchem.fi\/sv\/produkt\/ricinolja-cas-8001-79-4\/#breadcrumb\"},\"inLanguage\":\"sv-SE\",\"potentialAction\":[{\"@type\":\"ReadAction\",\"target\":[\"https:\/\/masterchem.fi\/sv\/produkt\/ricinolja-cas-8001-79-4\/\"]}]},{\"@type\":\"ImageObject\",\"inLanguage\":\"sv-SE\",\"@id\":\"https:\/\/masterchem.fi\/sv\/produkt\/ricinolja-cas-8001-79-4\/#primaryimage\",\"url\":\"https:\/\/masterchem.fi\/wp-content\/uploads\/2017\/04\/Risiini\u00f6ljy-1000l-MasterChem.jpg\",\"contentUrl\":\"https:\/\/masterchem.fi\/wp-content\/uploads\/2017\/04\/Risiini\u00f6ljy-1000l-MasterChem.jpg\",\"width\":1000,\"height\":1000,\"caption\":\"Risiini\u00f6ljy 1000l MasterChem\"},{\"@type\":\"BreadcrumbList\",\"@id\":\"https:\/\/masterchem.fi\/sv\/produkt\/ricinolja-cas-8001-79-4\/#breadcrumb\",\"itemListElement\":[{\"@type\":\"ListItem\",\"position\":1,\"name\":\"Home\",\"item\":\"https:\/\/masterchem.fi\/sv\/\"},{\"@type\":\"ListItem\",\"position\":2,\"name\":\"Butik\",\"item\":\"https:\/\/masterchem.fi\/sv\/butik\/\"},{\"@type\":\"ListItem\",\"position\":3,\"name\":\"Ricinolja (CAS 8001-79-4)\"}]},{\"@type\":\"WebSite\",\"@id\":\"https:\/\/masterchem.fi\/sv\/#website\",\"url\":\"https:\/\/masterchem.fi\/sv\/\",\"name\":\"MasterChem | kemikaalien tuotanto ja myynti\",\"description\":\"kemikaalien tuotanto ja myynti\",\"potentialAction\":[{\"@type\":\"SearchAction\",\"target\":{\"@type\":\"EntryPoint\",\"urlTemplate\":\"https:\/\/masterchem.fi\/sv\/?s={search_term_string}\"},\"query-input\":{\"@type\":\"PropertyValueSpecification\",\"valueRequired\":true,\"valueName\":\"search_term_string\"}}],\"inLanguage\":\"sv-SE\"}]}<\/script>\n<!-- \/ Yoast SEO plugin. -->","yoast_head_json":{"title":"Ricinolja (CAS 8001-79-4) - MasterChem | kemikaalien tuotanto ja myynti","description":"Ricinolja \u00e4r en vegetabilisk olja som erh\u00e5lls genom att pressa ricinoljans b\u00f6nor. Ricinolja anv\u00e4nds som sm\u00f6rjmedel i motorer med h\u00f6g avst\u00e4mning och som laxermedel.","robots":{"index":"index","follow":"follow","max-snippet":"max-snippet:-1","max-image-preview":"max-image-preview:large","max-video-preview":"max-video-preview:-1"},"canonical":"https:\/\/masterchem.fi\/sv\/produkt\/ricinolja-cas-8001-79-4\/","og_locale":"sv_SE","og_type":"article","og_title":"Ricinolja (CAS 8001-79-4) - MasterChem | kemikaalien tuotanto ja myynti","og_description":"Ricinolja \u00e4r en vegetabilisk olja som erh\u00e5lls genom att pressa ricinoljans b\u00f6nor. Ricinolja anv\u00e4nds som sm\u00f6rjmedel i motorer med h\u00f6g avst\u00e4mning och som laxermedel.","og_url":"https:\/\/masterchem.fi\/sv\/produkt\/ricinolja-cas-8001-79-4\/","og_site_name":"MasterChem | kemikaalien tuotanto ja myynti","article_modified_time":"2024-01-16T14:02:58+00:00","twitter_card":"summary_large_image","schema":{"@context":"https:\/\/schema.org","@graph":[{"@type":"WebPage","@id":"https:\/\/masterchem.fi\/sv\/produkt\/ricinolja-cas-8001-79-4\/","url":"https:\/\/masterchem.fi\/sv\/produkt\/ricinolja-cas-8001-79-4\/","name":"Ricinolja (CAS 8001-79-4) - MasterChem | kemikaalien tuotanto ja myynti","isPartOf":{"@id":"https:\/\/masterchem.fi\/sv\/#website"},"primaryImageOfPage":{"@id":"https:\/\/masterchem.fi\/sv\/produkt\/ricinolja-cas-8001-79-4\/#primaryimage"},"image":{"@id":"https:\/\/masterchem.fi\/sv\/produkt\/ricinolja-cas-8001-79-4\/#primaryimage"},"thumbnailUrl":"https:\/\/masterchem.fi\/wp-content\/uploads\/2017\/04\/Risiini\u00f6ljy-1000l-MasterChem.jpg","datePublished":"2017-04-18T03:57:33+00:00","dateModified":"2024-01-16T14:02:58+00:00","description":"Ricinolja \u00e4r en vegetabilisk olja som erh\u00e5lls genom att pressa ricinoljans b\u00f6nor. Ricinolja anv\u00e4nds som sm\u00f6rjmedel i motorer med h\u00f6g avst\u00e4mning och som laxermedel.","breadcrumb":{"@id":"https:\/\/masterchem.fi\/sv\/produkt\/ricinolja-cas-8001-79-4\/#breadcrumb"},"inLanguage":"sv-SE","potentialAction":[{"@type":"ReadAction","target":["https:\/\/masterchem.fi\/sv\/produkt\/ricinolja-cas-8001-79-4\/"]}]},{"@type":"ImageObject","inLanguage":"sv-SE","@id":"https:\/\/masterchem.fi\/sv\/produkt\/ricinolja-cas-8001-79-4\/#primaryimage","url":"https:\/\/masterchem.fi\/wp-content\/uploads\/2017\/04\/Risiini\u00f6ljy-1000l-MasterChem.jpg","contentUrl":"https:\/\/masterchem.fi\/wp-content\/uploads\/2017\/04\/Risiini\u00f6ljy-1000l-MasterChem.jpg","width":1000,"height":1000,"caption":"Risiini\u00f6ljy 1000l MasterChem"},{"@type":"BreadcrumbList","@id":"https:\/\/masterchem.fi\/sv\/produkt\/ricinolja-cas-8001-79-4\/#breadcrumb","itemListElement":[{"@type":"ListItem","position":1,"name":"Home","item":"https:\/\/masterchem.fi\/sv\/"},{"@type":"ListItem","position":2,"name":"Butik","item":"https:\/\/masterchem.fi\/sv\/butik\/"},{"@type":"ListItem","position":3,"name":"Ricinolja (CAS 8001-79-4)"}]},{"@type":"WebSite","@id":"https:\/\/masterchem.fi\/sv\/#website","url":"https:\/\/masterchem.fi\/sv\/","name":"MasterChem | kemikaalien tuotanto ja myynti","description":"kemikaalien tuotanto ja myynti","potentialAction":[{"@type":"SearchAction","target":{"@type":"EntryPoint","urlTemplate":"https:\/\/masterchem.fi\/sv\/?s={search_term_string}"},"query-input":{"@type":"PropertyValueSpecification","valueRequired":true,"valueName":"search_term_string"}}],"inLanguage":"sv-SE"}]}},"_links":{"self":[{"href":"https:\/\/masterchem.fi\/sv\/wp-json\/wp\/v2\/product\/7267","targetHints":{"allow":["GET"]}}],"collection":[{"href":"https:\/\/masterchem.fi\/sv\/wp-json\/wp\/v2\/product"}],"about":[{"href":"https:\/\/masterchem.fi\/sv\/wp-json\/wp\/v2\/types\/product"}],"wp:featuredmedia":[{"embeddable":true,"href":"https:\/\/masterchem.fi\/sv\/wp-json\/wp\/v2\/media\/5768"}],"wp:attachment":[{"href":"https:\/\/masterchem.fi\/sv\/wp-json\/wp\/v2\/media?parent=7267"}],"wp:term":[{"taxonomy":"product_brand","embeddable":true,"href":"https:\/\/masterchem.fi\/sv\/wp-json\/wp\/v2\/product_brand?post=7267"},{"taxonomy":"product_cat","embeddable":true,"href":"https:\/\/masterchem.fi\/sv\/wp-json\/wp\/v2\/product_cat?post=7267"},{"taxonomy":"product_tag","embeddable":true,"href":"https:\/\/masterchem.fi\/sv\/wp-json\/wp\/v2\/product_tag?post=7267"}],"curies":[{"name":"wp","href":"https:\/\/api.w.org\/{rel}","templated":true}]}}