{"id":7276,"date":"2017-04-18T06:59:47","date_gmt":"2017-04-18T03:59:47","guid":{"rendered":"https:\/\/masterchem.fi\/product\/denatonium\/"},"modified":"2022-04-19T12:59:03","modified_gmt":"2022-04-19T09:59:03","slug":"denatonium-cas-3734-33-6","status":"publish","type":"product","link":"https:\/\/masterchem.fi\/sv\/produkt\/denatonium-cas-3734-33-6\/","title":{"rendered":"Denatonium (CAS 3734-33-6)"},"content":{"rendered":"<p>Utsp\u00e4dningar s\u00e5 l\u00e5ga som 10 ppm \u00e4r outh\u00e4rdligt bittra f\u00f6r de flesta. Denatoniumsalter \u00e4r i allm\u00e4nhet f\u00e4rgl\u00f6sa och luktfria fasta \u00e4mnen, men handlas ofta som l\u00f6sningar. De anv\u00e4nds som avst\u00f6tande \u00e4mnen (bitterhet) f\u00f6r att f\u00f6rhindra ol\u00e4mpligt intag. Denatonium anv\u00e4nds i denaturerad alkohol, frostskyddsmedel, nagelbett, andningsapparatens l\u00e4mplighetsprov, djuravvisande medel, flytande tv\u00e5lar och schampon. Det \u00e4r inte k\u00e4nt att utg\u00f6ra l\u00e5ngsiktiga h\u00e4lsorisker.<\/p>\n<p>CAS-nummer: 3734-33-6<br \/>\nIUPAC-namn: fenylmetyl [2 &#8211; [(2,6-dimetylfenyl) amino] -2-oxoetyl] dietylammoniumbensoat<br \/>\n<strong> Funktioner <\/strong><br \/>\nKemisk formel: C28H34N2O3 (C21H29N2O \u00b7 C7H5O2)<br \/>\nMolekylvikt: 446,581 g \/ mol<br \/>\nUtseende: vitt pulver<br \/>\nSm\u00e4ltpunkt: 163-170 \u00b0 C<\/p>\n","protected":false},"excerpt":{"rendered":"<p><b> Andra namn: Denatonium, denatoniumbensoat. <\/b><\/p>\n<p>Denatonium, oftast denatoniumbensoat, \u00e4r en bitter av k\u00e4nda kemiska f\u00f6reningar. Den sensoriska gr\u00e4nsen \u00e4r 0,05 ppm som bensoat. \u00c4mnet uppt\u00e4cktes 1958 och registrerades under varum\u00e4rket <i> Bitrex <\/i>. Sp\u00e4dd till 10 ppm, det \u00e4r f\u00f6r bittert f\u00f6r de flesta att inta. Denatoniumsalter anv\u00e4nds f\u00f6r att g\u00f6ra en farlig men smakrik produkt f\u00f6r bitter f\u00f6r att \u00e4ta. Denatonium anv\u00e4nds i denaturering av alkohol (det anv\u00e4nds i 2 gram \/ 100 liter etanol), frostskyddsmedel, nagelh\u00e4mmare, djuravvisande medel, flytande tv\u00e5l och schampo samt modellering av vax och r\u00e5ttgift. Det \u00e4r inte k\u00e4nt att orsaka n\u00e5gra l\u00e5ngsiktiga h\u00e4lsoeffekter.<\/p>\n","protected":false},"featured_media":5808,"template":"","meta":[],"product_brand":[],"product_cat":[108,113,114,116],"product_tag":[153,154,150,151,152],"class_list":{"0":"post-7276","1":"product","2":"type-product","3":"status-publish","4":"has-post-thumbnail","6":"product_cat-metallkemikalier","7":"product_cat-vaggmalning","8":"product_cat-typografiska-kemikalier","9":"product_cat-alla-produkter","10":"product_tag-puunjalostuskemikaalit-sv","11":"product_tag-rakennusteollisuus-sv","12":"product_tag-kotitalouskemikaalit-sv","13":"product_tag-laaketeollisuus-sv","14":"product_tag-lasikuitu-sv","16":"first","17":"outofstock","18":"featured","19":"taxable","20":"shipping-taxable","21":"purchasable","22":"product-type-variable","23":"has-default-attributes","24":"rtwpvg-product"},"yoast_head":"<!-- This site is optimized with the Yoast SEO plugin v27.2 - https:\/\/yoast.com\/product\/yoast-seo-wordpress\/ -->\n<title>Denatonium (CAS 3734-33-6) - MasterChem | kemikaalien tuotanto ja myynti<\/title>\n<meta name=\"description\" content=\"Denatonium, oftast denatoniumbensoat, \u00e4r en bitter av k\u00e4nda kemiska f\u00f6reningar. Den sensoriska gr\u00e4nsen \u00e4r 0,05 ppm som bensoat.\" \/>\n<meta name=\"robots\" content=\"index, follow, max-snippet:-1, max-image-preview:large, max-video-preview:-1\" \/>\n<link rel=\"canonical\" href=\"https:\/\/masterchem.fi\/sv\/produkt\/denatonium-cas-3734-33-6\/\" \/>\n<meta property=\"og:locale\" content=\"sv_SE\" \/>\n<meta property=\"og:type\" content=\"article\" \/>\n<meta property=\"og:title\" content=\"Denatonium (CAS 3734-33-6) - MasterChem | kemikaalien tuotanto ja myynti\" \/>\n<meta property=\"og:description\" content=\"Denatonium, oftast denatoniumbensoat, \u00e4r en bitter av k\u00e4nda kemiska f\u00f6reningar. Den sensoriska gr\u00e4nsen \u00e4r 0,05 ppm som bensoat.\" \/>\n<meta property=\"og:url\" content=\"https:\/\/masterchem.fi\/sv\/produkt\/denatonium-cas-3734-33-6\/\" \/>\n<meta property=\"og:site_name\" content=\"MasterChem | kemikaalien tuotanto ja myynti\" \/>\n<meta property=\"article:modified_time\" content=\"2022-04-19T09:59:03+00:00\" \/>\n<meta name=\"twitter:card\" content=\"summary_large_image\" \/>\n<meta name=\"twitter:label1\" content=\"Ber\u00e4knad l\u00e4stid\" \/>\n\t<meta name=\"twitter:data1\" content=\"1 minut\" \/>\n<script type=\"application\/ld+json\" class=\"yoast-schema-graph\">{\"@context\":\"https:\/\/schema.org\",\"@graph\":[{\"@type\":\"WebPage\",\"@id\":\"https:\/\/masterchem.fi\/sv\/produkt\/denatonium-cas-3734-33-6\/\",\"url\":\"https:\/\/masterchem.fi\/sv\/produkt\/denatonium-cas-3734-33-6\/\",\"name\":\"Denatonium (CAS 3734-33-6) - MasterChem | kemikaalien tuotanto ja myynti\",\"isPartOf\":{\"@id\":\"https:\/\/masterchem.fi\/sv\/#website\"},\"primaryImageOfPage\":{\"@id\":\"https:\/\/masterchem.fi\/sv\/produkt\/denatonium-cas-3734-33-6\/#primaryimage\"},\"image\":{\"@id\":\"https:\/\/masterchem.fi\/sv\/produkt\/denatonium-cas-3734-33-6\/#primaryimage\"},\"thumbnailUrl\":\"https:\/\/masterchem.fi\/wp-content\/uploads\/2017\/04\/Denatonium-1000l-MasterChem.jpg\",\"datePublished\":\"2017-04-18T03:59:47+00:00\",\"dateModified\":\"2022-04-19T09:59:03+00:00\",\"description\":\"Denatonium, oftast denatoniumbensoat, \u00e4r en bitter av k\u00e4nda kemiska f\u00f6reningar. Den sensoriska gr\u00e4nsen \u00e4r 0,05 ppm som bensoat.\",\"breadcrumb\":{\"@id\":\"https:\/\/masterchem.fi\/sv\/produkt\/denatonium-cas-3734-33-6\/#breadcrumb\"},\"inLanguage\":\"sv-SE\",\"potentialAction\":[{\"@type\":\"ReadAction\",\"target\":[\"https:\/\/masterchem.fi\/sv\/produkt\/denatonium-cas-3734-33-6\/\"]}]},{\"@type\":\"ImageObject\",\"inLanguage\":\"sv-SE\",\"@id\":\"https:\/\/masterchem.fi\/sv\/produkt\/denatonium-cas-3734-33-6\/#primaryimage\",\"url\":\"https:\/\/masterchem.fi\/wp-content\/uploads\/2017\/04\/Denatonium-1000l-MasterChem.jpg\",\"contentUrl\":\"https:\/\/masterchem.fi\/wp-content\/uploads\/2017\/04\/Denatonium-1000l-MasterChem.jpg\",\"width\":1000,\"height\":1000,\"caption\":\"Denatonium 1000l MaterChem\"},{\"@type\":\"BreadcrumbList\",\"@id\":\"https:\/\/masterchem.fi\/sv\/produkt\/denatonium-cas-3734-33-6\/#breadcrumb\",\"itemListElement\":[{\"@type\":\"ListItem\",\"position\":1,\"name\":\"Home\",\"item\":\"https:\/\/masterchem.fi\/sv\/\"},{\"@type\":\"ListItem\",\"position\":2,\"name\":\"Butik\",\"item\":\"https:\/\/masterchem.fi\/sv\/butik\/\"},{\"@type\":\"ListItem\",\"position\":3,\"name\":\"Denatonium (CAS 3734-33-6)\"}]},{\"@type\":\"WebSite\",\"@id\":\"https:\/\/masterchem.fi\/sv\/#website\",\"url\":\"https:\/\/masterchem.fi\/sv\/\",\"name\":\"MasterChem | kemikaalien tuotanto ja myynti\",\"description\":\"kemikaalien tuotanto ja myynti\",\"potentialAction\":[{\"@type\":\"SearchAction\",\"target\":{\"@type\":\"EntryPoint\",\"urlTemplate\":\"https:\/\/masterchem.fi\/sv\/?s={search_term_string}\"},\"query-input\":{\"@type\":\"PropertyValueSpecification\",\"valueRequired\":true,\"valueName\":\"search_term_string\"}}],\"inLanguage\":\"sv-SE\"}]}<\/script>\n<!-- \/ Yoast SEO plugin. -->","yoast_head_json":{"title":"Denatonium (CAS 3734-33-6) - MasterChem | kemikaalien tuotanto ja myynti","description":"Denatonium, oftast denatoniumbensoat, \u00e4r en bitter av k\u00e4nda kemiska f\u00f6reningar. Den sensoriska gr\u00e4nsen \u00e4r 0,05 ppm som bensoat.","robots":{"index":"index","follow":"follow","max-snippet":"max-snippet:-1","max-image-preview":"max-image-preview:large","max-video-preview":"max-video-preview:-1"},"canonical":"https:\/\/masterchem.fi\/sv\/produkt\/denatonium-cas-3734-33-6\/","og_locale":"sv_SE","og_type":"article","og_title":"Denatonium (CAS 3734-33-6) - MasterChem | kemikaalien tuotanto ja myynti","og_description":"Denatonium, oftast denatoniumbensoat, \u00e4r en bitter av k\u00e4nda kemiska f\u00f6reningar. Den sensoriska gr\u00e4nsen \u00e4r 0,05 ppm som bensoat.","og_url":"https:\/\/masterchem.fi\/sv\/produkt\/denatonium-cas-3734-33-6\/","og_site_name":"MasterChem | kemikaalien tuotanto ja myynti","article_modified_time":"2022-04-19T09:59:03+00:00","twitter_card":"summary_large_image","twitter_misc":{"Ber\u00e4knad l\u00e4stid":"1 minut"},"schema":{"@context":"https:\/\/schema.org","@graph":[{"@type":"WebPage","@id":"https:\/\/masterchem.fi\/sv\/produkt\/denatonium-cas-3734-33-6\/","url":"https:\/\/masterchem.fi\/sv\/produkt\/denatonium-cas-3734-33-6\/","name":"Denatonium (CAS 3734-33-6) - MasterChem | kemikaalien tuotanto ja myynti","isPartOf":{"@id":"https:\/\/masterchem.fi\/sv\/#website"},"primaryImageOfPage":{"@id":"https:\/\/masterchem.fi\/sv\/produkt\/denatonium-cas-3734-33-6\/#primaryimage"},"image":{"@id":"https:\/\/masterchem.fi\/sv\/produkt\/denatonium-cas-3734-33-6\/#primaryimage"},"thumbnailUrl":"https:\/\/masterchem.fi\/wp-content\/uploads\/2017\/04\/Denatonium-1000l-MasterChem.jpg","datePublished":"2017-04-18T03:59:47+00:00","dateModified":"2022-04-19T09:59:03+00:00","description":"Denatonium, oftast denatoniumbensoat, \u00e4r en bitter av k\u00e4nda kemiska f\u00f6reningar. Den sensoriska gr\u00e4nsen \u00e4r 0,05 ppm som bensoat.","breadcrumb":{"@id":"https:\/\/masterchem.fi\/sv\/produkt\/denatonium-cas-3734-33-6\/#breadcrumb"},"inLanguage":"sv-SE","potentialAction":[{"@type":"ReadAction","target":["https:\/\/masterchem.fi\/sv\/produkt\/denatonium-cas-3734-33-6\/"]}]},{"@type":"ImageObject","inLanguage":"sv-SE","@id":"https:\/\/masterchem.fi\/sv\/produkt\/denatonium-cas-3734-33-6\/#primaryimage","url":"https:\/\/masterchem.fi\/wp-content\/uploads\/2017\/04\/Denatonium-1000l-MasterChem.jpg","contentUrl":"https:\/\/masterchem.fi\/wp-content\/uploads\/2017\/04\/Denatonium-1000l-MasterChem.jpg","width":1000,"height":1000,"caption":"Denatonium 1000l MaterChem"},{"@type":"BreadcrumbList","@id":"https:\/\/masterchem.fi\/sv\/produkt\/denatonium-cas-3734-33-6\/#breadcrumb","itemListElement":[{"@type":"ListItem","position":1,"name":"Home","item":"https:\/\/masterchem.fi\/sv\/"},{"@type":"ListItem","position":2,"name":"Butik","item":"https:\/\/masterchem.fi\/sv\/butik\/"},{"@type":"ListItem","position":3,"name":"Denatonium (CAS 3734-33-6)"}]},{"@type":"WebSite","@id":"https:\/\/masterchem.fi\/sv\/#website","url":"https:\/\/masterchem.fi\/sv\/","name":"MasterChem | kemikaalien tuotanto ja myynti","description":"kemikaalien tuotanto ja myynti","potentialAction":[{"@type":"SearchAction","target":{"@type":"EntryPoint","urlTemplate":"https:\/\/masterchem.fi\/sv\/?s={search_term_string}"},"query-input":{"@type":"PropertyValueSpecification","valueRequired":true,"valueName":"search_term_string"}}],"inLanguage":"sv-SE"}]}},"_links":{"self":[{"href":"https:\/\/masterchem.fi\/sv\/wp-json\/wp\/v2\/product\/7276","targetHints":{"allow":["GET"]}}],"collection":[{"href":"https:\/\/masterchem.fi\/sv\/wp-json\/wp\/v2\/product"}],"about":[{"href":"https:\/\/masterchem.fi\/sv\/wp-json\/wp\/v2\/types\/product"}],"wp:featuredmedia":[{"embeddable":true,"href":"https:\/\/masterchem.fi\/sv\/wp-json\/wp\/v2\/media\/5808"}],"wp:attachment":[{"href":"https:\/\/masterchem.fi\/sv\/wp-json\/wp\/v2\/media?parent=7276"}],"wp:term":[{"taxonomy":"product_brand","embeddable":true,"href":"https:\/\/masterchem.fi\/sv\/wp-json\/wp\/v2\/product_brand?post=7276"},{"taxonomy":"product_cat","embeddable":true,"href":"https:\/\/masterchem.fi\/sv\/wp-json\/wp\/v2\/product_cat?post=7276"},{"taxonomy":"product_tag","embeddable":true,"href":"https:\/\/masterchem.fi\/sv\/wp-json\/wp\/v2\/product_tag?post=7276"}],"curies":[{"name":"wp","href":"https:\/\/api.w.org\/{rel}","templated":true}]}}