{"id":7286,"date":"2020-08-14T08:43:48","date_gmt":"2020-08-14T05:43:48","guid":{"rendered":"https:\/\/masterchem.fi\/product\/masterchlor-5000-natriumhypoklorit-05\/"},"modified":"2020-08-14T08:43:48","modified_gmt":"2020-08-14T05:43:48","slug":"masterchlor-5000-natriumhypoklorit-05","status":"publish","type":"product","link":"https:\/\/masterchem.fi\/sv\/produkt\/masterchlor-5000-natriumhypoklorit-05\/","title":{"rendered":"MasterChlor 5000 (Natriumhypoklorit 0,5%)"},"content":{"rendered":"<p><a href=\"https:\/\/masterchem.ee\/wp-content\/uploads\/2020\/05\/MasterChlor-5000_1.jpg\"><img loading=\"lazy\" decoding=\"async\" class=\"size-medium wp-image-6904 alignleft\" src=\"https:\/\/masterchem.ee\/wp-content\/uploads\/2020\/05\/MasterChlor-5000_1-300x206.jpg\" alt=\"\" width=\"300\" height=\"206\" \/><\/a><\/p>\n<p> Desinfektion av COVID-19 b\u00f6r utf\u00f6ras med 0,1% natriumhypokloritl\u00f6sning (WHO och h\u00e4lso- och sjukv\u00e5rdsrekommendationen) <\/p>\n<p> <\u030bBeskrivning: <\/ pite <\/p>\n<p> Natriumhypoklorit i l\u00f6sning (MasterChlor 5000) har en bred antimikrobiell effekt och anv\u00e4nds ofta i medicinska anl\u00e4ggningar under olika f\u00f6rh\u00e5llanden. Det sp\u00e4ds vanligtvis i vatten beroende p\u00e5 dess avsedda anv\u00e4ndning. <\/p>\n<p> \u201cStark klorl\u00f6sning\u201d \u00e4r en 0,5% hypokloritl\u00f6sning (inneh\u00e5llande cirka 5000 ppm fritt klor) f\u00f6r att desinficera rum. <\/p>\n<p> Denna l\u00f6sning \u00e4r redo att anv\u00e4ndas f\u00f6r desinfektion av golv och v\u00e4ggar i allm\u00e4nna utrymmen. <\/p>\n<p><a href=\"https:\/\/www.terviseamet.ee\/sites\/default\/files\/Nakkushaigused\/Soovitused\/COVID-19\/02.03.2020_terviseameti_soovitused_puhastamiseks_ja_desinfitseerimiseks_covid-19_rus.pdf\"><strong> Denna produkt rekommenderas av Department of Health. <\/strong> <\/a> <\/p>\n<p> och vem <\/p>\n<p><a href=\"https:\/\/www.who.int\/publications-detail\/water-sanitation-hygiene-and-waste-management-for-covid-19\"><strong>Water, sanitation, hygiene and waste management for COVID-19<\/strong><\/a><\/p>\n<p><a href=\"https:\/\/masterchem.ee\/wp-content\/uploads\/2020\/05\/MasterChlor-5000_2.jpg\"><img loading=\"lazy\" decoding=\"async\" class=\"size-full wp-image-6908 alignleft\" src=\"https:\/\/masterchem.ee\/wp-content\/uploads\/2020\/05\/MasterChlor-5000_2.jpg\" alt=\"MasterChlor-5000\" width=\"246\" height=\"271\" \/><\/a><\/p>\n<p> &#8220;Svag klorl\u00f6sning&#8221; \u00e4r en 0,05% hypokloritl\u00f6sning som anv\u00e4nds f\u00f6r handtv\u00e4tt. <\/p>\n<p> F\u00f6r att f\u00e5 en 0,05% l\u00f6sning m\u00e5ste du sp\u00e4da produkten 1:10. <\/p>\n<p> <strong> Anv\u00e4ndning av natriumhypokloritl\u00f6sningar: <\/strong> <\/p>\n<p> MasterChlor 5000-l\u00f6sning anv\u00e4nds ist\u00e4llet f\u00f6r blekmedel. Det anv\u00e4nds vid aktuell, slutlig och f\u00f6rebyggande desinfektion f\u00f6r desinfektion av olika f\u00f6rem\u00e5l och uts\u00f6ndringar av infektionssjukdomar samt f\u00f6r desinfektion av speciella f\u00f6rem\u00e5l. Desinfektion utf\u00f6rs genom att vattna, gnugga, tv\u00e4tta och bl\u00f6tl\u00e4gga f\u00f6rem\u00e5l som inte f\u00f6rs\u00e4mras med denna behandlingsmetod. <\/p>\n<ul>\n<li> Desinfektion av rum (golv, v\u00e4ggar), enkla tr\u00e4m\u00f6bler och utomhusinstallationer utf\u00f6rs genom v\u00e4tning med l\u00f6sningar som inneh\u00e5ller 0,5% aktivt klor i en hastighet av 300-500 ml \/ m2 under en timme. I slutet av desinfektionen m\u00e5ste lokalerna ventileras. <\/li>\n<li> Beh\u00e5llarna desinficeras n\u00e4r de \u00e4r helt neds\u00e4nkta i 0,25-0,5% aktiv klorl\u00f6sning, beroende p\u00e5 matavfallet, i 1 timme med en hastighet av 1,5 liter l\u00f6sning per upps\u00e4ttning. I slutet av desinfektionen tv\u00e4ttas diskarna noggrant med vatten. <\/li>\n<li> Bad, toaletter, tv\u00e4ttst\u00e4ll och andra hygienprodukter doppas tv\u00e5 g\u00e5nger i rikliga 0,5% l\u00f6sningar. <\/li>\n<li> Om du vill desinficera nattmat efter att ha tagit bort det desinficerade inneh\u00e5llet, anv\u00e4nd 0,25% aktiv klorhydrokloridl\u00f6sning och tv\u00e4tta sedan disken med vatten. <\/li>\n<li> De \u00f6vre skikten av jord, asfalt och andra f\u00f6rem\u00e5l desinficeras med hypokloritl\u00f6sningar som inneh\u00e5ller 0,5% aktivt klor med en hastighet av 1,5 ml \/ m2. <\/li>\n<\/ul>\n<p> <strong> Lagring: <\/strong> <\/p>\n<p> F\u00f6rvara produkten vid en temperatur mellan 0 \u00b0 C och + 15 \u00b0 C och uts\u00e4tt den inte f\u00f6r direkt solljus. <\/p>\n<p> <strong> Fysiska egenskaper: <\/strong> <\/p>\n<p> Det \u00e4r l\u00f6sligt i vatten. <\/p>\n<p> Densitet: 1,01 g \/ cm3 + -0,02 vid 20 grader <\/p>\n<p> F\u00e4rg: klar v\u00e4tska <\/p>\n<p> Lukt: klorlukt <\/p>\n","protected":false},"excerpt":{"rendered":"<p>Natriumhypoklorit i l\u00f6sning (MasterChlor 5000) har en bred antimikrobiell effekt och anv\u00e4nds ofta i medicinska anl\u00e4ggningar under en m\u00e4ngd olika f\u00f6rh\u00e5llanden. Det sp\u00e4ds vanligtvis i vatten beroende p\u00e5 dess avsedda anv\u00e4ndning.<\/p>\n","protected":false},"featured_media":6707,"template":"","meta":[],"product_brand":[],"product_cat":[106,107,108,109,110,111,112,113,103,114,104,115,105,116],"product_tag":[],"class_list":{"0":"post-7286","1":"product","2":"type-product","3":"status-publish","4":"has-post-thumbnail","6":"product_cat-lakemedelsindustri","7":"product_cat-glasfiber","8":"product_cat-metallkemikalier","9":"product_cat-plast","10":"product_cat-forpackning","11":"product_cat-trabearbetningskemikalier","12":"product_cat-byggbranschen","13":"product_cat-vaggmalning","14":"product_cat-frostskydd","15":"product_cat-typografiska-kemikalier","16":"product_cat-bil-och-maskinkemikalier","17":"product_cat-industriella-kemikalier","18":"product_cat-hushallskemikalier-sv","19":"product_cat-alla-produkter","21":"first","22":"instock","23":"taxable","24":"shipping-taxable","25":"purchasable","26":"product-type-variable","27":"has-default-attributes","28":"rtwpvg-product"},"yoast_head":"<!-- This site is optimized with the Yoast SEO plugin v27.5 - https:\/\/yoast.com\/product\/yoast-seo-wordpress\/ -->\n<title>MasterChlor 5000 (Natriumhypoklorit 0,5%) - MasterChem | kemikaalien tuotanto ja myynti<\/title>\n<meta name=\"description\" content=\"Natriumhypoklorit i l\u00f6sning (MasterChlor 5000) har en bred antimikrobiell effekt och anv\u00e4nds ofta i medicinska anl\u00e4ggningar under en m\u00e4ngd olika f\u00f6rh\u00e5llanden. Det sp\u00e4ds vanligtvis i vatten beroende p\u00e5 dess avsedda anv\u00e4ndning.\" \/>\n<meta name=\"robots\" content=\"index, follow, max-snippet:-1, max-image-preview:large, max-video-preview:-1\" \/>\n<link rel=\"canonical\" href=\"https:\/\/masterchem.fi\/sv\/produkt\/masterchlor-5000-natriumhypoklorit-05\/\" \/>\n<meta property=\"og:locale\" content=\"sv_SE\" \/>\n<meta property=\"og:type\" content=\"article\" \/>\n<meta property=\"og:title\" content=\"MasterChlor 5000 (Natriumhypoklorit 0,5%) - MasterChem | kemikaalien tuotanto ja myynti\" \/>\n<meta property=\"og:description\" content=\"Natriumhypoklorit i l\u00f6sning (MasterChlor 5000) har en bred antimikrobiell effekt och anv\u00e4nds ofta i medicinska anl\u00e4ggningar under en m\u00e4ngd olika f\u00f6rh\u00e5llanden. Det sp\u00e4ds vanligtvis i vatten beroende p\u00e5 dess avsedda anv\u00e4ndning.\" \/>\n<meta property=\"og:url\" content=\"https:\/\/masterchem.fi\/sv\/produkt\/masterchlor-5000-natriumhypoklorit-05\/\" \/>\n<meta property=\"og:site_name\" content=\"MasterChem | kemikaalien tuotanto ja myynti\" \/>\n<meta property=\"og:image\" content=\"https:\/\/masterchem.fi\/wp-content\/uploads\/2020\/08\/MasterChlor-5000-1000l-MaterChem.jpg\" \/>\n\t<meta property=\"og:image:width\" content=\"1000\" \/>\n\t<meta property=\"og:image:height\" content=\"1000\" \/>\n\t<meta property=\"og:image:type\" content=\"image\/jpeg\" \/>\n<meta name=\"twitter:card\" content=\"summary_large_image\" \/>\n<script type=\"application\/ld+json\" class=\"yoast-schema-graph\">{\"@context\":\"https:\\\/\\\/schema.org\",\"@graph\":[{\"@type\":\"WebPage\",\"@id\":\"https:\\\/\\\/masterchem.fi\\\/sv\\\/produkt\\\/masterchlor-5000-natriumhypoklorit-05\\\/\",\"url\":\"https:\\\/\\\/masterchem.fi\\\/sv\\\/produkt\\\/masterchlor-5000-natriumhypoklorit-05\\\/\",\"name\":\"MasterChlor 5000 (Natriumhypoklorit 0,5%) - MasterChem | kemikaalien tuotanto ja myynti\",\"isPartOf\":{\"@id\":\"https:\\\/\\\/masterchem.fi\\\/sv\\\/#website\"},\"primaryImageOfPage\":{\"@id\":\"https:\\\/\\\/masterchem.fi\\\/sv\\\/produkt\\\/masterchlor-5000-natriumhypoklorit-05\\\/#primaryimage\"},\"image\":{\"@id\":\"https:\\\/\\\/masterchem.fi\\\/sv\\\/produkt\\\/masterchlor-5000-natriumhypoklorit-05\\\/#primaryimage\"},\"thumbnailUrl\":\"https:\\\/\\\/masterchem.fi\\\/wp-content\\\/uploads\\\/2020\\\/08\\\/MasterChlor-5000-1000l-MaterChem.jpg\",\"datePublished\":\"2020-08-14T05:43:48+00:00\",\"description\":\"Natriumhypoklorit i l\u00f6sning (MasterChlor 5000) har en bred antimikrobiell effekt och anv\u00e4nds ofta i medicinska anl\u00e4ggningar under en m\u00e4ngd olika f\u00f6rh\u00e5llanden. Det sp\u00e4ds vanligtvis i vatten beroende p\u00e5 dess avsedda anv\u00e4ndning.\",\"breadcrumb\":{\"@id\":\"https:\\\/\\\/masterchem.fi\\\/sv\\\/produkt\\\/masterchlor-5000-natriumhypoklorit-05\\\/#breadcrumb\"},\"inLanguage\":\"sv-SE\",\"potentialAction\":[{\"@type\":\"ReadAction\",\"target\":[\"https:\\\/\\\/masterchem.fi\\\/sv\\\/produkt\\\/masterchlor-5000-natriumhypoklorit-05\\\/\"]}]},{\"@type\":\"ImageObject\",\"inLanguage\":\"sv-SE\",\"@id\":\"https:\\\/\\\/masterchem.fi\\\/sv\\\/produkt\\\/masterchlor-5000-natriumhypoklorit-05\\\/#primaryimage\",\"url\":\"https:\\\/\\\/masterchem.fi\\\/wp-content\\\/uploads\\\/2020\\\/08\\\/MasterChlor-5000-1000l-MaterChem.jpg\",\"contentUrl\":\"https:\\\/\\\/masterchem.fi\\\/wp-content\\\/uploads\\\/2020\\\/08\\\/MasterChlor-5000-1000l-MaterChem.jpg\",\"width\":1000,\"height\":1000,\"caption\":\"MasterChlor 5000 (Natriumhypoklorit 0,5%) 1000l MaterChem\"},{\"@type\":\"BreadcrumbList\",\"@id\":\"https:\\\/\\\/masterchem.fi\\\/sv\\\/produkt\\\/masterchlor-5000-natriumhypoklorit-05\\\/#breadcrumb\",\"itemListElement\":[{\"@type\":\"ListItem\",\"position\":1,\"name\":\"Home\",\"item\":\"https:\\\/\\\/masterchem.fi\\\/sv\\\/\"},{\"@type\":\"ListItem\",\"position\":2,\"name\":\"Butik\",\"item\":\"https:\\\/\\\/masterchem.fi\\\/sv\\\/butik\\\/\"},{\"@type\":\"ListItem\",\"position\":3,\"name\":\"MasterChlor 5000 (Natriumhypoklorit 0,5%)\"}]},{\"@type\":\"WebSite\",\"@id\":\"https:\\\/\\\/masterchem.fi\\\/sv\\\/#website\",\"url\":\"https:\\\/\\\/masterchem.fi\\\/sv\\\/\",\"name\":\"MasterChem | kemikaalien tuotanto ja myynti\",\"description\":\"kemikaalien tuotanto ja myynti\",\"potentialAction\":[{\"@type\":\"SearchAction\",\"target\":{\"@type\":\"EntryPoint\",\"urlTemplate\":\"https:\\\/\\\/masterchem.fi\\\/sv\\\/?s={search_term_string}\"},\"query-input\":{\"@type\":\"PropertyValueSpecification\",\"valueRequired\":true,\"valueName\":\"search_term_string\"}}],\"inLanguage\":\"sv-SE\"}]}<\/script>\n<!-- \/ Yoast SEO plugin. -->","yoast_head_json":{"title":"MasterChlor 5000 (Natriumhypoklorit 0,5%) - MasterChem | kemikaalien tuotanto ja myynti","description":"Natriumhypoklorit i l\u00f6sning (MasterChlor 5000) har en bred antimikrobiell effekt och anv\u00e4nds ofta i medicinska anl\u00e4ggningar under en m\u00e4ngd olika f\u00f6rh\u00e5llanden. Det sp\u00e4ds vanligtvis i vatten beroende p\u00e5 dess avsedda anv\u00e4ndning.","robots":{"index":"index","follow":"follow","max-snippet":"max-snippet:-1","max-image-preview":"max-image-preview:large","max-video-preview":"max-video-preview:-1"},"canonical":"https:\/\/masterchem.fi\/sv\/produkt\/masterchlor-5000-natriumhypoklorit-05\/","og_locale":"sv_SE","og_type":"article","og_title":"MasterChlor 5000 (Natriumhypoklorit 0,5%) - MasterChem | kemikaalien tuotanto ja myynti","og_description":"Natriumhypoklorit i l\u00f6sning (MasterChlor 5000) har en bred antimikrobiell effekt och anv\u00e4nds ofta i medicinska anl\u00e4ggningar under en m\u00e4ngd olika f\u00f6rh\u00e5llanden. Det sp\u00e4ds vanligtvis i vatten beroende p\u00e5 dess avsedda anv\u00e4ndning.","og_url":"https:\/\/masterchem.fi\/sv\/produkt\/masterchlor-5000-natriumhypoklorit-05\/","og_site_name":"MasterChem | kemikaalien tuotanto ja myynti","og_image":[{"width":1000,"height":1000,"url":"https:\/\/masterchem.fi\/wp-content\/uploads\/2020\/08\/MasterChlor-5000-1000l-MaterChem.jpg","type":"image\/jpeg"}],"twitter_card":"summary_large_image","schema":{"@context":"https:\/\/schema.org","@graph":[{"@type":"WebPage","@id":"https:\/\/masterchem.fi\/sv\/produkt\/masterchlor-5000-natriumhypoklorit-05\/","url":"https:\/\/masterchem.fi\/sv\/produkt\/masterchlor-5000-natriumhypoklorit-05\/","name":"MasterChlor 5000 (Natriumhypoklorit 0,5%) - MasterChem | kemikaalien tuotanto ja myynti","isPartOf":{"@id":"https:\/\/masterchem.fi\/sv\/#website"},"primaryImageOfPage":{"@id":"https:\/\/masterchem.fi\/sv\/produkt\/masterchlor-5000-natriumhypoklorit-05\/#primaryimage"},"image":{"@id":"https:\/\/masterchem.fi\/sv\/produkt\/masterchlor-5000-natriumhypoklorit-05\/#primaryimage"},"thumbnailUrl":"https:\/\/masterchem.fi\/wp-content\/uploads\/2020\/08\/MasterChlor-5000-1000l-MaterChem.jpg","datePublished":"2020-08-14T05:43:48+00:00","description":"Natriumhypoklorit i l\u00f6sning (MasterChlor 5000) har en bred antimikrobiell effekt och anv\u00e4nds ofta i medicinska anl\u00e4ggningar under en m\u00e4ngd olika f\u00f6rh\u00e5llanden. Det sp\u00e4ds vanligtvis i vatten beroende p\u00e5 dess avsedda anv\u00e4ndning.","breadcrumb":{"@id":"https:\/\/masterchem.fi\/sv\/produkt\/masterchlor-5000-natriumhypoklorit-05\/#breadcrumb"},"inLanguage":"sv-SE","potentialAction":[{"@type":"ReadAction","target":["https:\/\/masterchem.fi\/sv\/produkt\/masterchlor-5000-natriumhypoklorit-05\/"]}]},{"@type":"ImageObject","inLanguage":"sv-SE","@id":"https:\/\/masterchem.fi\/sv\/produkt\/masterchlor-5000-natriumhypoklorit-05\/#primaryimage","url":"https:\/\/masterchem.fi\/wp-content\/uploads\/2020\/08\/MasterChlor-5000-1000l-MaterChem.jpg","contentUrl":"https:\/\/masterchem.fi\/wp-content\/uploads\/2020\/08\/MasterChlor-5000-1000l-MaterChem.jpg","width":1000,"height":1000,"caption":"MasterChlor 5000 (Natriumhypoklorit 0,5%) 1000l MaterChem"},{"@type":"BreadcrumbList","@id":"https:\/\/masterchem.fi\/sv\/produkt\/masterchlor-5000-natriumhypoklorit-05\/#breadcrumb","itemListElement":[{"@type":"ListItem","position":1,"name":"Home","item":"https:\/\/masterchem.fi\/sv\/"},{"@type":"ListItem","position":2,"name":"Butik","item":"https:\/\/masterchem.fi\/sv\/butik\/"},{"@type":"ListItem","position":3,"name":"MasterChlor 5000 (Natriumhypoklorit 0,5%)"}]},{"@type":"WebSite","@id":"https:\/\/masterchem.fi\/sv\/#website","url":"https:\/\/masterchem.fi\/sv\/","name":"MasterChem | kemikaalien tuotanto ja myynti","description":"kemikaalien tuotanto ja myynti","potentialAction":[{"@type":"SearchAction","target":{"@type":"EntryPoint","urlTemplate":"https:\/\/masterchem.fi\/sv\/?s={search_term_string}"},"query-input":{"@type":"PropertyValueSpecification","valueRequired":true,"valueName":"search_term_string"}}],"inLanguage":"sv-SE"}]}},"_links":{"self":[{"href":"https:\/\/masterchem.fi\/sv\/wp-json\/wp\/v2\/product\/7286","targetHints":{"allow":["GET"]}}],"collection":[{"href":"https:\/\/masterchem.fi\/sv\/wp-json\/wp\/v2\/product"}],"about":[{"href":"https:\/\/masterchem.fi\/sv\/wp-json\/wp\/v2\/types\/product"}],"wp:featuredmedia":[{"embeddable":true,"href":"https:\/\/masterchem.fi\/sv\/wp-json\/wp\/v2\/media\/6707"}],"wp:attachment":[{"href":"https:\/\/masterchem.fi\/sv\/wp-json\/wp\/v2\/media?parent=7286"}],"wp:term":[{"taxonomy":"product_brand","embeddable":true,"href":"https:\/\/masterchem.fi\/sv\/wp-json\/wp\/v2\/product_brand?post=7286"},{"taxonomy":"product_cat","embeddable":true,"href":"https:\/\/masterchem.fi\/sv\/wp-json\/wp\/v2\/product_cat?post=7286"},{"taxonomy":"product_tag","embeddable":true,"href":"https:\/\/masterchem.fi\/sv\/wp-json\/wp\/v2\/product_tag?post=7286"}],"curies":[{"name":"wp","href":"https:\/\/api.w.org\/{rel}","templated":true}]}}