{"id":7292,"date":"2020-08-14T08:37:59","date_gmt":"2020-08-14T05:37:59","guid":{"rendered":"https:\/\/masterchem.fi\/product\/natriumhypoklorit-12-15-cas-7681-52-9\/"},"modified":"2020-08-14T08:37:59","modified_gmt":"2020-08-14T05:37:59","slug":"natriumhypoklorit-12-15-cas-7681-52-9","status":"publish","type":"product","link":"https:\/\/masterchem.fi\/sv\/produkt\/natriumhypoklorit-12-15-cas-7681-52-9\/","title":{"rendered":"Natriumhypoklorit 12-15% CAS 7681-52-9"},"content":{"rendered":"<p> <strong> EINECS 231-668-3 <\/strong> <\/p>\n<p> Desinfektion av COVID-19 ska utf\u00f6ras med 0,1-0,5% natriumhypokloritl\u00f6sning (WHO och Health Department rekommendation) <\/p>\n<p> <strong> Beskrivning <\/strong> <\/p>\n<p>Natriumhypoklorit (natriumhypoklorit) \u00e4r en oorganisk f\u00f6rening, natriumsaltet av hypoklorsyra. Det triviala (historiska) namnet p\u00e5 saltl\u00f6sningen \u00e4r &#8220;labarraca-vatten&#8221; eller &#8220;javeliskt vatten&#8221;. <\/p>\n<p> Den fria tillst\u00e5ndsf\u00f6reningen \u00e4r mycket instabil och anv\u00e4nds vanligtvis i form av en relativt stabil NaOCl \u00b7 5H20-pentahydrat eller en vattenl\u00f6sning med en karakteristisk skarp klorlukt och h\u00f6ga fr\u00e4tande egenskaper. <\/p>\n<p> Det har antiseptiska och desinfektionsmedel. Det anv\u00e4nds som blekmedel och desinfektionsmedel f\u00f6r hush\u00e5ll och industri, som vattenrenare och desinfektionsmedel, som oxidationsmedel i vissa processer f\u00f6r industriell kemisk produktion. Som bakteried\u00f6dande och steriliserande medel anv\u00e4nds det inom medicin, livsmedelsindustrin och jordbruk. <\/p>\n<p> <strong> Medicinska applikationer. <\/strong> <\/p>\n<p> I modern medicinsk praxis anv\u00e4nds antiseptiska l\u00f6sningar av natriumhypoklorit fr\u00e4mst f\u00f6r extern och topisk anv\u00e4ndning som antivirala, antisvampmedel och bakteried\u00f6dande medel vid behandling av hud, slemhinnor och s\u00e5r. Hypoklorit \u00e4r aktivt mot m\u00e5nga gram-positiva och gram-negativa bakterier, de mest patogena svamparna, virusen och protozoa, \u00e4ven om dess effekt minskar i n\u00e4rvaro av blod eller dess komponenter. <\/p>\n<p> I tandv\u00e5rden anv\u00e4nds natriumhypoklorit mest som en antiseptisk bevattningsl\u00f6sning (0,5-5,25% NaOCl) i endodonti. Populariteten f\u00f6r NaOCl best\u00e4ms av den allm\u00e4nna tillg\u00e4ngligheten och den l\u00e5ga kostnaden f\u00f6r l\u00f6sningen, liksom den bakteried\u00f6dande och antivirala effekten mot farliga virus s\u00e5som HIV, rotavirus, herpesvirus, hepatit A och B. Det finns bevis f\u00f6r anv\u00e4ndning av natriumhypoklorit vid behandling av viral hepatit: det har ett brett spektrum av antivirala l\u00e4kemedel, avgiftning och antioxidanteffekter. NaOCl-l\u00f6sningar kan steriliseras f\u00f6r att sterilisera vissa medicintekniska produkter, utrustning f\u00f6r patientv\u00e5rd, redskap, s\u00e4ngkl\u00e4der, leksaker, rum, h\u00e5rda m\u00f6bler och HVAC-utrustning. P\u00e5 grund av dess h\u00f6ga korrosivitet anv\u00e4nds inte hypoklorit i metallutrustning och verktyg. Vi \u00f6verv\u00e4ger ocks\u00e5 anv\u00e4ndningen av natriumhypokloritl\u00f6sningar i veterin\u00e4rmedicin: de anv\u00e4nds f\u00f6r att desinficera djurbyggnader. <\/p>\n<p> <strong> Industriell anv\u00e4ndning. <\/strong> <\/p>\n<p> <strong> Anv\u00e4nd som industriell blekmedel. <\/strong> <\/p>\n<p> Anv\u00e4ndningen av natriumhypoklorit som blekmedel \u00e4r ett av de prioriterade omr\u00e5dena f\u00f6r industriellt bruk, s\u00e5som desinfektion och rening av dricksvatten. <\/p>\n<p> Vattenhaltiga NaOCl-l\u00f6sningar inneh\u00e5llande 10 till 12% aktiv substans anv\u00e4nds vanligtvis som blekmedel f\u00f6r industriellt bruk. <\/p>\n<p> Natriumhypoklorit anv\u00e4nds i stor utstr\u00e4ckning som blekmedel och fl\u00e4ckborttagare i textilindustrin s\u00e5v\u00e4l som i industritv\u00e4ttar och kemtv\u00e4ttar. Den kan anv\u00e4ndas s\u00e4kert i m\u00e5nga typer av tyger, inklusive bomull, polyester, nylon, acetat, linne, viskos och andra. Det \u00e4r mycket effektivt f\u00f6r att ta bort sp\u00e5r av jord och ett brett utbud av fl\u00e4ckar, inklusive blod, kaffe, \u00f6rter, senap, r\u00f6tt vin etc. <\/p>\n<p> Natriumhypoklorit anv\u00e4nds ocks\u00e5 i massa- och pappersindustrin f\u00f6r att bleka vedmassa. NaOCl-blekning f\u00f6ljer i allm\u00e4nhet kloreringssteget och \u00e4r ett av stegen i den kemiska behandlingen av tr\u00e4 som anv\u00e4nds f\u00f6r att uppn\u00e5 h\u00f6g ljusstyrka hos massan. De fibr\u00f6sa halvfabrikaten bearbetas i speciella hypokloritblektorn i en alkalisk milj\u00f6 (pH 8-9), vid en temperatur av 35-40 \u00b0 C, i 2-3 timmar. Under denna process oxideras och klonas lignin, liksom f\u00f6rst\u00f6relsen av kromoforgrupper i organiska molekyler. <\/p>\n<p> <strong> Anv\u00e4nd som industriellt desinfektionsmedel. <\/strong> <\/p>\n<p> <\u030b <em> Kan anv\u00e4ndas i slakterier, slaktare, fiskeindustrin, fj\u00e4derf\u00e4industrin, f\u00e4rdigmatindustrin, mejerier, bryggerier, dryckesindustrin och gr\u00f6nsaksindustrin. F\u00f6r att ta bort smuts fr\u00e5n kyckling, fl\u00e4sk, n\u00f6tk\u00f6tt, fisk och gr\u00f6nsaker. F\u00f6r b\u00e4nkskivor, golv, v\u00e4ggar, maskiner och transport\u00f6rer. <\/em> <\/strong> <\/p>\n<p> <\u030b <em> pH 14 <\/em> <\/strong> <\/p>\n<p> Den utbredda anv\u00e4ndningen av natriumhypoklorit som industriellt desinfektionsmedel \u00e4r fr\u00e4mst relaterad till f\u00f6ljande omr\u00e5den: <\/p>\n<p> Desinfektion av dricksvatten innan det serveras i det kommunala vattendistributionssystemet. <\/p>\n<p> Vattendesinfektion och behandling med algicider i simbass\u00e4nger och dammar. <\/p>\n<p> Rening av avloppsvatten fr\u00e5n hush\u00e5ll och industri, rening av organiska och oorganiska f\u00f6roreningar. <\/p>\n<p> i bryggeriet, vinframst\u00e4llningen och mejeriindustrin &#8211; desinfektion av system, r\u00f6rledningar, tankar; <\/p>\n<p> svampd\u00f6dande och bakteried\u00f6dande behandling av spannm\u00e5l. <\/p>\n<p> Desinfektion av fiskedammar; <\/p>\n<p> Desinfektion av tekniska anl\u00e4ggningar. <\/p>\n<p>Hypokloritdesinfektionsmedel \u00e4r en del av vissa automater<\/p>\n","protected":false},"excerpt":{"rendered":"<p>Desinfektion av COVID-19 ska utf\u00f6ras med 0,1-0,5% natriumhypokloritl\u00f6sning (WHO och h\u00e4lsoavdelningens rekommendation)<\/p>\n","protected":false},"featured_media":6691,"template":"","meta":[],"product_brand":[],"product_cat":[116,106,107,108,109,110,111,182,112,113,103,114,104,115,105],"product_tag":[],"class_list":{"0":"post-7292","1":"product","2":"type-product","3":"status-publish","4":"has-post-thumbnail","6":"product_cat-alla-produkter","7":"product_cat-lakemedelsindustri","8":"product_cat-glasfiber","9":"product_cat-metallkemikalier","10":"product_cat-plast","11":"product_cat-forpackning","12":"product_cat-trabearbetningskemikalier","13":"product_cat-hortikultur","14":"product_cat-byggbranschen","15":"product_cat-vaggmalning","16":"product_cat-frostskydd","17":"product_cat-typografiska-kemikalier","18":"product_cat-bil-och-maskinkemikalier","19":"product_cat-industriella-kemikalier","20":"product_cat-hushallskemikalier-sv","22":"first","23":"instock","24":"taxable","25":"shipping-taxable","26":"purchasable","27":"product-type-variable","28":"has-default-attributes","29":"rtwpvg-product"},"yoast_head":"<!-- This site is optimized with the Yoast SEO plugin v27.2 - https:\/\/yoast.com\/product\/yoast-seo-wordpress\/ -->\n<title>Natriumhypoklorit 12-15% CAS 7681-52-9 - MasterChem | kemikaalien tuotanto ja myynti<\/title>\n<meta name=\"description\" content=\"Desinfektion av COVID-19 ska utf\u00f6ras med 0,1-0,5% natriumhypokloritl\u00f6sning (WHO och h\u00e4lsoavdelningens rekommendation)\" \/>\n<meta name=\"robots\" content=\"index, follow, max-snippet:-1, max-image-preview:large, max-video-preview:-1\" \/>\n<link rel=\"canonical\" href=\"https:\/\/masterchem.fi\/sv\/produkt\/natriumhypoklorit-12-15-cas-7681-52-9\/\" \/>\n<meta property=\"og:locale\" content=\"sv_SE\" \/>\n<meta property=\"og:type\" content=\"article\" \/>\n<meta property=\"og:title\" content=\"Natriumhypoklorit 12-15% CAS 7681-52-9 - MasterChem | kemikaalien tuotanto ja myynti\" \/>\n<meta property=\"og:description\" content=\"Desinfektion av COVID-19 ska utf\u00f6ras med 0,1-0,5% natriumhypokloritl\u00f6sning (WHO och h\u00e4lsoavdelningens rekommendation)\" \/>\n<meta property=\"og:url\" content=\"https:\/\/masterchem.fi\/sv\/produkt\/natriumhypoklorit-12-15-cas-7681-52-9\/\" \/>\n<meta property=\"og:site_name\" content=\"MasterChem | kemikaalien tuotanto ja myynti\" \/>\n<meta property=\"og:image\" content=\"https:\/\/masterchem.fi\/wp-content\/uploads\/2020\/08\/Sodium-hypochlorite-1000l-MasterChem.jpg\" \/>\n\t<meta property=\"og:image:width\" content=\"1000\" \/>\n\t<meta property=\"og:image:height\" content=\"1000\" \/>\n\t<meta property=\"og:image:type\" content=\"image\/jpeg\" \/>\n<meta name=\"twitter:card\" content=\"summary_large_image\" \/>\n<meta name=\"twitter:label1\" content=\"Ber\u00e4knad l\u00e4stid\" \/>\n\t<meta name=\"twitter:data1\" content=\"3 minuter\" \/>\n<script type=\"application\/ld+json\" class=\"yoast-schema-graph\">{\"@context\":\"https:\/\/schema.org\",\"@graph\":[{\"@type\":\"WebPage\",\"@id\":\"https:\/\/masterchem.fi\/sv\/produkt\/natriumhypoklorit-12-15-cas-7681-52-9\/\",\"url\":\"https:\/\/masterchem.fi\/sv\/produkt\/natriumhypoklorit-12-15-cas-7681-52-9\/\",\"name\":\"Natriumhypoklorit 12-15% CAS 7681-52-9 - MasterChem | kemikaalien tuotanto ja myynti\",\"isPartOf\":{\"@id\":\"https:\/\/masterchem.fi\/sv\/#website\"},\"primaryImageOfPage\":{\"@id\":\"https:\/\/masterchem.fi\/sv\/produkt\/natriumhypoklorit-12-15-cas-7681-52-9\/#primaryimage\"},\"image\":{\"@id\":\"https:\/\/masterchem.fi\/sv\/produkt\/natriumhypoklorit-12-15-cas-7681-52-9\/#primaryimage\"},\"thumbnailUrl\":\"https:\/\/masterchem.fi\/wp-content\/uploads\/2020\/08\/Sodium-hypochlorite-1000l-MasterChem.jpg\",\"datePublished\":\"2020-08-14T05:37:59+00:00\",\"description\":\"Desinfektion av COVID-19 ska utf\u00f6ras med 0,1-0,5% natriumhypokloritl\u00f6sning (WHO och h\u00e4lsoavdelningens rekommendation)\",\"breadcrumb\":{\"@id\":\"https:\/\/masterchem.fi\/sv\/produkt\/natriumhypoklorit-12-15-cas-7681-52-9\/#breadcrumb\"},\"inLanguage\":\"sv-SE\",\"potentialAction\":[{\"@type\":\"ReadAction\",\"target\":[\"https:\/\/masterchem.fi\/sv\/produkt\/natriumhypoklorit-12-15-cas-7681-52-9\/\"]}]},{\"@type\":\"ImageObject\",\"inLanguage\":\"sv-SE\",\"@id\":\"https:\/\/masterchem.fi\/sv\/produkt\/natriumhypoklorit-12-15-cas-7681-52-9\/#primaryimage\",\"url\":\"https:\/\/masterchem.fi\/wp-content\/uploads\/2020\/08\/Sodium-hypochlorite-1000l-MasterChem.jpg\",\"contentUrl\":\"https:\/\/masterchem.fi\/wp-content\/uploads\/2020\/08\/Sodium-hypochlorite-1000l-MasterChem.jpg\",\"width\":1000,\"height\":1000,\"caption\":\"Natriumhypoklorit 12-15% CAS 7681-52-9 1000l MaterChem\"},{\"@type\":\"BreadcrumbList\",\"@id\":\"https:\/\/masterchem.fi\/sv\/produkt\/natriumhypoklorit-12-15-cas-7681-52-9\/#breadcrumb\",\"itemListElement\":[{\"@type\":\"ListItem\",\"position\":1,\"name\":\"Home\",\"item\":\"https:\/\/masterchem.fi\/sv\/\"},{\"@type\":\"ListItem\",\"position\":2,\"name\":\"Butik\",\"item\":\"https:\/\/masterchem.fi\/sv\/butik\/\"},{\"@type\":\"ListItem\",\"position\":3,\"name\":\"Natriumhypoklorit 12-15% CAS 7681-52-9\"}]},{\"@type\":\"WebSite\",\"@id\":\"https:\/\/masterchem.fi\/sv\/#website\",\"url\":\"https:\/\/masterchem.fi\/sv\/\",\"name\":\"MasterChem | kemikaalien tuotanto ja myynti\",\"description\":\"kemikaalien tuotanto ja myynti\",\"potentialAction\":[{\"@type\":\"SearchAction\",\"target\":{\"@type\":\"EntryPoint\",\"urlTemplate\":\"https:\/\/masterchem.fi\/sv\/?s={search_term_string}\"},\"query-input\":{\"@type\":\"PropertyValueSpecification\",\"valueRequired\":true,\"valueName\":\"search_term_string\"}}],\"inLanguage\":\"sv-SE\"}]}<\/script>\n<!-- \/ Yoast SEO plugin. -->","yoast_head_json":{"title":"Natriumhypoklorit 12-15% CAS 7681-52-9 - MasterChem | kemikaalien tuotanto ja myynti","description":"Desinfektion av COVID-19 ska utf\u00f6ras med 0,1-0,5% natriumhypokloritl\u00f6sning (WHO och h\u00e4lsoavdelningens rekommendation)","robots":{"index":"index","follow":"follow","max-snippet":"max-snippet:-1","max-image-preview":"max-image-preview:large","max-video-preview":"max-video-preview:-1"},"canonical":"https:\/\/masterchem.fi\/sv\/produkt\/natriumhypoklorit-12-15-cas-7681-52-9\/","og_locale":"sv_SE","og_type":"article","og_title":"Natriumhypoklorit 12-15% CAS 7681-52-9 - MasterChem | kemikaalien tuotanto ja myynti","og_description":"Desinfektion av COVID-19 ska utf\u00f6ras med 0,1-0,5% natriumhypokloritl\u00f6sning (WHO och h\u00e4lsoavdelningens rekommendation)","og_url":"https:\/\/masterchem.fi\/sv\/produkt\/natriumhypoklorit-12-15-cas-7681-52-9\/","og_site_name":"MasterChem | kemikaalien tuotanto ja myynti","og_image":[{"width":1000,"height":1000,"url":"https:\/\/masterchem.fi\/wp-content\/uploads\/2020\/08\/Sodium-hypochlorite-1000l-MasterChem.jpg","type":"image\/jpeg"}],"twitter_card":"summary_large_image","twitter_misc":{"Ber\u00e4knad l\u00e4stid":"3 minuter"},"schema":{"@context":"https:\/\/schema.org","@graph":[{"@type":"WebPage","@id":"https:\/\/masterchem.fi\/sv\/produkt\/natriumhypoklorit-12-15-cas-7681-52-9\/","url":"https:\/\/masterchem.fi\/sv\/produkt\/natriumhypoklorit-12-15-cas-7681-52-9\/","name":"Natriumhypoklorit 12-15% CAS 7681-52-9 - MasterChem | kemikaalien tuotanto ja myynti","isPartOf":{"@id":"https:\/\/masterchem.fi\/sv\/#website"},"primaryImageOfPage":{"@id":"https:\/\/masterchem.fi\/sv\/produkt\/natriumhypoklorit-12-15-cas-7681-52-9\/#primaryimage"},"image":{"@id":"https:\/\/masterchem.fi\/sv\/produkt\/natriumhypoklorit-12-15-cas-7681-52-9\/#primaryimage"},"thumbnailUrl":"https:\/\/masterchem.fi\/wp-content\/uploads\/2020\/08\/Sodium-hypochlorite-1000l-MasterChem.jpg","datePublished":"2020-08-14T05:37:59+00:00","description":"Desinfektion av COVID-19 ska utf\u00f6ras med 0,1-0,5% natriumhypokloritl\u00f6sning (WHO och h\u00e4lsoavdelningens rekommendation)","breadcrumb":{"@id":"https:\/\/masterchem.fi\/sv\/produkt\/natriumhypoklorit-12-15-cas-7681-52-9\/#breadcrumb"},"inLanguage":"sv-SE","potentialAction":[{"@type":"ReadAction","target":["https:\/\/masterchem.fi\/sv\/produkt\/natriumhypoklorit-12-15-cas-7681-52-9\/"]}]},{"@type":"ImageObject","inLanguage":"sv-SE","@id":"https:\/\/masterchem.fi\/sv\/produkt\/natriumhypoklorit-12-15-cas-7681-52-9\/#primaryimage","url":"https:\/\/masterchem.fi\/wp-content\/uploads\/2020\/08\/Sodium-hypochlorite-1000l-MasterChem.jpg","contentUrl":"https:\/\/masterchem.fi\/wp-content\/uploads\/2020\/08\/Sodium-hypochlorite-1000l-MasterChem.jpg","width":1000,"height":1000,"caption":"Natriumhypoklorit 12-15% CAS 7681-52-9 1000l MaterChem"},{"@type":"BreadcrumbList","@id":"https:\/\/masterchem.fi\/sv\/produkt\/natriumhypoklorit-12-15-cas-7681-52-9\/#breadcrumb","itemListElement":[{"@type":"ListItem","position":1,"name":"Home","item":"https:\/\/masterchem.fi\/sv\/"},{"@type":"ListItem","position":2,"name":"Butik","item":"https:\/\/masterchem.fi\/sv\/butik\/"},{"@type":"ListItem","position":3,"name":"Natriumhypoklorit 12-15% CAS 7681-52-9"}]},{"@type":"WebSite","@id":"https:\/\/masterchem.fi\/sv\/#website","url":"https:\/\/masterchem.fi\/sv\/","name":"MasterChem | kemikaalien tuotanto ja myynti","description":"kemikaalien tuotanto ja myynti","potentialAction":[{"@type":"SearchAction","target":{"@type":"EntryPoint","urlTemplate":"https:\/\/masterchem.fi\/sv\/?s={search_term_string}"},"query-input":{"@type":"PropertyValueSpecification","valueRequired":true,"valueName":"search_term_string"}}],"inLanguage":"sv-SE"}]}},"_links":{"self":[{"href":"https:\/\/masterchem.fi\/sv\/wp-json\/wp\/v2\/product\/7292","targetHints":{"allow":["GET"]}}],"collection":[{"href":"https:\/\/masterchem.fi\/sv\/wp-json\/wp\/v2\/product"}],"about":[{"href":"https:\/\/masterchem.fi\/sv\/wp-json\/wp\/v2\/types\/product"}],"wp:featuredmedia":[{"embeddable":true,"href":"https:\/\/masterchem.fi\/sv\/wp-json\/wp\/v2\/media\/6691"}],"wp:attachment":[{"href":"https:\/\/masterchem.fi\/sv\/wp-json\/wp\/v2\/media?parent=7292"}],"wp:term":[{"taxonomy":"product_brand","embeddable":true,"href":"https:\/\/masterchem.fi\/sv\/wp-json\/wp\/v2\/product_brand?post=7292"},{"taxonomy":"product_cat","embeddable":true,"href":"https:\/\/masterchem.fi\/sv\/wp-json\/wp\/v2\/product_cat?post=7292"},{"taxonomy":"product_tag","embeddable":true,"href":"https:\/\/masterchem.fi\/sv\/wp-json\/wp\/v2\/product_tag?post=7292"}],"curies":[{"name":"wp","href":"https:\/\/api.w.org\/{rel}","templated":true}]}}