{"id":7298,"date":"2020-08-14T08:04:24","date_gmt":"2020-08-14T05:04:24","guid":{"rendered":"https:\/\/masterchem.fi\/product\/masterchem-ie80-desinfektionsmedel\/"},"modified":"2020-10-13T08:54:05","modified_gmt":"2020-10-13T05:54:05","slug":"masterchem-ie80-desinfektionsmedel","status":"publish","type":"product","link":"https:\/\/masterchem.fi\/sv\/produkt\/masterchem-ie80-desinfektionsmedel\/","title":{"rendered":"MasterChem IE80 desinfektionsmedel"},"content":{"rendered":"<p> <strong> MasterChem IE80 allm\u00e4nt desinfektionsmedel f\u00f6r ytor och rum. <\/strong> <br \/>\nDet \u00e4r en blandning av etanol och isopropanol. Total alkoholhalt 80%. <br \/>\nMasterChem erbjuder m\u00e5ngsidiga desinfektionsmedel f\u00f6r f\u00f6rem\u00e5l och ytor: <br \/>\nDesinficerar, deodoriserar, reng\u00f6r och tar bort fett utan att aktivt skumma. <br \/>\nSpecialformel, mycket fokuserad <br \/>\nGer omfattande skydd mot st\u00f6rre svampar, m\u00f6gel och bakterier som orsakar infektioner. <br \/>\nP\u00e5 grund av dess funktioner \u00e4r MasterChem IE80 s\u00e4rskilt l\u00e4mplig f\u00f6r sjukhus, offentliga platser, gym och sociala sammankomster. <br \/>\nL\u00e4mplig \u00e4ven f\u00f6r hygieniska antiseptika. <br \/>\nF\u00f6rpackning: 5000 ml. <\/p>\n<p> <strong> Lagring: <\/strong> <br \/>\nF\u00f6rvara produkten vid en temperatur mellan + 5 \u00b0 C och 35 \u00b0 C och uts\u00e4tt den inte f\u00f6r direkt solljus. <\/p>\n<p> <strong> Fysiska egenskaper: <\/strong> <br \/>\nDensitet: 0,85 g \/ cm3 + -0,01 vid 20 grader <br \/>\nF\u00e4rg: klar, f\u00e4rgl\u00f6s v\u00e4tska <\/p>\n","protected":false},"excerpt":{"rendered":"<p> MasterChem IE80 allm\u00e4nt desinfektionsmedel f\u00f6r ytor och rum. <br \/>\nDet \u00e4r en blandning av etanol och isopropanol. Total alkoholhalt 80%. <br \/>\nMasterChem erbjuder m\u00e5ngsidiga desinfektionsmedel f\u00f6r f\u00f6rem\u00e5l och ytor: <br \/>\nDesinficerar, deodoriserar, reng\u00f6r och avl\u00e4gsnar aktivt fett utan att aktivt skumma. Specialformel, mycket fokuserad <\/p>\n","protected":false},"featured_media":7635,"template":"","meta":[],"product_brand":[],"product_cat":[112,113,103,114,104,115,105,116,106,107,108,109,110,111],"product_tag":[],"class_list":{"0":"post-7298","1":"product","2":"type-product","3":"status-publish","4":"has-post-thumbnail","6":"product_cat-byggbranschen","7":"product_cat-vaggmalning","8":"product_cat-frostskydd","9":"product_cat-typografiska-kemikalier","10":"product_cat-bil-och-maskinkemikalier","11":"product_cat-industriella-kemikalier","12":"product_cat-hushallskemikalier-sv","13":"product_cat-alla-produkter","14":"product_cat-lakemedelsindustri","15":"product_cat-glasfiber","16":"product_cat-metallkemikalier","17":"product_cat-plast","18":"product_cat-forpackning","19":"product_cat-trabearbetningskemikalier","21":"first","22":"instock","23":"taxable","24":"shipping-taxable","25":"purchasable","26":"product-type-variable","27":"has-default-attributes","28":"rtwpvg-product"},"yoast_head":"<!-- This site is optimized with the Yoast SEO plugin v27.2 - https:\/\/yoast.com\/product\/yoast-seo-wordpress\/ -->\n<title>MasterChem IE80 desinfektionsmedel - MasterChem | kemikaalien tuotanto ja myynti<\/title>\n<meta name=\"description\" content=\"MasterChem IE80 allm\u00e4nt desinfektionsmedel f\u00f6r ytor och rum. Det \u00e4r en blandning av etanol och isopropanol. Total alkoholhalt 80%.\" \/>\n<meta name=\"robots\" content=\"index, follow, max-snippet:-1, max-image-preview:large, max-video-preview:-1\" \/>\n<link rel=\"canonical\" href=\"https:\/\/masterchem.fi\/sv\/produkt\/masterchem-ie80-desinfektionsmedel\/\" \/>\n<meta property=\"og:locale\" content=\"sv_SE\" \/>\n<meta property=\"og:type\" content=\"article\" \/>\n<meta property=\"og:title\" content=\"MasterChem IE80 desinfektionsmedel - MasterChem | kemikaalien tuotanto ja myynti\" \/>\n<meta property=\"og:description\" content=\"MasterChem IE80 allm\u00e4nt desinfektionsmedel f\u00f6r ytor och rum. Det \u00e4r en blandning av etanol och isopropanol. Total alkoholhalt 80%.\" \/>\n<meta property=\"og:url\" content=\"https:\/\/masterchem.fi\/sv\/produkt\/masterchem-ie80-desinfektionsmedel\/\" \/>\n<meta property=\"og:site_name\" content=\"MasterChem | kemikaalien tuotanto ja myynti\" \/>\n<meta property=\"article:modified_time\" content=\"2020-10-13T05:54:05+00:00\" \/>\n<meta property=\"og:image\" content=\"https:\/\/masterchem.fi\/wp-content\/uploads\/2020\/08\/MasterChem-IE80-disinfectant-1000l-MaterChem-1.jpg\" \/>\n\t<meta property=\"og:image:width\" content=\"1000\" \/>\n\t<meta property=\"og:image:height\" content=\"1000\" \/>\n\t<meta property=\"og:image:type\" content=\"image\/jpeg\" \/>\n<meta name=\"twitter:card\" content=\"summary_large_image\" \/>\n<meta name=\"twitter:label1\" content=\"Ber\u00e4knad l\u00e4stid\" \/>\n\t<meta name=\"twitter:data1\" content=\"1 minut\" \/>\n<script type=\"application\/ld+json\" class=\"yoast-schema-graph\">{\"@context\":\"https:\/\/schema.org\",\"@graph\":[{\"@type\":\"WebPage\",\"@id\":\"https:\/\/masterchem.fi\/sv\/produkt\/masterchem-ie80-desinfektionsmedel\/\",\"url\":\"https:\/\/masterchem.fi\/sv\/produkt\/masterchem-ie80-desinfektionsmedel\/\",\"name\":\"MasterChem IE80 desinfektionsmedel - MasterChem | kemikaalien tuotanto ja myynti\",\"isPartOf\":{\"@id\":\"https:\/\/masterchem.fi\/sv\/#website\"},\"primaryImageOfPage\":{\"@id\":\"https:\/\/masterchem.fi\/sv\/produkt\/masterchem-ie80-desinfektionsmedel\/#primaryimage\"},\"image\":{\"@id\":\"https:\/\/masterchem.fi\/sv\/produkt\/masterchem-ie80-desinfektionsmedel\/#primaryimage\"},\"thumbnailUrl\":\"https:\/\/masterchem.fi\/wp-content\/uploads\/2020\/08\/MasterChem-IE80-disinfectant-1000l-MaterChem-1.jpg\",\"datePublished\":\"2020-08-14T05:04:24+00:00\",\"dateModified\":\"2020-10-13T05:54:05+00:00\",\"description\":\"MasterChem IE80 allm\u00e4nt desinfektionsmedel f\u00f6r ytor och rum. Det \u00e4r en blandning av etanol och isopropanol. Total alkoholhalt 80%.\",\"breadcrumb\":{\"@id\":\"https:\/\/masterchem.fi\/sv\/produkt\/masterchem-ie80-desinfektionsmedel\/#breadcrumb\"},\"inLanguage\":\"sv-SE\",\"potentialAction\":[{\"@type\":\"ReadAction\",\"target\":[\"https:\/\/masterchem.fi\/sv\/produkt\/masterchem-ie80-desinfektionsmedel\/\"]}]},{\"@type\":\"ImageObject\",\"inLanguage\":\"sv-SE\",\"@id\":\"https:\/\/masterchem.fi\/sv\/produkt\/masterchem-ie80-desinfektionsmedel\/#primaryimage\",\"url\":\"https:\/\/masterchem.fi\/wp-content\/uploads\/2020\/08\/MasterChem-IE80-disinfectant-1000l-MaterChem-1.jpg\",\"contentUrl\":\"https:\/\/masterchem.fi\/wp-content\/uploads\/2020\/08\/MasterChem-IE80-disinfectant-1000l-MaterChem-1.jpg\",\"width\":1000,\"height\":1000,\"caption\":\"MasterChem IE80 desinfektionsmedel 1000L\"},{\"@type\":\"BreadcrumbList\",\"@id\":\"https:\/\/masterchem.fi\/sv\/produkt\/masterchem-ie80-desinfektionsmedel\/#breadcrumb\",\"itemListElement\":[{\"@type\":\"ListItem\",\"position\":1,\"name\":\"Home\",\"item\":\"https:\/\/masterchem.fi\/sv\/\"},{\"@type\":\"ListItem\",\"position\":2,\"name\":\"Butik\",\"item\":\"https:\/\/masterchem.fi\/sv\/butik\/\"},{\"@type\":\"ListItem\",\"position\":3,\"name\":\"MasterChem IE80 desinfektionsmedel\"}]},{\"@type\":\"WebSite\",\"@id\":\"https:\/\/masterchem.fi\/sv\/#website\",\"url\":\"https:\/\/masterchem.fi\/sv\/\",\"name\":\"MasterChem | kemikaalien tuotanto ja myynti\",\"description\":\"kemikaalien tuotanto ja myynti\",\"potentialAction\":[{\"@type\":\"SearchAction\",\"target\":{\"@type\":\"EntryPoint\",\"urlTemplate\":\"https:\/\/masterchem.fi\/sv\/?s={search_term_string}\"},\"query-input\":{\"@type\":\"PropertyValueSpecification\",\"valueRequired\":true,\"valueName\":\"search_term_string\"}}],\"inLanguage\":\"sv-SE\"}]}<\/script>\n<!-- \/ Yoast SEO plugin. -->","yoast_head_json":{"title":"MasterChem IE80 desinfektionsmedel - MasterChem | kemikaalien tuotanto ja myynti","description":"MasterChem IE80 allm\u00e4nt desinfektionsmedel f\u00f6r ytor och rum. Det \u00e4r en blandning av etanol och isopropanol. Total alkoholhalt 80%.","robots":{"index":"index","follow":"follow","max-snippet":"max-snippet:-1","max-image-preview":"max-image-preview:large","max-video-preview":"max-video-preview:-1"},"canonical":"https:\/\/masterchem.fi\/sv\/produkt\/masterchem-ie80-desinfektionsmedel\/","og_locale":"sv_SE","og_type":"article","og_title":"MasterChem IE80 desinfektionsmedel - MasterChem | kemikaalien tuotanto ja myynti","og_description":"MasterChem IE80 allm\u00e4nt desinfektionsmedel f\u00f6r ytor och rum. Det \u00e4r en blandning av etanol och isopropanol. Total alkoholhalt 80%.","og_url":"https:\/\/masterchem.fi\/sv\/produkt\/masterchem-ie80-desinfektionsmedel\/","og_site_name":"MasterChem | kemikaalien tuotanto ja myynti","article_modified_time":"2020-10-13T05:54:05+00:00","og_image":[{"width":1000,"height":1000,"url":"https:\/\/masterchem.fi\/wp-content\/uploads\/2020\/08\/MasterChem-IE80-disinfectant-1000l-MaterChem-1.jpg","type":"image\/jpeg"}],"twitter_card":"summary_large_image","twitter_misc":{"Ber\u00e4knad l\u00e4stid":"1 minut"},"schema":{"@context":"https:\/\/schema.org","@graph":[{"@type":"WebPage","@id":"https:\/\/masterchem.fi\/sv\/produkt\/masterchem-ie80-desinfektionsmedel\/","url":"https:\/\/masterchem.fi\/sv\/produkt\/masterchem-ie80-desinfektionsmedel\/","name":"MasterChem IE80 desinfektionsmedel - MasterChem | kemikaalien tuotanto ja myynti","isPartOf":{"@id":"https:\/\/masterchem.fi\/sv\/#website"},"primaryImageOfPage":{"@id":"https:\/\/masterchem.fi\/sv\/produkt\/masterchem-ie80-desinfektionsmedel\/#primaryimage"},"image":{"@id":"https:\/\/masterchem.fi\/sv\/produkt\/masterchem-ie80-desinfektionsmedel\/#primaryimage"},"thumbnailUrl":"https:\/\/masterchem.fi\/wp-content\/uploads\/2020\/08\/MasterChem-IE80-disinfectant-1000l-MaterChem-1.jpg","datePublished":"2020-08-14T05:04:24+00:00","dateModified":"2020-10-13T05:54:05+00:00","description":"MasterChem IE80 allm\u00e4nt desinfektionsmedel f\u00f6r ytor och rum. Det \u00e4r en blandning av etanol och isopropanol. Total alkoholhalt 80%.","breadcrumb":{"@id":"https:\/\/masterchem.fi\/sv\/produkt\/masterchem-ie80-desinfektionsmedel\/#breadcrumb"},"inLanguage":"sv-SE","potentialAction":[{"@type":"ReadAction","target":["https:\/\/masterchem.fi\/sv\/produkt\/masterchem-ie80-desinfektionsmedel\/"]}]},{"@type":"ImageObject","inLanguage":"sv-SE","@id":"https:\/\/masterchem.fi\/sv\/produkt\/masterchem-ie80-desinfektionsmedel\/#primaryimage","url":"https:\/\/masterchem.fi\/wp-content\/uploads\/2020\/08\/MasterChem-IE80-disinfectant-1000l-MaterChem-1.jpg","contentUrl":"https:\/\/masterchem.fi\/wp-content\/uploads\/2020\/08\/MasterChem-IE80-disinfectant-1000l-MaterChem-1.jpg","width":1000,"height":1000,"caption":"MasterChem IE80 desinfektionsmedel 1000L"},{"@type":"BreadcrumbList","@id":"https:\/\/masterchem.fi\/sv\/produkt\/masterchem-ie80-desinfektionsmedel\/#breadcrumb","itemListElement":[{"@type":"ListItem","position":1,"name":"Home","item":"https:\/\/masterchem.fi\/sv\/"},{"@type":"ListItem","position":2,"name":"Butik","item":"https:\/\/masterchem.fi\/sv\/butik\/"},{"@type":"ListItem","position":3,"name":"MasterChem IE80 desinfektionsmedel"}]},{"@type":"WebSite","@id":"https:\/\/masterchem.fi\/sv\/#website","url":"https:\/\/masterchem.fi\/sv\/","name":"MasterChem | kemikaalien tuotanto ja myynti","description":"kemikaalien tuotanto ja myynti","potentialAction":[{"@type":"SearchAction","target":{"@type":"EntryPoint","urlTemplate":"https:\/\/masterchem.fi\/sv\/?s={search_term_string}"},"query-input":{"@type":"PropertyValueSpecification","valueRequired":true,"valueName":"search_term_string"}}],"inLanguage":"sv-SE"}]}},"_links":{"self":[{"href":"https:\/\/masterchem.fi\/sv\/wp-json\/wp\/v2\/product\/7298","targetHints":{"allow":["GET"]}}],"collection":[{"href":"https:\/\/masterchem.fi\/sv\/wp-json\/wp\/v2\/product"}],"about":[{"href":"https:\/\/masterchem.fi\/sv\/wp-json\/wp\/v2\/types\/product"}],"wp:featuredmedia":[{"embeddable":true,"href":"https:\/\/masterchem.fi\/sv\/wp-json\/wp\/v2\/media\/7635"}],"wp:attachment":[{"href":"https:\/\/masterchem.fi\/sv\/wp-json\/wp\/v2\/media?parent=7298"}],"wp:term":[{"taxonomy":"product_brand","embeddable":true,"href":"https:\/\/masterchem.fi\/sv\/wp-json\/wp\/v2\/product_brand?post=7298"},{"taxonomy":"product_cat","embeddable":true,"href":"https:\/\/masterchem.fi\/sv\/wp-json\/wp\/v2\/product_cat?post=7298"},{"taxonomy":"product_tag","embeddable":true,"href":"https:\/\/masterchem.fi\/sv\/wp-json\/wp\/v2\/product_tag?post=7298"}],"curies":[{"name":"wp","href":"https:\/\/api.w.org\/{rel}","templated":true}]}}