{"id":7307,"date":"2020-08-14T08:25:46","date_gmt":"2020-08-14T05:25:46","guid":{"rendered":"https:\/\/masterchem.fi\/product\/masterdes-pro-e80-ytdesinfektionsmedel\/"},"modified":"2020-08-14T08:25:46","modified_gmt":"2020-08-14T05:25:46","slug":"masterdes-pro-e80-ytdesinfektionsmedel","status":"publish","type":"product","link":"https:\/\/masterchem.fi\/sv\/produkt\/masterdes-pro-e80-ytdesinfektionsmedel\/","title":{"rendered":"MasterDes Pro E80 ytdesinfektionsmedel"},"content":{"rendered":"<p> MasterDes Pro E80 \u00e4r ett universellt desinfektionsmedel f\u00f6r ytor och rum. Detta \u00e4r en ny produkt som utvecklats med en speciell formel f\u00f6r att kontrollera COVID-19-virus och andra virus, bakterier, p\u00e5 ytan. Sammans\u00e4ttningen \u00e4r h\u00e4mtad fr\u00e5n rekommendationerna fr\u00e5n V\u00e4rldsh\u00e4lsoorganisationen om kontroll av koronavirus. <\/p>\n<p> Etanolinneh\u00e5ll 80%. <\/p>\n<p> MasterChem tillhandah\u00e5ller allm\u00e4nna desinfektionsmedel f\u00f6r f\u00f6rem\u00e5l och ytor, desinficerar aktivt, deodoriserar, reng\u00f6r och tar bort fett. <\/p>\n<p> MasterDes Pro E80 ger ocks\u00e5 omfattande skydd mot st\u00f6rre svampar, m\u00f6gel och bakterier som orsakar infektioner. <\/p>\n<p> P\u00e5 grund av dess funktioner \u00e4r MasterDes Pro E80 s\u00e4rskilt l\u00e4mplig f\u00f6r sjukhus, offentliga platser, gym och sociala evenemang, reng\u00f6ring av fordon och allm\u00e4nna utrymmen. <\/p>\n<p> Det rekommenderas inte att anv\u00e4ndas som ett handantiseptiskt medel eftersom det inte inneh\u00e5ller fuktgivande tillsatser. <\/p>\n<p> F\u00f6rpackning: 5000 ml. <\/p>\n<p> Anv\u00e4ndning och drift: redo att anv\u00e4ndas <\/p>\n<p> <\u030blagring: <\/ pite <\/p>\n<p> F\u00f6rvara produkten mellan + 5 \u00b0 C och 35 \u00b0 C och uts\u00e4tt den inte f\u00f6r direkt solljus. <\/p>\n<p> Fysiska egenskaper: <\/p>\n<p> Densitet: 0,843 g \/ cm3 + -0,05 vid 20 grader <\/p>\n<p> F\u00e4rg: klar, f\u00e4rgl\u00f6s v\u00e4tska <\/p>\n<p> Lukt: stark etanollukt <\/p>\n<p> Flampunkt: 20 \u00b0 C <\/p>\n","protected":false},"excerpt":{"rendered":"<p> MasterDes Pro E80 \u00e4r ett universellt desinfektionsmedel f\u00f6r ytor och rum. Detta \u00e4r en ny produkt som utvecklats med en speciell formel f\u00f6r att kontrollera COVID-19-virus och andra virus, bakterier, p\u00e5 ytan. Sammans\u00e4ttningen \u00e4r h\u00e4mtad fr\u00e5n rekommendationerna fr\u00e5n V\u00e4rldsh\u00e4lsoorganisationen om kontroll av coronavirus. <\/p>\n<p> Etanolinneh\u00e5ll 80%. <\/p>\n","protected":false},"featured_media":6790,"template":"","meta":[],"product_brand":[],"product_cat":[110,111,112,113,103,114,104,115,105,116,106,107,108,109],"product_tag":[],"class_list":{"0":"post-7307","1":"product","2":"type-product","3":"status-publish","4":"has-post-thumbnail","6":"product_cat-forpackning","7":"product_cat-trabearbetningskemikalier","8":"product_cat-byggbranschen","9":"product_cat-vaggmalning","10":"product_cat-frostskydd","11":"product_cat-typografiska-kemikalier","12":"product_cat-bil-och-maskinkemikalier","13":"product_cat-industriella-kemikalier","14":"product_cat-hushallskemikalier-sv","15":"product_cat-alla-produkter","16":"product_cat-lakemedelsindustri","17":"product_cat-glasfiber","18":"product_cat-metallkemikalier","19":"product_cat-plast","21":"first","22":"instock","23":"taxable","24":"shipping-taxable","25":"purchasable","26":"product-type-variable","27":"has-default-attributes","28":"rtwpvg-product"},"yoast_head":"<!-- This site is optimized with the Yoast SEO plugin v27.2 - https:\/\/yoast.com\/product\/yoast-seo-wordpress\/ -->\n<title>MasterDes Pro E80 ytdesinfektionsmedel - MasterChem | kemikaalien tuotanto ja myynti<\/title>\n<meta name=\"description\" content=\"MasterDes Pro E80 \u00e4r ett universellt desinfektionsmedel f\u00f6r ytor och rum. Detta \u00e4r en ny produkt som utvecklats med en speciell formel f\u00f6r att kontrollera COVID-19-virus och andra virus, bakterier, p\u00e5 ytan.\" \/>\n<meta name=\"robots\" content=\"index, follow, max-snippet:-1, max-image-preview:large, max-video-preview:-1\" \/>\n<link rel=\"canonical\" href=\"https:\/\/masterchem.fi\/sv\/produkt\/masterdes-pro-e80-ytdesinfektionsmedel\/\" \/>\n<meta property=\"og:locale\" content=\"sv_SE\" \/>\n<meta property=\"og:type\" content=\"article\" \/>\n<meta property=\"og:title\" content=\"MasterDes Pro E80 ytdesinfektionsmedel - MasterChem | kemikaalien tuotanto ja myynti\" \/>\n<meta property=\"og:description\" content=\"MasterDes Pro E80 \u00e4r ett universellt desinfektionsmedel f\u00f6r ytor och rum. Detta \u00e4r en ny produkt som utvecklats med en speciell formel f\u00f6r att kontrollera COVID-19-virus och andra virus, bakterier, p\u00e5 ytan.\" \/>\n<meta property=\"og:url\" content=\"https:\/\/masterchem.fi\/sv\/produkt\/masterdes-pro-e80-ytdesinfektionsmedel\/\" \/>\n<meta property=\"og:site_name\" content=\"MasterChem | kemikaalien tuotanto ja myynti\" \/>\n<meta property=\"og:image\" content=\"https:\/\/masterchem.fi\/wp-content\/uploads\/2020\/08\/MasterDes-Pro-E80-5l-MaterChem.jpg\" \/>\n\t<meta property=\"og:image:width\" content=\"700\" \/>\n\t<meta property=\"og:image:height\" content=\"700\" \/>\n\t<meta property=\"og:image:type\" content=\"image\/jpeg\" \/>\n<meta name=\"twitter:card\" content=\"summary_large_image\" \/>\n<meta name=\"twitter:label1\" content=\"Ber\u00e4knad l\u00e4stid\" \/>\n\t<meta name=\"twitter:data1\" content=\"1 minut\" \/>\n<script type=\"application\/ld+json\" class=\"yoast-schema-graph\">{\"@context\":\"https:\/\/schema.org\",\"@graph\":[{\"@type\":\"WebPage\",\"@id\":\"https:\/\/masterchem.fi\/sv\/produkt\/masterdes-pro-e80-ytdesinfektionsmedel\/\",\"url\":\"https:\/\/masterchem.fi\/sv\/produkt\/masterdes-pro-e80-ytdesinfektionsmedel\/\",\"name\":\"MasterDes Pro E80 ytdesinfektionsmedel - MasterChem | kemikaalien tuotanto ja myynti\",\"isPartOf\":{\"@id\":\"https:\/\/masterchem.fi\/sv\/#website\"},\"primaryImageOfPage\":{\"@id\":\"https:\/\/masterchem.fi\/sv\/produkt\/masterdes-pro-e80-ytdesinfektionsmedel\/#primaryimage\"},\"image\":{\"@id\":\"https:\/\/masterchem.fi\/sv\/produkt\/masterdes-pro-e80-ytdesinfektionsmedel\/#primaryimage\"},\"thumbnailUrl\":\"https:\/\/masterchem.fi\/wp-content\/uploads\/2020\/08\/MasterDes-Pro-E80-5l-MaterChem.jpg\",\"datePublished\":\"2020-08-14T05:25:46+00:00\",\"description\":\"MasterDes Pro E80 \u00e4r ett universellt desinfektionsmedel f\u00f6r ytor och rum. Detta \u00e4r en ny produkt som utvecklats med en speciell formel f\u00f6r att kontrollera COVID-19-virus och andra virus, bakterier, p\u00e5 ytan.\",\"breadcrumb\":{\"@id\":\"https:\/\/masterchem.fi\/sv\/produkt\/masterdes-pro-e80-ytdesinfektionsmedel\/#breadcrumb\"},\"inLanguage\":\"sv-SE\",\"potentialAction\":[{\"@type\":\"ReadAction\",\"target\":[\"https:\/\/masterchem.fi\/sv\/produkt\/masterdes-pro-e80-ytdesinfektionsmedel\/\"]}]},{\"@type\":\"ImageObject\",\"inLanguage\":\"sv-SE\",\"@id\":\"https:\/\/masterchem.fi\/sv\/produkt\/masterdes-pro-e80-ytdesinfektionsmedel\/#primaryimage\",\"url\":\"https:\/\/masterchem.fi\/wp-content\/uploads\/2020\/08\/MasterDes-Pro-E80-5l-MaterChem.jpg\",\"contentUrl\":\"https:\/\/masterchem.fi\/wp-content\/uploads\/2020\/08\/MasterDes-Pro-E80-5l-MaterChem.jpg\",\"width\":700,\"height\":700,\"caption\":\"MasterDes Pro E80 5l MaterChem\"},{\"@type\":\"BreadcrumbList\",\"@id\":\"https:\/\/masterchem.fi\/sv\/produkt\/masterdes-pro-e80-ytdesinfektionsmedel\/#breadcrumb\",\"itemListElement\":[{\"@type\":\"ListItem\",\"position\":1,\"name\":\"Home\",\"item\":\"https:\/\/masterchem.fi\/sv\/\"},{\"@type\":\"ListItem\",\"position\":2,\"name\":\"Butik\",\"item\":\"https:\/\/masterchem.fi\/sv\/butik\/\"},{\"@type\":\"ListItem\",\"position\":3,\"name\":\"MasterDes Pro E80 ytdesinfektionsmedel\"}]},{\"@type\":\"WebSite\",\"@id\":\"https:\/\/masterchem.fi\/sv\/#website\",\"url\":\"https:\/\/masterchem.fi\/sv\/\",\"name\":\"MasterChem | kemikaalien tuotanto ja myynti\",\"description\":\"kemikaalien tuotanto ja myynti\",\"potentialAction\":[{\"@type\":\"SearchAction\",\"target\":{\"@type\":\"EntryPoint\",\"urlTemplate\":\"https:\/\/masterchem.fi\/sv\/?s={search_term_string}\"},\"query-input\":{\"@type\":\"PropertyValueSpecification\",\"valueRequired\":true,\"valueName\":\"search_term_string\"}}],\"inLanguage\":\"sv-SE\"}]}<\/script>\n<!-- \/ Yoast SEO plugin. -->","yoast_head_json":{"title":"MasterDes Pro E80 ytdesinfektionsmedel - MasterChem | kemikaalien tuotanto ja myynti","description":"MasterDes Pro E80 \u00e4r ett universellt desinfektionsmedel f\u00f6r ytor och rum. Detta \u00e4r en ny produkt som utvecklats med en speciell formel f\u00f6r att kontrollera COVID-19-virus och andra virus, bakterier, p\u00e5 ytan.","robots":{"index":"index","follow":"follow","max-snippet":"max-snippet:-1","max-image-preview":"max-image-preview:large","max-video-preview":"max-video-preview:-1"},"canonical":"https:\/\/masterchem.fi\/sv\/produkt\/masterdes-pro-e80-ytdesinfektionsmedel\/","og_locale":"sv_SE","og_type":"article","og_title":"MasterDes Pro E80 ytdesinfektionsmedel - MasterChem | kemikaalien tuotanto ja myynti","og_description":"MasterDes Pro E80 \u00e4r ett universellt desinfektionsmedel f\u00f6r ytor och rum. Detta \u00e4r en ny produkt som utvecklats med en speciell formel f\u00f6r att kontrollera COVID-19-virus och andra virus, bakterier, p\u00e5 ytan.","og_url":"https:\/\/masterchem.fi\/sv\/produkt\/masterdes-pro-e80-ytdesinfektionsmedel\/","og_site_name":"MasterChem | kemikaalien tuotanto ja myynti","og_image":[{"width":700,"height":700,"url":"https:\/\/masterchem.fi\/wp-content\/uploads\/2020\/08\/MasterDes-Pro-E80-5l-MaterChem.jpg","type":"image\/jpeg"}],"twitter_card":"summary_large_image","twitter_misc":{"Ber\u00e4knad l\u00e4stid":"1 minut"},"schema":{"@context":"https:\/\/schema.org","@graph":[{"@type":"WebPage","@id":"https:\/\/masterchem.fi\/sv\/produkt\/masterdes-pro-e80-ytdesinfektionsmedel\/","url":"https:\/\/masterchem.fi\/sv\/produkt\/masterdes-pro-e80-ytdesinfektionsmedel\/","name":"MasterDes Pro E80 ytdesinfektionsmedel - MasterChem | kemikaalien tuotanto ja myynti","isPartOf":{"@id":"https:\/\/masterchem.fi\/sv\/#website"},"primaryImageOfPage":{"@id":"https:\/\/masterchem.fi\/sv\/produkt\/masterdes-pro-e80-ytdesinfektionsmedel\/#primaryimage"},"image":{"@id":"https:\/\/masterchem.fi\/sv\/produkt\/masterdes-pro-e80-ytdesinfektionsmedel\/#primaryimage"},"thumbnailUrl":"https:\/\/masterchem.fi\/wp-content\/uploads\/2020\/08\/MasterDes-Pro-E80-5l-MaterChem.jpg","datePublished":"2020-08-14T05:25:46+00:00","description":"MasterDes Pro E80 \u00e4r ett universellt desinfektionsmedel f\u00f6r ytor och rum. Detta \u00e4r en ny produkt som utvecklats med en speciell formel f\u00f6r att kontrollera COVID-19-virus och andra virus, bakterier, p\u00e5 ytan.","breadcrumb":{"@id":"https:\/\/masterchem.fi\/sv\/produkt\/masterdes-pro-e80-ytdesinfektionsmedel\/#breadcrumb"},"inLanguage":"sv-SE","potentialAction":[{"@type":"ReadAction","target":["https:\/\/masterchem.fi\/sv\/produkt\/masterdes-pro-e80-ytdesinfektionsmedel\/"]}]},{"@type":"ImageObject","inLanguage":"sv-SE","@id":"https:\/\/masterchem.fi\/sv\/produkt\/masterdes-pro-e80-ytdesinfektionsmedel\/#primaryimage","url":"https:\/\/masterchem.fi\/wp-content\/uploads\/2020\/08\/MasterDes-Pro-E80-5l-MaterChem.jpg","contentUrl":"https:\/\/masterchem.fi\/wp-content\/uploads\/2020\/08\/MasterDes-Pro-E80-5l-MaterChem.jpg","width":700,"height":700,"caption":"MasterDes Pro E80 5l MaterChem"},{"@type":"BreadcrumbList","@id":"https:\/\/masterchem.fi\/sv\/produkt\/masterdes-pro-e80-ytdesinfektionsmedel\/#breadcrumb","itemListElement":[{"@type":"ListItem","position":1,"name":"Home","item":"https:\/\/masterchem.fi\/sv\/"},{"@type":"ListItem","position":2,"name":"Butik","item":"https:\/\/masterchem.fi\/sv\/butik\/"},{"@type":"ListItem","position":3,"name":"MasterDes Pro E80 ytdesinfektionsmedel"}]},{"@type":"WebSite","@id":"https:\/\/masterchem.fi\/sv\/#website","url":"https:\/\/masterchem.fi\/sv\/","name":"MasterChem | kemikaalien tuotanto ja myynti","description":"kemikaalien tuotanto ja myynti","potentialAction":[{"@type":"SearchAction","target":{"@type":"EntryPoint","urlTemplate":"https:\/\/masterchem.fi\/sv\/?s={search_term_string}"},"query-input":{"@type":"PropertyValueSpecification","valueRequired":true,"valueName":"search_term_string"}}],"inLanguage":"sv-SE"}]}},"_links":{"self":[{"href":"https:\/\/masterchem.fi\/sv\/wp-json\/wp\/v2\/product\/7307","targetHints":{"allow":["GET"]}}],"collection":[{"href":"https:\/\/masterchem.fi\/sv\/wp-json\/wp\/v2\/product"}],"about":[{"href":"https:\/\/masterchem.fi\/sv\/wp-json\/wp\/v2\/types\/product"}],"wp:featuredmedia":[{"embeddable":true,"href":"https:\/\/masterchem.fi\/sv\/wp-json\/wp\/v2\/media\/6790"}],"wp:attachment":[{"href":"https:\/\/masterchem.fi\/sv\/wp-json\/wp\/v2\/media?parent=7307"}],"wp:term":[{"taxonomy":"product_brand","embeddable":true,"href":"https:\/\/masterchem.fi\/sv\/wp-json\/wp\/v2\/product_brand?post=7307"},{"taxonomy":"product_cat","embeddable":true,"href":"https:\/\/masterchem.fi\/sv\/wp-json\/wp\/v2\/product_cat?post=7307"},{"taxonomy":"product_tag","embeddable":true,"href":"https:\/\/masterchem.fi\/sv\/wp-json\/wp\/v2\/product_tag?post=7307"}],"curies":[{"name":"wp","href":"https:\/\/api.w.org\/{rel}","templated":true}]}}