{"id":7317,"date":"2020-08-14T08:19:52","date_gmt":"2020-08-14T05:19:52","guid":{"rendered":"https:\/\/masterchem.fi\/product\/handsprit-masterchem-ie80-h\/"},"modified":"2020-08-14T08:19:52","modified_gmt":"2020-08-14T05:19:52","slug":"handsprit-masterchem-ie80-h","status":"publish","type":"product","link":"https:\/\/masterchem.fi\/sv\/produkt\/handsprit-masterchem-ie80-h\/","title":{"rendered":"Handsprit MasterChem IE80-H"},"content":{"rendered":"<p> MasterChem IE80-H universellt desinfektionsmedel f\u00f6r handantiseptika. Inneh\u00e5ller glycerin f\u00f6r att f\u00f6rhindra torr hud. <\/p>\n<p> Detta \u00e4r en blandning av etanol och isopropanol. Total alkoholhalt 80%. (Desinfektionsmedel har vanligtvis en alkoholhalt p\u00e5 70%) <\/p>\n<p> Desinficerar, deodoriserar och reng\u00f6r aktivt och beh\u00f6ver inte sk\u00f6ljas. <\/p>\n<p> Ger omfattande skydd mot st\u00f6rre svampar, m\u00f6gel och bakterier som orsakar infektioner. <\/p>\n<p> P\u00e5 grund av sina egenskaper \u00e4r MasterChem IE80-H s\u00e4rskilt l\u00e4mplig f\u00f6r sjukhus, offentliga platser, gym och sociala sammankomster. <\/p>\n<p> <\u030bLagring: <\/ {<\/p>\n<p> F\u00f6rvara produkten vid en temperatur mellan 0 \u00b0 C och + 35 \u00b0 C och undvik direkt solljus. <\/p>\n<p> Fysikaliska och kemiska egenskaper: <\/p>\n<p> Densitet vid 20 \u00b0 C: 0,85 g \/ cm3 + -0,01 <\/p>\n<p> F\u00e4rg: transparent, f\u00e4rgl\u00f6s <\/p>\n<p> Lukt: stark andelukt <\/p>\n","protected":false},"excerpt":{"rendered":"<p>MasterChem IE80-H universellt desinfektionsmedel f\u00f6r antiseptiska medel. Inneh\u00e5ller glycerin f\u00f6r att f\u00f6rhindra torr hud.<\/p>\n","protected":false},"featured_media":6647,"template":"","meta":[],"product_brand":[],"product_cat":[103,114,104,115,105,116,106,107,108,109,110,111,112,113],"product_tag":[],"class_list":{"0":"post-7317","1":"product","2":"type-product","3":"status-publish","4":"has-post-thumbnail","6":"product_cat-frostskydd","7":"product_cat-typografiska-kemikalier","8":"product_cat-bil-och-maskinkemikalier","9":"product_cat-industriella-kemikalier","10":"product_cat-hushallskemikalier-sv","11":"product_cat-alla-produkter","12":"product_cat-lakemedelsindustri","13":"product_cat-glasfiber","14":"product_cat-metallkemikalier","15":"product_cat-plast","16":"product_cat-forpackning","17":"product_cat-trabearbetningskemikalier","18":"product_cat-byggbranschen","19":"product_cat-vaggmalning","21":"first","22":"instock","23":"taxable","24":"shipping-taxable","25":"purchasable","26":"product-type-variable","27":"rtwpvg-product"},"yoast_head":"<!-- This site is optimized with the Yoast SEO plugin v27.5 - https:\/\/yoast.com\/product\/yoast-seo-wordpress\/ -->\n<title>Handsprit MasterChem IE80-H - MasterChem | kemikaalien tuotanto ja myynti<\/title>\n<meta name=\"description\" content=\"Handdesinfektionsmedel MasterChem IE80-H universellt desinfektionsmedel f\u00f6r antiseptiska medel. Inneh\u00e5ller glycerin f\u00f6r att f\u00f6rhindra torr hud.\" \/>\n<meta name=\"robots\" content=\"index, follow, max-snippet:-1, max-image-preview:large, max-video-preview:-1\" \/>\n<link rel=\"canonical\" href=\"https:\/\/masterchem.fi\/sv\/produkt\/handsprit-masterchem-ie80-h\/\" \/>\n<meta property=\"og:locale\" content=\"sv_SE\" \/>\n<meta property=\"og:type\" content=\"article\" \/>\n<meta property=\"og:title\" content=\"Handsprit MasterChem IE80-H - MasterChem | kemikaalien tuotanto ja myynti\" \/>\n<meta property=\"og:description\" content=\"Handdesinfektionsmedel MasterChem IE80-H universellt desinfektionsmedel f\u00f6r antiseptiska medel. Inneh\u00e5ller glycerin f\u00f6r att f\u00f6rhindra torr hud.\" \/>\n<meta property=\"og:url\" content=\"https:\/\/masterchem.fi\/sv\/produkt\/handsprit-masterchem-ie80-h\/\" \/>\n<meta property=\"og:site_name\" content=\"MasterChem | kemikaalien tuotanto ja myynti\" \/>\n<meta property=\"og:image\" content=\"https:\/\/masterchem.fi\/wp-content\/uploads\/2020\/08\/KASIN-desinfiointiaine-MASTERCHEM-IE80-H-1000L.jpg\" \/>\n\t<meta property=\"og:image:width\" content=\"1000\" \/>\n\t<meta property=\"og:image:height\" content=\"1000\" \/>\n\t<meta property=\"og:image:type\" content=\"image\/jpeg\" \/>\n<meta name=\"twitter:card\" content=\"summary_large_image\" \/>\n<script type=\"application\/ld+json\" class=\"yoast-schema-graph\">{\"@context\":\"https:\\\/\\\/schema.org\",\"@graph\":[{\"@type\":\"WebPage\",\"@id\":\"https:\\\/\\\/masterchem.fi\\\/sv\\\/produkt\\\/handsprit-masterchem-ie80-h\\\/\",\"url\":\"https:\\\/\\\/masterchem.fi\\\/sv\\\/produkt\\\/handsprit-masterchem-ie80-h\\\/\",\"name\":\"Handsprit MasterChem IE80-H - MasterChem | kemikaalien tuotanto ja myynti\",\"isPartOf\":{\"@id\":\"https:\\\/\\\/masterchem.fi\\\/sv\\\/#website\"},\"primaryImageOfPage\":{\"@id\":\"https:\\\/\\\/masterchem.fi\\\/sv\\\/produkt\\\/handsprit-masterchem-ie80-h\\\/#primaryimage\"},\"image\":{\"@id\":\"https:\\\/\\\/masterchem.fi\\\/sv\\\/produkt\\\/handsprit-masterchem-ie80-h\\\/#primaryimage\"},\"thumbnailUrl\":\"https:\\\/\\\/masterchem.fi\\\/wp-content\\\/uploads\\\/2020\\\/08\\\/KASIN-desinfiointiaine-MASTERCHEM-IE80-H-1000L.jpg\",\"datePublished\":\"2020-08-14T05:19:52+00:00\",\"description\":\"Handdesinfektionsmedel MasterChem IE80-H universellt desinfektionsmedel f\u00f6r antiseptiska medel. Inneh\u00e5ller glycerin f\u00f6r att f\u00f6rhindra torr hud.\",\"breadcrumb\":{\"@id\":\"https:\\\/\\\/masterchem.fi\\\/sv\\\/produkt\\\/handsprit-masterchem-ie80-h\\\/#breadcrumb\"},\"inLanguage\":\"sv-SE\",\"potentialAction\":[{\"@type\":\"ReadAction\",\"target\":[\"https:\\\/\\\/masterchem.fi\\\/sv\\\/produkt\\\/handsprit-masterchem-ie80-h\\\/\"]}]},{\"@type\":\"ImageObject\",\"inLanguage\":\"sv-SE\",\"@id\":\"https:\\\/\\\/masterchem.fi\\\/sv\\\/produkt\\\/handsprit-masterchem-ie80-h\\\/#primaryimage\",\"url\":\"https:\\\/\\\/masterchem.fi\\\/wp-content\\\/uploads\\\/2020\\\/08\\\/KASIN-desinfiointiaine-MASTERCHEM-IE80-H-1000L.jpg\",\"contentUrl\":\"https:\\\/\\\/masterchem.fi\\\/wp-content\\\/uploads\\\/2020\\\/08\\\/KASIN-desinfiointiaine-MASTERCHEM-IE80-H-1000L.jpg\",\"width\":1000,\"height\":1000,\"caption\":\"HANDDESINFEKTION MASTERCHEM IE80-H 1000L\"},{\"@type\":\"BreadcrumbList\",\"@id\":\"https:\\\/\\\/masterchem.fi\\\/sv\\\/produkt\\\/handsprit-masterchem-ie80-h\\\/#breadcrumb\",\"itemListElement\":[{\"@type\":\"ListItem\",\"position\":1,\"name\":\"Home\",\"item\":\"https:\\\/\\\/masterchem.fi\\\/sv\\\/\"},{\"@type\":\"ListItem\",\"position\":2,\"name\":\"Butik\",\"item\":\"https:\\\/\\\/masterchem.fi\\\/sv\\\/butik\\\/\"},{\"@type\":\"ListItem\",\"position\":3,\"name\":\"Handsprit MasterChem IE80-H\"}]},{\"@type\":\"WebSite\",\"@id\":\"https:\\\/\\\/masterchem.fi\\\/sv\\\/#website\",\"url\":\"https:\\\/\\\/masterchem.fi\\\/sv\\\/\",\"name\":\"MasterChem | kemikaalien tuotanto ja myynti\",\"description\":\"kemikaalien tuotanto ja myynti\",\"potentialAction\":[{\"@type\":\"SearchAction\",\"target\":{\"@type\":\"EntryPoint\",\"urlTemplate\":\"https:\\\/\\\/masterchem.fi\\\/sv\\\/?s={search_term_string}\"},\"query-input\":{\"@type\":\"PropertyValueSpecification\",\"valueRequired\":true,\"valueName\":\"search_term_string\"}}],\"inLanguage\":\"sv-SE\"}]}<\/script>\n<!-- \/ Yoast SEO plugin. -->","yoast_head_json":{"title":"Handsprit MasterChem IE80-H - MasterChem | kemikaalien tuotanto ja myynti","description":"Handdesinfektionsmedel MasterChem IE80-H universellt desinfektionsmedel f\u00f6r antiseptiska medel. Inneh\u00e5ller glycerin f\u00f6r att f\u00f6rhindra torr hud.","robots":{"index":"index","follow":"follow","max-snippet":"max-snippet:-1","max-image-preview":"max-image-preview:large","max-video-preview":"max-video-preview:-1"},"canonical":"https:\/\/masterchem.fi\/sv\/produkt\/handsprit-masterchem-ie80-h\/","og_locale":"sv_SE","og_type":"article","og_title":"Handsprit MasterChem IE80-H - MasterChem | kemikaalien tuotanto ja myynti","og_description":"Handdesinfektionsmedel MasterChem IE80-H universellt desinfektionsmedel f\u00f6r antiseptiska medel. Inneh\u00e5ller glycerin f\u00f6r att f\u00f6rhindra torr hud.","og_url":"https:\/\/masterchem.fi\/sv\/produkt\/handsprit-masterchem-ie80-h\/","og_site_name":"MasterChem | kemikaalien tuotanto ja myynti","og_image":[{"width":1000,"height":1000,"url":"https:\/\/masterchem.fi\/wp-content\/uploads\/2020\/08\/KASIN-desinfiointiaine-MASTERCHEM-IE80-H-1000L.jpg","type":"image\/jpeg"}],"twitter_card":"summary_large_image","schema":{"@context":"https:\/\/schema.org","@graph":[{"@type":"WebPage","@id":"https:\/\/masterchem.fi\/sv\/produkt\/handsprit-masterchem-ie80-h\/","url":"https:\/\/masterchem.fi\/sv\/produkt\/handsprit-masterchem-ie80-h\/","name":"Handsprit MasterChem IE80-H - MasterChem | kemikaalien tuotanto ja myynti","isPartOf":{"@id":"https:\/\/masterchem.fi\/sv\/#website"},"primaryImageOfPage":{"@id":"https:\/\/masterchem.fi\/sv\/produkt\/handsprit-masterchem-ie80-h\/#primaryimage"},"image":{"@id":"https:\/\/masterchem.fi\/sv\/produkt\/handsprit-masterchem-ie80-h\/#primaryimage"},"thumbnailUrl":"https:\/\/masterchem.fi\/wp-content\/uploads\/2020\/08\/KASIN-desinfiointiaine-MASTERCHEM-IE80-H-1000L.jpg","datePublished":"2020-08-14T05:19:52+00:00","description":"Handdesinfektionsmedel MasterChem IE80-H universellt desinfektionsmedel f\u00f6r antiseptiska medel. Inneh\u00e5ller glycerin f\u00f6r att f\u00f6rhindra torr hud.","breadcrumb":{"@id":"https:\/\/masterchem.fi\/sv\/produkt\/handsprit-masterchem-ie80-h\/#breadcrumb"},"inLanguage":"sv-SE","potentialAction":[{"@type":"ReadAction","target":["https:\/\/masterchem.fi\/sv\/produkt\/handsprit-masterchem-ie80-h\/"]}]},{"@type":"ImageObject","inLanguage":"sv-SE","@id":"https:\/\/masterchem.fi\/sv\/produkt\/handsprit-masterchem-ie80-h\/#primaryimage","url":"https:\/\/masterchem.fi\/wp-content\/uploads\/2020\/08\/KASIN-desinfiointiaine-MASTERCHEM-IE80-H-1000L.jpg","contentUrl":"https:\/\/masterchem.fi\/wp-content\/uploads\/2020\/08\/KASIN-desinfiointiaine-MASTERCHEM-IE80-H-1000L.jpg","width":1000,"height":1000,"caption":"HANDDESINFEKTION MASTERCHEM IE80-H 1000L"},{"@type":"BreadcrumbList","@id":"https:\/\/masterchem.fi\/sv\/produkt\/handsprit-masterchem-ie80-h\/#breadcrumb","itemListElement":[{"@type":"ListItem","position":1,"name":"Home","item":"https:\/\/masterchem.fi\/sv\/"},{"@type":"ListItem","position":2,"name":"Butik","item":"https:\/\/masterchem.fi\/sv\/butik\/"},{"@type":"ListItem","position":3,"name":"Handsprit MasterChem IE80-H"}]},{"@type":"WebSite","@id":"https:\/\/masterchem.fi\/sv\/#website","url":"https:\/\/masterchem.fi\/sv\/","name":"MasterChem | kemikaalien tuotanto ja myynti","description":"kemikaalien tuotanto ja myynti","potentialAction":[{"@type":"SearchAction","target":{"@type":"EntryPoint","urlTemplate":"https:\/\/masterchem.fi\/sv\/?s={search_term_string}"},"query-input":{"@type":"PropertyValueSpecification","valueRequired":true,"valueName":"search_term_string"}}],"inLanguage":"sv-SE"}]}},"_links":{"self":[{"href":"https:\/\/masterchem.fi\/sv\/wp-json\/wp\/v2\/product\/7317","targetHints":{"allow":["GET"]}}],"collection":[{"href":"https:\/\/masterchem.fi\/sv\/wp-json\/wp\/v2\/product"}],"about":[{"href":"https:\/\/masterchem.fi\/sv\/wp-json\/wp\/v2\/types\/product"}],"wp:featuredmedia":[{"embeddable":true,"href":"https:\/\/masterchem.fi\/sv\/wp-json\/wp\/v2\/media\/6647"}],"wp:attachment":[{"href":"https:\/\/masterchem.fi\/sv\/wp-json\/wp\/v2\/media?parent=7317"}],"wp:term":[{"taxonomy":"product_brand","embeddable":true,"href":"https:\/\/masterchem.fi\/sv\/wp-json\/wp\/v2\/product_brand?post=7317"},{"taxonomy":"product_cat","embeddable":true,"href":"https:\/\/masterchem.fi\/sv\/wp-json\/wp\/v2\/product_cat?post=7317"},{"taxonomy":"product_tag","embeddable":true,"href":"https:\/\/masterchem.fi\/sv\/wp-json\/wp\/v2\/product_tag?post=7317"}],"curies":[{"name":"wp","href":"https:\/\/api.w.org\/{rel}","templated":true}]}}