{"id":7325,"date":"2020-08-14T08:12:45","date_gmt":"2020-08-14T05:12:45","guid":{"rendered":"https:\/\/masterchem.fi\/product\/tandvatska-masterchem\/"},"modified":"2020-08-14T08:12:45","modified_gmt":"2020-08-14T05:12:45","slug":"tandvatska-masterchem","status":"publish","type":"product","link":"https:\/\/masterchem.fi\/sv\/produkt\/tandvatska-masterchem\/","title":{"rendered":"T\u00e4ndv\u00e4tska MasterChem"},"content":{"rendered":"<p><a href=\"https:\/\/masterchem.fi\/wp-content\/uploads\/2020\/08\/Suutevedelik_TDS_EST_2018.ppt\" target=\"_blank\" rel=\"noopener noreferrer\"><strong>Produktspecifikation (TDS)<\/strong><\/a><\/p>\n<p>BBQ-t\u00e4ndare \u00e4r l\u00e4mplig f\u00f6r grillkol, l\u00e4gereld ocks\u00e5. F\u00f6rpackningsstorlek p\u00e5 1 liter. <br \/>\n<strong> Instruktioner: <\/strong> <br \/>\nSpraya j\u00e4mnt p\u00e5 kol eller ved f\u00f6re t\u00e4ndning. L\u00e5t v\u00e4tskan absorberas ett \u00f6gonblick innan den t\u00e4nds. <br \/>\n<strong> Varning! <\/strong> <br \/>\nV\u00e4tska som spillts p\u00e5 en het grill eller gl\u00f6dande kol kan ant\u00e4ndas p\u00e5 ett fluffigt s\u00e4tt. \u00c4ven en liten m\u00e4ngd t\u00e4ndv\u00e4tska vid f\u00f6rt\u00e4ring kan orsaka livshotande lungskador. Kan vara d\u00f6dlig vid f\u00f6rt\u00e4ring och kommer in i luftv\u00e4garna. Upprepad exponering kan orsaka torr hud eller sprickor. <\/p>\n","protected":false},"excerpt":{"rendered":"<p>BBQ t\u00e4ndv\u00e4tska \u00e4r l\u00e4mplig f\u00f6r grillkol, l\u00e4gereld ocks\u00e5. F\u00f6rpackningsstorlek p\u00e5 1 liter.<\/p>\n","protected":false},"featured_media":6624,"template":"","meta":[],"product_brand":[],"product_cat":[104,105,116],"product_tag":[],"class_list":{"0":"post-7325","1":"product","2":"type-product","3":"status-publish","4":"has-post-thumbnail","6":"product_cat-bil-och-maskinkemikalier","7":"product_cat-hushallskemikalier-sv","8":"product_cat-alla-produkter","10":"first","11":"instock","12":"taxable","13":"shipping-taxable","14":"purchasable","15":"product-type-variable","16":"has-default-attributes","17":"rtwpvg-product"},"yoast_head":"<!-- This site is optimized with the Yoast SEO plugin v27.5 - https:\/\/yoast.com\/product\/yoast-seo-wordpress\/ -->\n<title>T\u00e4ndv\u00e4tska MasterChem - MasterChem | kemikaalien tuotanto ja myynti<\/title>\n<meta name=\"description\" content=\"BBQ t\u00e4ndv\u00e4tska \u00e4r l\u00e4mplig f\u00f6r grillkol, l\u00e4gereld ocks\u00e5. F\u00f6rpackningsstorlek p\u00e5 1 liter. T\u00e4ndv\u00e4tska MasterChem\" \/>\n<meta name=\"robots\" content=\"index, follow, max-snippet:-1, max-image-preview:large, max-video-preview:-1\" \/>\n<link rel=\"canonical\" href=\"https:\/\/masterchem.fi\/sv\/produkt\/tandvatska-masterchem\/\" \/>\n<meta property=\"og:locale\" content=\"sv_SE\" \/>\n<meta property=\"og:type\" content=\"article\" \/>\n<meta property=\"og:title\" content=\"T\u00e4ndv\u00e4tska MasterChem - MasterChem | kemikaalien tuotanto ja myynti\" \/>\n<meta property=\"og:description\" content=\"BBQ t\u00e4ndv\u00e4tska \u00e4r l\u00e4mplig f\u00f6r grillkol, l\u00e4gereld ocks\u00e5. F\u00f6rpackningsstorlek p\u00e5 1 liter. T\u00e4ndv\u00e4tska MasterChem\" \/>\n<meta property=\"og:url\" content=\"https:\/\/masterchem.fi\/sv\/produkt\/tandvatska-masterchem\/\" \/>\n<meta property=\"og:site_name\" content=\"MasterChem | kemikaalien tuotanto ja myynti\" \/>\n<meta property=\"og:image\" content=\"https:\/\/masterchem.fi\/wp-content\/uploads\/2020\/08\/S-tevedelik-1L-MasterChem.jpg\" \/>\n\t<meta property=\"og:image:width\" content=\"1000\" \/>\n\t<meta property=\"og:image:height\" content=\"1000\" \/>\n\t<meta property=\"og:image:type\" content=\"image\/jpeg\" \/>\n<meta name=\"twitter:card\" content=\"summary_large_image\" \/>\n<script type=\"application\/ld+json\" class=\"yoast-schema-graph\">{\"@context\":\"https:\\\/\\\/schema.org\",\"@graph\":[{\"@type\":\"WebPage\",\"@id\":\"https:\\\/\\\/masterchem.fi\\\/sv\\\/produkt\\\/tandvatska-masterchem\\\/\",\"url\":\"https:\\\/\\\/masterchem.fi\\\/sv\\\/produkt\\\/tandvatska-masterchem\\\/\",\"name\":\"T\u00e4ndv\u00e4tska MasterChem - MasterChem | kemikaalien tuotanto ja myynti\",\"isPartOf\":{\"@id\":\"https:\\\/\\\/masterchem.fi\\\/sv\\\/#website\"},\"primaryImageOfPage\":{\"@id\":\"https:\\\/\\\/masterchem.fi\\\/sv\\\/produkt\\\/tandvatska-masterchem\\\/#primaryimage\"},\"image\":{\"@id\":\"https:\\\/\\\/masterchem.fi\\\/sv\\\/produkt\\\/tandvatska-masterchem\\\/#primaryimage\"},\"thumbnailUrl\":\"https:\\\/\\\/masterchem.fi\\\/wp-content\\\/uploads\\\/2020\\\/08\\\/S-tevedelik-1L-MasterChem.jpg\",\"datePublished\":\"2020-08-14T05:12:45+00:00\",\"description\":\"BBQ t\u00e4ndv\u00e4tska \u00e4r l\u00e4mplig f\u00f6r grillkol, l\u00e4gereld ocks\u00e5. F\u00f6rpackningsstorlek p\u00e5 1 liter. T\u00e4ndv\u00e4tska MasterChem\",\"breadcrumb\":{\"@id\":\"https:\\\/\\\/masterchem.fi\\\/sv\\\/produkt\\\/tandvatska-masterchem\\\/#breadcrumb\"},\"inLanguage\":\"sv-SE\",\"potentialAction\":[{\"@type\":\"ReadAction\",\"target\":[\"https:\\\/\\\/masterchem.fi\\\/sv\\\/produkt\\\/tandvatska-masterchem\\\/\"]}]},{\"@type\":\"ImageObject\",\"inLanguage\":\"sv-SE\",\"@id\":\"https:\\\/\\\/masterchem.fi\\\/sv\\\/produkt\\\/tandvatska-masterchem\\\/#primaryimage\",\"url\":\"https:\\\/\\\/masterchem.fi\\\/wp-content\\\/uploads\\\/2020\\\/08\\\/S-tevedelik-1L-MasterChem.jpg\",\"contentUrl\":\"https:\\\/\\\/masterchem.fi\\\/wp-content\\\/uploads\\\/2020\\\/08\\\/S-tevedelik-1L-MasterChem.jpg\",\"width\":1000,\"height\":1000,\"caption\":\"T\u00e4ndv\u00e4tska MasterChem\"},{\"@type\":\"BreadcrumbList\",\"@id\":\"https:\\\/\\\/masterchem.fi\\\/sv\\\/produkt\\\/tandvatska-masterchem\\\/#breadcrumb\",\"itemListElement\":[{\"@type\":\"ListItem\",\"position\":1,\"name\":\"Home\",\"item\":\"https:\\\/\\\/masterchem.fi\\\/sv\\\/\"},{\"@type\":\"ListItem\",\"position\":2,\"name\":\"Butik\",\"item\":\"https:\\\/\\\/masterchem.fi\\\/sv\\\/butik\\\/\"},{\"@type\":\"ListItem\",\"position\":3,\"name\":\"T\u00e4ndv\u00e4tska MasterChem\"}]},{\"@type\":\"WebSite\",\"@id\":\"https:\\\/\\\/masterchem.fi\\\/sv\\\/#website\",\"url\":\"https:\\\/\\\/masterchem.fi\\\/sv\\\/\",\"name\":\"MasterChem | kemikaalien tuotanto ja myynti\",\"description\":\"kemikaalien tuotanto ja myynti\",\"potentialAction\":[{\"@type\":\"SearchAction\",\"target\":{\"@type\":\"EntryPoint\",\"urlTemplate\":\"https:\\\/\\\/masterchem.fi\\\/sv\\\/?s={search_term_string}\"},\"query-input\":{\"@type\":\"PropertyValueSpecification\",\"valueRequired\":true,\"valueName\":\"search_term_string\"}}],\"inLanguage\":\"sv-SE\"}]}<\/script>\n<!-- \/ Yoast SEO plugin. -->","yoast_head_json":{"title":"T\u00e4ndv\u00e4tska MasterChem - MasterChem | kemikaalien tuotanto ja myynti","description":"BBQ t\u00e4ndv\u00e4tska \u00e4r l\u00e4mplig f\u00f6r grillkol, l\u00e4gereld ocks\u00e5. F\u00f6rpackningsstorlek p\u00e5 1 liter. T\u00e4ndv\u00e4tska MasterChem","robots":{"index":"index","follow":"follow","max-snippet":"max-snippet:-1","max-image-preview":"max-image-preview:large","max-video-preview":"max-video-preview:-1"},"canonical":"https:\/\/masterchem.fi\/sv\/produkt\/tandvatska-masterchem\/","og_locale":"sv_SE","og_type":"article","og_title":"T\u00e4ndv\u00e4tska MasterChem - MasterChem | kemikaalien tuotanto ja myynti","og_description":"BBQ t\u00e4ndv\u00e4tska \u00e4r l\u00e4mplig f\u00f6r grillkol, l\u00e4gereld ocks\u00e5. F\u00f6rpackningsstorlek p\u00e5 1 liter. T\u00e4ndv\u00e4tska MasterChem","og_url":"https:\/\/masterchem.fi\/sv\/produkt\/tandvatska-masterchem\/","og_site_name":"MasterChem | kemikaalien tuotanto ja myynti","og_image":[{"width":1000,"height":1000,"url":"https:\/\/masterchem.fi\/wp-content\/uploads\/2020\/08\/S-tevedelik-1L-MasterChem.jpg","type":"image\/jpeg"}],"twitter_card":"summary_large_image","schema":{"@context":"https:\/\/schema.org","@graph":[{"@type":"WebPage","@id":"https:\/\/masterchem.fi\/sv\/produkt\/tandvatska-masterchem\/","url":"https:\/\/masterchem.fi\/sv\/produkt\/tandvatska-masterchem\/","name":"T\u00e4ndv\u00e4tska MasterChem - MasterChem | kemikaalien tuotanto ja myynti","isPartOf":{"@id":"https:\/\/masterchem.fi\/sv\/#website"},"primaryImageOfPage":{"@id":"https:\/\/masterchem.fi\/sv\/produkt\/tandvatska-masterchem\/#primaryimage"},"image":{"@id":"https:\/\/masterchem.fi\/sv\/produkt\/tandvatska-masterchem\/#primaryimage"},"thumbnailUrl":"https:\/\/masterchem.fi\/wp-content\/uploads\/2020\/08\/S-tevedelik-1L-MasterChem.jpg","datePublished":"2020-08-14T05:12:45+00:00","description":"BBQ t\u00e4ndv\u00e4tska \u00e4r l\u00e4mplig f\u00f6r grillkol, l\u00e4gereld ocks\u00e5. F\u00f6rpackningsstorlek p\u00e5 1 liter. T\u00e4ndv\u00e4tska MasterChem","breadcrumb":{"@id":"https:\/\/masterchem.fi\/sv\/produkt\/tandvatska-masterchem\/#breadcrumb"},"inLanguage":"sv-SE","potentialAction":[{"@type":"ReadAction","target":["https:\/\/masterchem.fi\/sv\/produkt\/tandvatska-masterchem\/"]}]},{"@type":"ImageObject","inLanguage":"sv-SE","@id":"https:\/\/masterchem.fi\/sv\/produkt\/tandvatska-masterchem\/#primaryimage","url":"https:\/\/masterchem.fi\/wp-content\/uploads\/2020\/08\/S-tevedelik-1L-MasterChem.jpg","contentUrl":"https:\/\/masterchem.fi\/wp-content\/uploads\/2020\/08\/S-tevedelik-1L-MasterChem.jpg","width":1000,"height":1000,"caption":"T\u00e4ndv\u00e4tska MasterChem"},{"@type":"BreadcrumbList","@id":"https:\/\/masterchem.fi\/sv\/produkt\/tandvatska-masterchem\/#breadcrumb","itemListElement":[{"@type":"ListItem","position":1,"name":"Home","item":"https:\/\/masterchem.fi\/sv\/"},{"@type":"ListItem","position":2,"name":"Butik","item":"https:\/\/masterchem.fi\/sv\/butik\/"},{"@type":"ListItem","position":3,"name":"T\u00e4ndv\u00e4tska MasterChem"}]},{"@type":"WebSite","@id":"https:\/\/masterchem.fi\/sv\/#website","url":"https:\/\/masterchem.fi\/sv\/","name":"MasterChem | kemikaalien tuotanto ja myynti","description":"kemikaalien tuotanto ja myynti","potentialAction":[{"@type":"SearchAction","target":{"@type":"EntryPoint","urlTemplate":"https:\/\/masterchem.fi\/sv\/?s={search_term_string}"},"query-input":{"@type":"PropertyValueSpecification","valueRequired":true,"valueName":"search_term_string"}}],"inLanguage":"sv-SE"}]}},"_links":{"self":[{"href":"https:\/\/masterchem.fi\/sv\/wp-json\/wp\/v2\/product\/7325","targetHints":{"allow":["GET"]}}],"collection":[{"href":"https:\/\/masterchem.fi\/sv\/wp-json\/wp\/v2\/product"}],"about":[{"href":"https:\/\/masterchem.fi\/sv\/wp-json\/wp\/v2\/types\/product"}],"wp:featuredmedia":[{"embeddable":true,"href":"https:\/\/masterchem.fi\/sv\/wp-json\/wp\/v2\/media\/6624"}],"wp:attachment":[{"href":"https:\/\/masterchem.fi\/sv\/wp-json\/wp\/v2\/media?parent=7325"}],"wp:term":[{"taxonomy":"product_brand","embeddable":true,"href":"https:\/\/masterchem.fi\/sv\/wp-json\/wp\/v2\/product_brand?post=7325"},{"taxonomy":"product_cat","embeddable":true,"href":"https:\/\/masterchem.fi\/sv\/wp-json\/wp\/v2\/product_cat?post=7325"},{"taxonomy":"product_tag","embeddable":true,"href":"https:\/\/masterchem.fi\/sv\/wp-json\/wp\/v2\/product_tag?post=7325"}],"curies":[{"name":"wp","href":"https:\/\/api.w.org\/{rel}","templated":true}]}}