{"id":7334,"date":"2020-08-14T07:50:57","date_gmt":"2020-08-14T04:50:57","guid":{"rendered":"https:\/\/masterchem.fi\/product\/frostskydd-kylvatska-tosol-36-c-bla\/"},"modified":"2020-08-14T07:50:57","modified_gmt":"2020-08-14T04:50:57","slug":"frostskydd-kylvatska-tosol-36-c-bla","status":"publish","type":"product","link":"https:\/\/masterchem.fi\/sv\/produkt\/frostskydd-kylvatska-tosol-36-c-bla\/","title":{"rendered":"Frostskydd \/ kylv\u00e4tska TOSOL -36 \u00b0 C bl\u00e5"},"content":{"rendered":"<p> Handelsnamn: Frostskydd -36 \u00b0 C bl\u00e5 <br \/>\nProdukttyp: f\u00e4rdig att anv\u00e4nda <br \/>\nParti: 040914 <\/p>\n<p> Fordonsf\u00e4rdigt kylv\u00e4tska \u00e4r avsett f\u00f6r anv\u00e4ndning i alla typer av moderna kylsystem som anges av fordonstillverkaren. Skyddar kylsystemet vid temperaturer \u00f6ver -36 \u00b0 C. Tosol kan anv\u00e4ndas i kombination med andra kylv\u00e4tskor (tillverkade av etylenglykolbasilika). Uppfyller BS 6580 och ASTV 3306 standarder. <\/p>\n<p> <strong> Funktioner: <\/strong> <br \/>\nF\u00e4rg: bl\u00e5 <br \/>\nDensitet vid 20 (\u00b0 C) g \/ cm3: 1 076 <br \/>\nFryspunkt (\u00b0 C): 50% i DI-vatten: -36 \u00b0 C <br \/>\nKokpunkt (\u00b0 C): 107 \u00b0 C <br \/>\npH (ASTM D-1119): 10,5 <\/p>\n<p> H302 &#8211; Farligt vid f\u00f6rt\u00e4ring <br \/>\nH373 &#8211; Kan orsaka organskador genom l\u00e5ngvarig eller upprepad exponering (vid f\u00f6rt\u00e4ring) <br \/>\nP102: F\u00f6rvaras utom r\u00e4ckh\u00e5ll f\u00f6r barn <br \/>\nP260: Andas inte in damm \/ r\u00f6k \/ gas \/ dimma \/ \u00e5ngor \/ spray. <br \/>\nP264: Tv\u00e4tta noggrant efter hantering <br \/>\nP301 + P312: VID F\u00d6RT\u00c4RING: Ring ett GIFTINFORMATIONSCENTRAL \/ l\u00e4kare om du m\u00e5r d\u00e5ligt. <br \/>\nP330: Sk\u00f6lj munnen <br \/>\nP501: Kassera inneh\u00e5ll \/ beh\u00e5llare f\u00f6r uppsamling av specialavfall <\/p>\n<p> <strong> SAMMANS\u00c4TTNING: <\/strong> Etylenglykol, vatten, tillsatser. <br \/>\n<strong> TILLVERKARE: <\/strong> MASTERCHEM O\u00dc <\/p>\n","protected":false},"excerpt":{"rendered":"<p>F\u00e4rdigt fordonskylv\u00e4tska \u00e4r avsett att anv\u00e4ndas i alla typer av moderna kylsystem enligt fordonstillverkarens specifikationer. Skyddar kylsystemet vid temperaturer \u00f6ver -36 \u00b0 C. Tosol kan anv\u00e4ndas i kombination med andra kylv\u00e4tskor (tillverkade av etylenglykolbasilika). Uppfyller BS 6580 och ASTV 3306 standarder.<\/p>\n","protected":false},"featured_media":6580,"template":"","meta":[],"product_brand":[],"product_cat":[112,113,116,103,104,105],"product_tag":[],"class_list":{"0":"post-7334","1":"product","2":"type-product","3":"status-publish","4":"has-post-thumbnail","6":"product_cat-byggbranschen","7":"product_cat-vaggmalning","8":"product_cat-alla-produkter","9":"product_cat-frostskydd","10":"product_cat-bil-och-maskinkemikalier","11":"product_cat-hushallskemikalier-sv","13":"first","14":"instock","15":"taxable","16":"shipping-taxable","17":"purchasable","18":"product-type-variable","19":"has-default-attributes","20":"rtwpvg-product"},"yoast_head":"<!-- This site is optimized with the Yoast SEO plugin v27.5 - https:\/\/yoast.com\/product\/yoast-seo-wordpress\/ -->\n<title>Frostskydd \/ kylv\u00e4tska TOSOL -36 \u00b0 C bl\u00e5 - MasterChem | kemikaalien tuotanto ja myynti<\/title>\n<meta name=\"description\" content=\"Frostskydd TOSOL -36 \u00b0 C bl\u00e5. F\u00e4rdigt fordonskylv\u00e4tska \u00e4r avsett att anv\u00e4ndas i alla typer av moderna kylsystem enligt fordonstillverkarens specifikationer.\" \/>\n<meta name=\"robots\" content=\"index, follow, max-snippet:-1, max-image-preview:large, max-video-preview:-1\" \/>\n<link rel=\"canonical\" href=\"https:\/\/masterchem.fi\/sv\/produkt\/frostskydd-kylvatska-tosol-36-c-bla\/\" \/>\n<meta property=\"og:locale\" content=\"sv_SE\" \/>\n<meta property=\"og:type\" content=\"article\" \/>\n<meta property=\"og:title\" content=\"Frostskydd \/ kylv\u00e4tska TOSOL -36 \u00b0 C bl\u00e5 - MasterChem | kemikaalien tuotanto ja myynti\" \/>\n<meta property=\"og:description\" content=\"Frostskydd TOSOL -36 \u00b0 C bl\u00e5. F\u00e4rdigt fordonskylv\u00e4tska \u00e4r avsett att anv\u00e4ndas i alla typer av moderna kylsystem enligt fordonstillverkarens specifikationer.\" \/>\n<meta property=\"og:url\" content=\"https:\/\/masterchem.fi\/sv\/produkt\/frostskydd-kylvatska-tosol-36-c-bla\/\" \/>\n<meta property=\"og:site_name\" content=\"MasterChem | kemikaalien tuotanto ja myynti\" \/>\n<meta property=\"og:image\" content=\"https:\/\/masterchem.fi\/wp-content\/uploads\/2020\/08\/Antifreeze_Coolant_TOSOL_1000L_MasterChem.jpg\" \/>\n\t<meta property=\"og:image:width\" content=\"1000\" \/>\n\t<meta property=\"og:image:height\" content=\"1000\" \/>\n\t<meta property=\"og:image:type\" content=\"image\/jpeg\" \/>\n<meta name=\"twitter:card\" content=\"summary_large_image\" \/>\n<meta name=\"twitter:label1\" content=\"Ber\u00e4knad l\u00e4stid\" \/>\n\t<meta name=\"twitter:data1\" content=\"1 minut\" \/>\n<script type=\"application\/ld+json\" class=\"yoast-schema-graph\">{\"@context\":\"https:\\\/\\\/schema.org\",\"@graph\":[{\"@type\":\"WebPage\",\"@id\":\"https:\\\/\\\/masterchem.fi\\\/sv\\\/produkt\\\/frostskydd-kylvatska-tosol-36-c-bla\\\/\",\"url\":\"https:\\\/\\\/masterchem.fi\\\/sv\\\/produkt\\\/frostskydd-kylvatska-tosol-36-c-bla\\\/\",\"name\":\"Frostskydd \\\/ kylv\u00e4tska TOSOL -36 \u00b0 C bl\u00e5 - MasterChem | kemikaalien tuotanto ja myynti\",\"isPartOf\":{\"@id\":\"https:\\\/\\\/masterchem.fi\\\/sv\\\/#website\"},\"primaryImageOfPage\":{\"@id\":\"https:\\\/\\\/masterchem.fi\\\/sv\\\/produkt\\\/frostskydd-kylvatska-tosol-36-c-bla\\\/#primaryimage\"},\"image\":{\"@id\":\"https:\\\/\\\/masterchem.fi\\\/sv\\\/produkt\\\/frostskydd-kylvatska-tosol-36-c-bla\\\/#primaryimage\"},\"thumbnailUrl\":\"https:\\\/\\\/masterchem.fi\\\/wp-content\\\/uploads\\\/2020\\\/08\\\/Antifreeze_Coolant_TOSOL_1000L_MasterChem.jpg\",\"datePublished\":\"2020-08-14T04:50:57+00:00\",\"description\":\"Frostskydd TOSOL -36 \u00b0 C bl\u00e5. F\u00e4rdigt fordonskylv\u00e4tska \u00e4r avsett att anv\u00e4ndas i alla typer av moderna kylsystem enligt fordonstillverkarens specifikationer.\",\"breadcrumb\":{\"@id\":\"https:\\\/\\\/masterchem.fi\\\/sv\\\/produkt\\\/frostskydd-kylvatska-tosol-36-c-bla\\\/#breadcrumb\"},\"inLanguage\":\"sv-SE\",\"potentialAction\":[{\"@type\":\"ReadAction\",\"target\":[\"https:\\\/\\\/masterchem.fi\\\/sv\\\/produkt\\\/frostskydd-kylvatska-tosol-36-c-bla\\\/\"]}]},{\"@type\":\"ImageObject\",\"inLanguage\":\"sv-SE\",\"@id\":\"https:\\\/\\\/masterchem.fi\\\/sv\\\/produkt\\\/frostskydd-kylvatska-tosol-36-c-bla\\\/#primaryimage\",\"url\":\"https:\\\/\\\/masterchem.fi\\\/wp-content\\\/uploads\\\/2020\\\/08\\\/Antifreeze_Coolant_TOSOL_1000L_MasterChem.jpg\",\"contentUrl\":\"https:\\\/\\\/masterchem.fi\\\/wp-content\\\/uploads\\\/2020\\\/08\\\/Antifreeze_Coolant_TOSOL_1000L_MasterChem.jpg\",\"width\":1000,\"height\":1000,\"caption\":\"Frostskydd \\\/ kylv\u00e4tska TOSOL -36 \u00b0 C bl\u00e5 1000L MasterChem\"},{\"@type\":\"BreadcrumbList\",\"@id\":\"https:\\\/\\\/masterchem.fi\\\/sv\\\/produkt\\\/frostskydd-kylvatska-tosol-36-c-bla\\\/#breadcrumb\",\"itemListElement\":[{\"@type\":\"ListItem\",\"position\":1,\"name\":\"Home\",\"item\":\"https:\\\/\\\/masterchem.fi\\\/sv\\\/\"},{\"@type\":\"ListItem\",\"position\":2,\"name\":\"Butik\",\"item\":\"https:\\\/\\\/masterchem.fi\\\/sv\\\/butik\\\/\"},{\"@type\":\"ListItem\",\"position\":3,\"name\":\"Frostskydd \\\/ kylv\u00e4tska TOSOL -36 \u00b0 C bl\u00e5\"}]},{\"@type\":\"WebSite\",\"@id\":\"https:\\\/\\\/masterchem.fi\\\/sv\\\/#website\",\"url\":\"https:\\\/\\\/masterchem.fi\\\/sv\\\/\",\"name\":\"MasterChem | kemikaalien tuotanto ja myynti\",\"description\":\"kemikaalien tuotanto ja myynti\",\"potentialAction\":[{\"@type\":\"SearchAction\",\"target\":{\"@type\":\"EntryPoint\",\"urlTemplate\":\"https:\\\/\\\/masterchem.fi\\\/sv\\\/?s={search_term_string}\"},\"query-input\":{\"@type\":\"PropertyValueSpecification\",\"valueRequired\":true,\"valueName\":\"search_term_string\"}}],\"inLanguage\":\"sv-SE\"}]}<\/script>\n<!-- \/ Yoast SEO plugin. -->","yoast_head_json":{"title":"Frostskydd \/ kylv\u00e4tska TOSOL -36 \u00b0 C bl\u00e5 - MasterChem | kemikaalien tuotanto ja myynti","description":"Frostskydd TOSOL -36 \u00b0 C bl\u00e5. F\u00e4rdigt fordonskylv\u00e4tska \u00e4r avsett att anv\u00e4ndas i alla typer av moderna kylsystem enligt fordonstillverkarens specifikationer.","robots":{"index":"index","follow":"follow","max-snippet":"max-snippet:-1","max-image-preview":"max-image-preview:large","max-video-preview":"max-video-preview:-1"},"canonical":"https:\/\/masterchem.fi\/sv\/produkt\/frostskydd-kylvatska-tosol-36-c-bla\/","og_locale":"sv_SE","og_type":"article","og_title":"Frostskydd \/ kylv\u00e4tska TOSOL -36 \u00b0 C bl\u00e5 - MasterChem | kemikaalien tuotanto ja myynti","og_description":"Frostskydd TOSOL -36 \u00b0 C bl\u00e5. F\u00e4rdigt fordonskylv\u00e4tska \u00e4r avsett att anv\u00e4ndas i alla typer av moderna kylsystem enligt fordonstillverkarens specifikationer.","og_url":"https:\/\/masterchem.fi\/sv\/produkt\/frostskydd-kylvatska-tosol-36-c-bla\/","og_site_name":"MasterChem | kemikaalien tuotanto ja myynti","og_image":[{"width":1000,"height":1000,"url":"https:\/\/masterchem.fi\/wp-content\/uploads\/2020\/08\/Antifreeze_Coolant_TOSOL_1000L_MasterChem.jpg","type":"image\/jpeg"}],"twitter_card":"summary_large_image","twitter_misc":{"Ber\u00e4knad l\u00e4stid":"1 minut"},"schema":{"@context":"https:\/\/schema.org","@graph":[{"@type":"WebPage","@id":"https:\/\/masterchem.fi\/sv\/produkt\/frostskydd-kylvatska-tosol-36-c-bla\/","url":"https:\/\/masterchem.fi\/sv\/produkt\/frostskydd-kylvatska-tosol-36-c-bla\/","name":"Frostskydd \/ kylv\u00e4tska TOSOL -36 \u00b0 C bl\u00e5 - MasterChem | kemikaalien tuotanto ja myynti","isPartOf":{"@id":"https:\/\/masterchem.fi\/sv\/#website"},"primaryImageOfPage":{"@id":"https:\/\/masterchem.fi\/sv\/produkt\/frostskydd-kylvatska-tosol-36-c-bla\/#primaryimage"},"image":{"@id":"https:\/\/masterchem.fi\/sv\/produkt\/frostskydd-kylvatska-tosol-36-c-bla\/#primaryimage"},"thumbnailUrl":"https:\/\/masterchem.fi\/wp-content\/uploads\/2020\/08\/Antifreeze_Coolant_TOSOL_1000L_MasterChem.jpg","datePublished":"2020-08-14T04:50:57+00:00","description":"Frostskydd TOSOL -36 \u00b0 C bl\u00e5. F\u00e4rdigt fordonskylv\u00e4tska \u00e4r avsett att anv\u00e4ndas i alla typer av moderna kylsystem enligt fordonstillverkarens specifikationer.","breadcrumb":{"@id":"https:\/\/masterchem.fi\/sv\/produkt\/frostskydd-kylvatska-tosol-36-c-bla\/#breadcrumb"},"inLanguage":"sv-SE","potentialAction":[{"@type":"ReadAction","target":["https:\/\/masterchem.fi\/sv\/produkt\/frostskydd-kylvatska-tosol-36-c-bla\/"]}]},{"@type":"ImageObject","inLanguage":"sv-SE","@id":"https:\/\/masterchem.fi\/sv\/produkt\/frostskydd-kylvatska-tosol-36-c-bla\/#primaryimage","url":"https:\/\/masterchem.fi\/wp-content\/uploads\/2020\/08\/Antifreeze_Coolant_TOSOL_1000L_MasterChem.jpg","contentUrl":"https:\/\/masterchem.fi\/wp-content\/uploads\/2020\/08\/Antifreeze_Coolant_TOSOL_1000L_MasterChem.jpg","width":1000,"height":1000,"caption":"Frostskydd \/ kylv\u00e4tska TOSOL -36 \u00b0 C bl\u00e5 1000L MasterChem"},{"@type":"BreadcrumbList","@id":"https:\/\/masterchem.fi\/sv\/produkt\/frostskydd-kylvatska-tosol-36-c-bla\/#breadcrumb","itemListElement":[{"@type":"ListItem","position":1,"name":"Home","item":"https:\/\/masterchem.fi\/sv\/"},{"@type":"ListItem","position":2,"name":"Butik","item":"https:\/\/masterchem.fi\/sv\/butik\/"},{"@type":"ListItem","position":3,"name":"Frostskydd \/ kylv\u00e4tska TOSOL -36 \u00b0 C bl\u00e5"}]},{"@type":"WebSite","@id":"https:\/\/masterchem.fi\/sv\/#website","url":"https:\/\/masterchem.fi\/sv\/","name":"MasterChem | kemikaalien tuotanto ja myynti","description":"kemikaalien tuotanto ja myynti","potentialAction":[{"@type":"SearchAction","target":{"@type":"EntryPoint","urlTemplate":"https:\/\/masterchem.fi\/sv\/?s={search_term_string}"},"query-input":{"@type":"PropertyValueSpecification","valueRequired":true,"valueName":"search_term_string"}}],"inLanguage":"sv-SE"}]}},"_links":{"self":[{"href":"https:\/\/masterchem.fi\/sv\/wp-json\/wp\/v2\/product\/7334","targetHints":{"allow":["GET"]}}],"collection":[{"href":"https:\/\/masterchem.fi\/sv\/wp-json\/wp\/v2\/product"}],"about":[{"href":"https:\/\/masterchem.fi\/sv\/wp-json\/wp\/v2\/types\/product"}],"wp:featuredmedia":[{"embeddable":true,"href":"https:\/\/masterchem.fi\/sv\/wp-json\/wp\/v2\/media\/6580"}],"wp:attachment":[{"href":"https:\/\/masterchem.fi\/sv\/wp-json\/wp\/v2\/media?parent=7334"}],"wp:term":[{"taxonomy":"product_brand","embeddable":true,"href":"https:\/\/masterchem.fi\/sv\/wp-json\/wp\/v2\/product_brand?post=7334"},{"taxonomy":"product_cat","embeddable":true,"href":"https:\/\/masterchem.fi\/sv\/wp-json\/wp\/v2\/product_cat?post=7334"},{"taxonomy":"product_tag","embeddable":true,"href":"https:\/\/masterchem.fi\/sv\/wp-json\/wp\/v2\/product_tag?post=7334"}],"curies":[{"name":"wp","href":"https:\/\/api.w.org\/{rel}","templated":true}]}}