{"id":7339,"date":"2020-08-14T07:42:07","date_gmt":"2020-08-14T04:42:07","guid":{"rendered":"https:\/\/masterchem.fi\/product\/styren\/"},"modified":"2022-04-26T09:32:25","modified_gmt":"2022-04-26T06:32:25","slug":"styren-cas-100-42-5","status":"publish","type":"product","link":"https:\/\/masterchem.fi\/sv\/produkt\/styren-cas-100-42-5\/","title":{"rendered":"Styren (CAS 100-42-5)"},"content":{"rendered":"<p><strong>Beskrivning:<\/strong><\/p>\n<p><a href=\"https:\/\/masterchem.fi\/wp-content\/uploads\/2020\/08\/Styrene_TDS_Masterchem_01_2020_EN.pdf\" target=\"_blank\" rel=\"noopener noreferrer\"><strong>Produktspecifikation (TDS)<\/strong><\/a><\/p>\n<p> <strong> Styren <\/strong> (kemisk formel C <sub> 8 <\/sub> H <sub> 8 <\/sub> och strukturformel C <sub> 6 <\/sub> H <sub> 5 <\/b> sub> CH = CH <sub> 2 <\/sub>) \u00e4r en organisk f\u00f6rening som \u00e4r ett aromatiskt kolv\u00e4te. Vid rumstemperatur och tryck \u00e4r styren flytande. Styren \u00e4r f\u00e4rgl\u00f6s, fet, h\u00e4lsofarlig, mycket brandfarlig och finns i sm\u00e5 m\u00e4ngder i vissa v\u00e4xter, men produceras fr\u00e4mst av olja. Eftersom styrenmolekylen inneh\u00e5ller en dubbelbunden vinylgrupp kan den l\u00e4tt polymerisera. \u00c4mnet kan stabiliseras genom tillsats av exempelvis hydrokinon som en polymerisationsinhibitor. Styren anv\u00e4nds som en monomer vid tillverkning av vissa plaster, s\u00e5som polystyren, akrylnitril-butadien-styren (ABS), styren-butadien-gummi (SBR), styren-butadien-latex och om\u00e4ttade polyestrar. F\u00f6reningen finns i v\u00e4xter och blomdoftar och som en halvkemikalie i kommunikationen av organismer. <\/p>\n<p> <strong> Till\u00e4mpning och anv\u00e4ndning: <\/strong> <\/p>\n<p>Styren anv\u00e4nds n\u00e4stan uteslutande f\u00f6r framst\u00e4llning av polymerer. M\u00e5nga typer av styrenbaserade polymerer inkluderar polystyren, polystyren (expanderad polystyren), styrenmodifierade polyestrar, ABS-plast (akrylnitril-butadien-styren) och SAN (styren-akrylnitril). <\/p>\n<p> <strong> Paket: <\/strong> <br \/>\n200 upplyst trumma \/ fat <br \/>\n500 upplysta IBC: er <br \/>\n1000 upplysta IBC: er <br \/>\n24 mt BULK <\/p>\n<p> <strong> Tips: <\/strong> <br \/>\nF\u00f6rvara produkten vid -25 \u00b0 C till 25 \u00b0 C och uts\u00e4tt den inte f\u00f6r direkt solljus. <\/p>\n<p> << Funktioner: <\/ {<\/p>\n<p> <strong> CAS-nummer 100-42-5 <\/strong> <\/p>\n<p> Densitet: 20 grader &#8211; 0,909 g \/ cm3 + -0,05 <\/p>\n<p> F\u00e4rg &#8211; f\u00e4rgl\u00f6s v\u00e4tska <\/p>\n","protected":false},"excerpt":{"rendered":"<p><strong> Styren <\/strong> (kemisk formel C <sub> 8 <\/sub> H <sub> 8 <\/sub> och strukturformel C <sub> 6 <\/sub> H <sub> 5 <\/sub> CH = CH <sub> 2 <\/sub>) \u00e4r en organisk f\u00f6rening som \u00e4r ett aromatiskt kolv\u00e4te. Vid rumstemperatur och tryck \u00e4r styren flytande. Styren \u00e4r f\u00e4rgl\u00f6s, fet, h\u00e4lsofarlig,<\/p>\n","protected":false},"featured_media":6569,"template":"","meta":[],"product_brand":[],"product_cat":[108,112,113,116,106],"product_tag":[],"class_list":{"0":"post-7339","1":"product","2":"type-product","3":"status-publish","4":"has-post-thumbnail","6":"product_cat-metallkemikalier","7":"product_cat-byggbranschen","8":"product_cat-vaggmalning","9":"product_cat-alla-produkter","10":"product_cat-lakemedelsindustri","12":"first","13":"instock","14":"taxable","15":"shipping-taxable","16":"purchasable","17":"product-type-variable","18":"has-default-attributes","19":"rtwpvg-product"},"yoast_head":"<!-- This site is optimized with the Yoast SEO plugin v27.2 - https:\/\/yoast.com\/product\/yoast-seo-wordpress\/ -->\n<title>Styren (CAS 100-42-5) - MasterChem | kemikaalien tuotanto ja myynti<\/title>\n<meta name=\"description\" content=\"Styren (kemisk formel C8H8 och strukturformel C6H5CH = CH2) \u00e4r en organisk f\u00f6rening som \u00e4r ett aromatiskt kolv\u00e4te. Styren \u00e4r f\u00e4rgl\u00f6s, fet, h\u00e4lsofarlig, mycket brandfarlig och finns i sm\u00e5 m\u00e4ngder i vissa v\u00e4xter, men produceras fr\u00e4mst av olja.\" \/>\n<meta name=\"robots\" content=\"index, follow, max-snippet:-1, max-image-preview:large, max-video-preview:-1\" \/>\n<link rel=\"canonical\" href=\"https:\/\/masterchem.fi\/sv\/produkt\/styren-cas-100-42-5\/\" \/>\n<meta property=\"og:locale\" content=\"sv_SE\" \/>\n<meta property=\"og:type\" content=\"article\" \/>\n<meta property=\"og:title\" content=\"Styren (CAS 100-42-5) - MasterChem | kemikaalien tuotanto ja myynti\" \/>\n<meta property=\"og:description\" content=\"Styren (kemisk formel C8H8 och strukturformel C6H5CH = CH2) \u00e4r en organisk f\u00f6rening som \u00e4r ett aromatiskt kolv\u00e4te. Styren \u00e4r f\u00e4rgl\u00f6s, fet, h\u00e4lsofarlig, mycket brandfarlig och finns i sm\u00e5 m\u00e4ngder i vissa v\u00e4xter, men produceras fr\u00e4mst av olja.\" \/>\n<meta property=\"og:url\" content=\"https:\/\/masterchem.fi\/sv\/produkt\/styren-cas-100-42-5\/\" \/>\n<meta property=\"og:site_name\" content=\"MasterChem | kemikaalien tuotanto ja myynti\" \/>\n<meta property=\"article:modified_time\" content=\"2022-04-26T06:32:25+00:00\" \/>\n<meta property=\"og:image\" content=\"https:\/\/masterchem.fi\/wp-content\/uploads\/2020\/08\/Styrene_1000l_MaterChem.jpg\" \/>\n\t<meta property=\"og:image:width\" content=\"1000\" \/>\n\t<meta property=\"og:image:height\" content=\"1000\" \/>\n\t<meta property=\"og:image:type\" content=\"image\/jpeg\" \/>\n<meta name=\"twitter:card\" content=\"summary_large_image\" \/>\n<meta name=\"twitter:label1\" content=\"Ber\u00e4knad l\u00e4stid\" \/>\n\t<meta name=\"twitter:data1\" content=\"1 minut\" \/>\n<script type=\"application\/ld+json\" class=\"yoast-schema-graph\">{\"@context\":\"https:\/\/schema.org\",\"@graph\":[{\"@type\":\"WebPage\",\"@id\":\"https:\/\/masterchem.fi\/sv\/produkt\/styren-cas-100-42-5\/\",\"url\":\"https:\/\/masterchem.fi\/sv\/produkt\/styren-cas-100-42-5\/\",\"name\":\"Styren (CAS 100-42-5) - MasterChem | kemikaalien tuotanto ja myynti\",\"isPartOf\":{\"@id\":\"https:\/\/masterchem.fi\/sv\/#website\"},\"primaryImageOfPage\":{\"@id\":\"https:\/\/masterchem.fi\/sv\/produkt\/styren-cas-100-42-5\/#primaryimage\"},\"image\":{\"@id\":\"https:\/\/masterchem.fi\/sv\/produkt\/styren-cas-100-42-5\/#primaryimage\"},\"thumbnailUrl\":\"https:\/\/masterchem.fi\/wp-content\/uploads\/2020\/08\/Styrene_1000l_MaterChem.jpg\",\"datePublished\":\"2020-08-14T04:42:07+00:00\",\"dateModified\":\"2022-04-26T06:32:25+00:00\",\"description\":\"Styren (kemisk formel C8H8 och strukturformel C6H5CH = CH2) \u00e4r en organisk f\u00f6rening som \u00e4r ett aromatiskt kolv\u00e4te. Styren \u00e4r f\u00e4rgl\u00f6s, fet, h\u00e4lsofarlig, mycket brandfarlig och finns i sm\u00e5 m\u00e4ngder i vissa v\u00e4xter, men produceras fr\u00e4mst av olja.\",\"breadcrumb\":{\"@id\":\"https:\/\/masterchem.fi\/sv\/produkt\/styren-cas-100-42-5\/#breadcrumb\"},\"inLanguage\":\"sv-SE\",\"potentialAction\":[{\"@type\":\"ReadAction\",\"target\":[\"https:\/\/masterchem.fi\/sv\/produkt\/styren-cas-100-42-5\/\"]}]},{\"@type\":\"ImageObject\",\"inLanguage\":\"sv-SE\",\"@id\":\"https:\/\/masterchem.fi\/sv\/produkt\/styren-cas-100-42-5\/#primaryimage\",\"url\":\"https:\/\/masterchem.fi\/wp-content\/uploads\/2020\/08\/Styrene_1000l_MaterChem.jpg\",\"contentUrl\":\"https:\/\/masterchem.fi\/wp-content\/uploads\/2020\/08\/Styrene_1000l_MaterChem.jpg\",\"width\":1000,\"height\":1000,\"caption\":\"Styren 1000l MaterChem\"},{\"@type\":\"BreadcrumbList\",\"@id\":\"https:\/\/masterchem.fi\/sv\/produkt\/styren-cas-100-42-5\/#breadcrumb\",\"itemListElement\":[{\"@type\":\"ListItem\",\"position\":1,\"name\":\"Home\",\"item\":\"https:\/\/masterchem.fi\/sv\/\"},{\"@type\":\"ListItem\",\"position\":2,\"name\":\"Butik\",\"item\":\"https:\/\/masterchem.fi\/sv\/butik\/\"},{\"@type\":\"ListItem\",\"position\":3,\"name\":\"Styren (CAS 100-42-5)\"}]},{\"@type\":\"WebSite\",\"@id\":\"https:\/\/masterchem.fi\/sv\/#website\",\"url\":\"https:\/\/masterchem.fi\/sv\/\",\"name\":\"MasterChem | kemikaalien tuotanto ja myynti\",\"description\":\"kemikaalien tuotanto ja myynti\",\"potentialAction\":[{\"@type\":\"SearchAction\",\"target\":{\"@type\":\"EntryPoint\",\"urlTemplate\":\"https:\/\/masterchem.fi\/sv\/?s={search_term_string}\"},\"query-input\":{\"@type\":\"PropertyValueSpecification\",\"valueRequired\":true,\"valueName\":\"search_term_string\"}}],\"inLanguage\":\"sv-SE\"}]}<\/script>\n<!-- \/ Yoast SEO plugin. -->","yoast_head_json":{"title":"Styren (CAS 100-42-5) - MasterChem | kemikaalien tuotanto ja myynti","description":"Styren (kemisk formel C8H8 och strukturformel C6H5CH = CH2) \u00e4r en organisk f\u00f6rening som \u00e4r ett aromatiskt kolv\u00e4te. Styren \u00e4r f\u00e4rgl\u00f6s, fet, h\u00e4lsofarlig, mycket brandfarlig och finns i sm\u00e5 m\u00e4ngder i vissa v\u00e4xter, men produceras fr\u00e4mst av olja.","robots":{"index":"index","follow":"follow","max-snippet":"max-snippet:-1","max-image-preview":"max-image-preview:large","max-video-preview":"max-video-preview:-1"},"canonical":"https:\/\/masterchem.fi\/sv\/produkt\/styren-cas-100-42-5\/","og_locale":"sv_SE","og_type":"article","og_title":"Styren (CAS 100-42-5) - MasterChem | kemikaalien tuotanto ja myynti","og_description":"Styren (kemisk formel C8H8 och strukturformel C6H5CH = CH2) \u00e4r en organisk f\u00f6rening som \u00e4r ett aromatiskt kolv\u00e4te. Styren \u00e4r f\u00e4rgl\u00f6s, fet, h\u00e4lsofarlig, mycket brandfarlig och finns i sm\u00e5 m\u00e4ngder i vissa v\u00e4xter, men produceras fr\u00e4mst av olja.","og_url":"https:\/\/masterchem.fi\/sv\/produkt\/styren-cas-100-42-5\/","og_site_name":"MasterChem | kemikaalien tuotanto ja myynti","article_modified_time":"2022-04-26T06:32:25+00:00","og_image":[{"width":1000,"height":1000,"url":"https:\/\/masterchem.fi\/wp-content\/uploads\/2020\/08\/Styrene_1000l_MaterChem.jpg","type":"image\/jpeg"}],"twitter_card":"summary_large_image","twitter_misc":{"Ber\u00e4knad l\u00e4stid":"1 minut"},"schema":{"@context":"https:\/\/schema.org","@graph":[{"@type":"WebPage","@id":"https:\/\/masterchem.fi\/sv\/produkt\/styren-cas-100-42-5\/","url":"https:\/\/masterchem.fi\/sv\/produkt\/styren-cas-100-42-5\/","name":"Styren (CAS 100-42-5) - MasterChem | kemikaalien tuotanto ja myynti","isPartOf":{"@id":"https:\/\/masterchem.fi\/sv\/#website"},"primaryImageOfPage":{"@id":"https:\/\/masterchem.fi\/sv\/produkt\/styren-cas-100-42-5\/#primaryimage"},"image":{"@id":"https:\/\/masterchem.fi\/sv\/produkt\/styren-cas-100-42-5\/#primaryimage"},"thumbnailUrl":"https:\/\/masterchem.fi\/wp-content\/uploads\/2020\/08\/Styrene_1000l_MaterChem.jpg","datePublished":"2020-08-14T04:42:07+00:00","dateModified":"2022-04-26T06:32:25+00:00","description":"Styren (kemisk formel C8H8 och strukturformel C6H5CH = CH2) \u00e4r en organisk f\u00f6rening som \u00e4r ett aromatiskt kolv\u00e4te. Styren \u00e4r f\u00e4rgl\u00f6s, fet, h\u00e4lsofarlig, mycket brandfarlig och finns i sm\u00e5 m\u00e4ngder i vissa v\u00e4xter, men produceras fr\u00e4mst av olja.","breadcrumb":{"@id":"https:\/\/masterchem.fi\/sv\/produkt\/styren-cas-100-42-5\/#breadcrumb"},"inLanguage":"sv-SE","potentialAction":[{"@type":"ReadAction","target":["https:\/\/masterchem.fi\/sv\/produkt\/styren-cas-100-42-5\/"]}]},{"@type":"ImageObject","inLanguage":"sv-SE","@id":"https:\/\/masterchem.fi\/sv\/produkt\/styren-cas-100-42-5\/#primaryimage","url":"https:\/\/masterchem.fi\/wp-content\/uploads\/2020\/08\/Styrene_1000l_MaterChem.jpg","contentUrl":"https:\/\/masterchem.fi\/wp-content\/uploads\/2020\/08\/Styrene_1000l_MaterChem.jpg","width":1000,"height":1000,"caption":"Styren 1000l MaterChem"},{"@type":"BreadcrumbList","@id":"https:\/\/masterchem.fi\/sv\/produkt\/styren-cas-100-42-5\/#breadcrumb","itemListElement":[{"@type":"ListItem","position":1,"name":"Home","item":"https:\/\/masterchem.fi\/sv\/"},{"@type":"ListItem","position":2,"name":"Butik","item":"https:\/\/masterchem.fi\/sv\/butik\/"},{"@type":"ListItem","position":3,"name":"Styren (CAS 100-42-5)"}]},{"@type":"WebSite","@id":"https:\/\/masterchem.fi\/sv\/#website","url":"https:\/\/masterchem.fi\/sv\/","name":"MasterChem | kemikaalien tuotanto ja myynti","description":"kemikaalien tuotanto ja myynti","potentialAction":[{"@type":"SearchAction","target":{"@type":"EntryPoint","urlTemplate":"https:\/\/masterchem.fi\/sv\/?s={search_term_string}"},"query-input":{"@type":"PropertyValueSpecification","valueRequired":true,"valueName":"search_term_string"}}],"inLanguage":"sv-SE"}]}},"_links":{"self":[{"href":"https:\/\/masterchem.fi\/sv\/wp-json\/wp\/v2\/product\/7339","targetHints":{"allow":["GET"]}}],"collection":[{"href":"https:\/\/masterchem.fi\/sv\/wp-json\/wp\/v2\/product"}],"about":[{"href":"https:\/\/masterchem.fi\/sv\/wp-json\/wp\/v2\/types\/product"}],"wp:featuredmedia":[{"embeddable":true,"href":"https:\/\/masterchem.fi\/sv\/wp-json\/wp\/v2\/media\/6569"}],"wp:attachment":[{"href":"https:\/\/masterchem.fi\/sv\/wp-json\/wp\/v2\/media?parent=7339"}],"wp:term":[{"taxonomy":"product_brand","embeddable":true,"href":"https:\/\/masterchem.fi\/sv\/wp-json\/wp\/v2\/product_brand?post=7339"},{"taxonomy":"product_cat","embeddable":true,"href":"https:\/\/masterchem.fi\/sv\/wp-json\/wp\/v2\/product_cat?post=7339"},{"taxonomy":"product_tag","embeddable":true,"href":"https:\/\/masterchem.fi\/sv\/wp-json\/wp\/v2\/product_tag?post=7339"}],"curies":[{"name":"wp","href":"https:\/\/api.w.org\/{rel}","templated":true}]}}