{"id":7343,"date":"2019-06-01T02:59:31","date_gmt":"2019-05-31T23:59:31","guid":{"rendered":"https:\/\/masterchem.fi\/product\/trikloreten\/"},"modified":"2022-04-21T12:40:04","modified_gmt":"2022-04-21T09:40:04","slug":"trikloreten-cas-79-01-6","status":"publish","type":"product","link":"https:\/\/masterchem.fi\/sv\/produkt\/trikloreten-cas-79-01-6\/","title":{"rendered":"Trikloreten (CAS 79-01-6)"},"content":{"rendered":"<p> Trikloreten \u00e4r ett effektivt l\u00f6sningsmedel f\u00f6r en m\u00e4ngd olika organiska material. <\/p>\n<p> N\u00e4r det producerades i stor utstr\u00e4ckning p\u00e5 1920-talet var den huvudsakliga anv\u00e4ndningen av trikloreten att odla vegetabiliska oljor fr\u00e5n v\u00e4xtmaterial som sojab\u00f6nor, kokosn\u00f6t och palm. Andra anv\u00e4ndningar inom livsmedelsindustrin inkluderade h\u00e4mning av koffein i kaffe och beredning av smak\u00e4mnen f\u00f6r humle och kryddor. Det har ocks\u00e5 anv\u00e4nts f\u00f6r resten av torrt vatten f\u00f6r att producera 100% etanol. <\/p>\n<p> <strong> Allm\u00e4nna fysikalisk-kemiska egenskaper <\/strong> <\/p>\n<p> Molekylvikt: 131,4 <br \/>\nDensitet: 1,5 (vatten = 1) vid 20 \u00b0 C <br \/>\nSm\u00e4ltpunkt: &#8211; 85 \u00b0 C <br \/>\nKokpunkt: 87 \u00b0 C <br \/>\n\u00c5ngtryck: 8,6 kPa vid 20 \u00b0 C <br \/>\n\u00c5ngdensitet: 4,5 (luft = 1) <br \/>\nKonstant koncentration: 8,5% (85 000 ppm) vid 20 \u00b0 C; l\u00e4tt flyktig <br \/>\nL\u00f6slighet: svagt l\u00f6slig i vatten (1,1 g \/ l); l\u00f6slig i etanol, dietyleter, kloroform, aceton och de flesta andra organiska l\u00f6sningsmedel <br \/>\nF\u00f6rdelningskoefficient, P (n-oktanol \/ vatten): log Pow = 2,29; fetts\u00f6kande <br \/>\nHenrys lagkonstant: 1 \u2022 10-2 atm m3 \/ mol; avdunstar mycket l\u00e4tt fr\u00e5n vatten <br \/>\nOmvandlingsfaktorer (\u00e5nga) vid 20 \u00b0 C: 1 ppm = 5,46 mg \/ m3, 1 mg \/ m3 = 0,18 ppm <br \/>\nLuktgr\u00e4ns: 20-30 ppm (110-160 mg \/ m3); lukt varnar allvarligt f\u00f6r h\u00e4lsorisker <\/p>\n","protected":false},"excerpt":{"rendered":"<p> <b> Trikloretylen <\/b> (trikloreten, trylen) C <sub> 2 <\/sub> HCl <sub> 3 <\/sub> \u00e4r en klar, flyktig v\u00e4tska med strukturformeln ClCH = CCl <sub> 2 <\/sub>, molekylvikt 131,4 g \/ mol, specifik vikt 1,466, sm\u00e4ltpunkt &#8211; 73 \u00b0 C, kokpunkt 87 \u00b0 C, sj\u00e4lvant\u00e4ndningstemperatur 410 \u00b0 C och CAS-nummer 79-01-6. Trikloreten \u00e4r 0,1 g \/ 100 ml l\u00f6sligt i vatten vid 20 \u00b0 C. <\/p>\n","protected":false},"featured_media":6285,"template":"","meta":[],"product_brand":[],"product_cat":[105,108,111,112,114,116],"product_tag":[],"class_list":{"0":"post-7343","1":"product","2":"type-product","3":"status-publish","4":"has-post-thumbnail","6":"product_cat-hushallskemikalier-sv","7":"product_cat-metallkemikalier","8":"product_cat-trabearbetningskemikalier","9":"product_cat-byggbranschen","10":"product_cat-typografiska-kemikalier","11":"product_cat-alla-produkter","13":"first","14":"outofstock","15":"taxable","16":"shipping-taxable","17":"purchasable","18":"product-type-variable","19":"has-default-attributes","20":"rtwpvg-product"},"yoast_head":"<!-- This site is optimized with the Yoast SEO plugin v27.2 - https:\/\/yoast.com\/product\/yoast-seo-wordpress\/ -->\n<title>Trikloreten (CAS 79-01-6) - MasterChem | kemikaalien tuotanto ja myynti<\/title>\n<meta name=\"description\" content=\"Trikloreten (trikloreten, trylen) C2HCl3 \u00e4r en klar, flyktig v\u00e4tska. Trikloreten \u00e4r l\u00f6slig i vatten vid 20 \u00b0 C vid 0,1 g \/ 100 ml.\" \/>\n<meta name=\"robots\" content=\"index, follow, max-snippet:-1, max-image-preview:large, max-video-preview:-1\" \/>\n<link rel=\"canonical\" href=\"https:\/\/masterchem.fi\/sv\/produkt\/trikloreten-cas-79-01-6\/\" \/>\n<meta property=\"og:locale\" content=\"sv_SE\" \/>\n<meta property=\"og:type\" content=\"article\" \/>\n<meta property=\"og:title\" content=\"Trikloreten (CAS 79-01-6) - MasterChem | kemikaalien tuotanto ja myynti\" \/>\n<meta property=\"og:description\" content=\"Trikloreten (trikloreten, trylen) C2HCl3 \u00e4r en klar, flyktig v\u00e4tska. Trikloreten \u00e4r l\u00f6slig i vatten vid 20 \u00b0 C vid 0,1 g \/ 100 ml.\" \/>\n<meta property=\"og:url\" content=\"https:\/\/masterchem.fi\/sv\/produkt\/trikloreten-cas-79-01-6\/\" \/>\n<meta property=\"og:site_name\" content=\"MasterChem | kemikaalien tuotanto ja myynti\" \/>\n<meta property=\"article:modified_time\" content=\"2022-04-21T09:40:04+00:00\" \/>\n<meta name=\"twitter:card\" content=\"summary_large_image\" \/>\n<meta name=\"twitter:label1\" content=\"Ber\u00e4knad l\u00e4stid\" \/>\n\t<meta name=\"twitter:data1\" content=\"1 minut\" \/>\n<script type=\"application\/ld+json\" class=\"yoast-schema-graph\">{\"@context\":\"https:\/\/schema.org\",\"@graph\":[{\"@type\":\"WebPage\",\"@id\":\"https:\/\/masterchem.fi\/sv\/produkt\/trikloreten-cas-79-01-6\/\",\"url\":\"https:\/\/masterchem.fi\/sv\/produkt\/trikloreten-cas-79-01-6\/\",\"name\":\"Trikloreten (CAS 79-01-6) - MasterChem | kemikaalien tuotanto ja myynti\",\"isPartOf\":{\"@id\":\"https:\/\/masterchem.fi\/sv\/#website\"},\"primaryImageOfPage\":{\"@id\":\"https:\/\/masterchem.fi\/sv\/produkt\/trikloreten-cas-79-01-6\/#primaryimage\"},\"image\":{\"@id\":\"https:\/\/masterchem.fi\/sv\/produkt\/trikloreten-cas-79-01-6\/#primaryimage\"},\"thumbnailUrl\":\"https:\/\/masterchem.fi\/wp-content\/uploads\/2019\/06\/Trikloorietyleeni-1000l-MasterChem.jpg\",\"datePublished\":\"2019-05-31T23:59:31+00:00\",\"dateModified\":\"2022-04-21T09:40:04+00:00\",\"description\":\"Trikloreten (trikloreten, trylen) C2HCl3 \u00e4r en klar, flyktig v\u00e4tska. Trikloreten \u00e4r l\u00f6slig i vatten vid 20 \u00b0 C vid 0,1 g \/ 100 ml.\",\"breadcrumb\":{\"@id\":\"https:\/\/masterchem.fi\/sv\/produkt\/trikloreten-cas-79-01-6\/#breadcrumb\"},\"inLanguage\":\"sv-SE\",\"potentialAction\":[{\"@type\":\"ReadAction\",\"target\":[\"https:\/\/masterchem.fi\/sv\/produkt\/trikloreten-cas-79-01-6\/\"]}]},{\"@type\":\"ImageObject\",\"inLanguage\":\"sv-SE\",\"@id\":\"https:\/\/masterchem.fi\/sv\/produkt\/trikloreten-cas-79-01-6\/#primaryimage\",\"url\":\"https:\/\/masterchem.fi\/wp-content\/uploads\/2019\/06\/Trikloorietyleeni-1000l-MasterChem.jpg\",\"contentUrl\":\"https:\/\/masterchem.fi\/wp-content\/uploads\/2019\/06\/Trikloorietyleeni-1000l-MasterChem.jpg\",\"width\":1000,\"height\":1000,\"caption\":\"Trikloorietyleeni 1000l MaterChem\"},{\"@type\":\"BreadcrumbList\",\"@id\":\"https:\/\/masterchem.fi\/sv\/produkt\/trikloreten-cas-79-01-6\/#breadcrumb\",\"itemListElement\":[{\"@type\":\"ListItem\",\"position\":1,\"name\":\"Home\",\"item\":\"https:\/\/masterchem.fi\/sv\/\"},{\"@type\":\"ListItem\",\"position\":2,\"name\":\"Butik\",\"item\":\"https:\/\/masterchem.fi\/sv\/butik\/\"},{\"@type\":\"ListItem\",\"position\":3,\"name\":\"Trikloreten (CAS 79-01-6)\"}]},{\"@type\":\"WebSite\",\"@id\":\"https:\/\/masterchem.fi\/sv\/#website\",\"url\":\"https:\/\/masterchem.fi\/sv\/\",\"name\":\"MasterChem | kemikaalien tuotanto ja myynti\",\"description\":\"kemikaalien tuotanto ja myynti\",\"potentialAction\":[{\"@type\":\"SearchAction\",\"target\":{\"@type\":\"EntryPoint\",\"urlTemplate\":\"https:\/\/masterchem.fi\/sv\/?s={search_term_string}\"},\"query-input\":{\"@type\":\"PropertyValueSpecification\",\"valueRequired\":true,\"valueName\":\"search_term_string\"}}],\"inLanguage\":\"sv-SE\"}]}<\/script>\n<!-- \/ Yoast SEO plugin. -->","yoast_head_json":{"title":"Trikloreten (CAS 79-01-6) - MasterChem | kemikaalien tuotanto ja myynti","description":"Trikloreten (trikloreten, trylen) C2HCl3 \u00e4r en klar, flyktig v\u00e4tska. Trikloreten \u00e4r l\u00f6slig i vatten vid 20 \u00b0 C vid 0,1 g \/ 100 ml.","robots":{"index":"index","follow":"follow","max-snippet":"max-snippet:-1","max-image-preview":"max-image-preview:large","max-video-preview":"max-video-preview:-1"},"canonical":"https:\/\/masterchem.fi\/sv\/produkt\/trikloreten-cas-79-01-6\/","og_locale":"sv_SE","og_type":"article","og_title":"Trikloreten (CAS 79-01-6) - MasterChem | kemikaalien tuotanto ja myynti","og_description":"Trikloreten (trikloreten, trylen) C2HCl3 \u00e4r en klar, flyktig v\u00e4tska. Trikloreten \u00e4r l\u00f6slig i vatten vid 20 \u00b0 C vid 0,1 g \/ 100 ml.","og_url":"https:\/\/masterchem.fi\/sv\/produkt\/trikloreten-cas-79-01-6\/","og_site_name":"MasterChem | kemikaalien tuotanto ja myynti","article_modified_time":"2022-04-21T09:40:04+00:00","twitter_card":"summary_large_image","twitter_misc":{"Ber\u00e4knad l\u00e4stid":"1 minut"},"schema":{"@context":"https:\/\/schema.org","@graph":[{"@type":"WebPage","@id":"https:\/\/masterchem.fi\/sv\/produkt\/trikloreten-cas-79-01-6\/","url":"https:\/\/masterchem.fi\/sv\/produkt\/trikloreten-cas-79-01-6\/","name":"Trikloreten (CAS 79-01-6) - MasterChem | kemikaalien tuotanto ja myynti","isPartOf":{"@id":"https:\/\/masterchem.fi\/sv\/#website"},"primaryImageOfPage":{"@id":"https:\/\/masterchem.fi\/sv\/produkt\/trikloreten-cas-79-01-6\/#primaryimage"},"image":{"@id":"https:\/\/masterchem.fi\/sv\/produkt\/trikloreten-cas-79-01-6\/#primaryimage"},"thumbnailUrl":"https:\/\/masterchem.fi\/wp-content\/uploads\/2019\/06\/Trikloorietyleeni-1000l-MasterChem.jpg","datePublished":"2019-05-31T23:59:31+00:00","dateModified":"2022-04-21T09:40:04+00:00","description":"Trikloreten (trikloreten, trylen) C2HCl3 \u00e4r en klar, flyktig v\u00e4tska. Trikloreten \u00e4r l\u00f6slig i vatten vid 20 \u00b0 C vid 0,1 g \/ 100 ml.","breadcrumb":{"@id":"https:\/\/masterchem.fi\/sv\/produkt\/trikloreten-cas-79-01-6\/#breadcrumb"},"inLanguage":"sv-SE","potentialAction":[{"@type":"ReadAction","target":["https:\/\/masterchem.fi\/sv\/produkt\/trikloreten-cas-79-01-6\/"]}]},{"@type":"ImageObject","inLanguage":"sv-SE","@id":"https:\/\/masterchem.fi\/sv\/produkt\/trikloreten-cas-79-01-6\/#primaryimage","url":"https:\/\/masterchem.fi\/wp-content\/uploads\/2019\/06\/Trikloorietyleeni-1000l-MasterChem.jpg","contentUrl":"https:\/\/masterchem.fi\/wp-content\/uploads\/2019\/06\/Trikloorietyleeni-1000l-MasterChem.jpg","width":1000,"height":1000,"caption":"Trikloorietyleeni 1000l MaterChem"},{"@type":"BreadcrumbList","@id":"https:\/\/masterchem.fi\/sv\/produkt\/trikloreten-cas-79-01-6\/#breadcrumb","itemListElement":[{"@type":"ListItem","position":1,"name":"Home","item":"https:\/\/masterchem.fi\/sv\/"},{"@type":"ListItem","position":2,"name":"Butik","item":"https:\/\/masterchem.fi\/sv\/butik\/"},{"@type":"ListItem","position":3,"name":"Trikloreten (CAS 79-01-6)"}]},{"@type":"WebSite","@id":"https:\/\/masterchem.fi\/sv\/#website","url":"https:\/\/masterchem.fi\/sv\/","name":"MasterChem | kemikaalien tuotanto ja myynti","description":"kemikaalien tuotanto ja myynti","potentialAction":[{"@type":"SearchAction","target":{"@type":"EntryPoint","urlTemplate":"https:\/\/masterchem.fi\/sv\/?s={search_term_string}"},"query-input":{"@type":"PropertyValueSpecification","valueRequired":true,"valueName":"search_term_string"}}],"inLanguage":"sv-SE"}]}},"_links":{"self":[{"href":"https:\/\/masterchem.fi\/sv\/wp-json\/wp\/v2\/product\/7343","targetHints":{"allow":["GET"]}}],"collection":[{"href":"https:\/\/masterchem.fi\/sv\/wp-json\/wp\/v2\/product"}],"about":[{"href":"https:\/\/masterchem.fi\/sv\/wp-json\/wp\/v2\/types\/product"}],"wp:featuredmedia":[{"embeddable":true,"href":"https:\/\/masterchem.fi\/sv\/wp-json\/wp\/v2\/media\/6285"}],"wp:attachment":[{"href":"https:\/\/masterchem.fi\/sv\/wp-json\/wp\/v2\/media?parent=7343"}],"wp:term":[{"taxonomy":"product_brand","embeddable":true,"href":"https:\/\/masterchem.fi\/sv\/wp-json\/wp\/v2\/product_brand?post=7343"},{"taxonomy":"product_cat","embeddable":true,"href":"https:\/\/masterchem.fi\/sv\/wp-json\/wp\/v2\/product_cat?post=7343"},{"taxonomy":"product_tag","embeddable":true,"href":"https:\/\/masterchem.fi\/sv\/wp-json\/wp\/v2\/product_tag?post=7343"}],"curies":[{"name":"wp","href":"https:\/\/api.w.org\/{rel}","templated":true}]}}