{"id":7352,"date":"2017-04-18T07:03:25","date_gmt":"2017-04-18T04:03:25","guid":{"rendered":"https:\/\/masterchem.fi\/product\/dietanolamin\/"},"modified":"2022-04-19T13:05:14","modified_gmt":"2022-04-19T10:05:14","slug":"dietanolamin-cas-111-42-2","status":"publish","type":"product","link":"https:\/\/masterchem.fi\/sv\/produkt\/dietanolamin-cas-111-42-2\/","title":{"rendered":"Dietanolamin (CAS 111-42-2)"},"content":{"rendered":"<p>Dietanolamin framst\u00e4lls genom reaktion mellan etylenoxid och ammoniak. F\u00f6rutom dietanolamin bildas etanolamin och trietanolamin i denna reaktion. Dessa kan separeras genom fraktionerad destillation. F\u00f6rh\u00e5llandet bildade etanolaminderivat kan p\u00e5verkas av f\u00f6rh\u00e5llandet mellan m\u00e4ngder etylenoxid och ammoniak och genom \u00e5tervinning av den bildade monoetanolaminen till reaktorn.<\/p>\n<p>Diethanolamin anv\u00e4nds i industriella applikationer som korrosionsinhibitor. Det anv\u00e4nds ocks\u00e5 f\u00f6r att avl\u00e4gsna koldioxid och v\u00e4tesulfid fr\u00e5n naturgas. Dietanolamin \u00e4r utg\u00e5ngsmaterialet f\u00f6r produktion av flera andra kemikalier. Det anv\u00e4nds f\u00f6r att tillverka morfolin genom att v\u00e4rma med bland annat koncentrerad svavelsyra, glyfosat, aziridin, tv\u00e4ttmedel, ytaktiva medel och l\u00e4kemedel.<\/p>\n","protected":false},"excerpt":{"rendered":"<p><b> Andra namn: Dietanolamin, 2,2&#8242;-iminodietanol. <\/b><\/p>\n<p>Dietanolamin, eller 2,2&#8242;-iminodietanol (C <sub> 4 <\/sub> H <sub> 11 <\/sub> NO <sub> 2 <\/sub>), \u00e4r en organisk f\u00f6rening inneh\u00e5llande alkohol- och aminfunktionella grupper. F\u00f6reningen anv\u00e4nds bland annat som korrosionsinhibitor och vid syntes av andra kemikalier.<\/p>\n","protected":false},"featured_media":5833,"template":"","meta":[],"product_brand":[],"product_cat":[106,111,116],"product_tag":[],"class_list":{"0":"post-7352","1":"product","2":"type-product","3":"status-publish","4":"has-post-thumbnail","6":"product_cat-lakemedelsindustri","7":"product_cat-trabearbetningskemikalier","8":"product_cat-alla-produkter","10":"first","11":"outofstock","12":"taxable","13":"shipping-taxable","14":"purchasable","15":"product-type-variable","16":"has-default-attributes","17":"rtwpvg-product"},"yoast_head":"<!-- This site is optimized with the Yoast SEO plugin v27.5 - https:\/\/yoast.com\/product\/yoast-seo-wordpress\/ -->\n<title>Dietanolamin (CAS 111-42-2) - MasterChem | kemikaalien tuotanto ja myynti<\/title>\n<meta name=\"description\" content=\"Dietanolamin eller 2,2&#039;-iminodietanol (\u04214H11NO2) \u00e4r en organisk f\u00f6rening som inneh\u00e5ller alkohol- och aminfunktionella grupper. F\u00f6reningen anv\u00e4nds bland annat som korrosionsinhibitor och vid syntes av andra kemikalier.\" \/>\n<meta name=\"robots\" content=\"index, follow, max-snippet:-1, max-image-preview:large, max-video-preview:-1\" \/>\n<link rel=\"canonical\" href=\"https:\/\/masterchem.fi\/sv\/produkt\/dietanolamin-cas-111-42-2\/\" \/>\n<meta property=\"og:locale\" content=\"sv_SE\" \/>\n<meta property=\"og:type\" content=\"article\" \/>\n<meta property=\"og:title\" content=\"Dietanolamin (CAS 111-42-2) - MasterChem | kemikaalien tuotanto ja myynti\" \/>\n<meta property=\"og:description\" content=\"Dietanolamin eller 2,2&#039;-iminodietanol (\u04214H11NO2) \u00e4r en organisk f\u00f6rening som inneh\u00e5ller alkohol- och aminfunktionella grupper. F\u00f6reningen anv\u00e4nds bland annat som korrosionsinhibitor och vid syntes av andra kemikalier.\" \/>\n<meta property=\"og:url\" content=\"https:\/\/masterchem.fi\/sv\/produkt\/dietanolamin-cas-111-42-2\/\" \/>\n<meta property=\"og:site_name\" content=\"MasterChem | kemikaalien tuotanto ja myynti\" \/>\n<meta property=\"article:modified_time\" content=\"2022-04-19T10:05:14+00:00\" \/>\n<meta name=\"twitter:card\" content=\"summary_large_image\" \/>\n<meta name=\"twitter:label1\" content=\"Ber\u00e4knad l\u00e4stid\" \/>\n\t<meta name=\"twitter:data1\" content=\"1 minut\" \/>\n<script type=\"application\/ld+json\" class=\"yoast-schema-graph\">{\"@context\":\"https:\\\/\\\/schema.org\",\"@graph\":[{\"@type\":\"WebPage\",\"@id\":\"https:\\\/\\\/masterchem.fi\\\/sv\\\/produkt\\\/dietanolamin-cas-111-42-2\\\/\",\"url\":\"https:\\\/\\\/masterchem.fi\\\/sv\\\/produkt\\\/dietanolamin-cas-111-42-2\\\/\",\"name\":\"Dietanolamin (CAS 111-42-2) - MasterChem | kemikaalien tuotanto ja myynti\",\"isPartOf\":{\"@id\":\"https:\\\/\\\/masterchem.fi\\\/sv\\\/#website\"},\"primaryImageOfPage\":{\"@id\":\"https:\\\/\\\/masterchem.fi\\\/sv\\\/produkt\\\/dietanolamin-cas-111-42-2\\\/#primaryimage\"},\"image\":{\"@id\":\"https:\\\/\\\/masterchem.fi\\\/sv\\\/produkt\\\/dietanolamin-cas-111-42-2\\\/#primaryimage\"},\"thumbnailUrl\":\"https:\\\/\\\/masterchem.fi\\\/wp-content\\\/uploads\\\/2017\\\/04\\\/Dietanoliamiini-1000l-MasterChem.jpg\",\"datePublished\":\"2017-04-18T04:03:25+00:00\",\"dateModified\":\"2022-04-19T10:05:14+00:00\",\"description\":\"Dietanolamin eller 2,2'-iminodietanol (\u04214H11NO2) \u00e4r en organisk f\u00f6rening som inneh\u00e5ller alkohol- och aminfunktionella grupper. F\u00f6reningen anv\u00e4nds bland annat som korrosionsinhibitor och vid syntes av andra kemikalier.\",\"breadcrumb\":{\"@id\":\"https:\\\/\\\/masterchem.fi\\\/sv\\\/produkt\\\/dietanolamin-cas-111-42-2\\\/#breadcrumb\"},\"inLanguage\":\"sv-SE\",\"potentialAction\":[{\"@type\":\"ReadAction\",\"target\":[\"https:\\\/\\\/masterchem.fi\\\/sv\\\/produkt\\\/dietanolamin-cas-111-42-2\\\/\"]}]},{\"@type\":\"ImageObject\",\"inLanguage\":\"sv-SE\",\"@id\":\"https:\\\/\\\/masterchem.fi\\\/sv\\\/produkt\\\/dietanolamin-cas-111-42-2\\\/#primaryimage\",\"url\":\"https:\\\/\\\/masterchem.fi\\\/wp-content\\\/uploads\\\/2017\\\/04\\\/Dietanoliamiini-1000l-MasterChem.jpg\",\"contentUrl\":\"https:\\\/\\\/masterchem.fi\\\/wp-content\\\/uploads\\\/2017\\\/04\\\/Dietanoliamiini-1000l-MasterChem.jpg\",\"width\":1000,\"height\":1000,\"caption\":\"Dietanoliamiini 1000l MaterChem\"},{\"@type\":\"BreadcrumbList\",\"@id\":\"https:\\\/\\\/masterchem.fi\\\/sv\\\/produkt\\\/dietanolamin-cas-111-42-2\\\/#breadcrumb\",\"itemListElement\":[{\"@type\":\"ListItem\",\"position\":1,\"name\":\"Home\",\"item\":\"https:\\\/\\\/masterchem.fi\\\/sv\\\/\"},{\"@type\":\"ListItem\",\"position\":2,\"name\":\"Butik\",\"item\":\"https:\\\/\\\/masterchem.fi\\\/sv\\\/butik\\\/\"},{\"@type\":\"ListItem\",\"position\":3,\"name\":\"Dietanolamin (CAS 111-42-2)\"}]},{\"@type\":\"WebSite\",\"@id\":\"https:\\\/\\\/masterchem.fi\\\/sv\\\/#website\",\"url\":\"https:\\\/\\\/masterchem.fi\\\/sv\\\/\",\"name\":\"MasterChem | kemikaalien tuotanto ja myynti\",\"description\":\"kemikaalien tuotanto ja myynti\",\"potentialAction\":[{\"@type\":\"SearchAction\",\"target\":{\"@type\":\"EntryPoint\",\"urlTemplate\":\"https:\\\/\\\/masterchem.fi\\\/sv\\\/?s={search_term_string}\"},\"query-input\":{\"@type\":\"PropertyValueSpecification\",\"valueRequired\":true,\"valueName\":\"search_term_string\"}}],\"inLanguage\":\"sv-SE\"}]}<\/script>\n<!-- \/ Yoast SEO plugin. -->","yoast_head_json":{"title":"Dietanolamin (CAS 111-42-2) - MasterChem | kemikaalien tuotanto ja myynti","description":"Dietanolamin eller 2,2'-iminodietanol (\u04214H11NO2) \u00e4r en organisk f\u00f6rening som inneh\u00e5ller alkohol- och aminfunktionella grupper. F\u00f6reningen anv\u00e4nds bland annat som korrosionsinhibitor och vid syntes av andra kemikalier.","robots":{"index":"index","follow":"follow","max-snippet":"max-snippet:-1","max-image-preview":"max-image-preview:large","max-video-preview":"max-video-preview:-1"},"canonical":"https:\/\/masterchem.fi\/sv\/produkt\/dietanolamin-cas-111-42-2\/","og_locale":"sv_SE","og_type":"article","og_title":"Dietanolamin (CAS 111-42-2) - MasterChem | kemikaalien tuotanto ja myynti","og_description":"Dietanolamin eller 2,2'-iminodietanol (\u04214H11NO2) \u00e4r en organisk f\u00f6rening som inneh\u00e5ller alkohol- och aminfunktionella grupper. F\u00f6reningen anv\u00e4nds bland annat som korrosionsinhibitor och vid syntes av andra kemikalier.","og_url":"https:\/\/masterchem.fi\/sv\/produkt\/dietanolamin-cas-111-42-2\/","og_site_name":"MasterChem | kemikaalien tuotanto ja myynti","article_modified_time":"2022-04-19T10:05:14+00:00","twitter_card":"summary_large_image","twitter_misc":{"Ber\u00e4knad l\u00e4stid":"1 minut"},"schema":{"@context":"https:\/\/schema.org","@graph":[{"@type":"WebPage","@id":"https:\/\/masterchem.fi\/sv\/produkt\/dietanolamin-cas-111-42-2\/","url":"https:\/\/masterchem.fi\/sv\/produkt\/dietanolamin-cas-111-42-2\/","name":"Dietanolamin (CAS 111-42-2) - MasterChem | kemikaalien tuotanto ja myynti","isPartOf":{"@id":"https:\/\/masterchem.fi\/sv\/#website"},"primaryImageOfPage":{"@id":"https:\/\/masterchem.fi\/sv\/produkt\/dietanolamin-cas-111-42-2\/#primaryimage"},"image":{"@id":"https:\/\/masterchem.fi\/sv\/produkt\/dietanolamin-cas-111-42-2\/#primaryimage"},"thumbnailUrl":"https:\/\/masterchem.fi\/wp-content\/uploads\/2017\/04\/Dietanoliamiini-1000l-MasterChem.jpg","datePublished":"2017-04-18T04:03:25+00:00","dateModified":"2022-04-19T10:05:14+00:00","description":"Dietanolamin eller 2,2'-iminodietanol (\u04214H11NO2) \u00e4r en organisk f\u00f6rening som inneh\u00e5ller alkohol- och aminfunktionella grupper. F\u00f6reningen anv\u00e4nds bland annat som korrosionsinhibitor och vid syntes av andra kemikalier.","breadcrumb":{"@id":"https:\/\/masterchem.fi\/sv\/produkt\/dietanolamin-cas-111-42-2\/#breadcrumb"},"inLanguage":"sv-SE","potentialAction":[{"@type":"ReadAction","target":["https:\/\/masterchem.fi\/sv\/produkt\/dietanolamin-cas-111-42-2\/"]}]},{"@type":"ImageObject","inLanguage":"sv-SE","@id":"https:\/\/masterchem.fi\/sv\/produkt\/dietanolamin-cas-111-42-2\/#primaryimage","url":"https:\/\/masterchem.fi\/wp-content\/uploads\/2017\/04\/Dietanoliamiini-1000l-MasterChem.jpg","contentUrl":"https:\/\/masterchem.fi\/wp-content\/uploads\/2017\/04\/Dietanoliamiini-1000l-MasterChem.jpg","width":1000,"height":1000,"caption":"Dietanoliamiini 1000l MaterChem"},{"@type":"BreadcrumbList","@id":"https:\/\/masterchem.fi\/sv\/produkt\/dietanolamin-cas-111-42-2\/#breadcrumb","itemListElement":[{"@type":"ListItem","position":1,"name":"Home","item":"https:\/\/masterchem.fi\/sv\/"},{"@type":"ListItem","position":2,"name":"Butik","item":"https:\/\/masterchem.fi\/sv\/butik\/"},{"@type":"ListItem","position":3,"name":"Dietanolamin (CAS 111-42-2)"}]},{"@type":"WebSite","@id":"https:\/\/masterchem.fi\/sv\/#website","url":"https:\/\/masterchem.fi\/sv\/","name":"MasterChem | kemikaalien tuotanto ja myynti","description":"kemikaalien tuotanto ja myynti","potentialAction":[{"@type":"SearchAction","target":{"@type":"EntryPoint","urlTemplate":"https:\/\/masterchem.fi\/sv\/?s={search_term_string}"},"query-input":{"@type":"PropertyValueSpecification","valueRequired":true,"valueName":"search_term_string"}}],"inLanguage":"sv-SE"}]}},"_links":{"self":[{"href":"https:\/\/masterchem.fi\/sv\/wp-json\/wp\/v2\/product\/7352","targetHints":{"allow":["GET"]}}],"collection":[{"href":"https:\/\/masterchem.fi\/sv\/wp-json\/wp\/v2\/product"}],"about":[{"href":"https:\/\/masterchem.fi\/sv\/wp-json\/wp\/v2\/types\/product"}],"wp:featuredmedia":[{"embeddable":true,"href":"https:\/\/masterchem.fi\/sv\/wp-json\/wp\/v2\/media\/5833"}],"wp:attachment":[{"href":"https:\/\/masterchem.fi\/sv\/wp-json\/wp\/v2\/media?parent=7352"}],"wp:term":[{"taxonomy":"product_brand","embeddable":true,"href":"https:\/\/masterchem.fi\/sv\/wp-json\/wp\/v2\/product_brand?post=7352"},{"taxonomy":"product_cat","embeddable":true,"href":"https:\/\/masterchem.fi\/sv\/wp-json\/wp\/v2\/product_cat?post=7352"},{"taxonomy":"product_tag","embeddable":true,"href":"https:\/\/masterchem.fi\/sv\/wp-json\/wp\/v2\/product_tag?post=7352"}],"curies":[{"name":"wp","href":"https:\/\/api.w.org\/{rel}","templated":true}]}}