{"id":7361,"date":"2019-06-01T03:06:10","date_gmt":"2019-06-01T00:06:10","guid":{"rendered":"https:\/\/masterchem.fi\/product\/nitro-tunnare-646\/"},"modified":"2019-06-01T03:06:10","modified_gmt":"2019-06-01T00:06:10","slug":"nitro-tunnare-646","status":"publish","type":"product","link":"https:\/\/masterchem.fi\/sv\/produkt\/nitro-tunnare-646\/","title":{"rendered":"Nitro-tunnare 646"},"content":{"rendered":"<p> <strong> Nitro Thinner 646 <\/strong> <\/p>\n<p> <strong> Beskrivning: <\/strong> <\/p>\n<p> Kv\u00e4vel\u00f6sningsmedel 646 \u00e4r ett klassiskt nitrill\u00f6sningsmedel. Vi introducerar en blandning av olika flyktiga organiska v\u00e4tskor (6 komponenter). Det ursprungliga receptet har en historia p\u00e5 tio \u00e5r och har etablerat sig som den mest m\u00e5ngsidiga och h\u00f6gkvalitativa kompositionen med utm\u00e4rkta egenskaper. Tyv\u00e4rr, nu i Europa, finns 100% av den ursprungliga kompositionen inte n\u00e5gonstans, eftersom vissa komponenter \u00e4r f\u00f6rbjudna att cirkulera i Europeiska unionen. V\u00e5rt recept beh\u00e5ller alla de b\u00e4sta funktionerna i denna produkt p\u00e5 grund av att vi har ersatt de f\u00f6rbjudna komponenterna med en ny generation produkter som \u00e4r mer milj\u00f6v\u00e4nliga. MasterChem har tillverkat detta l\u00f6sningsmedel direkt i 25 \u00e5r. Kv\u00e4vel\u00f6sningsmedlet \u00e4r en f\u00e4rgl\u00f6s eller n\u00e5got gulaktig v\u00e4tska med en karakteristisk lukt. Det anv\u00e4nds i produktion och vardag f\u00f6r att sp\u00e4da ut f\u00e4rger och lacker och g\u00f6ra dem fungerande konsistens. Om du vill bli f\u00f6rs\u00e4ljningsrepresentant f\u00f6r v\u00e5r produkt \u00e4r vi \u00f6ppna f\u00f6r f\u00f6rhandlingar. <\/p>\n<p> <strong> Till\u00e4mpning och anv\u00e4ndning: <\/strong> <\/p>\n<p> &#8211; f\u00f6r korrigering av viskositeten hos lacker, fl\u00e4ckar och lacker i nitrosystem f\u00f6r skydd och dekorering av tr\u00e4 och metall, <br \/>\n&#8211; avfettning av metallytor, <br \/>\n&#8211; reng\u00f6ringsmateriel, <br \/>\n&#8211; f\u00f6r att ta bort vax och hartser fr\u00e5n tr\u00e4, tunnare f\u00e4rg och reng\u00f6ringsverktyg. <\/p>\n<p> <strong> Paket: <\/strong> <\/p>\n<p> 0,5 upplyst metallflaska <br \/>\n5 upplysta plastburkar <br \/>\n10 t\u00e4nda plastburkar <br \/>\n20 upplysta metalltankar UN <br \/>\n25 t\u00e4nda plastburkar <br \/>\n200 upplyst trumma \/ fat <br \/>\n500 upplysta IBC: er <br \/>\n1000 upplysta IBC: er <br \/>\n24 mt BULK <br \/>\nTips: F\u00f6rvara produkten mellan 0 \u00b0 C och 35 \u00b0 C och uts\u00e4tt den inte f\u00f6r direkt solljus. <br \/>\nFunktioner: <br \/>\nDensitet: vid en temperatur av 20 grader &#8211; 0,85 g \/ cm3 + -0,05 <br \/>\nF\u00e4rg &#8211; f\u00e4rgl\u00f6s v\u00e4tska <\/p>\n","protected":false},"excerpt":{"rendered":"<p> <strong> Till\u00e4mpning och anv\u00e4ndning: <\/strong> <\/p>\n<p> &#8211; f\u00f6r korrigering av viskositeten hos lacker, fl\u00e4ckar och lacker i nitrosystem f\u00f6r skydd och dekorering av tr\u00e4 och metall, <\/p>\n<p> &#8211; avfettning av metallytor, <\/p>\n<p> &#8211; reng\u00f6ringsmateriel, <\/p>\n<p> &#8211; f\u00f6r att ta bort vax och hartser fr\u00e5n tr\u00e4, tunnare och reng\u00f6ringsverktyg. <\/p>\n","protected":false},"featured_media":6353,"template":"","meta":[],"product_brand":[],"product_cat":[105,106,108,111,112,113,114,115,116,104],"product_tag":[157],"class_list":{"0":"post-7361","1":"product","2":"type-product","3":"status-publish","4":"has-post-thumbnail","6":"product_cat-hushallskemikalier-sv","7":"product_cat-lakemedelsindustri","8":"product_cat-metallkemikalier","9":"product_cat-trabearbetningskemikalier","10":"product_cat-byggbranschen","11":"product_cat-vaggmalning","12":"product_cat-typografiska-kemikalier","13":"product_cat-industriella-kemikalier","14":"product_cat-alla-produkter","15":"product_cat-bil-och-maskinkemikalier","16":"product_tag-tien-maalaus-sv","18":"first","19":"instock","20":"taxable","21":"shipping-taxable","22":"purchasable","23":"product-type-variable","24":"has-default-attributes","25":"rtwpvg-product"},"yoast_head":"<!-- This site is optimized with the Yoast SEO plugin v27.5 - https:\/\/yoast.com\/product\/yoast-seo-wordpress\/ -->\n<title>Nitro-tunnare 646 - MasterChem | kemikaalien tuotanto ja myynti<\/title>\n<meta name=\"description\" content=\"Kv\u00e4vel\u00f6sningsmedel 646 \u00e4r ett klassiskt nitrol\u00f6sningsmedel. Vi introducerar en blandning av olika flyktiga organiska v\u00e4tskor (6 komponenter). Det ursprungliga receptet har en historia p\u00e5 tio \u00e5r och har etablerat sig som den mest m\u00e5ngsidiga och h\u00f6gkvalitativa kompositionen med utm\u00e4rkta egenskaper.\" \/>\n<meta name=\"robots\" content=\"index, follow, max-snippet:-1, max-image-preview:large, max-video-preview:-1\" \/>\n<link rel=\"canonical\" href=\"https:\/\/masterchem.fi\/sv\/produkt\/nitro-tunnare-646\/\" \/>\n<meta property=\"og:locale\" content=\"sv_SE\" \/>\n<meta property=\"og:type\" content=\"article\" \/>\n<meta property=\"og:title\" content=\"Nitro-tunnare 646 - MasterChem | kemikaalien tuotanto ja myynti\" \/>\n<meta property=\"og:description\" content=\"Kv\u00e4vel\u00f6sningsmedel 646 \u00e4r ett klassiskt nitrol\u00f6sningsmedel. Vi introducerar en blandning av olika flyktiga organiska v\u00e4tskor (6 komponenter). Det ursprungliga receptet har en historia p\u00e5 tio \u00e5r och har etablerat sig som den mest m\u00e5ngsidiga och h\u00f6gkvalitativa kompositionen med utm\u00e4rkta egenskaper.\" \/>\n<meta property=\"og:url\" content=\"https:\/\/masterchem.fi\/sv\/produkt\/nitro-tunnare-646\/\" \/>\n<meta property=\"og:site_name\" content=\"MasterChem | kemikaalien tuotanto ja myynti\" \/>\n<meta name=\"twitter:card\" content=\"summary_large_image\" \/>\n<meta name=\"twitter:label1\" content=\"Ber\u00e4knad l\u00e4stid\" \/>\n\t<meta name=\"twitter:data1\" content=\"1 minut\" \/>\n<script type=\"application\/ld+json\" class=\"yoast-schema-graph\">{\"@context\":\"https:\\\/\\\/schema.org\",\"@graph\":[{\"@type\":\"WebPage\",\"@id\":\"https:\\\/\\\/masterchem.fi\\\/sv\\\/produkt\\\/nitro-tunnare-646\\\/\",\"url\":\"https:\\\/\\\/masterchem.fi\\\/sv\\\/produkt\\\/nitro-tunnare-646\\\/\",\"name\":\"Nitro-tunnare 646 - MasterChem | kemikaalien tuotanto ja myynti\",\"isPartOf\":{\"@id\":\"https:\\\/\\\/masterchem.fi\\\/sv\\\/#website\"},\"primaryImageOfPage\":{\"@id\":\"https:\\\/\\\/masterchem.fi\\\/sv\\\/produkt\\\/nitro-tunnare-646\\\/#primaryimage\"},\"image\":{\"@id\":\"https:\\\/\\\/masterchem.fi\\\/sv\\\/produkt\\\/nitro-tunnare-646\\\/#primaryimage\"},\"thumbnailUrl\":\"https:\\\/\\\/masterchem.fi\\\/wp-content\\\/uploads\\\/2020\\\/08\\\/Nitro-Thinner-646-1000l-MasterChem.jpg\",\"datePublished\":\"2019-06-01T00:06:10+00:00\",\"description\":\"Kv\u00e4vel\u00f6sningsmedel 646 \u00e4r ett klassiskt nitrol\u00f6sningsmedel. Vi introducerar en blandning av olika flyktiga organiska v\u00e4tskor (6 komponenter). Det ursprungliga receptet har en historia p\u00e5 tio \u00e5r och har etablerat sig som den mest m\u00e5ngsidiga och h\u00f6gkvalitativa kompositionen med utm\u00e4rkta egenskaper.\",\"breadcrumb\":{\"@id\":\"https:\\\/\\\/masterchem.fi\\\/sv\\\/produkt\\\/nitro-tunnare-646\\\/#breadcrumb\"},\"inLanguage\":\"sv-SE\",\"potentialAction\":[{\"@type\":\"ReadAction\",\"target\":[\"https:\\\/\\\/masterchem.fi\\\/sv\\\/produkt\\\/nitro-tunnare-646\\\/\"]}]},{\"@type\":\"ImageObject\",\"inLanguage\":\"sv-SE\",\"@id\":\"https:\\\/\\\/masterchem.fi\\\/sv\\\/produkt\\\/nitro-tunnare-646\\\/#primaryimage\",\"url\":\"https:\\\/\\\/masterchem.fi\\\/wp-content\\\/uploads\\\/2020\\\/08\\\/Nitro-Thinner-646-1000l-MasterChem.jpg\",\"contentUrl\":\"https:\\\/\\\/masterchem.fi\\\/wp-content\\\/uploads\\\/2020\\\/08\\\/Nitro-Thinner-646-1000l-MasterChem.jpg\",\"width\":700,\"height\":700,\"caption\":\"Nitrolahusti 646 UN1263 1000L MasterChem\"},{\"@type\":\"BreadcrumbList\",\"@id\":\"https:\\\/\\\/masterchem.fi\\\/sv\\\/produkt\\\/nitro-tunnare-646\\\/#breadcrumb\",\"itemListElement\":[{\"@type\":\"ListItem\",\"position\":1,\"name\":\"Home\",\"item\":\"https:\\\/\\\/masterchem.fi\\\/sv\\\/\"},{\"@type\":\"ListItem\",\"position\":2,\"name\":\"Butik\",\"item\":\"https:\\\/\\\/masterchem.fi\\\/sv\\\/butik\\\/\"},{\"@type\":\"ListItem\",\"position\":3,\"name\":\"Nitro-tunnare 646\"}]},{\"@type\":\"WebSite\",\"@id\":\"https:\\\/\\\/masterchem.fi\\\/sv\\\/#website\",\"url\":\"https:\\\/\\\/masterchem.fi\\\/sv\\\/\",\"name\":\"MasterChem | kemikaalien tuotanto ja myynti\",\"description\":\"kemikaalien tuotanto ja myynti\",\"potentialAction\":[{\"@type\":\"SearchAction\",\"target\":{\"@type\":\"EntryPoint\",\"urlTemplate\":\"https:\\\/\\\/masterchem.fi\\\/sv\\\/?s={search_term_string}\"},\"query-input\":{\"@type\":\"PropertyValueSpecification\",\"valueRequired\":true,\"valueName\":\"search_term_string\"}}],\"inLanguage\":\"sv-SE\"}]}<\/script>\n<!-- \/ Yoast SEO plugin. -->","yoast_head_json":{"title":"Nitro-tunnare 646 - MasterChem | kemikaalien tuotanto ja myynti","description":"Kv\u00e4vel\u00f6sningsmedel 646 \u00e4r ett klassiskt nitrol\u00f6sningsmedel. Vi introducerar en blandning av olika flyktiga organiska v\u00e4tskor (6 komponenter). Det ursprungliga receptet har en historia p\u00e5 tio \u00e5r och har etablerat sig som den mest m\u00e5ngsidiga och h\u00f6gkvalitativa kompositionen med utm\u00e4rkta egenskaper.","robots":{"index":"index","follow":"follow","max-snippet":"max-snippet:-1","max-image-preview":"max-image-preview:large","max-video-preview":"max-video-preview:-1"},"canonical":"https:\/\/masterchem.fi\/sv\/produkt\/nitro-tunnare-646\/","og_locale":"sv_SE","og_type":"article","og_title":"Nitro-tunnare 646 - MasterChem | kemikaalien tuotanto ja myynti","og_description":"Kv\u00e4vel\u00f6sningsmedel 646 \u00e4r ett klassiskt nitrol\u00f6sningsmedel. Vi introducerar en blandning av olika flyktiga organiska v\u00e4tskor (6 komponenter). Det ursprungliga receptet har en historia p\u00e5 tio \u00e5r och har etablerat sig som den mest m\u00e5ngsidiga och h\u00f6gkvalitativa kompositionen med utm\u00e4rkta egenskaper.","og_url":"https:\/\/masterchem.fi\/sv\/produkt\/nitro-tunnare-646\/","og_site_name":"MasterChem | kemikaalien tuotanto ja myynti","twitter_card":"summary_large_image","twitter_misc":{"Ber\u00e4knad l\u00e4stid":"1 minut"},"schema":{"@context":"https:\/\/schema.org","@graph":[{"@type":"WebPage","@id":"https:\/\/masterchem.fi\/sv\/produkt\/nitro-tunnare-646\/","url":"https:\/\/masterchem.fi\/sv\/produkt\/nitro-tunnare-646\/","name":"Nitro-tunnare 646 - MasterChem | kemikaalien tuotanto ja myynti","isPartOf":{"@id":"https:\/\/masterchem.fi\/sv\/#website"},"primaryImageOfPage":{"@id":"https:\/\/masterchem.fi\/sv\/produkt\/nitro-tunnare-646\/#primaryimage"},"image":{"@id":"https:\/\/masterchem.fi\/sv\/produkt\/nitro-tunnare-646\/#primaryimage"},"thumbnailUrl":"https:\/\/masterchem.fi\/wp-content\/uploads\/2020\/08\/Nitro-Thinner-646-1000l-MasterChem.jpg","datePublished":"2019-06-01T00:06:10+00:00","description":"Kv\u00e4vel\u00f6sningsmedel 646 \u00e4r ett klassiskt nitrol\u00f6sningsmedel. Vi introducerar en blandning av olika flyktiga organiska v\u00e4tskor (6 komponenter). Det ursprungliga receptet har en historia p\u00e5 tio \u00e5r och har etablerat sig som den mest m\u00e5ngsidiga och h\u00f6gkvalitativa kompositionen med utm\u00e4rkta egenskaper.","breadcrumb":{"@id":"https:\/\/masterchem.fi\/sv\/produkt\/nitro-tunnare-646\/#breadcrumb"},"inLanguage":"sv-SE","potentialAction":[{"@type":"ReadAction","target":["https:\/\/masterchem.fi\/sv\/produkt\/nitro-tunnare-646\/"]}]},{"@type":"ImageObject","inLanguage":"sv-SE","@id":"https:\/\/masterchem.fi\/sv\/produkt\/nitro-tunnare-646\/#primaryimage","url":"https:\/\/masterchem.fi\/wp-content\/uploads\/2020\/08\/Nitro-Thinner-646-1000l-MasterChem.jpg","contentUrl":"https:\/\/masterchem.fi\/wp-content\/uploads\/2020\/08\/Nitro-Thinner-646-1000l-MasterChem.jpg","width":700,"height":700,"caption":"Nitrolahusti 646 UN1263 1000L MasterChem"},{"@type":"BreadcrumbList","@id":"https:\/\/masterchem.fi\/sv\/produkt\/nitro-tunnare-646\/#breadcrumb","itemListElement":[{"@type":"ListItem","position":1,"name":"Home","item":"https:\/\/masterchem.fi\/sv\/"},{"@type":"ListItem","position":2,"name":"Butik","item":"https:\/\/masterchem.fi\/sv\/butik\/"},{"@type":"ListItem","position":3,"name":"Nitro-tunnare 646"}]},{"@type":"WebSite","@id":"https:\/\/masterchem.fi\/sv\/#website","url":"https:\/\/masterchem.fi\/sv\/","name":"MasterChem | kemikaalien tuotanto ja myynti","description":"kemikaalien tuotanto ja myynti","potentialAction":[{"@type":"SearchAction","target":{"@type":"EntryPoint","urlTemplate":"https:\/\/masterchem.fi\/sv\/?s={search_term_string}"},"query-input":{"@type":"PropertyValueSpecification","valueRequired":true,"valueName":"search_term_string"}}],"inLanguage":"sv-SE"}]}},"_links":{"self":[{"href":"https:\/\/masterchem.fi\/sv\/wp-json\/wp\/v2\/product\/7361","targetHints":{"allow":["GET"]}}],"collection":[{"href":"https:\/\/masterchem.fi\/sv\/wp-json\/wp\/v2\/product"}],"about":[{"href":"https:\/\/masterchem.fi\/sv\/wp-json\/wp\/v2\/types\/product"}],"wp:featuredmedia":[{"embeddable":true,"href":"https:\/\/masterchem.fi\/sv\/wp-json\/wp\/v2\/media\/6353"}],"wp:attachment":[{"href":"https:\/\/masterchem.fi\/sv\/wp-json\/wp\/v2\/media?parent=7361"}],"wp:term":[{"taxonomy":"product_brand","embeddable":true,"href":"https:\/\/masterchem.fi\/sv\/wp-json\/wp\/v2\/product_brand?post=7361"},{"taxonomy":"product_cat","embeddable":true,"href":"https:\/\/masterchem.fi\/sv\/wp-json\/wp\/v2\/product_cat?post=7361"},{"taxonomy":"product_tag","embeddable":true,"href":"https:\/\/masterchem.fi\/sv\/wp-json\/wp\/v2\/product_tag?post=7361"}],"curies":[{"name":"wp","href":"https:\/\/api.w.org\/{rel}","templated":true}]}}