{"id":7370,"date":"2019-06-01T02:38:13","date_gmt":"2019-06-01T02:38:13","guid":{"rendered":"https:\/\/masterchem.fi\/product\/etylenglykol\/"},"modified":"2022-04-19T15:05:33","modified_gmt":"2022-04-19T12:05:33","slug":"etylenglykol-cas-107-21-1","status":"publish","type":"product","link":"https:\/\/masterchem.fi\/sv\/produkt\/etylenglykol-cas-107-21-1\/","title":{"rendered":"Etylenglykol (CAS 107-21-1)"},"content":{"rendered":"<p> Sm\u00e4ltpunkten f\u00f6r en blandning av etylenglykol och vatten \u00e4r l\u00e4gre \u00e4n sm\u00e4ltpunkten f\u00f6r vatten. Blandningen t\u00e5l sv\u00e5r frost utan att frysa. Av denna anledning anv\u00e4nds etylenglykol i bilkylmedel f\u00f6r att f\u00f6rb\u00e4ttra frostbest\u00e4ndigheten. <\/p>\n<p> Propylenglykol anv\u00e4nds nu ocks\u00e5 i kylv\u00e4tskor, som till skillnad fr\u00e5n etylenglykol inte \u00e4r s\u00e4rskilt giftiga. <\/p>\n","protected":false},"excerpt":{"rendered":"<p> <b> Etylenglykol <\/b> \u00e4r en tv\u00e5v\u00e4rd alkohol, eller diol, eftersom den inneh\u00e5ller tv\u00e5 hydroxylgrupper (-OH). I sin rena form \u00e4r det en f\u00e4rgl\u00f6s, luktfri, n\u00e5got sirapsaktig s\u00f6t v\u00e4tska. Strukturformeln f\u00f6r etylenglykol \u00e4r HOCH <sub> 2 <\/sub> CH <sub> 2 <\/sub> OH, flampunkt 111 \u00b0 C (c.c.) och sj\u00e4lvant\u00e4ndningstemperatur 398 \u00b0 C. Etylenglykol kallas ocks\u00e5 <i> glykol <\/i>, monoetylglykol <\/i>, <i> etan-1,2-diol <\/i> och <i> 1,2-dihydroxietan <\/i>. Dess viskositet \u00e4r 16,1 N \u00b7 s \/ m <sup> 2 <\/sup>. <\/p>\n<p> Etylenglykol \u00e4r fullst\u00e4ndigt l\u00f6sligt i vatten, alkohol och aceton och d\u00e5ligt l\u00f6sligt i t.ex. bensen, toluen, dikloretan och kloroform. Etylenglykol oxideras l\u00e4tt och reaktionen kan vara v\u00e5ldsam med klorsulfonsyra, fosfor (V) sulfid, perklorsyra, r\u00f6kande svavelsyra och svavelsyra. Denna reaktion med syre, aldehyder, syror och andra oxidationsmedel kan utg\u00f6ra en brand- och explosionsrisk. <\/p>\n","protected":false},"featured_media":6114,"template":"","meta":[],"product_brand":[],"product_cat":[103,104,105,112,116],"product_tag":[],"class_list":{"0":"post-7370","1":"product","2":"type-product","3":"status-publish","4":"has-post-thumbnail","6":"product_cat-frostskydd","7":"product_cat-bil-och-maskinkemikalier","8":"product_cat-hushallskemikalier-sv","9":"product_cat-byggbranschen","10":"product_cat-alla-produkter","12":"first","13":"instock","14":"taxable","15":"shipping-taxable","16":"purchasable","17":"product-type-variable","18":"has-default-attributes","19":"rtwpvg-product"},"yoast_head":"<!-- This site is optimized with the Yoast SEO plugin v27.5 - https:\/\/yoast.com\/product\/yoast-seo-wordpress\/ -->\n<title>Etylenglykol (CAS 107-21-1) - MasterChem | kemikaalien tuotanto ja myynti<\/title>\n<meta name=\"description\" content=\"Etylenglykol \u00e4r en tv\u00e5v\u00e4rd alkohol eller diol eftersom den inneh\u00e5ller tv\u00e5 hydroxylgrupper (-OH). I sin rena form \u00e4r det en f\u00e4rgl\u00f6s, luktfri, n\u00e5got sirapsaktig s\u00f6t v\u00e4tska.\" \/>\n<meta name=\"robots\" content=\"index, follow, max-snippet:-1, max-image-preview:large, max-video-preview:-1\" \/>\n<link rel=\"canonical\" href=\"https:\/\/masterchem.fi\/sv\/produkt\/etylenglykol-cas-107-21-1\/\" \/>\n<meta property=\"og:locale\" content=\"sv_SE\" \/>\n<meta property=\"og:type\" content=\"article\" \/>\n<meta property=\"og:title\" content=\"Etylenglykol (CAS 107-21-1) - MasterChem | kemikaalien tuotanto ja myynti\" \/>\n<meta property=\"og:description\" content=\"Etylenglykol \u00e4r en tv\u00e5v\u00e4rd alkohol eller diol eftersom den inneh\u00e5ller tv\u00e5 hydroxylgrupper (-OH). I sin rena form \u00e4r det en f\u00e4rgl\u00f6s, luktfri, n\u00e5got sirapsaktig s\u00f6t v\u00e4tska.\" \/>\n<meta property=\"og:url\" content=\"https:\/\/masterchem.fi\/sv\/produkt\/etylenglykol-cas-107-21-1\/\" \/>\n<meta property=\"og:site_name\" content=\"MasterChem | kemikaalien tuotanto ja myynti\" \/>\n<meta property=\"article:modified_time\" content=\"2022-04-19T12:05:33+00:00\" \/>\n<meta name=\"twitter:card\" content=\"summary_large_image\" \/>\n<script type=\"application\/ld+json\" class=\"yoast-schema-graph\">{\"@context\":\"https:\\\/\\\/schema.org\",\"@graph\":[{\"@type\":\"WebPage\",\"@id\":\"https:\\\/\\\/masterchem.fi\\\/sv\\\/produkt\\\/etylenglykol-cas-107-21-1\\\/\",\"url\":\"https:\\\/\\\/masterchem.fi\\\/sv\\\/produkt\\\/etylenglykol-cas-107-21-1\\\/\",\"name\":\"Etylenglykol (CAS 107-21-1) - MasterChem | kemikaalien tuotanto ja myynti\",\"isPartOf\":{\"@id\":\"https:\\\/\\\/masterchem.fi\\\/sv\\\/#website\"},\"primaryImageOfPage\":{\"@id\":\"https:\\\/\\\/masterchem.fi\\\/sv\\\/produkt\\\/etylenglykol-cas-107-21-1\\\/#primaryimage\"},\"image\":{\"@id\":\"https:\\\/\\\/masterchem.fi\\\/sv\\\/produkt\\\/etylenglykol-cas-107-21-1\\\/#primaryimage\"},\"thumbnailUrl\":\"https:\\\/\\\/masterchem.fi\\\/wp-content\\\/uploads\\\/2019\\\/06\\\/Etyleeniglykoli-1000l-MasterChem.jpg\",\"datePublished\":\"2019-06-01T02:38:13+00:00\",\"dateModified\":\"2022-04-19T12:05:33+00:00\",\"description\":\"Etylenglykol \u00e4r en tv\u00e5v\u00e4rd alkohol eller diol eftersom den inneh\u00e5ller tv\u00e5 hydroxylgrupper (-OH). I sin rena form \u00e4r det en f\u00e4rgl\u00f6s, luktfri, n\u00e5got sirapsaktig s\u00f6t v\u00e4tska.\",\"breadcrumb\":{\"@id\":\"https:\\\/\\\/masterchem.fi\\\/sv\\\/produkt\\\/etylenglykol-cas-107-21-1\\\/#breadcrumb\"},\"inLanguage\":\"sv-SE\",\"potentialAction\":[{\"@type\":\"ReadAction\",\"target\":[\"https:\\\/\\\/masterchem.fi\\\/sv\\\/produkt\\\/etylenglykol-cas-107-21-1\\\/\"]}]},{\"@type\":\"ImageObject\",\"inLanguage\":\"sv-SE\",\"@id\":\"https:\\\/\\\/masterchem.fi\\\/sv\\\/produkt\\\/etylenglykol-cas-107-21-1\\\/#primaryimage\",\"url\":\"https:\\\/\\\/masterchem.fi\\\/wp-content\\\/uploads\\\/2019\\\/06\\\/Etyleeniglykoli-1000l-MasterChem.jpg\",\"contentUrl\":\"https:\\\/\\\/masterchem.fi\\\/wp-content\\\/uploads\\\/2019\\\/06\\\/Etyleeniglykoli-1000l-MasterChem.jpg\",\"width\":1000,\"height\":1000,\"caption\":\"Etyleeniglykoli 1000l MaterChem\"},{\"@type\":\"BreadcrumbList\",\"@id\":\"https:\\\/\\\/masterchem.fi\\\/sv\\\/produkt\\\/etylenglykol-cas-107-21-1\\\/#breadcrumb\",\"itemListElement\":[{\"@type\":\"ListItem\",\"position\":1,\"name\":\"Home\",\"item\":\"https:\\\/\\\/masterchem.fi\\\/sv\\\/\"},{\"@type\":\"ListItem\",\"position\":2,\"name\":\"Butik\",\"item\":\"https:\\\/\\\/masterchem.fi\\\/sv\\\/butik\\\/\"},{\"@type\":\"ListItem\",\"position\":3,\"name\":\"Etylenglykol (CAS 107-21-1)\"}]},{\"@type\":\"WebSite\",\"@id\":\"https:\\\/\\\/masterchem.fi\\\/sv\\\/#website\",\"url\":\"https:\\\/\\\/masterchem.fi\\\/sv\\\/\",\"name\":\"MasterChem | kemikaalien tuotanto ja myynti\",\"description\":\"kemikaalien tuotanto ja myynti\",\"potentialAction\":[{\"@type\":\"SearchAction\",\"target\":{\"@type\":\"EntryPoint\",\"urlTemplate\":\"https:\\\/\\\/masterchem.fi\\\/sv\\\/?s={search_term_string}\"},\"query-input\":{\"@type\":\"PropertyValueSpecification\",\"valueRequired\":true,\"valueName\":\"search_term_string\"}}],\"inLanguage\":\"sv-SE\"}]}<\/script>\n<!-- \/ Yoast SEO plugin. -->","yoast_head_json":{"title":"Etylenglykol (CAS 107-21-1) - MasterChem | kemikaalien tuotanto ja myynti","description":"Etylenglykol \u00e4r en tv\u00e5v\u00e4rd alkohol eller diol eftersom den inneh\u00e5ller tv\u00e5 hydroxylgrupper (-OH). I sin rena form \u00e4r det en f\u00e4rgl\u00f6s, luktfri, n\u00e5got sirapsaktig s\u00f6t v\u00e4tska.","robots":{"index":"index","follow":"follow","max-snippet":"max-snippet:-1","max-image-preview":"max-image-preview:large","max-video-preview":"max-video-preview:-1"},"canonical":"https:\/\/masterchem.fi\/sv\/produkt\/etylenglykol-cas-107-21-1\/","og_locale":"sv_SE","og_type":"article","og_title":"Etylenglykol (CAS 107-21-1) - MasterChem | kemikaalien tuotanto ja myynti","og_description":"Etylenglykol \u00e4r en tv\u00e5v\u00e4rd alkohol eller diol eftersom den inneh\u00e5ller tv\u00e5 hydroxylgrupper (-OH). I sin rena form \u00e4r det en f\u00e4rgl\u00f6s, luktfri, n\u00e5got sirapsaktig s\u00f6t v\u00e4tska.","og_url":"https:\/\/masterchem.fi\/sv\/produkt\/etylenglykol-cas-107-21-1\/","og_site_name":"MasterChem | kemikaalien tuotanto ja myynti","article_modified_time":"2022-04-19T12:05:33+00:00","twitter_card":"summary_large_image","schema":{"@context":"https:\/\/schema.org","@graph":[{"@type":"WebPage","@id":"https:\/\/masterchem.fi\/sv\/produkt\/etylenglykol-cas-107-21-1\/","url":"https:\/\/masterchem.fi\/sv\/produkt\/etylenglykol-cas-107-21-1\/","name":"Etylenglykol (CAS 107-21-1) - MasterChem | kemikaalien tuotanto ja myynti","isPartOf":{"@id":"https:\/\/masterchem.fi\/sv\/#website"},"primaryImageOfPage":{"@id":"https:\/\/masterchem.fi\/sv\/produkt\/etylenglykol-cas-107-21-1\/#primaryimage"},"image":{"@id":"https:\/\/masterchem.fi\/sv\/produkt\/etylenglykol-cas-107-21-1\/#primaryimage"},"thumbnailUrl":"https:\/\/masterchem.fi\/wp-content\/uploads\/2019\/06\/Etyleeniglykoli-1000l-MasterChem.jpg","datePublished":"2019-06-01T02:38:13+00:00","dateModified":"2022-04-19T12:05:33+00:00","description":"Etylenglykol \u00e4r en tv\u00e5v\u00e4rd alkohol eller diol eftersom den inneh\u00e5ller tv\u00e5 hydroxylgrupper (-OH). I sin rena form \u00e4r det en f\u00e4rgl\u00f6s, luktfri, n\u00e5got sirapsaktig s\u00f6t v\u00e4tska.","breadcrumb":{"@id":"https:\/\/masterchem.fi\/sv\/produkt\/etylenglykol-cas-107-21-1\/#breadcrumb"},"inLanguage":"sv-SE","potentialAction":[{"@type":"ReadAction","target":["https:\/\/masterchem.fi\/sv\/produkt\/etylenglykol-cas-107-21-1\/"]}]},{"@type":"ImageObject","inLanguage":"sv-SE","@id":"https:\/\/masterchem.fi\/sv\/produkt\/etylenglykol-cas-107-21-1\/#primaryimage","url":"https:\/\/masterchem.fi\/wp-content\/uploads\/2019\/06\/Etyleeniglykoli-1000l-MasterChem.jpg","contentUrl":"https:\/\/masterchem.fi\/wp-content\/uploads\/2019\/06\/Etyleeniglykoli-1000l-MasterChem.jpg","width":1000,"height":1000,"caption":"Etyleeniglykoli 1000l MaterChem"},{"@type":"BreadcrumbList","@id":"https:\/\/masterchem.fi\/sv\/produkt\/etylenglykol-cas-107-21-1\/#breadcrumb","itemListElement":[{"@type":"ListItem","position":1,"name":"Home","item":"https:\/\/masterchem.fi\/sv\/"},{"@type":"ListItem","position":2,"name":"Butik","item":"https:\/\/masterchem.fi\/sv\/butik\/"},{"@type":"ListItem","position":3,"name":"Etylenglykol (CAS 107-21-1)"}]},{"@type":"WebSite","@id":"https:\/\/masterchem.fi\/sv\/#website","url":"https:\/\/masterchem.fi\/sv\/","name":"MasterChem | kemikaalien tuotanto ja myynti","description":"kemikaalien tuotanto ja myynti","potentialAction":[{"@type":"SearchAction","target":{"@type":"EntryPoint","urlTemplate":"https:\/\/masterchem.fi\/sv\/?s={search_term_string}"},"query-input":{"@type":"PropertyValueSpecification","valueRequired":true,"valueName":"search_term_string"}}],"inLanguage":"sv-SE"}]}},"_links":{"self":[{"href":"https:\/\/masterchem.fi\/sv\/wp-json\/wp\/v2\/product\/7370","targetHints":{"allow":["GET"]}}],"collection":[{"href":"https:\/\/masterchem.fi\/sv\/wp-json\/wp\/v2\/product"}],"about":[{"href":"https:\/\/masterchem.fi\/sv\/wp-json\/wp\/v2\/types\/product"}],"wp:featuredmedia":[{"embeddable":true,"href":"https:\/\/masterchem.fi\/sv\/wp-json\/wp\/v2\/media\/6114"}],"wp:attachment":[{"href":"https:\/\/masterchem.fi\/sv\/wp-json\/wp\/v2\/media?parent=7370"}],"wp:term":[{"taxonomy":"product_brand","embeddable":true,"href":"https:\/\/masterchem.fi\/sv\/wp-json\/wp\/v2\/product_brand?post=7370"},{"taxonomy":"product_cat","embeddable":true,"href":"https:\/\/masterchem.fi\/sv\/wp-json\/wp\/v2\/product_cat?post=7370"},{"taxonomy":"product_tag","embeddable":true,"href":"https:\/\/masterchem.fi\/sv\/wp-json\/wp\/v2\/product_tag?post=7370"}],"curies":[{"name":"wp","href":"https:\/\/api.w.org\/{rel}","templated":true}]}}