{"id":7380,"date":"2019-06-01T03:10:26","date_gmt":"2019-06-01T00:10:26","guid":{"rendered":"https:\/\/masterchem.fi\/product\/nitro-tunnare-ns-5001\/"},"modified":"2019-06-01T03:10:26","modified_gmt":"2019-06-01T00:10:26","slug":"nitro-tunnare-ns-5001","status":"publish","type":"product","link":"https:\/\/masterchem.fi\/sv\/produkt\/nitro-tunnare-ns-5001\/","title":{"rendered":"Nitro tunnare NS 5001"},"content":{"rendered":"<p> MasterChem O\u00dc &#8211; \u00e4r det mest k\u00e4nda f\u00f6retaget i de baltiska staterna, som producerar och levererar de b\u00e4sta industriella l\u00f6sningsmedlen (h\u00f6gre klass). V\u00e5ra experter anv\u00e4nder f\u00f6rstklassiga ingredienser, toppmodern utrustning och f\u00f6rpackning f\u00f6r att s\u00e4kerst\u00e4lla l\u00f6sningsmedelskvalitet enligt etablerade standarder. Styrkan hos de l\u00f6sningsmedel som vi tillverkar \u00e4r: r\u00e4tt sammans\u00e4ttning, produktens optimala renhet, l\u00e4ngre h\u00e5llbarhet och den h\u00f6ga tunnningsegenskapen. <\/p>\n<p> Vi kan bereda l\u00f6sningsmedel efter behov, till exempel: <\/p>\n<ul>\n<li> SKAPA <\/li>\n<li> Flampunkt <\/li>\n<li> Densitet <\/li>\n<li> Lukt <\/li>\n<li> Torkningshastighet <\/li>\n<li> och andra. <\/li>\n<\/ul>\n<p> << Beskrivning: <\/ {<\/p>\n<p> Nitrol Solvent NS-5001 &#8211; \u00e4r en blandning av tunga effektorer, acetater, sprit, aromatiska l\u00f6sningsmedel och ketoner. Denna produkt \u00e4r mycket tunnare f\u00f6r alla nitroprodukter. <\/p>\n<p> <strong> Anv\u00e4ndning: <\/strong> <\/p>\n<p> Nitro Solvent NS-5001 \u00e4r avsett att minska lackens viskositet <\/p>\n<p> Anv\u00e4nds f\u00f6r att f\u00f6rb\u00e4ttra konsistensen av f\u00e4rger och lacker. <\/p>\n<p> F\u00f6r att tunna satsen <\/p>\n<p> PU, epo-melamin-formaldehyd f\u00f6r utsp\u00e4dning av f\u00e4rger <\/p>\n<p> F\u00f6r att avl\u00e4gsna fett och smuts fr\u00e5n metallytor <\/p>\n<p> F\u00f6r att ta bort vax och harts fr\u00e5n tr\u00e4delar <\/p>\n<p> F\u00f6r att ta bort gammal f\u00e4rg som: nitro, emalj, nitrolack, oljem\u00e5lning <\/p>\n<p> Anv\u00e4nds i garage f\u00f6r att ta bort fett och smuts f\u00f6re bel\u00e4ggning. <\/p>\n<p> F\u00f6r reng\u00f6ring av sprutpistoler och verktyg efter f\u00e4rger och lacker. <\/p>\n<p> F\u00f6r reng\u00f6ring av industriella f\u00e4rglinjer. <\/p>\n<p> <\u030bF\u00f6rpackning: <\/ \u030b <\/p>\n<p> 500 ml metallflaska <\/p>\n<p> 5 liters plastburk <\/p>\n<p> 10 liters plastburk <\/p>\n<p> 20 liters metallhink UN <\/p>\n<p> 25 L plastburk <\/p>\n<p> 200 L-vy <\/p>\n<p> 500 liters IBC-beh\u00e5llare <\/p>\n<p> 1000 liters IBC-tank <\/p>\n<p> ol\u00f6st <\/p>\n<p> <\u030bSparar: <\/ \u0402 <\/p>\n<p> F\u00f6rvara produkten vid + 5 \u00b0 C till + 35 \u00b0 C och undvik direkt solljus. <br \/>\n<strong> Fysikaliska och kemiska egenskaper: <\/strong> <\/p>\n<p> F\u00e4rg: klar och f\u00e4rgl\u00f6s v\u00e4tska <\/p>\n<p> Densitet vid 20 \u00b0 C: 0,855 g \/ cm3 + -0,05 <\/p>\n","protected":false},"excerpt":{"rendered":"<p>Nitro-tunnare NS-5001 &#8211; \u00e4r en blandning av tunga effektorer, acetater, sprit, aromatiska l\u00f6sningsmedel och ketoner. Denna produkt \u00e4r mycket tunnare f\u00f6r alla nitroprodukter.<\/p>\n","protected":false},"featured_media":6392,"template":"","meta":[],"product_brand":[],"product_cat":[104,105,108,111,113,114,116],"product_tag":[],"class_list":{"0":"post-7380","1":"product","2":"type-product","3":"status-publish","4":"has-post-thumbnail","6":"product_cat-bil-och-maskinkemikalier","7":"product_cat-hushallskemikalier-sv","8":"product_cat-metallkemikalier","9":"product_cat-trabearbetningskemikalier","10":"product_cat-vaggmalning","11":"product_cat-typografiska-kemikalier","12":"product_cat-alla-produkter","14":"first","15":"instock","16":"taxable","17":"shipping-taxable","18":"purchasable","19":"product-type-variable","20":"has-default-attributes","21":"rtwpvg-product"},"yoast_head":"<!-- This site is optimized with the Yoast SEO plugin v27.5 - https:\/\/yoast.com\/product\/yoast-seo-wordpress\/ -->\n<title>Nitro tunnare NS 5001 - MasterChem | kemikaalien tuotanto ja myynti<\/title>\n<meta name=\"description\" content=\"Nitro-tunnare NS-5001 - \u00e4r en blandning av tunga effektorer, acetater, sprit, aromatiska l\u00f6sningsmedel och ketoner. Denna produkt \u00e4r mycket tunnare f\u00f6r alla nitroprodukter.\" \/>\n<meta name=\"robots\" content=\"index, follow, max-snippet:-1, max-image-preview:large, max-video-preview:-1\" \/>\n<link rel=\"canonical\" href=\"https:\/\/masterchem.fi\/sv\/produkt\/nitro-tunnare-ns-5001\/\" \/>\n<meta property=\"og:locale\" content=\"sv_SE\" \/>\n<meta property=\"og:type\" content=\"article\" \/>\n<meta property=\"og:title\" content=\"Nitro tunnare NS 5001 - MasterChem | kemikaalien tuotanto ja myynti\" \/>\n<meta property=\"og:description\" content=\"Nitro-tunnare NS-5001 - \u00e4r en blandning av tunga effektorer, acetater, sprit, aromatiska l\u00f6sningsmedel och ketoner. Denna produkt \u00e4r mycket tunnare f\u00f6r alla nitroprodukter.\" \/>\n<meta property=\"og:url\" content=\"https:\/\/masterchem.fi\/sv\/produkt\/nitro-tunnare-ns-5001\/\" \/>\n<meta property=\"og:site_name\" content=\"MasterChem | kemikaalien tuotanto ja myynti\" \/>\n<meta name=\"twitter:card\" content=\"summary_large_image\" \/>\n<script type=\"application\/ld+json\" class=\"yoast-schema-graph\">{\"@context\":\"https:\\\/\\\/schema.org\",\"@graph\":[{\"@type\":\"WebPage\",\"@id\":\"https:\\\/\\\/masterchem.fi\\\/sv\\\/produkt\\\/nitro-tunnare-ns-5001\\\/\",\"url\":\"https:\\\/\\\/masterchem.fi\\\/sv\\\/produkt\\\/nitro-tunnare-ns-5001\\\/\",\"name\":\"Nitro tunnare NS 5001 - MasterChem | kemikaalien tuotanto ja myynti\",\"isPartOf\":{\"@id\":\"https:\\\/\\\/masterchem.fi\\\/sv\\\/#website\"},\"primaryImageOfPage\":{\"@id\":\"https:\\\/\\\/masterchem.fi\\\/sv\\\/produkt\\\/nitro-tunnare-ns-5001\\\/#primaryimage\"},\"image\":{\"@id\":\"https:\\\/\\\/masterchem.fi\\\/sv\\\/produkt\\\/nitro-tunnare-ns-5001\\\/#primaryimage\"},\"thumbnailUrl\":\"https:\\\/\\\/masterchem.fi\\\/wp-content\\\/uploads\\\/2019\\\/06\\\/Nitro-thinner-NS-5001-1000L.jpg\",\"datePublished\":\"2019-06-01T00:10:26+00:00\",\"description\":\"Nitro-tunnare NS-5001 - \u00e4r en blandning av tunga effektorer, acetater, sprit, aromatiska l\u00f6sningsmedel och ketoner. Denna produkt \u00e4r mycket tunnare f\u00f6r alla nitroprodukter.\",\"breadcrumb\":{\"@id\":\"https:\\\/\\\/masterchem.fi\\\/sv\\\/produkt\\\/nitro-tunnare-ns-5001\\\/#breadcrumb\"},\"inLanguage\":\"sv-SE\",\"potentialAction\":[{\"@type\":\"ReadAction\",\"target\":[\"https:\\\/\\\/masterchem.fi\\\/sv\\\/produkt\\\/nitro-tunnare-ns-5001\\\/\"]}]},{\"@type\":\"ImageObject\",\"inLanguage\":\"sv-SE\",\"@id\":\"https:\\\/\\\/masterchem.fi\\\/sv\\\/produkt\\\/nitro-tunnare-ns-5001\\\/#primaryimage\",\"url\":\"https:\\\/\\\/masterchem.fi\\\/wp-content\\\/uploads\\\/2019\\\/06\\\/Nitro-thinner-NS-5001-1000L.jpg\",\"contentUrl\":\"https:\\\/\\\/masterchem.fi\\\/wp-content\\\/uploads\\\/2019\\\/06\\\/Nitro-thinner-NS-5001-1000L.jpg\",\"width\":700,\"height\":700,\"caption\":\"Nitro-ohenne NS 5001 1000L\"},{\"@type\":\"BreadcrumbList\",\"@id\":\"https:\\\/\\\/masterchem.fi\\\/sv\\\/produkt\\\/nitro-tunnare-ns-5001\\\/#breadcrumb\",\"itemListElement\":[{\"@type\":\"ListItem\",\"position\":1,\"name\":\"Home\",\"item\":\"https:\\\/\\\/masterchem.fi\\\/sv\\\/\"},{\"@type\":\"ListItem\",\"position\":2,\"name\":\"Butik\",\"item\":\"https:\\\/\\\/masterchem.fi\\\/sv\\\/butik\\\/\"},{\"@type\":\"ListItem\",\"position\":3,\"name\":\"Nitro tunnare NS 5001\"}]},{\"@type\":\"WebSite\",\"@id\":\"https:\\\/\\\/masterchem.fi\\\/sv\\\/#website\",\"url\":\"https:\\\/\\\/masterchem.fi\\\/sv\\\/\",\"name\":\"MasterChem | kemikaalien tuotanto ja myynti\",\"description\":\"kemikaalien tuotanto ja myynti\",\"potentialAction\":[{\"@type\":\"SearchAction\",\"target\":{\"@type\":\"EntryPoint\",\"urlTemplate\":\"https:\\\/\\\/masterchem.fi\\\/sv\\\/?s={search_term_string}\"},\"query-input\":{\"@type\":\"PropertyValueSpecification\",\"valueRequired\":true,\"valueName\":\"search_term_string\"}}],\"inLanguage\":\"sv-SE\"}]}<\/script>\n<!-- \/ Yoast SEO plugin. -->","yoast_head_json":{"title":"Nitro tunnare NS 5001 - MasterChem | kemikaalien tuotanto ja myynti","description":"Nitro-tunnare NS-5001 - \u00e4r en blandning av tunga effektorer, acetater, sprit, aromatiska l\u00f6sningsmedel och ketoner. Denna produkt \u00e4r mycket tunnare f\u00f6r alla nitroprodukter.","robots":{"index":"index","follow":"follow","max-snippet":"max-snippet:-1","max-image-preview":"max-image-preview:large","max-video-preview":"max-video-preview:-1"},"canonical":"https:\/\/masterchem.fi\/sv\/produkt\/nitro-tunnare-ns-5001\/","og_locale":"sv_SE","og_type":"article","og_title":"Nitro tunnare NS 5001 - MasterChem | kemikaalien tuotanto ja myynti","og_description":"Nitro-tunnare NS-5001 - \u00e4r en blandning av tunga effektorer, acetater, sprit, aromatiska l\u00f6sningsmedel och ketoner. Denna produkt \u00e4r mycket tunnare f\u00f6r alla nitroprodukter.","og_url":"https:\/\/masterchem.fi\/sv\/produkt\/nitro-tunnare-ns-5001\/","og_site_name":"MasterChem | kemikaalien tuotanto ja myynti","twitter_card":"summary_large_image","schema":{"@context":"https:\/\/schema.org","@graph":[{"@type":"WebPage","@id":"https:\/\/masterchem.fi\/sv\/produkt\/nitro-tunnare-ns-5001\/","url":"https:\/\/masterchem.fi\/sv\/produkt\/nitro-tunnare-ns-5001\/","name":"Nitro tunnare NS 5001 - MasterChem | kemikaalien tuotanto ja myynti","isPartOf":{"@id":"https:\/\/masterchem.fi\/sv\/#website"},"primaryImageOfPage":{"@id":"https:\/\/masterchem.fi\/sv\/produkt\/nitro-tunnare-ns-5001\/#primaryimage"},"image":{"@id":"https:\/\/masterchem.fi\/sv\/produkt\/nitro-tunnare-ns-5001\/#primaryimage"},"thumbnailUrl":"https:\/\/masterchem.fi\/wp-content\/uploads\/2019\/06\/Nitro-thinner-NS-5001-1000L.jpg","datePublished":"2019-06-01T00:10:26+00:00","description":"Nitro-tunnare NS-5001 - \u00e4r en blandning av tunga effektorer, acetater, sprit, aromatiska l\u00f6sningsmedel och ketoner. Denna produkt \u00e4r mycket tunnare f\u00f6r alla nitroprodukter.","breadcrumb":{"@id":"https:\/\/masterchem.fi\/sv\/produkt\/nitro-tunnare-ns-5001\/#breadcrumb"},"inLanguage":"sv-SE","potentialAction":[{"@type":"ReadAction","target":["https:\/\/masterchem.fi\/sv\/produkt\/nitro-tunnare-ns-5001\/"]}]},{"@type":"ImageObject","inLanguage":"sv-SE","@id":"https:\/\/masterchem.fi\/sv\/produkt\/nitro-tunnare-ns-5001\/#primaryimage","url":"https:\/\/masterchem.fi\/wp-content\/uploads\/2019\/06\/Nitro-thinner-NS-5001-1000L.jpg","contentUrl":"https:\/\/masterchem.fi\/wp-content\/uploads\/2019\/06\/Nitro-thinner-NS-5001-1000L.jpg","width":700,"height":700,"caption":"Nitro-ohenne NS 5001 1000L"},{"@type":"BreadcrumbList","@id":"https:\/\/masterchem.fi\/sv\/produkt\/nitro-tunnare-ns-5001\/#breadcrumb","itemListElement":[{"@type":"ListItem","position":1,"name":"Home","item":"https:\/\/masterchem.fi\/sv\/"},{"@type":"ListItem","position":2,"name":"Butik","item":"https:\/\/masterchem.fi\/sv\/butik\/"},{"@type":"ListItem","position":3,"name":"Nitro tunnare NS 5001"}]},{"@type":"WebSite","@id":"https:\/\/masterchem.fi\/sv\/#website","url":"https:\/\/masterchem.fi\/sv\/","name":"MasterChem | kemikaalien tuotanto ja myynti","description":"kemikaalien tuotanto ja myynti","potentialAction":[{"@type":"SearchAction","target":{"@type":"EntryPoint","urlTemplate":"https:\/\/masterchem.fi\/sv\/?s={search_term_string}"},"query-input":{"@type":"PropertyValueSpecification","valueRequired":true,"valueName":"search_term_string"}}],"inLanguage":"sv-SE"}]}},"_links":{"self":[{"href":"https:\/\/masterchem.fi\/sv\/wp-json\/wp\/v2\/product\/7380","targetHints":{"allow":["GET"]}}],"collection":[{"href":"https:\/\/masterchem.fi\/sv\/wp-json\/wp\/v2\/product"}],"about":[{"href":"https:\/\/masterchem.fi\/sv\/wp-json\/wp\/v2\/types\/product"}],"wp:featuredmedia":[{"embeddable":true,"href":"https:\/\/masterchem.fi\/sv\/wp-json\/wp\/v2\/media\/6392"}],"wp:attachment":[{"href":"https:\/\/masterchem.fi\/sv\/wp-json\/wp\/v2\/media?parent=7380"}],"wp:term":[{"taxonomy":"product_brand","embeddable":true,"href":"https:\/\/masterchem.fi\/sv\/wp-json\/wp\/v2\/product_brand?post=7380"},{"taxonomy":"product_cat","embeddable":true,"href":"https:\/\/masterchem.fi\/sv\/wp-json\/wp\/v2\/product_cat?post=7380"},{"taxonomy":"product_tag","embeddable":true,"href":"https:\/\/masterchem.fi\/sv\/wp-json\/wp\/v2\/product_tag?post=7380"}],"curies":[{"name":"wp","href":"https:\/\/api.w.org\/{rel}","templated":true}]}}