{"id":7389,"date":"2019-06-01T03:14:41","date_gmt":"2019-06-01T00:14:41","guid":{"rendered":"https:\/\/masterchem.fi\/product\/etanol\/"},"modified":"2022-04-26T09:12:23","modified_gmt":"2022-04-26T06:12:23","slug":"etylalkohol-cas-64-17-5","status":"publish","type":"product","link":"https:\/\/masterchem.fi\/sv\/produkt\/etylalkohol-cas-64-17-5\/","title":{"rendered":"Etylalkohol (CAS 64-17-5)"},"content":{"rendered":"<p>Etanol (etylalkohol, metylkarbinol, vinylalkohol eller alkanol, ofta i allm\u00e4nhet helt enkelt &#8220;alkohol&#8221;) \u00e4r en monohydroxialkohol med formeln C2H5OH (empirisk formel C2H6O), den rationella formeln \u00e4r CH3-CH2-OH, f\u00f6rkortningen f\u00f6r en och samma etanol \u00e4r en annan flyktig, brandfarlig, f\u00e4rgl\u00f6s transparent v\u00e4tska. Vi erbjuder endast denaturerad alkohol. <\/p>\n<p> CAS-nummer 64-17-5 <\/p>\n<p> EG-nummer 200-578-6 <\/p>\n","protected":false},"excerpt":{"rendered":"<p> Till\u00e4mpning och anv\u00e4ndning: <\/p>\n<p> Etylalkohol anv\u00e4nds: <\/p>\n<p> &#8211; Apotek som externt antiseptiskt medel f\u00f6r desinfektion av h\u00e4nder och kirurgiska instrument <\/p>\n<p> &#8211; Parfymer som anv\u00e4nds vid tillverkning av kosmetika, som huvudsakligen \u00e4r aerosoler, parfymer, cologner och \u00e4ven en del av kosmetika, s\u00e5som schampo, duschgel, tandkr\u00e4m<\/p>\n<p> &#8211; I garage anv\u00e4nds denna v\u00e4tska f\u00f6r att avfetta metallytan, m\u00e5la kroppen, reng\u00f6ra aggregat (etylalkohol EA8099) <\/p>\n<p> &#8211; F\u00f6r hush\u00e5llsbruk inkluderar reng\u00f6ring av ytan f\u00f6r fett och oljor uppv\u00e4rmning, matlagning, tv\u00e4ttmedel och handdiskmedel (t.ex. EA8099 etylalkohol). <\/p>\n<p> &#8211; c, frostskydd i v\u00e4rmesystem f\u00f6r markslingor, vi har presenterat produkter med olika frysningstemperaturer och olika f\u00f6rpackningar <\/p>\n<p> &#8211; Den kemiska industrin \u00e4r ett l\u00f6sningsmedel, den anv\u00e4nds som r\u00e5vara f\u00f6r produktion av vissa kemikalier, som en komponent i tillverkningen av vindrutespolare (vi har produkter med olika frysningstemperaturer och olika f\u00f6rpackningar). <\/p>\n<p> &#8211; i tryckeriet som l\u00f6sningsmedel f\u00f6r tv\u00e4ttmaskiner. Vi erbjuder b\u00e5de ren produkt (etylalkohol EA8099) och en blandning av 90% etanol och 10% etylacetat som l\u00f6sningsmedelsprodukt EE-9010. <\/p>\n<p> &#8211; anv\u00e4nds i f\u00e4rg- och lackindustrin f\u00f6r produktion av fl\u00e4ckar, f\u00e4rg\u00e4mnen, <\/p>\n<p> Sk\u00f6ljmedelsl\u00f6sningsmedel. <\/p>\n<p> &#8211; f\u00f6r avfettning av ytor inom glasindustrin <\/p>\n<p> &#8211; I l\u00e4derindustrin \u00e4r detta en integrerad del av garvning av l\u00e4der <\/p>\n<p> &#8211; inom elektronik: som ett material som beh\u00f6vs vid tillverkning av mikrokretsar f\u00f6r underh\u00e5ll av utrustning (till exempel f\u00f6r reng\u00f6ring av dem). <\/p>\n","protected":false},"featured_media":6461,"template":"","meta":[],"product_brand":[],"product_cat":[114,116,103,104,105,106,111,112,113],"product_tag":[],"class_list":{"0":"post-7389","1":"product","2":"type-product","3":"status-publish","4":"has-post-thumbnail","6":"product_cat-typografiska-kemikalier","7":"product_cat-alla-produkter","8":"product_cat-frostskydd","9":"product_cat-bil-och-maskinkemikalier","10":"product_cat-hushallskemikalier-sv","11":"product_cat-lakemedelsindustri","12":"product_cat-trabearbetningskemikalier","13":"product_cat-byggbranschen","14":"product_cat-vaggmalning","16":"first","17":"instock","18":"taxable","19":"shipping-taxable","20":"purchasable","21":"product-type-variable","22":"has-default-attributes","23":"rtwpvg-product"},"yoast_head":"<!-- This site is optimized with the Yoast SEO plugin v27.2 - https:\/\/yoast.com\/product\/yoast-seo-wordpress\/ -->\n<title>Etylalkohol (CAS 64-17-5) - MasterChem | kemikaalien tuotanto ja myynti<\/title>\n<meta name=\"description\" content=\"Etanol (etylalkohol, metylkarbinol, vinylalkohol eller alkanol, ofta i allm\u00e4nhet helt enkelt &quot;alkohol&quot;) \u00e4r en monohydroxialkohol med formeln C2H5OH (empirisk formel C2H6O), den rationella formeln \u00e4r CH3-CH2-OH, f\u00f6rkortningen f\u00f6r en och samma etanol \u00e4r en annan standard , en f\u00e4rgl\u00f6s transparent v\u00e4tska. Vi erbjuder endast denaturerad alkohol.\" \/>\n<meta name=\"robots\" content=\"index, follow, max-snippet:-1, max-image-preview:large, max-video-preview:-1\" \/>\n<link rel=\"canonical\" href=\"https:\/\/masterchem.fi\/sv\/produkt\/etylalkohol-cas-64-17-5\/\" \/>\n<meta property=\"og:locale\" content=\"sv_SE\" \/>\n<meta property=\"og:type\" content=\"article\" \/>\n<meta property=\"og:title\" content=\"Etylalkohol (CAS 64-17-5) - MasterChem | kemikaalien tuotanto ja myynti\" \/>\n<meta property=\"og:description\" content=\"Etanol (etylalkohol, metylkarbinol, vinylalkohol eller alkanol, ofta i allm\u00e4nhet helt enkelt &quot;alkohol&quot;) \u00e4r en monohydroxialkohol med formeln C2H5OH (empirisk formel C2H6O), den rationella formeln \u00e4r CH3-CH2-OH, f\u00f6rkortningen f\u00f6r en och samma etanol \u00e4r en annan standard , en f\u00e4rgl\u00f6s transparent v\u00e4tska. Vi erbjuder endast denaturerad alkohol.\" \/>\n<meta property=\"og:url\" content=\"https:\/\/masterchem.fi\/sv\/produkt\/etylalkohol-cas-64-17-5\/\" \/>\n<meta property=\"og:site_name\" content=\"MasterChem | kemikaalien tuotanto ja myynti\" \/>\n<meta property=\"article:modified_time\" content=\"2022-04-26T06:12:23+00:00\" \/>\n<meta name=\"twitter:card\" content=\"summary_large_image\" \/>\n<script type=\"application\/ld+json\" class=\"yoast-schema-graph\">{\"@context\":\"https:\/\/schema.org\",\"@graph\":[{\"@type\":\"WebPage\",\"@id\":\"https:\/\/masterchem.fi\/sv\/produkt\/etylalkohol-cas-64-17-5\/\",\"url\":\"https:\/\/masterchem.fi\/sv\/produkt\/etylalkohol-cas-64-17-5\/\",\"name\":\"Etylalkohol (CAS 64-17-5) - MasterChem | kemikaalien tuotanto ja myynti\",\"isPartOf\":{\"@id\":\"https:\/\/masterchem.fi\/sv\/#website\"},\"primaryImageOfPage\":{\"@id\":\"https:\/\/masterchem.fi\/sv\/produkt\/etylalkohol-cas-64-17-5\/#primaryimage\"},\"image\":{\"@id\":\"https:\/\/masterchem.fi\/sv\/produkt\/etylalkohol-cas-64-17-5\/#primaryimage\"},\"thumbnailUrl\":\"https:\/\/masterchem.fi\/wp-content\/uploads\/2019\/06\/Ethyl_alcohol_1000l_MaterChem.jpg\",\"datePublished\":\"2019-06-01T00:14:41+00:00\",\"dateModified\":\"2022-04-26T06:12:23+00:00\",\"description\":\"Etanol (etylalkohol, metylkarbinol, vinylalkohol eller alkanol, ofta i allm\u00e4nhet helt enkelt \\\"alkohol\\\") \u00e4r en monohydroxialkohol med formeln C2H5OH (empirisk formel C2H6O), den rationella formeln \u00e4r CH3-CH2-OH, f\u00f6rkortningen f\u00f6r en och samma etanol \u00e4r en annan standard , en f\u00e4rgl\u00f6s transparent v\u00e4tska. Vi erbjuder endast denaturerad alkohol.\",\"breadcrumb\":{\"@id\":\"https:\/\/masterchem.fi\/sv\/produkt\/etylalkohol-cas-64-17-5\/#breadcrumb\"},\"inLanguage\":\"sv-SE\",\"potentialAction\":[{\"@type\":\"ReadAction\",\"target\":[\"https:\/\/masterchem.fi\/sv\/produkt\/etylalkohol-cas-64-17-5\/\"]}]},{\"@type\":\"ImageObject\",\"inLanguage\":\"sv-SE\",\"@id\":\"https:\/\/masterchem.fi\/sv\/produkt\/etylalkohol-cas-64-17-5\/#primaryimage\",\"url\":\"https:\/\/masterchem.fi\/wp-content\/uploads\/2019\/06\/Ethyl_alcohol_1000l_MaterChem.jpg\",\"contentUrl\":\"https:\/\/masterchem.fi\/wp-content\/uploads\/2019\/06\/Ethyl_alcohol_1000l_MaterChem.jpg\",\"width\":1000,\"height\":1000,\"caption\":\"Ethyl alcohol 1000l MaterChem\"},{\"@type\":\"BreadcrumbList\",\"@id\":\"https:\/\/masterchem.fi\/sv\/produkt\/etylalkohol-cas-64-17-5\/#breadcrumb\",\"itemListElement\":[{\"@type\":\"ListItem\",\"position\":1,\"name\":\"Home\",\"item\":\"https:\/\/masterchem.fi\/sv\/\"},{\"@type\":\"ListItem\",\"position\":2,\"name\":\"Butik\",\"item\":\"https:\/\/masterchem.fi\/sv\/butik\/\"},{\"@type\":\"ListItem\",\"position\":3,\"name\":\"Etylalkohol (CAS 64-17-5)\"}]},{\"@type\":\"WebSite\",\"@id\":\"https:\/\/masterchem.fi\/sv\/#website\",\"url\":\"https:\/\/masterchem.fi\/sv\/\",\"name\":\"MasterChem | kemikaalien tuotanto ja myynti\",\"description\":\"kemikaalien tuotanto ja myynti\",\"potentialAction\":[{\"@type\":\"SearchAction\",\"target\":{\"@type\":\"EntryPoint\",\"urlTemplate\":\"https:\/\/masterchem.fi\/sv\/?s={search_term_string}\"},\"query-input\":{\"@type\":\"PropertyValueSpecification\",\"valueRequired\":true,\"valueName\":\"search_term_string\"}}],\"inLanguage\":\"sv-SE\"}]}<\/script>\n<!-- \/ Yoast SEO plugin. -->","yoast_head_json":{"title":"Etylalkohol (CAS 64-17-5) - MasterChem | kemikaalien tuotanto ja myynti","description":"Etanol (etylalkohol, metylkarbinol, vinylalkohol eller alkanol, ofta i allm\u00e4nhet helt enkelt \"alkohol\") \u00e4r en monohydroxialkohol med formeln C2H5OH (empirisk formel C2H6O), den rationella formeln \u00e4r CH3-CH2-OH, f\u00f6rkortningen f\u00f6r en och samma etanol \u00e4r en annan standard , en f\u00e4rgl\u00f6s transparent v\u00e4tska. Vi erbjuder endast denaturerad alkohol.","robots":{"index":"index","follow":"follow","max-snippet":"max-snippet:-1","max-image-preview":"max-image-preview:large","max-video-preview":"max-video-preview:-1"},"canonical":"https:\/\/masterchem.fi\/sv\/produkt\/etylalkohol-cas-64-17-5\/","og_locale":"sv_SE","og_type":"article","og_title":"Etylalkohol (CAS 64-17-5) - MasterChem | kemikaalien tuotanto ja myynti","og_description":"Etanol (etylalkohol, metylkarbinol, vinylalkohol eller alkanol, ofta i allm\u00e4nhet helt enkelt \"alkohol\") \u00e4r en monohydroxialkohol med formeln C2H5OH (empirisk formel C2H6O), den rationella formeln \u00e4r CH3-CH2-OH, f\u00f6rkortningen f\u00f6r en och samma etanol \u00e4r en annan standard , en f\u00e4rgl\u00f6s transparent v\u00e4tska. Vi erbjuder endast denaturerad alkohol.","og_url":"https:\/\/masterchem.fi\/sv\/produkt\/etylalkohol-cas-64-17-5\/","og_site_name":"MasterChem | kemikaalien tuotanto ja myynti","article_modified_time":"2022-04-26T06:12:23+00:00","twitter_card":"summary_large_image","schema":{"@context":"https:\/\/schema.org","@graph":[{"@type":"WebPage","@id":"https:\/\/masterchem.fi\/sv\/produkt\/etylalkohol-cas-64-17-5\/","url":"https:\/\/masterchem.fi\/sv\/produkt\/etylalkohol-cas-64-17-5\/","name":"Etylalkohol (CAS 64-17-5) - MasterChem | kemikaalien tuotanto ja myynti","isPartOf":{"@id":"https:\/\/masterchem.fi\/sv\/#website"},"primaryImageOfPage":{"@id":"https:\/\/masterchem.fi\/sv\/produkt\/etylalkohol-cas-64-17-5\/#primaryimage"},"image":{"@id":"https:\/\/masterchem.fi\/sv\/produkt\/etylalkohol-cas-64-17-5\/#primaryimage"},"thumbnailUrl":"https:\/\/masterchem.fi\/wp-content\/uploads\/2019\/06\/Ethyl_alcohol_1000l_MaterChem.jpg","datePublished":"2019-06-01T00:14:41+00:00","dateModified":"2022-04-26T06:12:23+00:00","description":"Etanol (etylalkohol, metylkarbinol, vinylalkohol eller alkanol, ofta i allm\u00e4nhet helt enkelt \"alkohol\") \u00e4r en monohydroxialkohol med formeln C2H5OH (empirisk formel C2H6O), den rationella formeln \u00e4r CH3-CH2-OH, f\u00f6rkortningen f\u00f6r en och samma etanol \u00e4r en annan standard , en f\u00e4rgl\u00f6s transparent v\u00e4tska. Vi erbjuder endast denaturerad alkohol.","breadcrumb":{"@id":"https:\/\/masterchem.fi\/sv\/produkt\/etylalkohol-cas-64-17-5\/#breadcrumb"},"inLanguage":"sv-SE","potentialAction":[{"@type":"ReadAction","target":["https:\/\/masterchem.fi\/sv\/produkt\/etylalkohol-cas-64-17-5\/"]}]},{"@type":"ImageObject","inLanguage":"sv-SE","@id":"https:\/\/masterchem.fi\/sv\/produkt\/etylalkohol-cas-64-17-5\/#primaryimage","url":"https:\/\/masterchem.fi\/wp-content\/uploads\/2019\/06\/Ethyl_alcohol_1000l_MaterChem.jpg","contentUrl":"https:\/\/masterchem.fi\/wp-content\/uploads\/2019\/06\/Ethyl_alcohol_1000l_MaterChem.jpg","width":1000,"height":1000,"caption":"Ethyl alcohol 1000l MaterChem"},{"@type":"BreadcrumbList","@id":"https:\/\/masterchem.fi\/sv\/produkt\/etylalkohol-cas-64-17-5\/#breadcrumb","itemListElement":[{"@type":"ListItem","position":1,"name":"Home","item":"https:\/\/masterchem.fi\/sv\/"},{"@type":"ListItem","position":2,"name":"Butik","item":"https:\/\/masterchem.fi\/sv\/butik\/"},{"@type":"ListItem","position":3,"name":"Etylalkohol (CAS 64-17-5)"}]},{"@type":"WebSite","@id":"https:\/\/masterchem.fi\/sv\/#website","url":"https:\/\/masterchem.fi\/sv\/","name":"MasterChem | kemikaalien tuotanto ja myynti","description":"kemikaalien tuotanto ja myynti","potentialAction":[{"@type":"SearchAction","target":{"@type":"EntryPoint","urlTemplate":"https:\/\/masterchem.fi\/sv\/?s={search_term_string}"},"query-input":{"@type":"PropertyValueSpecification","valueRequired":true,"valueName":"search_term_string"}}],"inLanguage":"sv-SE"}]}},"_links":{"self":[{"href":"https:\/\/masterchem.fi\/sv\/wp-json\/wp\/v2\/product\/7389","targetHints":{"allow":["GET"]}}],"collection":[{"href":"https:\/\/masterchem.fi\/sv\/wp-json\/wp\/v2\/product"}],"about":[{"href":"https:\/\/masterchem.fi\/sv\/wp-json\/wp\/v2\/types\/product"}],"wp:featuredmedia":[{"embeddable":true,"href":"https:\/\/masterchem.fi\/sv\/wp-json\/wp\/v2\/media\/6461"}],"wp:attachment":[{"href":"https:\/\/masterchem.fi\/sv\/wp-json\/wp\/v2\/media?parent=7389"}],"wp:term":[{"taxonomy":"product_brand","embeddable":true,"href":"https:\/\/masterchem.fi\/sv\/wp-json\/wp\/v2\/product_brand?post=7389"},{"taxonomy":"product_cat","embeddable":true,"href":"https:\/\/masterchem.fi\/sv\/wp-json\/wp\/v2\/product_cat?post=7389"},{"taxonomy":"product_tag","embeddable":true,"href":"https:\/\/masterchem.fi\/sv\/wp-json\/wp\/v2\/product_tag?post=7389"}],"curies":[{"name":"wp","href":"https:\/\/api.w.org\/{rel}","templated":true}]}}